{"id":14322,"date":"2024-09-13T09:29:34","date_gmt":"2024-09-13T09:29:34","guid":{"rendered":"https:\/\/www.elementvape.de\/?post_type=product&#038;p=14322"},"modified":"2024-10-31T03:07:55","modified_gmt":"2024-10-31T03:07:55","slug":"zwei-aussergewoehnliche-geschmaecker-in-einem-bang-king-color-30000-puffs-e-zigarette-mit-blueberry-raspberry-mixed-mouldy-fruit","status":"publish","type":"product","link":"https:\/\/www.elementvape.de\/fi\/produkt\/zwei-aussergewoehnliche-geschmaecker-in-einem-bang-king-color-30000-puffs-e-zigarette-mit-blueberry-raspberry-mixed-mouldy-fruit\/","title":{"rendered":"Kaksi poikkeuksellista makua yhdess\u00e4 Bang KING Color 30000 savua E-s\u00e4hk\u00f6tupakassa, jossa on Blueberry Raspberry Mixed Mouldy Fruit"},"content":{"rendered":"<p>Bang KING Color 30000 Puffs Dual Flavor kertak\u00e4ytt\u00f6inen s\u00e4hk\u00f6tupakka tarjoaa poikkeuksellisen yhdistelm\u00e4n edistynytt\u00e4 teknologiaa, erinomaista suorituskyky\u00e4 ja ainutlaatuisia makuja. Vaikuttavalla 30000 vedon kapasiteetilla ja kahdella kiehtovalla maulla \u2013 Blueberry Raspberry Mixed ja Mouldy Fruit \u2013 se nostaa h\u00f6yrystyskokemuksen uudelle tasolle.<\/p>\n<h3>Kaksi erottumatonta makua<\/h3>\n<p>T\u00e4m\u00e4n s\u00e4hk\u00f6tupakan todellinen t\u00e4hti on mahdollisuus valita kahden vertaansa vailla olevan maun v\u00e4lill\u00e4:<\/p>\n<ul>\n<li>Blueberry Raspberry Mixed: hedelm\u00e4inen duo makeista mustikoista ja raikkaista vadelmista. T\u00e4ysin tasapainotettu sekoitus tarjoaa raikkaan ja intensiivisen maun, joka on ihanteellinen sek\u00e4 marjojen yst\u00e4ville ett\u00e4 kokeilunhaluisille h\u00f6yrystelij\u00f6ille.<\/li>\n<li>Mouldy Fruit: Yll\u00e4tt\u00e4v\u00e4 ja ainutlaatuinen maku, joka on rohkea ja inspiroiva. T\u00e4m\u00e4 maku tarjoaa erottuvan, hieman<\/li>\n<\/ul>\n<h3>Korkein suorituskyky ja teknologia<\/h3>\n<p>30000 vedolla Bang KING Color on yksi kest\u00e4vimmist\u00e4 <strong><a href=\"https:\/\/www.elementvape.de\/fi\/c\/einweg-zigarette\/\" target=\"_blank\" rel=\"noopener\">kertak\u00e4ytt\u00f6isist\u00e4 E-savukkeista<\/a><\/strong> markkinoilla. Se on t\u00e4ydellinen h\u00f6yrystelij\u00f6ille, jotka liikkuvat paljon ja etsiv\u00e4t luotettavaa, pitk\u00e4kestoista ratkaisua.<\/p>\n<h4>Tekniset ominaisuudet:<\/h4>\n<ul>\n<li>Mesh-kela: 1.0 Ohm intensiiviseen makuun ja tiiviisiin h\u00f6yrypilviin<\/li>\n<li>E-liuoksen kapasiteetti: 36 ml kuukausien nautintoon<\/li>\n<li>N-Gehalt: 2% tai 5% yksil\u00f6lliseen s\u00e4\u00e4t\u00f6\u00f6n<\/li>\n<li>Uudelleenladattava 550 mAh akku Typ-C-liit\u00e4nn\u00e4ll\u00e4<\/li>\n<li>LED-digitaali n\u00e4ytt\u00f6 akun tilan ja makuvaihtoehdon seuraamiseen<\/li>\n<\/ul>\n<h3>T\u00e4ydellinen yhdistelm\u00e4 suorituskyky\u00e4 ja makua<\/h3>\n<p>Edistyksellisen Mesh-kela-teknologian ja 36 ml suuren E-liuoksen kapasiteetin ansiosta tarjoamme johdonmukaisen h\u00f6yrystyskokemuksen, joka vakuuttaa sek\u00e4 maun ett\u00e4 h\u00f6yryn tuotannon osalta. Dual-Flavor- mekanismi mahdollistaa helpon vaihdon kahden maun v\u00e4lill\u00e4 ja tarjoaa joustavuutta ja vaihtelua.<\/p>\n<p>Bang KING Color 30000 Puffs Dual Flavor -h\u00f6yrystimell\u00e4 h\u00f6yrystelij\u00e4t kokevat kaksi poikkeuksellista makua yhdess\u00e4 laitteessa \u2013 Blueberry Raspberry Mixed ja Mouldy Fruit. T\u00e4m\u00e4 s\u00e4hk\u00f6tupakka yhdist\u00e4\u00e4 erinomaisen teknisen suorituskyvyn ainutlaatuiseen makuvaihtoehtojen kirjoon ja tarjoaa vertaansa vailla olevan h\u00f6yrystyskokemuksen.<\/p>","protected":false},"excerpt":{"rendered":"<p>Die Bang KING Color 30000 Puffs Dual Flavor Einweg-E-Zigarette bietet eine au\u00dfergew\u00f6hnliche Kombination aus fortschrittlicher Technologie, herausragender Leistung und einzigartigen Geschmacksrichtungen. Mit einer beeindruckenden Kapazit\u00e4t von 30000 Z\u00fcgen und zwei faszinierenden Geschmacksrichtungen \u2013 Blueberry Raspberry Mixed und Mouldy Fruit \u2013 hebt sie das Dampferlebnis auf ein neues Level. Zwei unverwechselbare Geschm\u00e4cker Der wahre Star dieser [&hellip;]<\/p>","protected":false},"featured_media":14323,"template":"","meta":{"inline_featured_image":false},"product_cat":[15,758,772,750,737,736,749,752,756,743,744,755,738,751],"product_tag":[710,757],"tiered_pricing_type":"fixed","tiered_pricing_fixed_rules":{"60":"8.54","110":"7.59","200":"6.64"},"tiered_pricing_percentage_rules":[],"tiered_pricing_minimum":1,"_administrator_tiered_pricing_type":"fixed","_administrator_tiered_pricing_fixed_rules":[],"_editor_tiered_pricing_type":"fixed","_editor_tiered_pricing_fixed_rules":[],"_author_tiered_pricing_type":"fixed","_author_tiered_pricing_fixed_rules":[],"_contributor_tiered_pricing_type":"fixed","_contributor_tiered_pricing_fixed_rules":[],"_subscriber_tiered_pricing_type":"fixed","_subscriber_tiered_pricing_fixed_rules":[],"_customer_tiered_pricing_type":"fixed","_customer_tiered_pricing_fixed_rules":[],"_shop_manager_tiered_pricing_type":"fixed","_shop_manager_tiered_pricing_fixed_rules":[],"_wpseo_manager_tiered_pricing_type":"fixed","_wpseo_manager_tiered_pricing_fixed_rules":[],"_wpseo_editor_tiered_pricing_type":"fixed","_wpseo_editor_tiered_pricing_fixed_rules":[],"_wholesale_customer_tiered_pricing_type":"fixed","_wholesale_customer_tiered_pricing_fixed_rules":[],"_marketer_tiered_pricing_type":"fixed","_marketer_tiered_pricing_fixed_rules":[],"_sales_manager_tiered_pricing_type":"fixed","_sales_manager_tiered_pricing_fixed_rules":[],"_sales_rep_tiered_pricing_type":"fixed","_sales_rep_tiered_pricing_fixed_rules":[],"yoast_head":"<!-- This site is optimized with the Yoast SEO plugin v23.3 - https:\/\/yoast.com\/wordpress\/plugins\/seo\/ -->\n<title>Zwei au\u00dfergew\u00f6hnliche Geschm\u00e4cker in einem Bang KING Color 30000 Puffs E-Zigarette mit Blueberry Raspberry Mixed Mouldy Fruit | ElementVape.de<\/title>\n<meta name=\"description\" content=\"Wir bieten Zwei au\u00dfergew\u00f6hnliche Geschm\u00e4cker in einem Bang KING Color 30000 Puffs E-Zigarette mit Blueberry Raspberry Mixed Mouldy Fruit , Elementvape.de akzeptieren Gro\u00df-und Einzelhandel Bestellungen.\" \/>\n<meta name=\"robots\" content=\"index, follow, max-snippet:-1, max-image-preview:large, max-video-preview:-1\" \/>\n<link rel=\"canonical\" href=\"https:\/\/www.elementvape.de\/fi\/produkt\/zwei-aussergewoehnliche-geschmaecker-in-einem-bang-king-color-30000-puffs-e-zigarette-mit-blueberry-raspberry-mixed-mouldy-fruit\/\" \/>\n<meta property=\"og:locale\" content=\"fi_FI\" \/>\n<meta property=\"og:type\" content=\"article\" \/>\n<meta property=\"og:title\" content=\"Zwei au\u00dfergew\u00f6hnliche Geschm\u00e4cker in einem Bang KING Color 30000 Puffs E-Zigarette mit Blueberry Raspberry Mixed Mouldy Fruit | ElementVape.de\" \/>\n<meta property=\"og:description\" content=\"Wir bieten Zwei au\u00dfergew\u00f6hnliche Geschm\u00e4cker in einem Bang KING Color 30000 Puffs E-Zigarette mit Blueberry Raspberry Mixed Mouldy Fruit , Elementvape.de akzeptieren Gro\u00df-und Einzelhandel Bestellungen.\" \/>\n<meta property=\"og:url\" content=\"https:\/\/www.elementvape.de\/fi\/produkt\/zwei-aussergewoehnliche-geschmaecker-in-einem-bang-king-color-30000-puffs-e-zigarette-mit-blueberry-raspberry-mixed-mouldy-fruit\/\" \/>\n<meta property=\"og:site_name\" content=\"ElementVape.de\" \/>\n<meta property=\"article:modified_time\" content=\"2024-10-31T03:07:55+00:00\" \/>\n<meta property=\"og:image\" content=\"https:\/\/www.elementvape.de\/wp-content\/uploads\/2024\/09\/BLUEBERRY-RASPBERRY-Und-MIXED-MOULDY-FRUIT-1024x618.png\" \/>\n\t<meta property=\"og:image:width\" content=\"1024\" \/>\n\t<meta property=\"og:image:height\" content=\"618\" \/>\n\t<meta property=\"og:image:type\" content=\"image\/png\" \/>\n<meta name=\"twitter:card\" content=\"summary_large_image\" \/>\n<meta name=\"twitter:label1\" content=\"Est. reading time\" \/>\n\t<meta name=\"twitter:data1\" content=\"2 minuuttia\" \/>\n<script type=\"application\/ld+json\" class=\"yoast-schema-graph\">{\"@context\":\"https:\/\/schema.org\",\"@graph\":[{\"@type\":\"WebPage\",\"@id\":\"https:\/\/www.elementvape.de\/produkt\/zwei-aussergewoehnliche-geschmaecker-in-einem-bang-king-color-30000-puffs-e-zigarette-mit-blueberry-raspberry-mixed-mouldy-fruit\/\",\"url\":\"https:\/\/www.elementvape.de\/produkt\/zwei-aussergewoehnliche-geschmaecker-in-einem-bang-king-color-30000-puffs-e-zigarette-mit-blueberry-raspberry-mixed-mouldy-fruit\/\",\"name\":\"Zwei au\u00dfergew\u00f6hnliche Geschm\u00e4cker in einem Bang KING Color 30000 Puffs E-Zigarette mit Blueberry Raspberry Mixed Mouldy Fruit | ElementVape.de\",\"isPartOf\":{\"@id\":\"https:\/\/www.elementvape.de\/#website\"},\"primaryImageOfPage\":{\"@id\":\"https:\/\/www.elementvape.de\/produkt\/zwei-aussergewoehnliche-geschmaecker-in-einem-bang-king-color-30000-puffs-e-zigarette-mit-blueberry-raspberry-mixed-mouldy-fruit\/#primaryimage\"},\"image\":{\"@id\":\"https:\/\/www.elementvape.de\/produkt\/zwei-aussergewoehnliche-geschmaecker-in-einem-bang-king-color-30000-puffs-e-zigarette-mit-blueberry-raspberry-mixed-mouldy-fruit\/#primaryimage\"},\"thumbnailUrl\":\"https:\/\/www.elementvape.de\/wp-content\/uploads\/2024\/09\/BLUEBERRY-RASPBERRY-Und-MIXED-MOULDY-FRUIT.png\",\"datePublished\":\"2024-09-13T09:29:34+00:00\",\"dateModified\":\"2024-10-31T03:07:55+00:00\",\"description\":\"Wir bieten Zwei au\u00dfergew\u00f6hnliche Geschm\u00e4cker in einem Bang KING Color 30000 Puffs E-Zigarette mit Blueberry Raspberry Mixed Mouldy Fruit , Elementvape.de akzeptieren Gro\u00df-und Einzelhandel Bestellungen.\",\"breadcrumb\":{\"@id\":\"https:\/\/www.elementvape.de\/produkt\/zwei-aussergewoehnliche-geschmaecker-in-einem-bang-king-color-30000-puffs-e-zigarette-mit-blueberry-raspberry-mixed-mouldy-fruit\/#breadcrumb\"},\"inLanguage\":\"fi\",\"potentialAction\":[{\"@type\":\"ReadAction\",\"target\":[\"https:\/\/www.elementvape.de\/produkt\/zwei-aussergewoehnliche-geschmaecker-in-einem-bang-king-color-30000-puffs-e-zigarette-mit-blueberry-raspberry-mixed-mouldy-fruit\/\"]}]},{\"@type\":\"ImageObject\",\"inLanguage\":\"fi\",\"@id\":\"https:\/\/www.elementvape.de\/produkt\/zwei-aussergewoehnliche-geschmaecker-in-einem-bang-king-color-30000-puffs-e-zigarette-mit-blueberry-raspberry-mixed-mouldy-fruit\/#primaryimage\",\"url\":\"https:\/\/www.elementvape.de\/wp-content\/uploads\/2024\/09\/BLUEBERRY-RASPBERRY-Und-MIXED-MOULDY-FRUIT.png\",\"contentUrl\":\"https:\/\/www.elementvape.de\/wp-content\/uploads\/2024\/09\/BLUEBERRY-RASPBERRY-Und-MIXED-MOULDY-FRUIT.png\",\"width\":4000,\"height\":2413,\"caption\":\"BLUEBERRY RASPBERRY Und MIXED MOULDY FRUIT\"},{\"@type\":\"BreadcrumbList\",\"@id\":\"https:\/\/www.elementvape.de\/produkt\/zwei-aussergewoehnliche-geschmaecker-in-einem-bang-king-color-30000-puffs-e-zigarette-mit-blueberry-raspberry-mixed-mouldy-fruit\/#breadcrumb\",\"itemListElement\":[{\"@type\":\"ListItem\",\"position\":1,\"name\":\"Home\",\"item\":\"https:\/\/www.elementvape.de\/\"},{\"@type\":\"ListItem\",\"position\":2,\"name\":\"Shop\",\"item\":\"https:\/\/www.elementvape.de\/shop\/\"},{\"@type\":\"ListItem\",\"position\":3,\"name\":\"Zwei au\u00dfergew\u00f6hnliche Geschm\u00e4cker in einem Bang KING Color 30000 Puffs E-Zigarette mit Blueberry Raspberry Mixed Mouldy Fruit\"}]},{\"@type\":\"WebSite\",\"@id\":\"https:\/\/www.elementvape.de\/#website\",\"url\":\"https:\/\/www.elementvape.de\/\",\"name\":\"ElementVape.de\",\"description\":\"\",\"publisher\":{\"@id\":\"https:\/\/www.elementvape.de\/#organization\"},\"potentialAction\":[{\"@type\":\"SearchAction\",\"target\":{\"@type\":\"EntryPoint\",\"urlTemplate\":\"https:\/\/www.elementvape.de\/?s={search_term_string}\"},\"query-input\":\"required name=search_term_string\"}],\"inLanguage\":\"fi\"},{\"@type\":\"Organization\",\"@id\":\"https:\/\/www.elementvape.de\/#organization\",\"name\":\"ElementVape.DE\",\"url\":\"https:\/\/www.elementvape.de\/\",\"logo\":{\"@type\":\"ImageObject\",\"inLanguage\":\"fi\",\"@id\":\"https:\/\/www.elementvape.de\/#\/schema\/logo\/image\/\",\"url\":\"https:\/\/www.elementvape.de\/wp-content\/uploads\/2024\/09\/cropped-1elementvape-3.png\",\"contentUrl\":\"https:\/\/www.elementvape.de\/wp-content\/uploads\/2024\/09\/cropped-1elementvape-3.png\",\"width\":285,\"height\":228,\"caption\":\"ElementVape.DE\"},\"image\":{\"@id\":\"https:\/\/www.elementvape.de\/#\/schema\/logo\/image\/\"}}]}<\/script>\n<!-- \/ Yoast SEO plugin. -->","yoast_head_json":{"title":"Zwei au\u00dfergew\u00f6hnliche Geschm\u00e4cker in einem Bang KING Color 30000 Puffs E-Zigarette mit Blueberry Raspberry Mixed Mouldy Fruit | ElementVape.de","description":"Wir bieten Zwei au\u00dfergew\u00f6hnliche Geschm\u00e4cker in einem Bang KING Color 30000 Puffs E-Zigarette mit Blueberry Raspberry Mixed Mouldy Fruit , Elementvape.de akzeptieren Gro\u00df-und Einzelhandel Bestellungen.","robots":{"index":"index","follow":"follow","max-snippet":"max-snippet:-1","max-image-preview":"max-image-preview:large","max-video-preview":"max-video-preview:-1"},"canonical":"https:\/\/www.elementvape.de\/fi\/produkt\/zwei-aussergewoehnliche-geschmaecker-in-einem-bang-king-color-30000-puffs-e-zigarette-mit-blueberry-raspberry-mixed-mouldy-fruit\/","og_locale":"fi_FI","og_type":"article","og_title":"Zwei au\u00dfergew\u00f6hnliche Geschm\u00e4cker in einem Bang KING Color 30000 Puffs E-Zigarette mit Blueberry Raspberry Mixed Mouldy Fruit | ElementVape.de","og_description":"Wir bieten Zwei au\u00dfergew\u00f6hnliche Geschm\u00e4cker in einem Bang KING Color 30000 Puffs E-Zigarette mit Blueberry Raspberry Mixed Mouldy Fruit , Elementvape.de akzeptieren Gro\u00df-und Einzelhandel Bestellungen.","og_url":"https:\/\/www.elementvape.de\/fi\/produkt\/zwei-aussergewoehnliche-geschmaecker-in-einem-bang-king-color-30000-puffs-e-zigarette-mit-blueberry-raspberry-mixed-mouldy-fruit\/","og_site_name":"ElementVape.de","article_modified_time":"2024-10-31T03:07:55+00:00","og_image":[{"width":1024,"height":618,"url":"https:\/\/www.elementvape.de\/wp-content\/uploads\/2024\/09\/BLUEBERRY-RASPBERRY-Und-MIXED-MOULDY-FRUIT-1024x618.png","type":"image\/png"}],"twitter_card":"summary_large_image","twitter_misc":{"Est. reading time":"2 minuuttia"},"schema":{"@context":"https:\/\/schema.org","@graph":[{"@type":"WebPage","@id":"https:\/\/www.elementvape.de\/produkt\/zwei-aussergewoehnliche-geschmaecker-in-einem-bang-king-color-30000-puffs-e-zigarette-mit-blueberry-raspberry-mixed-mouldy-fruit\/","url":"https:\/\/www.elementvape.de\/produkt\/zwei-aussergewoehnliche-geschmaecker-in-einem-bang-king-color-30000-puffs-e-zigarette-mit-blueberry-raspberry-mixed-mouldy-fruit\/","name":"Zwei au\u00dfergew\u00f6hnliche Geschm\u00e4cker in einem Bang KING Color 30000 Puffs E-Zigarette mit Blueberry Raspberry Mixed Mouldy Fruit | ElementVape.de","isPartOf":{"@id":"https:\/\/www.elementvape.de\/#website"},"primaryImageOfPage":{"@id":"https:\/\/www.elementvape.de\/produkt\/zwei-aussergewoehnliche-geschmaecker-in-einem-bang-king-color-30000-puffs-e-zigarette-mit-blueberry-raspberry-mixed-mouldy-fruit\/#primaryimage"},"image":{"@id":"https:\/\/www.elementvape.de\/produkt\/zwei-aussergewoehnliche-geschmaecker-in-einem-bang-king-color-30000-puffs-e-zigarette-mit-blueberry-raspberry-mixed-mouldy-fruit\/#primaryimage"},"thumbnailUrl":"https:\/\/www.elementvape.de\/wp-content\/uploads\/2024\/09\/BLUEBERRY-RASPBERRY-Und-MIXED-MOULDY-FRUIT.png","datePublished":"2024-09-13T09:29:34+00:00","dateModified":"2024-10-31T03:07:55+00:00","description":"Wir bieten Zwei au\u00dfergew\u00f6hnliche Geschm\u00e4cker in einem Bang KING Color 30000 Puffs E-Zigarette mit Blueberry Raspberry Mixed Mouldy Fruit , Elementvape.de akzeptieren Gro\u00df-und Einzelhandel Bestellungen.","breadcrumb":{"@id":"https:\/\/www.elementvape.de\/produkt\/zwei-aussergewoehnliche-geschmaecker-in-einem-bang-king-color-30000-puffs-e-zigarette-mit-blueberry-raspberry-mixed-mouldy-fruit\/#breadcrumb"},"inLanguage":"fi","potentialAction":[{"@type":"ReadAction","target":["https:\/\/www.elementvape.de\/produkt\/zwei-aussergewoehnliche-geschmaecker-in-einem-bang-king-color-30000-puffs-e-zigarette-mit-blueberry-raspberry-mixed-mouldy-fruit\/"]}]},{"@type":"ImageObject","inLanguage":"fi","@id":"https:\/\/www.elementvape.de\/produkt\/zwei-aussergewoehnliche-geschmaecker-in-einem-bang-king-color-30000-puffs-e-zigarette-mit-blueberry-raspberry-mixed-mouldy-fruit\/#primaryimage","url":"https:\/\/www.elementvape.de\/wp-content\/uploads\/2024\/09\/BLUEBERRY-RASPBERRY-Und-MIXED-MOULDY-FRUIT.png","contentUrl":"https:\/\/www.elementvape.de\/wp-content\/uploads\/2024\/09\/BLUEBERRY-RASPBERRY-Und-MIXED-MOULDY-FRUIT.png","width":4000,"height":2413,"caption":"BLUEBERRY RASPBERRY Und MIXED MOULDY FRUIT"},{"@type":"BreadcrumbList","@id":"https:\/\/www.elementvape.de\/produkt\/zwei-aussergewoehnliche-geschmaecker-in-einem-bang-king-color-30000-puffs-e-zigarette-mit-blueberry-raspberry-mixed-mouldy-fruit\/#breadcrumb","itemListElement":[{"@type":"ListItem","position":1,"name":"Home","item":"https:\/\/www.elementvape.de\/"},{"@type":"ListItem","position":2,"name":"Shop","item":"https:\/\/www.elementvape.de\/shop\/"},{"@type":"ListItem","position":3,"name":"Zwei au\u00dfergew\u00f6hnliche Geschm\u00e4cker in einem Bang KING Color 30000 Puffs E-Zigarette mit Blueberry Raspberry Mixed Mouldy Fruit"}]},{"@type":"WebSite","@id":"https:\/\/www.elementvape.de\/#website","url":"https:\/\/www.elementvape.de\/","name":"ElementVape.de","description":"","publisher":{"@id":"https:\/\/www.elementvape.de\/#organization"},"potentialAction":[{"@type":"SearchAction","target":{"@type":"EntryPoint","urlTemplate":"https:\/\/www.elementvape.de\/?s={search_term_string}"},"query-input":"required name=search_term_string"}],"inLanguage":"fi"},{"@type":"Organization","@id":"https:\/\/www.elementvape.de\/#organization","name":"ElementVape.DE","url":"https:\/\/www.elementvape.de\/","logo":{"@type":"ImageObject","inLanguage":"fi","@id":"https:\/\/www.elementvape.de\/#\/schema\/logo\/image\/","url":"https:\/\/www.elementvape.de\/wp-content\/uploads\/2024\/09\/cropped-1elementvape-3.png","contentUrl":"https:\/\/www.elementvape.de\/wp-content\/uploads\/2024\/09\/cropped-1elementvape-3.png","width":285,"height":228,"caption":"ElementVape.DE"},"image":{"@id":"https:\/\/www.elementvape.de\/#\/schema\/logo\/image\/"}}]}},"_links":{"self":[{"href":"https:\/\/www.elementvape.de\/fi\/wp-json\/wp\/v2\/product\/14322"}],"collection":[{"href":"https:\/\/www.elementvape.de\/fi\/wp-json\/wp\/v2\/product"}],"about":[{"href":"https:\/\/www.elementvape.de\/fi\/wp-json\/wp\/v2\/types\/product"}],"wp:featuredmedia":[{"embeddable":true,"href":"https:\/\/www.elementvape.de\/fi\/wp-json\/wp\/v2\/media\/14323"}],"wp:attachment":[{"href":"https:\/\/www.elementvape.de\/fi\/wp-json\/wp\/v2\/media?parent=14322"}],"wp:term":[{"taxonomy":"product_cat","embeddable":true,"href":"https:\/\/www.elementvape.de\/fi\/wp-json\/wp\/v2\/product_cat?post=14322"},{"taxonomy":"product_tag","embeddable":true,"href":"https:\/\/www.elementvape.de\/fi\/wp-json\/wp\/v2\/product_tag?post=14322"}],"curies":[{"name":"wp","href":"https:\/\/api.w.org\/{rel}","templated":true}]}}