{"id":14087,"date":"2024-08-31T07:43:59","date_gmt":"2024-08-31T07:43:59","guid":{"rendered":"https:\/\/www.elementvape.de\/?post_type=product&#038;p=14087"},"modified":"2024-10-15T03:14:27","modified_gmt":"2024-10-15T03:14:27","slug":"zollfreie-frische-waspe-8000-puffs-strawberry-mango-e-zigarette-jetzt-zum-besten-grosshandelspreis-fuer-ultimativen-erdbeer-mango-genuss","status":"publish","type":"product","link":"https:\/\/www.elementvape.de\/fi\/produkt\/zollfreie-frische-waspe-8000-puffs-strawberry-mango-e-zigarette-jetzt-zum-besten-grosshandelspreis-fuer-ultimativen-erdbeer-mango-genuss\/","title":{"rendered":"Tulliton ja raikas WASPE 8000 PUFFS Strawberry Mango -s\u00e4hk\u00f6savuke nyt parhaaseen tukkuhintaan \u00e4\u00e4rimm\u00e4iseen mansikka-mangonautintoon"},"content":{"rendered":"<div class=\"flex-shrink-0 flex flex-col relative items-end\">\n<div>\n<div class=\"pt-0\">\n<div class=\"gizmo-bot-avatar flex h-8 w-8 items-center justify-center overflow-hidden rounded-full\">\n<h2 class=\"relative p-1 rounded-sm flex items-center justify-center bg-token-main-surface-primary text-token-text-primary h-8 w-8\">Tulliton raikkaus WASPE 8000 PUFFS Strawberry Mango E-savukkeella \u2013 Nyt parhaaseen tukkuhintaan \u00e4\u00e4rimm\u00e4isen mansikka-mangonautinnon saavuttamiseksi<\/h2>\n<div><\/div>\n<\/div>\n<\/div>\n<\/div>\n<\/div>\n<div class=\"group\/conversation-turn relative flex w-full min-w-0 flex-col agent-turn\">\n<div class=\"flex-col gap-1 md:gap-3\">\n<div class=\"flex max-w-full flex-col flex-grow\">\n<div class=\"min-h-[20px] text-message flex w-full flex-col items-end gap-2 break-words [.text-message+&amp;]:mt-5 overflow-x-auto whitespace-normal\" dir=\"auto\" data-message-author-role=\"assistant\" data-message-id=\"eec96cae-7338-4ed3-88b3-3cc42fe3f307\">\n<div class=\"flex w-full flex-col gap-1 empty:hidden first:pt-[3px]\">\n<div class=\"markdown prose w-full break-words dark:prose-invert light\">\n<p>WASPE 8000 PUFFS Strawberry Mango E-savuke yhdist\u00e4\u00e4 tuoreiden mansikoiden mehukkaan aromin kypsien mangojen eksoottiseen makeuteen vastustamattomaksi makuel\u00e4mykseksi. T\u00e4m\u00e4 raikkauden ja hedelm\u00e4isyyden yhdistelm\u00e4 tekee E-savukkeesta t\u00e4ydellisen valinnan kaikille, jotka rakastavat poikkeuksellisia aromeja. Tukkukauppiaat voivat hy\u00f6ty\u00e4 tullittomista eduista ja houkuttelevista tukkuhinnoista tarjotessaan asiakkailleen korkealaatuisen ja maullisesti ainutlaatuisen tuotteen.<\/p>\n<h3>Strawberry Mango \u2013 Hedelm\u00e4inen fuusio parhaasta p\u00e4\u00e4st\u00e4<\/h3>\n<p>WASPE 8000 PUFFS Strawberry Mango E-savukkeen p\u00e4\u00e4vetonaula on t\u00e4ydellisesti tasapainotettu sekoitus makeita mansikoita ja trooppista mangoa. T\u00e4m\u00e4 makuyhdistelm\u00e4 takaa intensiivisen ja samalla virkist\u00e4v\u00e4n h\u00f6yryel\u00e4muksen, joka on sek\u00e4 hedelm\u00e4inen ett\u00e4 eksoottinen. Jokainen henk\u00e4ys tarjoaa mansikan luonnollisen makeuden, joka sulautuu harmonisesti mangon mehukkaaseen ja hieman happamaan s\u00e4vyyn.<\/p>\n<p>Strawberry Mangon aromi vetoaa erityisesti h\u00f6yrytt\u00e4jiin, jotka pit\u00e4v\u00e4t hedelm\u00e4isist\u00e4 mauista, mutta arvostavat my\u00f6s eksoottista vivahdetta. T\u00e4m\u00e4 ainutlaatuinen sekoitus tekee h\u00f6yrytt\u00e4misest\u00e4 todellisen nautinnon ja tarjoaa monipuolisen vaihtoehdon perinteisille E-savuke-aromeille.<\/p>\n<h3>8000 henk\u00e4yst\u00e4 pitk\u00e4kestoiseen nautintoon<\/h3>\n<p>WASPE 8000 PUFFS Strawberry Mango <strong><a href=\"https:\/\/www.elementvape.de\/fi\/\" target=\"_blank\" rel=\"noopener\">S\u00e4hk\u00f6tupakka<\/a><\/strong> tarjoaa 8000 henk\u00e4yksell\u00e4\u00e4n poikkeuksellisen pitk\u00e4n k\u00e4ytt\u00f6i\u00e4n, joka takaa jatkuvan ja intensiivisen h\u00f6yryel\u00e4muksen. Antelias 16 ml:n E-neste-s\u00e4ili\u00f6 varmistaa, ett\u00e4 herkullinen mansikka-mangomaku s\u00e4ilyy tasaisena pitk\u00e4n aikaa. T\u00e4m\u00e4 tarkoittaa, ett\u00e4 E-savuke sopii erinomaisesti s\u00e4\u00e4nn\u00f6lliseen k\u00e4ytt\u00f6\u00f6n ilman, ett\u00e4 sit\u00e4 tarvitsee t\u00e4ytt\u00e4\u00e4 usein.<\/p>\n<p>Tukkukauppiaille t\u00e4m\u00e4 korkea henk\u00e4yskapasiteetti on erityisen edullinen, koska he voivat tarjota asiakkailleen pitk\u00e4ik\u00e4isen ja luotettavan tuotteen. WASPE Strawberry Mango E-savuke vakuuttaa kest\u00e4vyydell\u00e4\u00e4n ja h\u00f6yryel\u00e4muksen tasaisella laadulla.<\/p>\n<h3>Uusinta teknologiaa t\u00e4ydelliseen h\u00f6yryel\u00e4miseen<\/h3>\n<p>WASPE 8000 PUFFS Strawberry Mango E-savuke on varustettu innovatiivisella 0,8\u03a9 Mesh Coil -teknologialla, joka varmistaa E-nesteen tasaisen l\u00e4mpenemisen. T\u00e4m\u00e4 teknologia takaa optimaalisen maun kehittymisen, jossa hedelm\u00e4inen mansikka-mango-aromi p\u00e4\u00e4see t\u00e4ysin oikeuksiinsa jokaisella henk\u00e4yksell\u00e4. Mesh Coil varmistaa my\u00f6s tihe\u00e4n h\u00f6yryntuotannon, joka tehostaa h\u00f6yryel\u00e4myst\u00e4.<\/p>\n<p>Type-C-latausliit\u00e4nt\u00e4 mahdollistaa 650 mAh:n akun nopean ja tehokkaan latauksen, joten E-savuke on aina k\u00e4ytt\u00f6valmis. T\u00e4m\u00e4 k\u00e4ytt\u00e4j\u00e4yst\u00e4v\u00e4llinen k\u00e4sittely yhdistettyn\u00e4 edistykselliseen teknologiaan tekee WASPE 8000 PUFFS Strawberry Mangosta ihanteellisen valinnan sek\u00e4 kokeneille <strong><a href=\"https:\/\/www.elementvape.de\/fi\/\">Harrastajille<\/a><\/strong> ett\u00e4 aloittelijoille.<\/p>\n<h3>Veroista vapaa toimitus ja houkuttelevat tukkumyyntihinnat<\/h3>\n<p>Tukkukauppiaille WASPE 8000 PUFFS Strawberry Mango E-savuke ei tarjoa vain poikkeuksellista tuotetta, vaan my\u00f6s taloudellisia etuja. Tullittoman toimituksen ansiosta kauppiaat voivat alentaa hankintakustannuksiaan ja tarjota asiakkailleen ensiluokkaisen tuotteen kilpailukykyiseen hintaan. N\u00e4m\u00e4 s\u00e4\u00e4st\u00f6t mahdollistavat voittomarginaalien maksimoinnin ja samalla korkealaatuisen tuotteen markkinoinnin.<\/p>\n<p>Houkuttelevat tukkuhinnat tekev\u00e4t kauppiaiden helpoksi t\u00e4ydent\u00e4\u00e4 varastojaan ja tarjota tuotteen, joka vakuuttaa sek\u00e4 maun ett\u00e4 taloudellisuuden suhteen. T\u00e4m\u00e4 laadun ja hintaetujen yhdistelm\u00e4 tekee WASPE 8000 PUFFS Strawberry Mango E-savukkeesta erinomaisen investoinnin.<\/p>\n<h3>Hedelm\u00e4ist\u00e4 raikkautta eksoottisella vivahteella<\/h3>\n<p>WASPE 8000 PUFFS Strawberry Mango <strong><a href=\"https:\/\/www.elementvape.de\/fi\/c\/einweg-zigarette\/\" target=\"_blank\" rel=\"noopener\">kertak\u00e4ytt\u00f6inen s\u00e4hk\u00f6tupakka<\/a><\/strong> tarjoaa ainutlaatuisen h\u00f6yryel\u00e4muksen, joka valloittaa makeiden mansikoiden ja eksoottisen mangon harmonisella yhdistelm\u00e4ll\u00e4. Korkean henk\u00e4yskapasiteetin, edistyksellisen Mesh Coil -teknologian ja k\u00e4ytt\u00e4j\u00e4yst\u00e4v\u00e4llisen k\u00e4sittelyn ansiosta se tarjoaa kaiken, mit\u00e4 h\u00f6yrytt\u00e4j\u00e4t odottavat ensiluokkaiselta E-savukkeelta.<\/p>\n<p>Tukkukauppiaille t\u00e4m\u00e4 tuote ei ole vain maullinen rikkaus, vaan se tarjoaa my\u00f6s merkitt\u00e4vi\u00e4 taloudellisia etuja tullittoman toimituksen ja houkuttelevien tukkuhintojen ansiosta. Varmista nyt WASPE 8000 PUFFS Strawberry Mango E-savuke ja koe mansikoiden ja mangon t\u00e4ydellinen fuusio \u2013 maku, joka ihastuttaa asiakkaasi.<\/p>\n<\/div>\n<\/div>\n<\/div>\n<\/div>\n<\/div>\n<\/div>","protected":false},"excerpt":{"rendered":"<p>Zollfreie Frische mit der WASPE 8000 PUFFS Strawberry Mango E-Zigarette \u2013 Jetzt zum besten Gro\u00dfhandelspreis f\u00fcr ultimativen Erdbeer-Mango-Genuss Die WASPE 8000 PUFFS Strawberry Mango E-Zigarette vereint das saftige Aroma frischer Erdbeeren mit der exotischen S\u00fc\u00dfe von reifen Mangos zu einem unwiderstehlichen Geschmackserlebnis. Diese Kombination aus Frische und Fruchtigkeit macht die E-Zigarette zu einer perfekten Wahl [&hellip;]<\/p>","protected":false},"featured_media":14088,"template":"","meta":{"inline_featured_image":false},"product_cat":[15,78,735,746,741,733,750,737,736,749,752,756,744,755,738,751,727],"product_tag":[710,683],"tiered_pricing_type":"fixed","tiered_pricing_fixed_rules":[],"tiered_pricing_percentage_rules":[],"tiered_pricing_minimum":1,"_administrator_tiered_pricing_type":"fixed","_administrator_tiered_pricing_fixed_rules":[],"_editor_tiered_pricing_type":"fixed","_editor_tiered_pricing_fixed_rules":[],"_author_tiered_pricing_type":"fixed","_author_tiered_pricing_fixed_rules":[],"_contributor_tiered_pricing_type":"fixed","_contributor_tiered_pricing_fixed_rules":[],"_subscriber_tiered_pricing_type":"fixed","_subscriber_tiered_pricing_fixed_rules":[],"_customer_tiered_pricing_type":"fixed","_customer_tiered_pricing_fixed_rules":[],"_shop_manager_tiered_pricing_type":"fixed","_shop_manager_tiered_pricing_fixed_rules":[],"_wpseo_manager_tiered_pricing_type":"fixed","_wpseo_manager_tiered_pricing_fixed_rules":[],"_wpseo_editor_tiered_pricing_type":"fixed","_wpseo_editor_tiered_pricing_fixed_rules":[],"_wholesale_customer_tiered_pricing_type":"fixed","_wholesale_customer_tiered_pricing_fixed_rules":[],"_marketer_tiered_pricing_type":"fixed","_marketer_tiered_pricing_fixed_rules":[],"_sales_manager_tiered_pricing_type":"fixed","_sales_manager_tiered_pricing_fixed_rules":[],"_sales_rep_tiered_pricing_type":"fixed","_sales_rep_tiered_pricing_fixed_rules":[],"yoast_head":"<!-- This site is optimized with the Yoast SEO plugin v23.3 - https:\/\/yoast.com\/wordpress\/plugins\/seo\/ -->\n<title>Zollfreie Frische WASPE 8000 PUFFS Strawberry Mango E-Zigarette jetzt zum besten Gro\u00dfhandelspreis f\u00fcr ultimativen Erdbeer Mango Genuss | ElementVape.de<\/title>\n<meta name=\"description\" content=\"Wir bieten Zollfreie Frische WASPE 8000 PUFFS Strawberry Mango E-Zigarette jetzt zum besten Gro\u00dfhandelspreis f\u00fcr ultimativen Erdbeer Mango Genuss , Elementvape.de akzeptieren Gro\u00df-und Einzelhandel Bestellungen.\" \/>\n<meta name=\"robots\" content=\"index, follow, max-snippet:-1, max-image-preview:large, max-video-preview:-1\" \/>\n<link rel=\"canonical\" href=\"https:\/\/www.elementvape.de\/fi\/produkt\/zollfreie-frische-waspe-8000-puffs-strawberry-mango-e-zigarette-jetzt-zum-besten-grosshandelspreis-fuer-ultimativen-erdbeer-mango-genuss\/\" \/>\n<meta property=\"og:locale\" content=\"fi_FI\" \/>\n<meta property=\"og:type\" content=\"article\" \/>\n<meta property=\"og:title\" content=\"Zollfreie Frische WASPE 8000 PUFFS Strawberry Mango E-Zigarette jetzt zum besten Gro\u00dfhandelspreis f\u00fcr ultimativen Erdbeer Mango Genuss | ElementVape.de\" \/>\n<meta property=\"og:description\" content=\"Wir bieten Zollfreie Frische WASPE 8000 PUFFS Strawberry Mango E-Zigarette jetzt zum besten Gro\u00dfhandelspreis f\u00fcr ultimativen Erdbeer Mango Genuss , Elementvape.de akzeptieren Gro\u00df-und Einzelhandel Bestellungen.\" \/>\n<meta property=\"og:url\" content=\"https:\/\/www.elementvape.de\/fi\/produkt\/zollfreie-frische-waspe-8000-puffs-strawberry-mango-e-zigarette-jetzt-zum-besten-grosshandelspreis-fuer-ultimativen-erdbeer-mango-genuss\/\" \/>\n<meta property=\"og:site_name\" content=\"ElementVape.de\" \/>\n<meta property=\"article:modified_time\" content=\"2024-10-15T03:14:27+00:00\" \/>\n<meta property=\"og:image\" content=\"https:\/\/www.elementvape.de\/wp-content\/uploads\/2024\/08\/STRAWBERRY-MANGO-2.jpg\" \/>\n\t<meta property=\"og:image:width\" content=\"800\" \/>\n\t<meta property=\"og:image:height\" content=\"800\" \/>\n\t<meta property=\"og:image:type\" content=\"image\/jpeg\" \/>\n<meta name=\"twitter:card\" content=\"summary_large_image\" \/>\n<meta name=\"twitter:label1\" content=\"Est. reading time\" \/>\n\t<meta name=\"twitter:data1\" content=\"4 minuuttia\" \/>\n<script type=\"application\/ld+json\" class=\"yoast-schema-graph\">{\"@context\":\"https:\/\/schema.org\",\"@graph\":[{\"@type\":\"WebPage\",\"@id\":\"https:\/\/www.elementvape.de\/produkt\/zollfreie-frische-waspe-8000-puffs-strawberry-mango-e-zigarette-jetzt-zum-besten-grosshandelspreis-fuer-ultimativen-erdbeer-mango-genuss\/\",\"url\":\"https:\/\/www.elementvape.de\/produkt\/zollfreie-frische-waspe-8000-puffs-strawberry-mango-e-zigarette-jetzt-zum-besten-grosshandelspreis-fuer-ultimativen-erdbeer-mango-genuss\/\",\"name\":\"Zollfreie Frische WASPE 8000 PUFFS Strawberry Mango E-Zigarette jetzt zum besten Gro\u00dfhandelspreis f\u00fcr ultimativen Erdbeer Mango Genuss | ElementVape.de\",\"isPartOf\":{\"@id\":\"https:\/\/www.elementvape.de\/#website\"},\"primaryImageOfPage\":{\"@id\":\"https:\/\/www.elementvape.de\/produkt\/zollfreie-frische-waspe-8000-puffs-strawberry-mango-e-zigarette-jetzt-zum-besten-grosshandelspreis-fuer-ultimativen-erdbeer-mango-genuss\/#primaryimage\"},\"image\":{\"@id\":\"https:\/\/www.elementvape.de\/produkt\/zollfreie-frische-waspe-8000-puffs-strawberry-mango-e-zigarette-jetzt-zum-besten-grosshandelspreis-fuer-ultimativen-erdbeer-mango-genuss\/#primaryimage\"},\"thumbnailUrl\":\"https:\/\/www.elementvape.de\/wp-content\/uploads\/2024\/08\/STRAWBERRY-MANGO-2.jpg\",\"datePublished\":\"2024-08-31T07:43:59+00:00\",\"dateModified\":\"2024-10-15T03:14:27+00:00\",\"description\":\"Wir bieten Zollfreie Frische WASPE 8000 PUFFS Strawberry Mango E-Zigarette jetzt zum besten Gro\u00dfhandelspreis f\u00fcr ultimativen Erdbeer Mango Genuss , Elementvape.de akzeptieren Gro\u00df-und Einzelhandel Bestellungen.\",\"breadcrumb\":{\"@id\":\"https:\/\/www.elementvape.de\/produkt\/zollfreie-frische-waspe-8000-puffs-strawberry-mango-e-zigarette-jetzt-zum-besten-grosshandelspreis-fuer-ultimativen-erdbeer-mango-genuss\/#breadcrumb\"},\"inLanguage\":\"fi\",\"potentialAction\":[{\"@type\":\"ReadAction\",\"target\":[\"https:\/\/www.elementvape.de\/produkt\/zollfreie-frische-waspe-8000-puffs-strawberry-mango-e-zigarette-jetzt-zum-besten-grosshandelspreis-fuer-ultimativen-erdbeer-mango-genuss\/\"]}]},{\"@type\":\"ImageObject\",\"inLanguage\":\"fi\",\"@id\":\"https:\/\/www.elementvape.de\/produkt\/zollfreie-frische-waspe-8000-puffs-strawberry-mango-e-zigarette-jetzt-zum-besten-grosshandelspreis-fuer-ultimativen-erdbeer-mango-genuss\/#primaryimage\",\"url\":\"https:\/\/www.elementvape.de\/wp-content\/uploads\/2024\/08\/STRAWBERRY-MANGO-2.jpg\",\"contentUrl\":\"https:\/\/www.elementvape.de\/wp-content\/uploads\/2024\/08\/STRAWBERRY-MANGO-2.jpg\",\"width\":800,\"height\":800,\"caption\":\"STRAWBERRY MANGO\"},{\"@type\":\"BreadcrumbList\",\"@id\":\"https:\/\/www.elementvape.de\/produkt\/zollfreie-frische-waspe-8000-puffs-strawberry-mango-e-zigarette-jetzt-zum-besten-grosshandelspreis-fuer-ultimativen-erdbeer-mango-genuss\/#breadcrumb\",\"itemListElement\":[{\"@type\":\"ListItem\",\"position\":1,\"name\":\"Home\",\"item\":\"https:\/\/www.elementvape.de\/\"},{\"@type\":\"ListItem\",\"position\":2,\"name\":\"Shop\",\"item\":\"https:\/\/www.elementvape.de\/shop\/\"},{\"@type\":\"ListItem\",\"position\":3,\"name\":\"Zollfreie Frische WASPE 8000 PUFFS Strawberry Mango E-Zigarette jetzt zum besten Gro\u00dfhandelspreis f\u00fcr ultimativen Erdbeer Mango Genuss\"}]},{\"@type\":\"WebSite\",\"@id\":\"https:\/\/www.elementvape.de\/#website\",\"url\":\"https:\/\/www.elementvape.de\/\",\"name\":\"ElementVape.de\",\"description\":\"\",\"publisher\":{\"@id\":\"https:\/\/www.elementvape.de\/#organization\"},\"potentialAction\":[{\"@type\":\"SearchAction\",\"target\":{\"@type\":\"EntryPoint\",\"urlTemplate\":\"https:\/\/www.elementvape.de\/?s={search_term_string}\"},\"query-input\":\"required name=search_term_string\"}],\"inLanguage\":\"fi\"},{\"@type\":\"Organization\",\"@id\":\"https:\/\/www.elementvape.de\/#organization\",\"name\":\"ElementVape.DE\",\"url\":\"https:\/\/www.elementvape.de\/\",\"logo\":{\"@type\":\"ImageObject\",\"inLanguage\":\"fi\",\"@id\":\"https:\/\/www.elementvape.de\/#\/schema\/logo\/image\/\",\"url\":\"https:\/\/www.elementvape.de\/wp-content\/uploads\/2024\/09\/cropped-1elementvape-3.png\",\"contentUrl\":\"https:\/\/www.elementvape.de\/wp-content\/uploads\/2024\/09\/cropped-1elementvape-3.png\",\"width\":285,\"height\":228,\"caption\":\"ElementVape.DE\"},\"image\":{\"@id\":\"https:\/\/www.elementvape.de\/#\/schema\/logo\/image\/\"}}]}<\/script>\n<!-- \/ Yoast SEO plugin. -->","yoast_head_json":{"title":"Zollfreie Frische WASPE 8000 PUFFS Strawberry Mango E-Zigarette jetzt zum besten Gro\u00dfhandelspreis f\u00fcr ultimativen Erdbeer Mango Genuss | ElementVape.de","description":"Wir bieten Zollfreie Frische WASPE 8000 PUFFS Strawberry Mango E-Zigarette jetzt zum besten Gro\u00dfhandelspreis f\u00fcr ultimativen Erdbeer Mango Genuss , Elementvape.de akzeptieren Gro\u00df-und Einzelhandel Bestellungen.","robots":{"index":"index","follow":"follow","max-snippet":"max-snippet:-1","max-image-preview":"max-image-preview:large","max-video-preview":"max-video-preview:-1"},"canonical":"https:\/\/www.elementvape.de\/fi\/produkt\/zollfreie-frische-waspe-8000-puffs-strawberry-mango-e-zigarette-jetzt-zum-besten-grosshandelspreis-fuer-ultimativen-erdbeer-mango-genuss\/","og_locale":"fi_FI","og_type":"article","og_title":"Zollfreie Frische WASPE 8000 PUFFS Strawberry Mango E-Zigarette jetzt zum besten Gro\u00dfhandelspreis f\u00fcr ultimativen Erdbeer Mango Genuss | ElementVape.de","og_description":"Wir bieten Zollfreie Frische WASPE 8000 PUFFS Strawberry Mango E-Zigarette jetzt zum besten Gro\u00dfhandelspreis f\u00fcr ultimativen Erdbeer Mango Genuss , Elementvape.de akzeptieren Gro\u00df-und Einzelhandel Bestellungen.","og_url":"https:\/\/www.elementvape.de\/fi\/produkt\/zollfreie-frische-waspe-8000-puffs-strawberry-mango-e-zigarette-jetzt-zum-besten-grosshandelspreis-fuer-ultimativen-erdbeer-mango-genuss\/","og_site_name":"ElementVape.de","article_modified_time":"2024-10-15T03:14:27+00:00","og_image":[{"width":800,"height":800,"url":"https:\/\/www.elementvape.de\/wp-content\/uploads\/2024\/08\/STRAWBERRY-MANGO-2.jpg","type":"image\/jpeg"}],"twitter_card":"summary_large_image","twitter_misc":{"Est. reading time":"4 minuuttia"},"schema":{"@context":"https:\/\/schema.org","@graph":[{"@type":"WebPage","@id":"https:\/\/www.elementvape.de\/produkt\/zollfreie-frische-waspe-8000-puffs-strawberry-mango-e-zigarette-jetzt-zum-besten-grosshandelspreis-fuer-ultimativen-erdbeer-mango-genuss\/","url":"https:\/\/www.elementvape.de\/produkt\/zollfreie-frische-waspe-8000-puffs-strawberry-mango-e-zigarette-jetzt-zum-besten-grosshandelspreis-fuer-ultimativen-erdbeer-mango-genuss\/","name":"Zollfreie Frische WASPE 8000 PUFFS Strawberry Mango E-Zigarette jetzt zum besten Gro\u00dfhandelspreis f\u00fcr ultimativen Erdbeer Mango Genuss | ElementVape.de","isPartOf":{"@id":"https:\/\/www.elementvape.de\/#website"},"primaryImageOfPage":{"@id":"https:\/\/www.elementvape.de\/produkt\/zollfreie-frische-waspe-8000-puffs-strawberry-mango-e-zigarette-jetzt-zum-besten-grosshandelspreis-fuer-ultimativen-erdbeer-mango-genuss\/#primaryimage"},"image":{"@id":"https:\/\/www.elementvape.de\/produkt\/zollfreie-frische-waspe-8000-puffs-strawberry-mango-e-zigarette-jetzt-zum-besten-grosshandelspreis-fuer-ultimativen-erdbeer-mango-genuss\/#primaryimage"},"thumbnailUrl":"https:\/\/www.elementvape.de\/wp-content\/uploads\/2024\/08\/STRAWBERRY-MANGO-2.jpg","datePublished":"2024-08-31T07:43:59+00:00","dateModified":"2024-10-15T03:14:27+00:00","description":"Wir bieten Zollfreie Frische WASPE 8000 PUFFS Strawberry Mango E-Zigarette jetzt zum besten Gro\u00dfhandelspreis f\u00fcr ultimativen Erdbeer Mango Genuss , Elementvape.de akzeptieren Gro\u00df-und Einzelhandel Bestellungen.","breadcrumb":{"@id":"https:\/\/www.elementvape.de\/produkt\/zollfreie-frische-waspe-8000-puffs-strawberry-mango-e-zigarette-jetzt-zum-besten-grosshandelspreis-fuer-ultimativen-erdbeer-mango-genuss\/#breadcrumb"},"inLanguage":"fi","potentialAction":[{"@type":"ReadAction","target":["https:\/\/www.elementvape.de\/produkt\/zollfreie-frische-waspe-8000-puffs-strawberry-mango-e-zigarette-jetzt-zum-besten-grosshandelspreis-fuer-ultimativen-erdbeer-mango-genuss\/"]}]},{"@type":"ImageObject","inLanguage":"fi","@id":"https:\/\/www.elementvape.de\/produkt\/zollfreie-frische-waspe-8000-puffs-strawberry-mango-e-zigarette-jetzt-zum-besten-grosshandelspreis-fuer-ultimativen-erdbeer-mango-genuss\/#primaryimage","url":"https:\/\/www.elementvape.de\/wp-content\/uploads\/2024\/08\/STRAWBERRY-MANGO-2.jpg","contentUrl":"https:\/\/www.elementvape.de\/wp-content\/uploads\/2024\/08\/STRAWBERRY-MANGO-2.jpg","width":800,"height":800,"caption":"STRAWBERRY MANGO"},{"@type":"BreadcrumbList","@id":"https:\/\/www.elementvape.de\/produkt\/zollfreie-frische-waspe-8000-puffs-strawberry-mango-e-zigarette-jetzt-zum-besten-grosshandelspreis-fuer-ultimativen-erdbeer-mango-genuss\/#breadcrumb","itemListElement":[{"@type":"ListItem","position":1,"name":"Home","item":"https:\/\/www.elementvape.de\/"},{"@type":"ListItem","position":2,"name":"Shop","item":"https:\/\/www.elementvape.de\/shop\/"},{"@type":"ListItem","position":3,"name":"Zollfreie Frische WASPE 8000 PUFFS Strawberry Mango E-Zigarette jetzt zum besten Gro\u00dfhandelspreis f\u00fcr ultimativen Erdbeer Mango Genuss"}]},{"@type":"WebSite","@id":"https:\/\/www.elementvape.de\/#website","url":"https:\/\/www.elementvape.de\/","name":"ElementVape.de","description":"","publisher":{"@id":"https:\/\/www.elementvape.de\/#organization"},"potentialAction":[{"@type":"SearchAction","target":{"@type":"EntryPoint","urlTemplate":"https:\/\/www.elementvape.de\/?s={search_term_string}"},"query-input":"required name=search_term_string"}],"inLanguage":"fi"},{"@type":"Organization","@id":"https:\/\/www.elementvape.de\/#organization","name":"ElementVape.DE","url":"https:\/\/www.elementvape.de\/","logo":{"@type":"ImageObject","inLanguage":"fi","@id":"https:\/\/www.elementvape.de\/#\/schema\/logo\/image\/","url":"https:\/\/www.elementvape.de\/wp-content\/uploads\/2024\/09\/cropped-1elementvape-3.png","contentUrl":"https:\/\/www.elementvape.de\/wp-content\/uploads\/2024\/09\/cropped-1elementvape-3.png","width":285,"height":228,"caption":"ElementVape.DE"},"image":{"@id":"https:\/\/www.elementvape.de\/#\/schema\/logo\/image\/"}}]}},"_links":{"self":[{"href":"https:\/\/www.elementvape.de\/fi\/wp-json\/wp\/v2\/product\/14087"}],"collection":[{"href":"https:\/\/www.elementvape.de\/fi\/wp-json\/wp\/v2\/product"}],"about":[{"href":"https:\/\/www.elementvape.de\/fi\/wp-json\/wp\/v2\/types\/product"}],"wp:featuredmedia":[{"embeddable":true,"href":"https:\/\/www.elementvape.de\/fi\/wp-json\/wp\/v2\/media\/14088"}],"wp:attachment":[{"href":"https:\/\/www.elementvape.de\/fi\/wp-json\/wp\/v2\/media?parent=14087"}],"wp:term":[{"taxonomy":"product_cat","embeddable":true,"href":"https:\/\/www.elementvape.de\/fi\/wp-json\/wp\/v2\/product_cat?post=14087"},{"taxonomy":"product_tag","embeddable":true,"href":"https:\/\/www.elementvape.de\/fi\/wp-json\/wp\/v2\/product_tag?post=14087"}],"curies":[{"name":"wp","href":"https:\/\/api.w.org\/{rel}","templated":true}]}}