{"id":14071,"date":"2024-08-31T03:48:55","date_gmt":"2024-08-31T03:48:55","guid":{"rendered":"https:\/\/www.elementvape.de\/?post_type=product&#038;p=14071"},"modified":"2024-10-15T03:15:05","modified_gmt":"2024-10-15T03:15:05","slug":"zollfreie-frische-waspe-8000-puffs-strawberry-ice-e-zigarette-jetzt-zum-besten-grosshandelspreis-fuer-ultimativen-erdbeergenuss","status":"publish","type":"product","link":"https:\/\/www.elementvape.de\/fi\/produkt\/zollfreie-frische-waspe-8000-puffs-strawberry-ice-e-zigarette-jetzt-zum-besten-grosshandelspreis-fuer-ultimativen-erdbeergenuss\/","title":{"rendered":"Tulliton ja raikas WASPE 8000 PUFFS Strawberry Ice -s\u00e4hk\u00f6savuke, nyt parhaaseen tukkuhintaan \u00e4\u00e4rimm\u00e4iseen mansikkael\u00e4mykseen"},"content":{"rendered":"<p>WASPE 8000 PUFFS Mansikka J\u00e4\u00e4 S\u00e4hk\u00f6tupakka tuo suussa makean ja mehukkaan kypsien mansikoiden maun raikkaalla j\u00e4\u00e4hileell\u00e4 suoraan luoksesi. Tukkureille, jotka haluavat tarjota asiakkailleen vertaansa vailla olevan h\u00f6yrystyskokemuksen, t\u00e4m\u00e4 malli yhdist\u00e4\u00e4 ensiluokkaisen maun, korkean suorituskyvyn ja houkuttelevat hinnat. Koe t\u00e4ydellinen tasapaino makean mansikkamaun ja viile\u00e4n raikkauden v\u00e4lill\u00e4, kaikki tullittomasti ja kilpailukykyisill\u00e4 tukkumyyntihinnoilla.<\/p>\n<h3>Mansikka J\u00e4\u00e4 Makea mansikkamaun nautinto ripauksella raikkautta<\/h3>\n<p>WASPE 8000 PUFFS Mansikka J\u00e4\u00e4 -s\u00e4hk\u00f6tupakan kohokohta on ep\u00e4ilem\u00e4tt\u00e4 sen hedelm\u00e4inen mansikkainen aromi. Jokainen veto vapauttaa luonnollisen makeuden ja hedelm\u00e4isyyden tuoreista mansikoista, t\u00e4ydellisesti viimeisteltyn\u00e4 viile\u00e4ll\u00e4 j\u00e4\u00e4maulla, joka tarjoaa virkist\u00e4v\u00e4n lopputuloksen. T\u00e4m\u00e4 aromi on ihanteellinen h\u00f6yrystimille, jotka rakastavat hedelm\u00e4isi\u00e4 makuja ja arvostavat samalla virkist\u00e4v\u00e4\u00e4 komponenttia.<\/p>\n<p>Mansikka J\u00e4\u00e4 -maun tasapaino on t\u00e4ydellinen, joten mansikkanoten eiv\u00e4t ole liian voimakkaita, vaan miellytt\u00e4v\u00e4n kevyit\u00e4 ja raikkaita. T\u00e4m\u00e4 yhdistelm\u00e4 tekee s\u00e4hk\u00f6tupakasta suosikin p\u00e4ivitt\u00e4iseen k\u00e4ytt\u00f6\u00f6n, erityisesti l\u00e4mpimin\u00e4 p\u00e4ivin\u00e4, jolloin viile\u00e4, hedelm\u00e4inen maku on juuri oikea.<\/p>\n<p>Vaikuttavan 8000 vedon kapasiteetin ansiosta WASPE Mansikka J\u00e4\u00e4 -s\u00e4hk\u00f6tupakka tarjoaa poikkeuksellisen pitk\u00e4n k\u00e4ytt\u00f6ajan, mik\u00e4 takaa tasaisen h\u00f6yrystyskokemuksen. Suuri 16 ml:n e-liquidd\u00e4ytekapasiteetti varmistaa, ett\u00e4 herkullinen mansikkainen maku s\u00e4ilyy koko k\u00e4ytt\u00f6ajan ilman, ett\u00e4 se heikkenee.<\/p>\n<p>T\u00e4m\u00e4 korkea puff-kapasiteetti on erityisen hy\u00f6dyllinen tukkureille, koska he voivat tarjota asiakkailleen kest\u00e4v\u00e4n ja luotettavan tuotteen. Korkean kapasiteetin ja erinomaisen maun yhdistelm\u00e4 tekee WASPE 8000 PUFFS Mansikka J\u00e4\u00e4 -s\u00e4hk\u00f6tupakasta erinomaisen valinnan kaikille, jotka etsiv\u00e4t intensiivist\u00e4 ja pitk\u00e4kestoista h\u00f6yrystyskokemusta.<\/p>\n<h3>Moderni tekniikka optimaaliseen nautintoon<\/h3>\n<p>WASPE 8000 PUFFS Mansikka J\u00e4\u00e4 -s\u00e4hk\u00f6tupakka on varustettu edistyksellisell\u00e4 0,8\u03a9 Mesh Coil -teknologialla, joka mahdollistaa tasaisen l\u00e4mmityksen e-liquidiin. T\u00e4m\u00e4 teknologia varmistaa optimaalisen maun vapautumisen ja takaa, ett\u00e4 mansikkainen aromi tulee esiin jokaisella vedolla.<\/p>\n<p>Type-C-latausliit\u00e4nn\u00e4n ansiosta 650mAh-akku latautuu nopeasti ja tehokkaasti, joten s\u00e4hk\u00f6tupakka on aina k\u00e4ytt\u00f6valmis. N\u00e4m\u00e4 tekniset ominaisuudet, yhdistettyn\u00e4 k\u00e4ytt\u00e4j\u00e4yst\u00e4v\u00e4lliseen k\u00e4sittelyyn, tekev\u00e4t WASPE 8000 PUFFS Mansikka J\u00e4\u00e4 -s\u00e4hk\u00f6tupakasta erinomaisen valinnan sek\u00e4 kokeneille h\u00f6yrystimille ett\u00e4 aloittelijoille.<\/p>\n<h3>Veroista vapaa toimitus ja houkuttelevat tukkumyyntihinnat<\/h3>\n<p>Tukkureille WASPE 8000 PUFFS Mansikka J\u00e4\u00e4 -s\u00e4hk\u00f6tupakka tarjoaa merkitt\u00e4vi\u00e4 taloudellisia etuja. Tullittoman toimituksen mahdollisuus v\u00e4hent\u00e4\u00e4 ostokustannuksia merkitt\u00e4v\u00e4sti ja mahdollistaa tuotteen tarjoamisen kilpailukykyiseen hintaan. N\u00e4m\u00e4 hinnan edut lis\u00e4\u00e4v\u00e4t voittomarginaaleja ja tekev\u00e4t s\u00e4hk\u00f6tupakasta houkuttelevan vaihtoehdon jokaiselle j\u00e4lleenmyyj\u00e4lle.<\/p>\n<p>Houkuttelevat tukkumyyntihinnat helpottavat varaston t\u00e4ytt\u00e4mist\u00e4 edullisesti samalla kun tarjotaan korkealaatuinen tuote. Erinomainen makuel\u00e4mys, pitk\u00e4 kesto ja taloudelliset edut tekev\u00e4t WASPE 8000 PUFFS Mansikka J\u00e4\u00e4 -s\u00e4hk\u00f6tupakasta kannattavan investoinnin tukkumarkkinoille.<\/p>\n<h3>T\u00e4ydellinen mansikkamaun nautinto kaikilta osin<\/h3>\n<p>WASPE 8000 PUFFS Mansikka J\u00e4\u00e4 -s\u00e4hk\u00f6tupakka tarjoaa ainutlaatuisen h\u00f6yrystyskokemuksen, jossa yhdistyv\u00e4t mansikoiden makea hedelm\u00e4isyys ja j\u00e4\u00e4kylm\u00e4 raikkaus. Korkean puff-kapasiteetin, edistyksellisen teknologian ja k\u00e4ytt\u00e4j\u00e4yst\u00e4v\u00e4llisen k\u00e4sittelyn ansiosta se asettaa uudet standardit nautinnolle ja mukavuudelle.<\/p>\n<p>Tukkureille t\u00e4m\u00e4 tuote ei tarjoa vain erinomaista mahdollisuutta tarjota asiakkailleen jotain erityist\u00e4, vaan my\u00f6s merkitt\u00e4vi\u00e4 taloudellisia etuja tullittoman toimituksen ja houkuttelevien tukkumyyntihintojen ansiosta. Varmista nyt WASPE 8000 PUFFS Mansikka J\u00e4\u00e4 -s\u00e4hk\u00f6tupakka ja koe t\u00e4ydellinen mansikkamaun nautinto \u2013 itsellesi tai voittoa tuovana lis\u00e4n\u00e4 liiketoimintaasi.<\/p>","protected":false},"excerpt":{"rendered":"<p>Die WASPE 8000 PUFFS Strawberry Ice E-Zigarette bringt den s\u00fc\u00dfen und saftigen Geschmack reifer Erdbeeren mit einer erfrischenden Eisnote direkt zu Ihnen. F\u00fcr Gro\u00dfh\u00e4ndler, die ihren Kunden ein unvergleichliches Dampferlebnis bieten m\u00f6chten, kombiniert dieses Modell erstklassigen Geschmack, hohe Leistung und attraktive Preise. Erleben Sie die perfekte Balance zwischen s\u00fc\u00dfem Erdbeergenuss und k\u00fchler Frische, alles zollfrei [&hellip;]<\/p>","protected":false},"featured_media":14072,"template":"","meta":{"inline_featured_image":false},"product_cat":[15,78,735,746,741,733,750,737,736,749,752,756,744,755,738,751,727],"product_tag":[710,683],"tiered_pricing_type":"fixed","tiered_pricing_fixed_rules":[],"tiered_pricing_percentage_rules":[],"tiered_pricing_minimum":1,"_administrator_tiered_pricing_type":"fixed","_administrator_tiered_pricing_fixed_rules":[],"_editor_tiered_pricing_type":"fixed","_editor_tiered_pricing_fixed_rules":[],"_author_tiered_pricing_type":"fixed","_author_tiered_pricing_fixed_rules":[],"_contributor_tiered_pricing_type":"fixed","_contributor_tiered_pricing_fixed_rules":[],"_subscriber_tiered_pricing_type":"fixed","_subscriber_tiered_pricing_fixed_rules":[],"_customer_tiered_pricing_type":"fixed","_customer_tiered_pricing_fixed_rules":[],"_shop_manager_tiered_pricing_type":"fixed","_shop_manager_tiered_pricing_fixed_rules":[],"_wpseo_manager_tiered_pricing_type":"fixed","_wpseo_manager_tiered_pricing_fixed_rules":[],"_wpseo_editor_tiered_pricing_type":"fixed","_wpseo_editor_tiered_pricing_fixed_rules":[],"_wholesale_customer_tiered_pricing_type":"fixed","_wholesale_customer_tiered_pricing_fixed_rules":[],"_marketer_tiered_pricing_type":"fixed","_marketer_tiered_pricing_fixed_rules":[],"_sales_manager_tiered_pricing_type":"fixed","_sales_manager_tiered_pricing_fixed_rules":[],"_sales_rep_tiered_pricing_type":"fixed","_sales_rep_tiered_pricing_fixed_rules":[],"yoast_head":"<!-- This site is optimized with the Yoast SEO plugin v23.3 - https:\/\/yoast.com\/wordpress\/plugins\/seo\/ -->\n<title>Zollfreie Frische WASPE 8000 PUFFS Strawberry Ice E-Zigarette, jetzt zum besten Gro\u00dfhandelspreis f\u00fcr ultimativen Erdbeergenuss | ElementVape.de<\/title>\n<meta name=\"description\" content=\"Wir bieten Zollfreie Frische WASPE 8000 PUFFS Strawberry Ice E-Zigarette, jetzt zum besten Gro\u00dfhandelspreis f\u00fcr ultimativen Erdbeergenuss , Elementvape.de akzeptieren Gro\u00df-und Einzelhandel Bestellungen.\" \/>\n<meta name=\"robots\" content=\"index, follow, max-snippet:-1, max-image-preview:large, max-video-preview:-1\" \/>\n<link rel=\"canonical\" href=\"https:\/\/www.elementvape.de\/fi\/produkt\/zollfreie-frische-waspe-8000-puffs-strawberry-ice-e-zigarette-jetzt-zum-besten-grosshandelspreis-fuer-ultimativen-erdbeergenuss\/\" \/>\n<meta property=\"og:locale\" content=\"fi_FI\" \/>\n<meta property=\"og:type\" content=\"article\" \/>\n<meta property=\"og:title\" content=\"Zollfreie Frische WASPE 8000 PUFFS Strawberry Ice E-Zigarette, jetzt zum besten Gro\u00dfhandelspreis f\u00fcr ultimativen Erdbeergenuss | ElementVape.de\" \/>\n<meta property=\"og:description\" content=\"Wir bieten Zollfreie Frische WASPE 8000 PUFFS Strawberry Ice E-Zigarette, jetzt zum besten Gro\u00dfhandelspreis f\u00fcr ultimativen Erdbeergenuss , Elementvape.de akzeptieren Gro\u00df-und Einzelhandel Bestellungen.\" \/>\n<meta property=\"og:url\" content=\"https:\/\/www.elementvape.de\/fi\/produkt\/zollfreie-frische-waspe-8000-puffs-strawberry-ice-e-zigarette-jetzt-zum-besten-grosshandelspreis-fuer-ultimativen-erdbeergenuss\/\" \/>\n<meta property=\"og:site_name\" content=\"ElementVape.de\" \/>\n<meta property=\"article:modified_time\" content=\"2024-10-15T03:15:05+00:00\" \/>\n<meta property=\"og:image\" content=\"https:\/\/www.elementvape.de\/wp-content\/uploads\/2024\/08\/STRAWBERRY-ICE.jpg\" \/>\n\t<meta property=\"og:image:width\" content=\"800\" \/>\n\t<meta property=\"og:image:height\" content=\"800\" \/>\n\t<meta property=\"og:image:type\" content=\"image\/jpeg\" \/>\n<meta name=\"twitter:card\" content=\"summary_large_image\" \/>\n<meta name=\"twitter:label1\" content=\"Est. reading time\" \/>\n\t<meta name=\"twitter:data1\" content=\"4 minuuttia\" \/>\n<script type=\"application\/ld+json\" class=\"yoast-schema-graph\">{\"@context\":\"https:\/\/schema.org\",\"@graph\":[{\"@type\":\"WebPage\",\"@id\":\"https:\/\/www.elementvape.de\/produkt\/zollfreie-frische-waspe-8000-puffs-strawberry-ice-e-zigarette-jetzt-zum-besten-grosshandelspreis-fuer-ultimativen-erdbeergenuss\/\",\"url\":\"https:\/\/www.elementvape.de\/produkt\/zollfreie-frische-waspe-8000-puffs-strawberry-ice-e-zigarette-jetzt-zum-besten-grosshandelspreis-fuer-ultimativen-erdbeergenuss\/\",\"name\":\"Zollfreie Frische WASPE 8000 PUFFS Strawberry Ice E-Zigarette, jetzt zum besten Gro\u00dfhandelspreis f\u00fcr ultimativen Erdbeergenuss | ElementVape.de\",\"isPartOf\":{\"@id\":\"https:\/\/www.elementvape.de\/#website\"},\"primaryImageOfPage\":{\"@id\":\"https:\/\/www.elementvape.de\/produkt\/zollfreie-frische-waspe-8000-puffs-strawberry-ice-e-zigarette-jetzt-zum-besten-grosshandelspreis-fuer-ultimativen-erdbeergenuss\/#primaryimage\"},\"image\":{\"@id\":\"https:\/\/www.elementvape.de\/produkt\/zollfreie-frische-waspe-8000-puffs-strawberry-ice-e-zigarette-jetzt-zum-besten-grosshandelspreis-fuer-ultimativen-erdbeergenuss\/#primaryimage\"},\"thumbnailUrl\":\"https:\/\/www.elementvape.de\/wp-content\/uploads\/2024\/08\/STRAWBERRY-ICE.jpg\",\"datePublished\":\"2024-08-31T03:48:55+00:00\",\"dateModified\":\"2024-10-15T03:15:05+00:00\",\"description\":\"Wir bieten Zollfreie Frische WASPE 8000 PUFFS Strawberry Ice E-Zigarette, jetzt zum besten Gro\u00dfhandelspreis f\u00fcr ultimativen Erdbeergenuss , Elementvape.de akzeptieren Gro\u00df-und Einzelhandel Bestellungen.\",\"breadcrumb\":{\"@id\":\"https:\/\/www.elementvape.de\/produkt\/zollfreie-frische-waspe-8000-puffs-strawberry-ice-e-zigarette-jetzt-zum-besten-grosshandelspreis-fuer-ultimativen-erdbeergenuss\/#breadcrumb\"},\"inLanguage\":\"fi\",\"potentialAction\":[{\"@type\":\"ReadAction\",\"target\":[\"https:\/\/www.elementvape.de\/produkt\/zollfreie-frische-waspe-8000-puffs-strawberry-ice-e-zigarette-jetzt-zum-besten-grosshandelspreis-fuer-ultimativen-erdbeergenuss\/\"]}]},{\"@type\":\"ImageObject\",\"inLanguage\":\"fi\",\"@id\":\"https:\/\/www.elementvape.de\/produkt\/zollfreie-frische-waspe-8000-puffs-strawberry-ice-e-zigarette-jetzt-zum-besten-grosshandelspreis-fuer-ultimativen-erdbeergenuss\/#primaryimage\",\"url\":\"https:\/\/www.elementvape.de\/wp-content\/uploads\/2024\/08\/STRAWBERRY-ICE.jpg\",\"contentUrl\":\"https:\/\/www.elementvape.de\/wp-content\/uploads\/2024\/08\/STRAWBERRY-ICE.jpg\",\"width\":800,\"height\":800,\"caption\":\"STRAWBERRY ICE\"},{\"@type\":\"BreadcrumbList\",\"@id\":\"https:\/\/www.elementvape.de\/produkt\/zollfreie-frische-waspe-8000-puffs-strawberry-ice-e-zigarette-jetzt-zum-besten-grosshandelspreis-fuer-ultimativen-erdbeergenuss\/#breadcrumb\",\"itemListElement\":[{\"@type\":\"ListItem\",\"position\":1,\"name\":\"Home\",\"item\":\"https:\/\/www.elementvape.de\/\"},{\"@type\":\"ListItem\",\"position\":2,\"name\":\"Shop\",\"item\":\"https:\/\/www.elementvape.de\/shop\/\"},{\"@type\":\"ListItem\",\"position\":3,\"name\":\"Zollfreie Frische WASPE 8000 PUFFS Strawberry Ice E-Zigarette, jetzt zum besten Gro\u00dfhandelspreis f\u00fcr ultimativen Erdbeergenuss\"}]},{\"@type\":\"WebSite\",\"@id\":\"https:\/\/www.elementvape.de\/#website\",\"url\":\"https:\/\/www.elementvape.de\/\",\"name\":\"ElementVape.de\",\"description\":\"\",\"publisher\":{\"@id\":\"https:\/\/www.elementvape.de\/#organization\"},\"potentialAction\":[{\"@type\":\"SearchAction\",\"target\":{\"@type\":\"EntryPoint\",\"urlTemplate\":\"https:\/\/www.elementvape.de\/?s={search_term_string}\"},\"query-input\":\"required name=search_term_string\"}],\"inLanguage\":\"fi\"},{\"@type\":\"Organization\",\"@id\":\"https:\/\/www.elementvape.de\/#organization\",\"name\":\"ElementVape.DE\",\"url\":\"https:\/\/www.elementvape.de\/\",\"logo\":{\"@type\":\"ImageObject\",\"inLanguage\":\"fi\",\"@id\":\"https:\/\/www.elementvape.de\/#\/schema\/logo\/image\/\",\"url\":\"https:\/\/www.elementvape.de\/wp-content\/uploads\/2024\/09\/cropped-1elementvape-3.png\",\"contentUrl\":\"https:\/\/www.elementvape.de\/wp-content\/uploads\/2024\/09\/cropped-1elementvape-3.png\",\"width\":285,\"height\":228,\"caption\":\"ElementVape.DE\"},\"image\":{\"@id\":\"https:\/\/www.elementvape.de\/#\/schema\/logo\/image\/\"}}]}<\/script>\n<!-- \/ Yoast SEO plugin. -->","yoast_head_json":{"title":"Zollfreie Frische WASPE 8000 PUFFS Strawberry Ice E-Zigarette, jetzt zum besten Gro\u00dfhandelspreis f\u00fcr ultimativen Erdbeergenuss | ElementVape.de","description":"Wir bieten Zollfreie Frische WASPE 8000 PUFFS Strawberry Ice E-Zigarette, jetzt zum besten Gro\u00dfhandelspreis f\u00fcr ultimativen Erdbeergenuss , Elementvape.de akzeptieren Gro\u00df-und Einzelhandel Bestellungen.","robots":{"index":"index","follow":"follow","max-snippet":"max-snippet:-1","max-image-preview":"max-image-preview:large","max-video-preview":"max-video-preview:-1"},"canonical":"https:\/\/www.elementvape.de\/fi\/produkt\/zollfreie-frische-waspe-8000-puffs-strawberry-ice-e-zigarette-jetzt-zum-besten-grosshandelspreis-fuer-ultimativen-erdbeergenuss\/","og_locale":"fi_FI","og_type":"article","og_title":"Zollfreie Frische WASPE 8000 PUFFS Strawberry Ice E-Zigarette, jetzt zum besten Gro\u00dfhandelspreis f\u00fcr ultimativen Erdbeergenuss | ElementVape.de","og_description":"Wir bieten Zollfreie Frische WASPE 8000 PUFFS Strawberry Ice E-Zigarette, jetzt zum besten Gro\u00dfhandelspreis f\u00fcr ultimativen Erdbeergenuss , Elementvape.de akzeptieren Gro\u00df-und Einzelhandel Bestellungen.","og_url":"https:\/\/www.elementvape.de\/fi\/produkt\/zollfreie-frische-waspe-8000-puffs-strawberry-ice-e-zigarette-jetzt-zum-besten-grosshandelspreis-fuer-ultimativen-erdbeergenuss\/","og_site_name":"ElementVape.de","article_modified_time":"2024-10-15T03:15:05+00:00","og_image":[{"width":800,"height":800,"url":"https:\/\/www.elementvape.de\/wp-content\/uploads\/2024\/08\/STRAWBERRY-ICE.jpg","type":"image\/jpeg"}],"twitter_card":"summary_large_image","twitter_misc":{"Est. reading time":"4 minuuttia"},"schema":{"@context":"https:\/\/schema.org","@graph":[{"@type":"WebPage","@id":"https:\/\/www.elementvape.de\/produkt\/zollfreie-frische-waspe-8000-puffs-strawberry-ice-e-zigarette-jetzt-zum-besten-grosshandelspreis-fuer-ultimativen-erdbeergenuss\/","url":"https:\/\/www.elementvape.de\/produkt\/zollfreie-frische-waspe-8000-puffs-strawberry-ice-e-zigarette-jetzt-zum-besten-grosshandelspreis-fuer-ultimativen-erdbeergenuss\/","name":"Zollfreie Frische WASPE 8000 PUFFS Strawberry Ice E-Zigarette, jetzt zum besten Gro\u00dfhandelspreis f\u00fcr ultimativen Erdbeergenuss | ElementVape.de","isPartOf":{"@id":"https:\/\/www.elementvape.de\/#website"},"primaryImageOfPage":{"@id":"https:\/\/www.elementvape.de\/produkt\/zollfreie-frische-waspe-8000-puffs-strawberry-ice-e-zigarette-jetzt-zum-besten-grosshandelspreis-fuer-ultimativen-erdbeergenuss\/#primaryimage"},"image":{"@id":"https:\/\/www.elementvape.de\/produkt\/zollfreie-frische-waspe-8000-puffs-strawberry-ice-e-zigarette-jetzt-zum-besten-grosshandelspreis-fuer-ultimativen-erdbeergenuss\/#primaryimage"},"thumbnailUrl":"https:\/\/www.elementvape.de\/wp-content\/uploads\/2024\/08\/STRAWBERRY-ICE.jpg","datePublished":"2024-08-31T03:48:55+00:00","dateModified":"2024-10-15T03:15:05+00:00","description":"Wir bieten Zollfreie Frische WASPE 8000 PUFFS Strawberry Ice E-Zigarette, jetzt zum besten Gro\u00dfhandelspreis f\u00fcr ultimativen Erdbeergenuss , Elementvape.de akzeptieren Gro\u00df-und Einzelhandel Bestellungen.","breadcrumb":{"@id":"https:\/\/www.elementvape.de\/produkt\/zollfreie-frische-waspe-8000-puffs-strawberry-ice-e-zigarette-jetzt-zum-besten-grosshandelspreis-fuer-ultimativen-erdbeergenuss\/#breadcrumb"},"inLanguage":"fi","potentialAction":[{"@type":"ReadAction","target":["https:\/\/www.elementvape.de\/produkt\/zollfreie-frische-waspe-8000-puffs-strawberry-ice-e-zigarette-jetzt-zum-besten-grosshandelspreis-fuer-ultimativen-erdbeergenuss\/"]}]},{"@type":"ImageObject","inLanguage":"fi","@id":"https:\/\/www.elementvape.de\/produkt\/zollfreie-frische-waspe-8000-puffs-strawberry-ice-e-zigarette-jetzt-zum-besten-grosshandelspreis-fuer-ultimativen-erdbeergenuss\/#primaryimage","url":"https:\/\/www.elementvape.de\/wp-content\/uploads\/2024\/08\/STRAWBERRY-ICE.jpg","contentUrl":"https:\/\/www.elementvape.de\/wp-content\/uploads\/2024\/08\/STRAWBERRY-ICE.jpg","width":800,"height":800,"caption":"STRAWBERRY ICE"},{"@type":"BreadcrumbList","@id":"https:\/\/www.elementvape.de\/produkt\/zollfreie-frische-waspe-8000-puffs-strawberry-ice-e-zigarette-jetzt-zum-besten-grosshandelspreis-fuer-ultimativen-erdbeergenuss\/#breadcrumb","itemListElement":[{"@type":"ListItem","position":1,"name":"Home","item":"https:\/\/www.elementvape.de\/"},{"@type":"ListItem","position":2,"name":"Shop","item":"https:\/\/www.elementvape.de\/shop\/"},{"@type":"ListItem","position":3,"name":"Zollfreie Frische WASPE 8000 PUFFS Strawberry Ice E-Zigarette, jetzt zum besten Gro\u00dfhandelspreis f\u00fcr ultimativen Erdbeergenuss"}]},{"@type":"WebSite","@id":"https:\/\/www.elementvape.de\/#website","url":"https:\/\/www.elementvape.de\/","name":"ElementVape.de","description":"","publisher":{"@id":"https:\/\/www.elementvape.de\/#organization"},"potentialAction":[{"@type":"SearchAction","target":{"@type":"EntryPoint","urlTemplate":"https:\/\/www.elementvape.de\/?s={search_term_string}"},"query-input":"required name=search_term_string"}],"inLanguage":"fi"},{"@type":"Organization","@id":"https:\/\/www.elementvape.de\/#organization","name":"ElementVape.DE","url":"https:\/\/www.elementvape.de\/","logo":{"@type":"ImageObject","inLanguage":"fi","@id":"https:\/\/www.elementvape.de\/#\/schema\/logo\/image\/","url":"https:\/\/www.elementvape.de\/wp-content\/uploads\/2024\/09\/cropped-1elementvape-3.png","contentUrl":"https:\/\/www.elementvape.de\/wp-content\/uploads\/2024\/09\/cropped-1elementvape-3.png","width":285,"height":228,"caption":"ElementVape.DE"},"image":{"@id":"https:\/\/www.elementvape.de\/#\/schema\/logo\/image\/"}}]}},"_links":{"self":[{"href":"https:\/\/www.elementvape.de\/fi\/wp-json\/wp\/v2\/product\/14071"}],"collection":[{"href":"https:\/\/www.elementvape.de\/fi\/wp-json\/wp\/v2\/product"}],"about":[{"href":"https:\/\/www.elementvape.de\/fi\/wp-json\/wp\/v2\/types\/product"}],"wp:featuredmedia":[{"embeddable":true,"href":"https:\/\/www.elementvape.de\/fi\/wp-json\/wp\/v2\/media\/14072"}],"wp:attachment":[{"href":"https:\/\/www.elementvape.de\/fi\/wp-json\/wp\/v2\/media?parent=14071"}],"wp:term":[{"taxonomy":"product_cat","embeddable":true,"href":"https:\/\/www.elementvape.de\/fi\/wp-json\/wp\/v2\/product_cat?post=14071"},{"taxonomy":"product_tag","embeddable":true,"href":"https:\/\/www.elementvape.de\/fi\/wp-json\/wp\/v2\/product_tag?post=14071"}],"curies":[{"name":"wp","href":"https:\/\/api.w.org\/{rel}","templated":true}]}}