{"id":14030,"date":"2024-08-27T03:26:07","date_gmt":"2024-08-27T03:26:07","guid":{"rendered":"https:\/\/www.elementvape.de\/?post_type=product&#038;p=14030"},"modified":"2024-10-15T03:34:40","modified_gmt":"2024-10-15T03:34:40","slug":"sichern-sie-sich-die-mint-waspe-5000-e-zigarette-zollfrei-und-profitieren-sie-von-unschlagbaren-grosshandelspreisen-fuer-hoechste-qualitaet-und-maximalen-genuss","status":"publish","type":"product","link":"https:\/\/www.elementvape.de\/fi\/produkt\/sichern-sie-sich-die-mint-waspe-5000-e-zigarette-zollfrei-und-profitieren-sie-von-unschlagbaren-grosshandelspreisen-fuer-hoechste-qualitaet-und-maximalen-genuss\/","title":{"rendered":"Hanki MINT WASPE 5000 -s\u00e4hk\u00f6savuke tullitta ja hy\u00f6dynn\u00e4 ly\u00f6m\u00e4tt\u00f6m\u00e4t tukkuhinnat korkeimmalle laadulle ja maksimaaliselle nautinnolle"},"content":{"rendered":"<h2>MINT WASPE 5000 Vallankumouksellinen elektronisten savukkeiden ilo<\/h2>\n<p>H\u00f6yrytysten maailma on t\u00e4ynn\u00e4 innovaatioita, mutta vain harvat tuotteet erottuvat niin kuin MINT WASPE 5000. T\u00e4m\u00e4 <strong><a href=\"https:\/\/www.elementvape.de\/fi\/\" target=\"_blank\" rel=\"noopener\">S\u00e4hk\u00f6tupakka<\/a><\/strong> yhdist\u00e4\u00e4 muotoilun, toiminnallisuuden ja maun ja tarjoaa vertaansa vailla olevan kokemuksen, johon jopa n\u00e4m\u00e4 ihmiset vannovat. Vaativin h\u00f6yrytt\u00e4j\u00e4. Opi, miksi elektroninen savuke MINT WASPE 5000 voisi olla uusi suosikkisi.<\/p>\n<h3>MINT WASPE 5000 vertaansa vailla olevat ominaisuudet<\/h3>\n<p>MINT WASPE 5000 on suunniteltu t\u00e4ytt\u00e4m\u00e4\u00e4n korkeimmat vaatimukset ja tarjoamaan samalla maksimaalisen nautinnon. T\u00e4rkeimm\u00e4t ominaisuudet, jotka tekev\u00e4t siit\u00e4 erinomaisen valinnan:<\/p>\n<p>Nestekapasiteetti: MINT WASPE 5000:ssa on nestekapasiteetti jopa 13 ml, mik\u00e4 takaa poikkeuksellisen pitk\u00e4n savukokemuksen. Voit nauttia tuntikausia ilman t\u00e4ytt\u00f6\u00e4.<\/p>\n<p>VIRRANKEST\u00c4V\u00c4 AKKU: MINT WASPE 5000 on varustettu 650-mAh akulla, joka voidaan ladata nopeasti USB-C:ll\u00e4, mik\u00e4 tekee siit\u00e4 kest\u00e4v\u00e4n ja joustavan. T\u00e4ysin ladattu akku riitt\u00e4\u00e4 jopa 5 000 vedolle, riitt\u00e4v\u00e4sti koko p\u00e4iv\u00e4ksi.<\/p>\n<p>Useita makuvaihtoehtoja: 10 erilaista makuvaihtoehtoa jokaiseen makuun. Olipa makea tai virkist\u00e4v\u00e4 \u2013 jokainen l\u00f6yt\u00e4\u00e4 jotain itselleen.<\/p>\n<p>Eri nikotiinipitoisuudet: Voit valita 0, 1, 2, 3 tai 5 nikotiinia, riippuen mieltymyksest\u00e4si. T\u00e4m\u00e4 joustavuus mahdollistaa t\u00e4ydellisen tasapainon maun ja nikotiinin v\u00e4lill\u00e4.<\/p>\n<p>Helppok\u00e4ytt\u00f6inen: MINT WASPE 5000 ei vaadi monimutkaisia asetuksia tai painikkeita. Automaattisen vedon ansiosta h\u00f6yry alkaa jo ensimm\u00e4isell\u00e4 vedolla \u2013 helpommaksi ei voi menn\u00e4.<\/p>\n<p>Tyylik\u00e4s muotoilu: Kompakti muotoilu (79 mm x 41 mm x 19 mm) ja kevyt paino 89 g tekev\u00e4t MINT WASPE 5000:sta paitsi k\u00e4yt\u00e4nn\u00f6llisen, my\u00f6s tyylikk\u00e4\u00e4n. V\u00e4ri\u00e4 vaihtava valo tekee laitteesta erityisen silm\u00e4\u00e4npist\u00e4v\u00e4n ja j\u00e4tt\u00e4\u00e4 pysyv\u00e4n vaikutelman.<\/p>\n<h3>Korkealaatuinen ja nautinnollinen<\/h3>\n<p><img loading=\"lazy\" decoding=\"async\" class=\"wp-image-14031\" src=\"https:\/\/www.elementvape.de\/wp-content\/uploads\/2024\/08\/1-1-250x300.jpg\" alt=\"1 (1)\" width=\"256\" height=\"307\" srcset=\"https:\/\/www.elementvape.de\/wp-content\/uploads\/2024\/08\/1-1-250x300.jpg 250w, https:\/\/www.elementvape.de\/wp-content\/uploads\/2024\/08\/1-1-853x1024.jpg 853w, https:\/\/www.elementvape.de\/wp-content\/uploads\/2024\/08\/1-1-768x922.jpg 768w, https:\/\/www.elementvape.de\/wp-content\/uploads\/2024\/08\/1-1-600x720.jpg 600w, https:\/\/www.elementvape.de\/wp-content\/uploads\/2024\/08\/1-1.jpg 1000w\" sizes=\"(max-width: 256px) 100vw, 256px\" \/><\/p>\n<p>Elektroninen savuke MINT WASPE 5000 edustaa paitsi innovatiivista teknologiaa my\u00f6s korkeimpia laatustandardeja. Jokainen yksityiskohta on huolellisesti suunniteltu luomaan tuote, joka vaikuttaa sek\u00e4 suorituskyvyll\u00e4\u00e4n ett\u00e4 maullaan. Tilava nestekiden\u00e4ytteen s\u00e4ili\u00f6 varmistaa, ett\u00e4 voit nauttia t\u00e4ytel\u00e4isest\u00e4 mausta pidemp\u00e4\u00e4n, kun taas tehokas akku takaa vakaan savutuloksen.<\/p>\n<p>Toinen MINT WASPE 5000:n kohokohta on mahdollisuus ostaa t\u00e4m\u00e4 elektroninen savuke verottomasti ja hy\u00f6dynt\u00e4\u00e4 vertaansa vailla olevia tukkumyyntihintoja. T\u00e4m\u00e4 tekee siit\u00e4 erityisen houkuttelevan sek\u00e4 yksityishenkil\u00f6ille ett\u00e4 j\u00e4lleenmyyjille. Laatu ei tarvitse olla kallista \u2013 MINT WASPE 5000 todistaa t\u00e4m\u00e4n vaikuttavasti.<\/p>\n<p>Olitpa kokenut h\u00f6yrytt\u00e4j\u00e4 tai vasta aloittamassa, MINT WASPE 5000 tarjoaa kaiken, mit\u00e4 odotat korkealaatuiselta tuotteelta. Pitk\u00e4 akunkesto, monipuoliset makuvaihtoehdot ja k\u00e4ytt\u00e4j\u00e4yst\u00e4v\u00e4llinen muotoilu tekev\u00e4t t\u00e4st\u00e4 elektronisesta savukkeesta t\u00e4ydellisen valinnan kaikille, jotka arvostavat laatua ja nautintoa. Ota se k\u00e4ytt\u00f6\u00f6n ja koe h\u00f6yrytystason uusi ulottuvuus!<\/p>","protected":false},"excerpt":{"rendered":"<p>MINT WASPE 5000 Das revolution\u00e4re Vergn\u00fcgen elektronischer Zigaretten Die Welt des Dampfens ist voller Innovationen, aber nur wenige Produkte stechen so heraus wie der MINT WASPE 5000. Diese E-Zigarette vereint Design, Funktionalit\u00e4t und Geschmack und bietet ein unvergleichliches Erlebnis, auf das selbst diese Leute schw\u00f6ren. Der anspruchsvollste Dampfgarer. Finden Sie heraus, warum die E-Zigarette MINT [&hellip;]<\/p>","protected":false},"featured_media":14032,"template":"","meta":{"inline_featured_image":false},"product_cat":[15,78,735,746,741,733,744,755,738,751,726],"product_tag":[710,678],"tiered_pricing_type":"fixed","tiered_pricing_fixed_rules":[],"tiered_pricing_percentage_rules":[],"tiered_pricing_minimum":1,"_administrator_tiered_pricing_type":"fixed","_administrator_tiered_pricing_fixed_rules":[],"_editor_tiered_pricing_type":"fixed","_editor_tiered_pricing_fixed_rules":[],"_author_tiered_pricing_type":"fixed","_author_tiered_pricing_fixed_rules":[],"_contributor_tiered_pricing_type":"fixed","_contributor_tiered_pricing_fixed_rules":[],"_subscriber_tiered_pricing_type":"fixed","_subscriber_tiered_pricing_fixed_rules":[],"_customer_tiered_pricing_type":"fixed","_customer_tiered_pricing_fixed_rules":[],"_shop_manager_tiered_pricing_type":"fixed","_shop_manager_tiered_pricing_fixed_rules":[],"_wpseo_manager_tiered_pricing_type":"fixed","_wpseo_manager_tiered_pricing_fixed_rules":[],"_wpseo_editor_tiered_pricing_type":"fixed","_wpseo_editor_tiered_pricing_fixed_rules":[],"_wholesale_customer_tiered_pricing_type":"fixed","_wholesale_customer_tiered_pricing_fixed_rules":[],"_marketer_tiered_pricing_type":"fixed","_marketer_tiered_pricing_fixed_rules":[],"_sales_manager_tiered_pricing_type":"fixed","_sales_manager_tiered_pricing_fixed_rules":[],"_sales_rep_tiered_pricing_type":"fixed","_sales_rep_tiered_pricing_fixed_rules":[],"yoast_head":"<!-- This site is optimized with the Yoast SEO plugin v23.3 - https:\/\/yoast.com\/wordpress\/plugins\/seo\/ -->\n<title>Sichern Sie sich die MINT WASPE 5000 E-Zigarette zollfrei und profitieren Sie von unschlagbaren Gro\u00dfhandelspreisen f\u00fcr h\u00f6chste Qualit\u00e4t und maximalen Genuss | ElementVape.de<\/title>\n<meta name=\"description\" content=\"Wir bieten Sichern Sie sich die MINT WASPE 5000 E-Zigarette zollfrei und profitieren Sie von unschlagbaren Gro\u00dfhandelspreisen f\u00fcr h\u00f6chste Qualit\u00e4t und maximalen Genuss , Elementvape.de akzeptieren Gro\u00df-und Einzelhandel Bestellungen.\" \/>\n<meta name=\"robots\" content=\"index, follow, max-snippet:-1, max-image-preview:large, max-video-preview:-1\" \/>\n<link rel=\"canonical\" href=\"https:\/\/www.elementvape.de\/fi\/produkt\/sichern-sie-sich-die-mint-waspe-5000-e-zigarette-zollfrei-und-profitieren-sie-von-unschlagbaren-grosshandelspreisen-fuer-hoechste-qualitaet-und-maximalen-genuss\/\" \/>\n<meta property=\"og:locale\" content=\"fi_FI\" \/>\n<meta property=\"og:type\" content=\"article\" \/>\n<meta property=\"og:title\" content=\"Sichern Sie sich die MINT WASPE 5000 E-Zigarette zollfrei und profitieren Sie von unschlagbaren Gro\u00dfhandelspreisen f\u00fcr h\u00f6chste Qualit\u00e4t und maximalen Genuss | ElementVape.de\" \/>\n<meta property=\"og:description\" content=\"Wir bieten Sichern Sie sich die MINT WASPE 5000 E-Zigarette zollfrei und profitieren Sie von unschlagbaren Gro\u00dfhandelspreisen f\u00fcr h\u00f6chste Qualit\u00e4t und maximalen Genuss , Elementvape.de akzeptieren Gro\u00df-und Einzelhandel Bestellungen.\" \/>\n<meta property=\"og:url\" content=\"https:\/\/www.elementvape.de\/fi\/produkt\/sichern-sie-sich-die-mint-waspe-5000-e-zigarette-zollfrei-und-profitieren-sie-von-unschlagbaren-grosshandelspreisen-fuer-hoechste-qualitaet-und-maximalen-genuss\/\" \/>\n<meta property=\"og:site_name\" content=\"ElementVape.de\" \/>\n<meta property=\"article:modified_time\" content=\"2024-10-15T03:34:40+00:00\" \/>\n<meta property=\"og:image\" content=\"https:\/\/www.elementvape.de\/wp-content\/uploads\/2024\/08\/MINT.webp\" \/>\n\t<meta property=\"og:image:width\" content=\"400\" \/>\n\t<meta property=\"og:image:height\" content=\"400\" \/>\n\t<meta property=\"og:image:type\" content=\"image\/webp\" \/>\n<meta name=\"twitter:card\" content=\"summary_large_image\" \/>\n<meta name=\"twitter:label1\" content=\"Est. reading time\" \/>\n\t<meta name=\"twitter:data1\" content=\"4 minuuttia\" \/>\n<script type=\"application\/ld+json\" class=\"yoast-schema-graph\">{\"@context\":\"https:\/\/schema.org\",\"@graph\":[{\"@type\":\"WebPage\",\"@id\":\"https:\/\/www.elementvape.de\/produkt\/sichern-sie-sich-die-mint-waspe-5000-e-zigarette-zollfrei-und-profitieren-sie-von-unschlagbaren-grosshandelspreisen-fuer-hoechste-qualitaet-und-maximalen-genuss\/\",\"url\":\"https:\/\/www.elementvape.de\/produkt\/sichern-sie-sich-die-mint-waspe-5000-e-zigarette-zollfrei-und-profitieren-sie-von-unschlagbaren-grosshandelspreisen-fuer-hoechste-qualitaet-und-maximalen-genuss\/\",\"name\":\"Sichern Sie sich die MINT WASPE 5000 E-Zigarette zollfrei und profitieren Sie von unschlagbaren Gro\u00dfhandelspreisen f\u00fcr h\u00f6chste Qualit\u00e4t und maximalen Genuss | ElementVape.de\",\"isPartOf\":{\"@id\":\"https:\/\/www.elementvape.de\/#website\"},\"primaryImageOfPage\":{\"@id\":\"https:\/\/www.elementvape.de\/produkt\/sichern-sie-sich-die-mint-waspe-5000-e-zigarette-zollfrei-und-profitieren-sie-von-unschlagbaren-grosshandelspreisen-fuer-hoechste-qualitaet-und-maximalen-genuss\/#primaryimage\"},\"image\":{\"@id\":\"https:\/\/www.elementvape.de\/produkt\/sichern-sie-sich-die-mint-waspe-5000-e-zigarette-zollfrei-und-profitieren-sie-von-unschlagbaren-grosshandelspreisen-fuer-hoechste-qualitaet-und-maximalen-genuss\/#primaryimage\"},\"thumbnailUrl\":\"https:\/\/www.elementvape.de\/wp-content\/uploads\/2024\/08\/MINT.webp\",\"datePublished\":\"2024-08-27T03:26:07+00:00\",\"dateModified\":\"2024-10-15T03:34:40+00:00\",\"description\":\"Wir bieten Sichern Sie sich die MINT WASPE 5000 E-Zigarette zollfrei und profitieren Sie von unschlagbaren Gro\u00dfhandelspreisen f\u00fcr h\u00f6chste Qualit\u00e4t und maximalen Genuss , Elementvape.de akzeptieren Gro\u00df-und Einzelhandel Bestellungen.\",\"breadcrumb\":{\"@id\":\"https:\/\/www.elementvape.de\/produkt\/sichern-sie-sich-die-mint-waspe-5000-e-zigarette-zollfrei-und-profitieren-sie-von-unschlagbaren-grosshandelspreisen-fuer-hoechste-qualitaet-und-maximalen-genuss\/#breadcrumb\"},\"inLanguage\":\"fi\",\"potentialAction\":[{\"@type\":\"ReadAction\",\"target\":[\"https:\/\/www.elementvape.de\/produkt\/sichern-sie-sich-die-mint-waspe-5000-e-zigarette-zollfrei-und-profitieren-sie-von-unschlagbaren-grosshandelspreisen-fuer-hoechste-qualitaet-und-maximalen-genuss\/\"]}]},{\"@type\":\"ImageObject\",\"inLanguage\":\"fi\",\"@id\":\"https:\/\/www.elementvape.de\/produkt\/sichern-sie-sich-die-mint-waspe-5000-e-zigarette-zollfrei-und-profitieren-sie-von-unschlagbaren-grosshandelspreisen-fuer-hoechste-qualitaet-und-maximalen-genuss\/#primaryimage\",\"url\":\"https:\/\/www.elementvape.de\/wp-content\/uploads\/2024\/08\/MINT.webp\",\"contentUrl\":\"https:\/\/www.elementvape.de\/wp-content\/uploads\/2024\/08\/MINT.webp\",\"width\":400,\"height\":400,\"caption\":\"MINT\"},{\"@type\":\"BreadcrumbList\",\"@id\":\"https:\/\/www.elementvape.de\/produkt\/sichern-sie-sich-die-mint-waspe-5000-e-zigarette-zollfrei-und-profitieren-sie-von-unschlagbaren-grosshandelspreisen-fuer-hoechste-qualitaet-und-maximalen-genuss\/#breadcrumb\",\"itemListElement\":[{\"@type\":\"ListItem\",\"position\":1,\"name\":\"Home\",\"item\":\"https:\/\/www.elementvape.de\/\"},{\"@type\":\"ListItem\",\"position\":2,\"name\":\"Shop\",\"item\":\"https:\/\/www.elementvape.de\/shop\/\"},{\"@type\":\"ListItem\",\"position\":3,\"name\":\"Sichern Sie sich die MINT WASPE 5000 E-Zigarette zollfrei und profitieren Sie von unschlagbaren Gro\u00dfhandelspreisen f\u00fcr h\u00f6chste Qualit\u00e4t und maximalen Genuss\"}]},{\"@type\":\"WebSite\",\"@id\":\"https:\/\/www.elementvape.de\/#website\",\"url\":\"https:\/\/www.elementvape.de\/\",\"name\":\"ElementVape.de\",\"description\":\"\",\"publisher\":{\"@id\":\"https:\/\/www.elementvape.de\/#organization\"},\"potentialAction\":[{\"@type\":\"SearchAction\",\"target\":{\"@type\":\"EntryPoint\",\"urlTemplate\":\"https:\/\/www.elementvape.de\/?s={search_term_string}\"},\"query-input\":\"required name=search_term_string\"}],\"inLanguage\":\"fi\"},{\"@type\":\"Organization\",\"@id\":\"https:\/\/www.elementvape.de\/#organization\",\"name\":\"ElementVape.DE\",\"url\":\"https:\/\/www.elementvape.de\/\",\"logo\":{\"@type\":\"ImageObject\",\"inLanguage\":\"fi\",\"@id\":\"https:\/\/www.elementvape.de\/#\/schema\/logo\/image\/\",\"url\":\"https:\/\/www.elementvape.de\/wp-content\/uploads\/2024\/09\/cropped-1elementvape-3.png\",\"contentUrl\":\"https:\/\/www.elementvape.de\/wp-content\/uploads\/2024\/09\/cropped-1elementvape-3.png\",\"width\":285,\"height\":228,\"caption\":\"ElementVape.DE\"},\"image\":{\"@id\":\"https:\/\/www.elementvape.de\/#\/schema\/logo\/image\/\"}}]}<\/script>\n<!-- \/ Yoast SEO plugin. -->","yoast_head_json":{"title":"Sichern Sie sich die MINT WASPE 5000 E-Zigarette zollfrei und profitieren Sie von unschlagbaren Gro\u00dfhandelspreisen f\u00fcr h\u00f6chste Qualit\u00e4t und maximalen Genuss | ElementVape.de","description":"Wir bieten Sichern Sie sich die MINT WASPE 5000 E-Zigarette zollfrei und profitieren Sie von unschlagbaren Gro\u00dfhandelspreisen f\u00fcr h\u00f6chste Qualit\u00e4t und maximalen Genuss , Elementvape.de akzeptieren Gro\u00df-und Einzelhandel Bestellungen.","robots":{"index":"index","follow":"follow","max-snippet":"max-snippet:-1","max-image-preview":"max-image-preview:large","max-video-preview":"max-video-preview:-1"},"canonical":"https:\/\/www.elementvape.de\/fi\/produkt\/sichern-sie-sich-die-mint-waspe-5000-e-zigarette-zollfrei-und-profitieren-sie-von-unschlagbaren-grosshandelspreisen-fuer-hoechste-qualitaet-und-maximalen-genuss\/","og_locale":"fi_FI","og_type":"article","og_title":"Sichern Sie sich die MINT WASPE 5000 E-Zigarette zollfrei und profitieren Sie von unschlagbaren Gro\u00dfhandelspreisen f\u00fcr h\u00f6chste Qualit\u00e4t und maximalen Genuss | ElementVape.de","og_description":"Wir bieten Sichern Sie sich die MINT WASPE 5000 E-Zigarette zollfrei und profitieren Sie von unschlagbaren Gro\u00dfhandelspreisen f\u00fcr h\u00f6chste Qualit\u00e4t und maximalen Genuss , Elementvape.de akzeptieren Gro\u00df-und Einzelhandel Bestellungen.","og_url":"https:\/\/www.elementvape.de\/fi\/produkt\/sichern-sie-sich-die-mint-waspe-5000-e-zigarette-zollfrei-und-profitieren-sie-von-unschlagbaren-grosshandelspreisen-fuer-hoechste-qualitaet-und-maximalen-genuss\/","og_site_name":"ElementVape.de","article_modified_time":"2024-10-15T03:34:40+00:00","og_image":[{"width":400,"height":400,"url":"https:\/\/www.elementvape.de\/wp-content\/uploads\/2024\/08\/MINT.webp","type":"image\/webp"}],"twitter_card":"summary_large_image","twitter_misc":{"Est. reading time":"4 minuuttia"},"schema":{"@context":"https:\/\/schema.org","@graph":[{"@type":"WebPage","@id":"https:\/\/www.elementvape.de\/produkt\/sichern-sie-sich-die-mint-waspe-5000-e-zigarette-zollfrei-und-profitieren-sie-von-unschlagbaren-grosshandelspreisen-fuer-hoechste-qualitaet-und-maximalen-genuss\/","url":"https:\/\/www.elementvape.de\/produkt\/sichern-sie-sich-die-mint-waspe-5000-e-zigarette-zollfrei-und-profitieren-sie-von-unschlagbaren-grosshandelspreisen-fuer-hoechste-qualitaet-und-maximalen-genuss\/","name":"Sichern Sie sich die MINT WASPE 5000 E-Zigarette zollfrei und profitieren Sie von unschlagbaren Gro\u00dfhandelspreisen f\u00fcr h\u00f6chste Qualit\u00e4t und maximalen Genuss | ElementVape.de","isPartOf":{"@id":"https:\/\/www.elementvape.de\/#website"},"primaryImageOfPage":{"@id":"https:\/\/www.elementvape.de\/produkt\/sichern-sie-sich-die-mint-waspe-5000-e-zigarette-zollfrei-und-profitieren-sie-von-unschlagbaren-grosshandelspreisen-fuer-hoechste-qualitaet-und-maximalen-genuss\/#primaryimage"},"image":{"@id":"https:\/\/www.elementvape.de\/produkt\/sichern-sie-sich-die-mint-waspe-5000-e-zigarette-zollfrei-und-profitieren-sie-von-unschlagbaren-grosshandelspreisen-fuer-hoechste-qualitaet-und-maximalen-genuss\/#primaryimage"},"thumbnailUrl":"https:\/\/www.elementvape.de\/wp-content\/uploads\/2024\/08\/MINT.webp","datePublished":"2024-08-27T03:26:07+00:00","dateModified":"2024-10-15T03:34:40+00:00","description":"Wir bieten Sichern Sie sich die MINT WASPE 5000 E-Zigarette zollfrei und profitieren Sie von unschlagbaren Gro\u00dfhandelspreisen f\u00fcr h\u00f6chste Qualit\u00e4t und maximalen Genuss , Elementvape.de akzeptieren Gro\u00df-und Einzelhandel Bestellungen.","breadcrumb":{"@id":"https:\/\/www.elementvape.de\/produkt\/sichern-sie-sich-die-mint-waspe-5000-e-zigarette-zollfrei-und-profitieren-sie-von-unschlagbaren-grosshandelspreisen-fuer-hoechste-qualitaet-und-maximalen-genuss\/#breadcrumb"},"inLanguage":"fi","potentialAction":[{"@type":"ReadAction","target":["https:\/\/www.elementvape.de\/produkt\/sichern-sie-sich-die-mint-waspe-5000-e-zigarette-zollfrei-und-profitieren-sie-von-unschlagbaren-grosshandelspreisen-fuer-hoechste-qualitaet-und-maximalen-genuss\/"]}]},{"@type":"ImageObject","inLanguage":"fi","@id":"https:\/\/www.elementvape.de\/produkt\/sichern-sie-sich-die-mint-waspe-5000-e-zigarette-zollfrei-und-profitieren-sie-von-unschlagbaren-grosshandelspreisen-fuer-hoechste-qualitaet-und-maximalen-genuss\/#primaryimage","url":"https:\/\/www.elementvape.de\/wp-content\/uploads\/2024\/08\/MINT.webp","contentUrl":"https:\/\/www.elementvape.de\/wp-content\/uploads\/2024\/08\/MINT.webp","width":400,"height":400,"caption":"MINT"},{"@type":"BreadcrumbList","@id":"https:\/\/www.elementvape.de\/produkt\/sichern-sie-sich-die-mint-waspe-5000-e-zigarette-zollfrei-und-profitieren-sie-von-unschlagbaren-grosshandelspreisen-fuer-hoechste-qualitaet-und-maximalen-genuss\/#breadcrumb","itemListElement":[{"@type":"ListItem","position":1,"name":"Home","item":"https:\/\/www.elementvape.de\/"},{"@type":"ListItem","position":2,"name":"Shop","item":"https:\/\/www.elementvape.de\/shop\/"},{"@type":"ListItem","position":3,"name":"Sichern Sie sich die MINT WASPE 5000 E-Zigarette zollfrei und profitieren Sie von unschlagbaren Gro\u00dfhandelspreisen f\u00fcr h\u00f6chste Qualit\u00e4t und maximalen Genuss"}]},{"@type":"WebSite","@id":"https:\/\/www.elementvape.de\/#website","url":"https:\/\/www.elementvape.de\/","name":"ElementVape.de","description":"","publisher":{"@id":"https:\/\/www.elementvape.de\/#organization"},"potentialAction":[{"@type":"SearchAction","target":{"@type":"EntryPoint","urlTemplate":"https:\/\/www.elementvape.de\/?s={search_term_string}"},"query-input":"required name=search_term_string"}],"inLanguage":"fi"},{"@type":"Organization","@id":"https:\/\/www.elementvape.de\/#organization","name":"ElementVape.DE","url":"https:\/\/www.elementvape.de\/","logo":{"@type":"ImageObject","inLanguage":"fi","@id":"https:\/\/www.elementvape.de\/#\/schema\/logo\/image\/","url":"https:\/\/www.elementvape.de\/wp-content\/uploads\/2024\/09\/cropped-1elementvape-3.png","contentUrl":"https:\/\/www.elementvape.de\/wp-content\/uploads\/2024\/09\/cropped-1elementvape-3.png","width":285,"height":228,"caption":"ElementVape.DE"},"image":{"@id":"https:\/\/www.elementvape.de\/#\/schema\/logo\/image\/"}}]}},"_links":{"self":[{"href":"https:\/\/www.elementvape.de\/fi\/wp-json\/wp\/v2\/product\/14030"}],"collection":[{"href":"https:\/\/www.elementvape.de\/fi\/wp-json\/wp\/v2\/product"}],"about":[{"href":"https:\/\/www.elementvape.de\/fi\/wp-json\/wp\/v2\/types\/product"}],"wp:featuredmedia":[{"embeddable":true,"href":"https:\/\/www.elementvape.de\/fi\/wp-json\/wp\/v2\/media\/14032"}],"wp:attachment":[{"href":"https:\/\/www.elementvape.de\/fi\/wp-json\/wp\/v2\/media?parent=14030"}],"wp:term":[{"taxonomy":"product_cat","embeddable":true,"href":"https:\/\/www.elementvape.de\/fi\/wp-json\/wp\/v2\/product_cat?post=14030"},{"taxonomy":"product_tag","embeddable":true,"href":"https:\/\/www.elementvape.de\/fi\/wp-json\/wp\/v2\/product_tag?post=14030"}],"curies":[{"name":"wp","href":"https:\/\/api.w.org\/{rel}","templated":true}]}}