{"id":14003,"date":"2024-08-26T05:45:21","date_gmt":"2024-08-26T05:45:21","guid":{"rendered":"https:\/\/www.elementvape.de\/?post_type=product&#038;p=14003"},"modified":"2024-10-15T03:45:15","modified_gmt":"2024-10-15T03:45:15","slug":"zollfrei-und-luxurioes-peach-blueberryfudge-waspe-20000-puffs-dual-mesh-fuer-aussergewoehnliches-dampfvergnuegen","status":"publish","type":"product","link":"https:\/\/www.elementvape.de\/fi\/produkt\/zollfrei-und-luxurioes-peach-blueberryfudge-waspe-20000-puffs-dual-mesh-fuer-aussergewoehnliches-dampfvergnuegen\/","title":{"rendered":"Tullivapaa ja ylellinen PEACH BLUEBERRYFUDGE WASPE 20000 PUFFS Dual Mesh poikkeukselliseen h\u00f6yrykokemukseen"},"content":{"rendered":"<div class=\"flex-shrink-0 flex flex-col relative items-end\">\n<div>\n<div class=\"pt-0\">\n<div class=\"gizmo-bot-avatar flex h-8 w-8 items-center justify-center overflow-hidden rounded-full\">\n<div class=\"relative p-1 rounded-sm flex items-center justify-center bg-token-main-surface-primary text-token-text-primary h-8 w-8\"><\/div>\n<\/div>\n<\/div>\n<\/div>\n<\/div>\n<div class=\"group\/conversation-turn relative flex w-full min-w-0 flex-col agent-turn\">\n<div class=\"flex-col gap-1 md:gap-3\">\n<div class=\"flex max-w-full flex-col flex-grow\">\n<div class=\"min-h-[20px] text-message flex w-full flex-col items-end gap-2 break-words [.text-message+&amp;]:mt-5 overflow-x-auto whitespace-normal\" dir=\"auto\" data-message-author-role=\"assistant\" data-message-id=\"645d7a75-93f2-4926-a7f9-ed36fedba504\">\n<div class=\"flex w-full flex-col gap-1 empty:hidden first:pt-[3px]\">\n<div class=\"markdown prose w-full break-words dark:prose-invert light\">\n<h2><strong>Tullivapaa ja ylellinen Peach Blueberry Fudge WASPE 20 000 vedolla<\/strong><\/h2>\n<p>Koe t\u00e4ydellinen nautinto Peach Blueberry Fudge WASPE:ll\u00e4, joka tunnetaan ylellisest\u00e4 makuyhdistelm\u00e4st\u00e4\u00e4n ja poikkeuksellisesta suorituskyvyst\u00e4\u00e4n. T\u00e4m\u00e4 premium-huikailma tarjoaa sinulle t\u00e4ydellisen sekoituksen mehukkaita persikoita, makeita mustikoita ja kermaista fudgea \u2013 maku, joka viettelee aistejasi ja ilahduttaa sinua uudelleen ja uudelleen. Kaksinkertainen mesh-kela takaa tasaisen ja intensiivisen h\u00f6yryst\u00e4misen, joka korostaa jokaisen vedon t\u00e4ytt\u00e4 makua. Kapasiteetiltaan 20 000 vetoa t\u00e4m\u00e4 malli tarjoaa vertaansa vailla olevan h\u00f6yryst\u00e4miskokemuksen pitk\u00e4n ajan.<\/p>\n<p>Kaksinkertainen mesh-kela on t\u00e4m\u00e4n ylellisen s\u00e4hk\u00f6tupakan mallin syd\u00e4n. Se mahdollistaa tasaisen l\u00e4mm\u00f6njaon ja tarjoaa erinomaisen makukokemuksen. Vastus 0,8 \u03a9 tuottaa tiheit\u00e4 pilvi\u00e4 ja intensiivisen maun jokaisella vedolla. Suuri 24 ml nestekapasiteetti takaa, ett\u00e4 voit nauttia suosikkimauistasi pitk\u00e4\u00e4n ilman, ett\u00e4 sinun tarvitsee t\u00e4ytt\u00e4\u00e4 usein.<\/p>\n<h3><strong>Mukavuutta ja k\u00e4ytt\u00e4j\u00e4yst\u00e4v\u00e4llisyytt\u00e4 yhdistettyn\u00e4<\/strong><\/h3>\n<p>Poikkeuksellisen maun lis\u00e4ksi Peach Blueberry Fudge WASPE tarjoaa my\u00f6s korkean k\u00e4ytt\u00e4j\u00e4yst\u00e4v\u00e4llisyyden. Modernin LCD-n\u00e4yt\u00f6n avulla saat kaikki t\u00e4rke\u00e4t tiedot yhdell\u00e4 silm\u00e4yksell\u00e4. N\u00e4ytt\u00f6 mahdollistaa tarkan hallinnan nikotiinipitoisuuden suhteen, jonka voit s\u00e4\u00e4t\u00e4\u00e4 mieltymystesi mukaan: 2 % tai 5 %. T\u00e4m\u00e4 joustavuus varmistaa, ett\u00e4 voit r\u00e4\u00e4t\u00e4l\u00f6id\u00e4 h\u00f6yryst\u00e4miskokemuksesi t\u00e4ysin omien toiveidesi mukaan.<\/p>\n<p>Integroitu 900 mAh akku takaa kest\u00e4v\u00e4n k\u00e4yt\u00f6n ja nopean latauksen Type-C-liit\u00e4nn\u00e4n kautta. T\u00e4m\u00e4 mahdollistaa erityisen nopean ja k\u00e4tev\u00e4n latauksen, jotta olet nopeasti taas k\u00e4ytt\u00f6valmis. Kompakti muotoilu, mitat 35 x 56 x 120 mm ja paino vain 110 g, tekee siit\u00e4 k\u00e4tev\u00e4n matkakumppanin.<\/p>\n<h3><strong>K\u00e4yt\u00e4nn\u00f6llinen pakkaus ja poikkeuksellinen laatu<\/strong><\/h3>\n<p>Peach Blueberry Fudge WASPE toimitetaan k\u00e4yt\u00e4nn\u00f6llisiss\u00e4 n\u00e4ytt\u00f6laatikossa, joissa on 10 kappaletta, mik\u00e4 tekee siit\u00e4 ihanteellisen v\u00e4hitt\u00e4ismyyntiin. T\u00e4m\u00e4 pakkaus tarjoaa houkuttelevan esittelyn tuotteesta ja helpottaa varastointia ja myynti\u00e4. Huolellisesti suunniteltu muotoilu ja ylellinen varustus tekev\u00e4t siit\u00e4 <strong><a href=\"https:\/\/www.elementvape.de\/fi\/\" target=\"_blank\" rel=\"noopener\">S\u00e4hk\u00f6tupakka<\/a><\/strong> todellisen kohokohdan kaikille h\u00f6yrystimille, jotka arvostavat laatua ja eksklusiivista nautintoa.<\/p>\n<p><strong>Tekniset tiedot yhteenvetona<\/strong><\/p>\n<table>\n<thead>\n<tr>\n<th><strong>Ominaisuus<\/strong><\/th>\n<th><strong>Yksityiskohdat<\/strong><\/th>\n<\/tr>\n<\/thead>\n<tbody>\n<tr>\n<td>Maku<\/td>\n<td>Peach Blueberry Fudge<\/td>\n<\/tr>\n<tr>\n<td>Pureskelut<\/td>\n<td>Jopa 20 000<\/td>\n<\/tr>\n<tr>\n<td>kela<\/td>\n<td>Kaksoisverkko<\/td>\n<\/tr>\n<tr>\n<td>Verkkokelan vastus<\/td>\n<td>0,8 \u03a9<\/td>\n<\/tr>\n<tr>\n<td>Akku<\/td>\n<td>900 mAh<\/td>\n<\/tr>\n<tr>\n<td>N\u00e4ytt\u00f6<\/td>\n<td>LCD<\/td>\n<\/tr>\n<tr>\n<td>N-gasapitoisuus<\/td>\n<td>2 % , 5 %<\/td>\n<\/tr>\n<tr>\n<td>Nestetilavuus<\/td>\n<td>24 ml<\/td>\n<\/tr>\n<tr>\n<td>Kelan\u00e4ytt\u00f6laatikko<\/td>\n<td>10 kpl<\/td>\n<\/tr>\n<tr>\n<td>Nettopaino<\/td>\n<td>110 g<\/td>\n<\/tr>\n<tr>\n<td>Tuotteen koko<\/td>\n<td>35 x 56 x 120 mm<\/td>\n<\/tr>\n<\/tbody>\n<\/table>\n<p>Peach Blueberry Fudge WASPE tarjoaa vertaansa vailla olevan h\u00f6yryst\u00e4miskokemuksen, joka yhdist\u00e4\u00e4 t\u00e4ydellisesti luksuksen ja mukavuuden. Poikkeuksellisen maun, tehokkaan teknologian ja k\u00e4ytt\u00e4j\u00e4yst\u00e4v\u00e4llisen varustuksen ansiosta t\u00e4m\u00e4 malli on ihanteellinen valinta kaikille, jotka etsiv\u00e4t eksklusiivista h\u00f6yryst\u00e4miskokemusta. Luota t\u00e4m\u00e4n premium-s\u00e4hk\u00f6tupakan laatuun ja makuun ja nauti jokaisesta vedosta t\u00e4ysin rinnoin.<\/p>\n<\/div>\n<\/div>\n<\/div>\n<\/div>\n<\/div>\n<\/div>","protected":false},"excerpt":{"rendered":"<p>Zollfrei und luxuri\u00f6s Peach Blueberry Fudge WASPE mit 20.000 Z\u00fcgen Erleben Sie den ultimativen Genuss mit dem Peach Blueberry Fudge WASPE, das f\u00fcr seine luxuri\u00f6se Geschmackskombination und au\u00dfergew\u00f6hnliche Leistung bekannt ist. Dieses Premium-Dampferlebnis bietet Ihnen die perfekte Mischung aus saftigen Pfirsichen, s\u00fc\u00dfen Heidelbeeren und cremigem Fudge \u2013 ein Geschmack, der Ihre Sinne verf\u00fchrt und Sie [&hellip;]<\/p>","protected":false},"featured_media":14004,"template":"","meta":{"inline_featured_image":false},"product_cat":[15,78,735,746,741,733,744,755,738,751,724],"product_tag":[710,725],"tiered_pricing_type":"fixed","tiered_pricing_fixed_rules":{"110":"8.20","200":"7.29","500":"6.38"},"tiered_pricing_percentage_rules":[],"tiered_pricing_minimum":1,"_administrator_tiered_pricing_type":"fixed","_administrator_tiered_pricing_fixed_rules":[],"_editor_tiered_pricing_type":"fixed","_editor_tiered_pricing_fixed_rules":[],"_author_tiered_pricing_type":"fixed","_author_tiered_pricing_fixed_rules":[],"_contributor_tiered_pricing_type":"fixed","_contributor_tiered_pricing_fixed_rules":[],"_subscriber_tiered_pricing_type":"fixed","_subscriber_tiered_pricing_fixed_rules":[],"_customer_tiered_pricing_type":"fixed","_customer_tiered_pricing_fixed_rules":[],"_shop_manager_tiered_pricing_type":"fixed","_shop_manager_tiered_pricing_fixed_rules":[],"_wpseo_manager_tiered_pricing_type":"fixed","_wpseo_manager_tiered_pricing_fixed_rules":[],"_wpseo_editor_tiered_pricing_type":"fixed","_wpseo_editor_tiered_pricing_fixed_rules":[],"_wholesale_customer_tiered_pricing_type":"fixed","_wholesale_customer_tiered_pricing_fixed_rules":[],"_marketer_tiered_pricing_type":"fixed","_marketer_tiered_pricing_fixed_rules":[],"_sales_manager_tiered_pricing_type":"fixed","_sales_manager_tiered_pricing_fixed_rules":[],"_sales_rep_tiered_pricing_type":"fixed","_sales_rep_tiered_pricing_fixed_rules":[],"yoast_head":"<!-- This site is optimized with the Yoast SEO plugin v23.3 - https:\/\/yoast.com\/wordpress\/plugins\/seo\/ -->\n<title>Zollfrei und luxuri\u00f6s PEACH BLUEBERRYFUDGE WASPE 20000 PUFFS Dual Mesh f\u00fcr au\u00dfergew\u00f6hnliches Dampfvergn\u00fcgen | ElementVape.de<\/title>\n<meta name=\"description\" content=\"Wir bieten Zollfrei und luxuri\u00f6s PEACH BLUEBERRYFUDGE WASPE 20000 PUFFS Dual Mesh f\u00fcr au\u00dfergew\u00f6hnliches Dampfvergn\u00fcgen , Elementvape.de akzeptieren Gro\u00df-und Einzelhandel Bestellungen.\" \/>\n<meta name=\"robots\" content=\"index, follow, max-snippet:-1, max-image-preview:large, max-video-preview:-1\" \/>\n<link rel=\"canonical\" href=\"https:\/\/www.elementvape.de\/fi\/produkt\/zollfrei-und-luxurioes-peach-blueberryfudge-waspe-20000-puffs-dual-mesh-fuer-aussergewoehnliches-dampfvergnuegen\/\" \/>\n<meta property=\"og:locale\" content=\"fi_FI\" \/>\n<meta property=\"og:type\" content=\"article\" \/>\n<meta property=\"og:title\" content=\"Zollfrei und luxuri\u00f6s PEACH BLUEBERRYFUDGE WASPE 20000 PUFFS Dual Mesh f\u00fcr au\u00dfergew\u00f6hnliches Dampfvergn\u00fcgen | ElementVape.de\" \/>\n<meta property=\"og:description\" content=\"Wir bieten Zollfrei und luxuri\u00f6s PEACH BLUEBERRYFUDGE WASPE 20000 PUFFS Dual Mesh f\u00fcr au\u00dfergew\u00f6hnliches Dampfvergn\u00fcgen , Elementvape.de akzeptieren Gro\u00df-und Einzelhandel Bestellungen.\" \/>\n<meta property=\"og:url\" content=\"https:\/\/www.elementvape.de\/fi\/produkt\/zollfrei-und-luxurioes-peach-blueberryfudge-waspe-20000-puffs-dual-mesh-fuer-aussergewoehnliches-dampfvergnuegen\/\" \/>\n<meta property=\"og:site_name\" content=\"ElementVape.de\" \/>\n<meta property=\"article:modified_time\" content=\"2024-10-15T03:45:15+00:00\" \/>\n<meta property=\"og:image\" content=\"https:\/\/www.elementvape.de\/wp-content\/uploads\/2024\/08\/PEACH-BLUEBERRYFUDGE-1024x768.jpg\" \/>\n\t<meta property=\"og:image:width\" content=\"1024\" \/>\n\t<meta property=\"og:image:height\" content=\"768\" \/>\n\t<meta property=\"og:image:type\" content=\"image\/jpeg\" \/>\n<meta name=\"twitter:card\" content=\"summary_large_image\" \/>\n<meta name=\"twitter:label1\" content=\"Est. reading time\" \/>\n\t<meta name=\"twitter:data1\" content=\"3 minuuttia\" \/>\n<script type=\"application\/ld+json\" class=\"yoast-schema-graph\">{\"@context\":\"https:\/\/schema.org\",\"@graph\":[{\"@type\":\"WebPage\",\"@id\":\"https:\/\/www.elementvape.de\/produkt\/zollfrei-und-luxurioes-peach-blueberryfudge-waspe-20000-puffs-dual-mesh-fuer-aussergewoehnliches-dampfvergnuegen\/\",\"url\":\"https:\/\/www.elementvape.de\/produkt\/zollfrei-und-luxurioes-peach-blueberryfudge-waspe-20000-puffs-dual-mesh-fuer-aussergewoehnliches-dampfvergnuegen\/\",\"name\":\"Zollfrei und luxuri\u00f6s PEACH BLUEBERRYFUDGE WASPE 20000 PUFFS Dual Mesh f\u00fcr au\u00dfergew\u00f6hnliches Dampfvergn\u00fcgen | ElementVape.de\",\"isPartOf\":{\"@id\":\"https:\/\/www.elementvape.de\/#website\"},\"primaryImageOfPage\":{\"@id\":\"https:\/\/www.elementvape.de\/produkt\/zollfrei-und-luxurioes-peach-blueberryfudge-waspe-20000-puffs-dual-mesh-fuer-aussergewoehnliches-dampfvergnuegen\/#primaryimage\"},\"image\":{\"@id\":\"https:\/\/www.elementvape.de\/produkt\/zollfrei-und-luxurioes-peach-blueberryfudge-waspe-20000-puffs-dual-mesh-fuer-aussergewoehnliches-dampfvergnuegen\/#primaryimage\"},\"thumbnailUrl\":\"https:\/\/www.elementvape.de\/wp-content\/uploads\/2024\/08\/PEACH-BLUEBERRYFUDGE.jpg\",\"datePublished\":\"2024-08-26T05:45:21+00:00\",\"dateModified\":\"2024-10-15T03:45:15+00:00\",\"description\":\"Wir bieten Zollfrei und luxuri\u00f6s PEACH BLUEBERRYFUDGE WASPE 20000 PUFFS Dual Mesh f\u00fcr au\u00dfergew\u00f6hnliches Dampfvergn\u00fcgen , Elementvape.de akzeptieren Gro\u00df-und Einzelhandel Bestellungen.\",\"breadcrumb\":{\"@id\":\"https:\/\/www.elementvape.de\/produkt\/zollfrei-und-luxurioes-peach-blueberryfudge-waspe-20000-puffs-dual-mesh-fuer-aussergewoehnliches-dampfvergnuegen\/#breadcrumb\"},\"inLanguage\":\"fi\",\"potentialAction\":[{\"@type\":\"ReadAction\",\"target\":[\"https:\/\/www.elementvape.de\/produkt\/zollfrei-und-luxurioes-peach-blueberryfudge-waspe-20000-puffs-dual-mesh-fuer-aussergewoehnliches-dampfvergnuegen\/\"]}]},{\"@type\":\"ImageObject\",\"inLanguage\":\"fi\",\"@id\":\"https:\/\/www.elementvape.de\/produkt\/zollfrei-und-luxurioes-peach-blueberryfudge-waspe-20000-puffs-dual-mesh-fuer-aussergewoehnliches-dampfvergnuegen\/#primaryimage\",\"url\":\"https:\/\/www.elementvape.de\/wp-content\/uploads\/2024\/08\/PEACH-BLUEBERRYFUDGE.jpg\",\"contentUrl\":\"https:\/\/www.elementvape.de\/wp-content\/uploads\/2024\/08\/PEACH-BLUEBERRYFUDGE.jpg\",\"width\":2500,\"height\":1875,\"caption\":\"PEACH BLUEBERRYFUDGE\"},{\"@type\":\"BreadcrumbList\",\"@id\":\"https:\/\/www.elementvape.de\/produkt\/zollfrei-und-luxurioes-peach-blueberryfudge-waspe-20000-puffs-dual-mesh-fuer-aussergewoehnliches-dampfvergnuegen\/#breadcrumb\",\"itemListElement\":[{\"@type\":\"ListItem\",\"position\":1,\"name\":\"Home\",\"item\":\"https:\/\/www.elementvape.de\/\"},{\"@type\":\"ListItem\",\"position\":2,\"name\":\"Shop\",\"item\":\"https:\/\/www.elementvape.de\/shop\/\"},{\"@type\":\"ListItem\",\"position\":3,\"name\":\"Zollfrei und luxuri\u00f6s PEACH BLUEBERRYFUDGE WASPE 20000 PUFFS Dual Mesh f\u00fcr au\u00dfergew\u00f6hnliches Dampfvergn\u00fcgen\"}]},{\"@type\":\"WebSite\",\"@id\":\"https:\/\/www.elementvape.de\/#website\",\"url\":\"https:\/\/www.elementvape.de\/\",\"name\":\"ElementVape.de\",\"description\":\"\",\"publisher\":{\"@id\":\"https:\/\/www.elementvape.de\/#organization\"},\"potentialAction\":[{\"@type\":\"SearchAction\",\"target\":{\"@type\":\"EntryPoint\",\"urlTemplate\":\"https:\/\/www.elementvape.de\/?s={search_term_string}\"},\"query-input\":\"required name=search_term_string\"}],\"inLanguage\":\"fi\"},{\"@type\":\"Organization\",\"@id\":\"https:\/\/www.elementvape.de\/#organization\",\"name\":\"ElementVape.DE\",\"url\":\"https:\/\/www.elementvape.de\/\",\"logo\":{\"@type\":\"ImageObject\",\"inLanguage\":\"fi\",\"@id\":\"https:\/\/www.elementvape.de\/#\/schema\/logo\/image\/\",\"url\":\"https:\/\/www.elementvape.de\/wp-content\/uploads\/2024\/09\/cropped-1elementvape-3.png\",\"contentUrl\":\"https:\/\/www.elementvape.de\/wp-content\/uploads\/2024\/09\/cropped-1elementvape-3.png\",\"width\":285,\"height\":228,\"caption\":\"ElementVape.DE\"},\"image\":{\"@id\":\"https:\/\/www.elementvape.de\/#\/schema\/logo\/image\/\"}}]}<\/script>\n<!-- \/ Yoast SEO plugin. -->","yoast_head_json":{"title":"Zollfrei und luxuri\u00f6s PEACH BLUEBERRYFUDGE WASPE 20000 PUFFS Dual Mesh f\u00fcr au\u00dfergew\u00f6hnliches Dampfvergn\u00fcgen | ElementVape.de","description":"Wir bieten Zollfrei und luxuri\u00f6s PEACH BLUEBERRYFUDGE WASPE 20000 PUFFS Dual Mesh f\u00fcr au\u00dfergew\u00f6hnliches Dampfvergn\u00fcgen , Elementvape.de akzeptieren Gro\u00df-und Einzelhandel Bestellungen.","robots":{"index":"index","follow":"follow","max-snippet":"max-snippet:-1","max-image-preview":"max-image-preview:large","max-video-preview":"max-video-preview:-1"},"canonical":"https:\/\/www.elementvape.de\/fi\/produkt\/zollfrei-und-luxurioes-peach-blueberryfudge-waspe-20000-puffs-dual-mesh-fuer-aussergewoehnliches-dampfvergnuegen\/","og_locale":"fi_FI","og_type":"article","og_title":"Zollfrei und luxuri\u00f6s PEACH BLUEBERRYFUDGE WASPE 20000 PUFFS Dual Mesh f\u00fcr au\u00dfergew\u00f6hnliches Dampfvergn\u00fcgen | ElementVape.de","og_description":"Wir bieten Zollfrei und luxuri\u00f6s PEACH BLUEBERRYFUDGE WASPE 20000 PUFFS Dual Mesh f\u00fcr au\u00dfergew\u00f6hnliches Dampfvergn\u00fcgen , Elementvape.de akzeptieren Gro\u00df-und Einzelhandel Bestellungen.","og_url":"https:\/\/www.elementvape.de\/fi\/produkt\/zollfrei-und-luxurioes-peach-blueberryfudge-waspe-20000-puffs-dual-mesh-fuer-aussergewoehnliches-dampfvergnuegen\/","og_site_name":"ElementVape.de","article_modified_time":"2024-10-15T03:45:15+00:00","og_image":[{"width":1024,"height":768,"url":"https:\/\/www.elementvape.de\/wp-content\/uploads\/2024\/08\/PEACH-BLUEBERRYFUDGE-1024x768.jpg","type":"image\/jpeg"}],"twitter_card":"summary_large_image","twitter_misc":{"Est. reading time":"3 minuuttia"},"schema":{"@context":"https:\/\/schema.org","@graph":[{"@type":"WebPage","@id":"https:\/\/www.elementvape.de\/produkt\/zollfrei-und-luxurioes-peach-blueberryfudge-waspe-20000-puffs-dual-mesh-fuer-aussergewoehnliches-dampfvergnuegen\/","url":"https:\/\/www.elementvape.de\/produkt\/zollfrei-und-luxurioes-peach-blueberryfudge-waspe-20000-puffs-dual-mesh-fuer-aussergewoehnliches-dampfvergnuegen\/","name":"Zollfrei und luxuri\u00f6s PEACH BLUEBERRYFUDGE WASPE 20000 PUFFS Dual Mesh f\u00fcr au\u00dfergew\u00f6hnliches Dampfvergn\u00fcgen | ElementVape.de","isPartOf":{"@id":"https:\/\/www.elementvape.de\/#website"},"primaryImageOfPage":{"@id":"https:\/\/www.elementvape.de\/produkt\/zollfrei-und-luxurioes-peach-blueberryfudge-waspe-20000-puffs-dual-mesh-fuer-aussergewoehnliches-dampfvergnuegen\/#primaryimage"},"image":{"@id":"https:\/\/www.elementvape.de\/produkt\/zollfrei-und-luxurioes-peach-blueberryfudge-waspe-20000-puffs-dual-mesh-fuer-aussergewoehnliches-dampfvergnuegen\/#primaryimage"},"thumbnailUrl":"https:\/\/www.elementvape.de\/wp-content\/uploads\/2024\/08\/PEACH-BLUEBERRYFUDGE.jpg","datePublished":"2024-08-26T05:45:21+00:00","dateModified":"2024-10-15T03:45:15+00:00","description":"Wir bieten Zollfrei und luxuri\u00f6s PEACH BLUEBERRYFUDGE WASPE 20000 PUFFS Dual Mesh f\u00fcr au\u00dfergew\u00f6hnliches Dampfvergn\u00fcgen , Elementvape.de akzeptieren Gro\u00df-und Einzelhandel Bestellungen.","breadcrumb":{"@id":"https:\/\/www.elementvape.de\/produkt\/zollfrei-und-luxurioes-peach-blueberryfudge-waspe-20000-puffs-dual-mesh-fuer-aussergewoehnliches-dampfvergnuegen\/#breadcrumb"},"inLanguage":"fi","potentialAction":[{"@type":"ReadAction","target":["https:\/\/www.elementvape.de\/produkt\/zollfrei-und-luxurioes-peach-blueberryfudge-waspe-20000-puffs-dual-mesh-fuer-aussergewoehnliches-dampfvergnuegen\/"]}]},{"@type":"ImageObject","inLanguage":"fi","@id":"https:\/\/www.elementvape.de\/produkt\/zollfrei-und-luxurioes-peach-blueberryfudge-waspe-20000-puffs-dual-mesh-fuer-aussergewoehnliches-dampfvergnuegen\/#primaryimage","url":"https:\/\/www.elementvape.de\/wp-content\/uploads\/2024\/08\/PEACH-BLUEBERRYFUDGE.jpg","contentUrl":"https:\/\/www.elementvape.de\/wp-content\/uploads\/2024\/08\/PEACH-BLUEBERRYFUDGE.jpg","width":2500,"height":1875,"caption":"PEACH BLUEBERRYFUDGE"},{"@type":"BreadcrumbList","@id":"https:\/\/www.elementvape.de\/produkt\/zollfrei-und-luxurioes-peach-blueberryfudge-waspe-20000-puffs-dual-mesh-fuer-aussergewoehnliches-dampfvergnuegen\/#breadcrumb","itemListElement":[{"@type":"ListItem","position":1,"name":"Home","item":"https:\/\/www.elementvape.de\/"},{"@type":"ListItem","position":2,"name":"Shop","item":"https:\/\/www.elementvape.de\/shop\/"},{"@type":"ListItem","position":3,"name":"Zollfrei und luxuri\u00f6s PEACH BLUEBERRYFUDGE WASPE 20000 PUFFS Dual Mesh f\u00fcr au\u00dfergew\u00f6hnliches Dampfvergn\u00fcgen"}]},{"@type":"WebSite","@id":"https:\/\/www.elementvape.de\/#website","url":"https:\/\/www.elementvape.de\/","name":"ElementVape.de","description":"","publisher":{"@id":"https:\/\/www.elementvape.de\/#organization"},"potentialAction":[{"@type":"SearchAction","target":{"@type":"EntryPoint","urlTemplate":"https:\/\/www.elementvape.de\/?s={search_term_string}"},"query-input":"required name=search_term_string"}],"inLanguage":"fi"},{"@type":"Organization","@id":"https:\/\/www.elementvape.de\/#organization","name":"ElementVape.DE","url":"https:\/\/www.elementvape.de\/","logo":{"@type":"ImageObject","inLanguage":"fi","@id":"https:\/\/www.elementvape.de\/#\/schema\/logo\/image\/","url":"https:\/\/www.elementvape.de\/wp-content\/uploads\/2024\/09\/cropped-1elementvape-3.png","contentUrl":"https:\/\/www.elementvape.de\/wp-content\/uploads\/2024\/09\/cropped-1elementvape-3.png","width":285,"height":228,"caption":"ElementVape.DE"},"image":{"@id":"https:\/\/www.elementvape.de\/#\/schema\/logo\/image\/"}}]}},"_links":{"self":[{"href":"https:\/\/www.elementvape.de\/fi\/wp-json\/wp\/v2\/product\/14003"}],"collection":[{"href":"https:\/\/www.elementvape.de\/fi\/wp-json\/wp\/v2\/product"}],"about":[{"href":"https:\/\/www.elementvape.de\/fi\/wp-json\/wp\/v2\/types\/product"}],"wp:featuredmedia":[{"embeddable":true,"href":"https:\/\/www.elementvape.de\/fi\/wp-json\/wp\/v2\/media\/14004"}],"wp:attachment":[{"href":"https:\/\/www.elementvape.de\/fi\/wp-json\/wp\/v2\/media?parent=14003"}],"wp:term":[{"taxonomy":"product_cat","embeddable":true,"href":"https:\/\/www.elementvape.de\/fi\/wp-json\/wp\/v2\/product_cat?post=14003"},{"taxonomy":"product_tag","embeddable":true,"href":"https:\/\/www.elementvape.de\/fi\/wp-json\/wp\/v2\/product_tag?post=14003"}],"curies":[{"name":"wp","href":"https:\/\/api.w.org\/{rel}","templated":true}]}}