{"id":13999,"date":"2024-08-23T09:06:01","date_gmt":"2024-08-23T09:06:01","guid":{"rendered":"https:\/\/www.elementvape.de\/?post_type=product&#038;p=13999"},"modified":"2024-10-15T03:50:15","modified_gmt":"2024-10-15T03:50:15","slug":"zollfreie-e-zigarette-waspe-12000-strawberry-donuts-12000-zuege-650-mah-akku-typ-c-anschluss","status":"publish","type":"product","link":"https:\/\/www.elementvape.de\/fi\/produkt\/zollfreie-e-zigarette-waspe-12000-strawberry-donuts-12000-zuege-650-mah-akku-typ-c-anschluss\/","title":{"rendered":"Ilman tullia E-s\u00e4hk\u00f6tupakka WASPE 12000 STRAWBERRY DONUTS 12000 vedolla 650 mAh akku Type-C-liit\u00e4nn\u00e4ll\u00e4"},"content":{"rendered":"<div class=\"flex-shrink-0 flex flex-col relative items-end\">\n<div>\n<div class=\"pt-0\">\n<div class=\"gizmo-bot-avatar flex h-8 w-8 items-center justify-center overflow-hidden rounded-full\">\n<div class=\"relative p-1 rounded-sm flex items-center justify-center bg-token-main-surface-primary text-token-text-primary h-8 w-8\"><\/div>\n<\/div>\n<\/div>\n<\/div>\n<\/div>\n<div class=\"group\/conversation-turn relative flex w-full min-w-0 flex-col agent-turn\">\n<div class=\"flex-col gap-1 md:gap-3\">\n<div class=\"flex max-w-full flex-col flex-grow\">\n<div class=\"min-h-[20px] text-message flex w-full flex-col items-end gap-2 break-words [.text-message+&amp;]:mt-5 overflow-x-auto whitespace-pre-wrap\" dir=\"auto\" data-message-author-role=\"assistant\" data-message-id=\"3ab32f01-0459-4393-b89a-ad41f829d7d5\">\n<div class=\"flex w-full flex-col gap-1 empty:hidden first:pt-[3px]\">\n<div class=\"markdown prose w-full break-words dark:prose-invert light\">\n<h2>WASPE-12000 E-savuke Makea nautinto STRAWBERRY DONUTS<\/h2>\n<p>WASPE-12000 <strong><a href=\"https:\/\/www.elementvape.de\/fi\/\" target=\"_blank\" rel=\"noopener\">S\u00e4hk\u00f6tupakka<\/a><\/strong> asettaa uusia standardeja h\u00f6yrystyskokemukselle herkullisella STRAWBERRY DONUTS -aromillaan. T\u00e4m\u00e4 tulliton E-savuke yhdist\u00e4\u00e4 korkean suorituskyvyn houkuttelevaan makuun, joka t\u00e4ydellisesti yhdist\u00e4\u00e4 mansikoiden ja donitsien makean nautinnon h\u00f6yrystyskokemukseen. Vaikuttavan m\u00e4\u00e4r\u00e4n vetoja ja kehittynytt\u00e4 tekniikkaa hy\u00f6dynt\u00e4en WASPE-12000 on ihanteellinen valinta h\u00f6yrystajille, jotka haluavat pitk\u00e4kestoisen ja herkullisen nautinnon.<\/p>\n<h3>STRAWBERRY DONUTS: Makea herkku<\/h3>\n<p>STRAWBERRY DONUTS -maku yhdist\u00e4\u00e4 mehukkaan tuoreen mansikan makeuden ja herkullisen, kevyesti rasvaisen tuoreen donitsin maun. T\u00e4m\u00e4 makuyhdistelm\u00e4 tarjoaa rikkaan ja tyydytt\u00e4v\u00e4n kokemuksen, joka muistuttaa herkullista, makeaa v\u00e4lipalaa. Jokainen veto v\u00e4litt\u00e4\u00e4 t\u00e4ytel\u00e4isen makuel\u00e4myksen tuoreista mansikoista ja l\u00e4mpimist\u00e4, voisia donitsin aromeista, mik\u00e4 takaa nautinnollisen ja samalla makean h\u00f6yrystyskokemuksen.<\/p>\n<p>Runsaan 20 ml:n E-liquidi-kapasiteetin ja jopa 12 000 vedon ansiosta WASPE-12000 tarjoaa tasaisen ja intensiivisen maun. Makea aromi s\u00e4ilyy koko k\u00e4yt\u00f6n ajan, mik\u00e4 takaa tasaisesti korkealaatuisen h\u00f6yrystyskokemuksen.<\/p>\n<p>WASPE-12000 E-savuke tarjoaa ei vain poikkeuksellisen makuel\u00e4myksen, vaan my\u00f6s ensiluokkaisen teknisen varustelun. T\u00e4rkeimm\u00e4t tekniset tiedot on koottu seuraavaan taulukkoon:<\/p>\n<table>\n<thead>\n<tr>\n<th><strong>Ominaisuus<\/strong><\/th>\n<th><strong>Yksityiskohdat<\/strong><\/th>\n<\/tr>\n<\/thead>\n<tbody>\n<tr>\n<td>Malli<\/td>\n<td>WASPE-12000<\/td>\n<\/tr>\n<tr>\n<td>Maku<\/td>\n<td>MANSIKKA DONUTIT<\/td>\n<\/tr>\n<tr>\n<td>Materiaali<\/td>\n<td>Alumiiniseos, PCGT<\/td>\n<\/tr>\n<tr>\n<td>N-gasapitoisuus<\/td>\n<td>2%, 5%<\/td>\n<\/tr>\n<tr>\n<td>Kelaresistanssi<\/td>\n<td>1,0\u03a9<\/td>\n<\/tr>\n<tr>\n<td>Pureskelut<\/td>\n<td>12 000 vetoa<\/td>\n<\/tr>\n<tr>\n<td>E-liquidi-kapasiteetti<\/td>\n<td>20 ml<\/td>\n<\/tr>\n<tr>\n<td>Akkukapasiteetti<\/td>\n<td>650 mAh<\/td>\n<\/tr>\n<tr>\n<td>Tehoalue<\/td>\n<td>7-12V<\/td>\n<\/tr>\n<tr>\n<td>Uudelleenladattava<\/td>\n<td>Ja<\/td>\n<\/tr>\n<tr>\n<td>Latausliit\u00e4nt\u00e4<\/td>\n<td>Typ-C<\/td>\n<\/tr>\n<tr>\n<td>Nettopaino<\/td>\n<td>96 g<\/td>\n<\/tr>\n<tr>\n<td>Tuotteen koko<\/td>\n<td>32<em>36<\/em>116 mm<\/td>\n<\/tr>\n<\/tbody>\n<\/table>\n<p>650 mAh akku tarjoaa riitt\u00e4v\u00e4sti energiaa pitk\u00e4\u00e4n k\u00e4ytt\u00f6\u00f6n, kun taas Type-C-latausliit\u00e4nt\u00e4 mahdollistaa nopean ja helpon latauksen. E-savukkeen kompakti koko ja kevyt paino tekev\u00e4t siit\u00e4 ihanteellisen p\u00e4ivitt\u00e4iseen k\u00e4ytt\u00f6\u00f6n, ja kest\u00e4v\u00e4t materiaalit takaavat pitk\u00e4ik\u00e4isyyden ja luotettavuuden.<\/p>\n<p>Lis\u00e4etu WASPE-12000 E-savukkeessa on sen tulliton saatavuus Suomessa. T\u00e4m\u00e4 mahdollistaa kuluttajille korkealaatuisen tuotteen hankkimisen houkuttelevaan hintaan ilman lis\u00e4kustannuksia tullimaksuista tai korkeista veroista. Myyjille t\u00e4m\u00e4 avaa mahdollisuuden tarjota haluttu ja kilpailukykyinen tuote, joka houkuttelee laajaa asiakaskuntaa.<\/p>\n<p>Herkullisen STRAWBERRY DONUTS -maun ja kehittyneen teknisen varustelun ansiosta WASPE-12000 E-savuke on t\u00e4ydellinen valinta h\u00f6yrystajille, jotka etsiv\u00e4t makeaa, pitk\u00e4kestoista ja korkealaatuista h\u00f6yrystyskokemusta. T\u00e4m\u00e4 malli yhdist\u00e4\u00e4 ensiluokkaisen maun k\u00e4ytt\u00e4j\u00e4yst\u00e4v\u00e4llisyyteen ja tarjoaa erinomaisen ratkaisun p\u00e4ivitt\u00e4iseen nautintoon.<\/p>\n<\/div>\n<\/div>\n<\/div>\n<\/div>\n<\/div>\n<\/div>","protected":false},"excerpt":{"rendered":"<p>WASPE-12000 E-Zigarette S\u00fc\u00dfer Genuss mit STRAWBERRY DONUTS Die WASPE-12000 E-Zigarette setzt neue Ma\u00dfst\u00e4be im Dampferlebnis mit ihrem k\u00f6stlichen Aroma von STRAWBERRY DONUTS. Diese zollfreie E-Zigarette vereint hohe Leistung mit einem verf\u00fchrerischen Geschmack, der den s\u00fc\u00dfen Genuss von Erdbeeren und Donuts perfekt in einem Dampferlebnis vereint. Mit einer beeindruckenden Anzahl an Z\u00fcgen und fortschrittlicher Technik ist [&hellip;]<\/p>","protected":false},"featured_media":14000,"template":"","meta":{"inline_featured_image":false},"product_cat":[15,78,735,746,741,733,744,755,738,751,722],"product_tag":[710,673],"tiered_pricing_type":"fixed","tiered_pricing_fixed_rules":{"110":"6.83","200":"6.07","500":"5.31"},"tiered_pricing_percentage_rules":[],"tiered_pricing_minimum":1,"_administrator_tiered_pricing_type":"fixed","_administrator_tiered_pricing_fixed_rules":[],"_editor_tiered_pricing_type":"fixed","_editor_tiered_pricing_fixed_rules":[],"_author_tiered_pricing_type":"fixed","_author_tiered_pricing_fixed_rules":[],"_contributor_tiered_pricing_type":"fixed","_contributor_tiered_pricing_fixed_rules":[],"_subscriber_tiered_pricing_type":"fixed","_subscriber_tiered_pricing_fixed_rules":[],"_customer_tiered_pricing_type":"fixed","_customer_tiered_pricing_fixed_rules":[],"_shop_manager_tiered_pricing_type":"fixed","_shop_manager_tiered_pricing_fixed_rules":[],"_wpseo_manager_tiered_pricing_type":"fixed","_wpseo_manager_tiered_pricing_fixed_rules":[],"_wpseo_editor_tiered_pricing_type":"fixed","_wpseo_editor_tiered_pricing_fixed_rules":[],"_wholesale_customer_tiered_pricing_type":"fixed","_wholesale_customer_tiered_pricing_fixed_rules":[],"_marketer_tiered_pricing_type":"fixed","_marketer_tiered_pricing_fixed_rules":[],"_sales_manager_tiered_pricing_type":"fixed","_sales_manager_tiered_pricing_fixed_rules":[],"_sales_rep_tiered_pricing_type":"fixed","_sales_rep_tiered_pricing_fixed_rules":[],"yoast_head":"<!-- This site is optimized with the Yoast SEO plugin v23.3 - https:\/\/yoast.com\/wordpress\/plugins\/seo\/ -->\n<title>Zollfreie E-Zigarette WASPE 12000 STRAWBERRY DONUTS 12000 Z\u00fcge 650 mAh Akku Typ-C Anschluss | ElementVape.de<\/title>\n<meta name=\"description\" content=\"Wir bieten Zollfreie E-Zigarette WASPE 12000 STRAWBERRY DONUTS 12000 Z\u00fcge 650 mAh Akku Typ-C Anschluss , Elementvape.de akzeptieren Gro\u00df-und Einzelhandel Bestellungen.\" \/>\n<meta name=\"robots\" content=\"index, follow, max-snippet:-1, max-image-preview:large, max-video-preview:-1\" \/>\n<link rel=\"canonical\" href=\"https:\/\/www.elementvape.de\/fi\/produkt\/zollfreie-e-zigarette-waspe-12000-strawberry-donuts-12000-zuege-650-mah-akku-typ-c-anschluss\/\" \/>\n<meta property=\"og:locale\" content=\"fi_FI\" \/>\n<meta property=\"og:type\" content=\"article\" \/>\n<meta property=\"og:title\" content=\"Zollfreie E-Zigarette WASPE 12000 STRAWBERRY DONUTS 12000 Z\u00fcge 650 mAh Akku Typ-C Anschluss | ElementVape.de\" \/>\n<meta property=\"og:description\" content=\"Wir bieten Zollfreie E-Zigarette WASPE 12000 STRAWBERRY DONUTS 12000 Z\u00fcge 650 mAh Akku Typ-C Anschluss , Elementvape.de akzeptieren Gro\u00df-und Einzelhandel Bestellungen.\" \/>\n<meta property=\"og:url\" content=\"https:\/\/www.elementvape.de\/fi\/produkt\/zollfreie-e-zigarette-waspe-12000-strawberry-donuts-12000-zuege-650-mah-akku-typ-c-anschluss\/\" \/>\n<meta property=\"og:site_name\" content=\"ElementVape.de\" \/>\n<meta property=\"article:modified_time\" content=\"2024-10-15T03:50:15+00:00\" \/>\n<meta property=\"og:image\" content=\"https:\/\/www.elementvape.de\/wp-content\/uploads\/2024\/08\/STRAWBERRY-DONUTS.jpg\" \/>\n\t<meta property=\"og:image:width\" content=\"2500\" \/>\n\t<meta property=\"og:image:height\" content=\"1500\" \/>\n\t<meta property=\"og:image:type\" content=\"image\/jpeg\" \/>\n<meta name=\"twitter:card\" content=\"summary_large_image\" \/>\n<meta name=\"twitter:label1\" content=\"Est. reading time\" \/>\n\t<meta name=\"twitter:data1\" content=\"3 minuuttia\" \/>\n<script type=\"application\/ld+json\" class=\"yoast-schema-graph\">{\"@context\":\"https:\/\/schema.org\",\"@graph\":[{\"@type\":\"WebPage\",\"@id\":\"https:\/\/www.elementvape.de\/produkt\/zollfreie-e-zigarette-waspe-12000-strawberry-donuts-12000-zuege-650-mah-akku-typ-c-anschluss\/\",\"url\":\"https:\/\/www.elementvape.de\/produkt\/zollfreie-e-zigarette-waspe-12000-strawberry-donuts-12000-zuege-650-mah-akku-typ-c-anschluss\/\",\"name\":\"Zollfreie E-Zigarette WASPE 12000 STRAWBERRY DONUTS 12000 Z\u00fcge 650 mAh Akku Typ-C Anschluss | ElementVape.de\",\"isPartOf\":{\"@id\":\"https:\/\/www.elementvape.de\/#website\"},\"primaryImageOfPage\":{\"@id\":\"https:\/\/www.elementvape.de\/produkt\/zollfreie-e-zigarette-waspe-12000-strawberry-donuts-12000-zuege-650-mah-akku-typ-c-anschluss\/#primaryimage\"},\"image\":{\"@id\":\"https:\/\/www.elementvape.de\/produkt\/zollfreie-e-zigarette-waspe-12000-strawberry-donuts-12000-zuege-650-mah-akku-typ-c-anschluss\/#primaryimage\"},\"thumbnailUrl\":\"https:\/\/www.elementvape.de\/wp-content\/uploads\/2024\/08\/STRAWBERRY-DONUTS.jpg\",\"datePublished\":\"2024-08-23T09:06:01+00:00\",\"dateModified\":\"2024-10-15T03:50:15+00:00\",\"description\":\"Wir bieten Zollfreie E-Zigarette WASPE 12000 STRAWBERRY DONUTS 12000 Z\u00fcge 650 mAh Akku Typ-C Anschluss , Elementvape.de akzeptieren Gro\u00df-und Einzelhandel Bestellungen.\",\"breadcrumb\":{\"@id\":\"https:\/\/www.elementvape.de\/produkt\/zollfreie-e-zigarette-waspe-12000-strawberry-donuts-12000-zuege-650-mah-akku-typ-c-anschluss\/#breadcrumb\"},\"inLanguage\":\"fi\",\"potentialAction\":[{\"@type\":\"ReadAction\",\"target\":[\"https:\/\/www.elementvape.de\/produkt\/zollfreie-e-zigarette-waspe-12000-strawberry-donuts-12000-zuege-650-mah-akku-typ-c-anschluss\/\"]}]},{\"@type\":\"ImageObject\",\"inLanguage\":\"fi\",\"@id\":\"https:\/\/www.elementvape.de\/produkt\/zollfreie-e-zigarette-waspe-12000-strawberry-donuts-12000-zuege-650-mah-akku-typ-c-anschluss\/#primaryimage\",\"url\":\"https:\/\/www.elementvape.de\/wp-content\/uploads\/2024\/08\/STRAWBERRY-DONUTS.jpg\",\"contentUrl\":\"https:\/\/www.elementvape.de\/wp-content\/uploads\/2024\/08\/STRAWBERRY-DONUTS.jpg\",\"width\":2500,\"height\":1500,\"caption\":\"STRAWBERRY DONUTS\"},{\"@type\":\"BreadcrumbList\",\"@id\":\"https:\/\/www.elementvape.de\/produkt\/zollfreie-e-zigarette-waspe-12000-strawberry-donuts-12000-zuege-650-mah-akku-typ-c-anschluss\/#breadcrumb\",\"itemListElement\":[{\"@type\":\"ListItem\",\"position\":1,\"name\":\"Home\",\"item\":\"https:\/\/www.elementvape.de\/\"},{\"@type\":\"ListItem\",\"position\":2,\"name\":\"Shop\",\"item\":\"https:\/\/www.elementvape.de\/shop\/\"},{\"@type\":\"ListItem\",\"position\":3,\"name\":\"Zollfreie E-Zigarette WASPE 12000 STRAWBERRY DONUTS 12000 Z\u00fcge 650 mAh Akku Typ-C Anschluss\"}]},{\"@type\":\"WebSite\",\"@id\":\"https:\/\/www.elementvape.de\/#website\",\"url\":\"https:\/\/www.elementvape.de\/\",\"name\":\"ElementVape.de\",\"description\":\"\",\"publisher\":{\"@id\":\"https:\/\/www.elementvape.de\/#organization\"},\"potentialAction\":[{\"@type\":\"SearchAction\",\"target\":{\"@type\":\"EntryPoint\",\"urlTemplate\":\"https:\/\/www.elementvape.de\/?s={search_term_string}\"},\"query-input\":\"required name=search_term_string\"}],\"inLanguage\":\"fi\"},{\"@type\":\"Organization\",\"@id\":\"https:\/\/www.elementvape.de\/#organization\",\"name\":\"ElementVape.DE\",\"url\":\"https:\/\/www.elementvape.de\/\",\"logo\":{\"@type\":\"ImageObject\",\"inLanguage\":\"fi\",\"@id\":\"https:\/\/www.elementvape.de\/#\/schema\/logo\/image\/\",\"url\":\"https:\/\/www.elementvape.de\/wp-content\/uploads\/2024\/09\/cropped-1elementvape-3.png\",\"contentUrl\":\"https:\/\/www.elementvape.de\/wp-content\/uploads\/2024\/09\/cropped-1elementvape-3.png\",\"width\":285,\"height\":228,\"caption\":\"ElementVape.DE\"},\"image\":{\"@id\":\"https:\/\/www.elementvape.de\/#\/schema\/logo\/image\/\"}}]}<\/script>\n<!-- \/ Yoast SEO plugin. -->","yoast_head_json":{"title":"Zollfreie E-Zigarette WASPE 12000 STRAWBERRY DONUTS 12000 Z\u00fcge 650 mAh Akku Typ-C Anschluss | ElementVape.de","description":"Wir bieten Zollfreie E-Zigarette WASPE 12000 STRAWBERRY DONUTS 12000 Z\u00fcge 650 mAh Akku Typ-C Anschluss , Elementvape.de akzeptieren Gro\u00df-und Einzelhandel Bestellungen.","robots":{"index":"index","follow":"follow","max-snippet":"max-snippet:-1","max-image-preview":"max-image-preview:large","max-video-preview":"max-video-preview:-1"},"canonical":"https:\/\/www.elementvape.de\/fi\/produkt\/zollfreie-e-zigarette-waspe-12000-strawberry-donuts-12000-zuege-650-mah-akku-typ-c-anschluss\/","og_locale":"fi_FI","og_type":"article","og_title":"Zollfreie E-Zigarette WASPE 12000 STRAWBERRY DONUTS 12000 Z\u00fcge 650 mAh Akku Typ-C Anschluss | ElementVape.de","og_description":"Wir bieten Zollfreie E-Zigarette WASPE 12000 STRAWBERRY DONUTS 12000 Z\u00fcge 650 mAh Akku Typ-C Anschluss , Elementvape.de akzeptieren Gro\u00df-und Einzelhandel Bestellungen.","og_url":"https:\/\/www.elementvape.de\/fi\/produkt\/zollfreie-e-zigarette-waspe-12000-strawberry-donuts-12000-zuege-650-mah-akku-typ-c-anschluss\/","og_site_name":"ElementVape.de","article_modified_time":"2024-10-15T03:50:15+00:00","og_image":[{"width":2500,"height":1500,"url":"https:\/\/www.elementvape.de\/wp-content\/uploads\/2024\/08\/STRAWBERRY-DONUTS.jpg","type":"image\/jpeg"}],"twitter_card":"summary_large_image","twitter_misc":{"Est. reading time":"3 minuuttia"},"schema":{"@context":"https:\/\/schema.org","@graph":[{"@type":"WebPage","@id":"https:\/\/www.elementvape.de\/produkt\/zollfreie-e-zigarette-waspe-12000-strawberry-donuts-12000-zuege-650-mah-akku-typ-c-anschluss\/","url":"https:\/\/www.elementvape.de\/produkt\/zollfreie-e-zigarette-waspe-12000-strawberry-donuts-12000-zuege-650-mah-akku-typ-c-anschluss\/","name":"Zollfreie E-Zigarette WASPE 12000 STRAWBERRY DONUTS 12000 Z\u00fcge 650 mAh Akku Typ-C Anschluss | ElementVape.de","isPartOf":{"@id":"https:\/\/www.elementvape.de\/#website"},"primaryImageOfPage":{"@id":"https:\/\/www.elementvape.de\/produkt\/zollfreie-e-zigarette-waspe-12000-strawberry-donuts-12000-zuege-650-mah-akku-typ-c-anschluss\/#primaryimage"},"image":{"@id":"https:\/\/www.elementvape.de\/produkt\/zollfreie-e-zigarette-waspe-12000-strawberry-donuts-12000-zuege-650-mah-akku-typ-c-anschluss\/#primaryimage"},"thumbnailUrl":"https:\/\/www.elementvape.de\/wp-content\/uploads\/2024\/08\/STRAWBERRY-DONUTS.jpg","datePublished":"2024-08-23T09:06:01+00:00","dateModified":"2024-10-15T03:50:15+00:00","description":"Wir bieten Zollfreie E-Zigarette WASPE 12000 STRAWBERRY DONUTS 12000 Z\u00fcge 650 mAh Akku Typ-C Anschluss , Elementvape.de akzeptieren Gro\u00df-und Einzelhandel Bestellungen.","breadcrumb":{"@id":"https:\/\/www.elementvape.de\/produkt\/zollfreie-e-zigarette-waspe-12000-strawberry-donuts-12000-zuege-650-mah-akku-typ-c-anschluss\/#breadcrumb"},"inLanguage":"fi","potentialAction":[{"@type":"ReadAction","target":["https:\/\/www.elementvape.de\/produkt\/zollfreie-e-zigarette-waspe-12000-strawberry-donuts-12000-zuege-650-mah-akku-typ-c-anschluss\/"]}]},{"@type":"ImageObject","inLanguage":"fi","@id":"https:\/\/www.elementvape.de\/produkt\/zollfreie-e-zigarette-waspe-12000-strawberry-donuts-12000-zuege-650-mah-akku-typ-c-anschluss\/#primaryimage","url":"https:\/\/www.elementvape.de\/wp-content\/uploads\/2024\/08\/STRAWBERRY-DONUTS.jpg","contentUrl":"https:\/\/www.elementvape.de\/wp-content\/uploads\/2024\/08\/STRAWBERRY-DONUTS.jpg","width":2500,"height":1500,"caption":"STRAWBERRY DONUTS"},{"@type":"BreadcrumbList","@id":"https:\/\/www.elementvape.de\/produkt\/zollfreie-e-zigarette-waspe-12000-strawberry-donuts-12000-zuege-650-mah-akku-typ-c-anschluss\/#breadcrumb","itemListElement":[{"@type":"ListItem","position":1,"name":"Home","item":"https:\/\/www.elementvape.de\/"},{"@type":"ListItem","position":2,"name":"Shop","item":"https:\/\/www.elementvape.de\/shop\/"},{"@type":"ListItem","position":3,"name":"Zollfreie E-Zigarette WASPE 12000 STRAWBERRY DONUTS 12000 Z\u00fcge 650 mAh Akku Typ-C Anschluss"}]},{"@type":"WebSite","@id":"https:\/\/www.elementvape.de\/#website","url":"https:\/\/www.elementvape.de\/","name":"ElementVape.de","description":"","publisher":{"@id":"https:\/\/www.elementvape.de\/#organization"},"potentialAction":[{"@type":"SearchAction","target":{"@type":"EntryPoint","urlTemplate":"https:\/\/www.elementvape.de\/?s={search_term_string}"},"query-input":"required name=search_term_string"}],"inLanguage":"fi"},{"@type":"Organization","@id":"https:\/\/www.elementvape.de\/#organization","name":"ElementVape.DE","url":"https:\/\/www.elementvape.de\/","logo":{"@type":"ImageObject","inLanguage":"fi","@id":"https:\/\/www.elementvape.de\/#\/schema\/logo\/image\/","url":"https:\/\/www.elementvape.de\/wp-content\/uploads\/2024\/09\/cropped-1elementvape-3.png","contentUrl":"https:\/\/www.elementvape.de\/wp-content\/uploads\/2024\/09\/cropped-1elementvape-3.png","width":285,"height":228,"caption":"ElementVape.DE"},"image":{"@id":"https:\/\/www.elementvape.de\/#\/schema\/logo\/image\/"}}]}},"_links":{"self":[{"href":"https:\/\/www.elementvape.de\/fi\/wp-json\/wp\/v2\/product\/13999"}],"collection":[{"href":"https:\/\/www.elementvape.de\/fi\/wp-json\/wp\/v2\/product"}],"about":[{"href":"https:\/\/www.elementvape.de\/fi\/wp-json\/wp\/v2\/types\/product"}],"wp:featuredmedia":[{"embeddable":true,"href":"https:\/\/www.elementvape.de\/fi\/wp-json\/wp\/v2\/media\/14000"}],"wp:attachment":[{"href":"https:\/\/www.elementvape.de\/fi\/wp-json\/wp\/v2\/media?parent=13999"}],"wp:term":[{"taxonomy":"product_cat","embeddable":true,"href":"https:\/\/www.elementvape.de\/fi\/wp-json\/wp\/v2\/product_cat?post=13999"},{"taxonomy":"product_tag","embeddable":true,"href":"https:\/\/www.elementvape.de\/fi\/wp-json\/wp\/v2\/product_tag?post=13999"}],"curies":[{"name":"wp","href":"https:\/\/api.w.org\/{rel}","templated":true}]}}