{"id":13991,"date":"2024-08-23T08:03:49","date_gmt":"2024-08-23T08:03:49","guid":{"rendered":"https:\/\/www.elementvape.de\/?post_type=product&#038;p=13991"},"modified":"2024-10-16T02:48:22","modified_gmt":"2024-10-16T02:48:22","slug":"waspe-12000-puffs-e-zigarette-zollfrei-20-ml-blue-razz-ice-12000-zuege-650-mah-akku-typ-c","status":"publish","type":"product","link":"https:\/\/www.elementvape.de\/fi\/produkt\/waspe-12000-puffs-e-zigarette-zollfrei-20-ml-blue-razz-ice-12000-zuege-650-mah-akku-typ-c\/","title":{"rendered":"WASPE 12000 Puffs E-savuke, tullivapaa, 20 ml BLUE RAZZ ICE 12000 vetoa, 650 mAh akku, Type-C"},"content":{"rendered":"<h3>WASPE-12000 E-savuke: Raikkaan nautinnon BLUE RAZZ ICE:ll\u00e4<\/h3>\n<p>WASPE-12000 <strong><a href=\"https:\/\/www.elementvape.de\/fi\/\" target=\"_blank\" rel=\"noopener\">S\u00e4hk\u00f6tupakka<\/a><\/strong> yhdist\u00e4\u00e4 korkean suorituskyvyn ja raikkaan makuel\u00e4myksen suosituin makuvaihtoehdoin BLUE RAZZ ICE. T\u00e4m\u00e4 veroton e-savuke on suunniteltu h\u00f6yrystimille, jotka arvostavat sek\u00e4 intensiivist\u00e4 makua ett\u00e4 pitk\u00e4\u00e4 k\u00e4ytt\u00f6aikaa. Vaikuttavan kapasiteettinsa ja edistyksellisen teknologiansa ansiosta WASPE-12000 on ihanteellinen valinta pitk\u00e4kestoiseen tyydytt\u00e4v\u00e4\u00e4n h\u00f6yryst\u00e4miskokemukseen.<\/p>\n<h4>BLUE RAZZ ICE: Virkist\u00e4v\u00e4 hedelm\u00e4m\u00e4\u00e4r\u00e4ys ja viile\u00e4 s\u00e4vy<\/h4>\n<p>BLUE RAZZ ICE:n maku tarjoaa j\u00e4nnitt\u00e4v\u00e4n sekoituksen mustikoiden ja vadelmien makeasta ja hieman hapokkaasta s\u00e4vyst\u00e4, yhdistettyn\u00e4 raikkaaseen j\u00e4\u00e4hileen. T\u00e4m\u00e4 yhdistelm\u00e4 takaa intensiivisen ja samalla viile\u00e4n h\u00f6yryst\u00e4miskokemuksen, joka on erityisen ihanteellinen kuumina p\u00e4ivin\u00e4 tai virkist\u00e4v\u00e4n nautinnon etsiess\u00e4. Mustikoiden ja vadelmien hedelm\u00e4inen makeus t\u00e4ydentyy j\u00e4isen viile\u00e4n vivahteen kanssa, mik\u00e4 johtaa raikkaaseen ja miellytt\u00e4v\u00e4\u00e4n makuel\u00e4mykseen.<\/p>\n<p>Runsaan 20 ml:n E-liquidi-kapasiteetin ja jopa 12 000 vedon ansiosta WASPE-12000 tarjoaa pitk\u00e4kestoisen ja tasaisen makuel\u00e4myksen. BLUE RAZZ ICE -maku pysyy intensiivisen\u00e4 ja tasaisena koko k\u00e4yt\u00f6n ajan, mik\u00e4 takaa jatkuvan nautinnon.<\/p>\n<h3>Tekniset tiedot ja k\u00e4ytt\u00e4j\u00e4yst\u00e4v\u00e4llisyys<\/h3>\n<p>WASPE-12000 E-savuke vakuuttaa korkealaatuisilla teknisill\u00e4 ominaisuuksillaan ja k\u00e4ytt\u00e4j\u00e4yst\u00e4v\u00e4llisell\u00e4 k\u00e4sittelyll\u00e4\u00e4n. T\u00e4rkeimm\u00e4t ominaisuudet ovat seuraavat:<\/p>\n<table>\n<thead>\n<tr>\n<th><strong>Ominaisuus<\/strong><\/th>\n<th><strong>Yksityiskohdat<\/strong><\/th>\n<\/tr>\n<\/thead>\n<tbody>\n<tr>\n<td>Malli<\/td>\n<td>WASPE-12000<\/td>\n<\/tr>\n<tr>\n<td>Maku<\/td>\n<td>BLUE RAZZ ICE<\/td>\n<\/tr>\n<tr>\n<td>Materiaali<\/td>\n<td>Alumiiniseos, PCGT<\/td>\n<\/tr>\n<tr>\n<td>N-gasapitoisuus<\/td>\n<td>2%, 5%<\/td>\n<\/tr>\n<tr>\n<td>Kelaresistanssi<\/td>\n<td>1,0\u03a9<\/td>\n<\/tr>\n<tr>\n<td>Pureskelut<\/td>\n<td>12 000 vetoa<\/td>\n<\/tr>\n<tr>\n<td>E-liquidi-kapasiteetti<\/td>\n<td>20 ml<\/td>\n<\/tr>\n<tr>\n<td>Akkukapasiteetti<\/td>\n<td>650 mAh<\/td>\n<\/tr>\n<tr>\n<td>Tehoalue<\/td>\n<td>7-12V<\/td>\n<\/tr>\n<tr>\n<td>Uudelleenladattava<\/td>\n<td>Ja<\/td>\n<\/tr>\n<tr>\n<td>Latausliit\u00e4nt\u00e4<\/td>\n<td>Typ-C<\/td>\n<\/tr>\n<tr>\n<td>Nettopaino<\/td>\n<td>96 g<\/td>\n<\/tr>\n<tr>\n<td>Tuotteen koko<\/td>\n<td>32<em>36<\/em>116 mm<\/td>\n<\/tr>\n<\/tbody>\n<\/table>\n<p>WASPE-12000 tarjoaa tehokkaan 650 mAh akun, joka takaa pitk\u00e4n k\u00e4ytt\u00f6ajan. Moderni Type-C-latausliit\u00e4nt\u00e4 mahdollistaa nopean ja tehokkaan latauksen. Kompakti koko ja kevyt rakenne tekev\u00e4t siit\u00e4 helppok\u00e4ytt\u00f6isen ja liikkuvan. Alumiiniseoksen ja PCGT:n k\u00e4ytt\u00f6 varmistaa laitteen kest\u00e4vyyden ja luotettavuuden.<\/p>\n<p><img loading=\"lazy\" decoding=\"async\" class=\"alignleft\" src=\"https:\/\/www.elementvape.de\/wp-content\/uploads\/2024\/08\/3-219x300.jpg\" alt=\"3\" width=\"255\" height=\"349\" \/><br \/>\n<img loading=\"lazy\" decoding=\"async\" class=\"alignnone\" src=\"https:\/\/www.elementvape.de\/wp-content\/uploads\/2024\/08\/5.jpg\" alt=\"2\" width=\"246\" height=\"351\" \/><\/p>\n<h4>Veroton saatavuus: Edullinen etu kuluttajalle<\/h4>\n<p>Yksi WASPE-12000 E-savukkeen merkitt\u00e4vist\u00e4 ominaisuuksista on sen veroton saatavuus Suomessa. T\u00e4m\u00e4 tekee siit\u00e4 erityisen houkuttelevan valinnan h\u00f6yrystimille, jotka etsiv\u00e4t korkealaatuista tuotetta kilpailukykyiseen hintaan. Veroton saatavuus antaa kuluttajille mahdollisuuden nauttia ensiluokkaisesta h\u00f6yryst\u00e4miskokemuksesta ilman lis\u00e4kustannuksia tullimaksuista tai korkeista veroista. Myyjille t\u00e4m\u00e4 tarjoaa mahdollisuuden tarjota haluttua ja hintapainotteista tuotetta.<\/p>\n<p>Raikkaan BLUE RAZZ ICE -maun ja edistyksellisen teknisen varustelun ansiosta WASPE-12000 E-savuke on erinomainen valinta h\u00f6yrystimille, jotka etsiv\u00e4t pitk\u00e4kestoista ja korkealaatuista h\u00f6yryst\u00e4miskokemusta. T\u00e4m\u00e4 malli yhdist\u00e4\u00e4 ensiluokkaisen maun ja toiminnallisuuden, tarjoten ihanteellisen ratkaisun p\u00e4ivitt\u00e4iseen h\u00f6yryst\u00e4miseen.<\/p>","protected":false},"excerpt":{"rendered":"<p>WASPE-12000 E-Zigarette: Erfrischender Genuss mit BLUE RAZZ ICE Die WASPE-12000 E-Zigarette kombiniert hohe Leistungsf\u00e4higkeit mit einem erfrischenden Geschmackserlebnis durch die beliebte Geschmacksrichtung BLUE RAZZ ICE. Diese zollfreie E-Zigarette ist f\u00fcr Dampfer konzipiert, die sowohl auf einen intensiven Geschmack als auch auf lange Nutzungsdauer Wert legen. Mit ihrer beeindruckenden Kapazit\u00e4t und fortschrittlichen Technik ist die WASPE-12000 [&hellip;]<\/p>","protected":false},"featured_media":13992,"template":"","meta":{"inline_featured_image":false},"product_cat":[15,78,735,746,741,733,744,755,738,751,722],"product_tag":[710,673],"tiered_pricing_type":"fixed","tiered_pricing_fixed_rules":{"110":"6.83","200":"6.07","500":"5.31"},"tiered_pricing_percentage_rules":[],"tiered_pricing_minimum":1,"_administrator_tiered_pricing_type":"fixed","_administrator_tiered_pricing_fixed_rules":[],"_editor_tiered_pricing_type":"fixed","_editor_tiered_pricing_fixed_rules":[],"_author_tiered_pricing_type":"fixed","_author_tiered_pricing_fixed_rules":[],"_contributor_tiered_pricing_type":"fixed","_contributor_tiered_pricing_fixed_rules":[],"_subscriber_tiered_pricing_type":"fixed","_subscriber_tiered_pricing_fixed_rules":[],"_customer_tiered_pricing_type":"fixed","_customer_tiered_pricing_fixed_rules":[],"_shop_manager_tiered_pricing_type":"fixed","_shop_manager_tiered_pricing_fixed_rules":[],"_wpseo_manager_tiered_pricing_type":"fixed","_wpseo_manager_tiered_pricing_fixed_rules":[],"_wpseo_editor_tiered_pricing_type":"fixed","_wpseo_editor_tiered_pricing_fixed_rules":[],"_wholesale_customer_tiered_pricing_type":"fixed","_wholesale_customer_tiered_pricing_fixed_rules":[],"_marketer_tiered_pricing_type":"fixed","_marketer_tiered_pricing_fixed_rules":[],"_sales_manager_tiered_pricing_type":"fixed","_sales_manager_tiered_pricing_fixed_rules":[],"_sales_rep_tiered_pricing_type":"fixed","_sales_rep_tiered_pricing_fixed_rules":[],"yoast_head":"<!-- This site is optimized with the Yoast SEO plugin v23.3 - https:\/\/yoast.com\/wordpress\/plugins\/seo\/ -->\n<title>WASPE 12000 Puffs E-Zigarette Zollfrei 20 ml BLUE RAZZ ICE 12000 Z\u00fcge 650 mAh Akku Typ-C | ElementVape.de<\/title>\n<meta name=\"description\" content=\"Wir bieten WASPE 12000 Puffs E-Zigarette Zollfrei 20 ml BLUE RAZZ ICE 12000 Z\u00fcge 650 mAh Akku Typ-C , Elementvape.de akzeptieren Gro\u00df-und Einzelhandel Bestellungen.\" \/>\n<meta name=\"robots\" content=\"index, follow, max-snippet:-1, max-image-preview:large, max-video-preview:-1\" \/>\n<link rel=\"canonical\" href=\"https:\/\/www.elementvape.de\/fi\/produkt\/waspe-12000-puffs-e-zigarette-zollfrei-20-ml-blue-razz-ice-12000-zuege-650-mah-akku-typ-c\/\" \/>\n<meta property=\"og:locale\" content=\"fi_FI\" \/>\n<meta property=\"og:type\" content=\"article\" \/>\n<meta property=\"og:title\" content=\"WASPE 12000 Puffs E-Zigarette Zollfrei 20 ml BLUE RAZZ ICE 12000 Z\u00fcge 650 mAh Akku Typ-C | ElementVape.de\" \/>\n<meta property=\"og:description\" content=\"Wir bieten WASPE 12000 Puffs E-Zigarette Zollfrei 20 ml BLUE RAZZ ICE 12000 Z\u00fcge 650 mAh Akku Typ-C , Elementvape.de akzeptieren Gro\u00df-und Einzelhandel Bestellungen.\" \/>\n<meta property=\"og:url\" content=\"https:\/\/www.elementvape.de\/fi\/produkt\/waspe-12000-puffs-e-zigarette-zollfrei-20-ml-blue-razz-ice-12000-zuege-650-mah-akku-typ-c\/\" \/>\n<meta property=\"og:site_name\" content=\"ElementVape.de\" \/>\n<meta property=\"article:modified_time\" content=\"2024-10-16T02:48:22+00:00\" \/>\n<meta property=\"og:image\" content=\"https:\/\/www.elementvape.de\/wp-content\/uploads\/2024\/08\/BLUE-RAZZ-ICE.jpg\" \/>\n\t<meta property=\"og:image:width\" content=\"2500\" \/>\n\t<meta property=\"og:image:height\" content=\"1500\" \/>\n\t<meta property=\"og:image:type\" content=\"image\/jpeg\" \/>\n<meta name=\"twitter:card\" content=\"summary_large_image\" \/>\n<meta name=\"twitter:label1\" content=\"Est. reading time\" \/>\n\t<meta name=\"twitter:data1\" content=\"3 minuuttia\" \/>\n<script type=\"application\/ld+json\" class=\"yoast-schema-graph\">{\"@context\":\"https:\/\/schema.org\",\"@graph\":[{\"@type\":\"WebPage\",\"@id\":\"https:\/\/www.elementvape.de\/ro\/produkt\/waspe-12000-puffs-e-zigarette-zollfrei-20-ml-blue-razz-ice-12000-zuege-650-mah-akku-typ-c\/\",\"url\":\"https:\/\/www.elementvape.de\/ro\/produkt\/waspe-12000-puffs-e-zigarette-zollfrei-20-ml-blue-razz-ice-12000-zuege-650-mah-akku-typ-c\/\",\"name\":\"WASPE 12000 Puffs E-Zigarette Zollfrei 20 ml BLUE RAZZ ICE 12000 Z\u00fcge 650 mAh Akku Typ-C | ElementVape.de\",\"isPartOf\":{\"@id\":\"https:\/\/www.elementvape.de\/#website\"},\"primaryImageOfPage\":{\"@id\":\"https:\/\/www.elementvape.de\/ro\/produkt\/waspe-12000-puffs-e-zigarette-zollfrei-20-ml-blue-razz-ice-12000-zuege-650-mah-akku-typ-c\/#primaryimage\"},\"image\":{\"@id\":\"https:\/\/www.elementvape.de\/ro\/produkt\/waspe-12000-puffs-e-zigarette-zollfrei-20-ml-blue-razz-ice-12000-zuege-650-mah-akku-typ-c\/#primaryimage\"},\"thumbnailUrl\":\"https:\/\/www.elementvape.de\/wp-content\/uploads\/2024\/08\/BLUE-RAZZ-ICE.jpg\",\"datePublished\":\"2024-08-23T08:03:49+00:00\",\"dateModified\":\"2024-10-16T02:48:22+00:00\",\"description\":\"Wir bieten WASPE 12000 Puffs E-Zigarette Zollfrei 20 ml BLUE RAZZ ICE 12000 Z\u00fcge 650 mAh Akku Typ-C , Elementvape.de akzeptieren Gro\u00df-und Einzelhandel Bestellungen.\",\"breadcrumb\":{\"@id\":\"https:\/\/www.elementvape.de\/ro\/produkt\/waspe-12000-puffs-e-zigarette-zollfrei-20-ml-blue-razz-ice-12000-zuege-650-mah-akku-typ-c\/#breadcrumb\"},\"inLanguage\":\"fi\",\"potentialAction\":[{\"@type\":\"ReadAction\",\"target\":[\"https:\/\/www.elementvape.de\/ro\/produkt\/waspe-12000-puffs-e-zigarette-zollfrei-20-ml-blue-razz-ice-12000-zuege-650-mah-akku-typ-c\/\"]}]},{\"@type\":\"ImageObject\",\"inLanguage\":\"fi\",\"@id\":\"https:\/\/www.elementvape.de\/ro\/produkt\/waspe-12000-puffs-e-zigarette-zollfrei-20-ml-blue-razz-ice-12000-zuege-650-mah-akku-typ-c\/#primaryimage\",\"url\":\"https:\/\/www.elementvape.de\/wp-content\/uploads\/2024\/08\/BLUE-RAZZ-ICE.jpg\",\"contentUrl\":\"https:\/\/www.elementvape.de\/wp-content\/uploads\/2024\/08\/BLUE-RAZZ-ICE.jpg\",\"width\":2500,\"height\":1500,\"caption\":\"BLUE RAZZ ICE\"},{\"@type\":\"BreadcrumbList\",\"@id\":\"https:\/\/www.elementvape.de\/ro\/produkt\/waspe-12000-puffs-e-zigarette-zollfrei-20-ml-blue-razz-ice-12000-zuege-650-mah-akku-typ-c\/#breadcrumb\",\"itemListElement\":[{\"@type\":\"ListItem\",\"position\":1,\"name\":\"Home\",\"item\":\"https:\/\/www.elementvape.de\/\"},{\"@type\":\"ListItem\",\"position\":2,\"name\":\"Shop\",\"item\":\"https:\/\/www.elementvape.de\/shop\/\"},{\"@type\":\"ListItem\",\"position\":3,\"name\":\"WASPE 12000 Puffs E-Zigarette Zollfrei 20 ml BLUE RAZZ ICE 12000 Z\u00fcge 650 mAh Akku Typ-C\"}]},{\"@type\":\"WebSite\",\"@id\":\"https:\/\/www.elementvape.de\/#website\",\"url\":\"https:\/\/www.elementvape.de\/\",\"name\":\"ElementVape.de\",\"description\":\"\",\"publisher\":{\"@id\":\"https:\/\/www.elementvape.de\/#organization\"},\"potentialAction\":[{\"@type\":\"SearchAction\",\"target\":{\"@type\":\"EntryPoint\",\"urlTemplate\":\"https:\/\/www.elementvape.de\/?s={search_term_string}\"},\"query-input\":\"required name=search_term_string\"}],\"inLanguage\":\"fi\"},{\"@type\":\"Organization\",\"@id\":\"https:\/\/www.elementvape.de\/#organization\",\"name\":\"ElementVape.DE\",\"url\":\"https:\/\/www.elementvape.de\/\",\"logo\":{\"@type\":\"ImageObject\",\"inLanguage\":\"fi\",\"@id\":\"https:\/\/www.elementvape.de\/#\/schema\/logo\/image\/\",\"url\":\"https:\/\/www.elementvape.de\/wp-content\/uploads\/2024\/09\/cropped-1elementvape-3.png\",\"contentUrl\":\"https:\/\/www.elementvape.de\/wp-content\/uploads\/2024\/09\/cropped-1elementvape-3.png\",\"width\":285,\"height\":228,\"caption\":\"ElementVape.DE\"},\"image\":{\"@id\":\"https:\/\/www.elementvape.de\/#\/schema\/logo\/image\/\"}}]}<\/script>\n<!-- \/ Yoast SEO plugin. -->","yoast_head_json":{"title":"WASPE 12000 Puffs E-Zigarette Zollfrei 20 ml BLUE RAZZ ICE 12000 Z\u00fcge 650 mAh Akku Typ-C | ElementVape.de","description":"Wir bieten WASPE 12000 Puffs E-Zigarette Zollfrei 20 ml BLUE RAZZ ICE 12000 Z\u00fcge 650 mAh Akku Typ-C , Elementvape.de akzeptieren Gro\u00df-und Einzelhandel Bestellungen.","robots":{"index":"index","follow":"follow","max-snippet":"max-snippet:-1","max-image-preview":"max-image-preview:large","max-video-preview":"max-video-preview:-1"},"canonical":"https:\/\/www.elementvape.de\/fi\/produkt\/waspe-12000-puffs-e-zigarette-zollfrei-20-ml-blue-razz-ice-12000-zuege-650-mah-akku-typ-c\/","og_locale":"fi_FI","og_type":"article","og_title":"WASPE 12000 Puffs E-Zigarette Zollfrei 20 ml BLUE RAZZ ICE 12000 Z\u00fcge 650 mAh Akku Typ-C | ElementVape.de","og_description":"Wir bieten WASPE 12000 Puffs E-Zigarette Zollfrei 20 ml BLUE RAZZ ICE 12000 Z\u00fcge 650 mAh Akku Typ-C , Elementvape.de akzeptieren Gro\u00df-und Einzelhandel Bestellungen.","og_url":"https:\/\/www.elementvape.de\/fi\/produkt\/waspe-12000-puffs-e-zigarette-zollfrei-20-ml-blue-razz-ice-12000-zuege-650-mah-akku-typ-c\/","og_site_name":"ElementVape.de","article_modified_time":"2024-10-16T02:48:22+00:00","og_image":[{"width":2500,"height":1500,"url":"https:\/\/www.elementvape.de\/wp-content\/uploads\/2024\/08\/BLUE-RAZZ-ICE.jpg","type":"image\/jpeg"}],"twitter_card":"summary_large_image","twitter_misc":{"Est. reading time":"3 minuuttia"},"schema":{"@context":"https:\/\/schema.org","@graph":[{"@type":"WebPage","@id":"https:\/\/www.elementvape.de\/ro\/produkt\/waspe-12000-puffs-e-zigarette-zollfrei-20-ml-blue-razz-ice-12000-zuege-650-mah-akku-typ-c\/","url":"https:\/\/www.elementvape.de\/ro\/produkt\/waspe-12000-puffs-e-zigarette-zollfrei-20-ml-blue-razz-ice-12000-zuege-650-mah-akku-typ-c\/","name":"WASPE 12000 Puffs E-Zigarette Zollfrei 20 ml BLUE RAZZ ICE 12000 Z\u00fcge 650 mAh Akku Typ-C | ElementVape.de","isPartOf":{"@id":"https:\/\/www.elementvape.de\/#website"},"primaryImageOfPage":{"@id":"https:\/\/www.elementvape.de\/ro\/produkt\/waspe-12000-puffs-e-zigarette-zollfrei-20-ml-blue-razz-ice-12000-zuege-650-mah-akku-typ-c\/#primaryimage"},"image":{"@id":"https:\/\/www.elementvape.de\/ro\/produkt\/waspe-12000-puffs-e-zigarette-zollfrei-20-ml-blue-razz-ice-12000-zuege-650-mah-akku-typ-c\/#primaryimage"},"thumbnailUrl":"https:\/\/www.elementvape.de\/wp-content\/uploads\/2024\/08\/BLUE-RAZZ-ICE.jpg","datePublished":"2024-08-23T08:03:49+00:00","dateModified":"2024-10-16T02:48:22+00:00","description":"Wir bieten WASPE 12000 Puffs E-Zigarette Zollfrei 20 ml BLUE RAZZ ICE 12000 Z\u00fcge 650 mAh Akku Typ-C , Elementvape.de akzeptieren Gro\u00df-und Einzelhandel Bestellungen.","breadcrumb":{"@id":"https:\/\/www.elementvape.de\/ro\/produkt\/waspe-12000-puffs-e-zigarette-zollfrei-20-ml-blue-razz-ice-12000-zuege-650-mah-akku-typ-c\/#breadcrumb"},"inLanguage":"fi","potentialAction":[{"@type":"ReadAction","target":["https:\/\/www.elementvape.de\/ro\/produkt\/waspe-12000-puffs-e-zigarette-zollfrei-20-ml-blue-razz-ice-12000-zuege-650-mah-akku-typ-c\/"]}]},{"@type":"ImageObject","inLanguage":"fi","@id":"https:\/\/www.elementvape.de\/ro\/produkt\/waspe-12000-puffs-e-zigarette-zollfrei-20-ml-blue-razz-ice-12000-zuege-650-mah-akku-typ-c\/#primaryimage","url":"https:\/\/www.elementvape.de\/wp-content\/uploads\/2024\/08\/BLUE-RAZZ-ICE.jpg","contentUrl":"https:\/\/www.elementvape.de\/wp-content\/uploads\/2024\/08\/BLUE-RAZZ-ICE.jpg","width":2500,"height":1500,"caption":"BLUE RAZZ ICE"},{"@type":"BreadcrumbList","@id":"https:\/\/www.elementvape.de\/ro\/produkt\/waspe-12000-puffs-e-zigarette-zollfrei-20-ml-blue-razz-ice-12000-zuege-650-mah-akku-typ-c\/#breadcrumb","itemListElement":[{"@type":"ListItem","position":1,"name":"Home","item":"https:\/\/www.elementvape.de\/"},{"@type":"ListItem","position":2,"name":"Shop","item":"https:\/\/www.elementvape.de\/shop\/"},{"@type":"ListItem","position":3,"name":"WASPE 12000 Puffs E-Zigarette Zollfrei 20 ml BLUE RAZZ ICE 12000 Z\u00fcge 650 mAh Akku Typ-C"}]},{"@type":"WebSite","@id":"https:\/\/www.elementvape.de\/#website","url":"https:\/\/www.elementvape.de\/","name":"ElementVape.de","description":"","publisher":{"@id":"https:\/\/www.elementvape.de\/#organization"},"potentialAction":[{"@type":"SearchAction","target":{"@type":"EntryPoint","urlTemplate":"https:\/\/www.elementvape.de\/?s={search_term_string}"},"query-input":"required name=search_term_string"}],"inLanguage":"fi"},{"@type":"Organization","@id":"https:\/\/www.elementvape.de\/#organization","name":"ElementVape.DE","url":"https:\/\/www.elementvape.de\/","logo":{"@type":"ImageObject","inLanguage":"fi","@id":"https:\/\/www.elementvape.de\/#\/schema\/logo\/image\/","url":"https:\/\/www.elementvape.de\/wp-content\/uploads\/2024\/09\/cropped-1elementvape-3.png","contentUrl":"https:\/\/www.elementvape.de\/wp-content\/uploads\/2024\/09\/cropped-1elementvape-3.png","width":285,"height":228,"caption":"ElementVape.DE"},"image":{"@id":"https:\/\/www.elementvape.de\/#\/schema\/logo\/image\/"}}]}},"_links":{"self":[{"href":"https:\/\/www.elementvape.de\/fi\/wp-json\/wp\/v2\/product\/13991"}],"collection":[{"href":"https:\/\/www.elementvape.de\/fi\/wp-json\/wp\/v2\/product"}],"about":[{"href":"https:\/\/www.elementvape.de\/fi\/wp-json\/wp\/v2\/types\/product"}],"wp:featuredmedia":[{"embeddable":true,"href":"https:\/\/www.elementvape.de\/fi\/wp-json\/wp\/v2\/media\/13992"}],"wp:attachment":[{"href":"https:\/\/www.elementvape.de\/fi\/wp-json\/wp\/v2\/media?parent=13991"}],"wp:term":[{"taxonomy":"product_cat","embeddable":true,"href":"https:\/\/www.elementvape.de\/fi\/wp-json\/wp\/v2\/product_cat?post=13991"},{"taxonomy":"product_tag","embeddable":true,"href":"https:\/\/www.elementvape.de\/fi\/wp-json\/wp\/v2\/product_tag?post=13991"}],"curies":[{"name":"wp","href":"https:\/\/api.w.org\/{rel}","templated":true}]}}