{"id":13940,"date":"2024-08-22T07:09:54","date_gmt":"2024-08-22T07:09:54","guid":{"rendered":"https:\/\/www.elementvape.de\/?post_type=product&#038;p=13940"},"modified":"2024-12-12T06:34:06","modified_gmt":"2024-12-12T06:34:06","slug":"sprudelnde-begeisterung-geniessen-sie-den-unvergleichlichen-geschmack-von-orange-soda","status":"publish","type":"product","link":"https:\/\/www.elementvape.de\/fi\/produkt\/sprudelnde-begeisterung-geniessen-sie-den-unvergleichlichen-geschmack-von-orange-soda\/","title":{"rendered":"Kupliva innostus Nauti vertaansa vailla oleva maku Appelsiini Sooda"},"content":{"rendered":"<h3>Kupliva innostus Nauti vertaansa vailla oleva maku Appelsiini Sooda<\/h3>\n<p>Sukella pirskahtelevaan h\u00f6yrykokemukseen WASPE 15000 PUFFS:ll\u00e4 ja nauti virkist\u00e4v\u00e4st\u00e4 appelsiinisoodin mausta. T\u00e4m\u00e4 hedelm\u00e4inen-suolainen maku tuo t\u00e4ydellisen tasapainon eloisan sitruksen raikkauden ja poreilevan makeuden v\u00e4lill\u00e4 suoraan vedoihisi. Jokainen veto vapauttaa t\u00e4yden appelsiinisoodin maun, joka virkist\u00e4\u00e4 ja innostaa makuhermojasi.<\/p>\n<figure id=\"attachment_13942\" aria-describedby=\"caption-attachment-13942\" style=\"width: 300px\" class=\"wp-caption alignnone\"><img loading=\"lazy\" decoding=\"async\" class=\"size-medium wp-image-13942\" src=\"https:\/\/www.elementvape.de\/wp-content\/uploads\/2024\/08\/Orange-Soda1-300x300.jpg\" alt=\"Appelsiinisooda1\" width=\"300\" height=\"300\" srcset=\"https:\/\/www.elementvape.de\/wp-content\/uploads\/2024\/08\/Orange-Soda1-300x300.jpg 300w, https:\/\/www.elementvape.de\/wp-content\/uploads\/2024\/08\/Orange-Soda1-1024x1024.jpg 1024w, https:\/\/www.elementvape.de\/wp-content\/uploads\/2024\/08\/Orange-Soda1-150x150.jpg 150w, https:\/\/www.elementvape.de\/wp-content\/uploads\/2024\/08\/Orange-Soda1-768x768.jpg 768w, https:\/\/www.elementvape.de\/wp-content\/uploads\/2024\/08\/Orange-Soda1-600x600.jpg 600w, https:\/\/www.elementvape.de\/wp-content\/uploads\/2024\/08\/Orange-Soda1-100x100.jpg 100w, https:\/\/www.elementvape.de\/wp-content\/uploads\/2024\/08\/Orange-Soda1-50x50.jpg 50w, https:\/\/www.elementvape.de\/wp-content\/uploads\/2024\/08\/Orange-Soda1.jpg 1200w\" sizes=\"(max-width: 300px) 100vw, 300px\" \/><figcaption id=\"caption-attachment-13942\" class=\"wp-caption-text\">Appelsiinisooda1<\/figcaption><\/figure>\n<p>WASPE 15000 PUFFS tarjoaa ei vain ainutlaatuisen maun, vaan my\u00f6s todistetun suorituskyvyn ja kest\u00e4vyyden, joita odotat premium-laitteelta. Edistyksellisen mesh-kierteen teknologian avulla jokainen veto on intensiivinen kokemus, jonka haluat kokea uudelleen ja uudelleen. Maku ja teknologia yhdistyv\u00e4t tekem\u00e4\u00e4n t\u00e4st\u00e4 laitteesta v\u00e4ltt\u00e4m\u00e4tt\u00f6m\u00e4n kumppanin kaikille, jotka etsiv\u00e4t kuplivaa <strong><a href=\"https:\/\/www.elementvape.de\/fi\/\" target=\"_blank\" rel=\"noopener\">h\u00f6yrykokemusta<\/a><\/strong> etsiv\u00e4t.<\/p>\n<hr \/>\n<h3>Tuotetiedot: WASPE 15000 PUFFS<\/h3>\n<table>\n<thead>\n<tr>\n<th><strong>Ominaisuus<\/strong><\/th>\n<th><strong>Yksityiskohdat<\/strong><\/th>\n<\/tr>\n<\/thead>\n<tbody>\n<tr>\n<td>Maku<\/td>\n<td>Appelsiini Sooda<\/td>\n<\/tr>\n<tr>\n<td>N-gasapitoisuus<\/td>\n<td>\u00a02% , 5%<\/td>\n<\/tr>\n<tr>\n<td>Puff-kapasiteetti<\/td>\n<td>Enint\u00e4\u00e4n 15 000 vetoa<\/td>\n<\/tr>\n<tr>\n<td>E-liquidi-kapasiteetti<\/td>\n<td>22ml<\/td>\n<\/tr>\n<tr>\n<td>Kela-teknologia<\/td>\n<td>0,8\u03a9 Mesh-kela intensiivisemp\u00e4\u00e4n makuun ja enemm\u00e4n h\u00f6yry\u00e4<\/td>\n<\/tr>\n<tr>\n<td>N\u00e4ytt\u00f6<\/td>\n<td>LCD-n\u00e4ytt\u00f6 reaaliaikaisten tietojen n\u00e4ytt\u00e4miseen<\/td>\n<\/tr>\n<tr>\n<td>Akku<\/td>\n<td>Uudelleenladattava 850mAh akku<\/td>\n<\/tr>\n<tr>\n<td>Latausliit\u00e4nt\u00e4<\/td>\n<td>Type-C-portti<\/td>\n<\/tr>\n<\/tbody>\n<\/table>\n<hr \/>\n<p>K\u00e4ytt\u00e4m\u00e4ll\u00e4 WASPE 15000 PUFFS:\u00e4\u00e4 ja sen vertaansa vailla olevaa appelsiinisoodin makua nautit ei vain hedelm\u00e4isest\u00e4 raikkaudesta, vaan my\u00f6s kuplivasta innostuksesta, joka tekee jokaisesta h\u00f6yrytyksest\u00e4 erityisen kokemuksen.<\/p>","protected":false},"excerpt":{"rendered":"<p>Sprudelnde Begeisterung: Genie\u00dfen Sie den unvergleichlichen Geschmack von Orange Soda Tauchen Sie ein in ein spritziges Dampferlebnis mit dem WASPE 15000 PUFFS und genie\u00dfen Sie den erfrischenden Geschmack von Orange Soda. Dieser fruchtig-s\u00fc\u00dfe Geschmack bringt die perfekte Balance aus lebhafter Zitrusfrische und prickelnder S\u00fc\u00dfe direkt in Ihre Z\u00fcge. Jeder Zug entfaltet den vollen Geschmack von [&hellip;]<\/p>","protected":false},"featured_media":13941,"template":"","meta":{"inline_featured_image":false},"product_cat":[15,78,735,746,741,733,744,755,738,751,732,723],"product_tag":[710,674],"tiered_pricing_type":"fixed","tiered_pricing_fixed_rules":{"110":"7.91","200":"7.03","500":"6.15"},"tiered_pricing_percentage_rules":[],"tiered_pricing_minimum":1,"_administrator_tiered_pricing_type":"fixed","_administrator_tiered_pricing_fixed_rules":[],"_editor_tiered_pricing_type":"fixed","_editor_tiered_pricing_fixed_rules":[],"_author_tiered_pricing_type":"fixed","_author_tiered_pricing_fixed_rules":[],"_contributor_tiered_pricing_type":"fixed","_contributor_tiered_pricing_fixed_rules":[],"_subscriber_tiered_pricing_type":"fixed","_subscriber_tiered_pricing_fixed_rules":[],"_customer_tiered_pricing_type":"fixed","_customer_tiered_pricing_fixed_rules":[],"_shop_manager_tiered_pricing_type":"fixed","_shop_manager_tiered_pricing_fixed_rules":[],"_wpseo_manager_tiered_pricing_type":"fixed","_wpseo_manager_tiered_pricing_fixed_rules":[],"_wpseo_editor_tiered_pricing_type":"fixed","_wpseo_editor_tiered_pricing_fixed_rules":[],"_wholesale_customer_tiered_pricing_type":"fixed","_wholesale_customer_tiered_pricing_fixed_rules":[],"_marketer_tiered_pricing_type":"fixed","_marketer_tiered_pricing_fixed_rules":[],"_sales_manager_tiered_pricing_type":"fixed","_sales_manager_tiered_pricing_fixed_rules":[],"_sales_rep_tiered_pricing_type":"fixed","_sales_rep_tiered_pricing_fixed_rules":[],"yoast_head":"<!-- This site is optimized with the Yoast SEO plugin v23.3 - https:\/\/yoast.com\/wordpress\/plugins\/seo\/ -->\n<title>Sprudelnde Begeisterung Genie\u00dfen Sie den unvergleichlichen Geschmack von Orange Soda | ElementVape.de<\/title>\n<meta name=\"description\" content=\"Wir bieten Sprudelnde Begeisterung Genie\u00dfen Sie den unvergleichlichen Geschmack von Orange Soda , Elementvape.de akzeptieren Gro\u00df-und Einzelhandel Bestellungen.\" \/>\n<meta name=\"robots\" content=\"index, follow, max-snippet:-1, max-image-preview:large, max-video-preview:-1\" \/>\n<link rel=\"canonical\" href=\"https:\/\/www.elementvape.de\/fi\/produkt\/sprudelnde-begeisterung-geniessen-sie-den-unvergleichlichen-geschmack-von-orange-soda\/\" \/>\n<meta property=\"og:locale\" content=\"fi_FI\" \/>\n<meta property=\"og:type\" content=\"article\" \/>\n<meta property=\"og:title\" content=\"Sprudelnde Begeisterung Genie\u00dfen Sie den unvergleichlichen Geschmack von Orange Soda | ElementVape.de\" \/>\n<meta property=\"og:description\" content=\"Wir bieten Sprudelnde Begeisterung Genie\u00dfen Sie den unvergleichlichen Geschmack von Orange Soda , Elementvape.de akzeptieren Gro\u00df-und Einzelhandel Bestellungen.\" \/>\n<meta property=\"og:url\" content=\"https:\/\/www.elementvape.de\/fi\/produkt\/sprudelnde-begeisterung-geniessen-sie-den-unvergleichlichen-geschmack-von-orange-soda\/\" \/>\n<meta property=\"og:site_name\" content=\"ElementVape.de\" \/>\n<meta property=\"article:modified_time\" content=\"2024-12-12T06:34:06+00:00\" \/>\n<meta property=\"og:image\" content=\"https:\/\/www.elementvape.de\/wp-content\/uploads\/2024\/08\/Orange-Soda.jpg\" \/>\n\t<meta property=\"og:image:width\" content=\"1920\" \/>\n\t<meta property=\"og:image:height\" content=\"1536\" \/>\n\t<meta property=\"og:image:type\" content=\"image\/jpeg\" \/>\n<meta name=\"twitter:card\" content=\"summary_large_image\" \/>\n<meta name=\"twitter:label1\" content=\"Est. reading time\" \/>\n\t<meta name=\"twitter:data1\" content=\"2 minuuttia\" \/>\n<script type=\"application\/ld+json\" class=\"yoast-schema-graph\">{\"@context\":\"https:\/\/schema.org\",\"@graph\":[{\"@type\":\"WebPage\",\"@id\":\"https:\/\/www.elementvape.de\/el\/produkt\/sprudelnde-begeisterung-geniessen-sie-den-unvergleichlichen-geschmack-von-orange-soda\/\",\"url\":\"https:\/\/www.elementvape.de\/el\/produkt\/sprudelnde-begeisterung-geniessen-sie-den-unvergleichlichen-geschmack-von-orange-soda\/\",\"name\":\"Sprudelnde Begeisterung Genie\u00dfen Sie den unvergleichlichen Geschmack von Orange Soda | ElementVape.de\",\"isPartOf\":{\"@id\":\"https:\/\/www.elementvape.de\/#website\"},\"primaryImageOfPage\":{\"@id\":\"https:\/\/www.elementvape.de\/el\/produkt\/sprudelnde-begeisterung-geniessen-sie-den-unvergleichlichen-geschmack-von-orange-soda\/#primaryimage\"},\"image\":{\"@id\":\"https:\/\/www.elementvape.de\/el\/produkt\/sprudelnde-begeisterung-geniessen-sie-den-unvergleichlichen-geschmack-von-orange-soda\/#primaryimage\"},\"thumbnailUrl\":\"https:\/\/www.elementvape.de\/wp-content\/uploads\/2024\/08\/Orange-Soda.jpg\",\"datePublished\":\"2024-08-22T07:09:54+00:00\",\"dateModified\":\"2024-12-12T06:34:06+00:00\",\"description\":\"Wir bieten Sprudelnde Begeisterung Genie\u00dfen Sie den unvergleichlichen Geschmack von Orange Soda , Elementvape.de akzeptieren Gro\u00df-und Einzelhandel Bestellungen.\",\"breadcrumb\":{\"@id\":\"https:\/\/www.elementvape.de\/el\/produkt\/sprudelnde-begeisterung-geniessen-sie-den-unvergleichlichen-geschmack-von-orange-soda\/#breadcrumb\"},\"inLanguage\":\"fi\",\"potentialAction\":[{\"@type\":\"ReadAction\",\"target\":[\"https:\/\/www.elementvape.de\/el\/produkt\/sprudelnde-begeisterung-geniessen-sie-den-unvergleichlichen-geschmack-von-orange-soda\/\"]}]},{\"@type\":\"ImageObject\",\"inLanguage\":\"fi\",\"@id\":\"https:\/\/www.elementvape.de\/el\/produkt\/sprudelnde-begeisterung-geniessen-sie-den-unvergleichlichen-geschmack-von-orange-soda\/#primaryimage\",\"url\":\"https:\/\/www.elementvape.de\/wp-content\/uploads\/2024\/08\/Orange-Soda.jpg\",\"contentUrl\":\"https:\/\/www.elementvape.de\/wp-content\/uploads\/2024\/08\/Orange-Soda.jpg\",\"width\":1920,\"height\":1536,\"caption\":\"Orange Soda\"},{\"@type\":\"BreadcrumbList\",\"@id\":\"https:\/\/www.elementvape.de\/el\/produkt\/sprudelnde-begeisterung-geniessen-sie-den-unvergleichlichen-geschmack-von-orange-soda\/#breadcrumb\",\"itemListElement\":[{\"@type\":\"ListItem\",\"position\":1,\"name\":\"Home\",\"item\":\"https:\/\/www.elementvape.de\/\"},{\"@type\":\"ListItem\",\"position\":2,\"name\":\"Shop\",\"item\":\"https:\/\/www.elementvape.de\/shop\/\"},{\"@type\":\"ListItem\",\"position\":3,\"name\":\"Sprudelnde Begeisterung Genie\u00dfen Sie den unvergleichlichen Geschmack von Orange Soda\"}]},{\"@type\":\"WebSite\",\"@id\":\"https:\/\/www.elementvape.de\/#website\",\"url\":\"https:\/\/www.elementvape.de\/\",\"name\":\"ElementVape.de\",\"description\":\"\",\"publisher\":{\"@id\":\"https:\/\/www.elementvape.de\/#organization\"},\"potentialAction\":[{\"@type\":\"SearchAction\",\"target\":{\"@type\":\"EntryPoint\",\"urlTemplate\":\"https:\/\/www.elementvape.de\/?s={search_term_string}\"},\"query-input\":\"required name=search_term_string\"}],\"inLanguage\":\"fi\"},{\"@type\":\"Organization\",\"@id\":\"https:\/\/www.elementvape.de\/#organization\",\"name\":\"ElementVape.DE\",\"url\":\"https:\/\/www.elementvape.de\/\",\"logo\":{\"@type\":\"ImageObject\",\"inLanguage\":\"fi\",\"@id\":\"https:\/\/www.elementvape.de\/#\/schema\/logo\/image\/\",\"url\":\"https:\/\/www.elementvape.de\/wp-content\/uploads\/2024\/09\/cropped-1elementvape-3.png\",\"contentUrl\":\"https:\/\/www.elementvape.de\/wp-content\/uploads\/2024\/09\/cropped-1elementvape-3.png\",\"width\":285,\"height\":228,\"caption\":\"ElementVape.DE\"},\"image\":{\"@id\":\"https:\/\/www.elementvape.de\/#\/schema\/logo\/image\/\"}}]}<\/script>\n<!-- \/ Yoast SEO plugin. -->","yoast_head_json":{"title":"Sprudelnde Begeisterung Genie\u00dfen Sie den unvergleichlichen Geschmack von Orange Soda | ElementVape.de","description":"Wir bieten Sprudelnde Begeisterung Genie\u00dfen Sie den unvergleichlichen Geschmack von Orange Soda , Elementvape.de akzeptieren Gro\u00df-und Einzelhandel Bestellungen.","robots":{"index":"index","follow":"follow","max-snippet":"max-snippet:-1","max-image-preview":"max-image-preview:large","max-video-preview":"max-video-preview:-1"},"canonical":"https:\/\/www.elementvape.de\/fi\/produkt\/sprudelnde-begeisterung-geniessen-sie-den-unvergleichlichen-geschmack-von-orange-soda\/","og_locale":"fi_FI","og_type":"article","og_title":"Sprudelnde Begeisterung Genie\u00dfen Sie den unvergleichlichen Geschmack von Orange Soda | ElementVape.de","og_description":"Wir bieten Sprudelnde Begeisterung Genie\u00dfen Sie den unvergleichlichen Geschmack von Orange Soda , Elementvape.de akzeptieren Gro\u00df-und Einzelhandel Bestellungen.","og_url":"https:\/\/www.elementvape.de\/fi\/produkt\/sprudelnde-begeisterung-geniessen-sie-den-unvergleichlichen-geschmack-von-orange-soda\/","og_site_name":"ElementVape.de","article_modified_time":"2024-12-12T06:34:06+00:00","og_image":[{"width":1920,"height":1536,"url":"https:\/\/www.elementvape.de\/wp-content\/uploads\/2024\/08\/Orange-Soda.jpg","type":"image\/jpeg"}],"twitter_card":"summary_large_image","twitter_misc":{"Est. reading time":"2 minuuttia"},"schema":{"@context":"https:\/\/schema.org","@graph":[{"@type":"WebPage","@id":"https:\/\/www.elementvape.de\/el\/produkt\/sprudelnde-begeisterung-geniessen-sie-den-unvergleichlichen-geschmack-von-orange-soda\/","url":"https:\/\/www.elementvape.de\/el\/produkt\/sprudelnde-begeisterung-geniessen-sie-den-unvergleichlichen-geschmack-von-orange-soda\/","name":"Sprudelnde Begeisterung Genie\u00dfen Sie den unvergleichlichen Geschmack von Orange Soda | ElementVape.de","isPartOf":{"@id":"https:\/\/www.elementvape.de\/#website"},"primaryImageOfPage":{"@id":"https:\/\/www.elementvape.de\/el\/produkt\/sprudelnde-begeisterung-geniessen-sie-den-unvergleichlichen-geschmack-von-orange-soda\/#primaryimage"},"image":{"@id":"https:\/\/www.elementvape.de\/el\/produkt\/sprudelnde-begeisterung-geniessen-sie-den-unvergleichlichen-geschmack-von-orange-soda\/#primaryimage"},"thumbnailUrl":"https:\/\/www.elementvape.de\/wp-content\/uploads\/2024\/08\/Orange-Soda.jpg","datePublished":"2024-08-22T07:09:54+00:00","dateModified":"2024-12-12T06:34:06+00:00","description":"Wir bieten Sprudelnde Begeisterung Genie\u00dfen Sie den unvergleichlichen Geschmack von Orange Soda , Elementvape.de akzeptieren Gro\u00df-und Einzelhandel Bestellungen.","breadcrumb":{"@id":"https:\/\/www.elementvape.de\/el\/produkt\/sprudelnde-begeisterung-geniessen-sie-den-unvergleichlichen-geschmack-von-orange-soda\/#breadcrumb"},"inLanguage":"fi","potentialAction":[{"@type":"ReadAction","target":["https:\/\/www.elementvape.de\/el\/produkt\/sprudelnde-begeisterung-geniessen-sie-den-unvergleichlichen-geschmack-von-orange-soda\/"]}]},{"@type":"ImageObject","inLanguage":"fi","@id":"https:\/\/www.elementvape.de\/el\/produkt\/sprudelnde-begeisterung-geniessen-sie-den-unvergleichlichen-geschmack-von-orange-soda\/#primaryimage","url":"https:\/\/www.elementvape.de\/wp-content\/uploads\/2024\/08\/Orange-Soda.jpg","contentUrl":"https:\/\/www.elementvape.de\/wp-content\/uploads\/2024\/08\/Orange-Soda.jpg","width":1920,"height":1536,"caption":"Orange Soda"},{"@type":"BreadcrumbList","@id":"https:\/\/www.elementvape.de\/el\/produkt\/sprudelnde-begeisterung-geniessen-sie-den-unvergleichlichen-geschmack-von-orange-soda\/#breadcrumb","itemListElement":[{"@type":"ListItem","position":1,"name":"Home","item":"https:\/\/www.elementvape.de\/"},{"@type":"ListItem","position":2,"name":"Shop","item":"https:\/\/www.elementvape.de\/shop\/"},{"@type":"ListItem","position":3,"name":"Sprudelnde Begeisterung Genie\u00dfen Sie den unvergleichlichen Geschmack von Orange Soda"}]},{"@type":"WebSite","@id":"https:\/\/www.elementvape.de\/#website","url":"https:\/\/www.elementvape.de\/","name":"ElementVape.de","description":"","publisher":{"@id":"https:\/\/www.elementvape.de\/#organization"},"potentialAction":[{"@type":"SearchAction","target":{"@type":"EntryPoint","urlTemplate":"https:\/\/www.elementvape.de\/?s={search_term_string}"},"query-input":"required name=search_term_string"}],"inLanguage":"fi"},{"@type":"Organization","@id":"https:\/\/www.elementvape.de\/#organization","name":"ElementVape.DE","url":"https:\/\/www.elementvape.de\/","logo":{"@type":"ImageObject","inLanguage":"fi","@id":"https:\/\/www.elementvape.de\/#\/schema\/logo\/image\/","url":"https:\/\/www.elementvape.de\/wp-content\/uploads\/2024\/09\/cropped-1elementvape-3.png","contentUrl":"https:\/\/www.elementvape.de\/wp-content\/uploads\/2024\/09\/cropped-1elementvape-3.png","width":285,"height":228,"caption":"ElementVape.DE"},"image":{"@id":"https:\/\/www.elementvape.de\/#\/schema\/logo\/image\/"}}]}},"_links":{"self":[{"href":"https:\/\/www.elementvape.de\/fi\/wp-json\/wp\/v2\/product\/13940"}],"collection":[{"href":"https:\/\/www.elementvape.de\/fi\/wp-json\/wp\/v2\/product"}],"about":[{"href":"https:\/\/www.elementvape.de\/fi\/wp-json\/wp\/v2\/types\/product"}],"wp:featuredmedia":[{"embeddable":true,"href":"https:\/\/www.elementvape.de\/fi\/wp-json\/wp\/v2\/media\/13941"}],"wp:attachment":[{"href":"https:\/\/www.elementvape.de\/fi\/wp-json\/wp\/v2\/media?parent=13940"}],"wp:term":[{"taxonomy":"product_cat","embeddable":true,"href":"https:\/\/www.elementvape.de\/fi\/wp-json\/wp\/v2\/product_cat?post=13940"},{"taxonomy":"product_tag","embeddable":true,"href":"https:\/\/www.elementvape.de\/fi\/wp-json\/wp\/v2\/product_tag?post=13940"}],"curies":[{"name":"wp","href":"https:\/\/api.w.org\/{rel}","templated":true}]}}