{"id":13935,"date":"2024-08-22T06:20:21","date_gmt":"2024-08-22T06:20:21","guid":{"rendered":"https:\/\/www.elementvape.de\/?post_type=product&#038;p=13935"},"modified":"2024-12-12T06:34:08","modified_gmt":"2024-12-12T06:34:08","slug":"waspe-15000-puffs-erleben-sie-15000-puffs-watermelon-lce-genuss-mit-mesh-coil-technologie","status":"publish","type":"product","link":"https:\/\/www.elementvape.de\/fi\/produkt\/waspe-15000-puffs-erleben-sie-15000-puffs-watermelon-lce-genuss-mit-mesh-coil-technologie\/","title":{"rendered":"WASPE 15000 PUFFS Koe 15000 puffs vesimelonij\u00e4\u00e4hyv\u00e4ist\u00e4 Mesh Coil -teknologialla"},"content":{"rendered":"<table style=\"font-size: 16px;\">\n<thead>\n<tr>\n<th><strong>Ominaisuus<\/strong><\/th>\n<th><strong>Yksityiskohdat<\/strong><\/th>\n<\/tr>\n<\/thead>\n<tbody>\n<tr>\n<td>N-gasapitoisuus<\/td>\n<td>\u00a02% , 5%<\/td>\n<\/tr>\n<tr>\n<td>Puff-kapasiteetti<\/td>\n<td>Enint\u00e4\u00e4n 15 000 vetoa<\/td>\n<\/tr>\n<tr>\n<td>E-liquidi-kapasiteetti<\/td>\n<td>22ml<\/td>\n<\/tr>\n<tr>\n<td>N\u00e4ytt\u00f6<\/td>\n<td>LCD-n\u00e4ytt\u00f6 reaaliaikaisten tietojen n\u00e4ytt\u00e4miseen<\/td>\n<\/tr>\n<tr>\n<td>Akku<\/td>\n<td>Uudelleenladattava 850mAh akku<\/td>\n<\/tr>\n<tr>\n<td>Kela-teknologia<\/td>\n<td>0,8\u03a9 Mesh-kela intensiivisemp\u00e4\u00e4n makuun ja enemm\u00e4n h\u00f6yry\u00e4<\/td>\n<\/tr>\n<tr>\n<td>Latausliit\u00e4nt\u00e4<\/td>\n<td>Type-C-portti<\/td>\n<\/tr>\n<\/tbody>\n<\/table>\n<hr \/>\n<h2>Enimm\u00e4isvaikutus h\u00f6yryst\u00e4misess\u00e4 WASPE 15000 PUFFS:ll\u00e4<\/h2>\n<p>WASPE 15000 PUFFS tarjoaa vertaansa vailla olevan h\u00f6yryst\u00e4miskokemuksen, joka vakuuttaa sek\u00e4 suorituskyvyll\u00e4 ett\u00e4 kest\u00e4vyydell\u00e4. Upealla jopa 15 000 vedon kapasiteetilla ja suurella 22 ml E-liquidi-astialla on taattu pitk\u00e4t nautintokerrat. Mahdollisuus valita eri nikotiinipitoisuuksista tekee laitteesta erityisen joustavan ja yksil\u00f6llisesti s\u00e4\u00e4dett\u00e4v\u00e4n. N\u00e4in voit r\u00e4\u00e4t\u00e4l\u00f6id\u00e4 h\u00f6yryst\u00e4miskokemuksesi juuri tarpeidesi mukaan.<\/p>\n<p>Mik\u00e4 tekee WASPE 15000 PUFFS:st\u00e4 ainutlaatuisen, on sen k\u00e4ytt\u00e4j\u00e4yst\u00e4v\u00e4llisyys. Integroitu LCD-n\u00e4ytt\u00f6 pit\u00e4\u00e4 sinut aina ajan tasalla akun tilasta ja j\u00e4ljell\u00e4 olevista vedoista. N\u00e4in sinulla on kaikki t\u00e4rke\u00e4t tiedot silmiesi edess\u00e4 ja voit suunnitella h\u00f6yryst\u00e4miskokemuksesi optimaalisesti. Uudelleenladattava 850mAh akku varmistaa, ett\u00e4 olet aina valmis k\u00e4ytt\u00f6\u00f6n.<\/p>\n<h3>Edistynyt teknologia intensiivisemp\u00e4\u00e4n makuun<\/h3>\n<p>WASPE 15000 PUFFS:n Mesh Coil -teknologia asettaa uudet standardit maun ja h\u00f6yrynkehityksen osalta. 0,8\u03a9 Mesh Coil -laitteella koet intensiivisen aromin ja vaikuttavan h\u00f6yrym\u00e4\u00e4r\u00e4n jokaisella vedolla. T\u00e4m\u00e4 teknologia varmistaa, ett\u00e4 E-liquidi h\u00f6yrystyy tasaisesti ja tehokkaasti, mik\u00e4 ei ainoastaan tehosta makua vaan my\u00f6s pident\u00e4\u00e4 laitteen k\u00e4ytt\u00f6ik\u00e4\u00e4.<\/p>\n<p>WASPE 15000 PUFFS tarjoaa lis\u00e4ksi helpon ja nopean latauksen Type-C-portin kautta. N\u00e4in laite on nopeasti taas k\u00e4ytt\u00f6valmis ja seuraa sinua p\u00e4iv\u00e4n aikana. Korkean laadun ja innovatiivisen teknologian ansiosta WASPE 15000 PUFFS on t\u00e4ydellinen valinta kaikille, jotka arvostavat ensiluokkaista h\u00f6yryst\u00e4miskokemusta.<\/p>\n<h3>Mukavuutta ja sopeutumista arkeen<\/h3>\n<p>WASPE 15000 PUFFS:n kanssa sinun ei tarvitse tehd\u00e4 kompromisseja. Suuri 22 ml E-liquidi-kapasiteetti ja mahdollisuus valita eri nikotiinipitoisuuksista tekev\u00e4t t\u00e4st\u00e4 laitteesta joustavan kumppanin joka tilanteeseen. Olipa kyse lyhyest\u00e4 nautintokerrasta tai pidemmist\u00e4 h\u00f6yrystysistunnoista \u2013 WASPE 15000 PUFFS mukautuu el\u00e4m\u00e4ntyyliisi.<\/p>\n<p>K\u00e4yt\u00e4nn\u00f6llinen LCD-n\u00e4ytt\u00f6 ja tehokas akku lis\u00e4\u00e4v\u00e4t k\u00e4ytt\u00e4j\u00e4yst\u00e4v\u00e4llisyytt\u00e4. S\u00e4ilyt\u00e4t aina hallinnan h\u00f6yryst\u00e4miskokemukseesi ja voit olla varma, ett\u00e4 laite ei j\u00e4t\u00e4 sinua pulaan. WASPE 15000 PUFFS on enemm\u00e4n kuin vain <strong><a href=\"https:\/\/www.elementvape.de\/fi\/\" target=\"_blank\" rel=\"noopener\">S\u00e4hk\u00f6tupakka<\/a><\/strong>\u00a0 luotettava kumppanisi intensiiviseen nautintoon ja maksimaaliseen joustavuuteen.<\/p>","protected":false},"excerpt":{"rendered":"<p>Merkmal Details N-Gehalt \u00a02% , 5% Puff-Kapazit\u00e4t Bis zu 15.000 Z\u00fcge E-Liquid-Kapazit\u00e4t 22ml Display LCD-Display zur Anzeige von Echtzeitinformationen Batterie Wiederaufladbarer 850mAh Akku Coil-Technologie 0,8\u03a9 Mesh Coil f\u00fcr intensiveren Geschmack und mehr Dampf Ladeanschluss Type-C Port Maximales Dampferlebnis mit dem WASPE 15000 PUFFS Der WASPE 15000 PUFFS bietet Ihnen ein unvergleichliches Dampferlebnis, das sowohl in [&hellip;]<\/p>","protected":false},"featured_media":13937,"template":"","meta":{"inline_featured_image":false},"product_cat":[15,78,735,746,741,733,744,755,738,751,732,723],"product_tag":[710,674],"tiered_pricing_type":"fixed","tiered_pricing_fixed_rules":{"110":"7.91","200":"7.03","500":"6.15"},"tiered_pricing_percentage_rules":[],"tiered_pricing_minimum":1,"_administrator_tiered_pricing_type":"fixed","_administrator_tiered_pricing_fixed_rules":[],"_editor_tiered_pricing_type":"fixed","_editor_tiered_pricing_fixed_rules":[],"_author_tiered_pricing_type":"fixed","_author_tiered_pricing_fixed_rules":[],"_contributor_tiered_pricing_type":"fixed","_contributor_tiered_pricing_fixed_rules":[],"_subscriber_tiered_pricing_type":"fixed","_subscriber_tiered_pricing_fixed_rules":[],"_customer_tiered_pricing_type":"fixed","_customer_tiered_pricing_fixed_rules":[],"_shop_manager_tiered_pricing_type":"fixed","_shop_manager_tiered_pricing_fixed_rules":[],"_wpseo_manager_tiered_pricing_type":"fixed","_wpseo_manager_tiered_pricing_fixed_rules":[],"_wpseo_editor_tiered_pricing_type":"fixed","_wpseo_editor_tiered_pricing_fixed_rules":[],"_wholesale_customer_tiered_pricing_type":"fixed","_wholesale_customer_tiered_pricing_fixed_rules":[],"_marketer_tiered_pricing_type":"fixed","_marketer_tiered_pricing_fixed_rules":[],"_sales_manager_tiered_pricing_type":"fixed","_sales_manager_tiered_pricing_fixed_rules":[],"_sales_rep_tiered_pricing_type":"fixed","_sales_rep_tiered_pricing_fixed_rules":[],"yoast_head":"<!-- This site is optimized with the Yoast SEO plugin v23.3 - https:\/\/yoast.com\/wordpress\/plugins\/seo\/ -->\n<title>WASPE 15000 PUFFS Erleben Sie 15000 Puffs Watermelon lce Genuss mit Mesh Coil Technologie | ElementVape.de<\/title>\n<meta name=\"description\" content=\"Wir bieten WASPE 15000 PUFFS Erleben Sie 15000 Puffs Watermelon lce Genuss mit Mesh Coil Technologie , Elementvape.de akzeptieren Gro\u00df-und Einzelhandel Bestellungen.\" \/>\n<meta name=\"robots\" content=\"index, follow, max-snippet:-1, max-image-preview:large, max-video-preview:-1\" \/>\n<link rel=\"canonical\" href=\"https:\/\/www.elementvape.de\/fi\/produkt\/waspe-15000-puffs-erleben-sie-15000-puffs-watermelon-lce-genuss-mit-mesh-coil-technologie\/\" \/>\n<meta property=\"og:locale\" content=\"fi_FI\" \/>\n<meta property=\"og:type\" content=\"article\" \/>\n<meta property=\"og:title\" content=\"WASPE 15000 PUFFS Erleben Sie 15000 Puffs Watermelon lce Genuss mit Mesh Coil Technologie | ElementVape.de\" \/>\n<meta property=\"og:description\" content=\"Wir bieten WASPE 15000 PUFFS Erleben Sie 15000 Puffs Watermelon lce Genuss mit Mesh Coil Technologie , Elementvape.de akzeptieren Gro\u00df-und Einzelhandel Bestellungen.\" \/>\n<meta property=\"og:url\" content=\"https:\/\/www.elementvape.de\/fi\/produkt\/waspe-15000-puffs-erleben-sie-15000-puffs-watermelon-lce-genuss-mit-mesh-coil-technologie\/\" \/>\n<meta property=\"og:site_name\" content=\"ElementVape.de\" \/>\n<meta property=\"article:modified_time\" content=\"2024-12-12T06:34:08+00:00\" \/>\n<meta property=\"og:image\" content=\"https:\/\/www.elementvape.de\/wp-content\/uploads\/2024\/08\/Watermelon-lce.jpg\" \/>\n\t<meta property=\"og:image:width\" content=\"1920\" \/>\n\t<meta property=\"og:image:height\" content=\"1536\" \/>\n\t<meta property=\"og:image:type\" content=\"image\/jpeg\" \/>\n<meta name=\"twitter:card\" content=\"summary_large_image\" \/>\n<meta name=\"twitter:label1\" content=\"Est. reading time\" \/>\n\t<meta name=\"twitter:data1\" content=\"3 minuuttia\" \/>\n<script type=\"application\/ld+json\" class=\"yoast-schema-graph\">{\"@context\":\"https:\/\/schema.org\",\"@graph\":[{\"@type\":\"WebPage\",\"@id\":\"https:\/\/www.elementvape.de\/produkt\/waspe-15000-puffs-erleben-sie-15000-puffs-watermelon-lce-genuss-mit-mesh-coil-technologie\/\",\"url\":\"https:\/\/www.elementvape.de\/produkt\/waspe-15000-puffs-erleben-sie-15000-puffs-watermelon-lce-genuss-mit-mesh-coil-technologie\/\",\"name\":\"WASPE 15000 PUFFS Erleben Sie 15000 Puffs Watermelon lce Genuss mit Mesh Coil Technologie | ElementVape.de\",\"isPartOf\":{\"@id\":\"https:\/\/www.elementvape.de\/#website\"},\"primaryImageOfPage\":{\"@id\":\"https:\/\/www.elementvape.de\/produkt\/waspe-15000-puffs-erleben-sie-15000-puffs-watermelon-lce-genuss-mit-mesh-coil-technologie\/#primaryimage\"},\"image\":{\"@id\":\"https:\/\/www.elementvape.de\/produkt\/waspe-15000-puffs-erleben-sie-15000-puffs-watermelon-lce-genuss-mit-mesh-coil-technologie\/#primaryimage\"},\"thumbnailUrl\":\"https:\/\/www.elementvape.de\/wp-content\/uploads\/2024\/08\/Watermelon-lce.jpg\",\"datePublished\":\"2024-08-22T06:20:21+00:00\",\"dateModified\":\"2024-12-12T06:34:08+00:00\",\"description\":\"Wir bieten WASPE 15000 PUFFS Erleben Sie 15000 Puffs Watermelon lce Genuss mit Mesh Coil Technologie , Elementvape.de akzeptieren Gro\u00df-und Einzelhandel Bestellungen.\",\"breadcrumb\":{\"@id\":\"https:\/\/www.elementvape.de\/produkt\/waspe-15000-puffs-erleben-sie-15000-puffs-watermelon-lce-genuss-mit-mesh-coil-technologie\/#breadcrumb\"},\"inLanguage\":\"fi\",\"potentialAction\":[{\"@type\":\"ReadAction\",\"target\":[\"https:\/\/www.elementvape.de\/produkt\/waspe-15000-puffs-erleben-sie-15000-puffs-watermelon-lce-genuss-mit-mesh-coil-technologie\/\"]}]},{\"@type\":\"ImageObject\",\"inLanguage\":\"fi\",\"@id\":\"https:\/\/www.elementvape.de\/produkt\/waspe-15000-puffs-erleben-sie-15000-puffs-watermelon-lce-genuss-mit-mesh-coil-technologie\/#primaryimage\",\"url\":\"https:\/\/www.elementvape.de\/wp-content\/uploads\/2024\/08\/Watermelon-lce.jpg\",\"contentUrl\":\"https:\/\/www.elementvape.de\/wp-content\/uploads\/2024\/08\/Watermelon-lce.jpg\",\"width\":1920,\"height\":1536,\"caption\":\"Watermelon lce\"},{\"@type\":\"BreadcrumbList\",\"@id\":\"https:\/\/www.elementvape.de\/produkt\/waspe-15000-puffs-erleben-sie-15000-puffs-watermelon-lce-genuss-mit-mesh-coil-technologie\/#breadcrumb\",\"itemListElement\":[{\"@type\":\"ListItem\",\"position\":1,\"name\":\"Home\",\"item\":\"https:\/\/www.elementvape.de\/\"},{\"@type\":\"ListItem\",\"position\":2,\"name\":\"Shop\",\"item\":\"https:\/\/www.elementvape.de\/shop\/\"},{\"@type\":\"ListItem\",\"position\":3,\"name\":\"WASPE 15000 PUFFS Erleben Sie 15000 Puffs Watermelon lce Genuss mit Mesh Coil Technologie\"}]},{\"@type\":\"WebSite\",\"@id\":\"https:\/\/www.elementvape.de\/#website\",\"url\":\"https:\/\/www.elementvape.de\/\",\"name\":\"ElementVape.de\",\"description\":\"\",\"publisher\":{\"@id\":\"https:\/\/www.elementvape.de\/#organization\"},\"potentialAction\":[{\"@type\":\"SearchAction\",\"target\":{\"@type\":\"EntryPoint\",\"urlTemplate\":\"https:\/\/www.elementvape.de\/?s={search_term_string}\"},\"query-input\":\"required name=search_term_string\"}],\"inLanguage\":\"fi\"},{\"@type\":\"Organization\",\"@id\":\"https:\/\/www.elementvape.de\/#organization\",\"name\":\"ElementVape.DE\",\"url\":\"https:\/\/www.elementvape.de\/\",\"logo\":{\"@type\":\"ImageObject\",\"inLanguage\":\"fi\",\"@id\":\"https:\/\/www.elementvape.de\/#\/schema\/logo\/image\/\",\"url\":\"https:\/\/www.elementvape.de\/wp-content\/uploads\/2024\/09\/cropped-1elementvape-3.png\",\"contentUrl\":\"https:\/\/www.elementvape.de\/wp-content\/uploads\/2024\/09\/cropped-1elementvape-3.png\",\"width\":285,\"height\":228,\"caption\":\"ElementVape.DE\"},\"image\":{\"@id\":\"https:\/\/www.elementvape.de\/#\/schema\/logo\/image\/\"}}]}<\/script>\n<!-- \/ Yoast SEO plugin. -->","yoast_head_json":{"title":"WASPE 15000 PUFFS Erleben Sie 15000 Puffs Watermelon lce Genuss mit Mesh Coil Technologie | ElementVape.de","description":"Wir bieten WASPE 15000 PUFFS Erleben Sie 15000 Puffs Watermelon lce Genuss mit Mesh Coil Technologie , Elementvape.de akzeptieren Gro\u00df-und Einzelhandel Bestellungen.","robots":{"index":"index","follow":"follow","max-snippet":"max-snippet:-1","max-image-preview":"max-image-preview:large","max-video-preview":"max-video-preview:-1"},"canonical":"https:\/\/www.elementvape.de\/fi\/produkt\/waspe-15000-puffs-erleben-sie-15000-puffs-watermelon-lce-genuss-mit-mesh-coil-technologie\/","og_locale":"fi_FI","og_type":"article","og_title":"WASPE 15000 PUFFS Erleben Sie 15000 Puffs Watermelon lce Genuss mit Mesh Coil Technologie | ElementVape.de","og_description":"Wir bieten WASPE 15000 PUFFS Erleben Sie 15000 Puffs Watermelon lce Genuss mit Mesh Coil Technologie , Elementvape.de akzeptieren Gro\u00df-und Einzelhandel Bestellungen.","og_url":"https:\/\/www.elementvape.de\/fi\/produkt\/waspe-15000-puffs-erleben-sie-15000-puffs-watermelon-lce-genuss-mit-mesh-coil-technologie\/","og_site_name":"ElementVape.de","article_modified_time":"2024-12-12T06:34:08+00:00","og_image":[{"width":1920,"height":1536,"url":"https:\/\/www.elementvape.de\/wp-content\/uploads\/2024\/08\/Watermelon-lce.jpg","type":"image\/jpeg"}],"twitter_card":"summary_large_image","twitter_misc":{"Est. reading time":"3 minuuttia"},"schema":{"@context":"https:\/\/schema.org","@graph":[{"@type":"WebPage","@id":"https:\/\/www.elementvape.de\/produkt\/waspe-15000-puffs-erleben-sie-15000-puffs-watermelon-lce-genuss-mit-mesh-coil-technologie\/","url":"https:\/\/www.elementvape.de\/produkt\/waspe-15000-puffs-erleben-sie-15000-puffs-watermelon-lce-genuss-mit-mesh-coil-technologie\/","name":"WASPE 15000 PUFFS Erleben Sie 15000 Puffs Watermelon lce Genuss mit Mesh Coil Technologie | ElementVape.de","isPartOf":{"@id":"https:\/\/www.elementvape.de\/#website"},"primaryImageOfPage":{"@id":"https:\/\/www.elementvape.de\/produkt\/waspe-15000-puffs-erleben-sie-15000-puffs-watermelon-lce-genuss-mit-mesh-coil-technologie\/#primaryimage"},"image":{"@id":"https:\/\/www.elementvape.de\/produkt\/waspe-15000-puffs-erleben-sie-15000-puffs-watermelon-lce-genuss-mit-mesh-coil-technologie\/#primaryimage"},"thumbnailUrl":"https:\/\/www.elementvape.de\/wp-content\/uploads\/2024\/08\/Watermelon-lce.jpg","datePublished":"2024-08-22T06:20:21+00:00","dateModified":"2024-12-12T06:34:08+00:00","description":"Wir bieten WASPE 15000 PUFFS Erleben Sie 15000 Puffs Watermelon lce Genuss mit Mesh Coil Technologie , Elementvape.de akzeptieren Gro\u00df-und Einzelhandel Bestellungen.","breadcrumb":{"@id":"https:\/\/www.elementvape.de\/produkt\/waspe-15000-puffs-erleben-sie-15000-puffs-watermelon-lce-genuss-mit-mesh-coil-technologie\/#breadcrumb"},"inLanguage":"fi","potentialAction":[{"@type":"ReadAction","target":["https:\/\/www.elementvape.de\/produkt\/waspe-15000-puffs-erleben-sie-15000-puffs-watermelon-lce-genuss-mit-mesh-coil-technologie\/"]}]},{"@type":"ImageObject","inLanguage":"fi","@id":"https:\/\/www.elementvape.de\/produkt\/waspe-15000-puffs-erleben-sie-15000-puffs-watermelon-lce-genuss-mit-mesh-coil-technologie\/#primaryimage","url":"https:\/\/www.elementvape.de\/wp-content\/uploads\/2024\/08\/Watermelon-lce.jpg","contentUrl":"https:\/\/www.elementvape.de\/wp-content\/uploads\/2024\/08\/Watermelon-lce.jpg","width":1920,"height":1536,"caption":"Watermelon lce"},{"@type":"BreadcrumbList","@id":"https:\/\/www.elementvape.de\/produkt\/waspe-15000-puffs-erleben-sie-15000-puffs-watermelon-lce-genuss-mit-mesh-coil-technologie\/#breadcrumb","itemListElement":[{"@type":"ListItem","position":1,"name":"Home","item":"https:\/\/www.elementvape.de\/"},{"@type":"ListItem","position":2,"name":"Shop","item":"https:\/\/www.elementvape.de\/shop\/"},{"@type":"ListItem","position":3,"name":"WASPE 15000 PUFFS Erleben Sie 15000 Puffs Watermelon lce Genuss mit Mesh Coil Technologie"}]},{"@type":"WebSite","@id":"https:\/\/www.elementvape.de\/#website","url":"https:\/\/www.elementvape.de\/","name":"ElementVape.de","description":"","publisher":{"@id":"https:\/\/www.elementvape.de\/#organization"},"potentialAction":[{"@type":"SearchAction","target":{"@type":"EntryPoint","urlTemplate":"https:\/\/www.elementvape.de\/?s={search_term_string}"},"query-input":"required name=search_term_string"}],"inLanguage":"fi"},{"@type":"Organization","@id":"https:\/\/www.elementvape.de\/#organization","name":"ElementVape.DE","url":"https:\/\/www.elementvape.de\/","logo":{"@type":"ImageObject","inLanguage":"fi","@id":"https:\/\/www.elementvape.de\/#\/schema\/logo\/image\/","url":"https:\/\/www.elementvape.de\/wp-content\/uploads\/2024\/09\/cropped-1elementvape-3.png","contentUrl":"https:\/\/www.elementvape.de\/wp-content\/uploads\/2024\/09\/cropped-1elementvape-3.png","width":285,"height":228,"caption":"ElementVape.DE"},"image":{"@id":"https:\/\/www.elementvape.de\/#\/schema\/logo\/image\/"}}]}},"_links":{"self":[{"href":"https:\/\/www.elementvape.de\/fi\/wp-json\/wp\/v2\/product\/13935"}],"collection":[{"href":"https:\/\/www.elementvape.de\/fi\/wp-json\/wp\/v2\/product"}],"about":[{"href":"https:\/\/www.elementvape.de\/fi\/wp-json\/wp\/v2\/types\/product"}],"wp:featuredmedia":[{"embeddable":true,"href":"https:\/\/www.elementvape.de\/fi\/wp-json\/wp\/v2\/media\/13937"}],"wp:attachment":[{"href":"https:\/\/www.elementvape.de\/fi\/wp-json\/wp\/v2\/media?parent=13935"}],"wp:term":[{"taxonomy":"product_cat","embeddable":true,"href":"https:\/\/www.elementvape.de\/fi\/wp-json\/wp\/v2\/product_cat?post=13935"},{"taxonomy":"product_tag","embeddable":true,"href":"https:\/\/www.elementvape.de\/fi\/wp-json\/wp\/v2\/product_tag?post=13935"}],"curies":[{"name":"wp","href":"https:\/\/api.w.org\/{rel}","templated":true}]}}