{"id":13884,"date":"2024-08-20T06:55:39","date_gmt":"2024-08-20T06:55:39","guid":{"rendered":"https:\/\/www.elementvape.de\/?post_type=product&#038;p=13884"},"modified":"2024-12-12T06:34:25","modified_gmt":"2024-12-12T06:34:25","slug":"elf-shisha-16000-puffs-der-premium-vape-mit-strawberry-watermelon-geschmack-fuer-erfrischende-suesse","status":"publish","type":"product","link":"https:\/\/www.elementvape.de\/fi\/produkt\/elf-shisha-16000-puffs-der-premium-vape-mit-strawberry-watermelon-geschmack-fuer-erfrischende-suesse\/","title":{"rendered":"ELF SHISHA 16000 Puffs Premium Vape Strawberry Watermelon -maulla virkist\u00e4v\u00e4\u00e4n makeuteen"},"content":{"rendered":"<h2><strong>Premium Vape, jossa on Strawberry Watermelon -maku raikkaaseen makeuteen<\/strong><\/h2>\n<p>ELF SHISHA 16000 tarjoaa vertaansa vailla olevan makuel\u00e4myksen, joka yhdist\u00e4\u00e4 mehukkaan mansikan makeuden ja vesimelonin raikkaan keveyden. T\u00e4m\u00e4 hedelm\u00e4inen sekoitus on t\u00e4ydellinen valinta <strong><a href=\"https:\/\/www.elementvape.de\/fi\/\" target=\"_blank\" rel=\"noopener\">Harrastajille<\/a><\/strong>, jotka suosivat makeaa mutta ei liian raskasta makua. Jokaisella vedolla avautuu t\u00e4ysi makujen kirjo, joka tarjoaa raikkaan h\u00f6yryst\u00e4miskokemuksen sek\u00e4 kuumina kes\u00e4p\u00e4ivin\u00e4 ett\u00e4 muina vuodenaikoina.<\/p>\n<p>Strawberry Watermelon -maku on ihanteellinen kaikille, jotka etsiv\u00e4t harmonista ja miellytt\u00e4v\u00e4n makeaa makuel\u00e4myst\u00e4, joka samalla virkist\u00e4\u00e4 ja raikastaa.<\/p>\n<hr \/>\n<h4>Tekninen huippuosaaminen pitk\u00e4kestoiseen nautintoon<\/h4>\n<p>ELF SHISHA 16000 vakuuttaa paitsi maullaan my\u00f6s vaikuttavalla teknisell\u00e4 varustuksellaan. 16 000 vedon kapasiteetillaan se on suunniteltu erityisen kest\u00e4m\u00e4\u00e4n ja olemaan luotettava. Modernin mesh-kierukan, 0,6 ohmin, ansiosta jokainen veto on tiivis, makuvoimakas kokemus, joka korostaa t\u00e4ydellisesti hedelm\u00e4ist\u00e4 mansikka-vesimeloni-makua.<\/p>\n<p>Tehokas, uudelleenladattava 18250\u2013600 mAh akku varmistaa, ett\u00e4 ELF SHISHA on aina k\u00e4ytt\u00f6valmis. Lataus tapahtuu k\u00e4tev\u00e4sti Type-C-liit\u00e4nn\u00e4n kautta, ja LED-n\u00e4ytt\u00f6 seuraa akun varaustilaa. S\u00e4\u00e4dett\u00e4v\u00e4n ilmavirran avulla voit r\u00e4\u00e4t\u00e4l\u00f6id\u00e4 h\u00f6yrystyskokemuksen mieltymystesi mukaan.<\/p>\n<hr \/>\n<h4>Tulli-vapaa ja k\u00e4yt\u00e4nn\u00f6llinen: t\u00e4ydellinen matkalle<\/h4>\n<p>ELF SHISHA 16000 tarjoaa paitsi intensiivisen makuel\u00e4myksen my\u00f6s tullivapaan ostoksen edut. T\u00e4m\u00e4 premium-tuote tarjoaa erinomaisen hinta-laatusuhteen, mik\u00e4 tekee siit\u00e4 erityisen houkuttelevan hintatietoisille h\u00f6yrystajille ja paljon matkustaville. Kompakti koko ja kevyt rakenne tekev\u00e4t ELF SHISHA 16000:sta k\u00e4yt\u00e4nn\u00f6llisen matkakumppanin, jonka voit ottaa mukaan milloin tahansa ja miss\u00e4 tahansa.<\/p>\n<p>200 kappaletta laatikkoa kohden ja yhteispaino 18,3 kg tekev\u00e4t k\u00e4sittelyst\u00e4 ja varastoinnista erityisen helppoa. Kotona tai matkalla \u2013 ELF SHISHA 16000 hedelm\u00e4isen raikkaalla mansikka-vesimeloni-makulla on aina k\u00e4den ulottuvilla tarjotakseen herkullisen h\u00f6yrystysel\u00e4myksen. <span style=\"font-size: 16px;\">ELF SHISHA 16000 Strawberry Watermelon -maulla yhdist\u00e4\u00e4 hedelm\u00e4isen makeuden mansikasta raikkaan vesimelonin vivahteen ja tarjoaa korkealaatuista ja tullivapaata nautintoa. T\u00e4ydellinen kaikille, jotka etsiv\u00e4t intensiivist\u00e4 ja makeaa h\u00f6yrystyskokemusta.<\/span><\/p>","protected":false},"excerpt":{"rendered":"<p>Der Premium Vape mit Strawberry Watermelon Geschmack f\u00fcr erfrischende S\u00fc\u00dfe Die ELF SHISHA 16000 bietet ein unvergleichliches Geschmackserlebnis, das die saftige S\u00fc\u00dfe von Erdbeeren mit der erfrischenden Leichtigkeit von Wassermelonen kombiniert. Dieser fruchtige Mix ist die perfekte Wahl f\u00fcr Dampfer, die einen s\u00fc\u00dfen, aber nicht zu schweren Geschmack bevorzugen. Mit jedem Zug entfaltet sich die [&hellip;]<\/p>","protected":false},"featured_media":13885,"template":"","meta":{"inline_featured_image":false},"product_cat":[15,78,747,740,734,753,719,732],"product_tag":[710,720],"tiered_pricing_type":"fixed","tiered_pricing_fixed_rules":{"110":"8.47","200":"7.53","500":"6.59"},"tiered_pricing_percentage_rules":[],"tiered_pricing_minimum":1,"_administrator_tiered_pricing_type":"fixed","_administrator_tiered_pricing_fixed_rules":[],"_editor_tiered_pricing_type":"fixed","_editor_tiered_pricing_fixed_rules":[],"_author_tiered_pricing_type":"fixed","_author_tiered_pricing_fixed_rules":[],"_contributor_tiered_pricing_type":"fixed","_contributor_tiered_pricing_fixed_rules":[],"_subscriber_tiered_pricing_type":"fixed","_subscriber_tiered_pricing_fixed_rules":[],"_customer_tiered_pricing_type":"fixed","_customer_tiered_pricing_fixed_rules":[],"_shop_manager_tiered_pricing_type":"fixed","_shop_manager_tiered_pricing_fixed_rules":[],"_wpseo_manager_tiered_pricing_type":"fixed","_wpseo_manager_tiered_pricing_fixed_rules":[],"_wpseo_editor_tiered_pricing_type":"fixed","_wpseo_editor_tiered_pricing_fixed_rules":[],"_wholesale_customer_tiered_pricing_type":"fixed","_wholesale_customer_tiered_pricing_fixed_rules":[],"_marketer_tiered_pricing_type":"fixed","_marketer_tiered_pricing_fixed_rules":[],"_sales_manager_tiered_pricing_type":"fixed","_sales_manager_tiered_pricing_fixed_rules":[],"_sales_rep_tiered_pricing_type":"fixed","_sales_rep_tiered_pricing_fixed_rules":[],"yoast_head":"<!-- This site is optimized with the Yoast SEO plugin v23.3 - https:\/\/yoast.com\/wordpress\/plugins\/seo\/ -->\n<title>ELF SHISHA 16000 Puffs Der Premium Vape mit Strawberry Watermelon Geschmack f\u00fcr erfrischende S\u00fc\u00dfe | ElementVape.de<\/title>\n<meta name=\"description\" content=\"Wir bieten ELF SHISHA 16000 Puffs Der Premium Vape mit Strawberry Watermelon Geschmack f\u00fcr erfrischende S\u00fc\u00dfe , Elementvape.de akzeptieren Gro\u00df-und Einzelhandel Bestellungen.\" \/>\n<meta name=\"robots\" content=\"index, follow, max-snippet:-1, max-image-preview:large, max-video-preview:-1\" \/>\n<link rel=\"canonical\" href=\"https:\/\/www.elementvape.de\/fi\/produkt\/elf-shisha-16000-puffs-der-premium-vape-mit-strawberry-watermelon-geschmack-fuer-erfrischende-suesse\/\" \/>\n<meta property=\"og:locale\" content=\"fi_FI\" \/>\n<meta property=\"og:type\" content=\"article\" \/>\n<meta property=\"og:title\" content=\"ELF SHISHA 16000 Puffs Der Premium Vape mit Strawberry Watermelon Geschmack f\u00fcr erfrischende S\u00fc\u00dfe | ElementVape.de\" \/>\n<meta property=\"og:description\" content=\"Wir bieten ELF SHISHA 16000 Puffs Der Premium Vape mit Strawberry Watermelon Geschmack f\u00fcr erfrischende S\u00fc\u00dfe , Elementvape.de akzeptieren Gro\u00df-und Einzelhandel Bestellungen.\" \/>\n<meta property=\"og:url\" content=\"https:\/\/www.elementvape.de\/fi\/produkt\/elf-shisha-16000-puffs-der-premium-vape-mit-strawberry-watermelon-geschmack-fuer-erfrischende-suesse\/\" \/>\n<meta property=\"og:site_name\" content=\"ElementVape.de\" \/>\n<meta property=\"article:modified_time\" content=\"2024-12-12T06:34:25+00:00\" \/>\n<meta property=\"og:image\" content=\"https:\/\/www.elementvape.de\/wp-content\/uploads\/2024\/08\/\u8349\u8393\u897f\u74dc2220000.png\" \/>\n\t<meta property=\"og:image:width\" content=\"1000\" \/>\n\t<meta property=\"og:image:height\" content=\"1000\" \/>\n\t<meta property=\"og:image:type\" content=\"image\/png\" \/>\n<meta name=\"twitter:card\" content=\"summary_large_image\" \/>\n<meta name=\"twitter:label1\" content=\"Est. reading time\" \/>\n\t<meta name=\"twitter:data1\" content=\"3 minuuttia\" \/>\n<script type=\"application\/ld+json\" class=\"yoast-schema-graph\">{\"@context\":\"https:\/\/schema.org\",\"@graph\":[{\"@type\":\"WebPage\",\"@id\":\"https:\/\/www.elementvape.de\/pl\/produkt\/elf-shisha-16000-puffs-der-premium-vape-mit-strawberry-watermelon-geschmack-fuer-erfrischende-suesse\/\",\"url\":\"https:\/\/www.elementvape.de\/pl\/produkt\/elf-shisha-16000-puffs-der-premium-vape-mit-strawberry-watermelon-geschmack-fuer-erfrischende-suesse\/\",\"name\":\"ELF SHISHA 16000 Puffs Der Premium Vape mit Strawberry Watermelon Geschmack f\u00fcr erfrischende S\u00fc\u00dfe | ElementVape.de\",\"isPartOf\":{\"@id\":\"https:\/\/www.elementvape.de\/#website\"},\"primaryImageOfPage\":{\"@id\":\"https:\/\/www.elementvape.de\/pl\/produkt\/elf-shisha-16000-puffs-der-premium-vape-mit-strawberry-watermelon-geschmack-fuer-erfrischende-suesse\/#primaryimage\"},\"image\":{\"@id\":\"https:\/\/www.elementvape.de\/pl\/produkt\/elf-shisha-16000-puffs-der-premium-vape-mit-strawberry-watermelon-geschmack-fuer-erfrischende-suesse\/#primaryimage\"},\"thumbnailUrl\":\"https:\/\/www.elementvape.de\/wp-content\/uploads\/2024\/08\/\u8349\u8393\u897f\u74dc2220000.png\",\"datePublished\":\"2024-08-20T06:55:39+00:00\",\"dateModified\":\"2024-12-12T06:34:25+00:00\",\"description\":\"Wir bieten ELF SHISHA 16000 Puffs Der Premium Vape mit Strawberry Watermelon Geschmack f\u00fcr erfrischende S\u00fc\u00dfe , Elementvape.de akzeptieren Gro\u00df-und Einzelhandel Bestellungen.\",\"breadcrumb\":{\"@id\":\"https:\/\/www.elementvape.de\/pl\/produkt\/elf-shisha-16000-puffs-der-premium-vape-mit-strawberry-watermelon-geschmack-fuer-erfrischende-suesse\/#breadcrumb\"},\"inLanguage\":\"fi\",\"potentialAction\":[{\"@type\":\"ReadAction\",\"target\":[\"https:\/\/www.elementvape.de\/pl\/produkt\/elf-shisha-16000-puffs-der-premium-vape-mit-strawberry-watermelon-geschmack-fuer-erfrischende-suesse\/\"]}]},{\"@type\":\"ImageObject\",\"inLanguage\":\"fi\",\"@id\":\"https:\/\/www.elementvape.de\/pl\/produkt\/elf-shisha-16000-puffs-der-premium-vape-mit-strawberry-watermelon-geschmack-fuer-erfrischende-suesse\/#primaryimage\",\"url\":\"https:\/\/www.elementvape.de\/wp-content\/uploads\/2024\/08\/\u8349\u8393\u897f\u74dc2220000.png\",\"contentUrl\":\"https:\/\/www.elementvape.de\/wp-content\/uploads\/2024\/08\/\u8349\u8393\u897f\u74dc2220000.png\",\"width\":1000,\"height\":1000,\"caption\":\"Strawberry Watermelon\"},{\"@type\":\"BreadcrumbList\",\"@id\":\"https:\/\/www.elementvape.de\/pl\/produkt\/elf-shisha-16000-puffs-der-premium-vape-mit-strawberry-watermelon-geschmack-fuer-erfrischende-suesse\/#breadcrumb\",\"itemListElement\":[{\"@type\":\"ListItem\",\"position\":1,\"name\":\"Home\",\"item\":\"https:\/\/www.elementvape.de\/\"},{\"@type\":\"ListItem\",\"position\":2,\"name\":\"Shop\",\"item\":\"https:\/\/www.elementvape.de\/shop\/\"},{\"@type\":\"ListItem\",\"position\":3,\"name\":\"ELF SHISHA 16000 Puffs Der Premium Vape mit Strawberry Watermelon Geschmack f\u00fcr erfrischende S\u00fc\u00dfe\"}]},{\"@type\":\"WebSite\",\"@id\":\"https:\/\/www.elementvape.de\/#website\",\"url\":\"https:\/\/www.elementvape.de\/\",\"name\":\"ElementVape.de\",\"description\":\"\",\"publisher\":{\"@id\":\"https:\/\/www.elementvape.de\/#organization\"},\"potentialAction\":[{\"@type\":\"SearchAction\",\"target\":{\"@type\":\"EntryPoint\",\"urlTemplate\":\"https:\/\/www.elementvape.de\/?s={search_term_string}\"},\"query-input\":\"required name=search_term_string\"}],\"inLanguage\":\"fi\"},{\"@type\":\"Organization\",\"@id\":\"https:\/\/www.elementvape.de\/#organization\",\"name\":\"ElementVape.DE\",\"url\":\"https:\/\/www.elementvape.de\/\",\"logo\":{\"@type\":\"ImageObject\",\"inLanguage\":\"fi\",\"@id\":\"https:\/\/www.elementvape.de\/#\/schema\/logo\/image\/\",\"url\":\"https:\/\/www.elementvape.de\/wp-content\/uploads\/2024\/09\/cropped-1elementvape-3.png\",\"contentUrl\":\"https:\/\/www.elementvape.de\/wp-content\/uploads\/2024\/09\/cropped-1elementvape-3.png\",\"width\":285,\"height\":228,\"caption\":\"ElementVape.DE\"},\"image\":{\"@id\":\"https:\/\/www.elementvape.de\/#\/schema\/logo\/image\/\"}}]}<\/script>\n<!-- \/ Yoast SEO plugin. -->","yoast_head_json":{"title":"ELF SHISHA 16000 Puffs Der Premium Vape mit Strawberry Watermelon Geschmack f\u00fcr erfrischende S\u00fc\u00dfe | ElementVape.de","description":"Wir bieten ELF SHISHA 16000 Puffs Der Premium Vape mit Strawberry Watermelon Geschmack f\u00fcr erfrischende S\u00fc\u00dfe , Elementvape.de akzeptieren Gro\u00df-und Einzelhandel Bestellungen.","robots":{"index":"index","follow":"follow","max-snippet":"max-snippet:-1","max-image-preview":"max-image-preview:large","max-video-preview":"max-video-preview:-1"},"canonical":"https:\/\/www.elementvape.de\/fi\/produkt\/elf-shisha-16000-puffs-der-premium-vape-mit-strawberry-watermelon-geschmack-fuer-erfrischende-suesse\/","og_locale":"fi_FI","og_type":"article","og_title":"ELF SHISHA 16000 Puffs Der Premium Vape mit Strawberry Watermelon Geschmack f\u00fcr erfrischende S\u00fc\u00dfe | ElementVape.de","og_description":"Wir bieten ELF SHISHA 16000 Puffs Der Premium Vape mit Strawberry Watermelon Geschmack f\u00fcr erfrischende S\u00fc\u00dfe , Elementvape.de akzeptieren Gro\u00df-und Einzelhandel Bestellungen.","og_url":"https:\/\/www.elementvape.de\/fi\/produkt\/elf-shisha-16000-puffs-der-premium-vape-mit-strawberry-watermelon-geschmack-fuer-erfrischende-suesse\/","og_site_name":"ElementVape.de","article_modified_time":"2024-12-12T06:34:25+00:00","og_image":[{"width":1000,"height":1000,"url":"https:\/\/www.elementvape.de\/wp-content\/uploads\/2024\/08\/\u8349\u8393\u897f\u74dc2220000.png","type":"image\/png"}],"twitter_card":"summary_large_image","twitter_misc":{"Est. reading time":"3 minuuttia"},"schema":{"@context":"https:\/\/schema.org","@graph":[{"@type":"WebPage","@id":"https:\/\/www.elementvape.de\/pl\/produkt\/elf-shisha-16000-puffs-der-premium-vape-mit-strawberry-watermelon-geschmack-fuer-erfrischende-suesse\/","url":"https:\/\/www.elementvape.de\/pl\/produkt\/elf-shisha-16000-puffs-der-premium-vape-mit-strawberry-watermelon-geschmack-fuer-erfrischende-suesse\/","name":"ELF SHISHA 16000 Puffs Der Premium Vape mit Strawberry Watermelon Geschmack f\u00fcr erfrischende S\u00fc\u00dfe | ElementVape.de","isPartOf":{"@id":"https:\/\/www.elementvape.de\/#website"},"primaryImageOfPage":{"@id":"https:\/\/www.elementvape.de\/pl\/produkt\/elf-shisha-16000-puffs-der-premium-vape-mit-strawberry-watermelon-geschmack-fuer-erfrischende-suesse\/#primaryimage"},"image":{"@id":"https:\/\/www.elementvape.de\/pl\/produkt\/elf-shisha-16000-puffs-der-premium-vape-mit-strawberry-watermelon-geschmack-fuer-erfrischende-suesse\/#primaryimage"},"thumbnailUrl":"https:\/\/www.elementvape.de\/wp-content\/uploads\/2024\/08\/\u8349\u8393\u897f\u74dc2220000.png","datePublished":"2024-08-20T06:55:39+00:00","dateModified":"2024-12-12T06:34:25+00:00","description":"Wir bieten ELF SHISHA 16000 Puffs Der Premium Vape mit Strawberry Watermelon Geschmack f\u00fcr erfrischende S\u00fc\u00dfe , Elementvape.de akzeptieren Gro\u00df-und Einzelhandel Bestellungen.","breadcrumb":{"@id":"https:\/\/www.elementvape.de\/pl\/produkt\/elf-shisha-16000-puffs-der-premium-vape-mit-strawberry-watermelon-geschmack-fuer-erfrischende-suesse\/#breadcrumb"},"inLanguage":"fi","potentialAction":[{"@type":"ReadAction","target":["https:\/\/www.elementvape.de\/pl\/produkt\/elf-shisha-16000-puffs-der-premium-vape-mit-strawberry-watermelon-geschmack-fuer-erfrischende-suesse\/"]}]},{"@type":"ImageObject","inLanguage":"fi","@id":"https:\/\/www.elementvape.de\/pl\/produkt\/elf-shisha-16000-puffs-der-premium-vape-mit-strawberry-watermelon-geschmack-fuer-erfrischende-suesse\/#primaryimage","url":"https:\/\/www.elementvape.de\/wp-content\/uploads\/2024\/08\/\u8349\u8393\u897f\u74dc2220000.png","contentUrl":"https:\/\/www.elementvape.de\/wp-content\/uploads\/2024\/08\/\u8349\u8393\u897f\u74dc2220000.png","width":1000,"height":1000,"caption":"Strawberry Watermelon"},{"@type":"BreadcrumbList","@id":"https:\/\/www.elementvape.de\/pl\/produkt\/elf-shisha-16000-puffs-der-premium-vape-mit-strawberry-watermelon-geschmack-fuer-erfrischende-suesse\/#breadcrumb","itemListElement":[{"@type":"ListItem","position":1,"name":"Home","item":"https:\/\/www.elementvape.de\/"},{"@type":"ListItem","position":2,"name":"Shop","item":"https:\/\/www.elementvape.de\/shop\/"},{"@type":"ListItem","position":3,"name":"ELF SHISHA 16000 Puffs Der Premium Vape mit Strawberry Watermelon Geschmack f\u00fcr erfrischende S\u00fc\u00dfe"}]},{"@type":"WebSite","@id":"https:\/\/www.elementvape.de\/#website","url":"https:\/\/www.elementvape.de\/","name":"ElementVape.de","description":"","publisher":{"@id":"https:\/\/www.elementvape.de\/#organization"},"potentialAction":[{"@type":"SearchAction","target":{"@type":"EntryPoint","urlTemplate":"https:\/\/www.elementvape.de\/?s={search_term_string}"},"query-input":"required name=search_term_string"}],"inLanguage":"fi"},{"@type":"Organization","@id":"https:\/\/www.elementvape.de\/#organization","name":"ElementVape.DE","url":"https:\/\/www.elementvape.de\/","logo":{"@type":"ImageObject","inLanguage":"fi","@id":"https:\/\/www.elementvape.de\/#\/schema\/logo\/image\/","url":"https:\/\/www.elementvape.de\/wp-content\/uploads\/2024\/09\/cropped-1elementvape-3.png","contentUrl":"https:\/\/www.elementvape.de\/wp-content\/uploads\/2024\/09\/cropped-1elementvape-3.png","width":285,"height":228,"caption":"ElementVape.DE"},"image":{"@id":"https:\/\/www.elementvape.de\/#\/schema\/logo\/image\/"}}]}},"_links":{"self":[{"href":"https:\/\/www.elementvape.de\/fi\/wp-json\/wp\/v2\/product\/13884"}],"collection":[{"href":"https:\/\/www.elementvape.de\/fi\/wp-json\/wp\/v2\/product"}],"about":[{"href":"https:\/\/www.elementvape.de\/fi\/wp-json\/wp\/v2\/types\/product"}],"wp:featuredmedia":[{"embeddable":true,"href":"https:\/\/www.elementvape.de\/fi\/wp-json\/wp\/v2\/media\/13885"}],"wp:attachment":[{"href":"https:\/\/www.elementvape.de\/fi\/wp-json\/wp\/v2\/media?parent=13884"}],"wp:term":[{"taxonomy":"product_cat","embeddable":true,"href":"https:\/\/www.elementvape.de\/fi\/wp-json\/wp\/v2\/product_cat?post=13884"},{"taxonomy":"product_tag","embeddable":true,"href":"https:\/\/www.elementvape.de\/fi\/wp-json\/wp\/v2\/product_tag?post=13884"}],"curies":[{"name":"wp","href":"https:\/\/api.w.org\/{rel}","templated":true}]}}