{"id":13874,"date":"2024-08-20T05:55:01","date_gmt":"2024-08-20T05:55:01","guid":{"rendered":"https:\/\/www.elementvape.de\/?post_type=product&#038;p=13874"},"modified":"2024-12-12T06:34:30","modified_gmt":"2024-12-12T06:34:30","slug":"erleben-sie-die-kuehle-der-beeren-e-zigarette-blackberry-ice-16000-puff-elf-shisha-16000-geniessen-sie-die-steuerbefreiung","status":"publish","type":"product","link":"https:\/\/www.elementvape.de\/fi\/produkt\/erleben-sie-die-kuehle-der-beeren-e-zigarette-blackberry-ice-16000-puff-elf-shisha-16000-geniessen-sie-die-steuerbefreiung\/","title":{"rendered":"Koe marjojen viileys Blackberry Ice 16000 Puff Elf Shisha 16000 Nauti verovapaudesta"},"content":{"rendered":"<div class=\"flex-shrink-0 flex flex-col relative items-end\">\n<div>\n<div class=\"pt-0\">\n<div class=\"gizmo-bot-avatar flex h-8 w-8 items-center justify-center overflow-hidden rounded-full\">\n<div class=\"relative p-1 rounded-sm flex items-center justify-center bg-token-main-surface-primary text-token-text-primary h-8 w-8\"><\/div>\n<\/div>\n<\/div>\n<\/div>\n<\/div>\n<div class=\"group\/conversation-turn relative flex w-full min-w-0 flex-col agent-turn\">\n<div class=\"flex-col gap-1 md:gap-3\">\n<div class=\"flex max-w-full flex-col flex-grow\">\n<div class=\"min-h-[20px] text-message flex w-full flex-col items-end gap-2 whitespace-pre-wrap break-words [.text-message+&amp;]:mt-5 overflow-x-auto\" dir=\"auto\" data-message-author-role=\"assistant\" data-message-id=\"8fe7111d-5324-4446-98f3-9b4fcac17613\">\n<div class=\"flex w-full flex-col gap-1 empty:hidden first:pt-[3px]\">\n<div class=\"markdown prose w-full break-words dark:prose-invert light\">\n<h2>Tuotekuvaus Blackberry Ice ELF SHISHA 16000 Puffs<\/h2>\n<p>Blackberry Ice ELF SHISHA 16000 tarjoaa vertaansa vailla olevan makuel\u00e4myksen, joka yhdist\u00e4\u00e4 luonnollisen makeuden ja kevyen karvauden tuoreiden mustaherukoiden kanssa raikkaan j\u00e4\u00e4kylm\u00e4n tunteen kanssa. T\u00e4m\u00e4 aromi on ihanteellinen kaikille, jotka suosivat hedelm\u00e4isi\u00e4 makuja ja haluavat samalla viile\u00e4n, virkist\u00e4v\u00e4n tunteen nauttiessaan. <strong><a href=\"https:\/\/www.elementvape.de\/fi\/\" target=\"_blank\" rel=\"noopener\">h\u00f6yryst\u00e4misest\u00e4<\/a><\/strong> Jokaisella vedolla koet mehukkaan mustaherukan intensiteetin, joka sopii t\u00e4ydellisesti j\u00e4isen raikkauden kanssa ja virkist\u00e4\u00e4 aistejasi.<\/p>\n<p>Blackberry Ice on nautinto, joka virkist\u00e4\u00e4 erityisesti kuumina p\u00e4ivin\u00e4, mutta voi my\u00f6s pysy\u00e4 suosikkina ymp\u00e4ri vuoden. ELF SHISHA 16000 varmistaa, ett\u00e4 jokainen inhalaatio on t\u00e4ytel\u00e4inen ja pitk\u00e4kestoinen, jolloin voit nauttia aidoista mauista ja virkist\u00e4v\u00e4st\u00e4 vaikutuksesta t\u00e4ysin rinnoin.<\/p>\n<h4>Kest\u00e4v\u00e4 laatu ja moderni teknologia<\/h4>\n<p>Blackberry Ice ELF SHISHA 16000 ei ole vain makuel\u00e4mys, vaan my\u00f6s teknisesti huippuluokkaa. 16 000 vedon kapasiteetilla t\u00e4m\u00e4 laite tarjoaa poikkeuksellisen k\u00e4ytt\u00f6i\u00e4n, joten voit nauttia pitk\u00e4aikaisesta k\u00e4yt\u00f6st\u00e4 ilman tarvetta usein lataamiseen. Mesh-kela, 0,6 ohm, takaa tasaisen ja tiiviin h\u00f6yryn tuotannon, mik\u00e4 tukee optimaalista makua ja viile\u00e4\u00e4 vaikutusta.<\/p>\n<p>Varustettuna uudelleenladattavalla 18250\u2013600 mAh akulla, joka ladataan k\u00e4tev\u00e4n Type-C-liit\u00e4nn\u00e4n kautta, ELF SHISHA 16000 tarjoaa aina riitt\u00e4v\u00e4sti tehoa h\u00f6yryttelysessioihisi. LED-n\u00e4ytt\u00f6 pit\u00e4\u00e4 sinut ajan tasalla akun nykyisest\u00e4 tilasta, ja s\u00e4\u00e4dett\u00e4v\u00e4 ilmavirran s\u00e4\u00e4t\u00f6 mahdollistaa h\u00f6yrykokemuksen r\u00e4\u00e4t\u00e4l\u00f6innin mieltymystesi mukaan. T\u00e4m\u00e4 yhdistelm\u00e4 kest\u00e4vyytt\u00e4, k\u00e4ytt\u00e4j\u00e4yst\u00e4v\u00e4llisyytt\u00e4 ja modernia teknologiaa tekee Blackberry Ice ELF SHISHA 16000:sta ihanteellisen valinnan vaativille h\u00f6yrytt\u00e4jille.<\/p>\n<h4>Verovapaat edut: K\u00e4tev\u00e4 ja edullinen<\/h4>\n<p>Blackberry Ice ELF SHISHA 16000:sta nautit verovapaasta ostoksesta. T\u00e4m\u00e4 premium-tuote tarjoaa sinulle intensiivisen ja virkist\u00e4v\u00e4n h\u00f6yrykokemuksen sek\u00e4 erinomaisen hinta-laatusuhteen, koska voit ostaa sen ilman lis\u00e4veroja. T\u00e4m\u00e4 tekee siit\u00e4 erityisen houkuttelevan matkailijoille ja hintatietoisille h\u00f6yrytt\u00e4jille.<\/p>\n<p>Pakkaus on my\u00f6s suunniteltu mukavuutta ja tehokkuutta silm\u00e4ll\u00e4 pit\u00e4en. 200 kappaletta per laatikko ja yhteispaino 18,3 kg tekev\u00e4t k\u00e4sittelyst\u00e4 ja varastoinnista helppoa ja selke\u00e4\u00e4. Laitteen kompaktit mitat (30 x 125,5 mm) ja kevyt paino 85 g kappaletta tekev\u00e4t siit\u00e4 t\u00e4ydellisen matkakumppanin, jonka voit ottaa mukaan kaikkialle. Nautiskele mustaherukoiden raikkaasta kylm\u00e4st\u00e4 ja hy\u00f6dynn\u00e4 verovapaata laatua Blackberry Ice ELF SHISHA 16000:n kanssa.<\/p>\n<hr \/>\n<h3>Yksityiskohtaiset tuotetiedot<\/h3>\n<table>\n<thead>\n<tr>\n<th><strong>Ominaisuus<\/strong><\/th>\n<th><strong>Yksityiskohdat<\/strong><\/th>\n<\/tr>\n<\/thead>\n<tbody>\n<tr>\n<td>Maku<\/td>\n<td>Blackberry Ice<\/td>\n<\/tr>\n<tr>\n<td>Vetoja (puffeja)<\/td>\n<td>16 000 puffia<\/td>\n<\/tr>\n<tr>\n<td>kela<\/td>\n<td>Mesh-kierukka, 0,6 Ohm<\/td>\n<\/tr>\n<tr>\n<td>E-liquidin kapasiteetti<\/td>\n<td>28 ml<\/td>\n<\/tr>\n<tr>\n<td>N-gasapitoisuus<\/td>\n<td>2 %, 5 %<\/td>\n<\/tr>\n<tr>\n<td>Akku<\/td>\n<td>18250\u2013600 mAh, uudelleenladattava (Type C)<\/td>\n<\/tr>\n<tr>\n<td>LED-n\u00e4ytt\u00f6<\/td>\n<td>Ja<\/td>\n<\/tr>\n<tr>\n<td>S\u00e4\u00e4dett\u00e4v\u00e4 ilmavirta<\/td>\n<td>Ja<\/td>\n<\/tr>\n<tr>\n<td>Tuotteen paino<\/td>\n<td>85 g kappaletta kohden<\/td>\n<\/tr>\n<tr>\n<td>Tuotteen koko<\/td>\n<td>30 x 125,5 mm<\/td>\n<\/tr>\n<tr>\n<td>Laatikon koko<\/td>\n<td>400 x 385 x 295 mm<\/td>\n<\/tr>\n<tr>\n<td>Kartonkiin sis\u00e4ltyv\u00e4 m\u00e4\u00e4r\u00e4<\/td>\n<td>200 kappaletta<\/td>\n<\/tr>\n<tr>\n<td>Laatikon kokonaispaino<\/td>\n<td>18,3 kg<\/td>\n<\/tr>\n<\/tbody>\n<\/table>\n<p>&nbsp;<\/p>\n<\/div>\n<\/div>\n<\/div>\n<\/div>\n<\/div>\n<\/div>","protected":false},"excerpt":{"rendered":"<p>Produktbeschreibung f\u00fcr Blackberry Ice ELF SHISHA 16000 Puffs Die Blackberry Ice ELF SHISHA 16000 bietet Ihnen ein unvergleichliches Geschmackserlebnis, das die nat\u00fcrliche S\u00fc\u00dfe und leicht herbe Note frischer Brombeeren mit einer erfrischenden Eisk\u00fchle kombiniert. Dieses Aroma ist ideal f\u00fcr alle, die fruchtige Geschmacksrichtungen bevorzugen und gleichzeitig ein k\u00fchles, erfrischendes Gef\u00fchl beim Dampfen genie\u00dfen m\u00f6chten. Mit [&hellip;]<\/p>","protected":false},"featured_media":13875,"template":"","meta":{"inline_featured_image":false},"product_cat":[15,78,747,740,734,753,719,732],"product_tag":[710,720],"tiered_pricing_type":"fixed","tiered_pricing_fixed_rules":{"110":"8.47","200":"7.53","500":"6.59"},"tiered_pricing_percentage_rules":[],"tiered_pricing_minimum":1,"_administrator_tiered_pricing_type":"fixed","_administrator_tiered_pricing_fixed_rules":[],"_editor_tiered_pricing_type":"fixed","_editor_tiered_pricing_fixed_rules":[],"_author_tiered_pricing_type":"fixed","_author_tiered_pricing_fixed_rules":[],"_contributor_tiered_pricing_type":"fixed","_contributor_tiered_pricing_fixed_rules":[],"_subscriber_tiered_pricing_type":"fixed","_subscriber_tiered_pricing_fixed_rules":[],"_customer_tiered_pricing_type":"fixed","_customer_tiered_pricing_fixed_rules":[],"_shop_manager_tiered_pricing_type":"fixed","_shop_manager_tiered_pricing_fixed_rules":[],"_wpseo_manager_tiered_pricing_type":"fixed","_wpseo_manager_tiered_pricing_fixed_rules":[],"_wpseo_editor_tiered_pricing_type":"fixed","_wpseo_editor_tiered_pricing_fixed_rules":[],"_wholesale_customer_tiered_pricing_type":"fixed","_wholesale_customer_tiered_pricing_fixed_rules":[],"_marketer_tiered_pricing_type":"fixed","_marketer_tiered_pricing_fixed_rules":[],"_sales_manager_tiered_pricing_type":"fixed","_sales_manager_tiered_pricing_fixed_rules":[],"_sales_rep_tiered_pricing_type":"fixed","_sales_rep_tiered_pricing_fixed_rules":[],"yoast_head":"<!-- This site is optimized with the Yoast SEO plugin v23.3 - https:\/\/yoast.com\/wordpress\/plugins\/seo\/ -->\n<title>Erleben Sie die K\u00fchle der Beeren E-Zigarette Blackberry Ice 16000 Puff Elf Shisha 16000 Genie\u00dfen Sie die Steuerbefreiung | ElementVape.de<\/title>\n<meta name=\"description\" content=\"Wir bieten Erleben Sie die K\u00fchle der Beeren E-Zigarette Blackberry Ice 16000 Puff Elf Shisha 16000 Genie\u00dfen Sie die Steuerbefreiung , Elementvape.de akzeptieren Gro\u00df-und Einzelhandel Bestellungen.\" \/>\n<meta name=\"robots\" content=\"index, follow, max-snippet:-1, max-image-preview:large, max-video-preview:-1\" \/>\n<link rel=\"canonical\" href=\"https:\/\/www.elementvape.de\/fi\/produkt\/erleben-sie-die-kuehle-der-beeren-e-zigarette-blackberry-ice-16000-puff-elf-shisha-16000-geniessen-sie-die-steuerbefreiung\/\" \/>\n<meta property=\"og:locale\" content=\"fi_FI\" \/>\n<meta property=\"og:type\" content=\"article\" \/>\n<meta property=\"og:title\" content=\"Erleben Sie die K\u00fchle der Beeren E-Zigarette Blackberry Ice 16000 Puff Elf Shisha 16000 Genie\u00dfen Sie die Steuerbefreiung | ElementVape.de\" \/>\n<meta property=\"og:description\" content=\"Wir bieten Erleben Sie die K\u00fchle der Beeren E-Zigarette Blackberry Ice 16000 Puff Elf Shisha 16000 Genie\u00dfen Sie die Steuerbefreiung , Elementvape.de akzeptieren Gro\u00df-und Einzelhandel Bestellungen.\" \/>\n<meta property=\"og:url\" content=\"https:\/\/www.elementvape.de\/fi\/produkt\/erleben-sie-die-kuehle-der-beeren-e-zigarette-blackberry-ice-16000-puff-elf-shisha-16000-geniessen-sie-die-steuerbefreiung\/\" \/>\n<meta property=\"og:site_name\" content=\"ElementVape.de\" \/>\n<meta property=\"article:modified_time\" content=\"2024-12-12T06:34:30+00:00\" \/>\n<meta property=\"og:image\" content=\"https:\/\/www.elementvape.de\/wp-content\/uploads\/2024\/08\/\u9ed1\u8393\u51b02220000.png\" \/>\n\t<meta property=\"og:image:width\" content=\"1000\" \/>\n\t<meta property=\"og:image:height\" content=\"1000\" \/>\n\t<meta property=\"og:image:type\" content=\"image\/png\" \/>\n<meta name=\"twitter:card\" content=\"summary_large_image\" \/>\n<meta name=\"twitter:label1\" content=\"Est. reading time\" \/>\n\t<meta name=\"twitter:data1\" content=\"3 minuuttia\" \/>\n<script type=\"application\/ld+json\" class=\"yoast-schema-graph\">{\"@context\":\"https:\/\/schema.org\",\"@graph\":[{\"@type\":\"WebPage\",\"@id\":\"https:\/\/www.elementvape.de\/pl\/produkt\/erleben-sie-die-kuehle-der-beeren-e-zigarette-blackberry-ice-16000-puff-elf-shisha-16000-geniessen-sie-die-steuerbefreiung\/\",\"url\":\"https:\/\/www.elementvape.de\/pl\/produkt\/erleben-sie-die-kuehle-der-beeren-e-zigarette-blackberry-ice-16000-puff-elf-shisha-16000-geniessen-sie-die-steuerbefreiung\/\",\"name\":\"Erleben Sie die K\u00fchle der Beeren E-Zigarette Blackberry Ice 16000 Puff Elf Shisha 16000 Genie\u00dfen Sie die Steuerbefreiung | ElementVape.de\",\"isPartOf\":{\"@id\":\"https:\/\/www.elementvape.de\/#website\"},\"primaryImageOfPage\":{\"@id\":\"https:\/\/www.elementvape.de\/pl\/produkt\/erleben-sie-die-kuehle-der-beeren-e-zigarette-blackberry-ice-16000-puff-elf-shisha-16000-geniessen-sie-die-steuerbefreiung\/#primaryimage\"},\"image\":{\"@id\":\"https:\/\/www.elementvape.de\/pl\/produkt\/erleben-sie-die-kuehle-der-beeren-e-zigarette-blackberry-ice-16000-puff-elf-shisha-16000-geniessen-sie-die-steuerbefreiung\/#primaryimage\"},\"thumbnailUrl\":\"https:\/\/www.elementvape.de\/wp-content\/uploads\/2024\/08\/\u9ed1\u8393\u51b02220000.png\",\"datePublished\":\"2024-08-20T05:55:01+00:00\",\"dateModified\":\"2024-12-12T06:34:30+00:00\",\"description\":\"Wir bieten Erleben Sie die K\u00fchle der Beeren E-Zigarette Blackberry Ice 16000 Puff Elf Shisha 16000 Genie\u00dfen Sie die Steuerbefreiung , Elementvape.de akzeptieren Gro\u00df-und Einzelhandel Bestellungen.\",\"breadcrumb\":{\"@id\":\"https:\/\/www.elementvape.de\/pl\/produkt\/erleben-sie-die-kuehle-der-beeren-e-zigarette-blackberry-ice-16000-puff-elf-shisha-16000-geniessen-sie-die-steuerbefreiung\/#breadcrumb\"},\"inLanguage\":\"fi\",\"potentialAction\":[{\"@type\":\"ReadAction\",\"target\":[\"https:\/\/www.elementvape.de\/pl\/produkt\/erleben-sie-die-kuehle-der-beeren-e-zigarette-blackberry-ice-16000-puff-elf-shisha-16000-geniessen-sie-die-steuerbefreiung\/\"]}]},{\"@type\":\"ImageObject\",\"inLanguage\":\"fi\",\"@id\":\"https:\/\/www.elementvape.de\/pl\/produkt\/erleben-sie-die-kuehle-der-beeren-e-zigarette-blackberry-ice-16000-puff-elf-shisha-16000-geniessen-sie-die-steuerbefreiung\/#primaryimage\",\"url\":\"https:\/\/www.elementvape.de\/wp-content\/uploads\/2024\/08\/\u9ed1\u8393\u51b02220000.png\",\"contentUrl\":\"https:\/\/www.elementvape.de\/wp-content\/uploads\/2024\/08\/\u9ed1\u8393\u51b02220000.png\",\"width\":1000,\"height\":1000,\"caption\":\"Blackberry ice\"},{\"@type\":\"BreadcrumbList\",\"@id\":\"https:\/\/www.elementvape.de\/pl\/produkt\/erleben-sie-die-kuehle-der-beeren-e-zigarette-blackberry-ice-16000-puff-elf-shisha-16000-geniessen-sie-die-steuerbefreiung\/#breadcrumb\",\"itemListElement\":[{\"@type\":\"ListItem\",\"position\":1,\"name\":\"Home\",\"item\":\"https:\/\/www.elementvape.de\/\"},{\"@type\":\"ListItem\",\"position\":2,\"name\":\"Shop\",\"item\":\"https:\/\/www.elementvape.de\/shop\/\"},{\"@type\":\"ListItem\",\"position\":3,\"name\":\"Erleben Sie die K\u00fchle der Beeren E-Zigarette Blackberry Ice 16000 Puff Elf Shisha 16000 Genie\u00dfen Sie die Steuerbefreiung\"}]},{\"@type\":\"WebSite\",\"@id\":\"https:\/\/www.elementvape.de\/#website\",\"url\":\"https:\/\/www.elementvape.de\/\",\"name\":\"ElementVape.de\",\"description\":\"\",\"publisher\":{\"@id\":\"https:\/\/www.elementvape.de\/#organization\"},\"potentialAction\":[{\"@type\":\"SearchAction\",\"target\":{\"@type\":\"EntryPoint\",\"urlTemplate\":\"https:\/\/www.elementvape.de\/?s={search_term_string}\"},\"query-input\":\"required name=search_term_string\"}],\"inLanguage\":\"fi\"},{\"@type\":\"Organization\",\"@id\":\"https:\/\/www.elementvape.de\/#organization\",\"name\":\"ElementVape.DE\",\"url\":\"https:\/\/www.elementvape.de\/\",\"logo\":{\"@type\":\"ImageObject\",\"inLanguage\":\"fi\",\"@id\":\"https:\/\/www.elementvape.de\/#\/schema\/logo\/image\/\",\"url\":\"https:\/\/www.elementvape.de\/wp-content\/uploads\/2024\/09\/cropped-1elementvape-3.png\",\"contentUrl\":\"https:\/\/www.elementvape.de\/wp-content\/uploads\/2024\/09\/cropped-1elementvape-3.png\",\"width\":285,\"height\":228,\"caption\":\"ElementVape.DE\"},\"image\":{\"@id\":\"https:\/\/www.elementvape.de\/#\/schema\/logo\/image\/\"}}]}<\/script>\n<!-- \/ Yoast SEO plugin. -->","yoast_head_json":{"title":"Erleben Sie die K\u00fchle der Beeren E-Zigarette Blackberry Ice 16000 Puff Elf Shisha 16000 Genie\u00dfen Sie die Steuerbefreiung | ElementVape.de","description":"Wir bieten Erleben Sie die K\u00fchle der Beeren E-Zigarette Blackberry Ice 16000 Puff Elf Shisha 16000 Genie\u00dfen Sie die Steuerbefreiung , Elementvape.de akzeptieren Gro\u00df-und Einzelhandel Bestellungen.","robots":{"index":"index","follow":"follow","max-snippet":"max-snippet:-1","max-image-preview":"max-image-preview:large","max-video-preview":"max-video-preview:-1"},"canonical":"https:\/\/www.elementvape.de\/fi\/produkt\/erleben-sie-die-kuehle-der-beeren-e-zigarette-blackberry-ice-16000-puff-elf-shisha-16000-geniessen-sie-die-steuerbefreiung\/","og_locale":"fi_FI","og_type":"article","og_title":"Erleben Sie die K\u00fchle der Beeren E-Zigarette Blackberry Ice 16000 Puff Elf Shisha 16000 Genie\u00dfen Sie die Steuerbefreiung | ElementVape.de","og_description":"Wir bieten Erleben Sie die K\u00fchle der Beeren E-Zigarette Blackberry Ice 16000 Puff Elf Shisha 16000 Genie\u00dfen Sie die Steuerbefreiung , Elementvape.de akzeptieren Gro\u00df-und Einzelhandel Bestellungen.","og_url":"https:\/\/www.elementvape.de\/fi\/produkt\/erleben-sie-die-kuehle-der-beeren-e-zigarette-blackberry-ice-16000-puff-elf-shisha-16000-geniessen-sie-die-steuerbefreiung\/","og_site_name":"ElementVape.de","article_modified_time":"2024-12-12T06:34:30+00:00","og_image":[{"width":1000,"height":1000,"url":"https:\/\/www.elementvape.de\/wp-content\/uploads\/2024\/08\/\u9ed1\u8393\u51b02220000.png","type":"image\/png"}],"twitter_card":"summary_large_image","twitter_misc":{"Est. reading time":"3 minuuttia"},"schema":{"@context":"https:\/\/schema.org","@graph":[{"@type":"WebPage","@id":"https:\/\/www.elementvape.de\/pl\/produkt\/erleben-sie-die-kuehle-der-beeren-e-zigarette-blackberry-ice-16000-puff-elf-shisha-16000-geniessen-sie-die-steuerbefreiung\/","url":"https:\/\/www.elementvape.de\/pl\/produkt\/erleben-sie-die-kuehle-der-beeren-e-zigarette-blackberry-ice-16000-puff-elf-shisha-16000-geniessen-sie-die-steuerbefreiung\/","name":"Erleben Sie die K\u00fchle der Beeren E-Zigarette Blackberry Ice 16000 Puff Elf Shisha 16000 Genie\u00dfen Sie die Steuerbefreiung | ElementVape.de","isPartOf":{"@id":"https:\/\/www.elementvape.de\/#website"},"primaryImageOfPage":{"@id":"https:\/\/www.elementvape.de\/pl\/produkt\/erleben-sie-die-kuehle-der-beeren-e-zigarette-blackberry-ice-16000-puff-elf-shisha-16000-geniessen-sie-die-steuerbefreiung\/#primaryimage"},"image":{"@id":"https:\/\/www.elementvape.de\/pl\/produkt\/erleben-sie-die-kuehle-der-beeren-e-zigarette-blackberry-ice-16000-puff-elf-shisha-16000-geniessen-sie-die-steuerbefreiung\/#primaryimage"},"thumbnailUrl":"https:\/\/www.elementvape.de\/wp-content\/uploads\/2024\/08\/\u9ed1\u8393\u51b02220000.png","datePublished":"2024-08-20T05:55:01+00:00","dateModified":"2024-12-12T06:34:30+00:00","description":"Wir bieten Erleben Sie die K\u00fchle der Beeren E-Zigarette Blackberry Ice 16000 Puff Elf Shisha 16000 Genie\u00dfen Sie die Steuerbefreiung , Elementvape.de akzeptieren Gro\u00df-und Einzelhandel Bestellungen.","breadcrumb":{"@id":"https:\/\/www.elementvape.de\/pl\/produkt\/erleben-sie-die-kuehle-der-beeren-e-zigarette-blackberry-ice-16000-puff-elf-shisha-16000-geniessen-sie-die-steuerbefreiung\/#breadcrumb"},"inLanguage":"fi","potentialAction":[{"@type":"ReadAction","target":["https:\/\/www.elementvape.de\/pl\/produkt\/erleben-sie-die-kuehle-der-beeren-e-zigarette-blackberry-ice-16000-puff-elf-shisha-16000-geniessen-sie-die-steuerbefreiung\/"]}]},{"@type":"ImageObject","inLanguage":"fi","@id":"https:\/\/www.elementvape.de\/pl\/produkt\/erleben-sie-die-kuehle-der-beeren-e-zigarette-blackberry-ice-16000-puff-elf-shisha-16000-geniessen-sie-die-steuerbefreiung\/#primaryimage","url":"https:\/\/www.elementvape.de\/wp-content\/uploads\/2024\/08\/\u9ed1\u8393\u51b02220000.png","contentUrl":"https:\/\/www.elementvape.de\/wp-content\/uploads\/2024\/08\/\u9ed1\u8393\u51b02220000.png","width":1000,"height":1000,"caption":"Blackberry ice"},{"@type":"BreadcrumbList","@id":"https:\/\/www.elementvape.de\/pl\/produkt\/erleben-sie-die-kuehle-der-beeren-e-zigarette-blackberry-ice-16000-puff-elf-shisha-16000-geniessen-sie-die-steuerbefreiung\/#breadcrumb","itemListElement":[{"@type":"ListItem","position":1,"name":"Home","item":"https:\/\/www.elementvape.de\/"},{"@type":"ListItem","position":2,"name":"Shop","item":"https:\/\/www.elementvape.de\/shop\/"},{"@type":"ListItem","position":3,"name":"Erleben Sie die K\u00fchle der Beeren E-Zigarette Blackberry Ice 16000 Puff Elf Shisha 16000 Genie\u00dfen Sie die Steuerbefreiung"}]},{"@type":"WebSite","@id":"https:\/\/www.elementvape.de\/#website","url":"https:\/\/www.elementvape.de\/","name":"ElementVape.de","description":"","publisher":{"@id":"https:\/\/www.elementvape.de\/#organization"},"potentialAction":[{"@type":"SearchAction","target":{"@type":"EntryPoint","urlTemplate":"https:\/\/www.elementvape.de\/?s={search_term_string}"},"query-input":"required name=search_term_string"}],"inLanguage":"fi"},{"@type":"Organization","@id":"https:\/\/www.elementvape.de\/#organization","name":"ElementVape.DE","url":"https:\/\/www.elementvape.de\/","logo":{"@type":"ImageObject","inLanguage":"fi","@id":"https:\/\/www.elementvape.de\/#\/schema\/logo\/image\/","url":"https:\/\/www.elementvape.de\/wp-content\/uploads\/2024\/09\/cropped-1elementvape-3.png","contentUrl":"https:\/\/www.elementvape.de\/wp-content\/uploads\/2024\/09\/cropped-1elementvape-3.png","width":285,"height":228,"caption":"ElementVape.DE"},"image":{"@id":"https:\/\/www.elementvape.de\/#\/schema\/logo\/image\/"}}]}},"_links":{"self":[{"href":"https:\/\/www.elementvape.de\/fi\/wp-json\/wp\/v2\/product\/13874"}],"collection":[{"href":"https:\/\/www.elementvape.de\/fi\/wp-json\/wp\/v2\/product"}],"about":[{"href":"https:\/\/www.elementvape.de\/fi\/wp-json\/wp\/v2\/types\/product"}],"wp:featuredmedia":[{"embeddable":true,"href":"https:\/\/www.elementvape.de\/fi\/wp-json\/wp\/v2\/media\/13875"}],"wp:attachment":[{"href":"https:\/\/www.elementvape.de\/fi\/wp-json\/wp\/v2\/media?parent=13874"}],"wp:term":[{"taxonomy":"product_cat","embeddable":true,"href":"https:\/\/www.elementvape.de\/fi\/wp-json\/wp\/v2\/product_cat?post=13874"},{"taxonomy":"product_tag","embeddable":true,"href":"https:\/\/www.elementvape.de\/fi\/wp-json\/wp\/v2\/product_tag?post=13874"}],"curies":[{"name":"wp","href":"https:\/\/api.w.org\/{rel}","templated":true}]}}