{"id":13730,"date":"2024-08-12T08:03:38","date_gmt":"2024-08-12T08:03:38","guid":{"rendered":"https:\/\/www.elementvape.de\/?post_type=product&#038;p=13730"},"modified":"2024-12-12T06:34:59","modified_gmt":"2024-12-12T06:34:59","slug":"reduziert-im-sommer-sale15000-zuege-grape-ice-elf-box-ls15000-zum-hammerpreis","status":"publish","type":"product","link":"https:\/\/www.elementvape.de\/fi\/produkt\/reduziert-im-sommer-sale15000-zuege-grape-ice-elf-box-ls15000-zum-hammerpreis\/","title":{"rendered":"Kes\u00e4ale alennus 15000 vetoa Grape Ice ELF BOX LS15000 huippuhintaan"},"content":{"rendered":"<div class=\"flex-shrink-0 flex flex-col relative items-end\">\n<div>\n<div class=\"pt-0\">\n<div class=\"gizmo-bot-avatar flex h-8 w-8 items-center justify-center overflow-hidden rounded-full\">\n<div class=\"relative p-1 rounded-sm flex items-center justify-center bg-token-main-surface-primary text-token-text-primary h-8 w-8\"><\/div>\n<\/div>\n<\/div>\n<\/div>\n<\/div>\n<div class=\"group\/conversation-turn relative flex w-full min-w-0 flex-col agent-turn\">\n<div class=\"flex-col gap-1 md:gap-3\">\n<div class=\"flex max-w-full flex-col flex-grow\">\n<div class=\"min-h-[20px] text-message flex w-full flex-col items-end gap-2 whitespace-pre-wrap break-words [.text-message+&amp;]:mt-5 overflow-x-auto\" dir=\"auto\" data-message-author-role=\"assistant\" data-message-id=\"6adec269-64d9-4a42-aad6-65e87dfd79b0\">\n<div class=\"flex w-full flex-col gap-1 empty:hidden first:pt-[3px]\">\n<div class=\"markdown prose w-full break-words dark:prose-invert light\">\n<table style=\"font-size: 16px;\">\n<thead>\n<tr>\n<th>M\u00e4\u00e4ritys<\/th>\n<th>Yksityiskohdat<\/th>\n<\/tr>\n<\/thead>\n<tbody>\n<tr>\n<td><strong>Puffit<\/strong><\/td>\n<td>15000 vetoa<\/td>\n<\/tr>\n<tr>\n<td><strong>Ydin<\/strong><\/td>\n<td>Mesh-kela, 0,6 Ohm<\/td>\n<\/tr>\n<tr>\n<td><strong>E-liquidin kapasiteetti<\/strong><\/td>\n<td>26 ml<\/td>\n<\/tr>\n<tr>\n<td><strong>N-sis\u00e4lt\u00f6<\/strong><\/td>\n<td>2%, 5%<\/td>\n<\/tr>\n<tr>\n<td><strong>Akku<\/strong><\/td>\n<td>18250-600mAh, uudelleenladattava Type-C:n kautta<\/td>\n<\/tr>\n<tr>\n<td><strong>Tuotteen paino<\/strong><\/td>\n<td>91 grammaa<\/td>\n<\/tr>\n<tr>\n<td><strong>Tuotteen koko<\/strong><\/td>\n<td>124,5 mm x 31,5 mm<\/td>\n<\/tr>\n<tr>\n<td><strong>Laatikon mitat<\/strong><\/td>\n<td>410 mm x 405 mm x 297 mm<\/td>\n<\/tr>\n<tr>\n<td><strong>Kartonkiin sis\u00e4ltyv\u00e4 m\u00e4\u00e4r\u00e4<\/strong><\/td>\n<td>200 kappaletta<\/td>\n<\/tr>\n<tr>\n<td><strong>Laatikon bruttopaino<\/strong><\/td>\n<td>noin 20 kg<\/td>\n<\/tr>\n<\/tbody>\n<\/table>\n<h3>Grape Ice ELF BOX LS15000: Premium-vape, jossa 15000 vetoa<\/h3>\n<p>Grape Ice ELF BOX LS15000 -s\u00e4hk\u00f6tupakka tarjoaa ensiluokkaisen h\u00f6yrykokemuksen, jota korostavat kehittynyt teknologia ja raikas Grape-Ice-maku. Valtavan 15000 vedon kapasiteetin ansiosta se on ihanteellinen vape-intoilijoille, jotka etsiv\u00e4t pitk\u00e4kestoista ja intensiivist\u00e4 kokemusta.<\/p>\n<p>ELF BOX LS15000 on varustettu 0,6 Ohm Mesh-kelalla, joka takaa tasaisen ja tehokkaan E-liquidin h\u00f6yrystymisen. 26 ml E-liquidi-kapasiteetti ja saatavilla olevat edut N (2%, 5%) tarjoavat joustavuutta r\u00e4\u00e4t\u00e4l\u00f6id\u00e4 vape-kokemusta yksil\u00f6llisesti. Tehokas 18250-600mAh akku on uudelleenladattava ja yhdess\u00e4 Type-C-latausvaihtoehdon kanssa tarjoaa nopean ja vaivattoman latauksen, joten voit k\u00e4ytt\u00e4\u00e4 laitetta milloin tahansa mukavasti.<\/p>\n<h4>Kevyt ja kannettava p\u00e4ivitt\u00e4iseen k\u00e4ytt\u00f6\u00f6n<\/h4>\n<p>Vain 91 gramman painoinen ja kompaktit mitat 124,5 mm x 31,5 mm tekev\u00e4t Grape Ice ELF BOX LS15000:sta ihanteellisen p\u00e4ivitt\u00e4iseen k\u00e4ytt\u00f6\u00f6n ja matkalla. 200 kappaleen pakkauksessa ja kokonaispainoltaan noin 20 kg varmistetaan, ett\u00e4 tuote saapuu turvallisesti ja hyv\u00e4ss\u00e4 kunnossa, olipa kyse yksitt\u00e4isist\u00e4 ostajista tai tukkureista.<\/p>\n<p>Grape Ice -maku yhdist\u00e4\u00e4 viinien makeuden raikkaaseen viile\u00e4\u00e4n s\u00e4vyyn, mik\u00e4 tekee jokaisesta vedosta miellytt\u00e4v\u00e4n kokemuksen. T\u00e4m\u00e4 erinomainen suorituskyvyn ja herkullisen maun yhdistelm\u00e4 tekee Grape Ice ELF BOX LS15000:sta parhaan valinnan vape-intoilijoille kaikkialla maailmassa. Olitpa aloittelija tai kokenut <strong><a href=\"https:\/\/www.elementvape.de\/fi\/\">Harrastajille<\/a><\/strong>, t\u00e4m\u00e4 laite tarjoaa unohtumattoman h\u00f6yrykokemuksen ja on ihanteellinen kaikille, jotka arvostavat laatua ja makua.<\/p>\n<\/div>\n<\/div>\n<\/div>\n<\/div>\n<\/div>\n<\/div>","protected":false},"excerpt":{"rendered":"<p>Spezifikation Details Puffs 15000 Z\u00fcge Core Mesh-Coil, 0,6 Ohm E-Liquid Kapazit\u00e4t 26 ml N-Inhalt 2%, 5% Batterie 18250-600mAh, wiederaufladbar via Type-C Produktgewicht 91 Gramm Produktgr\u00f6\u00dfe 124,5 mm x 31,5 mm Kartonma\u00dfe 410 mm x 405 mm x 297 mm Menge pro Karton 200 St\u00fcck Bruttogewicht des Kartons ca. 20 kg Grape Ice ELF BOX LS15000: [&hellip;]<\/p>","protected":false},"featured_media":13731,"template":"","meta":{"inline_featured_image":false},"product_cat":[15,78,747,740,734,753,716,732],"product_tag":[710,674],"tiered_pricing_type":"fixed","tiered_pricing_fixed_rules":{"110":"7.54","200":"6.68","500":"5.85"},"tiered_pricing_percentage_rules":[],"tiered_pricing_minimum":1,"_administrator_tiered_pricing_type":"fixed","_administrator_tiered_pricing_fixed_rules":[],"_editor_tiered_pricing_type":"fixed","_editor_tiered_pricing_fixed_rules":[],"_author_tiered_pricing_type":"fixed","_author_tiered_pricing_fixed_rules":[],"_contributor_tiered_pricing_type":"fixed","_contributor_tiered_pricing_fixed_rules":[],"_subscriber_tiered_pricing_type":"fixed","_subscriber_tiered_pricing_fixed_rules":[],"_customer_tiered_pricing_type":"fixed","_customer_tiered_pricing_fixed_rules":[],"_shop_manager_tiered_pricing_type":"fixed","_shop_manager_tiered_pricing_fixed_rules":[],"_wpseo_manager_tiered_pricing_type":"fixed","_wpseo_manager_tiered_pricing_fixed_rules":[],"_wpseo_editor_tiered_pricing_type":"fixed","_wpseo_editor_tiered_pricing_fixed_rules":[],"_wholesale_customer_tiered_pricing_type":"fixed","_wholesale_customer_tiered_pricing_fixed_rules":[],"_marketer_tiered_pricing_type":"fixed","_marketer_tiered_pricing_fixed_rules":[],"_sales_manager_tiered_pricing_type":"fixed","_sales_manager_tiered_pricing_fixed_rules":[],"_sales_rep_tiered_pricing_type":"fixed","_sales_rep_tiered_pricing_fixed_rules":[],"yoast_head":"<!-- This site is optimized with the Yoast SEO plugin v23.3 - https:\/\/yoast.com\/wordpress\/plugins\/seo\/ -->\n<title>Reduziert im Sommer-Sale15000 Z\u00fcge Grape Ice ELF BOX LS15000 zum Hammerpreis | ElementVape.de<\/title>\n<meta name=\"description\" content=\"Wir bieten Reduziert im Sommer-Sale15000 Z\u00fcge Grape Ice ELF BOX LS15000 zum Hammerpreis , Elementvape.de akzeptieren Gro\u00df-und Einzelhandel Bestellungen.\" \/>\n<meta name=\"robots\" content=\"index, follow, max-snippet:-1, max-image-preview:large, max-video-preview:-1\" \/>\n<link rel=\"canonical\" href=\"https:\/\/www.elementvape.de\/fi\/produkt\/reduziert-im-sommer-sale15000-zuege-grape-ice-elf-box-ls15000-zum-hammerpreis\/\" \/>\n<meta property=\"og:locale\" content=\"fi_FI\" \/>\n<meta property=\"og:type\" content=\"article\" \/>\n<meta property=\"og:title\" content=\"Reduziert im Sommer-Sale15000 Z\u00fcge Grape Ice ELF BOX LS15000 zum Hammerpreis | ElementVape.de\" \/>\n<meta property=\"og:description\" content=\"Wir bieten Reduziert im Sommer-Sale15000 Z\u00fcge Grape Ice ELF BOX LS15000 zum Hammerpreis , Elementvape.de akzeptieren Gro\u00df-und Einzelhandel Bestellungen.\" \/>\n<meta property=\"og:url\" content=\"https:\/\/www.elementvape.de\/fi\/produkt\/reduziert-im-sommer-sale15000-zuege-grape-ice-elf-box-ls15000-zum-hammerpreis\/\" \/>\n<meta property=\"og:site_name\" content=\"ElementVape.de\" \/>\n<meta property=\"article:modified_time\" content=\"2024-12-12T06:34:59+00:00\" \/>\n<meta property=\"og:image\" content=\"https:\/\/www.elementvape.de\/wp-content\/uploads\/2024\/08\/Grape-ice.png\" \/>\n\t<meta property=\"og:image:width\" content=\"1000\" \/>\n\t<meta property=\"og:image:height\" content=\"1000\" \/>\n\t<meta property=\"og:image:type\" content=\"image\/png\" \/>\n<meta name=\"twitter:card\" content=\"summary_large_image\" \/>\n<meta name=\"twitter:label1\" content=\"Est. reading time\" \/>\n\t<meta name=\"twitter:data1\" content=\"2 minuuttia\" \/>\n<script type=\"application\/ld+json\" class=\"yoast-schema-graph\">{\"@context\":\"https:\/\/schema.org\",\"@graph\":[{\"@type\":\"WebPage\",\"@id\":\"https:\/\/www.elementvape.de\/sk\/produkt\/reduziert-im-sommer-sale15000-zuege-grape-ice-elf-box-ls15000-zum-hammerpreis\/\",\"url\":\"https:\/\/www.elementvape.de\/sk\/produkt\/reduziert-im-sommer-sale15000-zuege-grape-ice-elf-box-ls15000-zum-hammerpreis\/\",\"name\":\"Reduziert im Sommer-Sale15000 Z\u00fcge Grape Ice ELF BOX LS15000 zum Hammerpreis | ElementVape.de\",\"isPartOf\":{\"@id\":\"https:\/\/www.elementvape.de\/#website\"},\"primaryImageOfPage\":{\"@id\":\"https:\/\/www.elementvape.de\/sk\/produkt\/reduziert-im-sommer-sale15000-zuege-grape-ice-elf-box-ls15000-zum-hammerpreis\/#primaryimage\"},\"image\":{\"@id\":\"https:\/\/www.elementvape.de\/sk\/produkt\/reduziert-im-sommer-sale15000-zuege-grape-ice-elf-box-ls15000-zum-hammerpreis\/#primaryimage\"},\"thumbnailUrl\":\"https:\/\/www.elementvape.de\/wp-content\/uploads\/2024\/08\/Grape-ice.png\",\"datePublished\":\"2024-08-12T08:03:38+00:00\",\"dateModified\":\"2024-12-12T06:34:59+00:00\",\"description\":\"Wir bieten Reduziert im Sommer-Sale15000 Z\u00fcge Grape Ice ELF BOX LS15000 zum Hammerpreis , Elementvape.de akzeptieren Gro\u00df-und Einzelhandel Bestellungen.\",\"breadcrumb\":{\"@id\":\"https:\/\/www.elementvape.de\/sk\/produkt\/reduziert-im-sommer-sale15000-zuege-grape-ice-elf-box-ls15000-zum-hammerpreis\/#breadcrumb\"},\"inLanguage\":\"fi\",\"potentialAction\":[{\"@type\":\"ReadAction\",\"target\":[\"https:\/\/www.elementvape.de\/sk\/produkt\/reduziert-im-sommer-sale15000-zuege-grape-ice-elf-box-ls15000-zum-hammerpreis\/\"]}]},{\"@type\":\"ImageObject\",\"inLanguage\":\"fi\",\"@id\":\"https:\/\/www.elementvape.de\/sk\/produkt\/reduziert-im-sommer-sale15000-zuege-grape-ice-elf-box-ls15000-zum-hammerpreis\/#primaryimage\",\"url\":\"https:\/\/www.elementvape.de\/wp-content\/uploads\/2024\/08\/Grape-ice.png\",\"contentUrl\":\"https:\/\/www.elementvape.de\/wp-content\/uploads\/2024\/08\/Grape-ice.png\",\"width\":1000,\"height\":1000,\"caption\":\"Grape ice\"},{\"@type\":\"BreadcrumbList\",\"@id\":\"https:\/\/www.elementvape.de\/sk\/produkt\/reduziert-im-sommer-sale15000-zuege-grape-ice-elf-box-ls15000-zum-hammerpreis\/#breadcrumb\",\"itemListElement\":[{\"@type\":\"ListItem\",\"position\":1,\"name\":\"Home\",\"item\":\"https:\/\/www.elementvape.de\/\"},{\"@type\":\"ListItem\",\"position\":2,\"name\":\"Shop\",\"item\":\"https:\/\/www.elementvape.de\/shop\/\"},{\"@type\":\"ListItem\",\"position\":3,\"name\":\"Reduziert im Sommer-Sale15000 Z\u00fcge Grape Ice ELF BOX LS15000 zum Hammerpreis\"}]},{\"@type\":\"WebSite\",\"@id\":\"https:\/\/www.elementvape.de\/#website\",\"url\":\"https:\/\/www.elementvape.de\/\",\"name\":\"ElementVape.de\",\"description\":\"\",\"publisher\":{\"@id\":\"https:\/\/www.elementvape.de\/#organization\"},\"potentialAction\":[{\"@type\":\"SearchAction\",\"target\":{\"@type\":\"EntryPoint\",\"urlTemplate\":\"https:\/\/www.elementvape.de\/?s={search_term_string}\"},\"query-input\":\"required name=search_term_string\"}],\"inLanguage\":\"fi\"},{\"@type\":\"Organization\",\"@id\":\"https:\/\/www.elementvape.de\/#organization\",\"name\":\"ElementVape.DE\",\"url\":\"https:\/\/www.elementvape.de\/\",\"logo\":{\"@type\":\"ImageObject\",\"inLanguage\":\"fi\",\"@id\":\"https:\/\/www.elementvape.de\/#\/schema\/logo\/image\/\",\"url\":\"https:\/\/www.elementvape.de\/wp-content\/uploads\/2024\/09\/cropped-1elementvape-3.png\",\"contentUrl\":\"https:\/\/www.elementvape.de\/wp-content\/uploads\/2024\/09\/cropped-1elementvape-3.png\",\"width\":285,\"height\":228,\"caption\":\"ElementVape.DE\"},\"image\":{\"@id\":\"https:\/\/www.elementvape.de\/#\/schema\/logo\/image\/\"}}]}<\/script>\n<!-- \/ Yoast SEO plugin. -->","yoast_head_json":{"title":"Reduziert im Sommer-Sale15000 Z\u00fcge Grape Ice ELF BOX LS15000 zum Hammerpreis | ElementVape.de","description":"Wir bieten Reduziert im Sommer-Sale15000 Z\u00fcge Grape Ice ELF BOX LS15000 zum Hammerpreis , Elementvape.de akzeptieren Gro\u00df-und Einzelhandel Bestellungen.","robots":{"index":"index","follow":"follow","max-snippet":"max-snippet:-1","max-image-preview":"max-image-preview:large","max-video-preview":"max-video-preview:-1"},"canonical":"https:\/\/www.elementvape.de\/fi\/produkt\/reduziert-im-sommer-sale15000-zuege-grape-ice-elf-box-ls15000-zum-hammerpreis\/","og_locale":"fi_FI","og_type":"article","og_title":"Reduziert im Sommer-Sale15000 Z\u00fcge Grape Ice ELF BOX LS15000 zum Hammerpreis | ElementVape.de","og_description":"Wir bieten Reduziert im Sommer-Sale15000 Z\u00fcge Grape Ice ELF BOX LS15000 zum Hammerpreis , Elementvape.de akzeptieren Gro\u00df-und Einzelhandel Bestellungen.","og_url":"https:\/\/www.elementvape.de\/fi\/produkt\/reduziert-im-sommer-sale15000-zuege-grape-ice-elf-box-ls15000-zum-hammerpreis\/","og_site_name":"ElementVape.de","article_modified_time":"2024-12-12T06:34:59+00:00","og_image":[{"width":1000,"height":1000,"url":"https:\/\/www.elementvape.de\/wp-content\/uploads\/2024\/08\/Grape-ice.png","type":"image\/png"}],"twitter_card":"summary_large_image","twitter_misc":{"Est. reading time":"2 minuuttia"},"schema":{"@context":"https:\/\/schema.org","@graph":[{"@type":"WebPage","@id":"https:\/\/www.elementvape.de\/sk\/produkt\/reduziert-im-sommer-sale15000-zuege-grape-ice-elf-box-ls15000-zum-hammerpreis\/","url":"https:\/\/www.elementvape.de\/sk\/produkt\/reduziert-im-sommer-sale15000-zuege-grape-ice-elf-box-ls15000-zum-hammerpreis\/","name":"Reduziert im Sommer-Sale15000 Z\u00fcge Grape Ice ELF BOX LS15000 zum Hammerpreis | ElementVape.de","isPartOf":{"@id":"https:\/\/www.elementvape.de\/#website"},"primaryImageOfPage":{"@id":"https:\/\/www.elementvape.de\/sk\/produkt\/reduziert-im-sommer-sale15000-zuege-grape-ice-elf-box-ls15000-zum-hammerpreis\/#primaryimage"},"image":{"@id":"https:\/\/www.elementvape.de\/sk\/produkt\/reduziert-im-sommer-sale15000-zuege-grape-ice-elf-box-ls15000-zum-hammerpreis\/#primaryimage"},"thumbnailUrl":"https:\/\/www.elementvape.de\/wp-content\/uploads\/2024\/08\/Grape-ice.png","datePublished":"2024-08-12T08:03:38+00:00","dateModified":"2024-12-12T06:34:59+00:00","description":"Wir bieten Reduziert im Sommer-Sale15000 Z\u00fcge Grape Ice ELF BOX LS15000 zum Hammerpreis , Elementvape.de akzeptieren Gro\u00df-und Einzelhandel Bestellungen.","breadcrumb":{"@id":"https:\/\/www.elementvape.de\/sk\/produkt\/reduziert-im-sommer-sale15000-zuege-grape-ice-elf-box-ls15000-zum-hammerpreis\/#breadcrumb"},"inLanguage":"fi","potentialAction":[{"@type":"ReadAction","target":["https:\/\/www.elementvape.de\/sk\/produkt\/reduziert-im-sommer-sale15000-zuege-grape-ice-elf-box-ls15000-zum-hammerpreis\/"]}]},{"@type":"ImageObject","inLanguage":"fi","@id":"https:\/\/www.elementvape.de\/sk\/produkt\/reduziert-im-sommer-sale15000-zuege-grape-ice-elf-box-ls15000-zum-hammerpreis\/#primaryimage","url":"https:\/\/www.elementvape.de\/wp-content\/uploads\/2024\/08\/Grape-ice.png","contentUrl":"https:\/\/www.elementvape.de\/wp-content\/uploads\/2024\/08\/Grape-ice.png","width":1000,"height":1000,"caption":"Grape ice"},{"@type":"BreadcrumbList","@id":"https:\/\/www.elementvape.de\/sk\/produkt\/reduziert-im-sommer-sale15000-zuege-grape-ice-elf-box-ls15000-zum-hammerpreis\/#breadcrumb","itemListElement":[{"@type":"ListItem","position":1,"name":"Home","item":"https:\/\/www.elementvape.de\/"},{"@type":"ListItem","position":2,"name":"Shop","item":"https:\/\/www.elementvape.de\/shop\/"},{"@type":"ListItem","position":3,"name":"Reduziert im Sommer-Sale15000 Z\u00fcge Grape Ice ELF BOX LS15000 zum Hammerpreis"}]},{"@type":"WebSite","@id":"https:\/\/www.elementvape.de\/#website","url":"https:\/\/www.elementvape.de\/","name":"ElementVape.de","description":"","publisher":{"@id":"https:\/\/www.elementvape.de\/#organization"},"potentialAction":[{"@type":"SearchAction","target":{"@type":"EntryPoint","urlTemplate":"https:\/\/www.elementvape.de\/?s={search_term_string}"},"query-input":"required name=search_term_string"}],"inLanguage":"fi"},{"@type":"Organization","@id":"https:\/\/www.elementvape.de\/#organization","name":"ElementVape.DE","url":"https:\/\/www.elementvape.de\/","logo":{"@type":"ImageObject","inLanguage":"fi","@id":"https:\/\/www.elementvape.de\/#\/schema\/logo\/image\/","url":"https:\/\/www.elementvape.de\/wp-content\/uploads\/2024\/09\/cropped-1elementvape-3.png","contentUrl":"https:\/\/www.elementvape.de\/wp-content\/uploads\/2024\/09\/cropped-1elementvape-3.png","width":285,"height":228,"caption":"ElementVape.DE"},"image":{"@id":"https:\/\/www.elementvape.de\/#\/schema\/logo\/image\/"}}]}},"_links":{"self":[{"href":"https:\/\/www.elementvape.de\/fi\/wp-json\/wp\/v2\/product\/13730"}],"collection":[{"href":"https:\/\/www.elementvape.de\/fi\/wp-json\/wp\/v2\/product"}],"about":[{"href":"https:\/\/www.elementvape.de\/fi\/wp-json\/wp\/v2\/types\/product"}],"wp:featuredmedia":[{"embeddable":true,"href":"https:\/\/www.elementvape.de\/fi\/wp-json\/wp\/v2\/media\/13731"}],"wp:attachment":[{"href":"https:\/\/www.elementvape.de\/fi\/wp-json\/wp\/v2\/media?parent=13730"}],"wp:term":[{"taxonomy":"product_cat","embeddable":true,"href":"https:\/\/www.elementvape.de\/fi\/wp-json\/wp\/v2\/product_cat?post=13730"},{"taxonomy":"product_tag","embeddable":true,"href":"https:\/\/www.elementvape.de\/fi\/wp-json\/wp\/v2\/product_tag?post=13730"}],"curies":[{"name":"wp","href":"https:\/\/api.w.org\/{rel}","templated":true}]}}