{"id":13687,"date":"2024-08-07T08:03:19","date_gmt":"2024-08-07T08:03:19","guid":{"rendered":"https:\/\/www.elementvape.de\/?post_type=product&#038;p=13687"},"modified":"2024-12-12T06:35:06","modified_gmt":"2024-12-12T06:35:06","slug":"watermelon-bubblegum-die-globale-versandfabrik-produziert-hochwertige-e-zigaretten-elf-box-digital-12000","status":"publish","type":"product","link":"https:\/\/www.elementvape.de\/fi\/produkt\/watermelon-bubblegum-die-globale-versandfabrik-produziert-hochwertige-e-zigaretten-elf-box-digital-12000\/","title":{"rendered":"Watermelon Bubblegum Maailmanlaajuinen toimituslaitos valmistaa korkealaatuisia E-savukkeita ELF BOX Digital 12000"},"content":{"rendered":"<ul>\n<li><strong>Puffit:<\/strong> 12 000 vetoa<\/li>\n<li><strong>Ydin:<\/strong> Mesh-kela, 0,8 Ohm<\/li>\n<li><strong>E-liuoksen kapasiteetti:<\/strong> 25 ml<\/li>\n<li><strong>N:<\/strong> 2%, 5%<\/li>\n<li><strong>Akku:<\/strong> 13.350 mAh, uudelleenladattava Type-C:n kautta<\/li>\n<li><strong>N\u00e4ytt\u00f6:<\/strong> Digitaalinen, n\u00e4ytt\u00e4\u00e4 \u00f6ljyn ja akun m\u00e4\u00e4r\u00e4n<\/li>\n<li><strong>Tuotteen paino:<\/strong> 82 grammaa<\/li>\n<li><strong>Tuotteen koko:<\/strong> 30 mm x 57 mm x 101 mm<\/li>\n<li><strong>Pakkauksen mitat:<\/strong> 615 mm x 223 mm x 330 mm<\/li>\n<\/ul>\n<p>ELF BOX Digital 12000 makuel\u00e4myksell\u00e4 \u201cWatermelon Bubblegum\u201d tarjoaa erityisen h\u00f6yrystyskokemuksen. Maku on t\u00e4ydellinen sekoitus mehukkaasta vesimelonin raikkaudesta ja makeasta Bubblegum-viimeistelyst\u00e4. T\u00e4m\u00e4 yhdistelm\u00e4 takaa miellytt\u00e4v\u00e4n, pitk\u00e4kestoisen maun, joka on sek\u00e4 virkist\u00e4v\u00e4 ett\u00e4 nostalginen.<\/p>\n<p>Nesteen laatu vaikuttaa merkitt\u00e4v\u00e4sti nautintoon. Varmistetaan, ett\u00e4 k\u00e4ytet\u00e4\u00e4n vain parhaita ainesosia, jotta tarjotaan puhdas ja intensiivinen makuel\u00e4mys. T\u00e4m\u00e4 tekee \u201cWatermelon Bubblegum\u201d -variantista suosikin h\u00f6yryst\u00e4vien keskuudessa, jotka etsiv\u00e4t jotain erityist\u00e4.<\/p>\n<h3>Korkealaatuinen tuotanto<\/h3>\n<p>Valmistuspaikka panostaa laatuun ja tarkkuuteen. Jokainen ELF BOX Digital 12000 k\u00e4y l\u00e4pi tiukat laadunvalvonnat varmistaakseen, ett\u00e4 se t\u00e4ytt\u00e4\u00e4 korkeimmat standardit. Ensiluokkaisten materiaalien ja edistyneiden valmistustekniikoiden k\u00e4ytt\u00f6 takaa pitk\u00e4n k\u00e4ytt\u00f6i\u00e4n ja erinomaisen suorituskyvyn s\u00e4hk\u00f6tupakalle.<\/p>\n<h4>Huipputeknologia<\/h4>\n<p>Tehdas on varustettu nykyaikaisella teknologialla, joka mahdollistaa tehokkaan ja ymp\u00e4rist\u00f6yst\u00e4v\u00e4llisen tuotannon. T\u00e4m\u00e4 varmistaa, ett\u00e4 jokainen ELF BOX Digital 12000 er\u00e4 on johdonmukainen ja korkealaatuinen. Tarkka valmistus ja tiukka laadunvalvonta tekev\u00e4t t\u00e4st\u00e4 s\u00e4hk\u00f6tupakasta luotettavan valinnan h\u00f6yryst\u00e4vien keskuudessa maailmanlaajuisesti.<\/p>\n<p>Kest\u00e4v\u00e4n tuotantomenetelm\u00e4n ja ymp\u00e4rist\u00f6yst\u00e4v\u00e4llisten materiaalien k\u00e4ytt\u00f6 minimoi my\u00f6s ekologisen jalanj\u00e4ljen. T\u00e4m\u00e4 on erityisen t\u00e4rke\u00e4\u00e4 kuluttajille, jotka arvostavat ymp\u00e4rist\u00f6tietoista toimintaa. ELF BOX Digital 12000 edustaa siis paitsi laatua, my\u00f6s vastuullisuutta.<\/p>\n<h3>Maailmanlaajuinen saatavuus<\/h3>\n<p>Globaalin toimituslaitoksen ansiosta ELF BOX Digital 12000 on saatavilla maailmanlaajuisesti. Tehokas logistiikka ja nopea toimitus varmistavat, ett\u00e4 asiakkaat eri maissa p\u00e4\u00e4sev\u00e4t k\u00e4siksi n\u00e4ihin korkealaatuisiin s\u00e4hk\u00f6tupakoihin. Laitoksen globaali kattavuus mahdollistaa erilaisten tarpeiden ja mieltymysten t\u00e4ytt\u00e4misen h\u00f6yryst\u00e4vien keskuudessa kaikkialla maailmassa.<\/p>\n<p>ELF BOX Digital 12000:n saatavuus eri alueilla korostaa tehtaan sitoutumista korkealaatuisten tuotteiden tarjoamiseen laajalle yleis\u00f6lle. T\u00e4m\u00e4 lis\u00e4\u00e4 br\u00e4ndin suosiota ja menestyst\u00e4, sill\u00e4 se tarjoaa h\u00f6yryst\u00e4vien ensiluokkaisen kokemuksen kaikkialla maailmassa.<\/p>\n<p>Toinen t\u00e4rke\u00e4 osa maailmanlaajuista saatavuutta on erinomainen asiakaspalvelu. Tehokkaan logistiikan ja nopean toimituksen ansiosta asiakkaat ymp\u00e4ri maailmaa palvellaan nopeasti ja luotettavasti. T\u00e4m\u00e4 lis\u00e4\u00e4 kuluttajien luottamusta ja vahvistaa br\u00e4ndiuskollisuutta.<\/p>","protected":false},"excerpt":{"rendered":"<p>Puffs: 12.000 Z\u00fcge Kern: Mesh-Coil, 0,8 Ohm E-Liquid Kapazit\u00e4t: 25 ml N: 2%, 5% Batterie: 13.350 mAh, wiederaufladbar \u00fcber Type-C Anzeige: Digital, zeigt \u00d6l- und Batteriestand an Produktgewicht: 82 Gramm Produktgr\u00f6\u00dfe: 30 mm x 57 mm x 101 mm Kartonma\u00dfe: 615 mm x 223 mm x 330 mm Die ELF BOX Digital 12000 in der [&hellip;]<\/p>","protected":false},"featured_media":13688,"template":"","meta":{"inline_featured_image":false},"product_cat":[15,78,747,740,734,753,715,732],"product_tag":[710,673],"tiered_pricing_type":"fixed","tiered_pricing_fixed_rules":{"110":"7.00","200":"6.22","500":"5.45"},"tiered_pricing_percentage_rules":[],"tiered_pricing_minimum":1,"_administrator_tiered_pricing_type":"fixed","_administrator_tiered_pricing_fixed_rules":[],"_editor_tiered_pricing_type":"fixed","_editor_tiered_pricing_fixed_rules":[],"_author_tiered_pricing_type":"fixed","_author_tiered_pricing_fixed_rules":[],"_contributor_tiered_pricing_type":"fixed","_contributor_tiered_pricing_fixed_rules":[],"_subscriber_tiered_pricing_type":"fixed","_subscriber_tiered_pricing_fixed_rules":[],"_customer_tiered_pricing_type":"fixed","_customer_tiered_pricing_fixed_rules":[],"_shop_manager_tiered_pricing_type":"fixed","_shop_manager_tiered_pricing_fixed_rules":[],"_wpseo_manager_tiered_pricing_type":"fixed","_wpseo_manager_tiered_pricing_fixed_rules":[],"_wpseo_editor_tiered_pricing_type":"fixed","_wpseo_editor_tiered_pricing_fixed_rules":[],"_wholesale_customer_tiered_pricing_type":"fixed","_wholesale_customer_tiered_pricing_fixed_rules":[],"_marketer_tiered_pricing_type":"fixed","_marketer_tiered_pricing_fixed_rules":[],"_sales_manager_tiered_pricing_type":"fixed","_sales_manager_tiered_pricing_fixed_rules":[],"_sales_rep_tiered_pricing_type":"fixed","_sales_rep_tiered_pricing_fixed_rules":[],"yoast_head":"<!-- This site is optimized with the Yoast SEO plugin v23.3 - https:\/\/yoast.com\/wordpress\/plugins\/seo\/ -->\n<title>Watermelon Bubblegum Die globale Versandfabrik produziert hochwertige E Zigaretten ELF BOX Digital 12000 | ElementVape.de<\/title>\n<meta name=\"description\" content=\"Wir bieten Watermelon Bubblegum Die globale Versandfabrik produziert hochwertige E Zigaretten ELF BOX Digital 12000 , Elementvape.de akzeptieren Gro\u00df-und Einzelhandel Bestellungen.\" \/>\n<meta name=\"robots\" content=\"index, follow, max-snippet:-1, max-image-preview:large, max-video-preview:-1\" \/>\n<link rel=\"canonical\" href=\"https:\/\/www.elementvape.de\/fi\/produkt\/watermelon-bubblegum-die-globale-versandfabrik-produziert-hochwertige-e-zigaretten-elf-box-digital-12000\/\" \/>\n<meta property=\"og:locale\" content=\"fi_FI\" \/>\n<meta property=\"og:type\" content=\"article\" \/>\n<meta property=\"og:title\" content=\"Watermelon Bubblegum Die globale Versandfabrik produziert hochwertige E Zigaretten ELF BOX Digital 12000 | ElementVape.de\" \/>\n<meta property=\"og:description\" content=\"Wir bieten Watermelon Bubblegum Die globale Versandfabrik produziert hochwertige E Zigaretten ELF BOX Digital 12000 , Elementvape.de akzeptieren Gro\u00df-und Einzelhandel Bestellungen.\" \/>\n<meta property=\"og:url\" content=\"https:\/\/www.elementvape.de\/fi\/produkt\/watermelon-bubblegum-die-globale-versandfabrik-produziert-hochwertige-e-zigaretten-elf-box-digital-12000\/\" \/>\n<meta property=\"og:site_name\" content=\"ElementVape.de\" \/>\n<meta property=\"article:modified_time\" content=\"2024-12-12T06:35:06+00:00\" \/>\n<meta property=\"og:image\" content=\"https:\/\/www.elementvape.de\/wp-content\/uploads\/2024\/08\/Watermelon-Bubblegum-\u897f\u74dc\u6ce1\u6ce1\u7cd6.jpg\" \/>\n\t<meta property=\"og:image:width\" content=\"1000\" \/>\n\t<meta property=\"og:image:height\" content=\"1000\" \/>\n\t<meta property=\"og:image:type\" content=\"image\/jpeg\" \/>\n<meta name=\"twitter:card\" content=\"summary_large_image\" \/>\n<meta name=\"twitter:label1\" content=\"Est. reading time\" \/>\n\t<meta name=\"twitter:data1\" content=\"3 minuuttia\" \/>\n<script type=\"application\/ld+json\" class=\"yoast-schema-graph\">{\"@context\":\"https:\/\/schema.org\",\"@graph\":[{\"@type\":\"WebPage\",\"@id\":\"https:\/\/www.elementvape.de\/produkt\/watermelon-bubblegum-die-globale-versandfabrik-produziert-hochwertige-e-zigaretten-elf-box-digital-12000\/\",\"url\":\"https:\/\/www.elementvape.de\/produkt\/watermelon-bubblegum-die-globale-versandfabrik-produziert-hochwertige-e-zigaretten-elf-box-digital-12000\/\",\"name\":\"Watermelon Bubblegum Die globale Versandfabrik produziert hochwertige E Zigaretten ELF BOX Digital 12000 | ElementVape.de\",\"isPartOf\":{\"@id\":\"https:\/\/www.elementvape.de\/#website\"},\"primaryImageOfPage\":{\"@id\":\"https:\/\/www.elementvape.de\/produkt\/watermelon-bubblegum-die-globale-versandfabrik-produziert-hochwertige-e-zigaretten-elf-box-digital-12000\/#primaryimage\"},\"image\":{\"@id\":\"https:\/\/www.elementvape.de\/produkt\/watermelon-bubblegum-die-globale-versandfabrik-produziert-hochwertige-e-zigaretten-elf-box-digital-12000\/#primaryimage\"},\"thumbnailUrl\":\"https:\/\/www.elementvape.de\/wp-content\/uploads\/2024\/08\/Watermelon-Bubblegum-\u897f\u74dc\u6ce1\u6ce1\u7cd6.jpg\",\"datePublished\":\"2024-08-07T08:03:19+00:00\",\"dateModified\":\"2024-12-12T06:35:06+00:00\",\"description\":\"Wir bieten Watermelon Bubblegum Die globale Versandfabrik produziert hochwertige E Zigaretten ELF BOX Digital 12000 , Elementvape.de akzeptieren Gro\u00df-und Einzelhandel Bestellungen.\",\"breadcrumb\":{\"@id\":\"https:\/\/www.elementvape.de\/produkt\/watermelon-bubblegum-die-globale-versandfabrik-produziert-hochwertige-e-zigaretten-elf-box-digital-12000\/#breadcrumb\"},\"inLanguage\":\"fi\",\"potentialAction\":[{\"@type\":\"ReadAction\",\"target\":[\"https:\/\/www.elementvape.de\/produkt\/watermelon-bubblegum-die-globale-versandfabrik-produziert-hochwertige-e-zigaretten-elf-box-digital-12000\/\"]}]},{\"@type\":\"ImageObject\",\"inLanguage\":\"fi\",\"@id\":\"https:\/\/www.elementvape.de\/produkt\/watermelon-bubblegum-die-globale-versandfabrik-produziert-hochwertige-e-zigaretten-elf-box-digital-12000\/#primaryimage\",\"url\":\"https:\/\/www.elementvape.de\/wp-content\/uploads\/2024\/08\/Watermelon-Bubblegum-\u897f\u74dc\u6ce1\u6ce1\u7cd6.jpg\",\"contentUrl\":\"https:\/\/www.elementvape.de\/wp-content\/uploads\/2024\/08\/Watermelon-Bubblegum-\u897f\u74dc\u6ce1\u6ce1\u7cd6.jpg\",\"width\":1000,\"height\":1000,\"caption\":\"Watermelon Bubblegum\"},{\"@type\":\"BreadcrumbList\",\"@id\":\"https:\/\/www.elementvape.de\/produkt\/watermelon-bubblegum-die-globale-versandfabrik-produziert-hochwertige-e-zigaretten-elf-box-digital-12000\/#breadcrumb\",\"itemListElement\":[{\"@type\":\"ListItem\",\"position\":1,\"name\":\"Home\",\"item\":\"https:\/\/www.elementvape.de\/\"},{\"@type\":\"ListItem\",\"position\":2,\"name\":\"Shop\",\"item\":\"https:\/\/www.elementvape.de\/shop\/\"},{\"@type\":\"ListItem\",\"position\":3,\"name\":\"Watermelon Bubblegum Die globale Versandfabrik produziert hochwertige E Zigaretten ELF BOX Digital 12000\"}]},{\"@type\":\"WebSite\",\"@id\":\"https:\/\/www.elementvape.de\/#website\",\"url\":\"https:\/\/www.elementvape.de\/\",\"name\":\"ElementVape.de\",\"description\":\"\",\"publisher\":{\"@id\":\"https:\/\/www.elementvape.de\/#organization\"},\"potentialAction\":[{\"@type\":\"SearchAction\",\"target\":{\"@type\":\"EntryPoint\",\"urlTemplate\":\"https:\/\/www.elementvape.de\/?s={search_term_string}\"},\"query-input\":\"required name=search_term_string\"}],\"inLanguage\":\"fi\"},{\"@type\":\"Organization\",\"@id\":\"https:\/\/www.elementvape.de\/#organization\",\"name\":\"ElementVape.DE\",\"url\":\"https:\/\/www.elementvape.de\/\",\"logo\":{\"@type\":\"ImageObject\",\"inLanguage\":\"fi\",\"@id\":\"https:\/\/www.elementvape.de\/#\/schema\/logo\/image\/\",\"url\":\"https:\/\/www.elementvape.de\/wp-content\/uploads\/2024\/09\/cropped-1elementvape-3.png\",\"contentUrl\":\"https:\/\/www.elementvape.de\/wp-content\/uploads\/2024\/09\/cropped-1elementvape-3.png\",\"width\":285,\"height\":228,\"caption\":\"ElementVape.DE\"},\"image\":{\"@id\":\"https:\/\/www.elementvape.de\/#\/schema\/logo\/image\/\"}}]}<\/script>\n<!-- \/ Yoast SEO plugin. -->","yoast_head_json":{"title":"Watermelon Bubblegum Die globale Versandfabrik produziert hochwertige E Zigaretten ELF BOX Digital 12000 | ElementVape.de","description":"Wir bieten Watermelon Bubblegum Die globale Versandfabrik produziert hochwertige E Zigaretten ELF BOX Digital 12000 , Elementvape.de akzeptieren Gro\u00df-und Einzelhandel Bestellungen.","robots":{"index":"index","follow":"follow","max-snippet":"max-snippet:-1","max-image-preview":"max-image-preview:large","max-video-preview":"max-video-preview:-1"},"canonical":"https:\/\/www.elementvape.de\/fi\/produkt\/watermelon-bubblegum-die-globale-versandfabrik-produziert-hochwertige-e-zigaretten-elf-box-digital-12000\/","og_locale":"fi_FI","og_type":"article","og_title":"Watermelon Bubblegum Die globale Versandfabrik produziert hochwertige E Zigaretten ELF BOX Digital 12000 | ElementVape.de","og_description":"Wir bieten Watermelon Bubblegum Die globale Versandfabrik produziert hochwertige E Zigaretten ELF BOX Digital 12000 , Elementvape.de akzeptieren Gro\u00df-und Einzelhandel Bestellungen.","og_url":"https:\/\/www.elementvape.de\/fi\/produkt\/watermelon-bubblegum-die-globale-versandfabrik-produziert-hochwertige-e-zigaretten-elf-box-digital-12000\/","og_site_name":"ElementVape.de","article_modified_time":"2024-12-12T06:35:06+00:00","og_image":[{"width":1000,"height":1000,"url":"https:\/\/www.elementvape.de\/wp-content\/uploads\/2024\/08\/Watermelon-Bubblegum-\u897f\u74dc\u6ce1\u6ce1\u7cd6.jpg","type":"image\/jpeg"}],"twitter_card":"summary_large_image","twitter_misc":{"Est. reading time":"3 minuuttia"},"schema":{"@context":"https:\/\/schema.org","@graph":[{"@type":"WebPage","@id":"https:\/\/www.elementvape.de\/produkt\/watermelon-bubblegum-die-globale-versandfabrik-produziert-hochwertige-e-zigaretten-elf-box-digital-12000\/","url":"https:\/\/www.elementvape.de\/produkt\/watermelon-bubblegum-die-globale-versandfabrik-produziert-hochwertige-e-zigaretten-elf-box-digital-12000\/","name":"Watermelon Bubblegum Die globale Versandfabrik produziert hochwertige E Zigaretten ELF BOX Digital 12000 | ElementVape.de","isPartOf":{"@id":"https:\/\/www.elementvape.de\/#website"},"primaryImageOfPage":{"@id":"https:\/\/www.elementvape.de\/produkt\/watermelon-bubblegum-die-globale-versandfabrik-produziert-hochwertige-e-zigaretten-elf-box-digital-12000\/#primaryimage"},"image":{"@id":"https:\/\/www.elementvape.de\/produkt\/watermelon-bubblegum-die-globale-versandfabrik-produziert-hochwertige-e-zigaretten-elf-box-digital-12000\/#primaryimage"},"thumbnailUrl":"https:\/\/www.elementvape.de\/wp-content\/uploads\/2024\/08\/Watermelon-Bubblegum-\u897f\u74dc\u6ce1\u6ce1\u7cd6.jpg","datePublished":"2024-08-07T08:03:19+00:00","dateModified":"2024-12-12T06:35:06+00:00","description":"Wir bieten Watermelon Bubblegum Die globale Versandfabrik produziert hochwertige E Zigaretten ELF BOX Digital 12000 , Elementvape.de akzeptieren Gro\u00df-und Einzelhandel Bestellungen.","breadcrumb":{"@id":"https:\/\/www.elementvape.de\/produkt\/watermelon-bubblegum-die-globale-versandfabrik-produziert-hochwertige-e-zigaretten-elf-box-digital-12000\/#breadcrumb"},"inLanguage":"fi","potentialAction":[{"@type":"ReadAction","target":["https:\/\/www.elementvape.de\/produkt\/watermelon-bubblegum-die-globale-versandfabrik-produziert-hochwertige-e-zigaretten-elf-box-digital-12000\/"]}]},{"@type":"ImageObject","inLanguage":"fi","@id":"https:\/\/www.elementvape.de\/produkt\/watermelon-bubblegum-die-globale-versandfabrik-produziert-hochwertige-e-zigaretten-elf-box-digital-12000\/#primaryimage","url":"https:\/\/www.elementvape.de\/wp-content\/uploads\/2024\/08\/Watermelon-Bubblegum-\u897f\u74dc\u6ce1\u6ce1\u7cd6.jpg","contentUrl":"https:\/\/www.elementvape.de\/wp-content\/uploads\/2024\/08\/Watermelon-Bubblegum-\u897f\u74dc\u6ce1\u6ce1\u7cd6.jpg","width":1000,"height":1000,"caption":"Watermelon Bubblegum"},{"@type":"BreadcrumbList","@id":"https:\/\/www.elementvape.de\/produkt\/watermelon-bubblegum-die-globale-versandfabrik-produziert-hochwertige-e-zigaretten-elf-box-digital-12000\/#breadcrumb","itemListElement":[{"@type":"ListItem","position":1,"name":"Home","item":"https:\/\/www.elementvape.de\/"},{"@type":"ListItem","position":2,"name":"Shop","item":"https:\/\/www.elementvape.de\/shop\/"},{"@type":"ListItem","position":3,"name":"Watermelon Bubblegum Die globale Versandfabrik produziert hochwertige E Zigaretten ELF BOX Digital 12000"}]},{"@type":"WebSite","@id":"https:\/\/www.elementvape.de\/#website","url":"https:\/\/www.elementvape.de\/","name":"ElementVape.de","description":"","publisher":{"@id":"https:\/\/www.elementvape.de\/#organization"},"potentialAction":[{"@type":"SearchAction","target":{"@type":"EntryPoint","urlTemplate":"https:\/\/www.elementvape.de\/?s={search_term_string}"},"query-input":"required name=search_term_string"}],"inLanguage":"fi"},{"@type":"Organization","@id":"https:\/\/www.elementvape.de\/#organization","name":"ElementVape.DE","url":"https:\/\/www.elementvape.de\/","logo":{"@type":"ImageObject","inLanguage":"fi","@id":"https:\/\/www.elementvape.de\/#\/schema\/logo\/image\/","url":"https:\/\/www.elementvape.de\/wp-content\/uploads\/2024\/09\/cropped-1elementvape-3.png","contentUrl":"https:\/\/www.elementvape.de\/wp-content\/uploads\/2024\/09\/cropped-1elementvape-3.png","width":285,"height":228,"caption":"ElementVape.DE"},"image":{"@id":"https:\/\/www.elementvape.de\/#\/schema\/logo\/image\/"}}]}},"_links":{"self":[{"href":"https:\/\/www.elementvape.de\/fi\/wp-json\/wp\/v2\/product\/13687"}],"collection":[{"href":"https:\/\/www.elementvape.de\/fi\/wp-json\/wp\/v2\/product"}],"about":[{"href":"https:\/\/www.elementvape.de\/fi\/wp-json\/wp\/v2\/types\/product"}],"wp:featuredmedia":[{"embeddable":true,"href":"https:\/\/www.elementvape.de\/fi\/wp-json\/wp\/v2\/media\/13688"}],"wp:attachment":[{"href":"https:\/\/www.elementvape.de\/fi\/wp-json\/wp\/v2\/media?parent=13687"}],"wp:term":[{"taxonomy":"product_cat","embeddable":true,"href":"https:\/\/www.elementvape.de\/fi\/wp-json\/wp\/v2\/product_cat?post=13687"},{"taxonomy":"product_tag","embeddable":true,"href":"https:\/\/www.elementvape.de\/fi\/wp-json\/wp\/v2\/product_tag?post=13687"}],"curies":[{"name":"wp","href":"https:\/\/api.w.org\/{rel}","templated":true}]}}