{"id":13669,"date":"2024-08-06T08:26:39","date_gmt":"2024-08-06T08:26:39","guid":{"rendered":"https:\/\/www.elementvape.de\/?post_type=product&#038;p=13669"},"modified":"2024-12-12T06:35:10","modified_gmt":"2024-12-12T06:35:10","slug":"elf-box-digital-12000-vape-mixed-fruit-probieren-sie-im-grosshandel-vorzugspreis-ab-werk","status":"publish","type":"product","link":"https:\/\/www.elementvape.de\/fi\/produkt\/elf-box-digital-12000-vape-mixed-fruit-probieren-sie-im-grosshandel-vorzugspreis-ab-werk\/","title":{"rendered":"ELF BOX Digital 12000 vape Mixed Fruit Kokeile tukkumyyntihinnalla tehtaalta"},"content":{"rendered":"<p>&nbsp;<\/p>\n<table>\n<thead>\n<tr>\n<th>M\u00e4\u00e4ritys<\/th>\n<th>Yksityiskohdat<\/th>\n<\/tr>\n<\/thead>\n<tbody>\n<tr>\n<td>Puffit<\/td>\n<td>12000 vetoa<\/td>\n<\/tr>\n<tr>\n<td>Ydin<\/td>\n<td>Mesh-kela, 0,8 Ohm<\/td>\n<\/tr>\n<tr>\n<td>E-liquidin kapasiteetti<\/td>\n<td>25 ml<\/td>\n<\/tr>\n<tr>\n<td>N<\/td>\n<td>2%,\u00a0 5%<\/td>\n<\/tr>\n<tr>\n<td>Akku<\/td>\n<td>13350-500mAh, uudelleenladattava Type-C:n kautta<\/td>\n<\/tr>\n<tr>\n<td>N\u00e4ytt\u00f6<\/td>\n<td>Digitaalinen, n\u00e4ytt\u00e4\u00e4 \u00f6ljyn ja akun tason<\/td>\n<\/tr>\n<tr>\n<td>Tuotteen paino<\/td>\n<td>82 grammaa<\/td>\n<\/tr>\n<tr>\n<td>Tuotteen koko<\/td>\n<td>30 mm x 57 mm x 101 mm<\/td>\n<\/tr>\n<\/tbody>\n<\/table>\n<h2 style=\"text-align: center;\">Tukkumyynti ELF BOX Digital 12000 Vape: Sekoitushedelm\u00e4makua edulliseen hintaan<\/h2>\n<p>ELF BOX Digital 12000 Vape ei ole vain yksitt\u00e4isten ostajien kohokohta, vaan tarjoaa my\u00f6s tukkumyyntin\u00e4 houkuttelevia ehtoja. Erityisen suosittu on Sekoitushedelm\u00e4makua, joka tarjoaa virkist\u00e4v\u00e4n ja intensiivisen vaping-kokemuksen eri hedelm\u00e4aromien sekoituksella. Laiteen 12000 vetoa kapasiteetti takaa pitk\u00e4n k\u00e4ytt\u00f6ajan, mik\u00e4 on erityisen eduksi suurasiakkaille.<\/p>\n<p>Varustettu 0,8 Ohm Mesh-kelalla, ELF BOX Digital 12000 varmistaa tasaisen ja tehokkaan h\u00f6yrystymisen e-liquids\u00e4. Suuri 25 ml e-liquidi-kapasiteetti ja mahdollisuus valita eri N-vaihtoehtojen (2%, 5%) v\u00e4lill\u00e4 mahdollistavat yksil\u00f6llisen h\u00f6yrystyskokemuksen. Uudelleenladattava 13350-500mAh akku Type-C-latausmahdollisuudella takaa nopean ja helpon latauksen, ja digitaalinen n\u00e4ytt\u00f6 seuraa \u00f6ljyn ja akun tasoa jatkuvasti.<\/p>\n<p>Vain 82 gramman painoinen ja kompaktit mitat 30 mm x 57 mm x 101 mm tekev\u00e4t ELF BOX Digital 12000:sta erinomaisen matkakumppanin. Kest\u00e4v\u00e4 kartonkipakkaus 200 kappaleen eriss\u00e4 ja kokonaispaino 17,5 kg varmistavat, ett\u00e4 tuote saapuu turvallisesti ja hyv\u00e4ss\u00e4 kunnossa. Tukkumyyj\u00e4t hy\u00f6tyv\u00e4t my\u00f6s tehdashintaisista alennuksista, mik\u00e4 tekee ELF BOX Digital 12000:sta taloudellisesti houkuttelevan vaihtoehdon.<\/p>\n<p>Alalla, joka kehittyy jatkuvasti, ELF BOX Digital 12000 asettaa uudet standardit laadun, suorituskyvyn ja maun osalta. Sekoitushedelm\u00e4makua tarjoaa virkist\u00e4v\u00e4n ja tyydytt\u00e4v\u00e4n h\u00f6yrystyskokemuksen, joka miellytt\u00e4\u00e4 sek\u00e4 aloittelijoita ett\u00e4 kokeneita vaperia. Sen suuren kapasiteetin ja k\u00e4ytt\u00e4j\u00e4yst\u00e4v\u00e4llisten toimintojen ansiosta ELF BOX Digital 12000 on ihanteellinen valinta tukkumyyjille, jotka haluavat tarjota asiakkailleen ensiluokkaisen vaping-tuotteen.<\/p>","protected":false},"excerpt":{"rendered":"<p>&nbsp; Spezifikation Details Puffs 12000 Z\u00fcge Core Mesh-Coil, 0,8 Ohm E-Liquid Kapazit\u00e4t 25 ml N 2%,\u00a0 5% Batterie 13350-500mAh, wiederaufladbar via Type-C Anzeige Digital, zeigt \u00d6l- und Batteriestand Produktgewicht 82 Gramm Produktgr\u00f6\u00dfe 30 mm x 57 mm x 101 mm Gro\u00dfhandel ELF BOX Digital 12000 Vape: Mixed Fruit Geschmack zum Vorzugspreis Der ELF BOX Digital [&hellip;]<\/p>","protected":false},"featured_media":13670,"template":"","meta":{"inline_featured_image":false},"product_cat":[15,78,747,740,734,753,715,732],"product_tag":[710,673],"tiered_pricing_type":"fixed","tiered_pricing_fixed_rules":{"110":"7.00","200":"6.22","500":"5.45"},"tiered_pricing_percentage_rules":[],"tiered_pricing_minimum":1,"_administrator_tiered_pricing_type":"fixed","_administrator_tiered_pricing_fixed_rules":[],"_editor_tiered_pricing_type":"fixed","_editor_tiered_pricing_fixed_rules":[],"_author_tiered_pricing_type":"fixed","_author_tiered_pricing_fixed_rules":[],"_contributor_tiered_pricing_type":"fixed","_contributor_tiered_pricing_fixed_rules":[],"_subscriber_tiered_pricing_type":"fixed","_subscriber_tiered_pricing_fixed_rules":[],"_customer_tiered_pricing_type":"fixed","_customer_tiered_pricing_fixed_rules":[],"_shop_manager_tiered_pricing_type":"fixed","_shop_manager_tiered_pricing_fixed_rules":[],"_wpseo_manager_tiered_pricing_type":"fixed","_wpseo_manager_tiered_pricing_fixed_rules":[],"_wpseo_editor_tiered_pricing_type":"fixed","_wpseo_editor_tiered_pricing_fixed_rules":[],"_wholesale_customer_tiered_pricing_type":"fixed","_wholesale_customer_tiered_pricing_fixed_rules":[],"_marketer_tiered_pricing_type":"fixed","_marketer_tiered_pricing_fixed_rules":[],"_sales_manager_tiered_pricing_type":"fixed","_sales_manager_tiered_pricing_fixed_rules":[],"_sales_rep_tiered_pricing_type":"fixed","_sales_rep_tiered_pricing_fixed_rules":[],"yoast_head":"<!-- This site is optimized with the Yoast SEO plugin v23.3 - https:\/\/yoast.com\/wordpress\/plugins\/seo\/ -->\n<title>ELF BOX Digital 12000 vape Mixed Fruit Probieren Sie im Gro\u00dfhandel Vorzugspreis ab Werk | ElementVape.de<\/title>\n<meta name=\"description\" content=\"Wir bieten ELF BOX Digital 12000 vape Mixed Fruit Probieren Sie im Gro\u00dfhandel Vorzugspreis ab Werk , Elementvape.de akzeptieren Gro\u00df-und Einzelhandel Bestellungen.\" \/>\n<meta name=\"robots\" content=\"index, follow, max-snippet:-1, max-image-preview:large, max-video-preview:-1\" \/>\n<link rel=\"canonical\" href=\"https:\/\/www.elementvape.de\/fi\/produkt\/elf-box-digital-12000-vape-mixed-fruit-probieren-sie-im-grosshandel-vorzugspreis-ab-werk\/\" \/>\n<meta property=\"og:locale\" content=\"fi_FI\" \/>\n<meta property=\"og:type\" content=\"article\" \/>\n<meta property=\"og:title\" content=\"ELF BOX Digital 12000 vape Mixed Fruit Probieren Sie im Gro\u00dfhandel Vorzugspreis ab Werk | ElementVape.de\" \/>\n<meta property=\"og:description\" content=\"Wir bieten ELF BOX Digital 12000 vape Mixed Fruit Probieren Sie im Gro\u00dfhandel Vorzugspreis ab Werk , Elementvape.de akzeptieren Gro\u00df-und Einzelhandel Bestellungen.\" \/>\n<meta property=\"og:url\" content=\"https:\/\/www.elementvape.de\/fi\/produkt\/elf-box-digital-12000-vape-mixed-fruit-probieren-sie-im-grosshandel-vorzugspreis-ab-werk\/\" \/>\n<meta property=\"og:site_name\" content=\"ElementVape.de\" \/>\n<meta property=\"article:modified_time\" content=\"2024-12-12T06:35:10+00:00\" \/>\n<meta property=\"og:image\" content=\"https:\/\/www.elementvape.de\/wp-content\/uploads\/2024\/08\/Mixed-Fruit-\u6df7\u5408\u6c34\u679c.jpg\" \/>\n\t<meta property=\"og:image:width\" content=\"1000\" \/>\n\t<meta property=\"og:image:height\" content=\"1000\" \/>\n\t<meta property=\"og:image:type\" content=\"image\/jpeg\" \/>\n<meta name=\"twitter:card\" content=\"summary_large_image\" \/>\n<meta name=\"twitter:label1\" content=\"Est. reading time\" \/>\n\t<meta name=\"twitter:data1\" content=\"2 minuuttia\" \/>\n<script type=\"application\/ld+json\" class=\"yoast-schema-graph\">{\"@context\":\"https:\/\/schema.org\",\"@graph\":[{\"@type\":\"WebPage\",\"@id\":\"https:\/\/www.elementvape.de\/produkt\/elf-box-digital-12000-vape-mixed-fruit-probieren-sie-im-grosshandel-vorzugspreis-ab-werk\/\",\"url\":\"https:\/\/www.elementvape.de\/produkt\/elf-box-digital-12000-vape-mixed-fruit-probieren-sie-im-grosshandel-vorzugspreis-ab-werk\/\",\"name\":\"ELF BOX Digital 12000 vape Mixed Fruit Probieren Sie im Gro\u00dfhandel Vorzugspreis ab Werk | ElementVape.de\",\"isPartOf\":{\"@id\":\"https:\/\/www.elementvape.de\/#website\"},\"primaryImageOfPage\":{\"@id\":\"https:\/\/www.elementvape.de\/produkt\/elf-box-digital-12000-vape-mixed-fruit-probieren-sie-im-grosshandel-vorzugspreis-ab-werk\/#primaryimage\"},\"image\":{\"@id\":\"https:\/\/www.elementvape.de\/produkt\/elf-box-digital-12000-vape-mixed-fruit-probieren-sie-im-grosshandel-vorzugspreis-ab-werk\/#primaryimage\"},\"thumbnailUrl\":\"https:\/\/www.elementvape.de\/wp-content\/uploads\/2024\/08\/Mixed-Fruit-\u6df7\u5408\u6c34\u679c.jpg\",\"datePublished\":\"2024-08-06T08:26:39+00:00\",\"dateModified\":\"2024-12-12T06:35:10+00:00\",\"description\":\"Wir bieten ELF BOX Digital 12000 vape Mixed Fruit Probieren Sie im Gro\u00dfhandel Vorzugspreis ab Werk , Elementvape.de akzeptieren Gro\u00df-und Einzelhandel Bestellungen.\",\"breadcrumb\":{\"@id\":\"https:\/\/www.elementvape.de\/produkt\/elf-box-digital-12000-vape-mixed-fruit-probieren-sie-im-grosshandel-vorzugspreis-ab-werk\/#breadcrumb\"},\"inLanguage\":\"fi\",\"potentialAction\":[{\"@type\":\"ReadAction\",\"target\":[\"https:\/\/www.elementvape.de\/produkt\/elf-box-digital-12000-vape-mixed-fruit-probieren-sie-im-grosshandel-vorzugspreis-ab-werk\/\"]}]},{\"@type\":\"ImageObject\",\"inLanguage\":\"fi\",\"@id\":\"https:\/\/www.elementvape.de\/produkt\/elf-box-digital-12000-vape-mixed-fruit-probieren-sie-im-grosshandel-vorzugspreis-ab-werk\/#primaryimage\",\"url\":\"https:\/\/www.elementvape.de\/wp-content\/uploads\/2024\/08\/Mixed-Fruit-\u6df7\u5408\u6c34\u679c.jpg\",\"contentUrl\":\"https:\/\/www.elementvape.de\/wp-content\/uploads\/2024\/08\/Mixed-Fruit-\u6df7\u5408\u6c34\u679c.jpg\",\"width\":1000,\"height\":1000,\"caption\":\"Mixed Fruit\"},{\"@type\":\"BreadcrumbList\",\"@id\":\"https:\/\/www.elementvape.de\/produkt\/elf-box-digital-12000-vape-mixed-fruit-probieren-sie-im-grosshandel-vorzugspreis-ab-werk\/#breadcrumb\",\"itemListElement\":[{\"@type\":\"ListItem\",\"position\":1,\"name\":\"Home\",\"item\":\"https:\/\/www.elementvape.de\/\"},{\"@type\":\"ListItem\",\"position\":2,\"name\":\"Shop\",\"item\":\"https:\/\/www.elementvape.de\/shop\/\"},{\"@type\":\"ListItem\",\"position\":3,\"name\":\"ELF BOX Digital 12000 vape Mixed Fruit Probieren Sie im Gro\u00dfhandel Vorzugspreis ab Werk\"}]},{\"@type\":\"WebSite\",\"@id\":\"https:\/\/www.elementvape.de\/#website\",\"url\":\"https:\/\/www.elementvape.de\/\",\"name\":\"ElementVape.de\",\"description\":\"\",\"publisher\":{\"@id\":\"https:\/\/www.elementvape.de\/#organization\"},\"potentialAction\":[{\"@type\":\"SearchAction\",\"target\":{\"@type\":\"EntryPoint\",\"urlTemplate\":\"https:\/\/www.elementvape.de\/?s={search_term_string}\"},\"query-input\":\"required name=search_term_string\"}],\"inLanguage\":\"fi\"},{\"@type\":\"Organization\",\"@id\":\"https:\/\/www.elementvape.de\/#organization\",\"name\":\"ElementVape.DE\",\"url\":\"https:\/\/www.elementvape.de\/\",\"logo\":{\"@type\":\"ImageObject\",\"inLanguage\":\"fi\",\"@id\":\"https:\/\/www.elementvape.de\/#\/schema\/logo\/image\/\",\"url\":\"https:\/\/www.elementvape.de\/wp-content\/uploads\/2024\/09\/cropped-1elementvape-3.png\",\"contentUrl\":\"https:\/\/www.elementvape.de\/wp-content\/uploads\/2024\/09\/cropped-1elementvape-3.png\",\"width\":285,\"height\":228,\"caption\":\"ElementVape.DE\"},\"image\":{\"@id\":\"https:\/\/www.elementvape.de\/#\/schema\/logo\/image\/\"}}]}<\/script>\n<!-- \/ Yoast SEO plugin. -->","yoast_head_json":{"title":"ELF BOX Digital 12000 vape Mixed Fruit Probieren Sie im Gro\u00dfhandel Vorzugspreis ab Werk | ElementVape.de","description":"Wir bieten ELF BOX Digital 12000 vape Mixed Fruit Probieren Sie im Gro\u00dfhandel Vorzugspreis ab Werk , Elementvape.de akzeptieren Gro\u00df-und Einzelhandel Bestellungen.","robots":{"index":"index","follow":"follow","max-snippet":"max-snippet:-1","max-image-preview":"max-image-preview:large","max-video-preview":"max-video-preview:-1"},"canonical":"https:\/\/www.elementvape.de\/fi\/produkt\/elf-box-digital-12000-vape-mixed-fruit-probieren-sie-im-grosshandel-vorzugspreis-ab-werk\/","og_locale":"fi_FI","og_type":"article","og_title":"ELF BOX Digital 12000 vape Mixed Fruit Probieren Sie im Gro\u00dfhandel Vorzugspreis ab Werk | ElementVape.de","og_description":"Wir bieten ELF BOX Digital 12000 vape Mixed Fruit Probieren Sie im Gro\u00dfhandel Vorzugspreis ab Werk , Elementvape.de akzeptieren Gro\u00df-und Einzelhandel Bestellungen.","og_url":"https:\/\/www.elementvape.de\/fi\/produkt\/elf-box-digital-12000-vape-mixed-fruit-probieren-sie-im-grosshandel-vorzugspreis-ab-werk\/","og_site_name":"ElementVape.de","article_modified_time":"2024-12-12T06:35:10+00:00","og_image":[{"width":1000,"height":1000,"url":"https:\/\/www.elementvape.de\/wp-content\/uploads\/2024\/08\/Mixed-Fruit-\u6df7\u5408\u6c34\u679c.jpg","type":"image\/jpeg"}],"twitter_card":"summary_large_image","twitter_misc":{"Est. reading time":"2 minuuttia"},"schema":{"@context":"https:\/\/schema.org","@graph":[{"@type":"WebPage","@id":"https:\/\/www.elementvape.de\/produkt\/elf-box-digital-12000-vape-mixed-fruit-probieren-sie-im-grosshandel-vorzugspreis-ab-werk\/","url":"https:\/\/www.elementvape.de\/produkt\/elf-box-digital-12000-vape-mixed-fruit-probieren-sie-im-grosshandel-vorzugspreis-ab-werk\/","name":"ELF BOX Digital 12000 vape Mixed Fruit Probieren Sie im Gro\u00dfhandel Vorzugspreis ab Werk | ElementVape.de","isPartOf":{"@id":"https:\/\/www.elementvape.de\/#website"},"primaryImageOfPage":{"@id":"https:\/\/www.elementvape.de\/produkt\/elf-box-digital-12000-vape-mixed-fruit-probieren-sie-im-grosshandel-vorzugspreis-ab-werk\/#primaryimage"},"image":{"@id":"https:\/\/www.elementvape.de\/produkt\/elf-box-digital-12000-vape-mixed-fruit-probieren-sie-im-grosshandel-vorzugspreis-ab-werk\/#primaryimage"},"thumbnailUrl":"https:\/\/www.elementvape.de\/wp-content\/uploads\/2024\/08\/Mixed-Fruit-\u6df7\u5408\u6c34\u679c.jpg","datePublished":"2024-08-06T08:26:39+00:00","dateModified":"2024-12-12T06:35:10+00:00","description":"Wir bieten ELF BOX Digital 12000 vape Mixed Fruit Probieren Sie im Gro\u00dfhandel Vorzugspreis ab Werk , Elementvape.de akzeptieren Gro\u00df-und Einzelhandel Bestellungen.","breadcrumb":{"@id":"https:\/\/www.elementvape.de\/produkt\/elf-box-digital-12000-vape-mixed-fruit-probieren-sie-im-grosshandel-vorzugspreis-ab-werk\/#breadcrumb"},"inLanguage":"fi","potentialAction":[{"@type":"ReadAction","target":["https:\/\/www.elementvape.de\/produkt\/elf-box-digital-12000-vape-mixed-fruit-probieren-sie-im-grosshandel-vorzugspreis-ab-werk\/"]}]},{"@type":"ImageObject","inLanguage":"fi","@id":"https:\/\/www.elementvape.de\/produkt\/elf-box-digital-12000-vape-mixed-fruit-probieren-sie-im-grosshandel-vorzugspreis-ab-werk\/#primaryimage","url":"https:\/\/www.elementvape.de\/wp-content\/uploads\/2024\/08\/Mixed-Fruit-\u6df7\u5408\u6c34\u679c.jpg","contentUrl":"https:\/\/www.elementvape.de\/wp-content\/uploads\/2024\/08\/Mixed-Fruit-\u6df7\u5408\u6c34\u679c.jpg","width":1000,"height":1000,"caption":"Mixed Fruit"},{"@type":"BreadcrumbList","@id":"https:\/\/www.elementvape.de\/produkt\/elf-box-digital-12000-vape-mixed-fruit-probieren-sie-im-grosshandel-vorzugspreis-ab-werk\/#breadcrumb","itemListElement":[{"@type":"ListItem","position":1,"name":"Home","item":"https:\/\/www.elementvape.de\/"},{"@type":"ListItem","position":2,"name":"Shop","item":"https:\/\/www.elementvape.de\/shop\/"},{"@type":"ListItem","position":3,"name":"ELF BOX Digital 12000 vape Mixed Fruit Probieren Sie im Gro\u00dfhandel Vorzugspreis ab Werk"}]},{"@type":"WebSite","@id":"https:\/\/www.elementvape.de\/#website","url":"https:\/\/www.elementvape.de\/","name":"ElementVape.de","description":"","publisher":{"@id":"https:\/\/www.elementvape.de\/#organization"},"potentialAction":[{"@type":"SearchAction","target":{"@type":"EntryPoint","urlTemplate":"https:\/\/www.elementvape.de\/?s={search_term_string}"},"query-input":"required name=search_term_string"}],"inLanguage":"fi"},{"@type":"Organization","@id":"https:\/\/www.elementvape.de\/#organization","name":"ElementVape.DE","url":"https:\/\/www.elementvape.de\/","logo":{"@type":"ImageObject","inLanguage":"fi","@id":"https:\/\/www.elementvape.de\/#\/schema\/logo\/image\/","url":"https:\/\/www.elementvape.de\/wp-content\/uploads\/2024\/09\/cropped-1elementvape-3.png","contentUrl":"https:\/\/www.elementvape.de\/wp-content\/uploads\/2024\/09\/cropped-1elementvape-3.png","width":285,"height":228,"caption":"ElementVape.DE"},"image":{"@id":"https:\/\/www.elementvape.de\/#\/schema\/logo\/image\/"}}]}},"_links":{"self":[{"href":"https:\/\/www.elementvape.de\/fi\/wp-json\/wp\/v2\/product\/13669"}],"collection":[{"href":"https:\/\/www.elementvape.de\/fi\/wp-json\/wp\/v2\/product"}],"about":[{"href":"https:\/\/www.elementvape.de\/fi\/wp-json\/wp\/v2\/types\/product"}],"wp:featuredmedia":[{"embeddable":true,"href":"https:\/\/www.elementvape.de\/fi\/wp-json\/wp\/v2\/media\/13670"}],"wp:attachment":[{"href":"https:\/\/www.elementvape.de\/fi\/wp-json\/wp\/v2\/media?parent=13669"}],"wp:term":[{"taxonomy":"product_cat","embeddable":true,"href":"https:\/\/www.elementvape.de\/fi\/wp-json\/wp\/v2\/product_cat?post=13669"},{"taxonomy":"product_tag","embeddable":true,"href":"https:\/\/www.elementvape.de\/fi\/wp-json\/wp\/v2\/product_tag?post=13669"}],"curies":[{"name":"wp","href":"https:\/\/api.w.org\/{rel}","templated":true}]}}