{"id":13306,"date":"2024-06-27T06:11:08","date_gmt":"2024-06-27T06:11:08","guid":{"rendered":"https:\/\/www.elementvape.de\/?post_type=product&#038;p=13306"},"modified":"2024-09-12T10:28:46","modified_gmt":"2024-09-12T10:28:46","slug":"uwell-caliburn-explorer-pod-system-kit","status":"publish","type":"product","link":"https:\/\/www.elementvape.de\/fi\/produkt\/uwell-caliburn-explorer-pod-system-kit\/","title":{"rendered":"Uwell Caliburn Explorer -kapselij\u00e4rjestelm\u00e4paketti"},"content":{"rendered":"<h3>UWELL Caliburn Explorer Pod System Kit \u2013 Innovatiivista Kaksoiskierukka-h\u00f6yryttely\u00e4<\/h3>\n<p><strong>elementvape<\/strong> tarjoaa UWELL Caliburn Explorer Pod System Kitin, edistyksellisen pod-j\u00e4rjestelm\u00e4n innovatiivisella kaksoiskierukkamekanismilla. T\u00e4m\u00e4 <strong><a href=\"https:\/\/www.elementvape.de\/fi\/c\/pod\/\">Pod<\/a><\/strong>-j\u00e4rjestelm\u00e4 on ihanteellinen h\u00f6yryttelij\u00f6ille, jotka etsiv\u00e4t personoitua ja intensiivist\u00e4 h\u00f6yryttelykokemusta.<\/p>\n<h3>P\u00e4\u00e4ominaisuudet ja toiminnot<\/h3>\n<p><strong>Kaksoiskierukkatila:<\/strong> UWELL Caliburn Explorer on ensimm\u00e4inen pod-j\u00e4rjestelm\u00e4, jossa on kaksoiskierukkamekanismi, joka toimii kahdella 0,8-\u03a9-kierukalla ja saavuttaa maksimaalisen tehon 32 W. T\u00e4m\u00e4n avulla voit nauttia kahdesta mausta samanaikaisesti jokaisella henk\u00e4yksell\u00e4.<\/p>\n<p><strong>Kolme toimintatilaa:<\/strong><\/p>\n<ul>\n<li><strong>Kaksoiskierukkatila:<\/strong> Koe kaksi makua samanaikaisesti.<\/li>\n<li><strong>Vasen tai oikea kierukkatila:<\/strong> Kokeile mehun makua eri teholla, joko vain vasemmasta tai oikeasta kierukasta.<\/li>\n<li><strong>Vaihtoehtotila:<\/strong> Maku vaihtuu automaattisesti jokaisella henk\u00e4yksell\u00e4 kahden kierukan v\u00e4lill\u00e4.<\/li>\n<\/ul>\n<p><strong>Pitk\u00e4 akunkesto:<\/strong> 1000 mAh:n akkukapasiteetti takaa pidemm\u00e4n h\u00f6yryttelykokemuksen ilman tihe\u00e4\u00e4 lataamista.<\/p>\n<p><strong>Suuri E-neste kapasiteetti:<\/strong> 4 ml:n kapasiteetilla (TPD-yhteensopiva 2 ml) s\u00e4ili\u00f6 tarjoaa enemm\u00e4n imuja ilman tihe\u00e4\u00e4 t\u00e4ytt\u00e4mist\u00e4.<\/p>\n<p><strong>Yksinkertainen ja intuitiivinen muotoilu:<\/strong> Laitteessa on 4-lehtinen apilanmuotoinen valikkopainike, joka helpottaa eri tilojen v\u00e4lill\u00e4 vaihtamista ja kelojen aktivointia.<\/p>\n<h3>Tekniset tiedot<\/h3>\n<p><strong>Materiaalit:<\/strong><\/p>\n<ul>\n<li><strong>Patruuna:<\/strong> PCTG<\/li>\n<li><strong>Laite:<\/strong> Alumiiniseos<\/li>\n<\/ul>\n<p><strong>Mitat:<\/strong><\/p>\n<ul>\n<li><strong>Koko:<\/strong> 128,1 mm x 26 mm x 14,6 mm<\/li>\n<li><strong>Nettopaino:<\/strong> Noin 55 g<\/li>\n<\/ul>\n<p><strong>E-liquidi-kapasiteetti:<\/strong><\/p>\n<ul>\n<li>4 ml (2 ml TPD-yhteensopiva)<\/li>\n<\/ul>\n<p><strong>L\u00e4ht\u00f6teho:<\/strong><\/p>\n<ul>\n<li>Enint\u00e4\u00e4n 32 W<\/li>\n<\/ul>\n<p><strong>Akkukapasiteetti:<\/strong><\/p>\n<ul>\n<li>1000 mAh<\/li>\n<\/ul>\n<p><strong>K\u00e4\u00e4min tekniset tiedot:<\/strong><\/p>\n<ul>\n<li>FeCrAl UN2 Meshed 0,8 \u03a9 CALIBURN G -kela<\/li>\n<li>FeCrAl UN2 Meshed 1,2 \u03a9 CALIBURN G2 -kela<\/li>\n<\/ul>\n<h3>Pakkauksen sis\u00e4lt\u00f6<\/h3>\n<ul>\n<li>1 \u00d7 CALIBURN EXPLORER -laite<\/li>\n<li>1 \u00d7 CALIBURN EXPLORER -tyhj\u00e4 patruuna<\/li>\n<li>1 \u00d7 Meshed 0,8 \u03a9 CALIBURN G -kela (esiasennettu)<\/li>\n<li>1 \u00d7 Meshed 1,2 \u03a9 CALIBURN G2 -kela (esiasennettu)<\/li>\n<li>1 \u00d7 Meshed 0,8 \u03a9 CALIBURN G -kela (varakappale)<\/li>\n<li>1 \u00d7 Meshed 1,2 \u03a9 CALIBURN G2 -kela (varakappale)<\/li>\n<li>1 \u00d7 Type-C-latauskaapeli<\/li>\n<li>1 \u00d7 K\u00e4ytt\u00f6opas<\/li>\n<\/ul>\n<p>UWELL Caliburn Explorer Pod System Kit tarjoaa innovatiivisen ja yksil\u00f6llisen h\u00f6yrytyskokemuksen kaksoiskierukkamekanisminsa ja eri toimintojensa ansiosta. Pitk\u00e4n akunkeston, suuren e-neste kapasiteetin ja k\u00e4ytt\u00e4j\u00e4yst\u00e4v\u00e4llisen muotoilun ansiosta se on ihanteellinen sek\u00e4 aloittelijoille ett\u00e4 kokeneille h\u00f6yrytt\u00e4jille. Osta UWELL Caliburn Explorer Kit osoitteesta <strong>elementvape<\/strong> ja koe h\u00f6yry\u00e4misen tulevaisuus.<\/p>","protected":false},"excerpt":{"rendered":"<p>UWELL Caliburn Explorer Pod System Kit \u2013 Innovatives Dual-Coil-Dampfen elementvape bietet das UWELL Caliburn Explorer Pod System Kit, ein fortschrittliches Pod-System mit innovativem Dual-Coil-Mechanismus. Dieses Pod-System ist ideal f\u00fcr Dampfer, die ein personalisiertes und intensives Dampferlebnis suchen. Hauptmerkmale und Funktionen Dual-Coil-Modus: Der UWELL Caliburn Explorer ist das erste Pod-System mit einem Dual-Coil-Mechanismus, der mit zwei [&hellip;]<\/p>","protected":false},"featured_media":13307,"template":"","meta":{"inline_featured_image":false},"product_cat":[747,740,734,753,76],"product_tag":[],"tiered_pricing_type":"fixed","tiered_pricing_fixed_rules":[],"tiered_pricing_percentage_rules":[],"tiered_pricing_minimum":1,"_administrator_tiered_pricing_type":"fixed","_administrator_tiered_pricing_fixed_rules":[],"_editor_tiered_pricing_type":"fixed","_editor_tiered_pricing_fixed_rules":[],"_author_tiered_pricing_type":"fixed","_author_tiered_pricing_fixed_rules":[],"_contributor_tiered_pricing_type":"fixed","_contributor_tiered_pricing_fixed_rules":[],"_subscriber_tiered_pricing_type":"fixed","_subscriber_tiered_pricing_fixed_rules":[],"_customer_tiered_pricing_type":"fixed","_customer_tiered_pricing_fixed_rules":[],"_shop_manager_tiered_pricing_type":"fixed","_shop_manager_tiered_pricing_fixed_rules":[],"_wpseo_manager_tiered_pricing_type":"fixed","_wpseo_manager_tiered_pricing_fixed_rules":[],"_wpseo_editor_tiered_pricing_type":"fixed","_wpseo_editor_tiered_pricing_fixed_rules":[],"_wholesale_customer_tiered_pricing_type":"fixed","_wholesale_customer_tiered_pricing_fixed_rules":[],"_marketer_tiered_pricing_type":"fixed","_marketer_tiered_pricing_fixed_rules":[],"_sales_manager_tiered_pricing_type":"fixed","_sales_manager_tiered_pricing_fixed_rules":[],"_sales_rep_tiered_pricing_type":"fixed","_sales_rep_tiered_pricing_fixed_rules":[],"yoast_head":"<!-- This site is optimized with the Yoast SEO plugin v23.3 - https:\/\/yoast.com\/wordpress\/plugins\/seo\/ -->\n<title>Uwell Caliburn Explorer Pod System Kit | ElementVape.de<\/title>\n<meta name=\"description\" content=\"Wir bieten Uwell Caliburn Explorer Pod System Kit , Elementvape.de akzeptieren Gro\u00df-und Einzelhandel Bestellungen.\" \/>\n<meta name=\"robots\" content=\"index, follow, max-snippet:-1, max-image-preview:large, max-video-preview:-1\" \/>\n<link rel=\"canonical\" href=\"https:\/\/www.elementvape.de\/fi\/produkt\/uwell-caliburn-explorer-pod-system-kit\/\" \/>\n<meta property=\"og:locale\" content=\"fi_FI\" \/>\n<meta property=\"og:type\" content=\"article\" \/>\n<meta property=\"og:title\" content=\"Uwell Caliburn Explorer Pod System Kit | ElementVape.de\" \/>\n<meta property=\"og:description\" content=\"Wir bieten Uwell Caliburn Explorer Pod System Kit , Elementvape.de akzeptieren Gro\u00df-und Einzelhandel Bestellungen.\" \/>\n<meta property=\"og:url\" content=\"https:\/\/www.elementvape.de\/fi\/produkt\/uwell-caliburn-explorer-pod-system-kit\/\" \/>\n<meta property=\"og:site_name\" content=\"ElementVape.de\" \/>\n<meta property=\"article:modified_time\" content=\"2024-09-12T10:28:46+00:00\" \/>\n<meta property=\"og:image\" content=\"https:\/\/www.elementvape.de\/wp-content\/uploads\/2024\/06\/Uwell-Caliburn-Explorer-Pod-System-Kits.webp\" \/>\n\t<meta property=\"og:image:width\" content=\"800\" \/>\n\t<meta property=\"og:image:height\" content=\"800\" \/>\n\t<meta property=\"og:image:type\" content=\"image\/webp\" \/>\n<meta name=\"twitter:card\" content=\"summary_large_image\" \/>\n<meta name=\"twitter:label1\" content=\"Est. reading time\" \/>\n\t<meta name=\"twitter:data1\" content=\"2 minuuttia\" \/>\n<script type=\"application\/ld+json\" class=\"yoast-schema-graph\">{\"@context\":\"https:\/\/schema.org\",\"@graph\":[{\"@type\":\"WebPage\",\"@id\":\"https:\/\/www.elementvape.de\/produkt\/uwell-caliburn-explorer-pod-system-kit\/\",\"url\":\"https:\/\/www.elementvape.de\/produkt\/uwell-caliburn-explorer-pod-system-kit\/\",\"name\":\"Uwell Caliburn Explorer Pod System Kit | ElementVape.de\",\"isPartOf\":{\"@id\":\"https:\/\/www.elementvape.de\/#website\"},\"primaryImageOfPage\":{\"@id\":\"https:\/\/www.elementvape.de\/produkt\/uwell-caliburn-explorer-pod-system-kit\/#primaryimage\"},\"image\":{\"@id\":\"https:\/\/www.elementvape.de\/produkt\/uwell-caliburn-explorer-pod-system-kit\/#primaryimage\"},\"thumbnailUrl\":\"https:\/\/www.elementvape.de\/wp-content\/uploads\/2024\/06\/Uwell-Caliburn-Explorer-Pod-System-Kits.webp\",\"datePublished\":\"2024-06-27T06:11:08+00:00\",\"dateModified\":\"2024-09-12T10:28:46+00:00\",\"description\":\"Wir bieten Uwell Caliburn Explorer Pod System Kit , Elementvape.de akzeptieren Gro\u00df-und Einzelhandel Bestellungen.\",\"breadcrumb\":{\"@id\":\"https:\/\/www.elementvape.de\/produkt\/uwell-caliburn-explorer-pod-system-kit\/#breadcrumb\"},\"inLanguage\":\"fi\",\"potentialAction\":[{\"@type\":\"ReadAction\",\"target\":[\"https:\/\/www.elementvape.de\/produkt\/uwell-caliburn-explorer-pod-system-kit\/\"]}]},{\"@type\":\"ImageObject\",\"inLanguage\":\"fi\",\"@id\":\"https:\/\/www.elementvape.de\/produkt\/uwell-caliburn-explorer-pod-system-kit\/#primaryimage\",\"url\":\"https:\/\/www.elementvape.de\/wp-content\/uploads\/2024\/06\/Uwell-Caliburn-Explorer-Pod-System-Kits.webp\",\"contentUrl\":\"https:\/\/www.elementvape.de\/wp-content\/uploads\/2024\/06\/Uwell-Caliburn-Explorer-Pod-System-Kits.webp\",\"width\":800,\"height\":800,\"caption\":\"Uwell-Caliburn-Explorer-Pod-System-Kits\"},{\"@type\":\"BreadcrumbList\",\"@id\":\"https:\/\/www.elementvape.de\/produkt\/uwell-caliburn-explorer-pod-system-kit\/#breadcrumb\",\"itemListElement\":[{\"@type\":\"ListItem\",\"position\":1,\"name\":\"Home\",\"item\":\"https:\/\/www.elementvape.de\/\"},{\"@type\":\"ListItem\",\"position\":2,\"name\":\"Shop\",\"item\":\"https:\/\/www.elementvape.de\/shop\/\"},{\"@type\":\"ListItem\",\"position\":3,\"name\":\"Uwell Caliburn Explorer Pod System Kit\"}]},{\"@type\":\"WebSite\",\"@id\":\"https:\/\/www.elementvape.de\/#website\",\"url\":\"https:\/\/www.elementvape.de\/\",\"name\":\"ElementVape.de\",\"description\":\"\",\"publisher\":{\"@id\":\"https:\/\/www.elementvape.de\/#organization\"},\"potentialAction\":[{\"@type\":\"SearchAction\",\"target\":{\"@type\":\"EntryPoint\",\"urlTemplate\":\"https:\/\/www.elementvape.de\/?s={search_term_string}\"},\"query-input\":\"required name=search_term_string\"}],\"inLanguage\":\"fi\"},{\"@type\":\"Organization\",\"@id\":\"https:\/\/www.elementvape.de\/#organization\",\"name\":\"ElementVape.DE\",\"url\":\"https:\/\/www.elementvape.de\/\",\"logo\":{\"@type\":\"ImageObject\",\"inLanguage\":\"fi\",\"@id\":\"https:\/\/www.elementvape.de\/#\/schema\/logo\/image\/\",\"url\":\"https:\/\/www.elementvape.de\/wp-content\/uploads\/2024\/09\/cropped-1elementvape-3.png\",\"contentUrl\":\"https:\/\/www.elementvape.de\/wp-content\/uploads\/2024\/09\/cropped-1elementvape-3.png\",\"width\":285,\"height\":228,\"caption\":\"ElementVape.DE\"},\"image\":{\"@id\":\"https:\/\/www.elementvape.de\/#\/schema\/logo\/image\/\"}}]}<\/script>\n<!-- \/ Yoast SEO plugin. -->","yoast_head_json":{"title":"Uwell Caliburn Explorer Pod System Kit | ElementVape.de","description":"Wir bieten Uwell Caliburn Explorer Pod System Kit , Elementvape.de akzeptieren Gro\u00df-und Einzelhandel Bestellungen.","robots":{"index":"index","follow":"follow","max-snippet":"max-snippet:-1","max-image-preview":"max-image-preview:large","max-video-preview":"max-video-preview:-1"},"canonical":"https:\/\/www.elementvape.de\/fi\/produkt\/uwell-caliburn-explorer-pod-system-kit\/","og_locale":"fi_FI","og_type":"article","og_title":"Uwell Caliburn Explorer Pod System Kit | ElementVape.de","og_description":"Wir bieten Uwell Caliburn Explorer Pod System Kit , Elementvape.de akzeptieren Gro\u00df-und Einzelhandel Bestellungen.","og_url":"https:\/\/www.elementvape.de\/fi\/produkt\/uwell-caliburn-explorer-pod-system-kit\/","og_site_name":"ElementVape.de","article_modified_time":"2024-09-12T10:28:46+00:00","og_image":[{"width":800,"height":800,"url":"https:\/\/www.elementvape.de\/wp-content\/uploads\/2024\/06\/Uwell-Caliburn-Explorer-Pod-System-Kits.webp","type":"image\/webp"}],"twitter_card":"summary_large_image","twitter_misc":{"Est. reading time":"2 minuuttia"},"schema":{"@context":"https:\/\/schema.org","@graph":[{"@type":"WebPage","@id":"https:\/\/www.elementvape.de\/produkt\/uwell-caliburn-explorer-pod-system-kit\/","url":"https:\/\/www.elementvape.de\/produkt\/uwell-caliburn-explorer-pod-system-kit\/","name":"Uwell Caliburn Explorer Pod System Kit | ElementVape.de","isPartOf":{"@id":"https:\/\/www.elementvape.de\/#website"},"primaryImageOfPage":{"@id":"https:\/\/www.elementvape.de\/produkt\/uwell-caliburn-explorer-pod-system-kit\/#primaryimage"},"image":{"@id":"https:\/\/www.elementvape.de\/produkt\/uwell-caliburn-explorer-pod-system-kit\/#primaryimage"},"thumbnailUrl":"https:\/\/www.elementvape.de\/wp-content\/uploads\/2024\/06\/Uwell-Caliburn-Explorer-Pod-System-Kits.webp","datePublished":"2024-06-27T06:11:08+00:00","dateModified":"2024-09-12T10:28:46+00:00","description":"Wir bieten Uwell Caliburn Explorer Pod System Kit , Elementvape.de akzeptieren Gro\u00df-und Einzelhandel Bestellungen.","breadcrumb":{"@id":"https:\/\/www.elementvape.de\/produkt\/uwell-caliburn-explorer-pod-system-kit\/#breadcrumb"},"inLanguage":"fi","potentialAction":[{"@type":"ReadAction","target":["https:\/\/www.elementvape.de\/produkt\/uwell-caliburn-explorer-pod-system-kit\/"]}]},{"@type":"ImageObject","inLanguage":"fi","@id":"https:\/\/www.elementvape.de\/produkt\/uwell-caliburn-explorer-pod-system-kit\/#primaryimage","url":"https:\/\/www.elementvape.de\/wp-content\/uploads\/2024\/06\/Uwell-Caliburn-Explorer-Pod-System-Kits.webp","contentUrl":"https:\/\/www.elementvape.de\/wp-content\/uploads\/2024\/06\/Uwell-Caliburn-Explorer-Pod-System-Kits.webp","width":800,"height":800,"caption":"Uwell-Caliburn-Explorer-Pod-System-Kits"},{"@type":"BreadcrumbList","@id":"https:\/\/www.elementvape.de\/produkt\/uwell-caliburn-explorer-pod-system-kit\/#breadcrumb","itemListElement":[{"@type":"ListItem","position":1,"name":"Home","item":"https:\/\/www.elementvape.de\/"},{"@type":"ListItem","position":2,"name":"Shop","item":"https:\/\/www.elementvape.de\/shop\/"},{"@type":"ListItem","position":3,"name":"Uwell Caliburn Explorer Pod System Kit"}]},{"@type":"WebSite","@id":"https:\/\/www.elementvape.de\/#website","url":"https:\/\/www.elementvape.de\/","name":"ElementVape.de","description":"","publisher":{"@id":"https:\/\/www.elementvape.de\/#organization"},"potentialAction":[{"@type":"SearchAction","target":{"@type":"EntryPoint","urlTemplate":"https:\/\/www.elementvape.de\/?s={search_term_string}"},"query-input":"required name=search_term_string"}],"inLanguage":"fi"},{"@type":"Organization","@id":"https:\/\/www.elementvape.de\/#organization","name":"ElementVape.DE","url":"https:\/\/www.elementvape.de\/","logo":{"@type":"ImageObject","inLanguage":"fi","@id":"https:\/\/www.elementvape.de\/#\/schema\/logo\/image\/","url":"https:\/\/www.elementvape.de\/wp-content\/uploads\/2024\/09\/cropped-1elementvape-3.png","contentUrl":"https:\/\/www.elementvape.de\/wp-content\/uploads\/2024\/09\/cropped-1elementvape-3.png","width":285,"height":228,"caption":"ElementVape.DE"},"image":{"@id":"https:\/\/www.elementvape.de\/#\/schema\/logo\/image\/"}}]}},"_links":{"self":[{"href":"https:\/\/www.elementvape.de\/fi\/wp-json\/wp\/v2\/product\/13306"}],"collection":[{"href":"https:\/\/www.elementvape.de\/fi\/wp-json\/wp\/v2\/product"}],"about":[{"href":"https:\/\/www.elementvape.de\/fi\/wp-json\/wp\/v2\/types\/product"}],"wp:featuredmedia":[{"embeddable":true,"href":"https:\/\/www.elementvape.de\/fi\/wp-json\/wp\/v2\/media\/13307"}],"wp:attachment":[{"href":"https:\/\/www.elementvape.de\/fi\/wp-json\/wp\/v2\/media?parent=13306"}],"wp:term":[{"taxonomy":"product_cat","embeddable":true,"href":"https:\/\/www.elementvape.de\/fi\/wp-json\/wp\/v2\/product_cat?post=13306"},{"taxonomy":"product_tag","embeddable":true,"href":"https:\/\/www.elementvape.de\/fi\/wp-json\/wp\/v2\/product_tag?post=13306"}],"curies":[{"name":"wp","href":"https:\/\/api.w.org\/{rel}","templated":true}]}}