{"id":12397,"date":"2024-06-18T07:57:34","date_gmt":"2024-06-18T07:57:34","guid":{"rendered":"https:\/\/www.elementvape.de\/?post_type=product&#038;p=12397"},"modified":"2024-09-12T10:35:58","modified_gmt":"2024-09-12T10:35:58","slug":"horizontech-binaries-th6000-einweg-e-zigarette-6000-zuege","status":"publish","type":"product","link":"https:\/\/www.elementvape.de\/fi\/produkt\/horizontech-binaries-th6000-einweg-e-zigarette-6000-zuege\/","title":{"rendered":"HorizonTech Binaries TH6000 kertak\u00e4ytt\u00f6inen E-savuke 6000 vedon"},"content":{"rendered":"<h3>HorizonTech Binaries TH6000 Tuotekuvaus<\/h3>\n<p>Se <strong>Binaries TH6000<\/strong> on korkealaatuinen <strong><a href=\"https:\/\/www.elementvape.de\/fi\/c\/einweg-zigarette\/\">kertak\u00e4ytt\u00f6inen s\u00e4hk\u00f6tupakka<\/a><\/strong> laite, joka on saatavana 30 ainutlaatuisessa makuvaihtoehdossa, jotta k\u00e4ytt\u00e4jien makuhermot voidaan hemmotella. Tyylikk\u00e4\u00e4ll\u00e4 sylinterim\u00e4isell\u00e4 muotoilulla ja 8 eri v\u00e4rivaihtoehdolla TH6000 tarjoaa paitsi houkuttelevan ulkon\u00e4\u00f6n my\u00f6s ergonomisen muodon mukavaa otetta varten.<\/p>\n<h3>P\u00e4\u00e4ominaisuudet<\/h3>\n<ol>\n<li><strong>Makuvalikoima:<\/strong> 30 ainutlaatuista makuvaihtoehtoa<\/li>\n<li><strong>V\u00e4rivaihtoehdot:<\/strong> 8 erilaista v\u00e4ri\u00e4<\/li>\n<li><strong>Design:<\/strong> Sylinterim\u00e4inen muotoilu ergonomista otetta varten<\/li>\n<li><strong>Ilmavirran s\u00e4\u00e4t\u00f6:<\/strong> Eturakenne ilmavirran s\u00e4\u00e4t\u00e4miseksi laitteen alaosassa<\/li>\n<li><strong>Turvallisuus:<\/strong> Keskus\u00e4lypiiri, jossa suojatoiminnot kuten alhainen j\u00e4nnite, h\u00f6yryn aikakatkaisu (10 sekuntia), oikosulun suoja ja ylikuumenemissuoja<\/li>\n<li><strong>Akku:<\/strong> 650 mAh uudelleenladattava akku<\/li>\n<li><strong>S\u00e4hk\u00f6savun ja akun LED-n\u00e4yt\u00f6t:<\/strong> Ilmoittaa k\u00e4yt\u00f6st\u00e4 ja lataustilasta<\/li>\n<li><strong>Sumuttimen ydin:<\/strong> Mesh-kela parannetun maun saavuttamiseksi<\/li>\n<\/ol>\n<h3>Fyysiset parametrit<\/h3>\n<ul>\n<li><strong>Mitat:<\/strong> 25,5 x 32 x 108 mm<\/li>\n<li><strong>Hengitykset:<\/strong> 6000 junaa<\/li>\n<li><strong>Nikotiinipitoisuus:<\/strong> 5 % (50 mg\/ml)<\/li>\n<li><strong>E-liquidi-kapasiteetti:<\/strong> 12 ml<\/li>\n<li><strong>Materiaalit:<\/strong> PCTG<\/li>\n<li><strong>vastus:<\/strong> 1,0 Ohm<\/li>\n<li><strong>Akkukapasiteetti:<\/strong> 650 mAh (ladattava)<\/li>\n<li><strong>Lataus:<\/strong> Typ-C-laturi (ei sis\u00e4lly toimitukseen)<\/li>\n<\/ul>\n<h3>Maku<\/h3>\n<ol>\n<li>Mansikkaj\u00e4\u00e4tel\u00f6<\/li>\n<li>Viinimarjaj\u00e4\u00e4tel\u00f6<\/li>\n<li>Banaanij\u00e4\u00e4<\/li>\n<li>Mansikka-banaani-vaahtokarkki<\/li>\n<li>Mangoj\u00e4\u00e4<\/li>\n<li>Sitruuna-sokerivattuja<\/li>\n<li>Sitruuna-marenki-torttu<\/li>\n<li>Vanilja-mansikkaj\u00e4\u00e4tel\u00f6<\/li>\n<li>Kellert\u00e4v\u00e4 karamelli<\/li>\n<li>Aprikoosi<\/li>\n<li>Mango-persikka-vaahtokarkki<\/li>\n<li>Mansikka-ananas-vaahtokarkki<\/li>\n<li>Blue Razz-limetti-vaahtokarkki<\/li>\n<li>Cantaloupe-hunajameloni<\/li>\n<li>Vesimelonij\u00e4\u00e4tel\u00f6<\/li>\n<li>Blue Razz-grapefruit-vaahtokarkki<\/li>\n<li>Ananas-appelsiinij\u00e4\u00e4tel\u00f6<\/li>\n<li>Vesimelonin-omenaj\u00e4\u00e4tel\u00f6<\/li>\n<li>Appelsiini-mango<\/li>\n<li>Vesimelonij\u00e4\u00e4tel\u00f6<\/li>\n<li>Passionhedelm\u00e4-appelsiinij\u00e4\u00e4tel\u00f6<\/li>\n<li>Appelsiini-omenaj\u00e4\u00e4tel\u00f6<\/li>\n<li>Selke\u00e4 limonadi<\/li>\n<li>Mustikkainen sitruunaj\u00e4\u00e4tel\u00f6<\/li>\n<li>Mansikkakeksit<\/li>\n<li>Vesimelonin persikka<\/li>\n<li>Selke\u00e4 mansikka<\/li>\n<li>Runsas purukumi<\/li>\n<li>Runsas kookossmoothie<\/li>\n<li>Tupakka (Selke\u00e4 tupakka, Kermaisen tupakka, Kermaisen vanilja-appelsiinij\u00e4\u00e4tel\u00f6)<\/li>\n<li>J\u00e4\u00e4hdytetty makea kerma latte<\/li>\n<\/ol>\n<h3>Pakkauksen sis\u00e4lt\u00f6<\/h3>\n<ul>\n<li>1 x HorizonTech Binaries TH6000 kertak\u00e4ytt\u00f6inen vape, 6000 puffs<\/li>\n<\/ul>\n<h3>Yhteenveto<\/h3>\n<p>Se <strong>HorizonTech Binaries TH6000<\/strong> tarjoaa korkealaatuisen h\u00f6yrystyskokemuksen vaikuttavalla makuvaihtoehtojen ja v\u00e4rien valikoimalla. Ergonominen muotoilu, s\u00e4\u00e4dett\u00e4v\u00e4 ilmavirran rakenne ja turvallisuusominaisuudet tekev\u00e4t t\u00e4st\u00e4 kertak\u00e4ytt\u00f6isest\u00e4 vape-laitteesta sek\u00e4 k\u00e4ytt\u00e4j\u00e4yst\u00e4v\u00e4llisen ett\u00e4 turvallisen. Ladattava 650-mAh akku ja 6000 puffs kapasiteetti takaavat pitk\u00e4n k\u00e4ytt\u00f6ajan, ja LED-n\u00e4yt\u00f6t ilmoittavat laitteen tilasta milloin tahansa.<\/p>","protected":false},"excerpt":{"rendered":"<p>HorizonTech Binaries TH6000 Produktbeschreibung Der Binaries TH6000 ist ein hochwertiges Einweg-E-zigarette Ger\u00e4t, das in 30 einzigartigen Geschmacksrichtungen erh\u00e4ltlich ist, um die Geschmacksnerven der Benutzer zu verw\u00f6hnen. Mit einem stilvollen zylindrischen Design und 8 verschiedenen Farboptionen bietet der TH6000 nicht nur eine ansprechende Optik, sondern auch eine ergonomische Form f\u00fcr einen bequemen Griff. Hauptmerkmale Geschmacksvielfalt: 30 [&hellip;]<\/p>","protected":false},"featured_media":12399,"template":"","meta":{"inline_featured_image":false},"product_cat":[78,754,745,742,748,744,755,738,751],"product_tag":[680],"tiered_pricing_type":"fixed","tiered_pricing_fixed_rules":[],"tiered_pricing_percentage_rules":[],"tiered_pricing_minimum":1,"_administrator_tiered_pricing_type":"fixed","_administrator_tiered_pricing_fixed_rules":[],"_editor_tiered_pricing_type":"fixed","_editor_tiered_pricing_fixed_rules":[],"_author_tiered_pricing_type":"fixed","_author_tiered_pricing_fixed_rules":[],"_contributor_tiered_pricing_type":"fixed","_contributor_tiered_pricing_fixed_rules":[],"_subscriber_tiered_pricing_type":"fixed","_subscriber_tiered_pricing_fixed_rules":[],"_customer_tiered_pricing_type":"fixed","_customer_tiered_pricing_fixed_rules":[],"_shop_manager_tiered_pricing_type":"fixed","_shop_manager_tiered_pricing_fixed_rules":[],"_wpseo_manager_tiered_pricing_type":"fixed","_wpseo_manager_tiered_pricing_fixed_rules":[],"_wpseo_editor_tiered_pricing_type":"fixed","_wpseo_editor_tiered_pricing_fixed_rules":[],"_wholesale_customer_tiered_pricing_type":"fixed","_wholesale_customer_tiered_pricing_fixed_rules":[],"_marketer_tiered_pricing_type":"fixed","_marketer_tiered_pricing_fixed_rules":[],"_sales_manager_tiered_pricing_type":"fixed","_sales_manager_tiered_pricing_fixed_rules":[],"_sales_rep_tiered_pricing_type":"fixed","_sales_rep_tiered_pricing_fixed_rules":[],"yoast_head":"<!-- This site is optimized with the Yoast SEO plugin v23.3 - https:\/\/yoast.com\/wordpress\/plugins\/seo\/ -->\n<title>HorizonTech Binaries TH6000 Einweg-E-zigarette 6000 Z\u00fcge | ElementVape.de<\/title>\n<meta name=\"description\" content=\"Wir bieten HorizonTech Binaries TH6000 Einweg-E-zigarette 6000 Z\u00fcge , Elementvape.de akzeptieren Gro\u00df-und Einzelhandel Bestellungen.\" \/>\n<meta name=\"robots\" content=\"index, follow, max-snippet:-1, max-image-preview:large, max-video-preview:-1\" \/>\n<link rel=\"canonical\" href=\"https:\/\/www.elementvape.de\/fi\/produkt\/horizontech-binaries-th6000-einweg-e-zigarette-6000-zuege\/\" \/>\n<meta property=\"og:locale\" content=\"fi_FI\" \/>\n<meta property=\"og:type\" content=\"article\" \/>\n<meta property=\"og:title\" content=\"HorizonTech Binaries TH6000 Einweg-E-zigarette 6000 Z\u00fcge | ElementVape.de\" \/>\n<meta property=\"og:description\" content=\"Wir bieten HorizonTech Binaries TH6000 Einweg-E-zigarette 6000 Z\u00fcge , Elementvape.de akzeptieren Gro\u00df-und Einzelhandel Bestellungen.\" \/>\n<meta property=\"og:url\" content=\"https:\/\/www.elementvape.de\/fi\/produkt\/horizontech-binaries-th6000-einweg-e-zigarette-6000-zuege\/\" \/>\n<meta property=\"og:site_name\" content=\"ElementVape.de\" \/>\n<meta property=\"article:modified_time\" content=\"2024-09-12T10:35:58+00:00\" \/>\n<meta property=\"og:image\" content=\"https:\/\/www.elementvape.de\/wp-content\/uploads\/2024\/06\/WatermelonPeachClear5.webp\" \/>\n\t<meta property=\"og:image:width\" content=\"800\" \/>\n\t<meta property=\"og:image:height\" content=\"800\" \/>\n\t<meta property=\"og:image:type\" content=\"image\/webp\" \/>\n<meta name=\"twitter:card\" content=\"summary_large_image\" \/>\n<meta name=\"twitter:label1\" content=\"Est. reading time\" \/>\n\t<meta name=\"twitter:data1\" content=\"2 minuuttia\" \/>\n<script type=\"application\/ld+json\" class=\"yoast-schema-graph\">{\"@context\":\"https:\/\/schema.org\",\"@graph\":[{\"@type\":\"WebPage\",\"@id\":\"https:\/\/www.elementvape.de\/nl\/produkt\/horizontech-binaries-th6000-einweg-e-zigarette-6000-zuege\/\",\"url\":\"https:\/\/www.elementvape.de\/nl\/produkt\/horizontech-binaries-th6000-einweg-e-zigarette-6000-zuege\/\",\"name\":\"HorizonTech Binaries TH6000 Einweg-E-zigarette 6000 Z\u00fcge | ElementVape.de\",\"isPartOf\":{\"@id\":\"https:\/\/www.elementvape.de\/#website\"},\"primaryImageOfPage\":{\"@id\":\"https:\/\/www.elementvape.de\/nl\/produkt\/horizontech-binaries-th6000-einweg-e-zigarette-6000-zuege\/#primaryimage\"},\"image\":{\"@id\":\"https:\/\/www.elementvape.de\/nl\/produkt\/horizontech-binaries-th6000-einweg-e-zigarette-6000-zuege\/#primaryimage\"},\"thumbnailUrl\":\"https:\/\/www.elementvape.de\/wp-content\/uploads\/2024\/06\/WatermelonPeachClear5.webp\",\"datePublished\":\"2024-06-18T07:57:34+00:00\",\"dateModified\":\"2024-09-12T10:35:58+00:00\",\"description\":\"Wir bieten HorizonTech Binaries TH6000 Einweg-E-zigarette 6000 Z\u00fcge , Elementvape.de akzeptieren Gro\u00df-und Einzelhandel Bestellungen.\",\"breadcrumb\":{\"@id\":\"https:\/\/www.elementvape.de\/nl\/produkt\/horizontech-binaries-th6000-einweg-e-zigarette-6000-zuege\/#breadcrumb\"},\"inLanguage\":\"fi\",\"potentialAction\":[{\"@type\":\"ReadAction\",\"target\":[\"https:\/\/www.elementvape.de\/nl\/produkt\/horizontech-binaries-th6000-einweg-e-zigarette-6000-zuege\/\"]}]},{\"@type\":\"ImageObject\",\"inLanguage\":\"fi\",\"@id\":\"https:\/\/www.elementvape.de\/nl\/produkt\/horizontech-binaries-th6000-einweg-e-zigarette-6000-zuege\/#primaryimage\",\"url\":\"https:\/\/www.elementvape.de\/wp-content\/uploads\/2024\/06\/WatermelonPeachClear5.webp\",\"contentUrl\":\"https:\/\/www.elementvape.de\/wp-content\/uploads\/2024\/06\/WatermelonPeachClear5.webp\",\"width\":800,\"height\":800,\"caption\":\"WatermelonPeachClear5\"},{\"@type\":\"BreadcrumbList\",\"@id\":\"https:\/\/www.elementvape.de\/nl\/produkt\/horizontech-binaries-th6000-einweg-e-zigarette-6000-zuege\/#breadcrumb\",\"itemListElement\":[{\"@type\":\"ListItem\",\"position\":1,\"name\":\"Home\",\"item\":\"https:\/\/www.elementvape.de\/\"},{\"@type\":\"ListItem\",\"position\":2,\"name\":\"Shop\",\"item\":\"https:\/\/www.elementvape.de\/shop\/\"},{\"@type\":\"ListItem\",\"position\":3,\"name\":\"HorizonTech Binaries TH6000 Einweg-E-zigarette 6000 Z\u00fcge\"}]},{\"@type\":\"WebSite\",\"@id\":\"https:\/\/www.elementvape.de\/#website\",\"url\":\"https:\/\/www.elementvape.de\/\",\"name\":\"ElementVape.de\",\"description\":\"\",\"publisher\":{\"@id\":\"https:\/\/www.elementvape.de\/#organization\"},\"potentialAction\":[{\"@type\":\"SearchAction\",\"target\":{\"@type\":\"EntryPoint\",\"urlTemplate\":\"https:\/\/www.elementvape.de\/?s={search_term_string}\"},\"query-input\":\"required name=search_term_string\"}],\"inLanguage\":\"fi\"},{\"@type\":\"Organization\",\"@id\":\"https:\/\/www.elementvape.de\/#organization\",\"name\":\"ElementVape.DE\",\"url\":\"https:\/\/www.elementvape.de\/\",\"logo\":{\"@type\":\"ImageObject\",\"inLanguage\":\"fi\",\"@id\":\"https:\/\/www.elementvape.de\/#\/schema\/logo\/image\/\",\"url\":\"https:\/\/www.elementvape.de\/wp-content\/uploads\/2024\/09\/cropped-1elementvape-3.png\",\"contentUrl\":\"https:\/\/www.elementvape.de\/wp-content\/uploads\/2024\/09\/cropped-1elementvape-3.png\",\"width\":285,\"height\":228,\"caption\":\"ElementVape.DE\"},\"image\":{\"@id\":\"https:\/\/www.elementvape.de\/#\/schema\/logo\/image\/\"}}]}<\/script>\n<!-- \/ Yoast SEO plugin. -->","yoast_head_json":{"title":"HorizonTech Binaries TH6000 Einweg-E-zigarette 6000 Z\u00fcge | ElementVape.de","description":"Wir bieten HorizonTech Binaries TH6000 Einweg-E-zigarette 6000 Z\u00fcge , Elementvape.de akzeptieren Gro\u00df-und Einzelhandel Bestellungen.","robots":{"index":"index","follow":"follow","max-snippet":"max-snippet:-1","max-image-preview":"max-image-preview:large","max-video-preview":"max-video-preview:-1"},"canonical":"https:\/\/www.elementvape.de\/fi\/produkt\/horizontech-binaries-th6000-einweg-e-zigarette-6000-zuege\/","og_locale":"fi_FI","og_type":"article","og_title":"HorizonTech Binaries TH6000 Einweg-E-zigarette 6000 Z\u00fcge | ElementVape.de","og_description":"Wir bieten HorizonTech Binaries TH6000 Einweg-E-zigarette 6000 Z\u00fcge , Elementvape.de akzeptieren Gro\u00df-und Einzelhandel Bestellungen.","og_url":"https:\/\/www.elementvape.de\/fi\/produkt\/horizontech-binaries-th6000-einweg-e-zigarette-6000-zuege\/","og_site_name":"ElementVape.de","article_modified_time":"2024-09-12T10:35:58+00:00","og_image":[{"width":800,"height":800,"url":"https:\/\/www.elementvape.de\/wp-content\/uploads\/2024\/06\/WatermelonPeachClear5.webp","type":"image\/webp"}],"twitter_card":"summary_large_image","twitter_misc":{"Est. reading time":"2 minuuttia"},"schema":{"@context":"https:\/\/schema.org","@graph":[{"@type":"WebPage","@id":"https:\/\/www.elementvape.de\/nl\/produkt\/horizontech-binaries-th6000-einweg-e-zigarette-6000-zuege\/","url":"https:\/\/www.elementvape.de\/nl\/produkt\/horizontech-binaries-th6000-einweg-e-zigarette-6000-zuege\/","name":"HorizonTech Binaries TH6000 Einweg-E-zigarette 6000 Z\u00fcge | ElementVape.de","isPartOf":{"@id":"https:\/\/www.elementvape.de\/#website"},"primaryImageOfPage":{"@id":"https:\/\/www.elementvape.de\/nl\/produkt\/horizontech-binaries-th6000-einweg-e-zigarette-6000-zuege\/#primaryimage"},"image":{"@id":"https:\/\/www.elementvape.de\/nl\/produkt\/horizontech-binaries-th6000-einweg-e-zigarette-6000-zuege\/#primaryimage"},"thumbnailUrl":"https:\/\/www.elementvape.de\/wp-content\/uploads\/2024\/06\/WatermelonPeachClear5.webp","datePublished":"2024-06-18T07:57:34+00:00","dateModified":"2024-09-12T10:35:58+00:00","description":"Wir bieten HorizonTech Binaries TH6000 Einweg-E-zigarette 6000 Z\u00fcge , Elementvape.de akzeptieren Gro\u00df-und Einzelhandel Bestellungen.","breadcrumb":{"@id":"https:\/\/www.elementvape.de\/nl\/produkt\/horizontech-binaries-th6000-einweg-e-zigarette-6000-zuege\/#breadcrumb"},"inLanguage":"fi","potentialAction":[{"@type":"ReadAction","target":["https:\/\/www.elementvape.de\/nl\/produkt\/horizontech-binaries-th6000-einweg-e-zigarette-6000-zuege\/"]}]},{"@type":"ImageObject","inLanguage":"fi","@id":"https:\/\/www.elementvape.de\/nl\/produkt\/horizontech-binaries-th6000-einweg-e-zigarette-6000-zuege\/#primaryimage","url":"https:\/\/www.elementvape.de\/wp-content\/uploads\/2024\/06\/WatermelonPeachClear5.webp","contentUrl":"https:\/\/www.elementvape.de\/wp-content\/uploads\/2024\/06\/WatermelonPeachClear5.webp","width":800,"height":800,"caption":"WatermelonPeachClear5"},{"@type":"BreadcrumbList","@id":"https:\/\/www.elementvape.de\/nl\/produkt\/horizontech-binaries-th6000-einweg-e-zigarette-6000-zuege\/#breadcrumb","itemListElement":[{"@type":"ListItem","position":1,"name":"Home","item":"https:\/\/www.elementvape.de\/"},{"@type":"ListItem","position":2,"name":"Shop","item":"https:\/\/www.elementvape.de\/shop\/"},{"@type":"ListItem","position":3,"name":"HorizonTech Binaries TH6000 Einweg-E-zigarette 6000 Z\u00fcge"}]},{"@type":"WebSite","@id":"https:\/\/www.elementvape.de\/#website","url":"https:\/\/www.elementvape.de\/","name":"ElementVape.de","description":"","publisher":{"@id":"https:\/\/www.elementvape.de\/#organization"},"potentialAction":[{"@type":"SearchAction","target":{"@type":"EntryPoint","urlTemplate":"https:\/\/www.elementvape.de\/?s={search_term_string}"},"query-input":"required name=search_term_string"}],"inLanguage":"fi"},{"@type":"Organization","@id":"https:\/\/www.elementvape.de\/#organization","name":"ElementVape.DE","url":"https:\/\/www.elementvape.de\/","logo":{"@type":"ImageObject","inLanguage":"fi","@id":"https:\/\/www.elementvape.de\/#\/schema\/logo\/image\/","url":"https:\/\/www.elementvape.de\/wp-content\/uploads\/2024\/09\/cropped-1elementvape-3.png","contentUrl":"https:\/\/www.elementvape.de\/wp-content\/uploads\/2024\/09\/cropped-1elementvape-3.png","width":285,"height":228,"caption":"ElementVape.DE"},"image":{"@id":"https:\/\/www.elementvape.de\/#\/schema\/logo\/image\/"}}]}},"_links":{"self":[{"href":"https:\/\/www.elementvape.de\/fi\/wp-json\/wp\/v2\/product\/12397"}],"collection":[{"href":"https:\/\/www.elementvape.de\/fi\/wp-json\/wp\/v2\/product"}],"about":[{"href":"https:\/\/www.elementvape.de\/fi\/wp-json\/wp\/v2\/types\/product"}],"wp:featuredmedia":[{"embeddable":true,"href":"https:\/\/www.elementvape.de\/fi\/wp-json\/wp\/v2\/media\/12399"}],"wp:attachment":[{"href":"https:\/\/www.elementvape.de\/fi\/wp-json\/wp\/v2\/media?parent=12397"}],"wp:term":[{"taxonomy":"product_cat","embeddable":true,"href":"https:\/\/www.elementvape.de\/fi\/wp-json\/wp\/v2\/product_cat?post=12397"},{"taxonomy":"product_tag","embeddable":true,"href":"https:\/\/www.elementvape.de\/fi\/wp-json\/wp\/v2\/product_tag?post=12397"}],"curies":[{"name":"wp","href":"https:\/\/api.w.org\/{rel}","templated":true}]}}