{"id":12387,"date":"2024-06-18T06:55:43","date_gmt":"2024-06-18T06:55:43","guid":{"rendered":"https:\/\/www.elementvape.de\/?post_type=product&#038;p=12387"},"modified":"2024-09-12T10:35:59","modified_gmt":"2024-09-12T10:35:59","slug":"wotofo-smrt-pod-kit-2000mah","status":"publish","type":"product","link":"https:\/\/www.elementvape.de\/fi\/produkt\/wotofo-smrt-pod-kit-2000mah\/","title":{"rendered":"Wotofo SMRT Pod Kit 2000mAh"},"content":{"rendered":"<h2>Wotofo SMRT Pod Kit Tuotekuvaus<\/h2>\n<p><strong>Wotofo SMRT Pod Kit<\/strong>, pelattavin <strong><a href=\"https:\/\/www.elementvape.de\/fi\/c\/pod\/\">Pod<\/a><\/strong>-j\u00e4rjestelm\u00e4, on innovatiivinen ratkaisu, joka on suunniteltu mahdollistamaan enemm\u00e4n vuorovaikutusta <strong><a href=\"https:\/\/www.elementvape.de\/fi\/\">Vape<\/a> <\/strong>tuotteiden ja h\u00f6yrytt\u00e4jien v\u00e4lill\u00e4. Se tarjoaa yksinkertaiset uudelleenrakennusvaihtoehdot vastuksille ja on varustettu erilaisilla valmiilla lankavaihtoehdoilla, jotka tuovat iloa ja j\u00e4nnityst\u00e4 p\u00e4ivitt\u00e4in. Pakkaus on varustettu D15-vastuksella, jossa on s\u00e4\u00e4dett\u00e4v\u00e4 ilmanottoaukko pohjassa ja joka on yhteensopiva D11-, D13-, D14-, D15- sek\u00e4 PnP- ja GTX-sarjan vastusten kanssa.<\/p>\n<h3>P\u00e4\u00e4ominaisuudet<\/h3>\n<ol>\n<li><strong>Kasetin kapasiteetti:<\/strong> 4,5 ml \/ 2 ml<\/li>\n<li><strong>Vastuksen yhteensopivuus:<\/strong> Yhteensopiva D11-, D13-, D14-, D15- ja PnP-sarjan ja GTX-sarjan vastusten kanssa<\/li>\n<li><strong>S\u00e4\u00e4dett\u00e4v\u00e4 ilmanottoaukko:<\/strong> D15-vastuksen pohjassa erilaisia tarpeita varten<\/li>\n<li><strong>Uudelleenrakennettava vastussarja:<\/strong> Varustettu SMRT PnP Rebuildable Coil Kitill\u00e4 helppoa tee-se-itse-rakentelua varten<\/li>\n<li><strong>Akku:<\/strong> Sis\u00e4\u00e4nrakennettu 2000 mAh akku, l\u00e4ht\u00f6teho 5-80 W<\/li>\n<li><strong>Materiaali:<\/strong> Kevyt ja kest\u00e4v\u00e4 alumiiniseosrunko<\/li>\n<\/ol>\n<h3>Fyysiset parametrit<\/h3>\n<ul>\n<li><strong>Koko:<\/strong> 29,2 x 23,0 x 117,3 mm<\/li>\n<li><strong>Kapasiteetti:<\/strong> 4,5 ml \/ 2 ml<\/li>\n<li><strong>vastus:<\/strong> 0,2 \u03a9<\/li>\n<li><strong>Akku:<\/strong> 2000 mAh<\/li>\n<li><strong>V\u00e4rit:<\/strong> Musta, Kulta, Mustanpunainen, Mustansininen<\/li>\n<\/ul>\n<h3>Pakkauksen sis\u00e4lt\u00f6<\/h3>\n<ul>\n<li>1 x MANIK S-Akku<\/li>\n<li>1 x SMRT PnP-Podi-kartio<\/li>\n<li>1 x SMRT PnP Rebuildable Coil Kit<\/li>\n<li>1 x D15 Clapton M-kela (vaihdettavissa PnP-keloihin)<\/li>\n<li>1 x Type-C-latauskaapeli<\/li>\n<li>1 x K\u00e4ytt\u00f6ohje<\/li>\n<\/ul>\n<h3>Yksityiskohtainen kuvaus<\/h3>\n<p>Se <strong>Wotofo SMRT Pod Kit<\/strong> t\u00e4ydellinen h\u00f6yrystimille, jotka arvostavat muokattavuutta ja k\u00e4ytt\u00e4j\u00e4yst\u00e4v\u00e4llisyytt\u00e4. Rebuildable Coil Kitin avulla k\u00e4ytt\u00e4j\u00e4t voivat helposti muuttaa kelojen p\u00e4it\u00e4 ja luoda yksil\u00f6llisen h\u00f6yryst\u00e4miskokemuksen. Sis\u00e4\u00e4nrakennettu 2000 mAh akku takaa pitk\u00e4n k\u00e4ytt\u00f6ajan ja voi tuottaa tehoa 5\u201380 W, t\u00e4ytt\u00e4en erilaiset h\u00f6yrystystarpeet.<\/p>\n<p>4,5 ml kapasiteetin kartio on yhteensopiva monien kelojen kanssa, mukaan lukien suosituimmat PnP- ja GTX-sarjat. Alumiiniseoksesta valmistettu kotelo tekee laitteesta kevyen ja kest\u00e4v\u00e4n, ihanteellisen p\u00e4ivitt\u00e4iseen k\u00e4ytt\u00f6\u00f6n. D15-keloa s\u00e4\u00e4dett\u00e4v\u00e4 ilmanotto mahdollistaa k\u00e4ytt\u00e4jien s\u00e4\u00e4t\u00e4\u00e4 ilmavirtaa mieltymystens\u00e4 mukaan.<\/p>\n<h3>Yhteenveto<\/h3>\n<p>Se <strong>Wotofo SMRT Pod Kit<\/strong> tarjoaa monipuolisen ja muokattavan vaping-kokemuksen, joka sopii sek\u00e4 aloittelijoille ett\u00e4 kokeneille h\u00f6yrystimille. Vankka ja kevyt muotoilu, yhteensopivuus erilaisten kelojen kanssa ja innovatiivinen Rebuildable Coil Kit tekev\u00e4t siit\u00e4 t\u00e4ydellisen valinnan kaikille, jotka etsiv\u00e4t korkealaatuista ja joustavaa h\u00f6yryst\u00e4miskokemusta.<\/p>","protected":false},"excerpt":{"rendered":"<p>Wotofo SMRT Pod Kit Produktbeschreibung Wotofo SMRT Pod Kit, das spielbarste Pod-System, ist eine innovative L\u00f6sung, die entwickelt wurde, um mehr Interaktionen zwischen Vape Produkten und Dampfern zu erm\u00f6glichen. Es bietet einfache Umbauoptionen f\u00fcr Spulenk\u00f6pfe und ist mit verschiedenen vorgefertigten Drahtoptionen ausgestattet, die t\u00e4glich Freude und Spannung bringen. Das Kit ist mit einer D15-Spule ausgestattet, [&hellip;]<\/p>","protected":false},"featured_media":12388,"template":"","meta":{"inline_featured_image":false},"product_cat":[754,745,742,748,744,755,738,751,76],"product_tag":[],"tiered_pricing_type":"fixed","tiered_pricing_fixed_rules":[],"tiered_pricing_percentage_rules":[],"tiered_pricing_minimum":1,"_administrator_tiered_pricing_type":"fixed","_administrator_tiered_pricing_fixed_rules":[],"_editor_tiered_pricing_type":"fixed","_editor_tiered_pricing_fixed_rules":[],"_author_tiered_pricing_type":"fixed","_author_tiered_pricing_fixed_rules":[],"_contributor_tiered_pricing_type":"fixed","_contributor_tiered_pricing_fixed_rules":[],"_subscriber_tiered_pricing_type":"fixed","_subscriber_tiered_pricing_fixed_rules":[],"_customer_tiered_pricing_type":"fixed","_customer_tiered_pricing_fixed_rules":[],"_shop_manager_tiered_pricing_type":"fixed","_shop_manager_tiered_pricing_fixed_rules":[],"_wpseo_manager_tiered_pricing_type":"fixed","_wpseo_manager_tiered_pricing_fixed_rules":[],"_wpseo_editor_tiered_pricing_type":"fixed","_wpseo_editor_tiered_pricing_fixed_rules":[],"_wholesale_customer_tiered_pricing_type":"fixed","_wholesale_customer_tiered_pricing_fixed_rules":[],"_marketer_tiered_pricing_type":"fixed","_marketer_tiered_pricing_fixed_rules":[],"_sales_manager_tiered_pricing_type":"fixed","_sales_manager_tiered_pricing_fixed_rules":[],"_sales_rep_tiered_pricing_type":"fixed","_sales_rep_tiered_pricing_fixed_rules":[],"yoast_head":"<!-- This site is optimized with the Yoast SEO plugin v23.3 - https:\/\/yoast.com\/wordpress\/plugins\/seo\/ -->\n<title>Wotofo SMRT Pod Kit 2000mAh | ElementVape.de<\/title>\n<meta name=\"description\" content=\"Wir bieten Wotofo SMRT Pod Kit 2000mAh , Elementvape.de akzeptieren Gro\u00df-und Einzelhandel Bestellungen.\" \/>\n<meta name=\"robots\" content=\"index, follow, max-snippet:-1, max-image-preview:large, max-video-preview:-1\" \/>\n<link rel=\"canonical\" href=\"https:\/\/www.elementvape.de\/fi\/produkt\/wotofo-smrt-pod-kit-2000mah\/\" \/>\n<meta property=\"og:locale\" content=\"fi_FI\" \/>\n<meta property=\"og:type\" content=\"article\" \/>\n<meta property=\"og:title\" content=\"Wotofo SMRT Pod Kit 2000mAh | ElementVape.de\" \/>\n<meta property=\"og:description\" content=\"Wir bieten Wotofo SMRT Pod Kit 2000mAh , Elementvape.de akzeptieren Gro\u00df-und Einzelhandel Bestellungen.\" \/>\n<meta property=\"og:url\" content=\"https:\/\/www.elementvape.de\/fi\/produkt\/wotofo-smrt-pod-kit-2000mah\/\" \/>\n<meta property=\"og:site_name\" content=\"ElementVape.de\" \/>\n<meta property=\"article:modified_time\" content=\"2024-09-12T10:35:59+00:00\" \/>\n<meta property=\"og:image\" content=\"https:\/\/www.elementvape.de\/wp-content\/uploads\/2024\/06\/Wotofo-SMRT-Pod-Kit-2000mAh.webp\" \/>\n\t<meta property=\"og:image:width\" content=\"600\" \/>\n\t<meta property=\"og:image:height\" content=\"600\" \/>\n\t<meta property=\"og:image:type\" content=\"image\/webp\" \/>\n<meta name=\"twitter:card\" content=\"summary_large_image\" \/>\n<meta name=\"twitter:label1\" content=\"Est. reading time\" \/>\n\t<meta name=\"twitter:data1\" content=\"3 minuuttia\" \/>\n<script type=\"application\/ld+json\" class=\"yoast-schema-graph\">{\"@context\":\"https:\/\/schema.org\",\"@graph\":[{\"@type\":\"WebPage\",\"@id\":\"https:\/\/www.elementvape.de\/it\/produkt\/wotofo-smrt-pod-kit-2000mah\/\",\"url\":\"https:\/\/www.elementvape.de\/it\/produkt\/wotofo-smrt-pod-kit-2000mah\/\",\"name\":\"Wotofo SMRT Pod Kit 2000mAh | ElementVape.de\",\"isPartOf\":{\"@id\":\"https:\/\/www.elementvape.de\/#website\"},\"primaryImageOfPage\":{\"@id\":\"https:\/\/www.elementvape.de\/it\/produkt\/wotofo-smrt-pod-kit-2000mah\/#primaryimage\"},\"image\":{\"@id\":\"https:\/\/www.elementvape.de\/it\/produkt\/wotofo-smrt-pod-kit-2000mah\/#primaryimage\"},\"thumbnailUrl\":\"https:\/\/www.elementvape.de\/wp-content\/uploads\/2024\/06\/Wotofo-SMRT-Pod-Kit-2000mAh.webp\",\"datePublished\":\"2024-06-18T06:55:43+00:00\",\"dateModified\":\"2024-09-12T10:35:59+00:00\",\"description\":\"Wir bieten Wotofo SMRT Pod Kit 2000mAh , Elementvape.de akzeptieren Gro\u00df-und Einzelhandel Bestellungen.\",\"breadcrumb\":{\"@id\":\"https:\/\/www.elementvape.de\/it\/produkt\/wotofo-smrt-pod-kit-2000mah\/#breadcrumb\"},\"inLanguage\":\"fi\",\"potentialAction\":[{\"@type\":\"ReadAction\",\"target\":[\"https:\/\/www.elementvape.de\/it\/produkt\/wotofo-smrt-pod-kit-2000mah\/\"]}]},{\"@type\":\"ImageObject\",\"inLanguage\":\"fi\",\"@id\":\"https:\/\/www.elementvape.de\/it\/produkt\/wotofo-smrt-pod-kit-2000mah\/#primaryimage\",\"url\":\"https:\/\/www.elementvape.de\/wp-content\/uploads\/2024\/06\/Wotofo-SMRT-Pod-Kit-2000mAh.webp\",\"contentUrl\":\"https:\/\/www.elementvape.de\/wp-content\/uploads\/2024\/06\/Wotofo-SMRT-Pod-Kit-2000mAh.webp\",\"width\":600,\"height\":600,\"caption\":\"Wotofo-SMRT-Pod-Kit-2000mAh\"},{\"@type\":\"BreadcrumbList\",\"@id\":\"https:\/\/www.elementvape.de\/it\/produkt\/wotofo-smrt-pod-kit-2000mah\/#breadcrumb\",\"itemListElement\":[{\"@type\":\"ListItem\",\"position\":1,\"name\":\"Home\",\"item\":\"https:\/\/www.elementvape.de\/\"},{\"@type\":\"ListItem\",\"position\":2,\"name\":\"Shop\",\"item\":\"https:\/\/www.elementvape.de\/shop\/\"},{\"@type\":\"ListItem\",\"position\":3,\"name\":\"Wotofo SMRT Pod Kit 2000mAh\"}]},{\"@type\":\"WebSite\",\"@id\":\"https:\/\/www.elementvape.de\/#website\",\"url\":\"https:\/\/www.elementvape.de\/\",\"name\":\"ElementVape.de\",\"description\":\"\",\"publisher\":{\"@id\":\"https:\/\/www.elementvape.de\/#organization\"},\"potentialAction\":[{\"@type\":\"SearchAction\",\"target\":{\"@type\":\"EntryPoint\",\"urlTemplate\":\"https:\/\/www.elementvape.de\/?s={search_term_string}\"},\"query-input\":\"required name=search_term_string\"}],\"inLanguage\":\"fi\"},{\"@type\":\"Organization\",\"@id\":\"https:\/\/www.elementvape.de\/#organization\",\"name\":\"ElementVape.DE\",\"url\":\"https:\/\/www.elementvape.de\/\",\"logo\":{\"@type\":\"ImageObject\",\"inLanguage\":\"fi\",\"@id\":\"https:\/\/www.elementvape.de\/#\/schema\/logo\/image\/\",\"url\":\"https:\/\/www.elementvape.de\/wp-content\/uploads\/2024\/09\/cropped-1elementvape-3.png\",\"contentUrl\":\"https:\/\/www.elementvape.de\/wp-content\/uploads\/2024\/09\/cropped-1elementvape-3.png\",\"width\":285,\"height\":228,\"caption\":\"ElementVape.DE\"},\"image\":{\"@id\":\"https:\/\/www.elementvape.de\/#\/schema\/logo\/image\/\"}}]}<\/script>\n<!-- \/ Yoast SEO plugin. -->","yoast_head_json":{"title":"Wotofo SMRT Pod Kit 2000mAh | ElementVape.de","description":"Wir bieten Wotofo SMRT Pod Kit 2000mAh , Elementvape.de akzeptieren Gro\u00df-und Einzelhandel Bestellungen.","robots":{"index":"index","follow":"follow","max-snippet":"max-snippet:-1","max-image-preview":"max-image-preview:large","max-video-preview":"max-video-preview:-1"},"canonical":"https:\/\/www.elementvape.de\/fi\/produkt\/wotofo-smrt-pod-kit-2000mah\/","og_locale":"fi_FI","og_type":"article","og_title":"Wotofo SMRT Pod Kit 2000mAh | ElementVape.de","og_description":"Wir bieten Wotofo SMRT Pod Kit 2000mAh , Elementvape.de akzeptieren Gro\u00df-und Einzelhandel Bestellungen.","og_url":"https:\/\/www.elementvape.de\/fi\/produkt\/wotofo-smrt-pod-kit-2000mah\/","og_site_name":"ElementVape.de","article_modified_time":"2024-09-12T10:35:59+00:00","og_image":[{"width":600,"height":600,"url":"https:\/\/www.elementvape.de\/wp-content\/uploads\/2024\/06\/Wotofo-SMRT-Pod-Kit-2000mAh.webp","type":"image\/webp"}],"twitter_card":"summary_large_image","twitter_misc":{"Est. reading time":"3 minuuttia"},"schema":{"@context":"https:\/\/schema.org","@graph":[{"@type":"WebPage","@id":"https:\/\/www.elementvape.de\/it\/produkt\/wotofo-smrt-pod-kit-2000mah\/","url":"https:\/\/www.elementvape.de\/it\/produkt\/wotofo-smrt-pod-kit-2000mah\/","name":"Wotofo SMRT Pod Kit 2000mAh | ElementVape.de","isPartOf":{"@id":"https:\/\/www.elementvape.de\/#website"},"primaryImageOfPage":{"@id":"https:\/\/www.elementvape.de\/it\/produkt\/wotofo-smrt-pod-kit-2000mah\/#primaryimage"},"image":{"@id":"https:\/\/www.elementvape.de\/it\/produkt\/wotofo-smrt-pod-kit-2000mah\/#primaryimage"},"thumbnailUrl":"https:\/\/www.elementvape.de\/wp-content\/uploads\/2024\/06\/Wotofo-SMRT-Pod-Kit-2000mAh.webp","datePublished":"2024-06-18T06:55:43+00:00","dateModified":"2024-09-12T10:35:59+00:00","description":"Wir bieten Wotofo SMRT Pod Kit 2000mAh , Elementvape.de akzeptieren Gro\u00df-und Einzelhandel Bestellungen.","breadcrumb":{"@id":"https:\/\/www.elementvape.de\/it\/produkt\/wotofo-smrt-pod-kit-2000mah\/#breadcrumb"},"inLanguage":"fi","potentialAction":[{"@type":"ReadAction","target":["https:\/\/www.elementvape.de\/it\/produkt\/wotofo-smrt-pod-kit-2000mah\/"]}]},{"@type":"ImageObject","inLanguage":"fi","@id":"https:\/\/www.elementvape.de\/it\/produkt\/wotofo-smrt-pod-kit-2000mah\/#primaryimage","url":"https:\/\/www.elementvape.de\/wp-content\/uploads\/2024\/06\/Wotofo-SMRT-Pod-Kit-2000mAh.webp","contentUrl":"https:\/\/www.elementvape.de\/wp-content\/uploads\/2024\/06\/Wotofo-SMRT-Pod-Kit-2000mAh.webp","width":600,"height":600,"caption":"Wotofo-SMRT-Pod-Kit-2000mAh"},{"@type":"BreadcrumbList","@id":"https:\/\/www.elementvape.de\/it\/produkt\/wotofo-smrt-pod-kit-2000mah\/#breadcrumb","itemListElement":[{"@type":"ListItem","position":1,"name":"Home","item":"https:\/\/www.elementvape.de\/"},{"@type":"ListItem","position":2,"name":"Shop","item":"https:\/\/www.elementvape.de\/shop\/"},{"@type":"ListItem","position":3,"name":"Wotofo SMRT Pod Kit 2000mAh"}]},{"@type":"WebSite","@id":"https:\/\/www.elementvape.de\/#website","url":"https:\/\/www.elementvape.de\/","name":"ElementVape.de","description":"","publisher":{"@id":"https:\/\/www.elementvape.de\/#organization"},"potentialAction":[{"@type":"SearchAction","target":{"@type":"EntryPoint","urlTemplate":"https:\/\/www.elementvape.de\/?s={search_term_string}"},"query-input":"required name=search_term_string"}],"inLanguage":"fi"},{"@type":"Organization","@id":"https:\/\/www.elementvape.de\/#organization","name":"ElementVape.DE","url":"https:\/\/www.elementvape.de\/","logo":{"@type":"ImageObject","inLanguage":"fi","@id":"https:\/\/www.elementvape.de\/#\/schema\/logo\/image\/","url":"https:\/\/www.elementvape.de\/wp-content\/uploads\/2024\/09\/cropped-1elementvape-3.png","contentUrl":"https:\/\/www.elementvape.de\/wp-content\/uploads\/2024\/09\/cropped-1elementvape-3.png","width":285,"height":228,"caption":"ElementVape.DE"},"image":{"@id":"https:\/\/www.elementvape.de\/#\/schema\/logo\/image\/"}}]}},"_links":{"self":[{"href":"https:\/\/www.elementvape.de\/fi\/wp-json\/wp\/v2\/product\/12387"}],"collection":[{"href":"https:\/\/www.elementvape.de\/fi\/wp-json\/wp\/v2\/product"}],"about":[{"href":"https:\/\/www.elementvape.de\/fi\/wp-json\/wp\/v2\/types\/product"}],"wp:featuredmedia":[{"embeddable":true,"href":"https:\/\/www.elementvape.de\/fi\/wp-json\/wp\/v2\/media\/12388"}],"wp:attachment":[{"href":"https:\/\/www.elementvape.de\/fi\/wp-json\/wp\/v2\/media?parent=12387"}],"wp:term":[{"taxonomy":"product_cat","embeddable":true,"href":"https:\/\/www.elementvape.de\/fi\/wp-json\/wp\/v2\/product_cat?post=12387"},{"taxonomy":"product_tag","embeddable":true,"href":"https:\/\/www.elementvape.de\/fi\/wp-json\/wp\/v2\/product_tag?post=12387"}],"curies":[{"name":"wp","href":"https:\/\/api.w.org\/{rel}","templated":true}]}}