{"id":12377,"date":"2024-06-18T06:21:06","date_gmt":"2024-06-18T06:21:06","guid":{"rendered":"https:\/\/www.elementvape.de\/?post_type=product&#038;p=12377"},"modified":"2024-09-12T10:36:00","modified_gmt":"2024-09-12T10:36:00","slug":"wotofo-manik-pod-mod-kit","status":"publish","type":"product","link":"https:\/\/www.elementvape.de\/fi\/produkt\/wotofo-manik-pod-mod-kit\/","title":{"rendered":"Wotofo Manik Pod Mod Kit"},"content":{"rendered":"<div class=\"flex-shrink-0 flex flex-col relative items-end\">\n<div>\n<div class=\"pt-0.5 juice:pt-0\">\n<div class=\"gizmo-bot-avatar flex h-6 w-6 items-center justify-center overflow-hidden rounded-full juice:h-8 juice:w-8\">\n<div class=\"relative p-1 rounded-sm flex items-center justify-center bg-token-main-surface-primary text-token-text-primary h-8 w-8\"><\/div>\n<\/div>\n<\/div>\n<\/div>\n<\/div>\n<div class=\"group\/conversation-turn relative flex w-full min-w-0 flex-col agent-turn\">\n<div class=\"flex-col gap-1 md:gap-3\">\n<div class=\"flex flex-grow flex-col max-w-full\">\n<div class=\"min-h-[20px] text-message flex flex-col items-start whitespace-pre-wrap break-words [.text-message+&amp;]:mt-5 juice:w-full juice:items-end overflow-x-auto gap-2\" dir=\"auto\" data-message-author-role=\"assistant\" data-message-id=\"871d8f3c-b4aa-4fd2-8b3b-b5348a88d98c\">\n<div class=\"flex w-full flex-col gap-1 juice:empty:hidden juice:first:pt-[3px]\">\n<div class=\"markdown prose w-full break-words dark:prose-invert light\">\n<h3>Wotofo MANIK 80W Pod Mod Kit Tuotekuvaus<\/h3>\n<p>Se <strong>Wotofo MANIK 80W Pod Mod Kit<\/strong> on korkealaatuinen vaping-laite, joka koostuu sinkkiseoksesta ja nahasta nanop\u00e4\u00e4llysteell\u00e4, est\u00e4en kulumista ja korroosiota sek\u00e4 varmistaen eritt\u00e4in sile\u00e4n pinnan. Sen virheet\u00f6n peilipinta Prism Gunmetal -v\u00e4riss\u00e4 tekee Wotofo MANIK 80W <strong><a href=\"https:\/\/www.elementvape.de\/fi\/c\/pod\/\">Pod<\/a><\/strong> Kit ei ainoastaan tarjoa houkuttelevaa ulkon\u00e4k\u00f6\u00e4, vaan my\u00f6s vaikuttavaa suorituskyky\u00e4 ja toiminnallisuutta.<\/p>\n<h3>P\u00e4\u00e4ominaisuudet<\/h3>\n<ul>\n<li><strong>Materiaali:<\/strong> Sinkkiseos ja nahka nanop\u00e4\u00e4llysteell\u00e4 lis\u00e4\u00e4 kest\u00e4vyytt\u00e4 ja antaa sile\u00e4n pinnan<\/li>\n<li><strong>Viimeistely:<\/strong> Virheet\u00f6n peilipinta (Prism Gunmetal)<\/li>\n<li><strong>Piiriteknologia:<\/strong> Varustettu uudella kehitetyll\u00e4 nexCHIP:ll\u00e4, joka tarjoaa 0,001 sekunnin tulitusnopeuden<\/li>\n<li><strong>Akku:<\/strong> Toimii yhden 18650-akun kanssa, maksimiteholla 80 W (akku ei sis\u00e4lly toimitukseen)<\/li>\n<li><strong>N\u00e4ytt\u00f6:<\/strong> 0,96-tuumainen TFT-n\u00e4ytt\u00f6, jossa on 6 v\u00e4riteemaa (vaihtuu samanaikaisesti painamalla virtapainiketta ja \u201d+\u201d-painiketta)<\/li>\n<li><strong>K\u00e4ytt\u00f6:<\/strong> Asetusten lukitus ja lukituksen poisto samanaikaisesti painamalla \u201d+\u201d- ja \u201d-\u201d-painikkeita<\/li>\n<li><strong>Yhteensopivuus:<\/strong> Yhteensopiva Vaporesso- ja Voopoo-laitteiden kanssa, jotka k\u00e4ytt\u00e4v\u00e4t GTX-keloja tai PnP-keloja<\/li>\n<li><strong>Patruuna:<\/strong> Wotofo MANIK -kapseli, jonka kapasiteetti on 4,5 ml ja k\u00e4tev\u00e4 yl\u00e4t\u00e4ytt\u00f6design<\/li>\n<\/ul>\n<h3>Turvallisuusominaisuudet<\/h3>\n<ul>\n<li><strong>Matala j\u00e4nnitesignaali<\/strong><\/li>\n<li><strong>PCBA-l\u00e4mp\u00f6tilan turvakatkaisu<\/strong><\/li>\n<li><strong>Oikosulkusuoja<\/strong><\/li>\n<li><strong>Suoja matalaa vastusta vastaan<\/strong><\/li>\n<li><strong>Ylikuumenemissuoja<\/strong><\/li>\n<\/ul>\n<h3>Fyysiset parametrit<\/h3>\n<ul>\n<li><strong>Koko:<\/strong> 126 x 33 x 27 mm<\/li>\n<li><strong>Kapasiteetti:<\/strong> 4,5 ml \/ 2 ml (TPD\/UK)<\/li>\n<li><strong>vastus:<\/strong> 0,2 \u03a9<\/li>\n<li><strong>V\u00e4ri:<\/strong> Nano Gunmetal, Nano Chrome, Nano Black, Prism Gunmetal<\/li>\n<\/ul>\n<h3>Toimitussis\u00e4lt\u00f6<\/h3>\n<ul>\n<li>1 x MANIK Pod Mod -paketti<\/li>\n<li>1 x MANIK-kartio<\/li>\n<li>1 x D15 Clapton M-s\u00e4de (esiasennettu)<\/li>\n<li>1 x D14 A1 konischinen M-s\u00e4de<\/li>\n<li>1 x K\u00e4ytt\u00f6ohje<\/li>\n<li>1 x USB-latauskaapeli<\/li>\n<\/ul>\n<p>Se <strong>Wotofo MANIK 80W Pod Mod Kit<\/strong> yhdist\u00e4\u00e4 tyylikk\u00e4\u00e4n muotoilun edistykselliseen teknologiaan ja k\u00e4ytt\u00e4j\u00e4yst\u00e4v\u00e4llisyyteen. Se on t\u00e4ydellinen valinta h\u00f6yrystimille, jotka arvostavat suorituskyky\u00e4, kest\u00e4vyytt\u00e4 ja houkuttelevaa ulkon\u00e4k\u00f6\u00e4.<\/p>\n<\/div>\n<\/div>\n<\/div>\n<\/div>\n<\/div>\n<\/div>","protected":false},"excerpt":{"rendered":"<p>Wotofo MANIK 80W Pod Mod Kit Produktbeschreibung Das Wotofo MANIK 80W Pod Mod Kit ist ein hochwertiges Vaping-Ger\u00e4t, das aus Zinklegierung und Leder mit einer Nanobeschichtung besteht, um Verschlei\u00df und Korrosion zu vermeiden und eine extra glatte Oberfl\u00e4che zu gew\u00e4hrleisten. Mit seinem makellosen Spiegelfinish in Prism Gunmetal bietet das Wotofo MANIK 80W Pod Kit nicht [&hellip;]<\/p>","protected":false},"featured_media":12378,"template":"","meta":{"inline_featured_image":false},"product_cat":[754,745,742,748,744,755,738,751,77],"product_tag":[],"tiered_pricing_type":"fixed","tiered_pricing_fixed_rules":[],"tiered_pricing_percentage_rules":[],"tiered_pricing_minimum":1,"_administrator_tiered_pricing_type":"fixed","_administrator_tiered_pricing_fixed_rules":[],"_editor_tiered_pricing_type":"fixed","_editor_tiered_pricing_fixed_rules":[],"_author_tiered_pricing_type":"fixed","_author_tiered_pricing_fixed_rules":[],"_contributor_tiered_pricing_type":"fixed","_contributor_tiered_pricing_fixed_rules":[],"_subscriber_tiered_pricing_type":"fixed","_subscriber_tiered_pricing_fixed_rules":[],"_customer_tiered_pricing_type":"fixed","_customer_tiered_pricing_fixed_rules":[],"_shop_manager_tiered_pricing_type":"fixed","_shop_manager_tiered_pricing_fixed_rules":[],"_wpseo_manager_tiered_pricing_type":"fixed","_wpseo_manager_tiered_pricing_fixed_rules":[],"_wpseo_editor_tiered_pricing_type":"fixed","_wpseo_editor_tiered_pricing_fixed_rules":[],"_wholesale_customer_tiered_pricing_type":"fixed","_wholesale_customer_tiered_pricing_fixed_rules":[],"_marketer_tiered_pricing_type":"fixed","_marketer_tiered_pricing_fixed_rules":[],"_sales_manager_tiered_pricing_type":"fixed","_sales_manager_tiered_pricing_fixed_rules":[],"_sales_rep_tiered_pricing_type":"fixed","_sales_rep_tiered_pricing_fixed_rules":[],"yoast_head":"<!-- This site is optimized with the Yoast SEO plugin v23.3 - https:\/\/yoast.com\/wordpress\/plugins\/seo\/ -->\n<title>Wotofo Manik Pod Mod Kit | ElementVape.de<\/title>\n<meta name=\"description\" content=\"Wir bieten Wotofo Manik Pod Mod Kit , Elementvape.de akzeptieren Gro\u00df-und Einzelhandel Bestellungen.\" \/>\n<meta name=\"robots\" content=\"index, follow, max-snippet:-1, max-image-preview:large, max-video-preview:-1\" \/>\n<link rel=\"canonical\" href=\"https:\/\/www.elementvape.de\/fi\/produkt\/wotofo-manik-pod-mod-kit\/\" \/>\n<meta property=\"og:locale\" content=\"fi_FI\" \/>\n<meta property=\"og:type\" content=\"article\" \/>\n<meta property=\"og:title\" content=\"Wotofo Manik Pod Mod Kit | ElementVape.de\" \/>\n<meta property=\"og:description\" content=\"Wir bieten Wotofo Manik Pod Mod Kit , Elementvape.de akzeptieren Gro\u00df-und Einzelhandel Bestellungen.\" \/>\n<meta property=\"og:url\" content=\"https:\/\/www.elementvape.de\/fi\/produkt\/wotofo-manik-pod-mod-kit\/\" \/>\n<meta property=\"og:site_name\" content=\"ElementVape.de\" \/>\n<meta property=\"article:modified_time\" content=\"2024-09-12T10:36:00+00:00\" \/>\n<meta property=\"og:image\" content=\"https:\/\/www.elementvape.de\/wp-content\/uploads\/2024\/06\/Wotofo-Manik-Pod-Mod-Kit.webp\" \/>\n\t<meta property=\"og:image:width\" content=\"600\" \/>\n\t<meta property=\"og:image:height\" content=\"600\" \/>\n\t<meta property=\"og:image:type\" content=\"image\/webp\" \/>\n<meta name=\"twitter:card\" content=\"summary_large_image\" \/>\n<meta name=\"twitter:label1\" content=\"Est. reading time\" \/>\n\t<meta name=\"twitter:data1\" content=\"2 minuuttia\" \/>\n<script type=\"application\/ld+json\" class=\"yoast-schema-graph\">{\"@context\":\"https:\/\/schema.org\",\"@graph\":[{\"@type\":\"WebPage\",\"@id\":\"https:\/\/www.elementvape.de\/sv\/produkt\/wotofo-manik-pod-mod-kit\/\",\"url\":\"https:\/\/www.elementvape.de\/sv\/produkt\/wotofo-manik-pod-mod-kit\/\",\"name\":\"Wotofo Manik Pod Mod Kit | ElementVape.de\",\"isPartOf\":{\"@id\":\"https:\/\/www.elementvape.de\/#website\"},\"primaryImageOfPage\":{\"@id\":\"https:\/\/www.elementvape.de\/sv\/produkt\/wotofo-manik-pod-mod-kit\/#primaryimage\"},\"image\":{\"@id\":\"https:\/\/www.elementvape.de\/sv\/produkt\/wotofo-manik-pod-mod-kit\/#primaryimage\"},\"thumbnailUrl\":\"https:\/\/www.elementvape.de\/wp-content\/uploads\/2024\/06\/Wotofo-Manik-Pod-Mod-Kit.webp\",\"datePublished\":\"2024-06-18T06:21:06+00:00\",\"dateModified\":\"2024-09-12T10:36:00+00:00\",\"description\":\"Wir bieten Wotofo Manik Pod Mod Kit , Elementvape.de akzeptieren Gro\u00df-und Einzelhandel Bestellungen.\",\"breadcrumb\":{\"@id\":\"https:\/\/www.elementvape.de\/sv\/produkt\/wotofo-manik-pod-mod-kit\/#breadcrumb\"},\"inLanguage\":\"fi\",\"potentialAction\":[{\"@type\":\"ReadAction\",\"target\":[\"https:\/\/www.elementvape.de\/sv\/produkt\/wotofo-manik-pod-mod-kit\/\"]}]},{\"@type\":\"ImageObject\",\"inLanguage\":\"fi\",\"@id\":\"https:\/\/www.elementvape.de\/sv\/produkt\/wotofo-manik-pod-mod-kit\/#primaryimage\",\"url\":\"https:\/\/www.elementvape.de\/wp-content\/uploads\/2024\/06\/Wotofo-Manik-Pod-Mod-Kit.webp\",\"contentUrl\":\"https:\/\/www.elementvape.de\/wp-content\/uploads\/2024\/06\/Wotofo-Manik-Pod-Mod-Kit.webp\",\"width\":600,\"height\":600,\"caption\":\"Wotofo-Manik-Pod-Mod-Kit\"},{\"@type\":\"BreadcrumbList\",\"@id\":\"https:\/\/www.elementvape.de\/sv\/produkt\/wotofo-manik-pod-mod-kit\/#breadcrumb\",\"itemListElement\":[{\"@type\":\"ListItem\",\"position\":1,\"name\":\"Home\",\"item\":\"https:\/\/www.elementvape.de\/\"},{\"@type\":\"ListItem\",\"position\":2,\"name\":\"Shop\",\"item\":\"https:\/\/www.elementvape.de\/shop\/\"},{\"@type\":\"ListItem\",\"position\":3,\"name\":\"Wotofo Manik Pod Mod Kit\"}]},{\"@type\":\"WebSite\",\"@id\":\"https:\/\/www.elementvape.de\/#website\",\"url\":\"https:\/\/www.elementvape.de\/\",\"name\":\"ElementVape.de\",\"description\":\"\",\"publisher\":{\"@id\":\"https:\/\/www.elementvape.de\/#organization\"},\"potentialAction\":[{\"@type\":\"SearchAction\",\"target\":{\"@type\":\"EntryPoint\",\"urlTemplate\":\"https:\/\/www.elementvape.de\/?s={search_term_string}\"},\"query-input\":\"required name=search_term_string\"}],\"inLanguage\":\"fi\"},{\"@type\":\"Organization\",\"@id\":\"https:\/\/www.elementvape.de\/#organization\",\"name\":\"ElementVape.DE\",\"url\":\"https:\/\/www.elementvape.de\/\",\"logo\":{\"@type\":\"ImageObject\",\"inLanguage\":\"fi\",\"@id\":\"https:\/\/www.elementvape.de\/#\/schema\/logo\/image\/\",\"url\":\"https:\/\/www.elementvape.de\/wp-content\/uploads\/2024\/09\/cropped-1elementvape-3.png\",\"contentUrl\":\"https:\/\/www.elementvape.de\/wp-content\/uploads\/2024\/09\/cropped-1elementvape-3.png\",\"width\":285,\"height\":228,\"caption\":\"ElementVape.DE\"},\"image\":{\"@id\":\"https:\/\/www.elementvape.de\/#\/schema\/logo\/image\/\"}}]}<\/script>\n<!-- \/ Yoast SEO plugin. -->","yoast_head_json":{"title":"Wotofo Manik Pod Mod Kit | ElementVape.de","description":"Wir bieten Wotofo Manik Pod Mod Kit , Elementvape.de akzeptieren Gro\u00df-und Einzelhandel Bestellungen.","robots":{"index":"index","follow":"follow","max-snippet":"max-snippet:-1","max-image-preview":"max-image-preview:large","max-video-preview":"max-video-preview:-1"},"canonical":"https:\/\/www.elementvape.de\/fi\/produkt\/wotofo-manik-pod-mod-kit\/","og_locale":"fi_FI","og_type":"article","og_title":"Wotofo Manik Pod Mod Kit | ElementVape.de","og_description":"Wir bieten Wotofo Manik Pod Mod Kit , Elementvape.de akzeptieren Gro\u00df-und Einzelhandel Bestellungen.","og_url":"https:\/\/www.elementvape.de\/fi\/produkt\/wotofo-manik-pod-mod-kit\/","og_site_name":"ElementVape.de","article_modified_time":"2024-09-12T10:36:00+00:00","og_image":[{"width":600,"height":600,"url":"https:\/\/www.elementvape.de\/wp-content\/uploads\/2024\/06\/Wotofo-Manik-Pod-Mod-Kit.webp","type":"image\/webp"}],"twitter_card":"summary_large_image","twitter_misc":{"Est. reading time":"2 minuuttia"},"schema":{"@context":"https:\/\/schema.org","@graph":[{"@type":"WebPage","@id":"https:\/\/www.elementvape.de\/sv\/produkt\/wotofo-manik-pod-mod-kit\/","url":"https:\/\/www.elementvape.de\/sv\/produkt\/wotofo-manik-pod-mod-kit\/","name":"Wotofo Manik Pod Mod Kit | ElementVape.de","isPartOf":{"@id":"https:\/\/www.elementvape.de\/#website"},"primaryImageOfPage":{"@id":"https:\/\/www.elementvape.de\/sv\/produkt\/wotofo-manik-pod-mod-kit\/#primaryimage"},"image":{"@id":"https:\/\/www.elementvape.de\/sv\/produkt\/wotofo-manik-pod-mod-kit\/#primaryimage"},"thumbnailUrl":"https:\/\/www.elementvape.de\/wp-content\/uploads\/2024\/06\/Wotofo-Manik-Pod-Mod-Kit.webp","datePublished":"2024-06-18T06:21:06+00:00","dateModified":"2024-09-12T10:36:00+00:00","description":"Wir bieten Wotofo Manik Pod Mod Kit , Elementvape.de akzeptieren Gro\u00df-und Einzelhandel Bestellungen.","breadcrumb":{"@id":"https:\/\/www.elementvape.de\/sv\/produkt\/wotofo-manik-pod-mod-kit\/#breadcrumb"},"inLanguage":"fi","potentialAction":[{"@type":"ReadAction","target":["https:\/\/www.elementvape.de\/sv\/produkt\/wotofo-manik-pod-mod-kit\/"]}]},{"@type":"ImageObject","inLanguage":"fi","@id":"https:\/\/www.elementvape.de\/sv\/produkt\/wotofo-manik-pod-mod-kit\/#primaryimage","url":"https:\/\/www.elementvape.de\/wp-content\/uploads\/2024\/06\/Wotofo-Manik-Pod-Mod-Kit.webp","contentUrl":"https:\/\/www.elementvape.de\/wp-content\/uploads\/2024\/06\/Wotofo-Manik-Pod-Mod-Kit.webp","width":600,"height":600,"caption":"Wotofo-Manik-Pod-Mod-Kit"},{"@type":"BreadcrumbList","@id":"https:\/\/www.elementvape.de\/sv\/produkt\/wotofo-manik-pod-mod-kit\/#breadcrumb","itemListElement":[{"@type":"ListItem","position":1,"name":"Home","item":"https:\/\/www.elementvape.de\/"},{"@type":"ListItem","position":2,"name":"Shop","item":"https:\/\/www.elementvape.de\/shop\/"},{"@type":"ListItem","position":3,"name":"Wotofo Manik Pod Mod Kit"}]},{"@type":"WebSite","@id":"https:\/\/www.elementvape.de\/#website","url":"https:\/\/www.elementvape.de\/","name":"ElementVape.de","description":"","publisher":{"@id":"https:\/\/www.elementvape.de\/#organization"},"potentialAction":[{"@type":"SearchAction","target":{"@type":"EntryPoint","urlTemplate":"https:\/\/www.elementvape.de\/?s={search_term_string}"},"query-input":"required name=search_term_string"}],"inLanguage":"fi"},{"@type":"Organization","@id":"https:\/\/www.elementvape.de\/#organization","name":"ElementVape.DE","url":"https:\/\/www.elementvape.de\/","logo":{"@type":"ImageObject","inLanguage":"fi","@id":"https:\/\/www.elementvape.de\/#\/schema\/logo\/image\/","url":"https:\/\/www.elementvape.de\/wp-content\/uploads\/2024\/09\/cropped-1elementvape-3.png","contentUrl":"https:\/\/www.elementvape.de\/wp-content\/uploads\/2024\/09\/cropped-1elementvape-3.png","width":285,"height":228,"caption":"ElementVape.DE"},"image":{"@id":"https:\/\/www.elementvape.de\/#\/schema\/logo\/image\/"}}]}},"_links":{"self":[{"href":"https:\/\/www.elementvape.de\/fi\/wp-json\/wp\/v2\/product\/12377"}],"collection":[{"href":"https:\/\/www.elementvape.de\/fi\/wp-json\/wp\/v2\/product"}],"about":[{"href":"https:\/\/www.elementvape.de\/fi\/wp-json\/wp\/v2\/types\/product"}],"wp:featuredmedia":[{"embeddable":true,"href":"https:\/\/www.elementvape.de\/fi\/wp-json\/wp\/v2\/media\/12378"}],"wp:attachment":[{"href":"https:\/\/www.elementvape.de\/fi\/wp-json\/wp\/v2\/media?parent=12377"}],"wp:term":[{"taxonomy":"product_cat","embeddable":true,"href":"https:\/\/www.elementvape.de\/fi\/wp-json\/wp\/v2\/product_cat?post=12377"},{"taxonomy":"product_tag","embeddable":true,"href":"https:\/\/www.elementvape.de\/fi\/wp-json\/wp\/v2\/product_tag?post=12377"}],"curies":[{"name":"wp","href":"https:\/\/api.w.org\/{rel}","templated":true}]}}