{"id":12345,"date":"2024-06-18T03:13:50","date_gmt":"2024-06-18T03:13:50","guid":{"rendered":"https:\/\/www.elementvape.de\/?post_type=product&#038;p=12345"},"modified":"2024-09-12T10:36:01","modified_gmt":"2024-09-12T10:36:01","slug":"voopoo-drag-3-tpp-x-box-kit","status":"publish","type":"product","link":"https:\/\/www.elementvape.de\/fi\/produkt\/voopoo-drag-3-tpp-x-box-kit\/","title":{"rendered":"VOOPOO Drag 3 TPP-X -box-paketti"},"content":{"rendered":"<h3>VOOPOO Drag 3 TPP X Kit Tuotekuvaus<\/h3>\n<p>Se <strong>Drag 3 TPP X -setti<\/strong> Yhdist\u00e4\u00e4 Drag 3 Modin TPP-X Pod Tankiin ja toimii kahdella 18650-akulla, jotka mahdollistavat maksimitehon 177 W. Kit on yhteensopiva TPP-, PnP- ja 510-alustojen kanssa ja tarjoaa erilaisia tiloja eri tarpeisiin: k\u00e4ytt\u00e4j\u00e4yst\u00e4v\u00e4llinen SMART-tila aloittelijoille, langaton RBA-tila ammattilaisille ja SUPER-tila. TPP-X Pod Tank k\u00e4ytt\u00e4\u00e4 tehokasta TPP-kelaa ja tarjoaa 5,5 ml e-veden kapasiteetin. Magneettisen imukannen ja helppok\u00e4ytt\u00f6isen t\u00e4ytt\u00f6j\u00e4rjestelm\u00e4n ansiosta se on erityisen k\u00e4ytt\u00e4j\u00e4yst\u00e4v\u00e4llinen. 360\u00b0 loputon ilmavirtausj\u00e4rjestelm\u00e4 ja pohjan ilmavirtaus tarjoavat tarkan ilmavirtauksen hallinnan ja mahdollistavat vaikuttavat pilvet. Lis\u00e4ksi on erityisi\u00e4 ilmareiki\u00e4 MTL-kokemusta varten.<\/p>\n<h3>Fyysiset parametrit<\/h3>\n<ul>\n<li><strong>Tuotemerkki:<\/strong> VOOPOO<\/li>\n<li><strong>Tuotteen nimi:<\/strong> Drag 3 TPP-X -setti<\/li>\n<li><strong>Pod-kapasiteetti:<\/strong> 5,5 ml<\/li>\n<li><strong>Pod-materiaali:<\/strong> PCTG<\/li>\n<li><strong>Pod-resistanssi:<\/strong> TPP-DM2 0,2 ohm, TPP-DM3 0,15 ohm<\/li>\n<li><strong>Mod-materiaali:<\/strong> Nahka + sinkkiseos<\/li>\n<li><strong>L\u00e4ht\u00f6teho:<\/strong> 5-177W<\/li>\n<li><strong>Sy\u00f6tt\u00f6j\u00e4nnite:<\/strong> 6,4 V:sta 8,4 V:iin<\/li>\n<li><strong>Mod-vastus:<\/strong> 0,1-3,0 ohm<\/li>\n<li><strong>Akkukapasiteetti:<\/strong> Dual 18650-akku (ei sis\u00e4lly toimitukseen)<\/li>\n<li><strong>Lataus:<\/strong> 5 V\/2 A Type-C-nopeuslataus<\/li>\n<\/ul>\n<h3>Toimitussis\u00e4lt\u00f6<\/h3>\n<ul>\n<li>1 x Drag 3 -modi<\/li>\n<li>1 x TPP-X Pod Tank 5,5 ml<\/li>\n<li>1 x TPP-DM2 0,2 \u200b\u200bOhm kela<\/li>\n<li>1 x TPP-DM3 0,15 Ohm kela<\/li>\n<li>1 x Typ-C-kaapeli<\/li>\n<li>1 x K\u00e4ytt\u00f6ohje<\/li>\n<\/ul>\n<h3>Tuoteominaisuudet<\/h3>\n<ul>\n<li><strong>Yhteensopivuus:<\/strong> TPP-, PnP- ja 510-alusta<\/li>\n<li><strong>Tavat:<\/strong> \u00c4lytila aloittelijoille, RBA-tila ammattilaisille, SUPER-tila<\/li>\n<li><strong>TPP-X Pod Tank:<\/strong> Kapasiteetti 5,5 ml, magneettinen imukansi, helppo t\u00e4ytt\u00f6j\u00e4rjestelm\u00e4<\/li>\n<li><strong>Ilmavirtausj\u00e4rjestelm\u00e4:<\/strong> 360\u00b0 loputon ilmavirtaus ja pohjainen ilmavirtaus tarkkaan s\u00e4\u00e4t\u00f6\u00f6n ja superpilviin<\/li>\n<li><strong>MTL-kokemus:<\/strong> Erityiset ilmareij\u00e4t<\/li>\n<\/ul>\n<p>Se <strong>VOOPOO Drag 3 TPP X -setti<\/strong> on t\u00e4ydellinen niille, jotka etsiv\u00e4t tehokkaita ja s\u00e4\u00e4dett\u00e4vi\u00e4 laitteita. Korkealaatuiset materiaalit ja innovatiivinen tekniikka tekev\u00e4t siit\u00e4 erinomaisen valinnan vaikuttavaan h\u00f6yrystykseen.<\/p>","protected":false},"excerpt":{"rendered":"<p>VOOPOO Drag 3 TPP X Kit Produktbeschreibung Das Drag 3 TPP X Kit kombiniert den Drag 3 Mod mit dem TPP-X Pod Tank und wird von zwei 18650-Batterien betrieben, die eine maximale Ausgangsleistung von 177 W erm\u00f6glichen. Das Kit ist mit der TPP-, PnP- und 510-Plattform kompatibel und bietet verschiedene Modi, um unterschiedlichen Anforderungen gerecht [&hellip;]<\/p>","protected":false},"featured_media":12346,"template":"","meta":{"inline_featured_image":false},"product_cat":[754,745,742,748,744,755,738,751,77],"product_tag":[],"tiered_pricing_type":"fixed","tiered_pricing_fixed_rules":[],"tiered_pricing_percentage_rules":[],"tiered_pricing_minimum":1,"_administrator_tiered_pricing_type":"fixed","_administrator_tiered_pricing_fixed_rules":[],"_editor_tiered_pricing_type":"fixed","_editor_tiered_pricing_fixed_rules":[],"_author_tiered_pricing_type":"fixed","_author_tiered_pricing_fixed_rules":[],"_contributor_tiered_pricing_type":"fixed","_contributor_tiered_pricing_fixed_rules":[],"_subscriber_tiered_pricing_type":"fixed","_subscriber_tiered_pricing_fixed_rules":[],"_customer_tiered_pricing_type":"fixed","_customer_tiered_pricing_fixed_rules":[],"_shop_manager_tiered_pricing_type":"fixed","_shop_manager_tiered_pricing_fixed_rules":[],"_wpseo_manager_tiered_pricing_type":"fixed","_wpseo_manager_tiered_pricing_fixed_rules":[],"_wpseo_editor_tiered_pricing_type":"fixed","_wpseo_editor_tiered_pricing_fixed_rules":[],"_wholesale_customer_tiered_pricing_type":"fixed","_wholesale_customer_tiered_pricing_fixed_rules":[],"_marketer_tiered_pricing_type":"fixed","_marketer_tiered_pricing_fixed_rules":[],"_sales_manager_tiered_pricing_type":"fixed","_sales_manager_tiered_pricing_fixed_rules":[],"_sales_rep_tiered_pricing_type":"fixed","_sales_rep_tiered_pricing_fixed_rules":[],"yoast_head":"<!-- This site is optimized with the Yoast SEO plugin v23.3 - https:\/\/yoast.com\/wordpress\/plugins\/seo\/ -->\n<title>VOOPOO Drag 3 TPP-X Box Kit | ElementVape.de<\/title>\n<meta name=\"description\" content=\"Wir bieten VOOPOO Drag 3 TPP-X Box Kit , Elementvape.de akzeptieren Gro\u00df-und Einzelhandel Bestellungen.\" \/>\n<meta name=\"robots\" content=\"index, follow, max-snippet:-1, max-image-preview:large, max-video-preview:-1\" \/>\n<link rel=\"canonical\" href=\"https:\/\/www.elementvape.de\/fi\/produkt\/voopoo-drag-3-tpp-x-box-kit\/\" \/>\n<meta property=\"og:locale\" content=\"fi_FI\" \/>\n<meta property=\"og:type\" content=\"article\" \/>\n<meta property=\"og:title\" content=\"VOOPOO Drag 3 TPP-X Box Kit | ElementVape.de\" \/>\n<meta property=\"og:description\" content=\"Wir bieten VOOPOO Drag 3 TPP-X Box Kit , Elementvape.de akzeptieren Gro\u00df-und Einzelhandel Bestellungen.\" \/>\n<meta property=\"og:url\" content=\"https:\/\/www.elementvape.de\/fi\/produkt\/voopoo-drag-3-tpp-x-box-kit\/\" \/>\n<meta property=\"og:site_name\" content=\"ElementVape.de\" \/>\n<meta property=\"article:modified_time\" content=\"2024-09-12T10:36:01+00:00\" \/>\n<meta property=\"og:image\" content=\"https:\/\/www.elementvape.de\/wp-content\/uploads\/2024\/06\/VOOPOO-Drag-3-TPP-X-Box-Kit-10.webp\" \/>\n\t<meta property=\"og:image:width\" content=\"800\" \/>\n\t<meta property=\"og:image:height\" content=\"800\" \/>\n\t<meta property=\"og:image:type\" content=\"image\/webp\" \/>\n<meta name=\"twitter:card\" content=\"summary_large_image\" \/>\n<meta name=\"twitter:label1\" content=\"Est. reading time\" \/>\n\t<meta name=\"twitter:data1\" content=\"2 minuuttia\" \/>\n<script type=\"application\/ld+json\" class=\"yoast-schema-graph\">{\"@context\":\"https:\/\/schema.org\",\"@graph\":[{\"@type\":\"WebPage\",\"@id\":\"https:\/\/www.elementvape.de\/produkt\/voopoo-drag-3-tpp-x-box-kit\/\",\"url\":\"https:\/\/www.elementvape.de\/produkt\/voopoo-drag-3-tpp-x-box-kit\/\",\"name\":\"VOOPOO Drag 3 TPP-X Box Kit | ElementVape.de\",\"isPartOf\":{\"@id\":\"https:\/\/www.elementvape.de\/#website\"},\"primaryImageOfPage\":{\"@id\":\"https:\/\/www.elementvape.de\/produkt\/voopoo-drag-3-tpp-x-box-kit\/#primaryimage\"},\"image\":{\"@id\":\"https:\/\/www.elementvape.de\/produkt\/voopoo-drag-3-tpp-x-box-kit\/#primaryimage\"},\"thumbnailUrl\":\"https:\/\/www.elementvape.de\/wp-content\/uploads\/2024\/06\/VOOPOO-Drag-3-TPP-X-Box-Kit-10.webp\",\"datePublished\":\"2024-06-18T03:13:50+00:00\",\"dateModified\":\"2024-09-12T10:36:01+00:00\",\"description\":\"Wir bieten VOOPOO Drag 3 TPP-X Box Kit , Elementvape.de akzeptieren Gro\u00df-und Einzelhandel Bestellungen.\",\"breadcrumb\":{\"@id\":\"https:\/\/www.elementvape.de\/produkt\/voopoo-drag-3-tpp-x-box-kit\/#breadcrumb\"},\"inLanguage\":\"fi\",\"potentialAction\":[{\"@type\":\"ReadAction\",\"target\":[\"https:\/\/www.elementvape.de\/produkt\/voopoo-drag-3-tpp-x-box-kit\/\"]}]},{\"@type\":\"ImageObject\",\"inLanguage\":\"fi\",\"@id\":\"https:\/\/www.elementvape.de\/produkt\/voopoo-drag-3-tpp-x-box-kit\/#primaryimage\",\"url\":\"https:\/\/www.elementvape.de\/wp-content\/uploads\/2024\/06\/VOOPOO-Drag-3-TPP-X-Box-Kit-10.webp\",\"contentUrl\":\"https:\/\/www.elementvape.de\/wp-content\/uploads\/2024\/06\/VOOPOO-Drag-3-TPP-X-Box-Kit-10.webp\",\"width\":800,\"height\":800,\"caption\":\"VOOPOO-Drag-3-TPP-X-Box-Kit-10\"},{\"@type\":\"BreadcrumbList\",\"@id\":\"https:\/\/www.elementvape.de\/produkt\/voopoo-drag-3-tpp-x-box-kit\/#breadcrumb\",\"itemListElement\":[{\"@type\":\"ListItem\",\"position\":1,\"name\":\"Home\",\"item\":\"https:\/\/www.elementvape.de\/\"},{\"@type\":\"ListItem\",\"position\":2,\"name\":\"Shop\",\"item\":\"https:\/\/www.elementvape.de\/shop\/\"},{\"@type\":\"ListItem\",\"position\":3,\"name\":\"VOOPOO Drag 3 TPP-X Box Kit\"}]},{\"@type\":\"WebSite\",\"@id\":\"https:\/\/www.elementvape.de\/#website\",\"url\":\"https:\/\/www.elementvape.de\/\",\"name\":\"ElementVape.de\",\"description\":\"\",\"publisher\":{\"@id\":\"https:\/\/www.elementvape.de\/#organization\"},\"potentialAction\":[{\"@type\":\"SearchAction\",\"target\":{\"@type\":\"EntryPoint\",\"urlTemplate\":\"https:\/\/www.elementvape.de\/?s={search_term_string}\"},\"query-input\":\"required name=search_term_string\"}],\"inLanguage\":\"fi\"},{\"@type\":\"Organization\",\"@id\":\"https:\/\/www.elementvape.de\/#organization\",\"name\":\"ElementVape.DE\",\"url\":\"https:\/\/www.elementvape.de\/\",\"logo\":{\"@type\":\"ImageObject\",\"inLanguage\":\"fi\",\"@id\":\"https:\/\/www.elementvape.de\/#\/schema\/logo\/image\/\",\"url\":\"https:\/\/www.elementvape.de\/wp-content\/uploads\/2024\/09\/cropped-1elementvape-3.png\",\"contentUrl\":\"https:\/\/www.elementvape.de\/wp-content\/uploads\/2024\/09\/cropped-1elementvape-3.png\",\"width\":285,\"height\":228,\"caption\":\"ElementVape.DE\"},\"image\":{\"@id\":\"https:\/\/www.elementvape.de\/#\/schema\/logo\/image\/\"}}]}<\/script>\n<!-- \/ Yoast SEO plugin. -->","yoast_head_json":{"title":"VOOPOO Drag 3 TPP-X Box Kit | ElementVape.de","description":"Wir bieten VOOPOO Drag 3 TPP-X Box Kit , Elementvape.de akzeptieren Gro\u00df-und Einzelhandel Bestellungen.","robots":{"index":"index","follow":"follow","max-snippet":"max-snippet:-1","max-image-preview":"max-image-preview:large","max-video-preview":"max-video-preview:-1"},"canonical":"https:\/\/www.elementvape.de\/fi\/produkt\/voopoo-drag-3-tpp-x-box-kit\/","og_locale":"fi_FI","og_type":"article","og_title":"VOOPOO Drag 3 TPP-X Box Kit | ElementVape.de","og_description":"Wir bieten VOOPOO Drag 3 TPP-X Box Kit , Elementvape.de akzeptieren Gro\u00df-und Einzelhandel Bestellungen.","og_url":"https:\/\/www.elementvape.de\/fi\/produkt\/voopoo-drag-3-tpp-x-box-kit\/","og_site_name":"ElementVape.de","article_modified_time":"2024-09-12T10:36:01+00:00","og_image":[{"width":800,"height":800,"url":"https:\/\/www.elementvape.de\/wp-content\/uploads\/2024\/06\/VOOPOO-Drag-3-TPP-X-Box-Kit-10.webp","type":"image\/webp"}],"twitter_card":"summary_large_image","twitter_misc":{"Est. reading time":"2 minuuttia"},"schema":{"@context":"https:\/\/schema.org","@graph":[{"@type":"WebPage","@id":"https:\/\/www.elementvape.de\/produkt\/voopoo-drag-3-tpp-x-box-kit\/","url":"https:\/\/www.elementvape.de\/produkt\/voopoo-drag-3-tpp-x-box-kit\/","name":"VOOPOO Drag 3 TPP-X Box Kit | ElementVape.de","isPartOf":{"@id":"https:\/\/www.elementvape.de\/#website"},"primaryImageOfPage":{"@id":"https:\/\/www.elementvape.de\/produkt\/voopoo-drag-3-tpp-x-box-kit\/#primaryimage"},"image":{"@id":"https:\/\/www.elementvape.de\/produkt\/voopoo-drag-3-tpp-x-box-kit\/#primaryimage"},"thumbnailUrl":"https:\/\/www.elementvape.de\/wp-content\/uploads\/2024\/06\/VOOPOO-Drag-3-TPP-X-Box-Kit-10.webp","datePublished":"2024-06-18T03:13:50+00:00","dateModified":"2024-09-12T10:36:01+00:00","description":"Wir bieten VOOPOO Drag 3 TPP-X Box Kit , Elementvape.de akzeptieren Gro\u00df-und Einzelhandel Bestellungen.","breadcrumb":{"@id":"https:\/\/www.elementvape.de\/produkt\/voopoo-drag-3-tpp-x-box-kit\/#breadcrumb"},"inLanguage":"fi","potentialAction":[{"@type":"ReadAction","target":["https:\/\/www.elementvape.de\/produkt\/voopoo-drag-3-tpp-x-box-kit\/"]}]},{"@type":"ImageObject","inLanguage":"fi","@id":"https:\/\/www.elementvape.de\/produkt\/voopoo-drag-3-tpp-x-box-kit\/#primaryimage","url":"https:\/\/www.elementvape.de\/wp-content\/uploads\/2024\/06\/VOOPOO-Drag-3-TPP-X-Box-Kit-10.webp","contentUrl":"https:\/\/www.elementvape.de\/wp-content\/uploads\/2024\/06\/VOOPOO-Drag-3-TPP-X-Box-Kit-10.webp","width":800,"height":800,"caption":"VOOPOO-Drag-3-TPP-X-Box-Kit-10"},{"@type":"BreadcrumbList","@id":"https:\/\/www.elementvape.de\/produkt\/voopoo-drag-3-tpp-x-box-kit\/#breadcrumb","itemListElement":[{"@type":"ListItem","position":1,"name":"Home","item":"https:\/\/www.elementvape.de\/"},{"@type":"ListItem","position":2,"name":"Shop","item":"https:\/\/www.elementvape.de\/shop\/"},{"@type":"ListItem","position":3,"name":"VOOPOO Drag 3 TPP-X Box Kit"}]},{"@type":"WebSite","@id":"https:\/\/www.elementvape.de\/#website","url":"https:\/\/www.elementvape.de\/","name":"ElementVape.de","description":"","publisher":{"@id":"https:\/\/www.elementvape.de\/#organization"},"potentialAction":[{"@type":"SearchAction","target":{"@type":"EntryPoint","urlTemplate":"https:\/\/www.elementvape.de\/?s={search_term_string}"},"query-input":"required name=search_term_string"}],"inLanguage":"fi"},{"@type":"Organization","@id":"https:\/\/www.elementvape.de\/#organization","name":"ElementVape.DE","url":"https:\/\/www.elementvape.de\/","logo":{"@type":"ImageObject","inLanguage":"fi","@id":"https:\/\/www.elementvape.de\/#\/schema\/logo\/image\/","url":"https:\/\/www.elementvape.de\/wp-content\/uploads\/2024\/09\/cropped-1elementvape-3.png","contentUrl":"https:\/\/www.elementvape.de\/wp-content\/uploads\/2024\/09\/cropped-1elementvape-3.png","width":285,"height":228,"caption":"ElementVape.DE"},"image":{"@id":"https:\/\/www.elementvape.de\/#\/schema\/logo\/image\/"}}]}},"_links":{"self":[{"href":"https:\/\/www.elementvape.de\/fi\/wp-json\/wp\/v2\/product\/12345"}],"collection":[{"href":"https:\/\/www.elementvape.de\/fi\/wp-json\/wp\/v2\/product"}],"about":[{"href":"https:\/\/www.elementvape.de\/fi\/wp-json\/wp\/v2\/types\/product"}],"wp:featuredmedia":[{"embeddable":true,"href":"https:\/\/www.elementvape.de\/fi\/wp-json\/wp\/v2\/media\/12346"}],"wp:attachment":[{"href":"https:\/\/www.elementvape.de\/fi\/wp-json\/wp\/v2\/media?parent=12345"}],"wp:term":[{"taxonomy":"product_cat","embeddable":true,"href":"https:\/\/www.elementvape.de\/fi\/wp-json\/wp\/v2\/product_cat?post=12345"},{"taxonomy":"product_tag","embeddable":true,"href":"https:\/\/www.elementvape.de\/fi\/wp-json\/wp\/v2\/product_tag?post=12345"}],"curies":[{"name":"wp","href":"https:\/\/api.w.org\/{rel}","templated":true}]}}