{"id":12328,"date":"2024-06-18T02:58:12","date_gmt":"2024-06-18T02:58:12","guid":{"rendered":"https:\/\/www.elementvape.de\/?post_type=product&#038;p=12328"},"modified":"2024-09-12T10:36:02","modified_gmt":"2024-09-12T10:36:02","slug":"voopoo-argus-g2-pod-system-kit","status":"publish","type":"product","link":"https:\/\/www.elementvape.de\/fi\/produkt\/voopoo-argus-g2-pod-system-kit\/","title":{"rendered":"VOOPOO Argus G2 Pod-j\u00e4rjestelm\u00e4paketti"},"content":{"rendered":"<h3>VOOPOO Argus G2 Vape-tuotekuvaus<\/h3>\n<p>Argus G2 jatkaa Argus-mallin hienostunutta makua ja miellytt\u00e4v\u00e4\u00e4 tuntua, tarjoten samalla joustavia ja viihdytt\u00e4vi\u00e4 interaktiivisia toimintoja. Kolmen k\u00e4ytt\u00f6liittym\u00e4n vaihtoehdon ja kolmen animaation (liekit, lent\u00e4v\u00e4t lautaset ja v\u00e4rikk\u00e4\u00e4t mukit) sek\u00e4 kolmen suorituskyvyn s\u00e4\u00e4t\u00f6tilan (Smart, Super ja ECO) ansiosta h\u00f6yrystys on nautinnollista. Argus G2 -pakkaus sis\u00e4lt\u00e4\u00e4 t\u00e4ysin p\u00e4ivitetyn uuden kartion, Argus Top Fill -kartion, jonka kapasiteetti on 3 ml, mik\u00e4 takaa 30 p\u00e4iv\u00e4n vuotamattomuuden ja 90 ml keston k\u00e4\u00e4meille. Se on my\u00f6s yhteensopiva Argus Pod -perheen laitteiden kanssa (Side-Fill Argus Pod 1,2 Ohm\/0,7 Ohm). Kehitetty iCOSM CODE -teknologialla, VOOPOO Argus G2 tarjoaa monipuolisen h\u00f6yrystyskokemuksen MTL:st\u00e4 RDL:\u00e4\u00e4n. Sis\u00e4\u00e4nrakennettu 1000-mAh akku tarjoaa pitk\u00e4kestoisen suorituskyvyn jopa 30 W.<\/p>\n<h3>Podin parametrit<\/h3>\n<ul>\n<li><strong>Kapasiteetti:<\/strong> 3,0 ml \/ 2,0 ml (TPD)<\/li>\n<li><strong>Materiaali:<\/strong> PCTG<\/li>\n<li><strong>vastus:<\/strong> 0,4 Ohm \/ 0,7 Ohm<\/li>\n<li><strong>Suositeltu E- neste:<\/strong> Nikotiini \u2264 50 mg<\/li>\n<\/ul>\n<h3>Laitteen parametrit<\/h3>\n<ul>\n<li><strong>Materiaali:<\/strong> Sinkkiseos + PC<\/li>\n<li><strong>Koko:<\/strong> 121 x 26,4 x 15,2 mm (standardi) \/ 116 x 26,4 x 15,2 mm (TPD)<\/li>\n<li><strong>L\u00e4ht\u00f6teho:<\/strong> 5 \u2013 30 W<\/li>\n<li><strong>L\u00e4ht\u00f6j\u00e4nnite:<\/strong> 3,2 \u2013 4,2 V<\/li>\n<li><strong>vastus:<\/strong> 0,4 \u2013 3,0 Ohm<\/li>\n<li><strong>Akkukapasiteetti:<\/strong> 1000 mAh (sis\u00e4\u00e4nrakennettu)<\/li>\n<\/ul>\n<h3>Toimitussis\u00e4lt\u00f6<\/h3>\n<ul>\n<li>1 x Argus G2 -laite<\/li>\n<li>1 x Argus Top Fill -kartio 0,4 Ohm (3 ml)<\/li>\n<li>1 x Argus Top Fill -kartio 0,7 Ohm (3 ml)<\/li>\n<li>1 x Typ-C-kaapeli<\/li>\n<li>1 x K\u00e4ytt\u00f6ohje<\/li>\n<li>1 x Avainnauha<\/li>\n<\/ul>\n<h3>Lis\u00e4toiminnot<\/h3>\n<ul>\n<li><strong>Interaktiiviset k\u00e4ytt\u00f6liittym\u00e4rajapinnat:<\/strong> 3 vaihtoehtoa (liekit, lent\u00e4v\u00e4t lautaset, v\u00e4rikk\u00e4\u00e4t mukit)<\/li>\n<li><strong>Tehon s\u00e4\u00e4t\u00f6tilat:<\/strong> \u00c4lyk\u00e4s, Super ja ECO<\/li>\n<li><strong>Yhteensopivuus:<\/strong> Argus Pod -perheen laitteilla (Side-Fill Argus Pod 1,2 Ohm\/0,7 Ohm)<\/li>\n<li><strong>Kelaik\u00e4isyys:<\/strong> 90 ml E-nestett\u00e4<\/li>\n<li><strong>Toiminta ilman vuotoja:<\/strong> 30 p\u00e4iv\u00e4\u00e4<\/li>\n<li><strong>Kehitetty iCOSM CODE:n kanssa:<\/strong> Tarjoaa monipuolisen h\u00f6yrystyskokemuksen MTL:st\u00e4 RDL:\u00e4\u00e4n<\/li>\n<\/ul>\n<p>VOOPOO Argus G2 yhdist\u00e4\u00e4 edistyksellisen teknologian monipuolisiin toimintoihin tarjoten ainutlaatuisen ja r\u00e4\u00e4t\u00e4l\u00f6it\u00e4v\u00e4n h\u00f6yrystyskokemuksen. T\u00e4ydellinen h\u00f6yryst\u00e4jille, jotka arvostavat laatua ja interaktiivisuutta.<\/p>","protected":false},"excerpt":{"rendered":"<p>VOOPOO Argus G2 Vape-Produktbeschreibung Der Argus G2 setzt den sanften Geschmack und das angenehme Gef\u00fchl des Argus G fort und bietet dabei flexible und unterhaltsame interaktive Funktionen. Mit 3 UI-Schnittstellenoptionen und 3 Animationen (Flammen, fliegende Untertassen und bunte Tassen) sowie 3 Leistungsanpassungsmodi (Smart, Super und ECO) wird das Dampfen zum Vergn\u00fcgen. Das Argus G2-Kit enth\u00e4lt [&hellip;]<\/p>","protected":false},"featured_media":12330,"template":"","meta":{"inline_featured_image":false},"product_cat":[754,745,742,748,744,755,738,751,76],"product_tag":[],"tiered_pricing_type":"fixed","tiered_pricing_fixed_rules":[],"tiered_pricing_percentage_rules":[],"tiered_pricing_minimum":1,"_administrator_tiered_pricing_type":"fixed","_administrator_tiered_pricing_fixed_rules":[],"_editor_tiered_pricing_type":"fixed","_editor_tiered_pricing_fixed_rules":[],"_author_tiered_pricing_type":"fixed","_author_tiered_pricing_fixed_rules":[],"_contributor_tiered_pricing_type":"fixed","_contributor_tiered_pricing_fixed_rules":[],"_subscriber_tiered_pricing_type":"fixed","_subscriber_tiered_pricing_fixed_rules":[],"_customer_tiered_pricing_type":"fixed","_customer_tiered_pricing_fixed_rules":[],"_shop_manager_tiered_pricing_type":"fixed","_shop_manager_tiered_pricing_fixed_rules":[],"_wpseo_manager_tiered_pricing_type":"fixed","_wpseo_manager_tiered_pricing_fixed_rules":[],"_wpseo_editor_tiered_pricing_type":"fixed","_wpseo_editor_tiered_pricing_fixed_rules":[],"_wholesale_customer_tiered_pricing_type":"fixed","_wholesale_customer_tiered_pricing_fixed_rules":[],"_marketer_tiered_pricing_type":"fixed","_marketer_tiered_pricing_fixed_rules":[],"_sales_manager_tiered_pricing_type":"fixed","_sales_manager_tiered_pricing_fixed_rules":[],"_sales_rep_tiered_pricing_type":"fixed","_sales_rep_tiered_pricing_fixed_rules":[],"yoast_head":"<!-- This site is optimized with the Yoast SEO plugin v23.3 - https:\/\/yoast.com\/wordpress\/plugins\/seo\/ -->\n<title>VOOPOO Argus G2 Pod System Kit | ElementVape.de<\/title>\n<meta name=\"description\" content=\"Wir bieten VOOPOO Argus G2 Pod System Kit , Elementvape.de akzeptieren Gro\u00df-und Einzelhandel Bestellungen.\" \/>\n<meta name=\"robots\" content=\"index, follow, max-snippet:-1, max-image-preview:large, max-video-preview:-1\" \/>\n<link rel=\"canonical\" href=\"https:\/\/www.elementvape.de\/fi\/produkt\/voopoo-argus-g2-pod-system-kit\/\" \/>\n<meta property=\"og:locale\" content=\"fi_FI\" \/>\n<meta property=\"og:type\" content=\"article\" \/>\n<meta property=\"og:title\" content=\"VOOPOO Argus G2 Pod System Kit | ElementVape.de\" \/>\n<meta property=\"og:description\" content=\"Wir bieten VOOPOO Argus G2 Pod System Kit , Elementvape.de akzeptieren Gro\u00df-und Einzelhandel Bestellungen.\" \/>\n<meta property=\"og:url\" content=\"https:\/\/www.elementvape.de\/fi\/produkt\/voopoo-argus-g2-pod-system-kit\/\" \/>\n<meta property=\"og:site_name\" content=\"ElementVape.de\" \/>\n<meta property=\"article:modified_time\" content=\"2024-09-12T10:36:02+00:00\" \/>\n<meta property=\"og:image\" content=\"https:\/\/www.elementvape.de\/wp-content\/uploads\/2024\/06\/Argus-G2-Pod-Kit-1.webp\" \/>\n\t<meta property=\"og:image:width\" content=\"800\" \/>\n\t<meta property=\"og:image:height\" content=\"800\" \/>\n\t<meta property=\"og:image:type\" content=\"image\/webp\" \/>\n<meta name=\"twitter:card\" content=\"summary_large_image\" \/>\n<meta name=\"twitter:label1\" content=\"Est. reading time\" \/>\n\t<meta name=\"twitter:data1\" content=\"2 minuuttia\" \/>\n<script type=\"application\/ld+json\" class=\"yoast-schema-graph\">{\"@context\":\"https:\/\/schema.org\",\"@graph\":[{\"@type\":\"WebPage\",\"@id\":\"https:\/\/www.elementvape.de\/lt\/produkt\/voopoo-argus-g2-pod-system-kit\/\",\"url\":\"https:\/\/www.elementvape.de\/lt\/produkt\/voopoo-argus-g2-pod-system-kit\/\",\"name\":\"VOOPOO Argus G2 Pod System Kit | ElementVape.de\",\"isPartOf\":{\"@id\":\"https:\/\/www.elementvape.de\/#website\"},\"primaryImageOfPage\":{\"@id\":\"https:\/\/www.elementvape.de\/lt\/produkt\/voopoo-argus-g2-pod-system-kit\/#primaryimage\"},\"image\":{\"@id\":\"https:\/\/www.elementvape.de\/lt\/produkt\/voopoo-argus-g2-pod-system-kit\/#primaryimage\"},\"thumbnailUrl\":\"https:\/\/www.elementvape.de\/wp-content\/uploads\/2024\/06\/Argus-G2-Pod-Kit-1.webp\",\"datePublished\":\"2024-06-18T02:58:12+00:00\",\"dateModified\":\"2024-09-12T10:36:02+00:00\",\"description\":\"Wir bieten VOOPOO Argus G2 Pod System Kit , Elementvape.de akzeptieren Gro\u00df-und Einzelhandel Bestellungen.\",\"breadcrumb\":{\"@id\":\"https:\/\/www.elementvape.de\/lt\/produkt\/voopoo-argus-g2-pod-system-kit\/#breadcrumb\"},\"inLanguage\":\"fi\",\"potentialAction\":[{\"@type\":\"ReadAction\",\"target\":[\"https:\/\/www.elementvape.de\/lt\/produkt\/voopoo-argus-g2-pod-system-kit\/\"]}]},{\"@type\":\"ImageObject\",\"inLanguage\":\"fi\",\"@id\":\"https:\/\/www.elementvape.de\/lt\/produkt\/voopoo-argus-g2-pod-system-kit\/#primaryimage\",\"url\":\"https:\/\/www.elementvape.de\/wp-content\/uploads\/2024\/06\/Argus-G2-Pod-Kit-1.webp\",\"contentUrl\":\"https:\/\/www.elementvape.de\/wp-content\/uploads\/2024\/06\/Argus-G2-Pod-Kit-1.webp\",\"width\":800,\"height\":800,\"caption\":\"Argus-G2-Pod-Kit-1\"},{\"@type\":\"BreadcrumbList\",\"@id\":\"https:\/\/www.elementvape.de\/lt\/produkt\/voopoo-argus-g2-pod-system-kit\/#breadcrumb\",\"itemListElement\":[{\"@type\":\"ListItem\",\"position\":1,\"name\":\"Home\",\"item\":\"https:\/\/www.elementvape.de\/\"},{\"@type\":\"ListItem\",\"position\":2,\"name\":\"Shop\",\"item\":\"https:\/\/www.elementvape.de\/shop\/\"},{\"@type\":\"ListItem\",\"position\":3,\"name\":\"VOOPOO Argus G2 Pod System Kit\"}]},{\"@type\":\"WebSite\",\"@id\":\"https:\/\/www.elementvape.de\/#website\",\"url\":\"https:\/\/www.elementvape.de\/\",\"name\":\"ElementVape.de\",\"description\":\"\",\"publisher\":{\"@id\":\"https:\/\/www.elementvape.de\/#organization\"},\"potentialAction\":[{\"@type\":\"SearchAction\",\"target\":{\"@type\":\"EntryPoint\",\"urlTemplate\":\"https:\/\/www.elementvape.de\/?s={search_term_string}\"},\"query-input\":\"required name=search_term_string\"}],\"inLanguage\":\"fi\"},{\"@type\":\"Organization\",\"@id\":\"https:\/\/www.elementvape.de\/#organization\",\"name\":\"ElementVape.DE\",\"url\":\"https:\/\/www.elementvape.de\/\",\"logo\":{\"@type\":\"ImageObject\",\"inLanguage\":\"fi\",\"@id\":\"https:\/\/www.elementvape.de\/#\/schema\/logo\/image\/\",\"url\":\"https:\/\/www.elementvape.de\/wp-content\/uploads\/2024\/09\/cropped-1elementvape-3.png\",\"contentUrl\":\"https:\/\/www.elementvape.de\/wp-content\/uploads\/2024\/09\/cropped-1elementvape-3.png\",\"width\":285,\"height\":228,\"caption\":\"ElementVape.DE\"},\"image\":{\"@id\":\"https:\/\/www.elementvape.de\/#\/schema\/logo\/image\/\"}}]}<\/script>\n<!-- \/ Yoast SEO plugin. -->","yoast_head_json":{"title":"VOOPOO Argus G2 Pod System Kit | ElementVape.de","description":"Wir bieten VOOPOO Argus G2 Pod System Kit , Elementvape.de akzeptieren Gro\u00df-und Einzelhandel Bestellungen.","robots":{"index":"index","follow":"follow","max-snippet":"max-snippet:-1","max-image-preview":"max-image-preview:large","max-video-preview":"max-video-preview:-1"},"canonical":"https:\/\/www.elementvape.de\/fi\/produkt\/voopoo-argus-g2-pod-system-kit\/","og_locale":"fi_FI","og_type":"article","og_title":"VOOPOO Argus G2 Pod System Kit | ElementVape.de","og_description":"Wir bieten VOOPOO Argus G2 Pod System Kit , Elementvape.de akzeptieren Gro\u00df-und Einzelhandel Bestellungen.","og_url":"https:\/\/www.elementvape.de\/fi\/produkt\/voopoo-argus-g2-pod-system-kit\/","og_site_name":"ElementVape.de","article_modified_time":"2024-09-12T10:36:02+00:00","og_image":[{"width":800,"height":800,"url":"https:\/\/www.elementvape.de\/wp-content\/uploads\/2024\/06\/Argus-G2-Pod-Kit-1.webp","type":"image\/webp"}],"twitter_card":"summary_large_image","twitter_misc":{"Est. reading time":"2 minuuttia"},"schema":{"@context":"https:\/\/schema.org","@graph":[{"@type":"WebPage","@id":"https:\/\/www.elementvape.de\/lt\/produkt\/voopoo-argus-g2-pod-system-kit\/","url":"https:\/\/www.elementvape.de\/lt\/produkt\/voopoo-argus-g2-pod-system-kit\/","name":"VOOPOO Argus G2 Pod System Kit | ElementVape.de","isPartOf":{"@id":"https:\/\/www.elementvape.de\/#website"},"primaryImageOfPage":{"@id":"https:\/\/www.elementvape.de\/lt\/produkt\/voopoo-argus-g2-pod-system-kit\/#primaryimage"},"image":{"@id":"https:\/\/www.elementvape.de\/lt\/produkt\/voopoo-argus-g2-pod-system-kit\/#primaryimage"},"thumbnailUrl":"https:\/\/www.elementvape.de\/wp-content\/uploads\/2024\/06\/Argus-G2-Pod-Kit-1.webp","datePublished":"2024-06-18T02:58:12+00:00","dateModified":"2024-09-12T10:36:02+00:00","description":"Wir bieten VOOPOO Argus G2 Pod System Kit , Elementvape.de akzeptieren Gro\u00df-und Einzelhandel Bestellungen.","breadcrumb":{"@id":"https:\/\/www.elementvape.de\/lt\/produkt\/voopoo-argus-g2-pod-system-kit\/#breadcrumb"},"inLanguage":"fi","potentialAction":[{"@type":"ReadAction","target":["https:\/\/www.elementvape.de\/lt\/produkt\/voopoo-argus-g2-pod-system-kit\/"]}]},{"@type":"ImageObject","inLanguage":"fi","@id":"https:\/\/www.elementvape.de\/lt\/produkt\/voopoo-argus-g2-pod-system-kit\/#primaryimage","url":"https:\/\/www.elementvape.de\/wp-content\/uploads\/2024\/06\/Argus-G2-Pod-Kit-1.webp","contentUrl":"https:\/\/www.elementvape.de\/wp-content\/uploads\/2024\/06\/Argus-G2-Pod-Kit-1.webp","width":800,"height":800,"caption":"Argus-G2-Pod-Kit-1"},{"@type":"BreadcrumbList","@id":"https:\/\/www.elementvape.de\/lt\/produkt\/voopoo-argus-g2-pod-system-kit\/#breadcrumb","itemListElement":[{"@type":"ListItem","position":1,"name":"Home","item":"https:\/\/www.elementvape.de\/"},{"@type":"ListItem","position":2,"name":"Shop","item":"https:\/\/www.elementvape.de\/shop\/"},{"@type":"ListItem","position":3,"name":"VOOPOO Argus G2 Pod System Kit"}]},{"@type":"WebSite","@id":"https:\/\/www.elementvape.de\/#website","url":"https:\/\/www.elementvape.de\/","name":"ElementVape.de","description":"","publisher":{"@id":"https:\/\/www.elementvape.de\/#organization"},"potentialAction":[{"@type":"SearchAction","target":{"@type":"EntryPoint","urlTemplate":"https:\/\/www.elementvape.de\/?s={search_term_string}"},"query-input":"required name=search_term_string"}],"inLanguage":"fi"},{"@type":"Organization","@id":"https:\/\/www.elementvape.de\/#organization","name":"ElementVape.DE","url":"https:\/\/www.elementvape.de\/","logo":{"@type":"ImageObject","inLanguage":"fi","@id":"https:\/\/www.elementvape.de\/#\/schema\/logo\/image\/","url":"https:\/\/www.elementvape.de\/wp-content\/uploads\/2024\/09\/cropped-1elementvape-3.png","contentUrl":"https:\/\/www.elementvape.de\/wp-content\/uploads\/2024\/09\/cropped-1elementvape-3.png","width":285,"height":228,"caption":"ElementVape.DE"},"image":{"@id":"https:\/\/www.elementvape.de\/#\/schema\/logo\/image\/"}}]}},"_links":{"self":[{"href":"https:\/\/www.elementvape.de\/fi\/wp-json\/wp\/v2\/product\/12328"}],"collection":[{"href":"https:\/\/www.elementvape.de\/fi\/wp-json\/wp\/v2\/product"}],"about":[{"href":"https:\/\/www.elementvape.de\/fi\/wp-json\/wp\/v2\/types\/product"}],"wp:featuredmedia":[{"embeddable":true,"href":"https:\/\/www.elementvape.de\/fi\/wp-json\/wp\/v2\/media\/12330"}],"wp:attachment":[{"href":"https:\/\/www.elementvape.de\/fi\/wp-json\/wp\/v2\/media?parent=12328"}],"wp:term":[{"taxonomy":"product_cat","embeddable":true,"href":"https:\/\/www.elementvape.de\/fi\/wp-json\/wp\/v2\/product_cat?post=12328"},{"taxonomy":"product_tag","embeddable":true,"href":"https:\/\/www.elementvape.de\/fi\/wp-json\/wp\/v2\/product_tag?post=12328"}],"curies":[{"name":"wp","href":"https:\/\/api.w.org\/{rel}","templated":true}]}}