{"id":12247,"date":"2024-06-17T09:05:45","date_gmt":"2024-06-17T09:05:45","guid":{"rendered":"https:\/\/www.elementvape.de\/?post_type=product&#038;p=12247"},"modified":"2024-09-12T10:36:05","modified_gmt":"2024-09-12T10:36:05","slug":"voopoo-argus-g-pod-kit","status":"publish","type":"product","link":"https:\/\/www.elementvape.de\/fi\/produkt\/voopoo-argus-g-pod-kit\/","title":{"rendered":"VOOPOO ARGUS G Pod Kit"},"content":{"rendered":"<h2>Tuotekuvaus: VOOPOO ARGUS G Vape<\/h2>\n<p>Osta VOOPOO ARGUS G Vape -tuotteita parhailla tukkumyyntihinnoilla. ARGUS G on VOOPOOn ensimm\u00e4inen POD \u201esuorakulmainen tikkityyli\u201c, joka on suunniteltu tarjoamaan saumaton h\u00f6yrystyskokemus. Nanometrin mittakaavan kiillotusprosessien ja integroitu virtaviivainen alumiiniseoksesta valmistettu muotoilu tekee ARGUS G:st\u00e4 kiilt\u00e4v\u00e4n ja miellytt\u00e4v\u00e4n sile\u00e4n tuntuisen. Sis\u00e4\u00e4nrakennetulla 1000-mAh akulla se kattaa helposti noin 3 p\u00e4iv\u00e4n h\u00f6yrystystarpeen.<\/p>\n<h3>Ominaisuudet<\/h3>\n<ul>\n<li><strong>VOOPOO ITO-teknologia<\/strong>: Erityinen sumutusj\u00e4rjestelm\u00e4 MTL-h\u00f6yrystykseen, joka tarjoaa vakaan maun ja pident\u00e4\u00e4 kelaaikaa.<\/li>\n<li><strong>Tehoalue<\/strong>: 5 W:st\u00e4 25 W:iin, sopii Free Base- ja Nikotiinisuolas\u00e4hkylle.<\/li>\n<li><strong>Monitoimipainike OLED-n\u00e4yt\u00f6ll\u00e4<\/strong>: N\u00e4ytt\u00e4\u00e4 vedon m\u00e4\u00e4r\u00e4n, tehon ja ilmavirran sek\u00e4 manuaalisen lukitus-\/avauksentunnuksen.<\/li>\n<li><strong>Sis\u00e4\u00e4nrakennettu 1000 mAh akku<\/strong>: Kattaa jopa 3 p\u00e4iv\u00e4n h\u00f6yrystystarpeen.<\/li>\n<li><strong>Yhteensopivat kartut<\/strong>: ARGUS POD -kartut 0,7 \u03a9 ja 1,2 \u03a9 sek\u00e4 ARGUS POD -tyhj\u00e4t kartut eri VOOPOO ITO-keloilla.<\/li>\n<\/ul>\n<h4>Tekniset tiedot<\/h4>\n<ul>\n<li><strong>Koko<\/strong>: 25,7 x 13,5 x 110,9 mm<\/li>\n<li><strong>L\u00e4ht\u00f6teho<\/strong>: 5 \u2013 25 W<\/li>\n<li><strong>Kapasiteetti<\/strong>: 2 ml<\/li>\n<li><strong>vastus<\/strong>: ARGUS POD -karttu 0,7\/1,2 \u03a9<\/li>\n<li><strong>L\u00e4ht\u00f6j\u00e4nnite<\/strong>: 3,2 \u2013 4,2 V<\/li>\n<li><strong>Akku<\/strong>: 1000 mAh (sis\u00e4\u00e4nrakennettu)<\/li>\n<li><strong>Materiaali<\/strong>: Alumiiniseos + PCTG<\/li>\n<li><strong>V\u00e4rit<\/strong>: Hiekkainen virta kulta, Hohtava pinkki, Samettinen sininen, Avaruusharmaa, Kilpaileva vihre\u00e4, Auroora sininen, Kiilt\u00e4v\u00e4 musta<\/li>\n<\/ul>\n<h4>Pakkauksen sis\u00e4lt\u00f6<\/h4>\n<ul>\n<li>1 x ARGUS G POD-laite<\/li>\n<li>1 x ARGUS POD-ipatruuna 0,7 \u03a9<\/li>\n<li>1 x ARGUS POD-ipatruuna 1,2 \u03a9<\/li>\n<li>1 x K\u00e4ytt\u00f6ohje<\/li>\n<li>1 x Typ-C-kaapeli<\/li>\n<li>1 x Kantovy\u00f6<\/li>\n<li>1 x Argus Pod-alustakortti<\/li>\n<\/ul>\n<p>VOOPOO ARGUS G tarjoaa saumattoman ja henkil\u00f6kohtaisen h\u00f6yrystyskokemuksen kehittyneell\u00e4 teknologialla ja tyylikk\u00e4\u00e4ll\u00e4 muotoilulla. Osta nyt Vapewholesaleglobalilta parhailla tukkumyyntihinnoilla ja nauti ensiluokkaisesta vape-kokemuksesta!<\/p>","protected":false},"excerpt":{"rendered":"<p>Produktbeschreibung: VOOPOO ARGUS G Vape Kaufen Sie VOOPOO ARGUS G Vape-Produkte zu den besten Gro\u00dfhandelspreisen. Der ARGUS G ist VOOPOOs erster POD im \u201erechteckigen Stick-Stil\u201c, der f\u00fcr ein rundum reibungsloses Dampferlebnis entwickelt wurde. Durch die Polierprozesse im Nanometerma\u00dfstab und das integrierte stromlinienf\u00f6rmige Design aus Aluminiumlegierung gl\u00e4nzt der ARGUS G und f\u00fchlt sich angenehm glatt an. [&hellip;]<\/p>","protected":false},"featured_media":12248,"template":"","meta":{"inline_featured_image":false},"product_cat":[754,745,742,748,744,755,738,751,76],"product_tag":[],"tiered_pricing_type":"fixed","tiered_pricing_fixed_rules":[],"tiered_pricing_percentage_rules":[],"tiered_pricing_minimum":1,"_administrator_tiered_pricing_type":"fixed","_administrator_tiered_pricing_fixed_rules":[],"_editor_tiered_pricing_type":"fixed","_editor_tiered_pricing_fixed_rules":[],"_author_tiered_pricing_type":"fixed","_author_tiered_pricing_fixed_rules":[],"_contributor_tiered_pricing_type":"fixed","_contributor_tiered_pricing_fixed_rules":[],"_subscriber_tiered_pricing_type":"fixed","_subscriber_tiered_pricing_fixed_rules":[],"_customer_tiered_pricing_type":"fixed","_customer_tiered_pricing_fixed_rules":[],"_shop_manager_tiered_pricing_type":"fixed","_shop_manager_tiered_pricing_fixed_rules":[],"_wpseo_manager_tiered_pricing_type":"fixed","_wpseo_manager_tiered_pricing_fixed_rules":[],"_wpseo_editor_tiered_pricing_type":"fixed","_wpseo_editor_tiered_pricing_fixed_rules":[],"_wholesale_customer_tiered_pricing_type":"fixed","_wholesale_customer_tiered_pricing_fixed_rules":[],"_marketer_tiered_pricing_type":"fixed","_marketer_tiered_pricing_fixed_rules":[],"_sales_manager_tiered_pricing_type":"fixed","_sales_manager_tiered_pricing_fixed_rules":[],"_sales_rep_tiered_pricing_type":"fixed","_sales_rep_tiered_pricing_fixed_rules":[],"yoast_head":"<!-- This site is optimized with the Yoast SEO plugin v23.3 - https:\/\/yoast.com\/wordpress\/plugins\/seo\/ -->\n<title>VOOPOO ARGUS G Pod Kit | ElementVape.de<\/title>\n<meta name=\"description\" content=\"Wir bieten VOOPOO ARGUS G Pod Kit , Elementvape.de akzeptieren Gro\u00df-und Einzelhandel Bestellungen.\" \/>\n<meta name=\"robots\" content=\"index, follow, max-snippet:-1, max-image-preview:large, max-video-preview:-1\" \/>\n<link rel=\"canonical\" href=\"https:\/\/www.elementvape.de\/fi\/produkt\/voopoo-argus-g-pod-kit\/\" \/>\n<meta property=\"og:locale\" content=\"fi_FI\" \/>\n<meta property=\"og:type\" content=\"article\" \/>\n<meta property=\"og:title\" content=\"VOOPOO ARGUS G Pod Kit | ElementVape.de\" \/>\n<meta property=\"og:description\" content=\"Wir bieten VOOPOO ARGUS G Pod Kit , Elementvape.de akzeptieren Gro\u00df-und Einzelhandel Bestellungen.\" \/>\n<meta property=\"og:url\" content=\"https:\/\/www.elementvape.de\/fi\/produkt\/voopoo-argus-g-pod-kit\/\" \/>\n<meta property=\"og:site_name\" content=\"ElementVape.de\" \/>\n<meta property=\"article:modified_time\" content=\"2024-09-12T10:36:05+00:00\" \/>\n<meta property=\"og:image\" content=\"https:\/\/www.elementvape.de\/wp-content\/uploads\/2024\/06\/VOOPOO-ARGUS-G-Pod-Kit.webp\" \/>\n\t<meta property=\"og:image:width\" content=\"800\" \/>\n\t<meta property=\"og:image:height\" content=\"800\" \/>\n\t<meta property=\"og:image:type\" content=\"image\/webp\" \/>\n<meta name=\"twitter:card\" content=\"summary_large_image\" \/>\n<meta name=\"twitter:label1\" content=\"Est. reading time\" \/>\n\t<meta name=\"twitter:data1\" content=\"2 minuuttia\" \/>\n<script type=\"application\/ld+json\" class=\"yoast-schema-graph\">{\"@context\":\"https:\/\/schema.org\",\"@graph\":[{\"@type\":\"WebPage\",\"@id\":\"https:\/\/www.elementvape.de\/produkt\/voopoo-argus-g-pod-kit\/\",\"url\":\"https:\/\/www.elementvape.de\/produkt\/voopoo-argus-g-pod-kit\/\",\"name\":\"VOOPOO ARGUS G Pod Kit | ElementVape.de\",\"isPartOf\":{\"@id\":\"https:\/\/www.elementvape.de\/#website\"},\"primaryImageOfPage\":{\"@id\":\"https:\/\/www.elementvape.de\/produkt\/voopoo-argus-g-pod-kit\/#primaryimage\"},\"image\":{\"@id\":\"https:\/\/www.elementvape.de\/produkt\/voopoo-argus-g-pod-kit\/#primaryimage\"},\"thumbnailUrl\":\"https:\/\/www.elementvape.de\/wp-content\/uploads\/2024\/06\/VOOPOO-ARGUS-G-Pod-Kit.webp\",\"datePublished\":\"2024-06-17T09:05:45+00:00\",\"dateModified\":\"2024-09-12T10:36:05+00:00\",\"description\":\"Wir bieten VOOPOO ARGUS G Pod Kit , Elementvape.de akzeptieren Gro\u00df-und Einzelhandel Bestellungen.\",\"breadcrumb\":{\"@id\":\"https:\/\/www.elementvape.de\/produkt\/voopoo-argus-g-pod-kit\/#breadcrumb\"},\"inLanguage\":\"fi\",\"potentialAction\":[{\"@type\":\"ReadAction\",\"target\":[\"https:\/\/www.elementvape.de\/produkt\/voopoo-argus-g-pod-kit\/\"]}]},{\"@type\":\"ImageObject\",\"inLanguage\":\"fi\",\"@id\":\"https:\/\/www.elementvape.de\/produkt\/voopoo-argus-g-pod-kit\/#primaryimage\",\"url\":\"https:\/\/www.elementvape.de\/wp-content\/uploads\/2024\/06\/VOOPOO-ARGUS-G-Pod-Kit.webp\",\"contentUrl\":\"https:\/\/www.elementvape.de\/wp-content\/uploads\/2024\/06\/VOOPOO-ARGUS-G-Pod-Kit.webp\",\"width\":800,\"height\":800,\"caption\":\"VOOPOO-ARGUS-G-Pod-Kit\"},{\"@type\":\"BreadcrumbList\",\"@id\":\"https:\/\/www.elementvape.de\/produkt\/voopoo-argus-g-pod-kit\/#breadcrumb\",\"itemListElement\":[{\"@type\":\"ListItem\",\"position\":1,\"name\":\"Home\",\"item\":\"https:\/\/www.elementvape.de\/\"},{\"@type\":\"ListItem\",\"position\":2,\"name\":\"Shop\",\"item\":\"https:\/\/www.elementvape.de\/shop\/\"},{\"@type\":\"ListItem\",\"position\":3,\"name\":\"VOOPOO ARGUS G Pod Kit\"}]},{\"@type\":\"WebSite\",\"@id\":\"https:\/\/www.elementvape.de\/#website\",\"url\":\"https:\/\/www.elementvape.de\/\",\"name\":\"ElementVape.de\",\"description\":\"\",\"publisher\":{\"@id\":\"https:\/\/www.elementvape.de\/#organization\"},\"potentialAction\":[{\"@type\":\"SearchAction\",\"target\":{\"@type\":\"EntryPoint\",\"urlTemplate\":\"https:\/\/www.elementvape.de\/?s={search_term_string}\"},\"query-input\":\"required name=search_term_string\"}],\"inLanguage\":\"fi\"},{\"@type\":\"Organization\",\"@id\":\"https:\/\/www.elementvape.de\/#organization\",\"name\":\"ElementVape.DE\",\"url\":\"https:\/\/www.elementvape.de\/\",\"logo\":{\"@type\":\"ImageObject\",\"inLanguage\":\"fi\",\"@id\":\"https:\/\/www.elementvape.de\/#\/schema\/logo\/image\/\",\"url\":\"https:\/\/www.elementvape.de\/wp-content\/uploads\/2024\/09\/cropped-1elementvape-3.png\",\"contentUrl\":\"https:\/\/www.elementvape.de\/wp-content\/uploads\/2024\/09\/cropped-1elementvape-3.png\",\"width\":285,\"height\":228,\"caption\":\"ElementVape.DE\"},\"image\":{\"@id\":\"https:\/\/www.elementvape.de\/#\/schema\/logo\/image\/\"}}]}<\/script>\n<!-- \/ Yoast SEO plugin. -->","yoast_head_json":{"title":"VOOPOO ARGUS G Pod Kit | ElementVape.de","description":"Wir bieten VOOPOO ARGUS G Pod Kit , Elementvape.de akzeptieren Gro\u00df-und Einzelhandel Bestellungen.","robots":{"index":"index","follow":"follow","max-snippet":"max-snippet:-1","max-image-preview":"max-image-preview:large","max-video-preview":"max-video-preview:-1"},"canonical":"https:\/\/www.elementvape.de\/fi\/produkt\/voopoo-argus-g-pod-kit\/","og_locale":"fi_FI","og_type":"article","og_title":"VOOPOO ARGUS G Pod Kit | ElementVape.de","og_description":"Wir bieten VOOPOO ARGUS G Pod Kit , Elementvape.de akzeptieren Gro\u00df-und Einzelhandel Bestellungen.","og_url":"https:\/\/www.elementvape.de\/fi\/produkt\/voopoo-argus-g-pod-kit\/","og_site_name":"ElementVape.de","article_modified_time":"2024-09-12T10:36:05+00:00","og_image":[{"width":800,"height":800,"url":"https:\/\/www.elementvape.de\/wp-content\/uploads\/2024\/06\/VOOPOO-ARGUS-G-Pod-Kit.webp","type":"image\/webp"}],"twitter_card":"summary_large_image","twitter_misc":{"Est. reading time":"2 minuuttia"},"schema":{"@context":"https:\/\/schema.org","@graph":[{"@type":"WebPage","@id":"https:\/\/www.elementvape.de\/produkt\/voopoo-argus-g-pod-kit\/","url":"https:\/\/www.elementvape.de\/produkt\/voopoo-argus-g-pod-kit\/","name":"VOOPOO ARGUS G Pod Kit | ElementVape.de","isPartOf":{"@id":"https:\/\/www.elementvape.de\/#website"},"primaryImageOfPage":{"@id":"https:\/\/www.elementvape.de\/produkt\/voopoo-argus-g-pod-kit\/#primaryimage"},"image":{"@id":"https:\/\/www.elementvape.de\/produkt\/voopoo-argus-g-pod-kit\/#primaryimage"},"thumbnailUrl":"https:\/\/www.elementvape.de\/wp-content\/uploads\/2024\/06\/VOOPOO-ARGUS-G-Pod-Kit.webp","datePublished":"2024-06-17T09:05:45+00:00","dateModified":"2024-09-12T10:36:05+00:00","description":"Wir bieten VOOPOO ARGUS G Pod Kit , Elementvape.de akzeptieren Gro\u00df-und Einzelhandel Bestellungen.","breadcrumb":{"@id":"https:\/\/www.elementvape.de\/produkt\/voopoo-argus-g-pod-kit\/#breadcrumb"},"inLanguage":"fi","potentialAction":[{"@type":"ReadAction","target":["https:\/\/www.elementvape.de\/produkt\/voopoo-argus-g-pod-kit\/"]}]},{"@type":"ImageObject","inLanguage":"fi","@id":"https:\/\/www.elementvape.de\/produkt\/voopoo-argus-g-pod-kit\/#primaryimage","url":"https:\/\/www.elementvape.de\/wp-content\/uploads\/2024\/06\/VOOPOO-ARGUS-G-Pod-Kit.webp","contentUrl":"https:\/\/www.elementvape.de\/wp-content\/uploads\/2024\/06\/VOOPOO-ARGUS-G-Pod-Kit.webp","width":800,"height":800,"caption":"VOOPOO-ARGUS-G-Pod-Kit"},{"@type":"BreadcrumbList","@id":"https:\/\/www.elementvape.de\/produkt\/voopoo-argus-g-pod-kit\/#breadcrumb","itemListElement":[{"@type":"ListItem","position":1,"name":"Home","item":"https:\/\/www.elementvape.de\/"},{"@type":"ListItem","position":2,"name":"Shop","item":"https:\/\/www.elementvape.de\/shop\/"},{"@type":"ListItem","position":3,"name":"VOOPOO ARGUS G Pod Kit"}]},{"@type":"WebSite","@id":"https:\/\/www.elementvape.de\/#website","url":"https:\/\/www.elementvape.de\/","name":"ElementVape.de","description":"","publisher":{"@id":"https:\/\/www.elementvape.de\/#organization"},"potentialAction":[{"@type":"SearchAction","target":{"@type":"EntryPoint","urlTemplate":"https:\/\/www.elementvape.de\/?s={search_term_string}"},"query-input":"required name=search_term_string"}],"inLanguage":"fi"},{"@type":"Organization","@id":"https:\/\/www.elementvape.de\/#organization","name":"ElementVape.DE","url":"https:\/\/www.elementvape.de\/","logo":{"@type":"ImageObject","inLanguage":"fi","@id":"https:\/\/www.elementvape.de\/#\/schema\/logo\/image\/","url":"https:\/\/www.elementvape.de\/wp-content\/uploads\/2024\/09\/cropped-1elementvape-3.png","contentUrl":"https:\/\/www.elementvape.de\/wp-content\/uploads\/2024\/09\/cropped-1elementvape-3.png","width":285,"height":228,"caption":"ElementVape.DE"},"image":{"@id":"https:\/\/www.elementvape.de\/#\/schema\/logo\/image\/"}}]}},"_links":{"self":[{"href":"https:\/\/www.elementvape.de\/fi\/wp-json\/wp\/v2\/product\/12247"}],"collection":[{"href":"https:\/\/www.elementvape.de\/fi\/wp-json\/wp\/v2\/product"}],"about":[{"href":"https:\/\/www.elementvape.de\/fi\/wp-json\/wp\/v2\/types\/product"}],"wp:featuredmedia":[{"embeddable":true,"href":"https:\/\/www.elementvape.de\/fi\/wp-json\/wp\/v2\/media\/12248"}],"wp:attachment":[{"href":"https:\/\/www.elementvape.de\/fi\/wp-json\/wp\/v2\/media?parent=12247"}],"wp:term":[{"taxonomy":"product_cat","embeddable":true,"href":"https:\/\/www.elementvape.de\/fi\/wp-json\/wp\/v2\/product_cat?post=12247"},{"taxonomy":"product_tag","embeddable":true,"href":"https:\/\/www.elementvape.de\/fi\/wp-json\/wp\/v2\/product_tag?post=12247"}],"curies":[{"name":"wp","href":"https:\/\/api.w.org\/{rel}","templated":true}]}}