{"id":12218,"date":"2024-06-17T08:33:58","date_gmt":"2024-06-17T08:33:58","guid":{"rendered":"https:\/\/www.elementvape.de\/?post_type=product&#038;p=12218"},"modified":"2024-09-12T10:36:06","modified_gmt":"2024-09-12T10:36:06","slug":"voopoo-drag-q-pod-system-kit","status":"publish","type":"product","link":"https:\/\/www.elementvape.de\/fi\/produkt\/voopoo-drag-q-pod-system-kit\/","title":{"rendered":"VOOPOO Drag Q -pod-j\u00e4rjestelm\u00e4paketti"},"content":{"rendered":"<h2>Tuotekuvaus: VOOPOO Drag Q Kit<\/h2>\n<h4>Yleiskatsaus<\/h4>\n<p>Elementvape.de tarjoaa laajan valikoiman korkealaatuisia E-savukkeita, kittej\u00e4, modeja, podeja ja E-liquideja. VOOPOO Drag Q Kit on erityisesti suunniteltu MTL- (Suuhun hengitys) ja RDL- (Rajoitettu suora keuhko) h\u00f6yrykokemuksiin. Maksimiteholla 25 W ja sis\u00e4isell\u00e4 1250 mAh-akulla t\u00e4m\u00e4 laite on kompakti ja helppo kuljettaa.<\/p>\n<h4>Ominaisuudet<\/h4>\n<ul>\n<li><strong>\u00c4lyk\u00e4s ilmanvaihdon s\u00e4\u00e4t\u00f6<\/strong>: Automaattinen ilmanottojen s\u00e4\u00e4t\u00f6 optimaalisen h\u00f6yrykokemuksen saavuttamiseksi.<\/li>\n<li><strong>Kuun muotoinen ilmanottoaukko<\/strong>: Innovatiivinen muotoilu parannetun ilmavirran saavuttamiseksi.<\/li>\n<li><strong>VOOPOO ITO-tekniikka<\/strong>: Edistynyt teknologia puhtaan maun ja tihe\u00e4n h\u00f6yryn saavuttamiseksi.<\/li>\n<li><strong>Gradienttivalo<\/strong>: Tyylik\u00e4s muotoiluelementti, joka n\u00e4ytt\u00e4\u00e4 akun varaustilan.<\/li>\n<li><strong>Eri MTL-h\u00f6yrykokemukset<\/strong>: S\u00e4\u00e4dett\u00e4v\u00e4t asetukset yksil\u00f6llisen h\u00f6yrykokemuksen saavuttamiseksi.<\/li>\n<li><strong>2A Type-C-lataus<\/strong>: Nopea ja tehokas lataus.<\/li>\n<\/ul>\n<h4>Fyysiset parametrit<\/h4>\n<ul>\n<li><strong>Tuotenimi<\/strong>: DRAG Q<\/li>\n<li><strong>Koko<\/strong>: 92,5 x 24 x 14,14 mm<\/li>\n<li><strong>Tehoalue<\/strong>: 8 \u2013 25 W<\/li>\n<li><strong>Kapasiteetti<\/strong>:\n<ul>\n<li>Standardi: 3,5 ml<\/li>\n<li>FI: 3,5 ml<\/li>\n<li>TPD: 2 ml<\/li>\n<\/ul>\n<\/li>\n<li><strong>vastusalue<\/strong>: 0,3 \u2013 3,0 \u03a9<\/li>\n<li><strong>L\u00e4ht\u00f6j\u00e4nnite<\/strong>: 3,2 \u2013 4,2 V<\/li>\n<li><strong>Akku<\/strong>: 1250 mAh (sis\u00e4\u00e4nrakennettu akku)<\/li>\n<li><strong>Standardiset kela<\/strong>: ITO-M0 (0,5 \u03a9) \/ ITO-M3 (1,2 \u03a9)<\/li>\n<li><strong>Yhteensopivat kelat<\/strong>: ITO-M0, ITO-M1, ITO-M2, ITO-M3<\/li>\n<\/ul>\n<h4>Pakkauksen sis\u00e4lt\u00f6<\/h4>\n<ul>\n<li>1 x DRAG Q -laite<\/li>\n<li>1 x ITO-X POD (3,5 ml)<\/li>\n<li>1 x ITO-M0, 0,5 \u03a9 kelan<\/li>\n<li>1 x ITO-M3, 1,2 \u03a9 kelan<\/li>\n<li>1 x Type-C-johto<\/li>\n<li>1 x K\u00e4ytt\u00f6ohje<\/li>\n<li>1 x ITO Mesh Coil -kortti<\/li>\n<\/ul>\n<p>Koe t\u00e4ydellinen yhdistelm\u00e4 muotoilua, suorituskyky\u00e4 ja kest\u00e4vyytt\u00e4 VOOPOO Drag Q Kitill\u00e4. Osta nyt Vape Wholesale Globalilta parhailla tukkumyyntihinnoilla ja nauti ensiluokkaisesta h\u00f6yryst\u00e4miskokemuksesta!<\/p>","protected":false},"excerpt":{"rendered":"<p>Produktbeschreibung: VOOPOO Drag Q Kit \u00dcberblick Elementvape.de bieten eine breite Palette an hochwertigen E-Zigaretten, Kits, Mods, Pods und E-Liquids an. Das VOOPOO Drag Q Kit ist speziell entwickelt f\u00fcr MTL- (Mouth to Lung) und RDL- (Restricted Direct Lung) Dampferlebnisse. Mit einer maximalen Leistung von 25 W und einem internen 1250 mAh-Akku ist dieses Ger\u00e4t kompakt [&hellip;]<\/p>","protected":false},"featured_media":12219,"template":"","meta":{"inline_featured_image":false},"product_cat":[754,745,742,748,744,755,738,751,76,79],"product_tag":[],"tiered_pricing_type":"fixed","tiered_pricing_fixed_rules":[],"tiered_pricing_percentage_rules":[],"tiered_pricing_minimum":1,"_administrator_tiered_pricing_type":"fixed","_administrator_tiered_pricing_fixed_rules":[],"_editor_tiered_pricing_type":"fixed","_editor_tiered_pricing_fixed_rules":[],"_author_tiered_pricing_type":"fixed","_author_tiered_pricing_fixed_rules":[],"_contributor_tiered_pricing_type":"fixed","_contributor_tiered_pricing_fixed_rules":[],"_subscriber_tiered_pricing_type":"fixed","_subscriber_tiered_pricing_fixed_rules":[],"_customer_tiered_pricing_type":"fixed","_customer_tiered_pricing_fixed_rules":[],"_shop_manager_tiered_pricing_type":"fixed","_shop_manager_tiered_pricing_fixed_rules":[],"_wpseo_manager_tiered_pricing_type":"fixed","_wpseo_manager_tiered_pricing_fixed_rules":[],"_wpseo_editor_tiered_pricing_type":"fixed","_wpseo_editor_tiered_pricing_fixed_rules":[],"_wholesale_customer_tiered_pricing_type":"fixed","_wholesale_customer_tiered_pricing_fixed_rules":[],"_marketer_tiered_pricing_type":"fixed","_marketer_tiered_pricing_fixed_rules":[],"_sales_manager_tiered_pricing_type":"fixed","_sales_manager_tiered_pricing_fixed_rules":[],"_sales_rep_tiered_pricing_type":"fixed","_sales_rep_tiered_pricing_fixed_rules":[],"yoast_head":"<!-- This site is optimized with the Yoast SEO plugin v23.3 - https:\/\/yoast.com\/wordpress\/plugins\/seo\/ -->\n<title>VOOPOO Drag Q Pod System Kit | ElementVape.de<\/title>\n<meta name=\"description\" content=\"Wir bieten VOOPOO Drag Q Pod System Kit , Elementvape.de akzeptieren Gro\u00df-und Einzelhandel Bestellungen.\" \/>\n<meta name=\"robots\" content=\"index, follow, max-snippet:-1, max-image-preview:large, max-video-preview:-1\" \/>\n<link rel=\"canonical\" href=\"https:\/\/www.elementvape.de\/fi\/produkt\/voopoo-drag-q-pod-system-kit\/\" \/>\n<meta property=\"og:locale\" content=\"fi_FI\" \/>\n<meta property=\"og:type\" content=\"article\" \/>\n<meta property=\"og:title\" content=\"VOOPOO Drag Q Pod System Kit | ElementVape.de\" \/>\n<meta property=\"og:description\" content=\"Wir bieten VOOPOO Drag Q Pod System Kit , Elementvape.de akzeptieren Gro\u00df-und Einzelhandel Bestellungen.\" \/>\n<meta property=\"og:url\" content=\"https:\/\/www.elementvape.de\/fi\/produkt\/voopoo-drag-q-pod-system-kit\/\" \/>\n<meta property=\"og:site_name\" content=\"ElementVape.de\" \/>\n<meta property=\"article:modified_time\" content=\"2024-09-12T10:36:06+00:00\" \/>\n<meta property=\"og:image\" content=\"https:\/\/www.elementvape.de\/wp-content\/uploads\/2024\/06\/VooPoo-Drag-Q-Pod-System-Kit.webp\" \/>\n\t<meta property=\"og:image:width\" content=\"800\" \/>\n\t<meta property=\"og:image:height\" content=\"800\" \/>\n\t<meta property=\"og:image:type\" content=\"image\/webp\" \/>\n<meta name=\"twitter:card\" content=\"summary_large_image\" \/>\n<meta name=\"twitter:label1\" content=\"Est. reading time\" \/>\n\t<meta name=\"twitter:data1\" content=\"2 minuuttia\" \/>\n<script type=\"application\/ld+json\" class=\"yoast-schema-graph\">{\"@context\":\"https:\/\/schema.org\",\"@graph\":[{\"@type\":\"WebPage\",\"@id\":\"https:\/\/www.elementvape.de\/produkt\/voopoo-drag-q-pod-system-kit\/\",\"url\":\"https:\/\/www.elementvape.de\/produkt\/voopoo-drag-q-pod-system-kit\/\",\"name\":\"VOOPOO Drag Q Pod System Kit | ElementVape.de\",\"isPartOf\":{\"@id\":\"https:\/\/www.elementvape.de\/#website\"},\"primaryImageOfPage\":{\"@id\":\"https:\/\/www.elementvape.de\/produkt\/voopoo-drag-q-pod-system-kit\/#primaryimage\"},\"image\":{\"@id\":\"https:\/\/www.elementvape.de\/produkt\/voopoo-drag-q-pod-system-kit\/#primaryimage\"},\"thumbnailUrl\":\"https:\/\/www.elementvape.de\/wp-content\/uploads\/2024\/06\/VooPoo-Drag-Q-Pod-System-Kit.webp\",\"datePublished\":\"2024-06-17T08:33:58+00:00\",\"dateModified\":\"2024-09-12T10:36:06+00:00\",\"description\":\"Wir bieten VOOPOO Drag Q Pod System Kit , Elementvape.de akzeptieren Gro\u00df-und Einzelhandel Bestellungen.\",\"breadcrumb\":{\"@id\":\"https:\/\/www.elementvape.de\/produkt\/voopoo-drag-q-pod-system-kit\/#breadcrumb\"},\"inLanguage\":\"fi\",\"potentialAction\":[{\"@type\":\"ReadAction\",\"target\":[\"https:\/\/www.elementvape.de\/produkt\/voopoo-drag-q-pod-system-kit\/\"]}]},{\"@type\":\"ImageObject\",\"inLanguage\":\"fi\",\"@id\":\"https:\/\/www.elementvape.de\/produkt\/voopoo-drag-q-pod-system-kit\/#primaryimage\",\"url\":\"https:\/\/www.elementvape.de\/wp-content\/uploads\/2024\/06\/VooPoo-Drag-Q-Pod-System-Kit.webp\",\"contentUrl\":\"https:\/\/www.elementvape.de\/wp-content\/uploads\/2024\/06\/VooPoo-Drag-Q-Pod-System-Kit.webp\",\"width\":800,\"height\":800,\"caption\":\"VooPoo-Drag-Q-Pod-System-Kit\"},{\"@type\":\"BreadcrumbList\",\"@id\":\"https:\/\/www.elementvape.de\/produkt\/voopoo-drag-q-pod-system-kit\/#breadcrumb\",\"itemListElement\":[{\"@type\":\"ListItem\",\"position\":1,\"name\":\"Home\",\"item\":\"https:\/\/www.elementvape.de\/\"},{\"@type\":\"ListItem\",\"position\":2,\"name\":\"Shop\",\"item\":\"https:\/\/www.elementvape.de\/shop\/\"},{\"@type\":\"ListItem\",\"position\":3,\"name\":\"VOOPOO Drag Q Pod System Kit\"}]},{\"@type\":\"WebSite\",\"@id\":\"https:\/\/www.elementvape.de\/#website\",\"url\":\"https:\/\/www.elementvape.de\/\",\"name\":\"ElementVape.de\",\"description\":\"\",\"publisher\":{\"@id\":\"https:\/\/www.elementvape.de\/#organization\"},\"potentialAction\":[{\"@type\":\"SearchAction\",\"target\":{\"@type\":\"EntryPoint\",\"urlTemplate\":\"https:\/\/www.elementvape.de\/?s={search_term_string}\"},\"query-input\":\"required name=search_term_string\"}],\"inLanguage\":\"fi\"},{\"@type\":\"Organization\",\"@id\":\"https:\/\/www.elementvape.de\/#organization\",\"name\":\"ElementVape.DE\",\"url\":\"https:\/\/www.elementvape.de\/\",\"logo\":{\"@type\":\"ImageObject\",\"inLanguage\":\"fi\",\"@id\":\"https:\/\/www.elementvape.de\/#\/schema\/logo\/image\/\",\"url\":\"https:\/\/www.elementvape.de\/wp-content\/uploads\/2024\/09\/cropped-1elementvape-3.png\",\"contentUrl\":\"https:\/\/www.elementvape.de\/wp-content\/uploads\/2024\/09\/cropped-1elementvape-3.png\",\"width\":285,\"height\":228,\"caption\":\"ElementVape.DE\"},\"image\":{\"@id\":\"https:\/\/www.elementvape.de\/#\/schema\/logo\/image\/\"}}]}<\/script>\n<!-- \/ Yoast SEO plugin. -->","yoast_head_json":{"title":"VOOPOO Drag Q Pod System Kit | ElementVape.de","description":"Wir bieten VOOPOO Drag Q Pod System Kit , Elementvape.de akzeptieren Gro\u00df-und Einzelhandel Bestellungen.","robots":{"index":"index","follow":"follow","max-snippet":"max-snippet:-1","max-image-preview":"max-image-preview:large","max-video-preview":"max-video-preview:-1"},"canonical":"https:\/\/www.elementvape.de\/fi\/produkt\/voopoo-drag-q-pod-system-kit\/","og_locale":"fi_FI","og_type":"article","og_title":"VOOPOO Drag Q Pod System Kit | ElementVape.de","og_description":"Wir bieten VOOPOO Drag Q Pod System Kit , Elementvape.de akzeptieren Gro\u00df-und Einzelhandel Bestellungen.","og_url":"https:\/\/www.elementvape.de\/fi\/produkt\/voopoo-drag-q-pod-system-kit\/","og_site_name":"ElementVape.de","article_modified_time":"2024-09-12T10:36:06+00:00","og_image":[{"width":800,"height":800,"url":"https:\/\/www.elementvape.de\/wp-content\/uploads\/2024\/06\/VooPoo-Drag-Q-Pod-System-Kit.webp","type":"image\/webp"}],"twitter_card":"summary_large_image","twitter_misc":{"Est. reading time":"2 minuuttia"},"schema":{"@context":"https:\/\/schema.org","@graph":[{"@type":"WebPage","@id":"https:\/\/www.elementvape.de\/produkt\/voopoo-drag-q-pod-system-kit\/","url":"https:\/\/www.elementvape.de\/produkt\/voopoo-drag-q-pod-system-kit\/","name":"VOOPOO Drag Q Pod System Kit | ElementVape.de","isPartOf":{"@id":"https:\/\/www.elementvape.de\/#website"},"primaryImageOfPage":{"@id":"https:\/\/www.elementvape.de\/produkt\/voopoo-drag-q-pod-system-kit\/#primaryimage"},"image":{"@id":"https:\/\/www.elementvape.de\/produkt\/voopoo-drag-q-pod-system-kit\/#primaryimage"},"thumbnailUrl":"https:\/\/www.elementvape.de\/wp-content\/uploads\/2024\/06\/VooPoo-Drag-Q-Pod-System-Kit.webp","datePublished":"2024-06-17T08:33:58+00:00","dateModified":"2024-09-12T10:36:06+00:00","description":"Wir bieten VOOPOO Drag Q Pod System Kit , Elementvape.de akzeptieren Gro\u00df-und Einzelhandel Bestellungen.","breadcrumb":{"@id":"https:\/\/www.elementvape.de\/produkt\/voopoo-drag-q-pod-system-kit\/#breadcrumb"},"inLanguage":"fi","potentialAction":[{"@type":"ReadAction","target":["https:\/\/www.elementvape.de\/produkt\/voopoo-drag-q-pod-system-kit\/"]}]},{"@type":"ImageObject","inLanguage":"fi","@id":"https:\/\/www.elementvape.de\/produkt\/voopoo-drag-q-pod-system-kit\/#primaryimage","url":"https:\/\/www.elementvape.de\/wp-content\/uploads\/2024\/06\/VooPoo-Drag-Q-Pod-System-Kit.webp","contentUrl":"https:\/\/www.elementvape.de\/wp-content\/uploads\/2024\/06\/VooPoo-Drag-Q-Pod-System-Kit.webp","width":800,"height":800,"caption":"VooPoo-Drag-Q-Pod-System-Kit"},{"@type":"BreadcrumbList","@id":"https:\/\/www.elementvape.de\/produkt\/voopoo-drag-q-pod-system-kit\/#breadcrumb","itemListElement":[{"@type":"ListItem","position":1,"name":"Home","item":"https:\/\/www.elementvape.de\/"},{"@type":"ListItem","position":2,"name":"Shop","item":"https:\/\/www.elementvape.de\/shop\/"},{"@type":"ListItem","position":3,"name":"VOOPOO Drag Q Pod System Kit"}]},{"@type":"WebSite","@id":"https:\/\/www.elementvape.de\/#website","url":"https:\/\/www.elementvape.de\/","name":"ElementVape.de","description":"","publisher":{"@id":"https:\/\/www.elementvape.de\/#organization"},"potentialAction":[{"@type":"SearchAction","target":{"@type":"EntryPoint","urlTemplate":"https:\/\/www.elementvape.de\/?s={search_term_string}"},"query-input":"required name=search_term_string"}],"inLanguage":"fi"},{"@type":"Organization","@id":"https:\/\/www.elementvape.de\/#organization","name":"ElementVape.DE","url":"https:\/\/www.elementvape.de\/","logo":{"@type":"ImageObject","inLanguage":"fi","@id":"https:\/\/www.elementvape.de\/#\/schema\/logo\/image\/","url":"https:\/\/www.elementvape.de\/wp-content\/uploads\/2024\/09\/cropped-1elementvape-3.png","contentUrl":"https:\/\/www.elementvape.de\/wp-content\/uploads\/2024\/09\/cropped-1elementvape-3.png","width":285,"height":228,"caption":"ElementVape.DE"},"image":{"@id":"https:\/\/www.elementvape.de\/#\/schema\/logo\/image\/"}}]}},"_links":{"self":[{"href":"https:\/\/www.elementvape.de\/fi\/wp-json\/wp\/v2\/product\/12218"}],"collection":[{"href":"https:\/\/www.elementvape.de\/fi\/wp-json\/wp\/v2\/product"}],"about":[{"href":"https:\/\/www.elementvape.de\/fi\/wp-json\/wp\/v2\/types\/product"}],"wp:featuredmedia":[{"embeddable":true,"href":"https:\/\/www.elementvape.de\/fi\/wp-json\/wp\/v2\/media\/12219"}],"wp:attachment":[{"href":"https:\/\/www.elementvape.de\/fi\/wp-json\/wp\/v2\/media?parent=12218"}],"wp:term":[{"taxonomy":"product_cat","embeddable":true,"href":"https:\/\/www.elementvape.de\/fi\/wp-json\/wp\/v2\/product_cat?post=12218"},{"taxonomy":"product_tag","embeddable":true,"href":"https:\/\/www.elementvape.de\/fi\/wp-json\/wp\/v2\/product_tag?post=12218"}],"curies":[{"name":"wp","href":"https:\/\/api.w.org\/{rel}","templated":true}]}}