{"id":12099,"date":"2024-06-08T08:38:38","date_gmt":"2024-06-08T08:38:38","guid":{"rendered":"https:\/\/www.elementvape.de\/?post_type=product&#038;p=12099"},"modified":"2024-09-12T10:36:10","modified_gmt":"2024-09-12T10:36:10","slug":"vaporesso-gen-air-40-pod-kit","status":"publish","type":"product","link":"https:\/\/www.elementvape.de\/fi\/produkt\/vaporesso-gen-air-40-pod-kit\/","title":{"rendered":"Vaporesso GEN Air 40 Pod Kit"},"content":{"rendered":"<div class=\"flex-shrink-0 flex flex-col relative items-end\">\n<div>\n<div class=\"pt-0.5 juice:pt-0\">\n<div class=\"gizmo-bot-avatar flex h-6 w-6 items-center justify-center overflow-hidden rounded-full juice:h-8 juice:w-8\">\n<div class=\"relative p-1 rounded-sm flex items-center justify-center bg-token-main-surface-primary text-token-text-primary h-8 w-8\"><\/div>\n<\/div>\n<\/div>\n<\/div>\n<\/div>\n<div class=\"group\/conversation-turn relative flex w-full min-w-0 flex-col agent-turn\">\n<div class=\"flex-col gap-1 md:gap-3\">\n<div class=\"flex flex-grow flex-col max-w-full\">\n<div class=\"min-h-[20px] text-message flex flex-col items-start whitespace-pre-wrap break-words [.text-message+&amp;]:mt-5 juice:w-full juice:items-end overflow-x-auto gap-2\" dir=\"auto\" data-message-author-role=\"assistant\" data-message-id=\"be84eb05-6b14-42c9-95f0-f5d5d8cbbd5c\">\n<div class=\"flex w-full flex-col gap-1 juice:empty:hidden juice:first:pt-[3px]\">\n<div class=\"markdown prose w-full break-words dark:prose-invert light\">\n<h3>Kuvaus Vaporesso GEN Air 40 Pod Kitist\u00e4<\/h3>\n<p>Vaporesso GEN Air 40 on kevyt mutta tehokas pod-j\u00e4rjestelm\u00e4, joka on suunniteltu tarjoamaan erinomainen h\u00f6yrykokemus. Se yhdist\u00e4\u00e4 tyylikk\u00e4\u00e4n muotoilun innovatiiviseen teknologiaan, mik\u00e4 tekee siit\u00e4 ihanteellisen valinnan sek\u00e4 aloittelijoille ett\u00e4 kokeneille h\u00f6yrytt\u00e4jille. Vapewholesale Global, virallinen Vaporesso-j\u00e4lleenmyyj\u00e4, tarjoaa t\u00e4m\u00e4n setin kilpailukykyisin\u00e4 tukkuhinnoin.<\/p>\n<h3>P\u00e4\u00e4ominaisuudet:<\/h3>\n<ul>\n<li><strong>Kevyt kotelo<\/strong>: Painoltaan vain 67 g, GEN Air 40 on kevyin 40 W:n pod, mik\u00e4 tekee siit\u00e4 eritt\u00e4in kannettavan ja k\u00e4ytt\u00e4j\u00e4yst\u00e4v\u00e4llisen.<\/li>\n<li><strong>Vahva akku<\/strong>: Sis\u00e4\u00e4nrakennettu 1800-mAh akku tarjoaa pitk\u00e4kestoisen suorituskyvyn pitkille h\u00f6yryistunnoille.<\/li>\n<li><strong>Tyylik\u00e4s muotoilu<\/strong>: Herkk\u00e4 tekstuuri ja moderni ulkon\u00e4k\u00f6 tekev\u00e4t GEN Air 40:st\u00e4 houkuttelevan laitteen.<\/li>\n<li><strong>Uudelleen kehitetty GTX 0,4 \u03a9 kela<\/strong>: T\u00e4m\u00e4 kela yhdistettyn\u00e4 tarkkaan AOP (Adjustable-Airflow On Pod) -ilmastointij\u00e4rjestelm\u00e4\u00e4n tarjoaa parannetun makuel\u00e4myksen, erityisesti RDL (Restricted Direct-to-Lung) -k\u00e4ytt\u00e4jille.<\/li>\n<li><strong>AXON-siru<\/strong>: T\u00e4m\u00e4 modin siru takaa helpon ja huolettoman h\u00f6yrykokemuksen, ihanteellinen aloittelijoille.<\/li>\n<li><strong>SSS- vuototurvateknologia<\/strong>: Est\u00e4\u00e4 vuotoja ja varmistaa puhtaan h\u00f6yrykokemuksen.<\/li>\n<\/ul>\n<h3>Tekniset parametrit:<\/h3>\n<ul>\n<li><strong>Koko<\/strong>: 103,05 x 31,55 x 20,5 mm<\/li>\n<li><strong>Kapasiteetti<\/strong>: 4,5 ml \/ 2 ml (TPD\/UK)<\/li>\n<li><strong>vastus<\/strong>: 0,4\u03a9 \/ 0,8\u03a9<\/li>\n<li><strong>Akku<\/strong>: 1800 mAh<\/li>\n<li><strong>L\u00e4ht\u00f6teho<\/strong>: 5-40 W<\/li>\n<\/ul>\n<h3>Toimituksen sis\u00e4lt\u00f6:<\/h3>\n<ul>\n<li><strong>1 x Vaporesso GEN Air 40 Akku<\/strong>: P\u00e4\u00e4laite integroidulla akulla.<\/li>\n<li><strong>1 x Vaporesso GEN Air 40 Kartio (4,5 ml)<\/strong>: T\u00e4ytett\u00e4v\u00e4 podi.<\/li>\n<li><strong>1 x Vaporesso GTX 0,4\u03a9 MESH-helmi<\/strong>: Esiasennettu helmi intensiiviseen h\u00f6yrystykseen.<\/li>\n<li><strong>1 x Vaporesso GTX 0,8\u03a9 MESH-helmi<\/strong>: Lis\u00e4helmi laatikossa vaihtoehtoisiin h\u00f6yrystysvaihtoehtoihin.<\/li>\n<li><strong>1 x USB-C -kaapeli<\/strong>: Nopea ja tehokas lataus.<\/li>\n<li><strong>1 x K\u00e4ytt\u00f6ohje<\/strong>: Yksityiskohtaiset ohjeet laitteen k\u00e4ytt\u00f6\u00f6n.<\/li>\n<li><strong>1 x Takuutodistus<\/strong>: Tietoja takuusta.<\/li>\n<\/ul>\n<h3>Vaporesso GEN Air 40 Pod -setin edut:<\/h3>\n<ul>\n<li><strong>Kantokyky<\/strong>: Kevyt muotoilu tekee laitteesta ihanteellisen matkalle.<\/li>\n<li><strong>Pitk\u00e4kestoinen akun suorituskyky<\/strong>: 1800-mAh-akku tarjoaa riitt\u00e4v\u00e4sti tehoa p\u00e4ivitt\u00e4iseen k\u00e4ytt\u00f6\u00f6n.<\/li>\n<li><strong>K\u00e4ytt\u00e4j\u00e4yst\u00e4v\u00e4llisyys<\/strong>: Helppok\u00e4ytt\u00f6inen ja vaivaton k\u00e4sittely AXON-piirin ja LED-n\u00e4ytt\u00f6jen ansiosta.<\/li>\n<li><strong>Monipuolinen h\u00f6yrystyskokemus<\/strong>: Yhteensopivuus kaikkien GTX-kelausten kanssa mahdollistaa h\u00f6yrystyskokemuksen r\u00e4\u00e4t\u00e4l\u00f6innin henkil\u00f6kohtaisiin mieltymyksiin.<\/li>\n<li><strong>Puhdas h\u00f6yrystys<\/strong>: SSS- vuototurvatekniikka varmistaa, ettei vuotoja tapahdu.<\/li>\n<\/ul>\n<p>Vaporesso GEN Air 40 Pod Kit on erinomainen valinta h\u00f6yrystajille, jotka etsiv\u00e4t kevytt\u00e4, tehokasta ja k\u00e4ytt\u00e4j\u00e4yst\u00e4v\u00e4llist\u00e4 laitetta. Vapewholesale Globalin avulla voit ostaa t\u00e4m\u00e4n korkealaatuisen setin parhaaseen tukkihintaan.<\/p>\n<\/div>\n<\/div>\n<\/div>\n<\/div>\n<\/div>\n<\/div>","protected":false},"excerpt":{"rendered":"<p>Beschreibung des Vaporesso GEN Air 40 Pod Kits Der Vaporesso GEN Air 40 ist ein leichtes, aber leistungsstarkes Pod-System, das f\u00fcr ein herausragendes Dampferlebnis entwickelt wurde. Es kombiniert stilvolles Design mit innovativer Technologie, was es zu einer idealen Wahl sowohl f\u00fcr Anf\u00e4nger als auch f\u00fcr erfahrene Dampfer macht. Vapewholesale Global, als offizieller Vaporesso-Distributor, bietet dieses [&hellip;]<\/p>","protected":false},"featured_media":12107,"template":"","meta":{"inline_featured_image":false},"product_cat":[754,745,742,748,744,755,738,751,76],"product_tag":[],"tiered_pricing_type":"fixed","tiered_pricing_fixed_rules":[],"tiered_pricing_percentage_rules":[],"tiered_pricing_minimum":1,"_administrator_tiered_pricing_type":"fixed","_administrator_tiered_pricing_fixed_rules":[],"_editor_tiered_pricing_type":"fixed","_editor_tiered_pricing_fixed_rules":[],"_author_tiered_pricing_type":"fixed","_author_tiered_pricing_fixed_rules":[],"_contributor_tiered_pricing_type":"fixed","_contributor_tiered_pricing_fixed_rules":[],"_subscriber_tiered_pricing_type":"fixed","_subscriber_tiered_pricing_fixed_rules":[],"_customer_tiered_pricing_type":"fixed","_customer_tiered_pricing_fixed_rules":[],"_shop_manager_tiered_pricing_type":"fixed","_shop_manager_tiered_pricing_fixed_rules":[],"_wpseo_manager_tiered_pricing_type":"fixed","_wpseo_manager_tiered_pricing_fixed_rules":[],"_wpseo_editor_tiered_pricing_type":"fixed","_wpseo_editor_tiered_pricing_fixed_rules":[],"_wholesale_customer_tiered_pricing_type":"fixed","_wholesale_customer_tiered_pricing_fixed_rules":[],"_marketer_tiered_pricing_type":"fixed","_marketer_tiered_pricing_fixed_rules":[],"_sales_manager_tiered_pricing_type":"fixed","_sales_manager_tiered_pricing_fixed_rules":[],"_sales_rep_tiered_pricing_type":"fixed","_sales_rep_tiered_pricing_fixed_rules":[],"yoast_head":"<!-- This site is optimized with the Yoast SEO plugin v23.3 - https:\/\/yoast.com\/wordpress\/plugins\/seo\/ -->\n<title>Vaporesso GEN Air 40 Pod Kit | ElementVape.de<\/title>\n<meta name=\"description\" content=\"Wir bieten Vaporesso GEN Air 40 Pod Kit , Elementvape.de akzeptieren Gro\u00df-und Einzelhandel Bestellungen.\" \/>\n<meta name=\"robots\" content=\"index, follow, max-snippet:-1, max-image-preview:large, max-video-preview:-1\" \/>\n<link rel=\"canonical\" href=\"https:\/\/www.elementvape.de\/fi\/produkt\/vaporesso-gen-air-40-pod-kit\/\" \/>\n<meta property=\"og:locale\" content=\"fi_FI\" \/>\n<meta property=\"og:type\" content=\"article\" \/>\n<meta property=\"og:title\" content=\"Vaporesso GEN Air 40 Pod Kit | ElementVape.de\" \/>\n<meta property=\"og:description\" content=\"Wir bieten Vaporesso GEN Air 40 Pod Kit , Elementvape.de akzeptieren Gro\u00df-und Einzelhandel Bestellungen.\" \/>\n<meta property=\"og:url\" content=\"https:\/\/www.elementvape.de\/fi\/produkt\/vaporesso-gen-air-40-pod-kit\/\" \/>\n<meta property=\"og:site_name\" content=\"ElementVape.de\" \/>\n<meta property=\"article:modified_time\" content=\"2024-09-12T10:36:10+00:00\" \/>\n<meta property=\"og:image\" content=\"https:\/\/www.elementvape.de\/wp-content\/uploads\/2024\/06\/Vaporesso-GEN-Air-40-Pod-Kit-5.webp\" \/>\n\t<meta property=\"og:image:width\" content=\"800\" \/>\n\t<meta property=\"og:image:height\" content=\"800\" \/>\n\t<meta property=\"og:image:type\" content=\"image\/webp\" \/>\n<meta name=\"twitter:card\" content=\"summary_large_image\" \/>\n<meta name=\"twitter:label1\" content=\"Est. reading time\" \/>\n\t<meta name=\"twitter:data1\" content=\"3 minuuttia\" \/>\n<script type=\"application\/ld+json\" class=\"yoast-schema-graph\">{\"@context\":\"https:\/\/schema.org\",\"@graph\":[{\"@type\":\"WebPage\",\"@id\":\"https:\/\/www.elementvape.de\/pt\/produkt\/vaporesso-gen-air-40-pod-kit\/\",\"url\":\"https:\/\/www.elementvape.de\/pt\/produkt\/vaporesso-gen-air-40-pod-kit\/\",\"name\":\"Vaporesso GEN Air 40 Pod Kit | ElementVape.de\",\"isPartOf\":{\"@id\":\"https:\/\/www.elementvape.de\/#website\"},\"primaryImageOfPage\":{\"@id\":\"https:\/\/www.elementvape.de\/pt\/produkt\/vaporesso-gen-air-40-pod-kit\/#primaryimage\"},\"image\":{\"@id\":\"https:\/\/www.elementvape.de\/pt\/produkt\/vaporesso-gen-air-40-pod-kit\/#primaryimage\"},\"thumbnailUrl\":\"https:\/\/www.elementvape.de\/wp-content\/uploads\/2024\/06\/Vaporesso-GEN-Air-40-Pod-Kit-5.webp\",\"datePublished\":\"2024-06-08T08:38:38+00:00\",\"dateModified\":\"2024-09-12T10:36:10+00:00\",\"description\":\"Wir bieten Vaporesso GEN Air 40 Pod Kit , Elementvape.de akzeptieren Gro\u00df-und Einzelhandel Bestellungen.\",\"breadcrumb\":{\"@id\":\"https:\/\/www.elementvape.de\/pt\/produkt\/vaporesso-gen-air-40-pod-kit\/#breadcrumb\"},\"inLanguage\":\"fi\",\"potentialAction\":[{\"@type\":\"ReadAction\",\"target\":[\"https:\/\/www.elementvape.de\/pt\/produkt\/vaporesso-gen-air-40-pod-kit\/\"]}]},{\"@type\":\"ImageObject\",\"inLanguage\":\"fi\",\"@id\":\"https:\/\/www.elementvape.de\/pt\/produkt\/vaporesso-gen-air-40-pod-kit\/#primaryimage\",\"url\":\"https:\/\/www.elementvape.de\/wp-content\/uploads\/2024\/06\/Vaporesso-GEN-Air-40-Pod-Kit-5.webp\",\"contentUrl\":\"https:\/\/www.elementvape.de\/wp-content\/uploads\/2024\/06\/Vaporesso-GEN-Air-40-Pod-Kit-5.webp\",\"width\":800,\"height\":800,\"caption\":\"Vaporesso-GEN-Air-40-Pod-Kit-5\"},{\"@type\":\"BreadcrumbList\",\"@id\":\"https:\/\/www.elementvape.de\/pt\/produkt\/vaporesso-gen-air-40-pod-kit\/#breadcrumb\",\"itemListElement\":[{\"@type\":\"ListItem\",\"position\":1,\"name\":\"Home\",\"item\":\"https:\/\/www.elementvape.de\/\"},{\"@type\":\"ListItem\",\"position\":2,\"name\":\"Shop\",\"item\":\"https:\/\/www.elementvape.de\/shop\/\"},{\"@type\":\"ListItem\",\"position\":3,\"name\":\"Vaporesso GEN Air 40 Pod Kit\"}]},{\"@type\":\"WebSite\",\"@id\":\"https:\/\/www.elementvape.de\/#website\",\"url\":\"https:\/\/www.elementvape.de\/\",\"name\":\"ElementVape.de\",\"description\":\"\",\"publisher\":{\"@id\":\"https:\/\/www.elementvape.de\/#organization\"},\"potentialAction\":[{\"@type\":\"SearchAction\",\"target\":{\"@type\":\"EntryPoint\",\"urlTemplate\":\"https:\/\/www.elementvape.de\/?s={search_term_string}\"},\"query-input\":\"required name=search_term_string\"}],\"inLanguage\":\"fi\"},{\"@type\":\"Organization\",\"@id\":\"https:\/\/www.elementvape.de\/#organization\",\"name\":\"ElementVape.DE\",\"url\":\"https:\/\/www.elementvape.de\/\",\"logo\":{\"@type\":\"ImageObject\",\"inLanguage\":\"fi\",\"@id\":\"https:\/\/www.elementvape.de\/#\/schema\/logo\/image\/\",\"url\":\"https:\/\/www.elementvape.de\/wp-content\/uploads\/2024\/09\/cropped-1elementvape-3.png\",\"contentUrl\":\"https:\/\/www.elementvape.de\/wp-content\/uploads\/2024\/09\/cropped-1elementvape-3.png\",\"width\":285,\"height\":228,\"caption\":\"ElementVape.DE\"},\"image\":{\"@id\":\"https:\/\/www.elementvape.de\/#\/schema\/logo\/image\/\"}}]}<\/script>\n<!-- \/ Yoast SEO plugin. -->","yoast_head_json":{"title":"Vaporesso GEN Air 40 Pod Kit | ElementVape.de","description":"Wir bieten Vaporesso GEN Air 40 Pod Kit , Elementvape.de akzeptieren Gro\u00df-und Einzelhandel Bestellungen.","robots":{"index":"index","follow":"follow","max-snippet":"max-snippet:-1","max-image-preview":"max-image-preview:large","max-video-preview":"max-video-preview:-1"},"canonical":"https:\/\/www.elementvape.de\/fi\/produkt\/vaporesso-gen-air-40-pod-kit\/","og_locale":"fi_FI","og_type":"article","og_title":"Vaporesso GEN Air 40 Pod Kit | ElementVape.de","og_description":"Wir bieten Vaporesso GEN Air 40 Pod Kit , Elementvape.de akzeptieren Gro\u00df-und Einzelhandel Bestellungen.","og_url":"https:\/\/www.elementvape.de\/fi\/produkt\/vaporesso-gen-air-40-pod-kit\/","og_site_name":"ElementVape.de","article_modified_time":"2024-09-12T10:36:10+00:00","og_image":[{"width":800,"height":800,"url":"https:\/\/www.elementvape.de\/wp-content\/uploads\/2024\/06\/Vaporesso-GEN-Air-40-Pod-Kit-5.webp","type":"image\/webp"}],"twitter_card":"summary_large_image","twitter_misc":{"Est. reading time":"3 minuuttia"},"schema":{"@context":"https:\/\/schema.org","@graph":[{"@type":"WebPage","@id":"https:\/\/www.elementvape.de\/pt\/produkt\/vaporesso-gen-air-40-pod-kit\/","url":"https:\/\/www.elementvape.de\/pt\/produkt\/vaporesso-gen-air-40-pod-kit\/","name":"Vaporesso GEN Air 40 Pod Kit | ElementVape.de","isPartOf":{"@id":"https:\/\/www.elementvape.de\/#website"},"primaryImageOfPage":{"@id":"https:\/\/www.elementvape.de\/pt\/produkt\/vaporesso-gen-air-40-pod-kit\/#primaryimage"},"image":{"@id":"https:\/\/www.elementvape.de\/pt\/produkt\/vaporesso-gen-air-40-pod-kit\/#primaryimage"},"thumbnailUrl":"https:\/\/www.elementvape.de\/wp-content\/uploads\/2024\/06\/Vaporesso-GEN-Air-40-Pod-Kit-5.webp","datePublished":"2024-06-08T08:38:38+00:00","dateModified":"2024-09-12T10:36:10+00:00","description":"Wir bieten Vaporesso GEN Air 40 Pod Kit , Elementvape.de akzeptieren Gro\u00df-und Einzelhandel Bestellungen.","breadcrumb":{"@id":"https:\/\/www.elementvape.de\/pt\/produkt\/vaporesso-gen-air-40-pod-kit\/#breadcrumb"},"inLanguage":"fi","potentialAction":[{"@type":"ReadAction","target":["https:\/\/www.elementvape.de\/pt\/produkt\/vaporesso-gen-air-40-pod-kit\/"]}]},{"@type":"ImageObject","inLanguage":"fi","@id":"https:\/\/www.elementvape.de\/pt\/produkt\/vaporesso-gen-air-40-pod-kit\/#primaryimage","url":"https:\/\/www.elementvape.de\/wp-content\/uploads\/2024\/06\/Vaporesso-GEN-Air-40-Pod-Kit-5.webp","contentUrl":"https:\/\/www.elementvape.de\/wp-content\/uploads\/2024\/06\/Vaporesso-GEN-Air-40-Pod-Kit-5.webp","width":800,"height":800,"caption":"Vaporesso-GEN-Air-40-Pod-Kit-5"},{"@type":"BreadcrumbList","@id":"https:\/\/www.elementvape.de\/pt\/produkt\/vaporesso-gen-air-40-pod-kit\/#breadcrumb","itemListElement":[{"@type":"ListItem","position":1,"name":"Home","item":"https:\/\/www.elementvape.de\/"},{"@type":"ListItem","position":2,"name":"Shop","item":"https:\/\/www.elementvape.de\/shop\/"},{"@type":"ListItem","position":3,"name":"Vaporesso GEN Air 40 Pod Kit"}]},{"@type":"WebSite","@id":"https:\/\/www.elementvape.de\/#website","url":"https:\/\/www.elementvape.de\/","name":"ElementVape.de","description":"","publisher":{"@id":"https:\/\/www.elementvape.de\/#organization"},"potentialAction":[{"@type":"SearchAction","target":{"@type":"EntryPoint","urlTemplate":"https:\/\/www.elementvape.de\/?s={search_term_string}"},"query-input":"required name=search_term_string"}],"inLanguage":"fi"},{"@type":"Organization","@id":"https:\/\/www.elementvape.de\/#organization","name":"ElementVape.DE","url":"https:\/\/www.elementvape.de\/","logo":{"@type":"ImageObject","inLanguage":"fi","@id":"https:\/\/www.elementvape.de\/#\/schema\/logo\/image\/","url":"https:\/\/www.elementvape.de\/wp-content\/uploads\/2024\/09\/cropped-1elementvape-3.png","contentUrl":"https:\/\/www.elementvape.de\/wp-content\/uploads\/2024\/09\/cropped-1elementvape-3.png","width":285,"height":228,"caption":"ElementVape.DE"},"image":{"@id":"https:\/\/www.elementvape.de\/#\/schema\/logo\/image\/"}}]}},"_links":{"self":[{"href":"https:\/\/www.elementvape.de\/fi\/wp-json\/wp\/v2\/product\/12099"}],"collection":[{"href":"https:\/\/www.elementvape.de\/fi\/wp-json\/wp\/v2\/product"}],"about":[{"href":"https:\/\/www.elementvape.de\/fi\/wp-json\/wp\/v2\/types\/product"}],"wp:featuredmedia":[{"embeddable":true,"href":"https:\/\/www.elementvape.de\/fi\/wp-json\/wp\/v2\/media\/12107"}],"wp:attachment":[{"href":"https:\/\/www.elementvape.de\/fi\/wp-json\/wp\/v2\/media?parent=12099"}],"wp:term":[{"taxonomy":"product_cat","embeddable":true,"href":"https:\/\/www.elementvape.de\/fi\/wp-json\/wp\/v2\/product_cat?post=12099"},{"taxonomy":"product_tag","embeddable":true,"href":"https:\/\/www.elementvape.de\/fi\/wp-json\/wp\/v2\/product_tag?post=12099"}],"curies":[{"name":"wp","href":"https:\/\/api.w.org\/{rel}","templated":true}]}}