{"id":11963,"date":"2024-06-07T10:08:51","date_gmt":"2024-06-07T10:08:51","guid":{"rendered":"https:\/\/www.elementvape.de\/?post_type=product&#038;p=11963"},"modified":"2024-09-12T10:36:16","modified_gmt":"2024-09-12T10:36:16","slug":"randm-dazzle-5000-rgb-licht-leuchtender-e-zigaretten-kaufen-5000-zuege","status":"publish","type":"product","link":"https:\/\/www.elementvape.de\/fi\/produkt\/randm-dazzle-5000-rgb-licht-leuchtender-e-zigaretten-kaufen-5000-zuege\/","title":{"rendered":"RandM Dazzle 5000 RGB-valolla loistava s\u00e4hk\u00f6tupakka Osta 5000 vetoa"},"content":{"rendered":"<div class=\"flex-shrink-0 flex flex-col relative items-end\">\n<div>\n<div class=\"pt-0.5 juice:pt-0\">\n<div class=\"gizmo-bot-avatar flex h-6 w-6 items-center justify-center overflow-hidden rounded-full juice:h-8 juice:w-8\">\n<div class=\"relative p-1 rounded-sm flex items-center justify-center bg-token-main-surface-primary text-token-text-primary h-8 w-8\">\n<h2>RandM Dazzle 5000 kertak\u00e4ytt\u00f6laitteen toiminnot:<\/h2>\n<\/div>\n<\/div>\n<\/div>\n<\/div>\n<\/div>\n<div class=\"group\/conversation-turn relative flex w-full min-w-0 flex-col agent-turn\">\n<div class=\"flex-col gap-1 md:gap-3\">\n<div class=\"flex flex-grow flex-col max-w-full AIPRM__conversation__response\">\n<div class=\"min-h-[20px] text-message flex flex-col items-start whitespace-pre-wrap break-words [.text-message+&amp;]:mt-5 juice:w-full juice:items-end overflow-x-auto gap-2\" dir=\"auto\" data-message-author-role=\"assistant\" data-message-id=\"6897441a-42a8-44ac-b1e6-01a8022dda3e\">\n<div class=\"flex w-full flex-col gap-1 juice:empty:hidden juice:first:pt-[3px]\">\n<div class=\"markdown prose w-full break-words dark:prose-invert light\">\n<p>RandM Dazzle 5000 on <strong><a href=\"https:\/\/www.elementvape.de\/fi\/c\/einweg-zigarette\/\">kertak\u00e4ytt\u00f6isist\u00e4 E-savukkeista<\/a> <\/strong>laite, jossa on suosittu l\u00e4pin\u00e4kyv\u00e4 tankki, v\u00e4rik\u00e4s RGB-valo ja uudelleen t\u00e4ytett\u00e4v\u00e4 mahdollisuus. Se sis\u00e4lt\u00e4\u00e4 10 ml 0\/2\/3\/5 % nikotiinisuolas\u00e4hk\u00f6ist\u00e4 nestett\u00e4 ja tarjoaa jopa 5000 vedon k\u00e4ytt\u00f6\u00e4. Sinulla on valittavana 21 makuvaihtoehtoa. RGB-valo tekee siit\u00e4 siistimm\u00e4n kertak\u00e4ytt\u00f6laitteen, ja siin\u00e4 on uudelleenladattava USB-liit\u00e4nt\u00e4 laitteen alaosassa, mik\u00e4 takaa, ett\u00e4 k\u00e4yt\u00e4t viimeisen tipan s\u00e4hk\u00f6ist\u00e4 nestett\u00e4 tankissa ja valo palaa koko ajan.<\/p>\n<ul>\n<li><strong>Nikotiinisuola<\/strong>: 0\/2\/3\/5 %<\/li>\n<li><strong>E-liquidin kapasiteetti<\/strong>: 10 ml<\/li>\n<li><strong>Pureskelut<\/strong>: 5000 vetoa per laite<\/li>\n<li><strong>RGB-valo<\/strong>: 6 v\u00e4ri\u00e4<\/li>\n<li><strong>Uudelleenladattava akku<\/strong><\/li>\n<li><strong>Uudelleen t\u00e4ytett\u00e4v\u00e4 tankki, mesh-kela<\/strong><\/li>\n<li><strong>Integroitu 1000mAh akku<\/strong><\/li>\n<li><strong>Saatavilla olevat maut<\/strong>: 21<\/li>\n<li><strong>Pakkaus<\/strong>: 10 kappaletta n\u00e4yt\u00f6spakkauksessa, 300 kappaletta laatikossa<\/li>\n<\/ul>\n<h2>Saatavilla olevat maut:<\/h2>\n<ol>\n<li>Lush Ice<\/li>\n<li>Mansikkajogurtti<\/li>\n<li>Banaanij\u00e4\u00e4<\/li>\n<li>Sininen Razz Ice<\/li>\n<li>Appelsiinilimonadi<\/li>\n<li>Nallekarkit<\/li>\n<li>Mansikka-vesimeloni<\/li>\n<li>Puuvillap\u00e4\u00e4ryn\u00e4t<\/li>\n<li>Granaattiomena<\/li>\n<li>Persikkaj\u00e4\u00e4<\/li>\n<li>Punainen omena-meloni-vaahtokarkki<\/li>\n<li>Marjasekoitus<\/li>\n<li>Vesimeloni-shakkikakku<\/li>\n<li>Viinimarjaj\u00e4\u00e4tel\u00f6<\/li>\n<li>Mango-Guava<\/li>\n<li>Tupakka<\/li>\n<li>Kiwi-marja<\/li>\n<li>Viile\u00e4 minttu<\/li>\n<li>Mansikka-Litsi<\/li>\n<li>Aloe-viiniryp\u00e4le<\/li>\n<li>Tutti Frutti<\/li>\n<\/ol>\n<h2>Tuotetiedot:<\/h2>\n<p>1 x RandM Dazzle 5000 RGB-Valo hehkuva kertak\u00e4ytt\u00f6inen vape<\/p>\n<\/div>\n<\/div>\n<\/div>\n<\/div>\n<\/div>\n<\/div>","protected":false},"excerpt":{"rendered":"<p>Funktionen des Einwegger\u00e4ts RandM Dazzle 5000: RandM Dazzle 5000 ist ein Einweg-E-Zigaretten Ger\u00e4t mit einem beliebten transparenten Tank, buntem RGB-Licht und der M\u00f6glichkeit zur Nachf\u00fcllung. Es enth\u00e4lt 10 ml 0\/2\/3\/5 % Nikotinsalz-E-Liquid und bietet bis zu 5000 Z\u00fcge. Sie haben die Wahl zwischen 21 Geschmacksrichtungen. Das RGB-Licht macht es zum coolsten Einwegger\u00e4t und es verf\u00fcgt [&hellip;]<\/p>","protected":false},"featured_media":11964,"template":"","meta":{"inline_featured_image":false},"product_cat":[15,78,754,745,742,748,744,755,738,751],"product_tag":[678],"tiered_pricing_type":"fixed","tiered_pricing_fixed_rules":[],"tiered_pricing_percentage_rules":[],"tiered_pricing_minimum":1,"_administrator_tiered_pricing_type":"fixed","_administrator_tiered_pricing_fixed_rules":[],"_editor_tiered_pricing_type":"fixed","_editor_tiered_pricing_fixed_rules":[],"_author_tiered_pricing_type":"fixed","_author_tiered_pricing_fixed_rules":[],"_contributor_tiered_pricing_type":"fixed","_contributor_tiered_pricing_fixed_rules":[],"_subscriber_tiered_pricing_type":"fixed","_subscriber_tiered_pricing_fixed_rules":[],"_customer_tiered_pricing_type":"fixed","_customer_tiered_pricing_fixed_rules":[],"_shop_manager_tiered_pricing_type":"fixed","_shop_manager_tiered_pricing_fixed_rules":[],"_wpseo_manager_tiered_pricing_type":"fixed","_wpseo_manager_tiered_pricing_fixed_rules":[],"_wpseo_editor_tiered_pricing_type":"fixed","_wpseo_editor_tiered_pricing_fixed_rules":[],"_wholesale_customer_tiered_pricing_type":"fixed","_wholesale_customer_tiered_pricing_fixed_rules":[],"_marketer_tiered_pricing_type":"fixed","_marketer_tiered_pricing_fixed_rules":[],"_sales_manager_tiered_pricing_type":"fixed","_sales_manager_tiered_pricing_fixed_rules":[],"_sales_rep_tiered_pricing_type":"fixed","_sales_rep_tiered_pricing_fixed_rules":[],"yoast_head":"<!-- This site is optimized with the Yoast SEO plugin v23.3 - https:\/\/yoast.com\/wordpress\/plugins\/seo\/ -->\n<title>RandM Dazzle 5000 RGB-Licht leuchtender E-Zigaretten Kaufen 5000 Z\u00fcge | ElementVape.de<\/title>\n<meta name=\"description\" content=\"Wir bieten RandM Dazzle 5000 RGB-Licht leuchtender E-Zigaretten Kaufen 5000 Z\u00fcge , Elementvape.de akzeptieren Gro\u00df-und Einzelhandel Bestellungen.\" \/>\n<meta name=\"robots\" content=\"index, follow, max-snippet:-1, max-image-preview:large, max-video-preview:-1\" \/>\n<link rel=\"canonical\" href=\"https:\/\/www.elementvape.de\/fi\/produkt\/randm-dazzle-5000-rgb-licht-leuchtender-e-zigaretten-kaufen-5000-zuege\/\" \/>\n<meta property=\"og:locale\" content=\"fi_FI\" \/>\n<meta property=\"og:type\" content=\"article\" \/>\n<meta property=\"og:title\" content=\"RandM Dazzle 5000 RGB-Licht leuchtender E-Zigaretten Kaufen 5000 Z\u00fcge | ElementVape.de\" \/>\n<meta property=\"og:description\" content=\"Wir bieten RandM Dazzle 5000 RGB-Licht leuchtender E-Zigaretten Kaufen 5000 Z\u00fcge , Elementvape.de akzeptieren Gro\u00df-und Einzelhandel Bestellungen.\" \/>\n<meta property=\"og:url\" content=\"https:\/\/www.elementvape.de\/fi\/produkt\/randm-dazzle-5000-rgb-licht-leuchtender-e-zigaretten-kaufen-5000-zuege\/\" \/>\n<meta property=\"og:site_name\" content=\"ElementVape.de\" \/>\n<meta property=\"article:modified_time\" content=\"2024-09-12T10:36:16+00:00\" \/>\n<meta property=\"og:image\" content=\"https:\/\/www.elementvape.de\/wp-content\/uploads\/2024\/06\/RandMDazzle5000RGBLightGlowingDisposableVape_1.webp\" \/>\n\t<meta property=\"og:image:width\" content=\"800\" \/>\n\t<meta property=\"og:image:height\" content=\"831\" \/>\n\t<meta property=\"og:image:type\" content=\"image\/webp\" \/>\n<meta name=\"twitter:card\" content=\"summary_large_image\" \/>\n<meta name=\"twitter:label1\" content=\"Est. reading time\" \/>\n\t<meta name=\"twitter:data1\" content=\"2 minuuttia\" \/>\n<script type=\"application\/ld+json\" class=\"yoast-schema-graph\">{\"@context\":\"https:\/\/schema.org\",\"@graph\":[{\"@type\":\"WebPage\",\"@id\":\"https:\/\/www.elementvape.de\/produkt\/randm-dazzle-5000-rgb-licht-leuchtender-e-zigaretten-kaufen-5000-zuege\/\",\"url\":\"https:\/\/www.elementvape.de\/produkt\/randm-dazzle-5000-rgb-licht-leuchtender-e-zigaretten-kaufen-5000-zuege\/\",\"name\":\"RandM Dazzle 5000 RGB-Licht leuchtender E-Zigaretten Kaufen 5000 Z\u00fcge | ElementVape.de\",\"isPartOf\":{\"@id\":\"https:\/\/www.elementvape.de\/#website\"},\"primaryImageOfPage\":{\"@id\":\"https:\/\/www.elementvape.de\/produkt\/randm-dazzle-5000-rgb-licht-leuchtender-e-zigaretten-kaufen-5000-zuege\/#primaryimage\"},\"image\":{\"@id\":\"https:\/\/www.elementvape.de\/produkt\/randm-dazzle-5000-rgb-licht-leuchtender-e-zigaretten-kaufen-5000-zuege\/#primaryimage\"},\"thumbnailUrl\":\"https:\/\/www.elementvape.de\/wp-content\/uploads\/2024\/06\/RandMDazzle5000RGBLightGlowingDisposableVape_1.webp\",\"datePublished\":\"2024-06-07T10:08:51+00:00\",\"dateModified\":\"2024-09-12T10:36:16+00:00\",\"description\":\"Wir bieten RandM Dazzle 5000 RGB-Licht leuchtender E-Zigaretten Kaufen 5000 Z\u00fcge , Elementvape.de akzeptieren Gro\u00df-und Einzelhandel Bestellungen.\",\"breadcrumb\":{\"@id\":\"https:\/\/www.elementvape.de\/produkt\/randm-dazzle-5000-rgb-licht-leuchtender-e-zigaretten-kaufen-5000-zuege\/#breadcrumb\"},\"inLanguage\":\"fi\",\"potentialAction\":[{\"@type\":\"ReadAction\",\"target\":[\"https:\/\/www.elementvape.de\/produkt\/randm-dazzle-5000-rgb-licht-leuchtender-e-zigaretten-kaufen-5000-zuege\/\"]}]},{\"@type\":\"ImageObject\",\"inLanguage\":\"fi\",\"@id\":\"https:\/\/www.elementvape.de\/produkt\/randm-dazzle-5000-rgb-licht-leuchtender-e-zigaretten-kaufen-5000-zuege\/#primaryimage\",\"url\":\"https:\/\/www.elementvape.de\/wp-content\/uploads\/2024\/06\/RandMDazzle5000RGBLightGlowingDisposableVape_1.webp\",\"contentUrl\":\"https:\/\/www.elementvape.de\/wp-content\/uploads\/2024\/06\/RandMDazzle5000RGBLightGlowingDisposableVape_1.webp\",\"width\":800,\"height\":831,\"caption\":\"RandMDazzle5000RGBLightGlowingDisposableVape_1\"},{\"@type\":\"BreadcrumbList\",\"@id\":\"https:\/\/www.elementvape.de\/produkt\/randm-dazzle-5000-rgb-licht-leuchtender-e-zigaretten-kaufen-5000-zuege\/#breadcrumb\",\"itemListElement\":[{\"@type\":\"ListItem\",\"position\":1,\"name\":\"Home\",\"item\":\"https:\/\/www.elementvape.de\/\"},{\"@type\":\"ListItem\",\"position\":2,\"name\":\"Shop\",\"item\":\"https:\/\/www.elementvape.de\/shop\/\"},{\"@type\":\"ListItem\",\"position\":3,\"name\":\"RandM Dazzle 5000 RGB-Licht leuchtender E-Zigaretten Kaufen 5000 Z\u00fcge\"}]},{\"@type\":\"WebSite\",\"@id\":\"https:\/\/www.elementvape.de\/#website\",\"url\":\"https:\/\/www.elementvape.de\/\",\"name\":\"ElementVape.de\",\"description\":\"\",\"publisher\":{\"@id\":\"https:\/\/www.elementvape.de\/#organization\"},\"potentialAction\":[{\"@type\":\"SearchAction\",\"target\":{\"@type\":\"EntryPoint\",\"urlTemplate\":\"https:\/\/www.elementvape.de\/?s={search_term_string}\"},\"query-input\":\"required name=search_term_string\"}],\"inLanguage\":\"fi\"},{\"@type\":\"Organization\",\"@id\":\"https:\/\/www.elementvape.de\/#organization\",\"name\":\"ElementVape.DE\",\"url\":\"https:\/\/www.elementvape.de\/\",\"logo\":{\"@type\":\"ImageObject\",\"inLanguage\":\"fi\",\"@id\":\"https:\/\/www.elementvape.de\/#\/schema\/logo\/image\/\",\"url\":\"https:\/\/www.elementvape.de\/wp-content\/uploads\/2024\/09\/cropped-1elementvape-3.png\",\"contentUrl\":\"https:\/\/www.elementvape.de\/wp-content\/uploads\/2024\/09\/cropped-1elementvape-3.png\",\"width\":285,\"height\":228,\"caption\":\"ElementVape.DE\"},\"image\":{\"@id\":\"https:\/\/www.elementvape.de\/#\/schema\/logo\/image\/\"}}]}<\/script>\n<!-- \/ Yoast SEO plugin. -->","yoast_head_json":{"title":"RandM Dazzle 5000 RGB-Licht leuchtender E-Zigaretten Kaufen 5000 Z\u00fcge | ElementVape.de","description":"Wir bieten RandM Dazzle 5000 RGB-Licht leuchtender E-Zigaretten Kaufen 5000 Z\u00fcge , Elementvape.de akzeptieren Gro\u00df-und Einzelhandel Bestellungen.","robots":{"index":"index","follow":"follow","max-snippet":"max-snippet:-1","max-image-preview":"max-image-preview:large","max-video-preview":"max-video-preview:-1"},"canonical":"https:\/\/www.elementvape.de\/fi\/produkt\/randm-dazzle-5000-rgb-licht-leuchtender-e-zigaretten-kaufen-5000-zuege\/","og_locale":"fi_FI","og_type":"article","og_title":"RandM Dazzle 5000 RGB-Licht leuchtender E-Zigaretten Kaufen 5000 Z\u00fcge | ElementVape.de","og_description":"Wir bieten RandM Dazzle 5000 RGB-Licht leuchtender E-Zigaretten Kaufen 5000 Z\u00fcge , Elementvape.de akzeptieren Gro\u00df-und Einzelhandel Bestellungen.","og_url":"https:\/\/www.elementvape.de\/fi\/produkt\/randm-dazzle-5000-rgb-licht-leuchtender-e-zigaretten-kaufen-5000-zuege\/","og_site_name":"ElementVape.de","article_modified_time":"2024-09-12T10:36:16+00:00","og_image":[{"width":800,"height":831,"url":"https:\/\/www.elementvape.de\/wp-content\/uploads\/2024\/06\/RandMDazzle5000RGBLightGlowingDisposableVape_1.webp","type":"image\/webp"}],"twitter_card":"summary_large_image","twitter_misc":{"Est. reading time":"2 minuuttia"},"schema":{"@context":"https:\/\/schema.org","@graph":[{"@type":"WebPage","@id":"https:\/\/www.elementvape.de\/produkt\/randm-dazzle-5000-rgb-licht-leuchtender-e-zigaretten-kaufen-5000-zuege\/","url":"https:\/\/www.elementvape.de\/produkt\/randm-dazzle-5000-rgb-licht-leuchtender-e-zigaretten-kaufen-5000-zuege\/","name":"RandM Dazzle 5000 RGB-Licht leuchtender E-Zigaretten Kaufen 5000 Z\u00fcge | ElementVape.de","isPartOf":{"@id":"https:\/\/www.elementvape.de\/#website"},"primaryImageOfPage":{"@id":"https:\/\/www.elementvape.de\/produkt\/randm-dazzle-5000-rgb-licht-leuchtender-e-zigaretten-kaufen-5000-zuege\/#primaryimage"},"image":{"@id":"https:\/\/www.elementvape.de\/produkt\/randm-dazzle-5000-rgb-licht-leuchtender-e-zigaretten-kaufen-5000-zuege\/#primaryimage"},"thumbnailUrl":"https:\/\/www.elementvape.de\/wp-content\/uploads\/2024\/06\/RandMDazzle5000RGBLightGlowingDisposableVape_1.webp","datePublished":"2024-06-07T10:08:51+00:00","dateModified":"2024-09-12T10:36:16+00:00","description":"Wir bieten RandM Dazzle 5000 RGB-Licht leuchtender E-Zigaretten Kaufen 5000 Z\u00fcge , Elementvape.de akzeptieren Gro\u00df-und Einzelhandel Bestellungen.","breadcrumb":{"@id":"https:\/\/www.elementvape.de\/produkt\/randm-dazzle-5000-rgb-licht-leuchtender-e-zigaretten-kaufen-5000-zuege\/#breadcrumb"},"inLanguage":"fi","potentialAction":[{"@type":"ReadAction","target":["https:\/\/www.elementvape.de\/produkt\/randm-dazzle-5000-rgb-licht-leuchtender-e-zigaretten-kaufen-5000-zuege\/"]}]},{"@type":"ImageObject","inLanguage":"fi","@id":"https:\/\/www.elementvape.de\/produkt\/randm-dazzle-5000-rgb-licht-leuchtender-e-zigaretten-kaufen-5000-zuege\/#primaryimage","url":"https:\/\/www.elementvape.de\/wp-content\/uploads\/2024\/06\/RandMDazzle5000RGBLightGlowingDisposableVape_1.webp","contentUrl":"https:\/\/www.elementvape.de\/wp-content\/uploads\/2024\/06\/RandMDazzle5000RGBLightGlowingDisposableVape_1.webp","width":800,"height":831,"caption":"RandMDazzle5000RGBLightGlowingDisposableVape_1"},{"@type":"BreadcrumbList","@id":"https:\/\/www.elementvape.de\/produkt\/randm-dazzle-5000-rgb-licht-leuchtender-e-zigaretten-kaufen-5000-zuege\/#breadcrumb","itemListElement":[{"@type":"ListItem","position":1,"name":"Home","item":"https:\/\/www.elementvape.de\/"},{"@type":"ListItem","position":2,"name":"Shop","item":"https:\/\/www.elementvape.de\/shop\/"},{"@type":"ListItem","position":3,"name":"RandM Dazzle 5000 RGB-Licht leuchtender E-Zigaretten Kaufen 5000 Z\u00fcge"}]},{"@type":"WebSite","@id":"https:\/\/www.elementvape.de\/#website","url":"https:\/\/www.elementvape.de\/","name":"ElementVape.de","description":"","publisher":{"@id":"https:\/\/www.elementvape.de\/#organization"},"potentialAction":[{"@type":"SearchAction","target":{"@type":"EntryPoint","urlTemplate":"https:\/\/www.elementvape.de\/?s={search_term_string}"},"query-input":"required name=search_term_string"}],"inLanguage":"fi"},{"@type":"Organization","@id":"https:\/\/www.elementvape.de\/#organization","name":"ElementVape.DE","url":"https:\/\/www.elementvape.de\/","logo":{"@type":"ImageObject","inLanguage":"fi","@id":"https:\/\/www.elementvape.de\/#\/schema\/logo\/image\/","url":"https:\/\/www.elementvape.de\/wp-content\/uploads\/2024\/09\/cropped-1elementvape-3.png","contentUrl":"https:\/\/www.elementvape.de\/wp-content\/uploads\/2024\/09\/cropped-1elementvape-3.png","width":285,"height":228,"caption":"ElementVape.DE"},"image":{"@id":"https:\/\/www.elementvape.de\/#\/schema\/logo\/image\/"}}]}},"_links":{"self":[{"href":"https:\/\/www.elementvape.de\/fi\/wp-json\/wp\/v2\/product\/11963"}],"collection":[{"href":"https:\/\/www.elementvape.de\/fi\/wp-json\/wp\/v2\/product"}],"about":[{"href":"https:\/\/www.elementvape.de\/fi\/wp-json\/wp\/v2\/types\/product"}],"wp:featuredmedia":[{"embeddable":true,"href":"https:\/\/www.elementvape.de\/fi\/wp-json\/wp\/v2\/media\/11964"}],"wp:attachment":[{"href":"https:\/\/www.elementvape.de\/fi\/wp-json\/wp\/v2\/media?parent=11963"}],"wp:term":[{"taxonomy":"product_cat","embeddable":true,"href":"https:\/\/www.elementvape.de\/fi\/wp-json\/wp\/v2\/product_cat?post=11963"},{"taxonomy":"product_tag","embeddable":true,"href":"https:\/\/www.elementvape.de\/fi\/wp-json\/wp\/v2\/product_tag?post=11963"}],"curies":[{"name":"wp","href":"https:\/\/api.w.org\/{rel}","templated":true}]}}