{"id":11878,"date":"2024-06-07T09:14:23","date_gmt":"2024-06-07T09:14:23","guid":{"rendered":"https:\/\/www.elementvape.de\/?post_type=product&#038;p=11878"},"modified":"2024-09-12T10:36:18","modified_gmt":"2024-09-12T10:36:18","slug":"randm-game-box-5200-einweg-vape-kaufen-5200-zuege","status":"publish","type":"product","link":"https:\/\/www.elementvape.de\/fi\/produkt\/randm-game-box-5200-einweg-vape-kaufen-5200-zuege\/","title":{"rendered":"RandM Game Box 5200 kertak\u00e4ytt\u00f6inen vape Osta 5200 vetoa"},"content":{"rendered":"<h3>Tuotekuvaus<\/h3>\n<p>Osta <strong>RandM Game Box 5200 kertak\u00e4ytt\u00f6inen h\u00f6yrystin<\/strong>-Tuotteet parhailla tukkumyyntihinnoilla. Ne <strong>RandM Game Box 5200<\/strong> on kertak\u00e4ytt\u00f6inen h\u00f6yrystinlaite, joka muistuttaa Gameboyta ja on uudelleenladattava. Se sis\u00e4lt\u00e4\u00e4 2% nikotiinisuolaa ja kest\u00e4\u00e4 jopa 5200 pureskelua. Mukana tulevalla kaulakorulla voit pit\u00e4\u00e4 Gameboxia mukavasti kaulallasi. Laite on varustettu uudelleenladattavalla Type-C-liit\u00e4nn\u00e4ll\u00e4 pohjassa, joten voit k\u00e4ytt\u00e4\u00e4 t\u00e4ysin tankissa olevan e-liquidin viimeiset tipat.<\/p>\n<h4>RandM Game Box 5200 kertak\u00e4ytt\u00f6laitteen ominaisuudet:<\/h4>\n<ul>\n<li><strong>Nikotiinivaihtoehdot<\/strong>: 0 %, 2 %, 3 %, 5 % nikotiinisalais<\/li>\n<li><strong>Pureskelut<\/strong>: Jopa 5200 pureskelua laitetta kohden<\/li>\n<li><strong>Kapasiteetti<\/strong>: 12 ml e-liquidi\u00e4<\/li>\n<li><strong>Akku<\/strong>: 850 mAh uudelleenladattava<\/li>\n<li><strong>kela<\/strong>: Mesh-kela<\/li>\n<li><strong>Maku<\/strong>: 20 saatavilla olevaa makuvaihtoehtoa<\/li>\n<li><strong>Pakkaus<\/strong>: 240 kappaletta laatikossa<\/li>\n<li><strong>Laatikon paino<\/strong>: 19 kg<\/li>\n<li><strong>Laatikon koko<\/strong>: 48,9 x 40,6 x 26,8 cm<\/li>\n<\/ul>\n<h4>Saatavilla olevat maut:<\/h4>\n<ol>\n<li>Mansikka-Kiwi<\/li>\n<li>Mustikkaj\u00e4\u00e4<\/li>\n<li>Runsas j\u00e4\u00e4<\/li>\n<li>Sokeripilvi<\/li>\n<li>Marjasekoitus<\/li>\n<li>Banaanij\u00e4\u00e4<\/li>\n<li>Mansikka-Litsi<\/li>\n<li>Minttu<\/li>\n<li>Aloe-viiniryp\u00e4le<\/li>\n<li>Persikka-Mango<\/li>\n<li>Hunajamalja-j\u00e4\u00e4<\/li>\n<li>Mansikka-Banaani<\/li>\n<li>Tupakkakreemi<\/li>\n<li>Hedelm\u00e4 Hawaii<\/li>\n<li>Gummy Drop<\/li>\n<li>Big Bang Hedelm\u00e4<\/li>\n<li>Kahvivedin<\/li>\n<li>Trooppinen Punch<\/li>\n<li>Power Bull<\/li>\n<li>Graafit<\/li>\n<\/ol>\n<h4>Tuotetiedot:<\/h4>\n<ul>\n<li><strong>Yksikk\u00f6<\/strong>: 1 x RandM Game Box 5200 kertak\u00e4ytt\u00f6inen vape, 5200 vetoa<\/li>\n<\/ul>","protected":false},"excerpt":{"rendered":"<p>Produktbeschreibung Kaufen Sie RandM Game Box 5200 Disposable Vape-Produkte zu den besten Gro\u00dfhandelspreisen. Die RandM Game Box 5200 ist ein Einweg-Vape-Ger\u00e4t, das das Aussehen eines Gameboys hat und wiederaufladbar ist. Es enth\u00e4lt 2% Nikotinsalz und h\u00e4lt bis zu 5200 Z\u00fcge. Mit dem beigelegten Halsband k\u00f6nnen Sie die Gamebox bequem um den Hals tragen. Das Ger\u00e4t [&hellip;]<\/p>","protected":false},"featured_media":11879,"template":"","meta":{"inline_featured_image":false},"product_cat":[78,754,745,742,748,744,755,738,751],"product_tag":[680],"tiered_pricing_type":"fixed","tiered_pricing_fixed_rules":[],"tiered_pricing_percentage_rules":[],"tiered_pricing_minimum":1,"_administrator_tiered_pricing_type":"fixed","_administrator_tiered_pricing_fixed_rules":[],"_editor_tiered_pricing_type":"fixed","_editor_tiered_pricing_fixed_rules":[],"_author_tiered_pricing_type":"fixed","_author_tiered_pricing_fixed_rules":[],"_contributor_tiered_pricing_type":"fixed","_contributor_tiered_pricing_fixed_rules":[],"_subscriber_tiered_pricing_type":"fixed","_subscriber_tiered_pricing_fixed_rules":[],"_customer_tiered_pricing_type":"fixed","_customer_tiered_pricing_fixed_rules":[],"_shop_manager_tiered_pricing_type":"fixed","_shop_manager_tiered_pricing_fixed_rules":[],"_wpseo_manager_tiered_pricing_type":"fixed","_wpseo_manager_tiered_pricing_fixed_rules":[],"_wpseo_editor_tiered_pricing_type":"fixed","_wpseo_editor_tiered_pricing_fixed_rules":[],"_wholesale_customer_tiered_pricing_type":"fixed","_wholesale_customer_tiered_pricing_fixed_rules":[],"_marketer_tiered_pricing_type":"fixed","_marketer_tiered_pricing_fixed_rules":[],"_sales_manager_tiered_pricing_type":"fixed","_sales_manager_tiered_pricing_fixed_rules":[],"_sales_rep_tiered_pricing_type":"fixed","_sales_rep_tiered_pricing_fixed_rules":[],"yoast_head":"<!-- This site is optimized with the Yoast SEO plugin v23.3 - https:\/\/yoast.com\/wordpress\/plugins\/seo\/ -->\n<title>RandM Game Box 5200 Einweg-Vape Kaufen 5200 Z\u00fcge | ElementVape.de<\/title>\n<meta name=\"description\" content=\"Wir bieten RandM Game Box 5200 Einweg-Vape Kaufen 5200 Z\u00fcge , Elementvape.de akzeptieren Gro\u00df-und Einzelhandel Bestellungen.\" \/>\n<meta name=\"robots\" content=\"index, follow, max-snippet:-1, max-image-preview:large, max-video-preview:-1\" \/>\n<link rel=\"canonical\" href=\"https:\/\/www.elementvape.de\/fi\/produkt\/randm-game-box-5200-einweg-vape-kaufen-5200-zuege\/\" \/>\n<meta property=\"og:locale\" content=\"fi_FI\" \/>\n<meta property=\"og:type\" content=\"article\" \/>\n<meta property=\"og:title\" content=\"RandM Game Box 5200 Einweg-Vape Kaufen 5200 Z\u00fcge | ElementVape.de\" \/>\n<meta property=\"og:description\" content=\"Wir bieten RandM Game Box 5200 Einweg-Vape Kaufen 5200 Z\u00fcge , Elementvape.de akzeptieren Gro\u00df-und Einzelhandel Bestellungen.\" \/>\n<meta property=\"og:url\" content=\"https:\/\/www.elementvape.de\/fi\/produkt\/randm-game-box-5200-einweg-vape-kaufen-5200-zuege\/\" \/>\n<meta property=\"og:site_name\" content=\"ElementVape.de\" \/>\n<meta property=\"article:modified_time\" content=\"2024-09-12T10:36:18+00:00\" \/>\n<meta property=\"og:image\" content=\"https:\/\/www.elementvape.de\/wp-content\/uploads\/2024\/06\/RandM-Game-box-5200-3.jpg\" \/>\n\t<meta property=\"og:image:width\" content=\"800\" \/>\n\t<meta property=\"og:image:height\" content=\"800\" \/>\n\t<meta property=\"og:image:type\" content=\"image\/jpeg\" \/>\n<meta name=\"twitter:card\" content=\"summary_large_image\" \/>\n<meta name=\"twitter:label1\" content=\"Est. reading time\" \/>\n\t<meta name=\"twitter:data1\" content=\"2 minuuttia\" \/>\n<script type=\"application\/ld+json\" class=\"yoast-schema-graph\">{\"@context\":\"https:\/\/schema.org\",\"@graph\":[{\"@type\":\"WebPage\",\"@id\":\"https:\/\/www.elementvape.de\/et\/produkt\/randm-game-box-5200-einweg-vape-kaufen-5200-zuege\/\",\"url\":\"https:\/\/www.elementvape.de\/et\/produkt\/randm-game-box-5200-einweg-vape-kaufen-5200-zuege\/\",\"name\":\"RandM Game Box 5200 Einweg-Vape Kaufen 5200 Z\u00fcge | ElementVape.de\",\"isPartOf\":{\"@id\":\"https:\/\/www.elementvape.de\/#website\"},\"primaryImageOfPage\":{\"@id\":\"https:\/\/www.elementvape.de\/et\/produkt\/randm-game-box-5200-einweg-vape-kaufen-5200-zuege\/#primaryimage\"},\"image\":{\"@id\":\"https:\/\/www.elementvape.de\/et\/produkt\/randm-game-box-5200-einweg-vape-kaufen-5200-zuege\/#primaryimage\"},\"thumbnailUrl\":\"https:\/\/www.elementvape.de\/wp-content\/uploads\/2024\/06\/RandM-Game-box-5200-3.jpg\",\"datePublished\":\"2024-06-07T09:14:23+00:00\",\"dateModified\":\"2024-09-12T10:36:18+00:00\",\"description\":\"Wir bieten RandM Game Box 5200 Einweg-Vape Kaufen 5200 Z\u00fcge , Elementvape.de akzeptieren Gro\u00df-und Einzelhandel Bestellungen.\",\"breadcrumb\":{\"@id\":\"https:\/\/www.elementvape.de\/et\/produkt\/randm-game-box-5200-einweg-vape-kaufen-5200-zuege\/#breadcrumb\"},\"inLanguage\":\"fi\",\"potentialAction\":[{\"@type\":\"ReadAction\",\"target\":[\"https:\/\/www.elementvape.de\/et\/produkt\/randm-game-box-5200-einweg-vape-kaufen-5200-zuege\/\"]}]},{\"@type\":\"ImageObject\",\"inLanguage\":\"fi\",\"@id\":\"https:\/\/www.elementvape.de\/et\/produkt\/randm-game-box-5200-einweg-vape-kaufen-5200-zuege\/#primaryimage\",\"url\":\"https:\/\/www.elementvape.de\/wp-content\/uploads\/2024\/06\/RandM-Game-box-5200-3.jpg\",\"contentUrl\":\"https:\/\/www.elementvape.de\/wp-content\/uploads\/2024\/06\/RandM-Game-box-5200-3.jpg\",\"width\":800,\"height\":800,\"caption\":\"RandM-Game-box-5200-3\"},{\"@type\":\"BreadcrumbList\",\"@id\":\"https:\/\/www.elementvape.de\/et\/produkt\/randm-game-box-5200-einweg-vape-kaufen-5200-zuege\/#breadcrumb\",\"itemListElement\":[{\"@type\":\"ListItem\",\"position\":1,\"name\":\"Home\",\"item\":\"https:\/\/www.elementvape.de\/\"},{\"@type\":\"ListItem\",\"position\":2,\"name\":\"Shop\",\"item\":\"https:\/\/www.elementvape.de\/shop\/\"},{\"@type\":\"ListItem\",\"position\":3,\"name\":\"RandM Game Box 5200 Einweg-Vape Kaufen 5200 Z\u00fcge\"}]},{\"@type\":\"WebSite\",\"@id\":\"https:\/\/www.elementvape.de\/#website\",\"url\":\"https:\/\/www.elementvape.de\/\",\"name\":\"ElementVape.de\",\"description\":\"\",\"publisher\":{\"@id\":\"https:\/\/www.elementvape.de\/#organization\"},\"potentialAction\":[{\"@type\":\"SearchAction\",\"target\":{\"@type\":\"EntryPoint\",\"urlTemplate\":\"https:\/\/www.elementvape.de\/?s={search_term_string}\"},\"query-input\":\"required name=search_term_string\"}],\"inLanguage\":\"fi\"},{\"@type\":\"Organization\",\"@id\":\"https:\/\/www.elementvape.de\/#organization\",\"name\":\"ElementVape.DE\",\"url\":\"https:\/\/www.elementvape.de\/\",\"logo\":{\"@type\":\"ImageObject\",\"inLanguage\":\"fi\",\"@id\":\"https:\/\/www.elementvape.de\/#\/schema\/logo\/image\/\",\"url\":\"https:\/\/www.elementvape.de\/wp-content\/uploads\/2024\/09\/cropped-1elementvape-3.png\",\"contentUrl\":\"https:\/\/www.elementvape.de\/wp-content\/uploads\/2024\/09\/cropped-1elementvape-3.png\",\"width\":285,\"height\":228,\"caption\":\"ElementVape.DE\"},\"image\":{\"@id\":\"https:\/\/www.elementvape.de\/#\/schema\/logo\/image\/\"}}]}<\/script>\n<!-- \/ Yoast SEO plugin. -->","yoast_head_json":{"title":"RandM Game Box 5200 Einweg-Vape Kaufen 5200 Z\u00fcge | ElementVape.de","description":"Wir bieten RandM Game Box 5200 Einweg-Vape Kaufen 5200 Z\u00fcge , Elementvape.de akzeptieren Gro\u00df-und Einzelhandel Bestellungen.","robots":{"index":"index","follow":"follow","max-snippet":"max-snippet:-1","max-image-preview":"max-image-preview:large","max-video-preview":"max-video-preview:-1"},"canonical":"https:\/\/www.elementvape.de\/fi\/produkt\/randm-game-box-5200-einweg-vape-kaufen-5200-zuege\/","og_locale":"fi_FI","og_type":"article","og_title":"RandM Game Box 5200 Einweg-Vape Kaufen 5200 Z\u00fcge | ElementVape.de","og_description":"Wir bieten RandM Game Box 5200 Einweg-Vape Kaufen 5200 Z\u00fcge , Elementvape.de akzeptieren Gro\u00df-und Einzelhandel Bestellungen.","og_url":"https:\/\/www.elementvape.de\/fi\/produkt\/randm-game-box-5200-einweg-vape-kaufen-5200-zuege\/","og_site_name":"ElementVape.de","article_modified_time":"2024-09-12T10:36:18+00:00","og_image":[{"width":800,"height":800,"url":"https:\/\/www.elementvape.de\/wp-content\/uploads\/2024\/06\/RandM-Game-box-5200-3.jpg","type":"image\/jpeg"}],"twitter_card":"summary_large_image","twitter_misc":{"Est. reading time":"2 minuuttia"},"schema":{"@context":"https:\/\/schema.org","@graph":[{"@type":"WebPage","@id":"https:\/\/www.elementvape.de\/et\/produkt\/randm-game-box-5200-einweg-vape-kaufen-5200-zuege\/","url":"https:\/\/www.elementvape.de\/et\/produkt\/randm-game-box-5200-einweg-vape-kaufen-5200-zuege\/","name":"RandM Game Box 5200 Einweg-Vape Kaufen 5200 Z\u00fcge | ElementVape.de","isPartOf":{"@id":"https:\/\/www.elementvape.de\/#website"},"primaryImageOfPage":{"@id":"https:\/\/www.elementvape.de\/et\/produkt\/randm-game-box-5200-einweg-vape-kaufen-5200-zuege\/#primaryimage"},"image":{"@id":"https:\/\/www.elementvape.de\/et\/produkt\/randm-game-box-5200-einweg-vape-kaufen-5200-zuege\/#primaryimage"},"thumbnailUrl":"https:\/\/www.elementvape.de\/wp-content\/uploads\/2024\/06\/RandM-Game-box-5200-3.jpg","datePublished":"2024-06-07T09:14:23+00:00","dateModified":"2024-09-12T10:36:18+00:00","description":"Wir bieten RandM Game Box 5200 Einweg-Vape Kaufen 5200 Z\u00fcge , Elementvape.de akzeptieren Gro\u00df-und Einzelhandel Bestellungen.","breadcrumb":{"@id":"https:\/\/www.elementvape.de\/et\/produkt\/randm-game-box-5200-einweg-vape-kaufen-5200-zuege\/#breadcrumb"},"inLanguage":"fi","potentialAction":[{"@type":"ReadAction","target":["https:\/\/www.elementvape.de\/et\/produkt\/randm-game-box-5200-einweg-vape-kaufen-5200-zuege\/"]}]},{"@type":"ImageObject","inLanguage":"fi","@id":"https:\/\/www.elementvape.de\/et\/produkt\/randm-game-box-5200-einweg-vape-kaufen-5200-zuege\/#primaryimage","url":"https:\/\/www.elementvape.de\/wp-content\/uploads\/2024\/06\/RandM-Game-box-5200-3.jpg","contentUrl":"https:\/\/www.elementvape.de\/wp-content\/uploads\/2024\/06\/RandM-Game-box-5200-3.jpg","width":800,"height":800,"caption":"RandM-Game-box-5200-3"},{"@type":"BreadcrumbList","@id":"https:\/\/www.elementvape.de\/et\/produkt\/randm-game-box-5200-einweg-vape-kaufen-5200-zuege\/#breadcrumb","itemListElement":[{"@type":"ListItem","position":1,"name":"Home","item":"https:\/\/www.elementvape.de\/"},{"@type":"ListItem","position":2,"name":"Shop","item":"https:\/\/www.elementvape.de\/shop\/"},{"@type":"ListItem","position":3,"name":"RandM Game Box 5200 Einweg-Vape Kaufen 5200 Z\u00fcge"}]},{"@type":"WebSite","@id":"https:\/\/www.elementvape.de\/#website","url":"https:\/\/www.elementvape.de\/","name":"ElementVape.de","description":"","publisher":{"@id":"https:\/\/www.elementvape.de\/#organization"},"potentialAction":[{"@type":"SearchAction","target":{"@type":"EntryPoint","urlTemplate":"https:\/\/www.elementvape.de\/?s={search_term_string}"},"query-input":"required name=search_term_string"}],"inLanguage":"fi"},{"@type":"Organization","@id":"https:\/\/www.elementvape.de\/#organization","name":"ElementVape.DE","url":"https:\/\/www.elementvape.de\/","logo":{"@type":"ImageObject","inLanguage":"fi","@id":"https:\/\/www.elementvape.de\/#\/schema\/logo\/image\/","url":"https:\/\/www.elementvape.de\/wp-content\/uploads\/2024\/09\/cropped-1elementvape-3.png","contentUrl":"https:\/\/www.elementvape.de\/wp-content\/uploads\/2024\/09\/cropped-1elementvape-3.png","width":285,"height":228,"caption":"ElementVape.DE"},"image":{"@id":"https:\/\/www.elementvape.de\/#\/schema\/logo\/image\/"}}]}},"_links":{"self":[{"href":"https:\/\/www.elementvape.de\/fi\/wp-json\/wp\/v2\/product\/11878"}],"collection":[{"href":"https:\/\/www.elementvape.de\/fi\/wp-json\/wp\/v2\/product"}],"about":[{"href":"https:\/\/www.elementvape.de\/fi\/wp-json\/wp\/v2\/types\/product"}],"wp:featuredmedia":[{"embeddable":true,"href":"https:\/\/www.elementvape.de\/fi\/wp-json\/wp\/v2\/media\/11879"}],"wp:attachment":[{"href":"https:\/\/www.elementvape.de\/fi\/wp-json\/wp\/v2\/media?parent=11878"}],"wp:term":[{"taxonomy":"product_cat","embeddable":true,"href":"https:\/\/www.elementvape.de\/fi\/wp-json\/wp\/v2\/product_cat?post=11878"},{"taxonomy":"product_tag","embeddable":true,"href":"https:\/\/www.elementvape.de\/fi\/wp-json\/wp\/v2\/product_tag?post=11878"}],"curies":[{"name":"wp","href":"https:\/\/api.w.org\/{rel}","templated":true}]}}