{"id":11858,"date":"2024-06-07T08:59:35","date_gmt":"2024-06-07T08:59:35","guid":{"rendered":"https:\/\/www.elementvape.de\/?post_type=product&#038;p=11858"},"modified":"2024-09-12T10:36:19","modified_gmt":"2024-09-12T10:36:19","slug":"randm-dazzle-king-3000-led-licht-leuchtender-einweg-vape-3000-zuege","status":"publish","type":"product","link":"https:\/\/www.elementvape.de\/fi\/produkt\/randm-dazzle-king-3000-led-licht-leuchtender-einweg-vape-3000-zuege\/","title":{"rendered":"RandM Dazzle King 3000 LED-valolla loistava kertak\u00e4ytt\u00f6inen Vape 3000 vetoa"},"content":{"rendered":"<h3>Tuotekuvaus<\/h3>\n<p><strong>RandM Dazzle King<\/strong> on <strong><a href=\"https:\/\/www.elementvape.de\/fi\/\">kertak\u00e4ytt\u00f6isist\u00e4 E-savukkeista<\/a><\/strong> Laite, jossa on suosittu l\u00e4pin\u00e4kyv\u00e4 tankki ja v\u00e4rik\u00e4s RGB-valo. Se sis\u00e4lt\u00e4\u00e4 8 ml E-nestett\u00e4, jossa on 0\/2\/3\/5 % nikotiinisuolaa, ja tarjoaa jopa 3000 vedon mahdollisuuden. Voit valita 12 makuvaihtoehdosta. RGB-valo tekee siit\u00e4 siistimm\u00e4n kertak\u00e4ytt\u00f6laitteen. Lis\u00e4ksi siin\u00e4 on ladattava USB-liit\u00e4nt\u00e4 laitteen alaosassa, mik\u00e4 takaa, ett\u00e4 k\u00e4yt\u00e4t viimeisen tipan nestett\u00e4 tankista ja valo palaa koko ajan.<\/p>\n<h4>RandM Dazzle King -kertak\u00e4ytt\u00f6laitteen ominaisuudet:<\/h4>\n<ul>\n<li><strong>Nikotiinivaihtoehdot<\/strong>: 0 %, 2 %, 3 % ja 5 % nikotiinisuolaa<\/li>\n<li><strong>Tilavuus<\/strong>: 8 ml E-nestett\u00e4<\/li>\n<li><strong>Pureskelut<\/strong>: Enint\u00e4\u00e4n 3000 vetoa laitetta kohden<\/li>\n<li><strong>V\u00e4ri<\/strong>: 6-v\u00e4rinen RGB-valo<\/li>\n<li><strong>Akku<\/strong>: Uudelleenladattava, t\u00e4ytt\u00f6\u00f6n soveltumaton, sis\u00e4\u00e4nrakennettu 1000-mAh akku<\/li>\n<li><strong>Maku<\/strong>: 12 saatavilla olevaa makua<\/li>\n<li><strong>Pakkaus<\/strong>: 10 kappaletta n\u00e4ytetelineess\u00e4, 300 kappaletta laatikossa<\/li>\n<\/ul>\n<h4>Saatavilla olevat maut:<\/h4>\n<ul>\n<li><strong>Yksinkertainen muotoilu:<\/strong>\n<ol>\n<li>Mansikka-vesimeloni<\/li>\n<li>Sininen Razz Ice<\/li>\n<li>Viinimarjaj\u00e4\u00e4tel\u00f6<\/li>\n<li>Vahva Minttu<\/li>\n<li>Mansikkajogurtti<\/li>\n<li>Banaani-Vaniljaj\u00e4\u00e4tel\u00f6<\/li>\n<\/ol>\n<\/li>\n<li><strong>Kuvitus-Design:<\/strong><\/li>\n<\/ul>\n<ol>\n<li>\u00a0Kiwi-Marja<\/li>\n<li>Lush Ice<\/li>\n<li>Nallekarkit<\/li>\n<li>Marjasekoitus<\/li>\n<li>Vihre\u00e4 Omena-Sitruuna<\/li>\n<li>Energiajuoma<\/li>\n<\/ol>\n<h4>Tuotetiedot:<\/h4>\n<ul>\n<li><strong>Yksikk\u00f6<\/strong>: 1 x RandM Dazzle King 3000 LED-Valo hehkuva kertak\u00e4ytt\u00f6inen vape<\/li>\n<\/ul>","protected":false},"excerpt":{"rendered":"<p>Produktbeschreibung RandM Dazzle King ist ein Einweg-E-Zigaretten Ger\u00e4t mit einem beliebten durchsichtigen Tank und buntem RGB-Licht. Es enth\u00e4lt 8 ml E-Liquid mit 0\/2\/3\/5 % Nikotinsalz und bietet bis zu 3000 Z\u00fcge. Sie k\u00f6nnen zwischen 12 Geschmacksrichtungen w\u00e4hlen. Das RGB-Licht macht es zum coolsten Einwegger\u00e4t. Au\u00dferdem verf\u00fcgt es \u00fcber einen aufladbaren USB-Anschluss an der Unterseite des [&hellip;]<\/p>","protected":false},"featured_media":11859,"template":"","meta":{"inline_featured_image":false},"product_cat":[78,754,745,742,748,744,755,738,751],"product_tag":[676],"tiered_pricing_type":"fixed","tiered_pricing_fixed_rules":[],"tiered_pricing_percentage_rules":[],"tiered_pricing_minimum":1,"_administrator_tiered_pricing_type":"fixed","_administrator_tiered_pricing_fixed_rules":[],"_editor_tiered_pricing_type":"fixed","_editor_tiered_pricing_fixed_rules":[],"_author_tiered_pricing_type":"fixed","_author_tiered_pricing_fixed_rules":[],"_contributor_tiered_pricing_type":"fixed","_contributor_tiered_pricing_fixed_rules":[],"_subscriber_tiered_pricing_type":"fixed","_subscriber_tiered_pricing_fixed_rules":[],"_customer_tiered_pricing_type":"fixed","_customer_tiered_pricing_fixed_rules":[],"_shop_manager_tiered_pricing_type":"fixed","_shop_manager_tiered_pricing_fixed_rules":[],"_wpseo_manager_tiered_pricing_type":"fixed","_wpseo_manager_tiered_pricing_fixed_rules":[],"_wpseo_editor_tiered_pricing_type":"fixed","_wpseo_editor_tiered_pricing_fixed_rules":[],"_wholesale_customer_tiered_pricing_type":"fixed","_wholesale_customer_tiered_pricing_fixed_rules":[],"_marketer_tiered_pricing_type":"fixed","_marketer_tiered_pricing_fixed_rules":[],"_sales_manager_tiered_pricing_type":"fixed","_sales_manager_tiered_pricing_fixed_rules":[],"_sales_rep_tiered_pricing_type":"fixed","_sales_rep_tiered_pricing_fixed_rules":[],"yoast_head":"<!-- This site is optimized with the Yoast SEO plugin v23.3 - https:\/\/yoast.com\/wordpress\/plugins\/seo\/ -->\n<title>RandM Dazzle King 3000 LED-Licht leuchtender Einweg-Vape 3000 Z\u00fcge | ElementVape.de<\/title>\n<meta name=\"description\" content=\"Wir bieten RandM Dazzle King 3000 LED-Licht leuchtender Einweg-Vape 3000 Z\u00fcge , Elementvape.de akzeptieren Gro\u00df-und Einzelhandel Bestellungen.\" \/>\n<meta name=\"robots\" content=\"index, follow, max-snippet:-1, max-image-preview:large, max-video-preview:-1\" \/>\n<link rel=\"canonical\" href=\"https:\/\/www.elementvape.de\/fi\/produkt\/randm-dazzle-king-3000-led-licht-leuchtender-einweg-vape-3000-zuege\/\" \/>\n<meta property=\"og:locale\" content=\"fi_FI\" \/>\n<meta property=\"og:type\" content=\"article\" \/>\n<meta property=\"og:title\" content=\"RandM Dazzle King 3000 LED-Licht leuchtender Einweg-Vape 3000 Z\u00fcge | ElementVape.de\" \/>\n<meta property=\"og:description\" content=\"Wir bieten RandM Dazzle King 3000 LED-Licht leuchtender Einweg-Vape 3000 Z\u00fcge , Elementvape.de akzeptieren Gro\u00df-und Einzelhandel Bestellungen.\" \/>\n<meta property=\"og:url\" content=\"https:\/\/www.elementvape.de\/fi\/produkt\/randm-dazzle-king-3000-led-licht-leuchtender-einweg-vape-3000-zuege\/\" \/>\n<meta property=\"og:site_name\" content=\"ElementVape.de\" \/>\n<meta property=\"article:modified_time\" content=\"2024-09-12T10:36:19+00:00\" \/>\n<meta property=\"og:image\" content=\"https:\/\/www.elementvape.de\/wp-content\/uploads\/2024\/06\/RandM-Dazzle-King.webp\" \/>\n\t<meta property=\"og:image:width\" content=\"800\" \/>\n\t<meta property=\"og:image:height\" content=\"800\" \/>\n\t<meta property=\"og:image:type\" content=\"image\/webp\" \/>\n<meta name=\"twitter:card\" content=\"summary_large_image\" \/>\n<meta name=\"twitter:label1\" content=\"Est. reading time\" \/>\n\t<meta name=\"twitter:data1\" content=\"2 minuuttia\" \/>\n<script type=\"application\/ld+json\" class=\"yoast-schema-graph\">{\"@context\":\"https:\/\/schema.org\",\"@graph\":[{\"@type\":\"WebPage\",\"@id\":\"https:\/\/www.elementvape.de\/produkt\/randm-dazzle-king-3000-led-licht-leuchtender-einweg-vape-3000-zuege\/\",\"url\":\"https:\/\/www.elementvape.de\/produkt\/randm-dazzle-king-3000-led-licht-leuchtender-einweg-vape-3000-zuege\/\",\"name\":\"RandM Dazzle King 3000 LED-Licht leuchtender Einweg-Vape 3000 Z\u00fcge | ElementVape.de\",\"isPartOf\":{\"@id\":\"https:\/\/www.elementvape.de\/#website\"},\"primaryImageOfPage\":{\"@id\":\"https:\/\/www.elementvape.de\/produkt\/randm-dazzle-king-3000-led-licht-leuchtender-einweg-vape-3000-zuege\/#primaryimage\"},\"image\":{\"@id\":\"https:\/\/www.elementvape.de\/produkt\/randm-dazzle-king-3000-led-licht-leuchtender-einweg-vape-3000-zuege\/#primaryimage\"},\"thumbnailUrl\":\"https:\/\/www.elementvape.de\/wp-content\/uploads\/2024\/06\/RandM-Dazzle-King.webp\",\"datePublished\":\"2024-06-07T08:59:35+00:00\",\"dateModified\":\"2024-09-12T10:36:19+00:00\",\"description\":\"Wir bieten RandM Dazzle King 3000 LED-Licht leuchtender Einweg-Vape 3000 Z\u00fcge , Elementvape.de akzeptieren Gro\u00df-und Einzelhandel Bestellungen.\",\"breadcrumb\":{\"@id\":\"https:\/\/www.elementvape.de\/produkt\/randm-dazzle-king-3000-led-licht-leuchtender-einweg-vape-3000-zuege\/#breadcrumb\"},\"inLanguage\":\"fi\",\"potentialAction\":[{\"@type\":\"ReadAction\",\"target\":[\"https:\/\/www.elementvape.de\/produkt\/randm-dazzle-king-3000-led-licht-leuchtender-einweg-vape-3000-zuege\/\"]}]},{\"@type\":\"ImageObject\",\"inLanguage\":\"fi\",\"@id\":\"https:\/\/www.elementvape.de\/produkt\/randm-dazzle-king-3000-led-licht-leuchtender-einweg-vape-3000-zuege\/#primaryimage\",\"url\":\"https:\/\/www.elementvape.de\/wp-content\/uploads\/2024\/06\/RandM-Dazzle-King.webp\",\"contentUrl\":\"https:\/\/www.elementvape.de\/wp-content\/uploads\/2024\/06\/RandM-Dazzle-King.webp\",\"width\":800,\"height\":800,\"caption\":\"RandM-Dazzle-King\"},{\"@type\":\"BreadcrumbList\",\"@id\":\"https:\/\/www.elementvape.de\/produkt\/randm-dazzle-king-3000-led-licht-leuchtender-einweg-vape-3000-zuege\/#breadcrumb\",\"itemListElement\":[{\"@type\":\"ListItem\",\"position\":1,\"name\":\"Home\",\"item\":\"https:\/\/www.elementvape.de\/\"},{\"@type\":\"ListItem\",\"position\":2,\"name\":\"Shop\",\"item\":\"https:\/\/www.elementvape.de\/shop\/\"},{\"@type\":\"ListItem\",\"position\":3,\"name\":\"RandM Dazzle King 3000 LED-Licht leuchtender Einweg-Vape 3000 Z\u00fcge\"}]},{\"@type\":\"WebSite\",\"@id\":\"https:\/\/www.elementvape.de\/#website\",\"url\":\"https:\/\/www.elementvape.de\/\",\"name\":\"ElementVape.de\",\"description\":\"\",\"publisher\":{\"@id\":\"https:\/\/www.elementvape.de\/#organization\"},\"potentialAction\":[{\"@type\":\"SearchAction\",\"target\":{\"@type\":\"EntryPoint\",\"urlTemplate\":\"https:\/\/www.elementvape.de\/?s={search_term_string}\"},\"query-input\":\"required name=search_term_string\"}],\"inLanguage\":\"fi\"},{\"@type\":\"Organization\",\"@id\":\"https:\/\/www.elementvape.de\/#organization\",\"name\":\"ElementVape.DE\",\"url\":\"https:\/\/www.elementvape.de\/\",\"logo\":{\"@type\":\"ImageObject\",\"inLanguage\":\"fi\",\"@id\":\"https:\/\/www.elementvape.de\/#\/schema\/logo\/image\/\",\"url\":\"https:\/\/www.elementvape.de\/wp-content\/uploads\/2024\/09\/cropped-1elementvape-3.png\",\"contentUrl\":\"https:\/\/www.elementvape.de\/wp-content\/uploads\/2024\/09\/cropped-1elementvape-3.png\",\"width\":285,\"height\":228,\"caption\":\"ElementVape.DE\"},\"image\":{\"@id\":\"https:\/\/www.elementvape.de\/#\/schema\/logo\/image\/\"}}]}<\/script>\n<!-- \/ Yoast SEO plugin. -->","yoast_head_json":{"title":"RandM Dazzle King 3000 LED-Licht leuchtender Einweg-Vape 3000 Z\u00fcge | ElementVape.de","description":"Wir bieten RandM Dazzle King 3000 LED-Licht leuchtender Einweg-Vape 3000 Z\u00fcge , Elementvape.de akzeptieren Gro\u00df-und Einzelhandel Bestellungen.","robots":{"index":"index","follow":"follow","max-snippet":"max-snippet:-1","max-image-preview":"max-image-preview:large","max-video-preview":"max-video-preview:-1"},"canonical":"https:\/\/www.elementvape.de\/fi\/produkt\/randm-dazzle-king-3000-led-licht-leuchtender-einweg-vape-3000-zuege\/","og_locale":"fi_FI","og_type":"article","og_title":"RandM Dazzle King 3000 LED-Licht leuchtender Einweg-Vape 3000 Z\u00fcge | ElementVape.de","og_description":"Wir bieten RandM Dazzle King 3000 LED-Licht leuchtender Einweg-Vape 3000 Z\u00fcge , Elementvape.de akzeptieren Gro\u00df-und Einzelhandel Bestellungen.","og_url":"https:\/\/www.elementvape.de\/fi\/produkt\/randm-dazzle-king-3000-led-licht-leuchtender-einweg-vape-3000-zuege\/","og_site_name":"ElementVape.de","article_modified_time":"2024-09-12T10:36:19+00:00","og_image":[{"width":800,"height":800,"url":"https:\/\/www.elementvape.de\/wp-content\/uploads\/2024\/06\/RandM-Dazzle-King.webp","type":"image\/webp"}],"twitter_card":"summary_large_image","twitter_misc":{"Est. reading time":"2 minuuttia"},"schema":{"@context":"https:\/\/schema.org","@graph":[{"@type":"WebPage","@id":"https:\/\/www.elementvape.de\/produkt\/randm-dazzle-king-3000-led-licht-leuchtender-einweg-vape-3000-zuege\/","url":"https:\/\/www.elementvape.de\/produkt\/randm-dazzle-king-3000-led-licht-leuchtender-einweg-vape-3000-zuege\/","name":"RandM Dazzle King 3000 LED-Licht leuchtender Einweg-Vape 3000 Z\u00fcge | ElementVape.de","isPartOf":{"@id":"https:\/\/www.elementvape.de\/#website"},"primaryImageOfPage":{"@id":"https:\/\/www.elementvape.de\/produkt\/randm-dazzle-king-3000-led-licht-leuchtender-einweg-vape-3000-zuege\/#primaryimage"},"image":{"@id":"https:\/\/www.elementvape.de\/produkt\/randm-dazzle-king-3000-led-licht-leuchtender-einweg-vape-3000-zuege\/#primaryimage"},"thumbnailUrl":"https:\/\/www.elementvape.de\/wp-content\/uploads\/2024\/06\/RandM-Dazzle-King.webp","datePublished":"2024-06-07T08:59:35+00:00","dateModified":"2024-09-12T10:36:19+00:00","description":"Wir bieten RandM Dazzle King 3000 LED-Licht leuchtender Einweg-Vape 3000 Z\u00fcge , Elementvape.de akzeptieren Gro\u00df-und Einzelhandel Bestellungen.","breadcrumb":{"@id":"https:\/\/www.elementvape.de\/produkt\/randm-dazzle-king-3000-led-licht-leuchtender-einweg-vape-3000-zuege\/#breadcrumb"},"inLanguage":"fi","potentialAction":[{"@type":"ReadAction","target":["https:\/\/www.elementvape.de\/produkt\/randm-dazzle-king-3000-led-licht-leuchtender-einweg-vape-3000-zuege\/"]}]},{"@type":"ImageObject","inLanguage":"fi","@id":"https:\/\/www.elementvape.de\/produkt\/randm-dazzle-king-3000-led-licht-leuchtender-einweg-vape-3000-zuege\/#primaryimage","url":"https:\/\/www.elementvape.de\/wp-content\/uploads\/2024\/06\/RandM-Dazzle-King.webp","contentUrl":"https:\/\/www.elementvape.de\/wp-content\/uploads\/2024\/06\/RandM-Dazzle-King.webp","width":800,"height":800,"caption":"RandM-Dazzle-King"},{"@type":"BreadcrumbList","@id":"https:\/\/www.elementvape.de\/produkt\/randm-dazzle-king-3000-led-licht-leuchtender-einweg-vape-3000-zuege\/#breadcrumb","itemListElement":[{"@type":"ListItem","position":1,"name":"Home","item":"https:\/\/www.elementvape.de\/"},{"@type":"ListItem","position":2,"name":"Shop","item":"https:\/\/www.elementvape.de\/shop\/"},{"@type":"ListItem","position":3,"name":"RandM Dazzle King 3000 LED-Licht leuchtender Einweg-Vape 3000 Z\u00fcge"}]},{"@type":"WebSite","@id":"https:\/\/www.elementvape.de\/#website","url":"https:\/\/www.elementvape.de\/","name":"ElementVape.de","description":"","publisher":{"@id":"https:\/\/www.elementvape.de\/#organization"},"potentialAction":[{"@type":"SearchAction","target":{"@type":"EntryPoint","urlTemplate":"https:\/\/www.elementvape.de\/?s={search_term_string}"},"query-input":"required name=search_term_string"}],"inLanguage":"fi"},{"@type":"Organization","@id":"https:\/\/www.elementvape.de\/#organization","name":"ElementVape.DE","url":"https:\/\/www.elementvape.de\/","logo":{"@type":"ImageObject","inLanguage":"fi","@id":"https:\/\/www.elementvape.de\/#\/schema\/logo\/image\/","url":"https:\/\/www.elementvape.de\/wp-content\/uploads\/2024\/09\/cropped-1elementvape-3.png","contentUrl":"https:\/\/www.elementvape.de\/wp-content\/uploads\/2024\/09\/cropped-1elementvape-3.png","width":285,"height":228,"caption":"ElementVape.DE"},"image":{"@id":"https:\/\/www.elementvape.de\/#\/schema\/logo\/image\/"}}]}},"_links":{"self":[{"href":"https:\/\/www.elementvape.de\/fi\/wp-json\/wp\/v2\/product\/11858"}],"collection":[{"href":"https:\/\/www.elementvape.de\/fi\/wp-json\/wp\/v2\/product"}],"about":[{"href":"https:\/\/www.elementvape.de\/fi\/wp-json\/wp\/v2\/types\/product"}],"wp:featuredmedia":[{"embeddable":true,"href":"https:\/\/www.elementvape.de\/fi\/wp-json\/wp\/v2\/media\/11859"}],"wp:attachment":[{"href":"https:\/\/www.elementvape.de\/fi\/wp-json\/wp\/v2\/media?parent=11858"}],"wp:term":[{"taxonomy":"product_cat","embeddable":true,"href":"https:\/\/www.elementvape.de\/fi\/wp-json\/wp\/v2\/product_cat?post=11858"},{"taxonomy":"product_tag","embeddable":true,"href":"https:\/\/www.elementvape.de\/fi\/wp-json\/wp\/v2\/product_tag?post=11858"}],"curies":[{"name":"wp","href":"https:\/\/api.w.org\/{rel}","templated":true}]}}