{"id":11816,"date":"2024-06-07T08:35:24","date_gmt":"2024-06-07T08:35:24","guid":{"rendered":"https:\/\/www.elementvape.de\/?post_type=product&#038;p=11816"},"modified":"2024-09-12T10:36:21","modified_gmt":"2024-09-12T10:36:21","slug":"randm-max-einweg-e-zigarette-1700-zuege-kaufen","status":"publish","type":"product","link":"https:\/\/www.elementvape.de\/fi\/produkt\/randm-max-einweg-e-zigarette-1700-zuege-kaufen\/","title":{"rendered":"RandM Max+ kertak\u00e4ytt\u00f6inen E-savuke Osta 1700 vetoa"},"content":{"rendered":"<h2><strong>RandM Max+ <\/strong>Tuotekuvaus<\/h2>\n<p><strong>RandM Max+<\/strong> on kertak\u00e4ytt\u00f6inen vape-laite, jossa on suosittu Rick and Morty -design. Se sis\u00e4lt\u00e4\u00e4 6 ml e-liuosta, jossa on 0\/2\/3\/5 % nikotiinia, ja mahdollistaa jopa 1700 vedon k\u00e4ytt\u00f6\u00e4.<\/p>\n<h4>RandM Max+ kertak\u00e4ytt\u00f6isen vape-laitteen ominaisuudet:<\/h4>\n<ul>\n<li><strong>Nikotiinivaihtoehdot<\/strong>: 0 %, 2 %, 3 % ja 5 % nikotiinisuolaa.<\/li>\n<li><strong>Tilavuus<\/strong>: 6 ml e-liuosta.<\/li>\n<li><strong>Pureskelut<\/strong>: Jopa 1700 vetoa per laite.<\/li>\n<li><strong>Ilmavirran s\u00e4\u00e4t\u00f6<\/strong>: S\u00e4\u00e4dett\u00e4v\u00e4 ilmanvirtaus.<\/li>\n<li><strong>Aktivointi<\/strong>: Aktivoi vet\u00e4m\u00e4ll\u00e4 sytytysmekanismi.<\/li>\n<li><strong>Maku<\/strong>: 16 saatavilla olevaa makuvaihtoehtoa.<\/li>\n<li><strong>Laitetyyppi<\/strong>: Kertak\u00e4ytt\u00f6laite (ei uudelleenladattava eik\u00e4 t\u00e4ytett\u00e4v\u00e4).<\/li>\n<li><strong>Pakkaus<\/strong>: 10 kappaletta n\u00e4yt\u00f6spakkauksessa, 300 kappaletta laatikossa<\/li>\n<\/ul>\n<h4>Saatavilla olevat maut:<\/h4>\n<ol>\n<li>Banaani J\u00e4\u00e4tel\u00f6<\/li>\n<li>Lush Ice<\/li>\n<li>Kylm\u00e4 Minttu<\/li>\n<li>Viiniryp\u00e4le Ice<\/li>\n<li>Cola J\u00e4\u00e4<\/li>\n<li>Sekoitusmarjat<\/li>\n<li>Mansikka-vesimeloni<\/li>\n<li>Mamba<\/li>\n<li>Pink Lemonade<\/li>\n<li>Mustikka J\u00e4\u00e4tel\u00f6<\/li>\n<li>Persikka J\u00e4\u00e4<\/li>\n<li>Guava J\u00e4\u00e4<\/li>\n<li>Kiwi Marja<\/li>\n<li>Mansikka-Banaani<\/li>\n<li>Meloni-j\u00e4\u00e4<\/li>\n<li>Pina Colada<\/li>\n<\/ol>\n<h4>Tuotetiedot:<\/h4>\n<ul>\n<li><strong>Yksikk\u00f6<\/strong>: 1 x RandM Max+ kertak\u00e4ytt\u00f6inen vape, jossa 1700 vetoa<\/li>\n<\/ul>\n<p><strong>elementvape<\/strong> on yksi maailman suurimmista s\u00e4hk\u00f6tupakan tukkureista. Osta RandM Max+ Vape suurissa eriss\u00e4 verkossa elementvape.comissa.<\/p>","protected":false},"excerpt":{"rendered":"<p>RandM Max+ Produktbeschreibung RandM Max+ ist ein Einweg-Vape-Ger\u00e4t mit einem beliebten Rick and Morty-Design. Es enth\u00e4lt 6 ml E-Liquid mit 0\/2\/3\/5 % Nikotin und erm\u00f6glicht bis zu 1700 Z\u00fcge. Merkmale des RandM Max+ Disposable Vape: Nikotinoptionen: 0 %, 2 %, 3 % und 5 % Nikotinsalz. Fassungsverm\u00f6gen: 6 ml E-Liquid. Z\u00fcge: Bis zu 1700 Z\u00fcge [&hellip;]<\/p>","protected":false},"featured_media":11817,"template":"","meta":{"inline_featured_image":false},"product_cat":[78,754,745,742,748,744,755,738,751],"product_tag":[675],"tiered_pricing_type":"fixed","tiered_pricing_fixed_rules":[],"tiered_pricing_percentage_rules":[],"tiered_pricing_minimum":1,"_administrator_tiered_pricing_type":"fixed","_administrator_tiered_pricing_fixed_rules":[],"_editor_tiered_pricing_type":"fixed","_editor_tiered_pricing_fixed_rules":[],"_author_tiered_pricing_type":"fixed","_author_tiered_pricing_fixed_rules":[],"_contributor_tiered_pricing_type":"fixed","_contributor_tiered_pricing_fixed_rules":[],"_subscriber_tiered_pricing_type":"fixed","_subscriber_tiered_pricing_fixed_rules":[],"_customer_tiered_pricing_type":"fixed","_customer_tiered_pricing_fixed_rules":[],"_shop_manager_tiered_pricing_type":"fixed","_shop_manager_tiered_pricing_fixed_rules":[],"_wpseo_manager_tiered_pricing_type":"fixed","_wpseo_manager_tiered_pricing_fixed_rules":[],"_wpseo_editor_tiered_pricing_type":"fixed","_wpseo_editor_tiered_pricing_fixed_rules":[],"_wholesale_customer_tiered_pricing_type":"fixed","_wholesale_customer_tiered_pricing_fixed_rules":[],"_marketer_tiered_pricing_type":"fixed","_marketer_tiered_pricing_fixed_rules":[],"_sales_manager_tiered_pricing_type":"fixed","_sales_manager_tiered_pricing_fixed_rules":[],"_sales_rep_tiered_pricing_type":"fixed","_sales_rep_tiered_pricing_fixed_rules":[],"yoast_head":"<!-- This site is optimized with the Yoast SEO plugin v23.3 - https:\/\/yoast.com\/wordpress\/plugins\/seo\/ -->\n<title>RandM Max+ Einweg- E-ZIGARETTE 1700 Z\u00fcge Kaufen | ElementVape.de<\/title>\n<meta name=\"description\" content=\"Wir bieten RandM Max+ Einweg- E-ZIGARETTE 1700 Z\u00fcge Kaufen , Elementvape.de akzeptieren Gro\u00df-und Einzelhandel Bestellungen.\" \/>\n<meta name=\"robots\" content=\"index, follow, max-snippet:-1, max-image-preview:large, max-video-preview:-1\" \/>\n<link rel=\"canonical\" href=\"https:\/\/www.elementvape.de\/fi\/produkt\/randm-max-einweg-e-zigarette-1700-zuege-kaufen\/\" \/>\n<meta property=\"og:locale\" content=\"fi_FI\" \/>\n<meta property=\"og:type\" content=\"article\" \/>\n<meta property=\"og:title\" content=\"RandM Max+ Einweg- E-ZIGARETTE 1700 Z\u00fcge Kaufen | ElementVape.de\" \/>\n<meta property=\"og:description\" content=\"Wir bieten RandM Max+ Einweg- E-ZIGARETTE 1700 Z\u00fcge Kaufen , Elementvape.de akzeptieren Gro\u00df-und Einzelhandel Bestellungen.\" \/>\n<meta property=\"og:url\" content=\"https:\/\/www.elementvape.de\/fi\/produkt\/randm-max-einweg-e-zigarette-1700-zuege-kaufen\/\" \/>\n<meta property=\"og:site_name\" content=\"ElementVape.de\" \/>\n<meta property=\"article:modified_time\" content=\"2024-09-12T10:36:21+00:00\" \/>\n<meta property=\"og:image\" content=\"https:\/\/www.elementvape.de\/wp-content\/uploads\/2024\/06\/RandMMax_DisposableVape_1.webp\" \/>\n\t<meta property=\"og:image:width\" content=\"800\" \/>\n\t<meta property=\"og:image:height\" content=\"800\" \/>\n\t<meta property=\"og:image:type\" content=\"image\/webp\" \/>\n<meta name=\"twitter:card\" content=\"summary_large_image\" \/>\n<meta name=\"twitter:label1\" content=\"Est. reading time\" \/>\n\t<meta name=\"twitter:data1\" content=\"2 minuuttia\" \/>\n<script type=\"application\/ld+json\" class=\"yoast-schema-graph\">{\"@context\":\"https:\/\/schema.org\",\"@graph\":[{\"@type\":\"WebPage\",\"@id\":\"https:\/\/www.elementvape.de\/it\/produkt\/randm-max-einweg-e-zigarette-1700-zuege-kaufen\/\",\"url\":\"https:\/\/www.elementvape.de\/it\/produkt\/randm-max-einweg-e-zigarette-1700-zuege-kaufen\/\",\"name\":\"RandM Max+ Einweg- E-ZIGARETTE 1700 Z\u00fcge Kaufen | ElementVape.de\",\"isPartOf\":{\"@id\":\"https:\/\/www.elementvape.de\/#website\"},\"primaryImageOfPage\":{\"@id\":\"https:\/\/www.elementvape.de\/it\/produkt\/randm-max-einweg-e-zigarette-1700-zuege-kaufen\/#primaryimage\"},\"image\":{\"@id\":\"https:\/\/www.elementvape.de\/it\/produkt\/randm-max-einweg-e-zigarette-1700-zuege-kaufen\/#primaryimage\"},\"thumbnailUrl\":\"https:\/\/www.elementvape.de\/wp-content\/uploads\/2024\/06\/RandMMax_DisposableVape_1.webp\",\"datePublished\":\"2024-06-07T08:35:24+00:00\",\"dateModified\":\"2024-09-12T10:36:21+00:00\",\"description\":\"Wir bieten RandM Max+ Einweg- E-ZIGARETTE 1700 Z\u00fcge Kaufen , Elementvape.de akzeptieren Gro\u00df-und Einzelhandel Bestellungen.\",\"breadcrumb\":{\"@id\":\"https:\/\/www.elementvape.de\/it\/produkt\/randm-max-einweg-e-zigarette-1700-zuege-kaufen\/#breadcrumb\"},\"inLanguage\":\"fi\",\"potentialAction\":[{\"@type\":\"ReadAction\",\"target\":[\"https:\/\/www.elementvape.de\/it\/produkt\/randm-max-einweg-e-zigarette-1700-zuege-kaufen\/\"]}]},{\"@type\":\"ImageObject\",\"inLanguage\":\"fi\",\"@id\":\"https:\/\/www.elementvape.de\/it\/produkt\/randm-max-einweg-e-zigarette-1700-zuege-kaufen\/#primaryimage\",\"url\":\"https:\/\/www.elementvape.de\/wp-content\/uploads\/2024\/06\/RandMMax_DisposableVape_1.webp\",\"contentUrl\":\"https:\/\/www.elementvape.de\/wp-content\/uploads\/2024\/06\/RandMMax_DisposableVape_1.webp\",\"width\":800,\"height\":800,\"caption\":\"RandMMax_DisposableVape_1\"},{\"@type\":\"BreadcrumbList\",\"@id\":\"https:\/\/www.elementvape.de\/it\/produkt\/randm-max-einweg-e-zigarette-1700-zuege-kaufen\/#breadcrumb\",\"itemListElement\":[{\"@type\":\"ListItem\",\"position\":1,\"name\":\"Home\",\"item\":\"https:\/\/www.elementvape.de\/\"},{\"@type\":\"ListItem\",\"position\":2,\"name\":\"Shop\",\"item\":\"https:\/\/www.elementvape.de\/shop\/\"},{\"@type\":\"ListItem\",\"position\":3,\"name\":\"RandM Max+ Einweg- E-ZIGARETTE 1700 Z\u00fcge Kaufen\"}]},{\"@type\":\"WebSite\",\"@id\":\"https:\/\/www.elementvape.de\/#website\",\"url\":\"https:\/\/www.elementvape.de\/\",\"name\":\"ElementVape.de\",\"description\":\"\",\"publisher\":{\"@id\":\"https:\/\/www.elementvape.de\/#organization\"},\"potentialAction\":[{\"@type\":\"SearchAction\",\"target\":{\"@type\":\"EntryPoint\",\"urlTemplate\":\"https:\/\/www.elementvape.de\/?s={search_term_string}\"},\"query-input\":\"required name=search_term_string\"}],\"inLanguage\":\"fi\"},{\"@type\":\"Organization\",\"@id\":\"https:\/\/www.elementvape.de\/#organization\",\"name\":\"ElementVape.DE\",\"url\":\"https:\/\/www.elementvape.de\/\",\"logo\":{\"@type\":\"ImageObject\",\"inLanguage\":\"fi\",\"@id\":\"https:\/\/www.elementvape.de\/#\/schema\/logo\/image\/\",\"url\":\"https:\/\/www.elementvape.de\/wp-content\/uploads\/2024\/09\/cropped-1elementvape-3.png\",\"contentUrl\":\"https:\/\/www.elementvape.de\/wp-content\/uploads\/2024\/09\/cropped-1elementvape-3.png\",\"width\":285,\"height\":228,\"caption\":\"ElementVape.DE\"},\"image\":{\"@id\":\"https:\/\/www.elementvape.de\/#\/schema\/logo\/image\/\"}}]}<\/script>\n<!-- \/ Yoast SEO plugin. -->","yoast_head_json":{"title":"RandM Max+ Einweg- E-ZIGARETTE 1700 Z\u00fcge Kaufen | ElementVape.de","description":"Wir bieten RandM Max+ Einweg- E-ZIGARETTE 1700 Z\u00fcge Kaufen , Elementvape.de akzeptieren Gro\u00df-und Einzelhandel Bestellungen.","robots":{"index":"index","follow":"follow","max-snippet":"max-snippet:-1","max-image-preview":"max-image-preview:large","max-video-preview":"max-video-preview:-1"},"canonical":"https:\/\/www.elementvape.de\/fi\/produkt\/randm-max-einweg-e-zigarette-1700-zuege-kaufen\/","og_locale":"fi_FI","og_type":"article","og_title":"RandM Max+ Einweg- E-ZIGARETTE 1700 Z\u00fcge Kaufen | ElementVape.de","og_description":"Wir bieten RandM Max+ Einweg- E-ZIGARETTE 1700 Z\u00fcge Kaufen , Elementvape.de akzeptieren Gro\u00df-und Einzelhandel Bestellungen.","og_url":"https:\/\/www.elementvape.de\/fi\/produkt\/randm-max-einweg-e-zigarette-1700-zuege-kaufen\/","og_site_name":"ElementVape.de","article_modified_time":"2024-09-12T10:36:21+00:00","og_image":[{"width":800,"height":800,"url":"https:\/\/www.elementvape.de\/wp-content\/uploads\/2024\/06\/RandMMax_DisposableVape_1.webp","type":"image\/webp"}],"twitter_card":"summary_large_image","twitter_misc":{"Est. reading time":"2 minuuttia"},"schema":{"@context":"https:\/\/schema.org","@graph":[{"@type":"WebPage","@id":"https:\/\/www.elementvape.de\/it\/produkt\/randm-max-einweg-e-zigarette-1700-zuege-kaufen\/","url":"https:\/\/www.elementvape.de\/it\/produkt\/randm-max-einweg-e-zigarette-1700-zuege-kaufen\/","name":"RandM Max+ Einweg- E-ZIGARETTE 1700 Z\u00fcge Kaufen | ElementVape.de","isPartOf":{"@id":"https:\/\/www.elementvape.de\/#website"},"primaryImageOfPage":{"@id":"https:\/\/www.elementvape.de\/it\/produkt\/randm-max-einweg-e-zigarette-1700-zuege-kaufen\/#primaryimage"},"image":{"@id":"https:\/\/www.elementvape.de\/it\/produkt\/randm-max-einweg-e-zigarette-1700-zuege-kaufen\/#primaryimage"},"thumbnailUrl":"https:\/\/www.elementvape.de\/wp-content\/uploads\/2024\/06\/RandMMax_DisposableVape_1.webp","datePublished":"2024-06-07T08:35:24+00:00","dateModified":"2024-09-12T10:36:21+00:00","description":"Wir bieten RandM Max+ Einweg- E-ZIGARETTE 1700 Z\u00fcge Kaufen , Elementvape.de akzeptieren Gro\u00df-und Einzelhandel Bestellungen.","breadcrumb":{"@id":"https:\/\/www.elementvape.de\/it\/produkt\/randm-max-einweg-e-zigarette-1700-zuege-kaufen\/#breadcrumb"},"inLanguage":"fi","potentialAction":[{"@type":"ReadAction","target":["https:\/\/www.elementvape.de\/it\/produkt\/randm-max-einweg-e-zigarette-1700-zuege-kaufen\/"]}]},{"@type":"ImageObject","inLanguage":"fi","@id":"https:\/\/www.elementvape.de\/it\/produkt\/randm-max-einweg-e-zigarette-1700-zuege-kaufen\/#primaryimage","url":"https:\/\/www.elementvape.de\/wp-content\/uploads\/2024\/06\/RandMMax_DisposableVape_1.webp","contentUrl":"https:\/\/www.elementvape.de\/wp-content\/uploads\/2024\/06\/RandMMax_DisposableVape_1.webp","width":800,"height":800,"caption":"RandMMax_DisposableVape_1"},{"@type":"BreadcrumbList","@id":"https:\/\/www.elementvape.de\/it\/produkt\/randm-max-einweg-e-zigarette-1700-zuege-kaufen\/#breadcrumb","itemListElement":[{"@type":"ListItem","position":1,"name":"Home","item":"https:\/\/www.elementvape.de\/"},{"@type":"ListItem","position":2,"name":"Shop","item":"https:\/\/www.elementvape.de\/shop\/"},{"@type":"ListItem","position":3,"name":"RandM Max+ Einweg- E-ZIGARETTE 1700 Z\u00fcge Kaufen"}]},{"@type":"WebSite","@id":"https:\/\/www.elementvape.de\/#website","url":"https:\/\/www.elementvape.de\/","name":"ElementVape.de","description":"","publisher":{"@id":"https:\/\/www.elementvape.de\/#organization"},"potentialAction":[{"@type":"SearchAction","target":{"@type":"EntryPoint","urlTemplate":"https:\/\/www.elementvape.de\/?s={search_term_string}"},"query-input":"required name=search_term_string"}],"inLanguage":"fi"},{"@type":"Organization","@id":"https:\/\/www.elementvape.de\/#organization","name":"ElementVape.DE","url":"https:\/\/www.elementvape.de\/","logo":{"@type":"ImageObject","inLanguage":"fi","@id":"https:\/\/www.elementvape.de\/#\/schema\/logo\/image\/","url":"https:\/\/www.elementvape.de\/wp-content\/uploads\/2024\/09\/cropped-1elementvape-3.png","contentUrl":"https:\/\/www.elementvape.de\/wp-content\/uploads\/2024\/09\/cropped-1elementvape-3.png","width":285,"height":228,"caption":"ElementVape.DE"},"image":{"@id":"https:\/\/www.elementvape.de\/#\/schema\/logo\/image\/"}}]}},"_links":{"self":[{"href":"https:\/\/www.elementvape.de\/fi\/wp-json\/wp\/v2\/product\/11816"}],"collection":[{"href":"https:\/\/www.elementvape.de\/fi\/wp-json\/wp\/v2\/product"}],"about":[{"href":"https:\/\/www.elementvape.de\/fi\/wp-json\/wp\/v2\/types\/product"}],"wp:featuredmedia":[{"embeddable":true,"href":"https:\/\/www.elementvape.de\/fi\/wp-json\/wp\/v2\/media\/11817"}],"wp:attachment":[{"href":"https:\/\/www.elementvape.de\/fi\/wp-json\/wp\/v2\/media?parent=11816"}],"wp:term":[{"taxonomy":"product_cat","embeddable":true,"href":"https:\/\/www.elementvape.de\/fi\/wp-json\/wp\/v2\/product_cat?post=11816"},{"taxonomy":"product_tag","embeddable":true,"href":"https:\/\/www.elementvape.de\/fi\/wp-json\/wp\/v2\/product_tag?post=11816"}],"curies":[{"name":"wp","href":"https:\/\/api.w.org\/{rel}","templated":true}]}}