{"id":11796,"date":"2024-06-07T02:37:00","date_gmt":"2024-06-07T02:37:00","guid":{"rendered":"https:\/\/www.elementvape.de\/?post_type=product&#038;p=11796"},"modified":"2024-09-12T10:36:22","modified_gmt":"2024-09-12T10:36:22","slug":"randm-vbar-800-puffs-leuchtender-einweg-vape","status":"publish","type":"product","link":"https:\/\/www.elementvape.de\/fi\/produkt\/randm-vbar-800-puffs-leuchtender-einweg-vape\/","title":{"rendered":"RandM Vbar 800 vetoa loistava kertak\u00e4ytt\u00f6inen Vape"},"content":{"rendered":"<h2>Tuotekuvaus: RandM Vbar<\/h2>\n<p>Se <strong>RandM Vbar<\/strong> on tyylik\u00e4s <strong><a href=\"https:\/\/www.elementvape.de\/fi\/\">kertak\u00e4ytt\u00f6isist\u00e4 E-savukkeista<\/a><\/strong> laite v\u00e4rikk\u00e4\u00e4ll\u00e4 LED-valosuunnittelulla, joka tarjoaa houkuttelevan h\u00f6yrystyskokemuksen monipuolisilla makuvaihtoehdoilla ja nikotiinipitoisuuksilla.<\/p>\n<h3>P\u00e4\u00e4ominaisuudet:<\/h3>\n<ul>\n<li><strong>Nikotiinivaihtoehdot<\/strong>: Saatavana 0 %, 2 %, 3 % ja 5 % nikotiinisuolalla.<\/li>\n<li><strong>Tilavuus<\/strong>: Sis\u00e4lt\u00e4\u00e4 2 ml E-liuosta.<\/li>\n<li><strong>Pureskelut<\/strong>: Tarjoaa v\u00e4hint\u00e4\u00e4n 800 vedon per laite.<\/li>\n<li><strong>Valaistus<\/strong>: Varustettu RGB-valoilla houkuttelevan visuaalisen kokemuksen saavuttamiseksi.<\/li>\n<li><strong>Aktivointi<\/strong>: Vedett\u00e4ess\u00e4 aktivoituva sytytysmekanismi helppoa k\u00e4ytt\u00f6\u00e4 varten.<\/li>\n<li><strong>Akku<\/strong>: Sis\u00e4\u00e4nrakennettu 500mAh akku.<\/li>\n<li><strong>Maku<\/strong>: Saatavilla 12 eri makuvaihtoehdolla.<\/li>\n<li><strong>Pakkaus<\/strong>: Myyd\u00e4\u00e4n n\u00e4ytelaatikoissa, joissa on 10 laitetta per laatikko ja 300 laitetta per laatikko.<\/li>\n<\/ul>\n<h3>Saatavilla olevat maut:<\/h3>\n<p>1. Mustikka J\u00e4\u00e4<br \/>\n2. Mango Lychee<br \/>\n3. Bluerazz Cotton Candy<br \/>\n4. Viile\u00e4 Minttu<br \/>\n5. Persikka Guava<br \/>\n6. Viiniryp\u00e4le<br \/>\n7. Lush Ice<br \/>\n8. Sekoitettuja marjoja<br \/>\n9. Mansikka-vesimeloni<br \/>\n10. Suola sitruuna-juusto<br \/>\n11. Persikka sitruuna<br \/>\n12. Viiniryp\u00e4le appelsiini<\/p>\n<h4>Pakkauksen tiedot:<\/h4>\n<ul>\n<li><strong>N\u00e4ytt\u00f6laatikko<\/strong>: 10 laitetta per n\u00e4yt\u00f6n laatikko.<\/li>\n<li><strong>Laatikko<\/strong>: 300 laitetta per laatikko.<\/li>\n<\/ul>\n<h4>Tuotetiedot:<\/h4>\n<ul>\n<li><strong>Yksikk\u00f6<\/strong>: 1 x RandM Vbar 800 vetoa hehkuva kertak\u00e4ytt\u00f6inen s\u00e4hk\u00f6tupakka<\/li>\n<\/ul>\n<p>T\u00e4m\u00e4 laite on ihanteellinen h\u00f6yrystimille, jotka etsiv\u00e4t k\u00e4tev\u00e4\u00e4, maukasta ja visuaalisesti miellytt\u00e4v\u00e4\u00e4 h\u00f6yrystelykokemusta, jossa on monia nikotiinipitoisuuksia ja makuvaihtoehtoja. RandM Vbar yhdist\u00e4\u00e4 toiminnallisuuden tyylikk\u00e4\u00e4seen ulkon\u00e4k\u00f6\u00f6n, ja on siksi erinomainen valinta sek\u00e4 uusille ett\u00e4 kokeneille <strong><a href=\"https:\/\/www.elementvape.de\/fi\/\">Harrastajille<\/a><\/strong>.<\/p>","protected":false},"excerpt":{"rendered":"<p>Produktbeschreibung: RandM Vbar Der RandM Vbar ist ein stilvolles Einweg-E-Zigaretten Ger\u00e4t mit einem farbenfrohen LED-Licht-Design, das ein ansprechendes Dampferlebnis mit einer Vielzahl von Geschmacksrichtungen und Nikotinst\u00e4rken bietet. Hauptmerkmale: Nikotinoptionen: Verf\u00fcgbar in 0 %, 2 %, 3 % und 5 % Nikotinsalz. Fassungsverm\u00f6gen: Enth\u00e4lt 2 ml E-Liquid. Z\u00fcge: Bietet mindestens 800 Z\u00fcge pro Ger\u00e4t. Beleuchtung: Ausgestattet [&hellip;]<\/p>","protected":false},"featured_media":11809,"template":"","meta":{"inline_featured_image":false},"product_cat":[78,754,745,742,748,744,755,738,751],"product_tag":[682],"tiered_pricing_type":"fixed","tiered_pricing_fixed_rules":[],"tiered_pricing_percentage_rules":[],"tiered_pricing_minimum":1,"_administrator_tiered_pricing_type":"fixed","_administrator_tiered_pricing_fixed_rules":[],"_editor_tiered_pricing_type":"fixed","_editor_tiered_pricing_fixed_rules":[],"_author_tiered_pricing_type":"fixed","_author_tiered_pricing_fixed_rules":[],"_contributor_tiered_pricing_type":"fixed","_contributor_tiered_pricing_fixed_rules":[],"_subscriber_tiered_pricing_type":"fixed","_subscriber_tiered_pricing_fixed_rules":[],"_customer_tiered_pricing_type":"fixed","_customer_tiered_pricing_fixed_rules":[],"_shop_manager_tiered_pricing_type":"fixed","_shop_manager_tiered_pricing_fixed_rules":[],"_wpseo_manager_tiered_pricing_type":"fixed","_wpseo_manager_tiered_pricing_fixed_rules":[],"_wpseo_editor_tiered_pricing_type":"fixed","_wpseo_editor_tiered_pricing_fixed_rules":[],"_wholesale_customer_tiered_pricing_type":"fixed","_wholesale_customer_tiered_pricing_fixed_rules":[],"_marketer_tiered_pricing_type":"fixed","_marketer_tiered_pricing_fixed_rules":[],"_sales_manager_tiered_pricing_type":"fixed","_sales_manager_tiered_pricing_fixed_rules":[],"_sales_rep_tiered_pricing_type":"fixed","_sales_rep_tiered_pricing_fixed_rules":[],"yoast_head":"<!-- This site is optimized with the Yoast SEO plugin v23.3 - https:\/\/yoast.com\/wordpress\/plugins\/seo\/ -->\n<title>RandM Vbar 800 Puffs leuchtender Einweg-Vape | ElementVape.de<\/title>\n<meta name=\"description\" content=\"Wir bieten RandM Vbar 800 Puffs leuchtender Einweg-Vape , Elementvape.de akzeptieren Gro\u00df-und Einzelhandel Bestellungen.\" \/>\n<meta name=\"robots\" content=\"index, follow, max-snippet:-1, max-image-preview:large, max-video-preview:-1\" \/>\n<link rel=\"canonical\" href=\"https:\/\/www.elementvape.de\/fi\/produkt\/randm-vbar-800-puffs-leuchtender-einweg-vape\/\" \/>\n<meta property=\"og:locale\" content=\"fi_FI\" \/>\n<meta property=\"og:type\" content=\"article\" \/>\n<meta property=\"og:title\" content=\"RandM Vbar 800 Puffs leuchtender Einweg-Vape | ElementVape.de\" \/>\n<meta property=\"og:description\" content=\"Wir bieten RandM Vbar 800 Puffs leuchtender Einweg-Vape , Elementvape.de akzeptieren Gro\u00df-und Einzelhandel Bestellungen.\" \/>\n<meta property=\"og:url\" content=\"https:\/\/www.elementvape.de\/fi\/produkt\/randm-vbar-800-puffs-leuchtender-einweg-vape\/\" \/>\n<meta property=\"og:site_name\" content=\"ElementVape.de\" \/>\n<meta property=\"article:modified_time\" content=\"2024-09-12T10:36:22+00:00\" \/>\n<meta property=\"og:image\" content=\"https:\/\/www.elementvape.de\/wp-content\/uploads\/2024\/06\/RandMVbar800Puffs_1.webp\" \/>\n\t<meta property=\"og:image:width\" content=\"800\" \/>\n\t<meta property=\"og:image:height\" content=\"800\" \/>\n\t<meta property=\"og:image:type\" content=\"image\/webp\" \/>\n<meta name=\"twitter:card\" content=\"summary_large_image\" \/>\n<meta name=\"twitter:label1\" content=\"Est. reading time\" \/>\n\t<meta name=\"twitter:data1\" content=\"2 minuuttia\" \/>\n<script type=\"application\/ld+json\" class=\"yoast-schema-graph\">{\"@context\":\"https:\/\/schema.org\",\"@graph\":[{\"@type\":\"WebPage\",\"@id\":\"https:\/\/www.elementvape.de\/produkt\/randm-vbar-800-puffs-leuchtender-einweg-vape\/\",\"url\":\"https:\/\/www.elementvape.de\/produkt\/randm-vbar-800-puffs-leuchtender-einweg-vape\/\",\"name\":\"RandM Vbar 800 Puffs leuchtender Einweg-Vape | ElementVape.de\",\"isPartOf\":{\"@id\":\"https:\/\/www.elementvape.de\/#website\"},\"primaryImageOfPage\":{\"@id\":\"https:\/\/www.elementvape.de\/produkt\/randm-vbar-800-puffs-leuchtender-einweg-vape\/#primaryimage\"},\"image\":{\"@id\":\"https:\/\/www.elementvape.de\/produkt\/randm-vbar-800-puffs-leuchtender-einweg-vape\/#primaryimage\"},\"thumbnailUrl\":\"https:\/\/www.elementvape.de\/wp-content\/uploads\/2024\/06\/RandMVbar800Puffs_1.webp\",\"datePublished\":\"2024-06-07T02:37:00+00:00\",\"dateModified\":\"2024-09-12T10:36:22+00:00\",\"description\":\"Wir bieten RandM Vbar 800 Puffs leuchtender Einweg-Vape , Elementvape.de akzeptieren Gro\u00df-und Einzelhandel Bestellungen.\",\"breadcrumb\":{\"@id\":\"https:\/\/www.elementvape.de\/produkt\/randm-vbar-800-puffs-leuchtender-einweg-vape\/#breadcrumb\"},\"inLanguage\":\"fi\",\"potentialAction\":[{\"@type\":\"ReadAction\",\"target\":[\"https:\/\/www.elementvape.de\/produkt\/randm-vbar-800-puffs-leuchtender-einweg-vape\/\"]}]},{\"@type\":\"ImageObject\",\"inLanguage\":\"fi\",\"@id\":\"https:\/\/www.elementvape.de\/produkt\/randm-vbar-800-puffs-leuchtender-einweg-vape\/#primaryimage\",\"url\":\"https:\/\/www.elementvape.de\/wp-content\/uploads\/2024\/06\/RandMVbar800Puffs_1.webp\",\"contentUrl\":\"https:\/\/www.elementvape.de\/wp-content\/uploads\/2024\/06\/RandMVbar800Puffs_1.webp\",\"width\":800,\"height\":800,\"caption\":\"RandMVbar800Puffs_1\"},{\"@type\":\"BreadcrumbList\",\"@id\":\"https:\/\/www.elementvape.de\/produkt\/randm-vbar-800-puffs-leuchtender-einweg-vape\/#breadcrumb\",\"itemListElement\":[{\"@type\":\"ListItem\",\"position\":1,\"name\":\"Home\",\"item\":\"https:\/\/www.elementvape.de\/\"},{\"@type\":\"ListItem\",\"position\":2,\"name\":\"Shop\",\"item\":\"https:\/\/www.elementvape.de\/shop\/\"},{\"@type\":\"ListItem\",\"position\":3,\"name\":\"RandM Vbar 800 Puffs leuchtender Einweg-Vape\"}]},{\"@type\":\"WebSite\",\"@id\":\"https:\/\/www.elementvape.de\/#website\",\"url\":\"https:\/\/www.elementvape.de\/\",\"name\":\"ElementVape.de\",\"description\":\"\",\"publisher\":{\"@id\":\"https:\/\/www.elementvape.de\/#organization\"},\"potentialAction\":[{\"@type\":\"SearchAction\",\"target\":{\"@type\":\"EntryPoint\",\"urlTemplate\":\"https:\/\/www.elementvape.de\/?s={search_term_string}\"},\"query-input\":\"required name=search_term_string\"}],\"inLanguage\":\"fi\"},{\"@type\":\"Organization\",\"@id\":\"https:\/\/www.elementvape.de\/#organization\",\"name\":\"ElementVape.DE\",\"url\":\"https:\/\/www.elementvape.de\/\",\"logo\":{\"@type\":\"ImageObject\",\"inLanguage\":\"fi\",\"@id\":\"https:\/\/www.elementvape.de\/#\/schema\/logo\/image\/\",\"url\":\"https:\/\/www.elementvape.de\/wp-content\/uploads\/2024\/09\/cropped-1elementvape-3.png\",\"contentUrl\":\"https:\/\/www.elementvape.de\/wp-content\/uploads\/2024\/09\/cropped-1elementvape-3.png\",\"width\":285,\"height\":228,\"caption\":\"ElementVape.DE\"},\"image\":{\"@id\":\"https:\/\/www.elementvape.de\/#\/schema\/logo\/image\/\"}}]}<\/script>\n<!-- \/ Yoast SEO plugin. -->","yoast_head_json":{"title":"RandM Vbar 800 Puffs leuchtender Einweg-Vape | ElementVape.de","description":"Wir bieten RandM Vbar 800 Puffs leuchtender Einweg-Vape , Elementvape.de akzeptieren Gro\u00df-und Einzelhandel Bestellungen.","robots":{"index":"index","follow":"follow","max-snippet":"max-snippet:-1","max-image-preview":"max-image-preview:large","max-video-preview":"max-video-preview:-1"},"canonical":"https:\/\/www.elementvape.de\/fi\/produkt\/randm-vbar-800-puffs-leuchtender-einweg-vape\/","og_locale":"fi_FI","og_type":"article","og_title":"RandM Vbar 800 Puffs leuchtender Einweg-Vape | ElementVape.de","og_description":"Wir bieten RandM Vbar 800 Puffs leuchtender Einweg-Vape , Elementvape.de akzeptieren Gro\u00df-und Einzelhandel Bestellungen.","og_url":"https:\/\/www.elementvape.de\/fi\/produkt\/randm-vbar-800-puffs-leuchtender-einweg-vape\/","og_site_name":"ElementVape.de","article_modified_time":"2024-09-12T10:36:22+00:00","og_image":[{"width":800,"height":800,"url":"https:\/\/www.elementvape.de\/wp-content\/uploads\/2024\/06\/RandMVbar800Puffs_1.webp","type":"image\/webp"}],"twitter_card":"summary_large_image","twitter_misc":{"Est. reading time":"2 minuuttia"},"schema":{"@context":"https:\/\/schema.org","@graph":[{"@type":"WebPage","@id":"https:\/\/www.elementvape.de\/produkt\/randm-vbar-800-puffs-leuchtender-einweg-vape\/","url":"https:\/\/www.elementvape.de\/produkt\/randm-vbar-800-puffs-leuchtender-einweg-vape\/","name":"RandM Vbar 800 Puffs leuchtender Einweg-Vape | ElementVape.de","isPartOf":{"@id":"https:\/\/www.elementvape.de\/#website"},"primaryImageOfPage":{"@id":"https:\/\/www.elementvape.de\/produkt\/randm-vbar-800-puffs-leuchtender-einweg-vape\/#primaryimage"},"image":{"@id":"https:\/\/www.elementvape.de\/produkt\/randm-vbar-800-puffs-leuchtender-einweg-vape\/#primaryimage"},"thumbnailUrl":"https:\/\/www.elementvape.de\/wp-content\/uploads\/2024\/06\/RandMVbar800Puffs_1.webp","datePublished":"2024-06-07T02:37:00+00:00","dateModified":"2024-09-12T10:36:22+00:00","description":"Wir bieten RandM Vbar 800 Puffs leuchtender Einweg-Vape , Elementvape.de akzeptieren Gro\u00df-und Einzelhandel Bestellungen.","breadcrumb":{"@id":"https:\/\/www.elementvape.de\/produkt\/randm-vbar-800-puffs-leuchtender-einweg-vape\/#breadcrumb"},"inLanguage":"fi","potentialAction":[{"@type":"ReadAction","target":["https:\/\/www.elementvape.de\/produkt\/randm-vbar-800-puffs-leuchtender-einweg-vape\/"]}]},{"@type":"ImageObject","inLanguage":"fi","@id":"https:\/\/www.elementvape.de\/produkt\/randm-vbar-800-puffs-leuchtender-einweg-vape\/#primaryimage","url":"https:\/\/www.elementvape.de\/wp-content\/uploads\/2024\/06\/RandMVbar800Puffs_1.webp","contentUrl":"https:\/\/www.elementvape.de\/wp-content\/uploads\/2024\/06\/RandMVbar800Puffs_1.webp","width":800,"height":800,"caption":"RandMVbar800Puffs_1"},{"@type":"BreadcrumbList","@id":"https:\/\/www.elementvape.de\/produkt\/randm-vbar-800-puffs-leuchtender-einweg-vape\/#breadcrumb","itemListElement":[{"@type":"ListItem","position":1,"name":"Home","item":"https:\/\/www.elementvape.de\/"},{"@type":"ListItem","position":2,"name":"Shop","item":"https:\/\/www.elementvape.de\/shop\/"},{"@type":"ListItem","position":3,"name":"RandM Vbar 800 Puffs leuchtender Einweg-Vape"}]},{"@type":"WebSite","@id":"https:\/\/www.elementvape.de\/#website","url":"https:\/\/www.elementvape.de\/","name":"ElementVape.de","description":"","publisher":{"@id":"https:\/\/www.elementvape.de\/#organization"},"potentialAction":[{"@type":"SearchAction","target":{"@type":"EntryPoint","urlTemplate":"https:\/\/www.elementvape.de\/?s={search_term_string}"},"query-input":"required name=search_term_string"}],"inLanguage":"fi"},{"@type":"Organization","@id":"https:\/\/www.elementvape.de\/#organization","name":"ElementVape.DE","url":"https:\/\/www.elementvape.de\/","logo":{"@type":"ImageObject","inLanguage":"fi","@id":"https:\/\/www.elementvape.de\/#\/schema\/logo\/image\/","url":"https:\/\/www.elementvape.de\/wp-content\/uploads\/2024\/09\/cropped-1elementvape-3.png","contentUrl":"https:\/\/www.elementvape.de\/wp-content\/uploads\/2024\/09\/cropped-1elementvape-3.png","width":285,"height":228,"caption":"ElementVape.DE"},"image":{"@id":"https:\/\/www.elementvape.de\/#\/schema\/logo\/image\/"}}]}},"_links":{"self":[{"href":"https:\/\/www.elementvape.de\/fi\/wp-json\/wp\/v2\/product\/11796"}],"collection":[{"href":"https:\/\/www.elementvape.de\/fi\/wp-json\/wp\/v2\/product"}],"about":[{"href":"https:\/\/www.elementvape.de\/fi\/wp-json\/wp\/v2\/types\/product"}],"wp:featuredmedia":[{"embeddable":true,"href":"https:\/\/www.elementvape.de\/fi\/wp-json\/wp\/v2\/media\/11809"}],"wp:attachment":[{"href":"https:\/\/www.elementvape.de\/fi\/wp-json\/wp\/v2\/media?parent=11796"}],"wp:term":[{"taxonomy":"product_cat","embeddable":true,"href":"https:\/\/www.elementvape.de\/fi\/wp-json\/wp\/v2\/product_cat?post=11796"},{"taxonomy":"product_tag","embeddable":true,"href":"https:\/\/www.elementvape.de\/fi\/wp-json\/wp\/v2\/product_tag?post=11796"}],"curies":[{"name":"wp","href":"https:\/\/api.w.org\/{rel}","templated":true}]}}