{"id":11598,"date":"2024-06-06T06:51:57","date_gmt":"2024-06-06T06:51:57","guid":{"rendered":"https:\/\/www.elementvape.de\/?post_type=product&#038;p=11598"},"modified":"2024-09-26T05:41:31","modified_gmt":"2024-09-26T05:41:31","slug":"randm-vase-600-einweg-vape-kaufen-600-zuege","status":"publish","type":"product","link":"https:\/\/www.elementvape.de\/fi\/produkt\/randm-vase-600-einweg-vape-kaufen-600-zuege\/","title":{"rendered":"RandM Vase 600 Osta kertak\u00e4ytt\u00f6inen Vape 600 vetoa"},"content":{"rendered":"<h3>Tuotekuvaus: RandM Vaas 600<\/h3>\n<p>H\u00f6yrystimen p\u00e4\u00e4ss\u00e4 oleva <strong>RandM Vaas 600<\/strong> on tyylik\u00e4s kertak\u00e4ytt\u00f6inen vape-laite, joka tarjoaa sinulle kompaktin mutta intensiivisen h\u00f6yryst\u00e4miskokemuksen. Monipuolisten makujen ja eri nikotiinipitoisuuksien ansiosta t\u00e4m\u00e4 laite on ihanteellinen h\u00f6yrystimille, jotka arvostavat sek\u00e4 mukavuutta ett\u00e4 monipuolisuutta.<\/p>\n<h4>P\u00e4\u00e4ominaisuudet:<\/h4>\n<ul>\n<li><strong>Nikotiinivaihtoehdot<\/strong>: Saatavilla 5 %, 3 %, 2 % ja 0 % nikotiinia.<\/li>\n<li><strong>Pureskelut<\/strong>: Enint\u00e4\u00e4n 600 puffsia per laite.<\/li>\n<li><strong>Tilavuus<\/strong>: Sis\u00e4lt\u00e4\u00e4 2 ml E-s\u00e4ili\u00f6t\u00e4.<\/li>\n<li><strong>Akku<\/strong>: Varustettu 600-mAh akulla.<\/li>\n<li><strong>kela<\/strong>: Tehokas mesh-kela intensiiviseen h\u00f6yrystykseen.<\/li>\n<\/ul>\n<h4>Aromien monimuotoisuus:<\/h4>\n<p>RandM Vaas 600 tarjoaa 14 erilaista makuvaihtoehtoa:<\/p>\n<ol>\n<li>Omena Persikka P\u00e4\u00e4ryn\u00e4<\/li>\n<li>Mustikka-kumi<\/li>\n<li>Kirsikka Litsi<\/li>\n<li>Dragon Lemonade<\/li>\n<li>Mango- persikka<\/li>\n<li>Marjasekoitus<\/li>\n<li>Passion Guava Grapefruit<\/li>\n<li>Rosa-Limonaadi<\/li>\n<li>Sateenkaarikarkki<\/li>\n<li>Punainen Voima<\/li>\n<li>Mansikka-mango<\/li>\n<li>Mansikkaj\u00e4\u00e4tel\u00f6<\/li>\n<li>Tupakka<\/li>\n<li>Viile\u00e4 minttu<\/li>\n<\/ol>\n<h4>Toimituksen sis\u00e4lt\u00f6:<\/h4>\n<ul>\n<li>1 x RandM Vaas 600 kertak\u00e4ytt\u00f6inen vape (600 puffsia)<\/li>\n<\/ul>\n<p>T\u00e4m\u00e4 laite on t\u00e4ydellinen niille, jotka etsiv\u00e4t helposti k\u00e4ytett\u00e4v\u00e4\u00e4 ja kannettavaa vape-laitetta ilman, ett\u00e4 tarvitsee tinki\u00e4 mausta ja nikotiinivaihtoehdoista. RandM Vaas 600 yhdist\u00e4\u00e4 houkuttelevan muotoilun erinomaisiin suorituskykyihin ja monipuolisiin herkullisiin makuihin.<\/p>","protected":false},"excerpt":{"rendered":"<p>Produktbeschreibung: RandM Vase 600 Die RandM Vase 600 ist ein stilvolles Einweg-Vape-Ger\u00e4t, das Ihnen ein kompaktes und dennoch intensives Dampferlebnis bietet. Mit einer Vielzahl von Geschmacksrichtungen und verschiedenen Nikotinst\u00e4rken ist dieses Ger\u00e4t ideal f\u00fcr Dampfer, die sowohl Komfort als auch Vielfalt sch\u00e4tzen. Hauptmerkmale: Nikotinoptionen: Verf\u00fcgbar in 5 %, 3 %, 2 % und 0 % [&hellip;]<\/p>","protected":false},"featured_media":11599,"template":"","meta":{"inline_featured_image":false},"product_cat":[78,754,745,742,748,744,755,738,751],"product_tag":[679],"tiered_pricing_type":"fixed","tiered_pricing_fixed_rules":[],"tiered_pricing_percentage_rules":[],"tiered_pricing_minimum":1,"_administrator_tiered_pricing_type":"fixed","_administrator_tiered_pricing_fixed_rules":[],"_editor_tiered_pricing_type":"fixed","_editor_tiered_pricing_fixed_rules":[],"_author_tiered_pricing_type":"fixed","_author_tiered_pricing_fixed_rules":[],"_contributor_tiered_pricing_type":"fixed","_contributor_tiered_pricing_fixed_rules":[],"_subscriber_tiered_pricing_type":"fixed","_subscriber_tiered_pricing_fixed_rules":[],"_customer_tiered_pricing_type":"fixed","_customer_tiered_pricing_fixed_rules":[],"_shop_manager_tiered_pricing_type":"fixed","_shop_manager_tiered_pricing_fixed_rules":[],"_wpseo_manager_tiered_pricing_type":"fixed","_wpseo_manager_tiered_pricing_fixed_rules":[],"_wpseo_editor_tiered_pricing_type":"fixed","_wpseo_editor_tiered_pricing_fixed_rules":[],"_wholesale_customer_tiered_pricing_type":"fixed","_wholesale_customer_tiered_pricing_fixed_rules":[],"_marketer_tiered_pricing_type":"fixed","_marketer_tiered_pricing_fixed_rules":[],"_sales_manager_tiered_pricing_type":"fixed","_sales_manager_tiered_pricing_fixed_rules":[],"_sales_rep_tiered_pricing_type":"fixed","_sales_rep_tiered_pricing_fixed_rules":[],"yoast_head":"<!-- This site is optimized with the Yoast SEO plugin v23.3 - https:\/\/yoast.com\/wordpress\/plugins\/seo\/ -->\n<title>RandM Vase 600 Einweg-Vape Kaufen 600 Z\u00fcge | ElementVape.de<\/title>\n<meta name=\"description\" content=\"Wir bieten RandM Vase 600 Einweg-Vape Kaufen 600 Z\u00fcge , Elementvape.de akzeptieren Gro\u00df-und Einzelhandel Bestellungen.\" \/>\n<meta name=\"robots\" content=\"index, follow, max-snippet:-1, max-image-preview:large, max-video-preview:-1\" \/>\n<link rel=\"canonical\" href=\"https:\/\/www.elementvape.de\/fi\/produkt\/randm-vase-600-einweg-vape-kaufen-600-zuege\/\" \/>\n<meta property=\"og:locale\" content=\"fi_FI\" \/>\n<meta property=\"og:type\" content=\"article\" \/>\n<meta property=\"og:title\" content=\"RandM Vase 600 Einweg-Vape Kaufen 600 Z\u00fcge | ElementVape.de\" \/>\n<meta property=\"og:description\" content=\"Wir bieten RandM Vase 600 Einweg-Vape Kaufen 600 Z\u00fcge , Elementvape.de akzeptieren Gro\u00df-und Einzelhandel Bestellungen.\" \/>\n<meta property=\"og:url\" content=\"https:\/\/www.elementvape.de\/fi\/produkt\/randm-vase-600-einweg-vape-kaufen-600-zuege\/\" \/>\n<meta property=\"og:site_name\" content=\"ElementVape.de\" \/>\n<meta property=\"article:modified_time\" content=\"2024-09-26T05:41:31+00:00\" \/>\n<meta property=\"og:image\" content=\"https:\/\/www.elementvape.de\/wp-content\/uploads\/2024\/06\/RandMVase600_13.webp\" \/>\n\t<meta property=\"og:image:width\" content=\"800\" \/>\n\t<meta property=\"og:image:height\" content=\"800\" \/>\n\t<meta property=\"og:image:type\" content=\"image\/webp\" \/>\n<meta name=\"twitter:card\" content=\"summary_large_image\" \/>\n<meta name=\"twitter:label1\" content=\"Est. reading time\" \/>\n\t<meta name=\"twitter:data1\" content=\"2 minuuttia\" \/>\n<script type=\"application\/ld+json\" class=\"yoast-schema-graph\">{\"@context\":\"https:\/\/schema.org\",\"@graph\":[{\"@type\":\"WebPage\",\"@id\":\"https:\/\/www.elementvape.de\/nl\/produkt\/randm-vase-600-einweg-vape-kaufen-600-zuege\/\",\"url\":\"https:\/\/www.elementvape.de\/nl\/produkt\/randm-vase-600-einweg-vape-kaufen-600-zuege\/\",\"name\":\"RandM Vase 600 Einweg-Vape Kaufen 600 Z\u00fcge | ElementVape.de\",\"isPartOf\":{\"@id\":\"https:\/\/www.elementvape.de\/#website\"},\"primaryImageOfPage\":{\"@id\":\"https:\/\/www.elementvape.de\/nl\/produkt\/randm-vase-600-einweg-vape-kaufen-600-zuege\/#primaryimage\"},\"image\":{\"@id\":\"https:\/\/www.elementvape.de\/nl\/produkt\/randm-vase-600-einweg-vape-kaufen-600-zuege\/#primaryimage\"},\"thumbnailUrl\":\"https:\/\/www.elementvape.de\/wp-content\/uploads\/2024\/06\/RandMVase600_13.webp\",\"datePublished\":\"2024-06-06T06:51:57+00:00\",\"dateModified\":\"2024-09-26T05:41:31+00:00\",\"description\":\"Wir bieten RandM Vase 600 Einweg-Vape Kaufen 600 Z\u00fcge , Elementvape.de akzeptieren Gro\u00df-und Einzelhandel Bestellungen.\",\"breadcrumb\":{\"@id\":\"https:\/\/www.elementvape.de\/nl\/produkt\/randm-vase-600-einweg-vape-kaufen-600-zuege\/#breadcrumb\"},\"inLanguage\":\"fi\",\"potentialAction\":[{\"@type\":\"ReadAction\",\"target\":[\"https:\/\/www.elementvape.de\/nl\/produkt\/randm-vase-600-einweg-vape-kaufen-600-zuege\/\"]}]},{\"@type\":\"ImageObject\",\"inLanguage\":\"fi\",\"@id\":\"https:\/\/www.elementvape.de\/nl\/produkt\/randm-vase-600-einweg-vape-kaufen-600-zuege\/#primaryimage\",\"url\":\"https:\/\/www.elementvape.de\/wp-content\/uploads\/2024\/06\/RandMVase600_13.webp\",\"contentUrl\":\"https:\/\/www.elementvape.de\/wp-content\/uploads\/2024\/06\/RandMVase600_13.webp\",\"width\":800,\"height\":800,\"caption\":\"RandMVase600_13\"},{\"@type\":\"BreadcrumbList\",\"@id\":\"https:\/\/www.elementvape.de\/nl\/produkt\/randm-vase-600-einweg-vape-kaufen-600-zuege\/#breadcrumb\",\"itemListElement\":[{\"@type\":\"ListItem\",\"position\":1,\"name\":\"Home\",\"item\":\"https:\/\/www.elementvape.de\/\"},{\"@type\":\"ListItem\",\"position\":2,\"name\":\"Shop\",\"item\":\"https:\/\/www.elementvape.de\/shop\/\"},{\"@type\":\"ListItem\",\"position\":3,\"name\":\"RandM Vase 600 Einweg-Vape Kaufen 600 Z\u00fcge\"}]},{\"@type\":\"WebSite\",\"@id\":\"https:\/\/www.elementvape.de\/#website\",\"url\":\"https:\/\/www.elementvape.de\/\",\"name\":\"ElementVape.de\",\"description\":\"\",\"publisher\":{\"@id\":\"https:\/\/www.elementvape.de\/#organization\"},\"potentialAction\":[{\"@type\":\"SearchAction\",\"target\":{\"@type\":\"EntryPoint\",\"urlTemplate\":\"https:\/\/www.elementvape.de\/?s={search_term_string}\"},\"query-input\":\"required name=search_term_string\"}],\"inLanguage\":\"fi\"},{\"@type\":\"Organization\",\"@id\":\"https:\/\/www.elementvape.de\/#organization\",\"name\":\"ElementVape.DE\",\"url\":\"https:\/\/www.elementvape.de\/\",\"logo\":{\"@type\":\"ImageObject\",\"inLanguage\":\"fi\",\"@id\":\"https:\/\/www.elementvape.de\/#\/schema\/logo\/image\/\",\"url\":\"https:\/\/www.elementvape.de\/wp-content\/uploads\/2024\/09\/cropped-1elementvape-3.png\",\"contentUrl\":\"https:\/\/www.elementvape.de\/wp-content\/uploads\/2024\/09\/cropped-1elementvape-3.png\",\"width\":285,\"height\":228,\"caption\":\"ElementVape.DE\"},\"image\":{\"@id\":\"https:\/\/www.elementvape.de\/#\/schema\/logo\/image\/\"}}]}<\/script>\n<!-- \/ Yoast SEO plugin. -->","yoast_head_json":{"title":"RandM Vase 600 Einweg-Vape Kaufen 600 Z\u00fcge | ElementVape.de","description":"Wir bieten RandM Vase 600 Einweg-Vape Kaufen 600 Z\u00fcge , Elementvape.de akzeptieren Gro\u00df-und Einzelhandel Bestellungen.","robots":{"index":"index","follow":"follow","max-snippet":"max-snippet:-1","max-image-preview":"max-image-preview:large","max-video-preview":"max-video-preview:-1"},"canonical":"https:\/\/www.elementvape.de\/fi\/produkt\/randm-vase-600-einweg-vape-kaufen-600-zuege\/","og_locale":"fi_FI","og_type":"article","og_title":"RandM Vase 600 Einweg-Vape Kaufen 600 Z\u00fcge | ElementVape.de","og_description":"Wir bieten RandM Vase 600 Einweg-Vape Kaufen 600 Z\u00fcge , Elementvape.de akzeptieren Gro\u00df-und Einzelhandel Bestellungen.","og_url":"https:\/\/www.elementvape.de\/fi\/produkt\/randm-vase-600-einweg-vape-kaufen-600-zuege\/","og_site_name":"ElementVape.de","article_modified_time":"2024-09-26T05:41:31+00:00","og_image":[{"width":800,"height":800,"url":"https:\/\/www.elementvape.de\/wp-content\/uploads\/2024\/06\/RandMVase600_13.webp","type":"image\/webp"}],"twitter_card":"summary_large_image","twitter_misc":{"Est. reading time":"2 minuuttia"},"schema":{"@context":"https:\/\/schema.org","@graph":[{"@type":"WebPage","@id":"https:\/\/www.elementvape.de\/nl\/produkt\/randm-vase-600-einweg-vape-kaufen-600-zuege\/","url":"https:\/\/www.elementvape.de\/nl\/produkt\/randm-vase-600-einweg-vape-kaufen-600-zuege\/","name":"RandM Vase 600 Einweg-Vape Kaufen 600 Z\u00fcge | ElementVape.de","isPartOf":{"@id":"https:\/\/www.elementvape.de\/#website"},"primaryImageOfPage":{"@id":"https:\/\/www.elementvape.de\/nl\/produkt\/randm-vase-600-einweg-vape-kaufen-600-zuege\/#primaryimage"},"image":{"@id":"https:\/\/www.elementvape.de\/nl\/produkt\/randm-vase-600-einweg-vape-kaufen-600-zuege\/#primaryimage"},"thumbnailUrl":"https:\/\/www.elementvape.de\/wp-content\/uploads\/2024\/06\/RandMVase600_13.webp","datePublished":"2024-06-06T06:51:57+00:00","dateModified":"2024-09-26T05:41:31+00:00","description":"Wir bieten RandM Vase 600 Einweg-Vape Kaufen 600 Z\u00fcge , Elementvape.de akzeptieren Gro\u00df-und Einzelhandel Bestellungen.","breadcrumb":{"@id":"https:\/\/www.elementvape.de\/nl\/produkt\/randm-vase-600-einweg-vape-kaufen-600-zuege\/#breadcrumb"},"inLanguage":"fi","potentialAction":[{"@type":"ReadAction","target":["https:\/\/www.elementvape.de\/nl\/produkt\/randm-vase-600-einweg-vape-kaufen-600-zuege\/"]}]},{"@type":"ImageObject","inLanguage":"fi","@id":"https:\/\/www.elementvape.de\/nl\/produkt\/randm-vase-600-einweg-vape-kaufen-600-zuege\/#primaryimage","url":"https:\/\/www.elementvape.de\/wp-content\/uploads\/2024\/06\/RandMVase600_13.webp","contentUrl":"https:\/\/www.elementvape.de\/wp-content\/uploads\/2024\/06\/RandMVase600_13.webp","width":800,"height":800,"caption":"RandMVase600_13"},{"@type":"BreadcrumbList","@id":"https:\/\/www.elementvape.de\/nl\/produkt\/randm-vase-600-einweg-vape-kaufen-600-zuege\/#breadcrumb","itemListElement":[{"@type":"ListItem","position":1,"name":"Home","item":"https:\/\/www.elementvape.de\/"},{"@type":"ListItem","position":2,"name":"Shop","item":"https:\/\/www.elementvape.de\/shop\/"},{"@type":"ListItem","position":3,"name":"RandM Vase 600 Einweg-Vape Kaufen 600 Z\u00fcge"}]},{"@type":"WebSite","@id":"https:\/\/www.elementvape.de\/#website","url":"https:\/\/www.elementvape.de\/","name":"ElementVape.de","description":"","publisher":{"@id":"https:\/\/www.elementvape.de\/#organization"},"potentialAction":[{"@type":"SearchAction","target":{"@type":"EntryPoint","urlTemplate":"https:\/\/www.elementvape.de\/?s={search_term_string}"},"query-input":"required name=search_term_string"}],"inLanguage":"fi"},{"@type":"Organization","@id":"https:\/\/www.elementvape.de\/#organization","name":"ElementVape.DE","url":"https:\/\/www.elementvape.de\/","logo":{"@type":"ImageObject","inLanguage":"fi","@id":"https:\/\/www.elementvape.de\/#\/schema\/logo\/image\/","url":"https:\/\/www.elementvape.de\/wp-content\/uploads\/2024\/09\/cropped-1elementvape-3.png","contentUrl":"https:\/\/www.elementvape.de\/wp-content\/uploads\/2024\/09\/cropped-1elementvape-3.png","width":285,"height":228,"caption":"ElementVape.DE"},"image":{"@id":"https:\/\/www.elementvape.de\/#\/schema\/logo\/image\/"}}]}},"_links":{"self":[{"href":"https:\/\/www.elementvape.de\/fi\/wp-json\/wp\/v2\/product\/11598"}],"collection":[{"href":"https:\/\/www.elementvape.de\/fi\/wp-json\/wp\/v2\/product"}],"about":[{"href":"https:\/\/www.elementvape.de\/fi\/wp-json\/wp\/v2\/types\/product"}],"wp:featuredmedia":[{"embeddable":true,"href":"https:\/\/www.elementvape.de\/fi\/wp-json\/wp\/v2\/media\/11599"}],"wp:attachment":[{"href":"https:\/\/www.elementvape.de\/fi\/wp-json\/wp\/v2\/media?parent=11598"}],"wp:term":[{"taxonomy":"product_cat","embeddable":true,"href":"https:\/\/www.elementvape.de\/fi\/wp-json\/wp\/v2\/product_cat?post=11598"},{"taxonomy":"product_tag","embeddable":true,"href":"https:\/\/www.elementvape.de\/fi\/wp-json\/wp\/v2\/product_tag?post=11598"}],"curies":[{"name":"wp","href":"https:\/\/api.w.org\/{rel}","templated":true}]}}