{"id":11391,"date":"2024-06-03T05:44:58","date_gmt":"2024-06-03T05:44:58","guid":{"rendered":"https:\/\/www.elementvape.de\/?post_type=product&#038;p=11391"},"modified":"2024-09-12T10:36:35","modified_gmt":"2024-09-12T10:36:35","slug":"meta-ultra-max-10000-einweg-vape-10000-zuege","status":"publish","type":"product","link":"https:\/\/www.elementvape.de\/fi\/produkt\/meta-ultra-max-10000-einweg-vape-10000-zuege\/","title":{"rendered":"META ULTRA MAX 10000 kertak\u00e4ytt\u00f6inen Vape 10000 vetoa"},"content":{"rendered":"<p>Kuvaus:<br \/>\nKoe huippuluokan h\u00f6yrykokemus kertak\u00e4ytt\u00f6isell\u00e4 Vape META ULTRA MAX 10000:ll\u00e4! T\u00e4m\u00e4 laite on varustettu \u00e4lykk\u00e4\u00e4ll\u00e4 LED-n\u00e4yt\u00f6ll\u00e4 reaaliaikaisella digitaalilukemalla, parannetuilla mesh-keloilla optimoituja hengitysteit\u00e4 varten ja hiljaisella imaisulla sek\u00e4 uudelleenk\u00e4ytett\u00e4v\u00e4ll\u00e4, vuotamattomalla muotoilulla kest\u00e4v\u00e4\u00e4 suorituskyky\u00e4 varten. Nauti t\u00e4m\u00e4n vallankumouksellisen laitteen avulla jopa 10 000 imaisua puhdasta h\u00f6yry\u00e4.<br \/>\nMETA ULTRA MAX 10000 -toiminto<br \/>\nReaaliaikainen digitaalilukema, \u00e4ly LED-n\u00e4ytt\u00f6<br \/>\nParannettu mesh-kela, optimoidut hengitystiet<br \/>\nH\u00e4iri\u00f6t\u00f6n, hiljainen imaisu<br \/>\nUudelleenk\u00e4ytett\u00e4v\u00e4, vuotamaton muotoilu<br \/>\nMETA ULTRA MAX 10000 -parametrit:<br \/>\nE- neste: 16,0 ml<br \/>\nAkku: 500 mAh<br \/>\nLataus: Type C<br \/>\nNikotiini: 5 %<br \/>\nImaisujen m\u00e4\u00e4r\u00e4: 10 000 imaisua<\/p>\n<p>META ULTRA MAX 10000 -makuvaihtoehdot:<br \/>\n1. Blue Razz Ice<br \/>\n2. Sekoitettu hedelm\u00e4t<br \/>\n3. Kiwi-Passionsfrukti-Guava<br \/>\n4. Sitrus-Vadelmasooda<br \/>\n5. Mansikka-Kiwi<br \/>\n6. Tuore Minttu<br \/>\n7. Viinapuun J\u00e4\u00e4tel\u00f6<br \/>\n8. Sitrus-Gin-Tonic<br \/>\n9. Mango-Persikka-Vesimeloni<br \/>\n10. Mango-Appelsiini<br \/>\n11. Kirsikka-Banaani<br \/>\n12. Vesimelonij\u00e4\u00e4tel\u00f6<br \/>\n13. Persikka-Sitruuna<br \/>\n14. Kaksinkertainen Sitruuna<\/p>\n<p>Pakkolista:<br \/>\n1 x Meta Ultra Max 10000 kertak\u00e4ytt\u00f6inen Vape 10000 henk\u00e4yst\u00e4<\/p>","protected":false},"excerpt":{"rendered":"<p>Beschreibung: Erleben Sie das ultimative Dampferlebnis mit dem Einweg-Vape META ULTRA MAX 10000! Dieses Ger\u00e4t ist mit einem intelligenten LED-Bildschirm mit Echtzeit-Digitalanzeige, verbesserten Mesh-Spulen f\u00fcr optimierte Atemwege und leises Einatmen sowie einem wiederverwendbaren, auslaufsicheren Design f\u00fcr dauerhafte Leistung ausgestattet. Genie\u00dfen Sie mit diesem revolution\u00e4ren Ger\u00e4t bis zu 10.000 Z\u00fcge puren Dampfgenuss. META ULTRA MAX 10000-Funktion [&hellip;]<\/p>","protected":false},"featured_media":11392,"template":"","meta":{"inline_featured_image":false},"product_cat":[78,754,745,742,748,744,755,738,751],"product_tag":[672],"tiered_pricing_type":"fixed","tiered_pricing_fixed_rules":[],"tiered_pricing_percentage_rules":[],"tiered_pricing_minimum":1,"_administrator_tiered_pricing_type":"fixed","_administrator_tiered_pricing_fixed_rules":[],"_editor_tiered_pricing_type":"fixed","_editor_tiered_pricing_fixed_rules":[],"_author_tiered_pricing_type":"fixed","_author_tiered_pricing_fixed_rules":[],"_contributor_tiered_pricing_type":"fixed","_contributor_tiered_pricing_fixed_rules":[],"_subscriber_tiered_pricing_type":"fixed","_subscriber_tiered_pricing_fixed_rules":[],"_customer_tiered_pricing_type":"fixed","_customer_tiered_pricing_fixed_rules":[],"_shop_manager_tiered_pricing_type":"fixed","_shop_manager_tiered_pricing_fixed_rules":[],"_wpseo_manager_tiered_pricing_type":"fixed","_wpseo_manager_tiered_pricing_fixed_rules":[],"_wpseo_editor_tiered_pricing_type":"fixed","_wpseo_editor_tiered_pricing_fixed_rules":[],"_wholesale_customer_tiered_pricing_type":"fixed","_wholesale_customer_tiered_pricing_fixed_rules":[],"_marketer_tiered_pricing_type":"fixed","_marketer_tiered_pricing_fixed_rules":[],"_sales_manager_tiered_pricing_type":"fixed","_sales_manager_tiered_pricing_fixed_rules":[],"_sales_rep_tiered_pricing_type":"fixed","_sales_rep_tiered_pricing_fixed_rules":[],"yoast_head":"<!-- This site is optimized with the Yoast SEO plugin v23.3 - https:\/\/yoast.com\/wordpress\/plugins\/seo\/ -->\n<title>META ULTRA MAX 10000 Einweg-Vape 10000 Z\u00fcge | ElementVape.de<\/title>\n<meta name=\"description\" content=\"Wir bieten META ULTRA MAX 10000 Einweg-Vape 10000 Z\u00fcge , Elementvape.de akzeptieren Gro\u00df-und Einzelhandel Bestellungen.\" \/>\n<meta name=\"robots\" content=\"index, follow, max-snippet:-1, max-image-preview:large, max-video-preview:-1\" \/>\n<link rel=\"canonical\" href=\"https:\/\/www.elementvape.de\/fi\/produkt\/meta-ultra-max-10000-einweg-vape-10000-zuege\/\" \/>\n<meta property=\"og:locale\" content=\"fi_FI\" \/>\n<meta property=\"og:type\" content=\"article\" \/>\n<meta property=\"og:title\" content=\"META ULTRA MAX 10000 Einweg-Vape 10000 Z\u00fcge | ElementVape.de\" \/>\n<meta property=\"og:description\" content=\"Wir bieten META ULTRA MAX 10000 Einweg-Vape 10000 Z\u00fcge , Elementvape.de akzeptieren Gro\u00df-und Einzelhandel Bestellungen.\" \/>\n<meta property=\"og:url\" content=\"https:\/\/www.elementvape.de\/fi\/produkt\/meta-ultra-max-10000-einweg-vape-10000-zuege\/\" \/>\n<meta property=\"og:site_name\" content=\"ElementVape.de\" \/>\n<meta property=\"article:modified_time\" content=\"2024-09-12T10:36:35+00:00\" \/>\n<meta property=\"og:image\" content=\"https:\/\/www.elementvape.de\/wp-content\/uploads\/2024\/06\/META-ULTRA-MAX-10000-Disposable-Vape-10000-Puffs.jpg\" \/>\n\t<meta property=\"og:image:width\" content=\"800\" \/>\n\t<meta property=\"og:image:height\" content=\"800\" \/>\n\t<meta property=\"og:image:type\" content=\"image\/jpeg\" \/>\n<meta name=\"twitter:card\" content=\"summary_large_image\" \/>\n<meta name=\"twitter:label1\" content=\"Est. reading time\" \/>\n\t<meta name=\"twitter:data1\" content=\"1 minuutti\" \/>\n<script type=\"application\/ld+json\" class=\"yoast-schema-graph\">{\"@context\":\"https:\/\/schema.org\",\"@graph\":[{\"@type\":\"WebPage\",\"@id\":\"https:\/\/www.elementvape.de\/el\/produkt\/meta-ultra-max-10000-einweg-vape-10000-zuege\/\",\"url\":\"https:\/\/www.elementvape.de\/el\/produkt\/meta-ultra-max-10000-einweg-vape-10000-zuege\/\",\"name\":\"META ULTRA MAX 10000 Einweg-Vape 10000 Z\u00fcge | ElementVape.de\",\"isPartOf\":{\"@id\":\"https:\/\/www.elementvape.de\/#website\"},\"primaryImageOfPage\":{\"@id\":\"https:\/\/www.elementvape.de\/el\/produkt\/meta-ultra-max-10000-einweg-vape-10000-zuege\/#primaryimage\"},\"image\":{\"@id\":\"https:\/\/www.elementvape.de\/el\/produkt\/meta-ultra-max-10000-einweg-vape-10000-zuege\/#primaryimage\"},\"thumbnailUrl\":\"https:\/\/www.elementvape.de\/wp-content\/uploads\/2024\/06\/META-ULTRA-MAX-10000-Disposable-Vape-10000-Puffs.jpg\",\"datePublished\":\"2024-06-03T05:44:58+00:00\",\"dateModified\":\"2024-09-12T10:36:35+00:00\",\"description\":\"Wir bieten META ULTRA MAX 10000 Einweg-Vape 10000 Z\u00fcge , Elementvape.de akzeptieren Gro\u00df-und Einzelhandel Bestellungen.\",\"breadcrumb\":{\"@id\":\"https:\/\/www.elementvape.de\/el\/produkt\/meta-ultra-max-10000-einweg-vape-10000-zuege\/#breadcrumb\"},\"inLanguage\":\"fi\",\"potentialAction\":[{\"@type\":\"ReadAction\",\"target\":[\"https:\/\/www.elementvape.de\/el\/produkt\/meta-ultra-max-10000-einweg-vape-10000-zuege\/\"]}]},{\"@type\":\"ImageObject\",\"inLanguage\":\"fi\",\"@id\":\"https:\/\/www.elementvape.de\/el\/produkt\/meta-ultra-max-10000-einweg-vape-10000-zuege\/#primaryimage\",\"url\":\"https:\/\/www.elementvape.de\/wp-content\/uploads\/2024\/06\/META-ULTRA-MAX-10000-Disposable-Vape-10000-Puffs.jpg\",\"contentUrl\":\"https:\/\/www.elementvape.de\/wp-content\/uploads\/2024\/06\/META-ULTRA-MAX-10000-Disposable-Vape-10000-Puffs.jpg\",\"width\":800,\"height\":800,\"caption\":\"META-ULTRA-MAX-10000-Disposable-Vape-10000-Puffs\"},{\"@type\":\"BreadcrumbList\",\"@id\":\"https:\/\/www.elementvape.de\/el\/produkt\/meta-ultra-max-10000-einweg-vape-10000-zuege\/#breadcrumb\",\"itemListElement\":[{\"@type\":\"ListItem\",\"position\":1,\"name\":\"Home\",\"item\":\"https:\/\/www.elementvape.de\/\"},{\"@type\":\"ListItem\",\"position\":2,\"name\":\"Shop\",\"item\":\"https:\/\/www.elementvape.de\/shop\/\"},{\"@type\":\"ListItem\",\"position\":3,\"name\":\"META ULTRA MAX 10000 Einweg-Vape 10000 Z\u00fcge\"}]},{\"@type\":\"WebSite\",\"@id\":\"https:\/\/www.elementvape.de\/#website\",\"url\":\"https:\/\/www.elementvape.de\/\",\"name\":\"ElementVape.de\",\"description\":\"\",\"publisher\":{\"@id\":\"https:\/\/www.elementvape.de\/#organization\"},\"potentialAction\":[{\"@type\":\"SearchAction\",\"target\":{\"@type\":\"EntryPoint\",\"urlTemplate\":\"https:\/\/www.elementvape.de\/?s={search_term_string}\"},\"query-input\":\"required name=search_term_string\"}],\"inLanguage\":\"fi\"},{\"@type\":\"Organization\",\"@id\":\"https:\/\/www.elementvape.de\/#organization\",\"name\":\"ElementVape.DE\",\"url\":\"https:\/\/www.elementvape.de\/\",\"logo\":{\"@type\":\"ImageObject\",\"inLanguage\":\"fi\",\"@id\":\"https:\/\/www.elementvape.de\/#\/schema\/logo\/image\/\",\"url\":\"https:\/\/www.elementvape.de\/wp-content\/uploads\/2024\/09\/cropped-1elementvape-3.png\",\"contentUrl\":\"https:\/\/www.elementvape.de\/wp-content\/uploads\/2024\/09\/cropped-1elementvape-3.png\",\"width\":285,\"height\":228,\"caption\":\"ElementVape.DE\"},\"image\":{\"@id\":\"https:\/\/www.elementvape.de\/#\/schema\/logo\/image\/\"}}]}<\/script>\n<!-- \/ Yoast SEO plugin. -->","yoast_head_json":{"title":"META ULTRA MAX 10000 Einweg-Vape 10000 Z\u00fcge | ElementVape.de","description":"Wir bieten META ULTRA MAX 10000 Einweg-Vape 10000 Z\u00fcge , Elementvape.de akzeptieren Gro\u00df-und Einzelhandel Bestellungen.","robots":{"index":"index","follow":"follow","max-snippet":"max-snippet:-1","max-image-preview":"max-image-preview:large","max-video-preview":"max-video-preview:-1"},"canonical":"https:\/\/www.elementvape.de\/fi\/produkt\/meta-ultra-max-10000-einweg-vape-10000-zuege\/","og_locale":"fi_FI","og_type":"article","og_title":"META ULTRA MAX 10000 Einweg-Vape 10000 Z\u00fcge | ElementVape.de","og_description":"Wir bieten META ULTRA MAX 10000 Einweg-Vape 10000 Z\u00fcge , Elementvape.de akzeptieren Gro\u00df-und Einzelhandel Bestellungen.","og_url":"https:\/\/www.elementvape.de\/fi\/produkt\/meta-ultra-max-10000-einweg-vape-10000-zuege\/","og_site_name":"ElementVape.de","article_modified_time":"2024-09-12T10:36:35+00:00","og_image":[{"width":800,"height":800,"url":"https:\/\/www.elementvape.de\/wp-content\/uploads\/2024\/06\/META-ULTRA-MAX-10000-Disposable-Vape-10000-Puffs.jpg","type":"image\/jpeg"}],"twitter_card":"summary_large_image","twitter_misc":{"Est. reading time":"1 minuutti"},"schema":{"@context":"https:\/\/schema.org","@graph":[{"@type":"WebPage","@id":"https:\/\/www.elementvape.de\/el\/produkt\/meta-ultra-max-10000-einweg-vape-10000-zuege\/","url":"https:\/\/www.elementvape.de\/el\/produkt\/meta-ultra-max-10000-einweg-vape-10000-zuege\/","name":"META ULTRA MAX 10000 Einweg-Vape 10000 Z\u00fcge | ElementVape.de","isPartOf":{"@id":"https:\/\/www.elementvape.de\/#website"},"primaryImageOfPage":{"@id":"https:\/\/www.elementvape.de\/el\/produkt\/meta-ultra-max-10000-einweg-vape-10000-zuege\/#primaryimage"},"image":{"@id":"https:\/\/www.elementvape.de\/el\/produkt\/meta-ultra-max-10000-einweg-vape-10000-zuege\/#primaryimage"},"thumbnailUrl":"https:\/\/www.elementvape.de\/wp-content\/uploads\/2024\/06\/META-ULTRA-MAX-10000-Disposable-Vape-10000-Puffs.jpg","datePublished":"2024-06-03T05:44:58+00:00","dateModified":"2024-09-12T10:36:35+00:00","description":"Wir bieten META ULTRA MAX 10000 Einweg-Vape 10000 Z\u00fcge , Elementvape.de akzeptieren Gro\u00df-und Einzelhandel Bestellungen.","breadcrumb":{"@id":"https:\/\/www.elementvape.de\/el\/produkt\/meta-ultra-max-10000-einweg-vape-10000-zuege\/#breadcrumb"},"inLanguage":"fi","potentialAction":[{"@type":"ReadAction","target":["https:\/\/www.elementvape.de\/el\/produkt\/meta-ultra-max-10000-einweg-vape-10000-zuege\/"]}]},{"@type":"ImageObject","inLanguage":"fi","@id":"https:\/\/www.elementvape.de\/el\/produkt\/meta-ultra-max-10000-einweg-vape-10000-zuege\/#primaryimage","url":"https:\/\/www.elementvape.de\/wp-content\/uploads\/2024\/06\/META-ULTRA-MAX-10000-Disposable-Vape-10000-Puffs.jpg","contentUrl":"https:\/\/www.elementvape.de\/wp-content\/uploads\/2024\/06\/META-ULTRA-MAX-10000-Disposable-Vape-10000-Puffs.jpg","width":800,"height":800,"caption":"META-ULTRA-MAX-10000-Disposable-Vape-10000-Puffs"},{"@type":"BreadcrumbList","@id":"https:\/\/www.elementvape.de\/el\/produkt\/meta-ultra-max-10000-einweg-vape-10000-zuege\/#breadcrumb","itemListElement":[{"@type":"ListItem","position":1,"name":"Home","item":"https:\/\/www.elementvape.de\/"},{"@type":"ListItem","position":2,"name":"Shop","item":"https:\/\/www.elementvape.de\/shop\/"},{"@type":"ListItem","position":3,"name":"META ULTRA MAX 10000 Einweg-Vape 10000 Z\u00fcge"}]},{"@type":"WebSite","@id":"https:\/\/www.elementvape.de\/#website","url":"https:\/\/www.elementvape.de\/","name":"ElementVape.de","description":"","publisher":{"@id":"https:\/\/www.elementvape.de\/#organization"},"potentialAction":[{"@type":"SearchAction","target":{"@type":"EntryPoint","urlTemplate":"https:\/\/www.elementvape.de\/?s={search_term_string}"},"query-input":"required name=search_term_string"}],"inLanguage":"fi"},{"@type":"Organization","@id":"https:\/\/www.elementvape.de\/#organization","name":"ElementVape.DE","url":"https:\/\/www.elementvape.de\/","logo":{"@type":"ImageObject","inLanguage":"fi","@id":"https:\/\/www.elementvape.de\/#\/schema\/logo\/image\/","url":"https:\/\/www.elementvape.de\/wp-content\/uploads\/2024\/09\/cropped-1elementvape-3.png","contentUrl":"https:\/\/www.elementvape.de\/wp-content\/uploads\/2024\/09\/cropped-1elementvape-3.png","width":285,"height":228,"caption":"ElementVape.DE"},"image":{"@id":"https:\/\/www.elementvape.de\/#\/schema\/logo\/image\/"}}]}},"_links":{"self":[{"href":"https:\/\/www.elementvape.de\/fi\/wp-json\/wp\/v2\/product\/11391"}],"collection":[{"href":"https:\/\/www.elementvape.de\/fi\/wp-json\/wp\/v2\/product"}],"about":[{"href":"https:\/\/www.elementvape.de\/fi\/wp-json\/wp\/v2\/types\/product"}],"wp:featuredmedia":[{"embeddable":true,"href":"https:\/\/www.elementvape.de\/fi\/wp-json\/wp\/v2\/media\/11392"}],"wp:attachment":[{"href":"https:\/\/www.elementvape.de\/fi\/wp-json\/wp\/v2\/media?parent=11391"}],"wp:term":[{"taxonomy":"product_cat","embeddable":true,"href":"https:\/\/www.elementvape.de\/fi\/wp-json\/wp\/v2\/product_cat?post=11391"},{"taxonomy":"product_tag","embeddable":true,"href":"https:\/\/www.elementvape.de\/fi\/wp-json\/wp\/v2\/product_tag?post=11391"}],"curies":[{"name":"wp","href":"https:\/\/api.w.org\/{rel}","templated":true}]}}