{"id":11360,"date":"2024-05-31T10:16:21","date_gmt":"2024-05-31T10:16:21","guid":{"rendered":"https:\/\/www.elementvape.de\/?post_type=product&#038;p=11360"},"modified":"2024-09-12T10:36:36","modified_gmt":"2024-09-12T10:36:36","slug":"ske-crystal-bar-einweg-vape-e-zigarette","status":"publish","type":"product","link":"https:\/\/www.elementvape.de\/fi\/produkt\/ske-crystal-bar-einweg-vape-e-zigarette\/","title":{"rendered":"SKE CRYSTAL BAR KERTK\u00c4YTT\u00d6INEN VAPE E-savuke"},"content":{"rendered":"<h2>SKE Kristalliputki \u2013 Elektroninen kertak\u00e4ytt\u00f6inen savuke 20 mg\/ml<\/h2>\n<p>SKE Kristalliputki on elektroninen kertak\u00e4ytt\u00f6inen savuke, jossa on tyylik\u00e4s ja yksinkertainen muotoilu. Crystal Vape tarjoaa ainutlaatuisen makuel\u00e4myksen ja monipuolisia mahdollisuuksia. Olipa maku hedelm\u00e4inen, makea tai j\u00e4\u00e4kylm\u00e4, SKE Crystal -putkissa jokaiselle l\u00f6ytyy jotain. Kristalliputki on kirkas ja siin\u00e4 on integroitu 500-mAh akku, joka riitt\u00e4\u00e4 600 vetoon. Sinun ei tarvitse ladata tai t\u00e4ytt\u00e4\u00e4, vaan avaa vain pakkaus ja aloita tupakointi. Ihanteellinen mukaan otettavaksi tai varav\u00e4lineeksi.<\/p>\n<p>Mesh-Coil-teknologia<br \/>\nJokainen maku on Mesh-kierteen teknologian ansiosta t\u00e4ynn\u00e4 aitoa ja rikas makuel\u00e4mys. T\u00e4m\u00e4n s\u00e4hk\u00f6tupakan teho on muita merkkej\u00e4 parempi. Jos arvostat puhdasta makua, et voi ohittaa t\u00e4t\u00e4 s\u00e4hk\u00f6tupakkaa.<\/p>\n<p>SKE Kristalliputki sis\u00e4lt\u00e4\u00e4 2 ml nikotiinisalaisuutta, jonka pitoisuus on 20 mg. Optimaalinen nikotiinipitoisuus, my\u00f6s aloittelijoille.<\/p>\n<h3>SKE Crystal Vape Bar -maku:<\/h3>\n<p>Banaani J\u00e4\u00e4: Raikas ja makea, yhdistetty j\u00e4isen kermaisuuden kanssa, tarjoaa vastustamattoman makuel\u00e4myksen.<br \/>\nMarjaj\u00e4\u00e4: Viile\u00e4t mets\u00e4mustikat yhdistyv\u00e4t hedelm\u00e4iseen ja raikkaaseen aromiin, joka virkist\u00e4\u00e4 aisteja.<br \/>\nMustikka Vadelma: Yhdist\u00e4\u00e4 mustikoiden makeuden ja hapokkuuden vadelmien hapokkuuden kanssa harmoniseksi maksaumaksi.<br \/>\nJ\u00e4\u00e4sininen: Kylm\u00e4 raikkaus kohtaa salaper\u00e4isen sinisen ja j\u00e4tt\u00e4\u00e4 kipin\u00f6iv\u00e4n tunteen kielen p\u00e4\u00e4lle.<br \/>\nBlue Fusion: j\u00e4nnitt\u00e4v\u00e4 sekoitus erilaisia sinisi\u00e4 hedelmi\u00e4 j\u00e4nnitt\u00e4v\u00e4n makuel\u00e4myksen saavuttamiseksi.<br \/>\nBlue Razz Lemonade: Mausteinen limonadi kohtaa makean-happamat mustikat raikka\u00e4n uuden makuel\u00e4myksen saavuttamiseksi.<br \/>\nKirscheis: Viile\u00e4 makeus kypsist\u00e4 kirsikoista, tarjoaa j\u00e4isen, hedelm\u00e4isen nautinnon.<br \/>\nCola-j\u00e4\u00e4tel\u00f6: Klassinen colan maku yhdistettyn\u00e4 j\u00e4iseen tekstuuriin raikkaan, kuplivan juoman saavuttamiseksi.<br \/>\nTuore mentholi: Kirkas ja puhdas, kuin j\u00e4inen tuulenpuuska, stimuloi aisteja ja virkist\u00e4\u00e4 mielt\u00e4.<br \/>\nMojito: Kupliva sekoitus minttua, limetti\u00e4 ja rommia, joka vangitsee klassisen cocktaillin ytimen.<br \/>\nHunaja-sitruuna: Hunajan makeus kohtaa sitruunan raikkauden harmoniseksi ja rauhoittavaksi aromiksi.<br \/>\nKiwi-passiohedelm\u00e4-guava: Trooppinen hedelm\u00e4cocktail kiwi\u00e4, passiohedelm\u00e4\u00e4 ja guavaa, tarjoten eksoottisen, mehukkaan makuel\u00e4myksen.<br \/>\nSitruuna ja limetti: T\u00e4ydellinen tasapaino mausteisen sitruunan ja tuoksuvan limetin v\u00e4lill\u00e4, tarjoaa raikkaan, sitruksisen kokemuksen.<br \/>\nSitruuna-persikka-passiohedelm\u00e4: Herkullinen sekoitus sitruunaa, persikkaa ja passiohedelm\u00e4\u00e4, joka lis\u00e4\u00e4 hedelm\u00e4ist\u00e4 makeutta.<br \/>\nMango-j\u00e4\u00e4tel\u00f6: Mehukas mango kohtaa viile\u00e4n maun ja tarjoaa trooppisen makuel\u00e4myksen, joka hemmottelee makuhermojasi.<br \/>\nMentholi: Raikas mentholin viile\u00e4 tuulahdus voi virkist\u00e4\u00e4 ja puhdistaa mielen.<br \/>\nPink Lemonade: Hedelm\u00e4inen ja makea limonadi, jossa on ripaus punaisia marjoja, on herkullinen kes\u00e4n nautinto.<br \/>\nHapan omena-mustikka: Hapan vihre\u00e4 omena ja makea mustikka yhdistyv\u00e4t raikkaaksi ja rikkaaksi makuel\u00e4mykseksi.<br \/>\nKarvas mustikka: Karvas mustikka tarjoaa voimakkaan makuel\u00e4myksen, joka haastaa makuhermot.<br \/>\nMansikkapommi: Mehukkaat mansikkapommit ilahduttavat makuhermojasi makealla, hedelm\u00e4isell\u00e4 maullaan.<br \/>\nMansikkaj\u00e4\u00e4tel\u00f6: Kermaista mansikkaj\u00e4\u00e4tel\u00f6\u00e4 muistuttaa l\u00e4mpimist\u00e4 kes\u00e4p\u00e4ivist\u00e4 ja hemmottelee makuasi makeudellaan.<br \/>\nTiikerin veri: Rohkea yhdistelm\u00e4 eksoottisia hedelmi\u00e4 ja voimakkaita makuja, tarjoaa villin ja j\u00e4nnitt\u00e4v\u00e4n makuel\u00e4myksen.<br \/>\nTupakka: Hapan, savunomainen tupakin maku her\u00e4tt\u00e4\u00e4 nostalgiaa sek\u00e4 asiantuntijoissa ett\u00e4 harrastajissa.<br \/>\nVesimelonij\u00e4\u00e4tel\u00f6: Raikas vesimeloni kohtaa j\u00e4isen kokemuksen, tarjoten virkist\u00e4v\u00e4n kes\u00e4isen makuel\u00e4myksen.<br \/>\nVesimelonin ja mansikan kumi: Herkullinen sekoitus mehukkaasta vesimelonista ja makeista mansikoista, pehme\u00e4n purukumimakuisen kuoren ymp\u00e4r\u00f6im\u00e4n\u00e4.<\/p>\n<h3>Yksityiskohdat:<\/h3>\n<p>S\u00e4hk\u00f6tupakka SKE Crystal \u2013 s\u00e4hk\u00f6inen tupakka verkon k\u00e4\u00e4mill\u00e4<br \/>\nSKE Crystal Bar on elektroninen kertak\u00e4ytt\u00f6inen savuke, jossa on tyylik\u00e4s ja yksinkertainen muotoilu. Miellytt\u00e4v\u00e4n tupakointikokemuksen saavuttamiseksi sinulla on k\u00e4ytett\u00e4viss\u00e4 erilaisia makuvaihtoehtoja.<br \/>\nSKE:n Crystal Vape sis\u00e4lt\u00e4\u00e4 integroidun 500-mAh-akun, joka riitt\u00e4\u00e4 600 vetoon. Sinun ei tarvitse ladata tai t\u00e4ytt\u00e4\u00e4 sit\u00e4, vaan avaa vain pakkaus ja aloita tupakointi.<\/p>\n<p>Crystal Vape tarjoaa yli 30 erilaista makuvaihtoehtoa. Jokainen maku on intensiivinen ja aito Mesh Coil -teknologian ansiosta.<\/p>\n<p>Jokainen SKE Crystal Vape Bar sis\u00e4lt\u00e4\u00e4 2 ml nikotiinisalaisnestett\u00e4, jonka nikotiinipitoisuus on 20 mg. Nikotiinisalaisaine tarjoaa lempe\u00e4n ja tyydytt\u00e4v\u00e4n nikotiinisyk\u00e4ksen ilman kurkkukipua.<\/p>\n<p>Sinun tarvitsee vain ottaa se pakkauksesta ja vet\u00e4\u00e4 suukappaleesta. LED-valo pohjassa syttyy, kun h\u00f6yryt\u00e4t. Jos LED ei en\u00e4\u00e4 syty tai maku heikkenee, SKE Crystal Bar on tyhj\u00e4 ja se voidaan h\u00e4vitt\u00e4\u00e4.<\/p>","protected":false},"excerpt":{"rendered":"<p>SKE Crystal Wand \u2013 Elektronische Einwegzigarette 20 mg\/ml SKE Crystal Bar ist eine elektronische Einwegzigarette mit elegantem und schlichtem Design. Mit Crystal Vape erhalten Sie ein einzigartiges Geschmackserlebnis und vielf\u00e4ltige M\u00f6glichkeiten. Ob fruchtig, s\u00fc\u00df oder eisig, bei den SKE Crystal Wands ist f\u00fcr jeden etwas dabei. Der Kristallstab verf\u00fcgt \u00fcber eine kristallklare Optik und einen [&hellip;]<\/p>","protected":false},"featured_media":11382,"template":"","meta":{"inline_featured_image":false},"product_cat":[78,754,745,742,748,744,755,738,751],"product_tag":[679],"tiered_pricing_type":"fixed","tiered_pricing_fixed_rules":[],"tiered_pricing_percentage_rules":[],"tiered_pricing_minimum":1,"_administrator_tiered_pricing_type":"fixed","_administrator_tiered_pricing_fixed_rules":[],"_editor_tiered_pricing_type":"fixed","_editor_tiered_pricing_fixed_rules":[],"_author_tiered_pricing_type":"fixed","_author_tiered_pricing_fixed_rules":[],"_contributor_tiered_pricing_type":"fixed","_contributor_tiered_pricing_fixed_rules":[],"_subscriber_tiered_pricing_type":"fixed","_subscriber_tiered_pricing_fixed_rules":[],"_customer_tiered_pricing_type":"fixed","_customer_tiered_pricing_fixed_rules":[],"_shop_manager_tiered_pricing_type":"fixed","_shop_manager_tiered_pricing_fixed_rules":[],"_wpseo_manager_tiered_pricing_type":"fixed","_wpseo_manager_tiered_pricing_fixed_rules":[],"_wpseo_editor_tiered_pricing_type":"fixed","_wpseo_editor_tiered_pricing_fixed_rules":[],"_wholesale_customer_tiered_pricing_type":"fixed","_wholesale_customer_tiered_pricing_fixed_rules":[],"_marketer_tiered_pricing_type":"fixed","_marketer_tiered_pricing_fixed_rules":[],"_sales_manager_tiered_pricing_type":"fixed","_sales_manager_tiered_pricing_fixed_rules":[],"_sales_rep_tiered_pricing_type":"fixed","_sales_rep_tiered_pricing_fixed_rules":[],"yoast_head":"<!-- This site is optimized with the Yoast SEO plugin v23.3 - https:\/\/yoast.com\/wordpress\/plugins\/seo\/ -->\n<title>SKE CRYSTAL BAR EINWEG VAPE E-ZIGARETTE | ElementVape.de<\/title>\n<meta name=\"description\" content=\"Wir bieten SKE CRYSTAL BAR EINWEG VAPE E-ZIGARETTE , Elementvape.de akzeptieren Gro\u00df-und Einzelhandel Bestellungen.\" \/>\n<meta name=\"robots\" content=\"index, follow, max-snippet:-1, max-image-preview:large, max-video-preview:-1\" \/>\n<link rel=\"canonical\" href=\"https:\/\/www.elementvape.de\/fi\/produkt\/ske-crystal-bar-einweg-vape-e-zigarette\/\" \/>\n<meta property=\"og:locale\" content=\"fi_FI\" \/>\n<meta property=\"og:type\" content=\"article\" \/>\n<meta property=\"og:title\" content=\"SKE CRYSTAL BAR EINWEG VAPE E-ZIGARETTE | ElementVape.de\" \/>\n<meta property=\"og:description\" content=\"Wir bieten SKE CRYSTAL BAR EINWEG VAPE E-ZIGARETTE , Elementvape.de akzeptieren Gro\u00df-und Einzelhandel Bestellungen.\" \/>\n<meta property=\"og:url\" content=\"https:\/\/www.elementvape.de\/fi\/produkt\/ske-crystal-bar-einweg-vape-e-zigarette\/\" \/>\n<meta property=\"og:site_name\" content=\"ElementVape.de\" \/>\n<meta property=\"article:modified_time\" content=\"2024-09-12T10:36:36+00:00\" \/>\n<meta property=\"og:image\" content=\"https:\/\/www.elementvape.de\/wp-content\/uploads\/2024\/05\/SKE-CRYSTAL-BAR-.jpg\" \/>\n\t<meta property=\"og:image:width\" content=\"1120\" \/>\n\t<meta property=\"og:image:height\" content=\"1120\" \/>\n\t<meta property=\"og:image:type\" content=\"image\/jpeg\" \/>\n<meta name=\"twitter:card\" content=\"summary_large_image\" \/>\n<meta name=\"twitter:label1\" content=\"Est. reading time\" \/>\n\t<meta name=\"twitter:data1\" content=\"4 minuuttia\" \/>\n<script type=\"application\/ld+json\" class=\"yoast-schema-graph\">{\"@context\":\"https:\/\/schema.org\",\"@graph\":[{\"@type\":\"WebPage\",\"@id\":\"https:\/\/www.elementvape.de\/produkt\/ske-crystal-bar-einweg-vape-e-zigarette\/\",\"url\":\"https:\/\/www.elementvape.de\/produkt\/ske-crystal-bar-einweg-vape-e-zigarette\/\",\"name\":\"SKE CRYSTAL BAR EINWEG VAPE E-ZIGARETTE | ElementVape.de\",\"isPartOf\":{\"@id\":\"https:\/\/www.elementvape.de\/#website\"},\"primaryImageOfPage\":{\"@id\":\"https:\/\/www.elementvape.de\/produkt\/ske-crystal-bar-einweg-vape-e-zigarette\/#primaryimage\"},\"image\":{\"@id\":\"https:\/\/www.elementvape.de\/produkt\/ske-crystal-bar-einweg-vape-e-zigarette\/#primaryimage\"},\"thumbnailUrl\":\"https:\/\/www.elementvape.de\/wp-content\/uploads\/2024\/05\/SKE-CRYSTAL-BAR-.jpg\",\"datePublished\":\"2024-05-31T10:16:21+00:00\",\"dateModified\":\"2024-09-12T10:36:36+00:00\",\"description\":\"Wir bieten SKE CRYSTAL BAR EINWEG VAPE E-ZIGARETTE , Elementvape.de akzeptieren Gro\u00df-und Einzelhandel Bestellungen.\",\"breadcrumb\":{\"@id\":\"https:\/\/www.elementvape.de\/produkt\/ske-crystal-bar-einweg-vape-e-zigarette\/#breadcrumb\"},\"inLanguage\":\"fi\",\"potentialAction\":[{\"@type\":\"ReadAction\",\"target\":[\"https:\/\/www.elementvape.de\/produkt\/ske-crystal-bar-einweg-vape-e-zigarette\/\"]}]},{\"@type\":\"ImageObject\",\"inLanguage\":\"fi\",\"@id\":\"https:\/\/www.elementvape.de\/produkt\/ske-crystal-bar-einweg-vape-e-zigarette\/#primaryimage\",\"url\":\"https:\/\/www.elementvape.de\/wp-content\/uploads\/2024\/05\/SKE-CRYSTAL-BAR-.jpg\",\"contentUrl\":\"https:\/\/www.elementvape.de\/wp-content\/uploads\/2024\/05\/SKE-CRYSTAL-BAR-.jpg\",\"width\":1120,\"height\":1120,\"caption\":\"SKE CRYSTAL BAR\"},{\"@type\":\"BreadcrumbList\",\"@id\":\"https:\/\/www.elementvape.de\/produkt\/ske-crystal-bar-einweg-vape-e-zigarette\/#breadcrumb\",\"itemListElement\":[{\"@type\":\"ListItem\",\"position\":1,\"name\":\"Home\",\"item\":\"https:\/\/www.elementvape.de\/\"},{\"@type\":\"ListItem\",\"position\":2,\"name\":\"Shop\",\"item\":\"https:\/\/www.elementvape.de\/shop\/\"},{\"@type\":\"ListItem\",\"position\":3,\"name\":\"SKE CRYSTAL BAR EINWEG VAPE E-ZIGARETTE\"}]},{\"@type\":\"WebSite\",\"@id\":\"https:\/\/www.elementvape.de\/#website\",\"url\":\"https:\/\/www.elementvape.de\/\",\"name\":\"ElementVape.de\",\"description\":\"\",\"publisher\":{\"@id\":\"https:\/\/www.elementvape.de\/#organization\"},\"potentialAction\":[{\"@type\":\"SearchAction\",\"target\":{\"@type\":\"EntryPoint\",\"urlTemplate\":\"https:\/\/www.elementvape.de\/?s={search_term_string}\"},\"query-input\":\"required name=search_term_string\"}],\"inLanguage\":\"fi\"},{\"@type\":\"Organization\",\"@id\":\"https:\/\/www.elementvape.de\/#organization\",\"name\":\"ElementVape.DE\",\"url\":\"https:\/\/www.elementvape.de\/\",\"logo\":{\"@type\":\"ImageObject\",\"inLanguage\":\"fi\",\"@id\":\"https:\/\/www.elementvape.de\/#\/schema\/logo\/image\/\",\"url\":\"https:\/\/www.elementvape.de\/wp-content\/uploads\/2024\/09\/cropped-1elementvape-3.png\",\"contentUrl\":\"https:\/\/www.elementvape.de\/wp-content\/uploads\/2024\/09\/cropped-1elementvape-3.png\",\"width\":285,\"height\":228,\"caption\":\"ElementVape.DE\"},\"image\":{\"@id\":\"https:\/\/www.elementvape.de\/#\/schema\/logo\/image\/\"}}]}<\/script>\n<!-- \/ Yoast SEO plugin. -->","yoast_head_json":{"title":"SKE CRYSTAL BAR EINWEG VAPE E-ZIGARETTE | ElementVape.de","description":"Wir bieten SKE CRYSTAL BAR EINWEG VAPE E-ZIGARETTE , Elementvape.de akzeptieren Gro\u00df-und Einzelhandel Bestellungen.","robots":{"index":"index","follow":"follow","max-snippet":"max-snippet:-1","max-image-preview":"max-image-preview:large","max-video-preview":"max-video-preview:-1"},"canonical":"https:\/\/www.elementvape.de\/fi\/produkt\/ske-crystal-bar-einweg-vape-e-zigarette\/","og_locale":"fi_FI","og_type":"article","og_title":"SKE CRYSTAL BAR EINWEG VAPE E-ZIGARETTE | ElementVape.de","og_description":"Wir bieten SKE CRYSTAL BAR EINWEG VAPE E-ZIGARETTE , Elementvape.de akzeptieren Gro\u00df-und Einzelhandel Bestellungen.","og_url":"https:\/\/www.elementvape.de\/fi\/produkt\/ske-crystal-bar-einweg-vape-e-zigarette\/","og_site_name":"ElementVape.de","article_modified_time":"2024-09-12T10:36:36+00:00","og_image":[{"width":1120,"height":1120,"url":"https:\/\/www.elementvape.de\/wp-content\/uploads\/2024\/05\/SKE-CRYSTAL-BAR-.jpg","type":"image\/jpeg"}],"twitter_card":"summary_large_image","twitter_misc":{"Est. reading time":"4 minuuttia"},"schema":{"@context":"https:\/\/schema.org","@graph":[{"@type":"WebPage","@id":"https:\/\/www.elementvape.de\/produkt\/ske-crystal-bar-einweg-vape-e-zigarette\/","url":"https:\/\/www.elementvape.de\/produkt\/ske-crystal-bar-einweg-vape-e-zigarette\/","name":"SKE CRYSTAL BAR EINWEG VAPE E-ZIGARETTE | ElementVape.de","isPartOf":{"@id":"https:\/\/www.elementvape.de\/#website"},"primaryImageOfPage":{"@id":"https:\/\/www.elementvape.de\/produkt\/ske-crystal-bar-einweg-vape-e-zigarette\/#primaryimage"},"image":{"@id":"https:\/\/www.elementvape.de\/produkt\/ske-crystal-bar-einweg-vape-e-zigarette\/#primaryimage"},"thumbnailUrl":"https:\/\/www.elementvape.de\/wp-content\/uploads\/2024\/05\/SKE-CRYSTAL-BAR-.jpg","datePublished":"2024-05-31T10:16:21+00:00","dateModified":"2024-09-12T10:36:36+00:00","description":"Wir bieten SKE CRYSTAL BAR EINWEG VAPE E-ZIGARETTE , Elementvape.de akzeptieren Gro\u00df-und Einzelhandel Bestellungen.","breadcrumb":{"@id":"https:\/\/www.elementvape.de\/produkt\/ske-crystal-bar-einweg-vape-e-zigarette\/#breadcrumb"},"inLanguage":"fi","potentialAction":[{"@type":"ReadAction","target":["https:\/\/www.elementvape.de\/produkt\/ske-crystal-bar-einweg-vape-e-zigarette\/"]}]},{"@type":"ImageObject","inLanguage":"fi","@id":"https:\/\/www.elementvape.de\/produkt\/ske-crystal-bar-einweg-vape-e-zigarette\/#primaryimage","url":"https:\/\/www.elementvape.de\/wp-content\/uploads\/2024\/05\/SKE-CRYSTAL-BAR-.jpg","contentUrl":"https:\/\/www.elementvape.de\/wp-content\/uploads\/2024\/05\/SKE-CRYSTAL-BAR-.jpg","width":1120,"height":1120,"caption":"SKE CRYSTAL BAR"},{"@type":"BreadcrumbList","@id":"https:\/\/www.elementvape.de\/produkt\/ske-crystal-bar-einweg-vape-e-zigarette\/#breadcrumb","itemListElement":[{"@type":"ListItem","position":1,"name":"Home","item":"https:\/\/www.elementvape.de\/"},{"@type":"ListItem","position":2,"name":"Shop","item":"https:\/\/www.elementvape.de\/shop\/"},{"@type":"ListItem","position":3,"name":"SKE CRYSTAL BAR EINWEG VAPE E-ZIGARETTE"}]},{"@type":"WebSite","@id":"https:\/\/www.elementvape.de\/#website","url":"https:\/\/www.elementvape.de\/","name":"ElementVape.de","description":"","publisher":{"@id":"https:\/\/www.elementvape.de\/#organization"},"potentialAction":[{"@type":"SearchAction","target":{"@type":"EntryPoint","urlTemplate":"https:\/\/www.elementvape.de\/?s={search_term_string}"},"query-input":"required name=search_term_string"}],"inLanguage":"fi"},{"@type":"Organization","@id":"https:\/\/www.elementvape.de\/#organization","name":"ElementVape.DE","url":"https:\/\/www.elementvape.de\/","logo":{"@type":"ImageObject","inLanguage":"fi","@id":"https:\/\/www.elementvape.de\/#\/schema\/logo\/image\/","url":"https:\/\/www.elementvape.de\/wp-content\/uploads\/2024\/09\/cropped-1elementvape-3.png","contentUrl":"https:\/\/www.elementvape.de\/wp-content\/uploads\/2024\/09\/cropped-1elementvape-3.png","width":285,"height":228,"caption":"ElementVape.DE"},"image":{"@id":"https:\/\/www.elementvape.de\/#\/schema\/logo\/image\/"}}]}},"_links":{"self":[{"href":"https:\/\/www.elementvape.de\/fi\/wp-json\/wp\/v2\/product\/11360"}],"collection":[{"href":"https:\/\/www.elementvape.de\/fi\/wp-json\/wp\/v2\/product"}],"about":[{"href":"https:\/\/www.elementvape.de\/fi\/wp-json\/wp\/v2\/types\/product"}],"wp:featuredmedia":[{"embeddable":true,"href":"https:\/\/www.elementvape.de\/fi\/wp-json\/wp\/v2\/media\/11382"}],"wp:attachment":[{"href":"https:\/\/www.elementvape.de\/fi\/wp-json\/wp\/v2\/media?parent=11360"}],"wp:term":[{"taxonomy":"product_cat","embeddable":true,"href":"https:\/\/www.elementvape.de\/fi\/wp-json\/wp\/v2\/product_cat?post=11360"},{"taxonomy":"product_tag","embeddable":true,"href":"https:\/\/www.elementvape.de\/fi\/wp-json\/wp\/v2\/product_tag?post=11360"}],"curies":[{"name":"wp","href":"https:\/\/api.w.org\/{rel}","templated":true}]}}