{"id":11238,"date":"2024-05-31T06:56:40","date_gmt":"2024-05-31T06:56:40","guid":{"rendered":"https:\/\/www.elementvape.de\/?post_type=product&#038;p=11238"},"modified":"2024-09-12T10:36:38","modified_gmt":"2024-09-12T10:36:38","slug":"187-stick-v2-e-shisha-kaufen","status":"publish","type":"product","link":"https:\/\/www.elementvape.de\/fi\/produkt\/187-stick-v2-e-shisha-kaufen\/","title":{"rendered":"187 Stick V2 E-Shisha Osta"},"content":{"rendered":"<p>187 V2 elektroninen kertak\u00e4ytt\u00f6inen savuke<\/p>\n<p>Kertak\u00e4ytt\u00f6inen E-savuke 187 V2 tarjoaa virkist\u00e4v\u00e4n tupakointikokemuksen. T\u00e4m\u00e4 187 Stra\u00dfenbande -merkkinen kertak\u00e4ytt\u00f6inen E-savuke vangitsee shisha-tupakan ja nestevalikoiman suosituimmat maut t\u00e4ydellisesti ja tarjoaa edistyksellisen mesh-kierukkateknologian ja tehokkaan akun ansiosta intensiivisen h\u00f6yryn nauttimisen jopa 600 vedolla ilman makujen menetyksi\u00e4.<\/p>\n<p>187 V2 kertak\u00e4ytt\u00f6isen E-savukkeen kohokohdat ja edut<\/p>\n<p>K\u00e4ytt\u00e4j\u00e4yst\u00e4v\u00e4llisyys:<br \/>\nEi tarvita asiantuntemusta: T\u00e4ydellinen aloittelijoille ja ammattilaisille, koska ei tarvita tarvikkeita tai erityistietoja.<br \/>\nValmis k\u00e4ytt\u00f6\u00f6n heti: K\u00e4yt\u00e4 E-savukettasi milloin ja miss\u00e4 tahansa ilman latausta tai t\u00e4ytt\u00f6\u00e4.<br \/>\nPuhdas ja k\u00e4tev\u00e4: Ei tervaa, hiilimonoksidia tai j\u00e4tett\u00e4 t\u00e4yt\u00f6n tai puhdistuksen vuoksi.<\/p>\n<p>Voimakas maku:<br \/>\nMesh-kierukkateknologia: Tarjoaa miellytt\u00e4v\u00e4n ja t\u00e4ytel\u00e4isen maun.<\/p>\n<p>L\u00e4pin\u00e4kyvyys:<br \/>\nNestepinnan ilmaisin: L\u00e4pin\u00e4kyv\u00e4n imuk\u00e4rjen ansiosta nestepinta voidaan tarkistaa milloin tahansa.<\/p>\n<p>Miksi valita 187 Vape V2?<\/p>\n<p>187 V2 on t\u00e4ydellinen kaikille, jotka etsiv\u00e4t k\u00e4yt\u00e4nn\u00f6llist\u00e4 ja helppok\u00e4ytt\u00f6ist\u00e4 kertak\u00e4ytt\u00f6ist\u00e4 E-savuketta. Voimakkaan akun ja korkealaatuisen mesh-kierukkateknologian ansiosta se tarjoaa pitk\u00e4kestoisen, intensiivisen tupakointikokemuksen ilman monimutkaista asennusta tai tarvikkeita.<\/p>\n<p>Tekniset tiedot ja ominaisuudet<\/p>\n<p>Akkukapasiteetti: 500 mAh, pitk\u00e4aikainen E-savukokemus.<br \/>\nVedot: Jokainen laite kest\u00e4\u00e4 jopa 600 vetoa ilman makujen menetyksi\u00e4.<\/p>\n<p>E-Liquidin kapasiteetti: 2,0 ml, Nikotiinipitoisuus 20 mg\/ml.<br \/>\nKela: Integroitu Fresor-mesh-kela paremman tuoksujakauman saavuttamiseksi.<br \/>\nDesign: Abstrakti muotoilu, paras ulkon\u00e4k\u00f6 klassisessa 187-tyyliss\u00e4.<br \/>\nMitat: Korkeus noin 10,5 cm, ulkohalkaisija noin 1,7 cm, paino 29 grammaa.<\/p>\n<p>187 V2 kertak\u00e4ytt\u00f6inen s\u00e4hk\u00f6inen tupakka yhdist\u00e4\u00e4 raikkaan maun korkeaan k\u00e4ytt\u00e4j\u00e4yst\u00e4v\u00e4llisyyteen ja tekniseen laatuun. Se on ihanteellinen h\u00f6yrystimille, jotka etsiv\u00e4t stressit\u00f6nt\u00e4, intensiivist\u00e4 h\u00f6yryst\u00e4miskokemusta. Edistyksellisen mesh-kela-teknologian ja tehokkaan akun ansiosta 187 V2 tarjoaa pitk\u00e4kestoisen, t\u00e4ytel\u00e4isen aromin ilman kompromisseja maussa ja on samalla helppok\u00e4ytt\u00f6inen ja hallittavissa.<\/p>","protected":false},"excerpt":{"rendered":"<p>187 V2 elektronische Einweg zigarette Die Einweg-E-Zigarette 187 V2 sorgt f\u00fcr ein erfrischendes Raucherlebnis. Diese Einweg-E-Zigarette von 187 Stra\u00dfenbande f\u00e4ngt die beliebten Aromen des Shisha-Tabak- und Liquid-Sortiments perfekt ein und sorgt mit ihrer fortschrittlichen Mesh-Coil-Technologie und der starken Akkuleistung f\u00fcr intensiven Dampfgenuss f\u00fcr bis zu 600 Z\u00fcge ohne Einbu\u00dfen jeglichen Geschmacks. Highlights und Vorteile der [&hellip;]<\/p>","protected":false},"featured_media":11239,"template":"","meta":{"inline_featured_image":false},"product_cat":[78,754,745,742,748,744,755,738,751],"product_tag":[679],"tiered_pricing_type":"fixed","tiered_pricing_fixed_rules":[],"tiered_pricing_percentage_rules":[],"tiered_pricing_minimum":1,"_administrator_tiered_pricing_type":"fixed","_administrator_tiered_pricing_fixed_rules":[],"_editor_tiered_pricing_type":"fixed","_editor_tiered_pricing_fixed_rules":[],"_author_tiered_pricing_type":"fixed","_author_tiered_pricing_fixed_rules":[],"_contributor_tiered_pricing_type":"fixed","_contributor_tiered_pricing_fixed_rules":[],"_subscriber_tiered_pricing_type":"fixed","_subscriber_tiered_pricing_fixed_rules":[],"_customer_tiered_pricing_type":"fixed","_customer_tiered_pricing_fixed_rules":[],"_shop_manager_tiered_pricing_type":"fixed","_shop_manager_tiered_pricing_fixed_rules":[],"_wpseo_manager_tiered_pricing_type":"fixed","_wpseo_manager_tiered_pricing_fixed_rules":[],"_wpseo_editor_tiered_pricing_type":"fixed","_wpseo_editor_tiered_pricing_fixed_rules":[],"_wholesale_customer_tiered_pricing_type":"fixed","_wholesale_customer_tiered_pricing_fixed_rules":[],"_marketer_tiered_pricing_type":"fixed","_marketer_tiered_pricing_fixed_rules":[],"_sales_manager_tiered_pricing_type":"fixed","_sales_manager_tiered_pricing_fixed_rules":[],"_sales_rep_tiered_pricing_type":"fixed","_sales_rep_tiered_pricing_fixed_rules":[],"yoast_head":"<!-- This site is optimized with the Yoast SEO plugin v23.3 - https:\/\/yoast.com\/wordpress\/plugins\/seo\/ -->\n<title>187 Stick V2 E-Shisha Kaufen | ElementVape.de<\/title>\n<meta name=\"description\" content=\"Wir bieten 187 Stick V2 E-Shisha Kaufen , Elementvape.de akzeptieren Gro\u00df-und Einzelhandel Bestellungen.\" \/>\n<meta name=\"robots\" content=\"index, follow, max-snippet:-1, max-image-preview:large, max-video-preview:-1\" \/>\n<link rel=\"canonical\" href=\"https:\/\/www.elementvape.de\/fi\/produkt\/187-stick-v2-e-shisha-kaufen\/\" \/>\n<meta property=\"og:locale\" content=\"fi_FI\" \/>\n<meta property=\"og:type\" content=\"article\" \/>\n<meta property=\"og:title\" content=\"187 Stick V2 E-Shisha Kaufen | ElementVape.de\" \/>\n<meta property=\"og:description\" content=\"Wir bieten 187 Stick V2 E-Shisha Kaufen , Elementvape.de akzeptieren Gro\u00df-und Einzelhandel Bestellungen.\" \/>\n<meta property=\"og:url\" content=\"https:\/\/www.elementvape.de\/fi\/produkt\/187-stick-v2-e-shisha-kaufen\/\" \/>\n<meta property=\"og:site_name\" content=\"ElementVape.de\" \/>\n<meta property=\"article:modified_time\" content=\"2024-09-12T10:36:38+00:00\" \/>\n<meta property=\"og:image\" content=\"https:\/\/www.elementvape.de\/wp-content\/uploads\/2024\/05\/187-stick-v2-e-shisha-tropicana-20mg.jpg\" \/>\n\t<meta property=\"og:image:width\" content=\"1120\" \/>\n\t<meta property=\"og:image:height\" content=\"1120\" \/>\n\t<meta property=\"og:image:type\" content=\"image\/jpeg\" \/>\n<meta name=\"twitter:card\" content=\"summary_large_image\" \/>\n<meta name=\"twitter:label1\" content=\"Est. reading time\" \/>\n\t<meta name=\"twitter:data1\" content=\"2 minuuttia\" \/>\n<script type=\"application\/ld+json\" class=\"yoast-schema-graph\">{\"@context\":\"https:\/\/schema.org\",\"@graph\":[{\"@type\":\"WebPage\",\"@id\":\"https:\/\/www.elementvape.de\/es\/produkt\/187-stick-v2-e-shisha-kaufen\/\",\"url\":\"https:\/\/www.elementvape.de\/es\/produkt\/187-stick-v2-e-shisha-kaufen\/\",\"name\":\"187 Stick V2 E-Shisha Kaufen | ElementVape.de\",\"isPartOf\":{\"@id\":\"https:\/\/www.elementvape.de\/#website\"},\"primaryImageOfPage\":{\"@id\":\"https:\/\/www.elementvape.de\/es\/produkt\/187-stick-v2-e-shisha-kaufen\/#primaryimage\"},\"image\":{\"@id\":\"https:\/\/www.elementvape.de\/es\/produkt\/187-stick-v2-e-shisha-kaufen\/#primaryimage\"},\"thumbnailUrl\":\"https:\/\/www.elementvape.de\/wp-content\/uploads\/2024\/05\/187-stick-v2-e-shisha-tropicana-20mg.jpg\",\"datePublished\":\"2024-05-31T06:56:40+00:00\",\"dateModified\":\"2024-09-12T10:36:38+00:00\",\"description\":\"Wir bieten 187 Stick V2 E-Shisha Kaufen , Elementvape.de akzeptieren Gro\u00df-und Einzelhandel Bestellungen.\",\"breadcrumb\":{\"@id\":\"https:\/\/www.elementvape.de\/es\/produkt\/187-stick-v2-e-shisha-kaufen\/#breadcrumb\"},\"inLanguage\":\"fi\",\"potentialAction\":[{\"@type\":\"ReadAction\",\"target\":[\"https:\/\/www.elementvape.de\/es\/produkt\/187-stick-v2-e-shisha-kaufen\/\"]}]},{\"@type\":\"ImageObject\",\"inLanguage\":\"fi\",\"@id\":\"https:\/\/www.elementvape.de\/es\/produkt\/187-stick-v2-e-shisha-kaufen\/#primaryimage\",\"url\":\"https:\/\/www.elementvape.de\/wp-content\/uploads\/2024\/05\/187-stick-v2-e-shisha-tropicana-20mg.jpg\",\"contentUrl\":\"https:\/\/www.elementvape.de\/wp-content\/uploads\/2024\/05\/187-stick-v2-e-shisha-tropicana-20mg.jpg\",\"width\":1120,\"height\":1120,\"caption\":\"187-stick-v2-e-shisha-tropicana-20mg\"},{\"@type\":\"BreadcrumbList\",\"@id\":\"https:\/\/www.elementvape.de\/es\/produkt\/187-stick-v2-e-shisha-kaufen\/#breadcrumb\",\"itemListElement\":[{\"@type\":\"ListItem\",\"position\":1,\"name\":\"Home\",\"item\":\"https:\/\/www.elementvape.de\/\"},{\"@type\":\"ListItem\",\"position\":2,\"name\":\"Shop\",\"item\":\"https:\/\/www.elementvape.de\/shop\/\"},{\"@type\":\"ListItem\",\"position\":3,\"name\":\"187 Stick V2 E-Shisha Kaufen\"}]},{\"@type\":\"WebSite\",\"@id\":\"https:\/\/www.elementvape.de\/#website\",\"url\":\"https:\/\/www.elementvape.de\/\",\"name\":\"ElementVape.de\",\"description\":\"\",\"publisher\":{\"@id\":\"https:\/\/www.elementvape.de\/#organization\"},\"potentialAction\":[{\"@type\":\"SearchAction\",\"target\":{\"@type\":\"EntryPoint\",\"urlTemplate\":\"https:\/\/www.elementvape.de\/?s={search_term_string}\"},\"query-input\":\"required name=search_term_string\"}],\"inLanguage\":\"fi\"},{\"@type\":\"Organization\",\"@id\":\"https:\/\/www.elementvape.de\/#organization\",\"name\":\"ElementVape.DE\",\"url\":\"https:\/\/www.elementvape.de\/\",\"logo\":{\"@type\":\"ImageObject\",\"inLanguage\":\"fi\",\"@id\":\"https:\/\/www.elementvape.de\/#\/schema\/logo\/image\/\",\"url\":\"https:\/\/www.elementvape.de\/wp-content\/uploads\/2024\/09\/cropped-1elementvape-3.png\",\"contentUrl\":\"https:\/\/www.elementvape.de\/wp-content\/uploads\/2024\/09\/cropped-1elementvape-3.png\",\"width\":285,\"height\":228,\"caption\":\"ElementVape.DE\"},\"image\":{\"@id\":\"https:\/\/www.elementvape.de\/#\/schema\/logo\/image\/\"}}]}<\/script>\n<!-- \/ Yoast SEO plugin. -->","yoast_head_json":{"title":"187 Stick V2 E-Shisha Kaufen | ElementVape.de","description":"Wir bieten 187 Stick V2 E-Shisha Kaufen , Elementvape.de akzeptieren Gro\u00df-und Einzelhandel Bestellungen.","robots":{"index":"index","follow":"follow","max-snippet":"max-snippet:-1","max-image-preview":"max-image-preview:large","max-video-preview":"max-video-preview:-1"},"canonical":"https:\/\/www.elementvape.de\/fi\/produkt\/187-stick-v2-e-shisha-kaufen\/","og_locale":"fi_FI","og_type":"article","og_title":"187 Stick V2 E-Shisha Kaufen | ElementVape.de","og_description":"Wir bieten 187 Stick V2 E-Shisha Kaufen , Elementvape.de akzeptieren Gro\u00df-und Einzelhandel Bestellungen.","og_url":"https:\/\/www.elementvape.de\/fi\/produkt\/187-stick-v2-e-shisha-kaufen\/","og_site_name":"ElementVape.de","article_modified_time":"2024-09-12T10:36:38+00:00","og_image":[{"width":1120,"height":1120,"url":"https:\/\/www.elementvape.de\/wp-content\/uploads\/2024\/05\/187-stick-v2-e-shisha-tropicana-20mg.jpg","type":"image\/jpeg"}],"twitter_card":"summary_large_image","twitter_misc":{"Est. reading time":"2 minuuttia"},"schema":{"@context":"https:\/\/schema.org","@graph":[{"@type":"WebPage","@id":"https:\/\/www.elementvape.de\/es\/produkt\/187-stick-v2-e-shisha-kaufen\/","url":"https:\/\/www.elementvape.de\/es\/produkt\/187-stick-v2-e-shisha-kaufen\/","name":"187 Stick V2 E-Shisha Kaufen | ElementVape.de","isPartOf":{"@id":"https:\/\/www.elementvape.de\/#website"},"primaryImageOfPage":{"@id":"https:\/\/www.elementvape.de\/es\/produkt\/187-stick-v2-e-shisha-kaufen\/#primaryimage"},"image":{"@id":"https:\/\/www.elementvape.de\/es\/produkt\/187-stick-v2-e-shisha-kaufen\/#primaryimage"},"thumbnailUrl":"https:\/\/www.elementvape.de\/wp-content\/uploads\/2024\/05\/187-stick-v2-e-shisha-tropicana-20mg.jpg","datePublished":"2024-05-31T06:56:40+00:00","dateModified":"2024-09-12T10:36:38+00:00","description":"Wir bieten 187 Stick V2 E-Shisha Kaufen , Elementvape.de akzeptieren Gro\u00df-und Einzelhandel Bestellungen.","breadcrumb":{"@id":"https:\/\/www.elementvape.de\/es\/produkt\/187-stick-v2-e-shisha-kaufen\/#breadcrumb"},"inLanguage":"fi","potentialAction":[{"@type":"ReadAction","target":["https:\/\/www.elementvape.de\/es\/produkt\/187-stick-v2-e-shisha-kaufen\/"]}]},{"@type":"ImageObject","inLanguage":"fi","@id":"https:\/\/www.elementvape.de\/es\/produkt\/187-stick-v2-e-shisha-kaufen\/#primaryimage","url":"https:\/\/www.elementvape.de\/wp-content\/uploads\/2024\/05\/187-stick-v2-e-shisha-tropicana-20mg.jpg","contentUrl":"https:\/\/www.elementvape.de\/wp-content\/uploads\/2024\/05\/187-stick-v2-e-shisha-tropicana-20mg.jpg","width":1120,"height":1120,"caption":"187-stick-v2-e-shisha-tropicana-20mg"},{"@type":"BreadcrumbList","@id":"https:\/\/www.elementvape.de\/es\/produkt\/187-stick-v2-e-shisha-kaufen\/#breadcrumb","itemListElement":[{"@type":"ListItem","position":1,"name":"Home","item":"https:\/\/www.elementvape.de\/"},{"@type":"ListItem","position":2,"name":"Shop","item":"https:\/\/www.elementvape.de\/shop\/"},{"@type":"ListItem","position":3,"name":"187 Stick V2 E-Shisha Kaufen"}]},{"@type":"WebSite","@id":"https:\/\/www.elementvape.de\/#website","url":"https:\/\/www.elementvape.de\/","name":"ElementVape.de","description":"","publisher":{"@id":"https:\/\/www.elementvape.de\/#organization"},"potentialAction":[{"@type":"SearchAction","target":{"@type":"EntryPoint","urlTemplate":"https:\/\/www.elementvape.de\/?s={search_term_string}"},"query-input":"required name=search_term_string"}],"inLanguage":"fi"},{"@type":"Organization","@id":"https:\/\/www.elementvape.de\/#organization","name":"ElementVape.DE","url":"https:\/\/www.elementvape.de\/","logo":{"@type":"ImageObject","inLanguage":"fi","@id":"https:\/\/www.elementvape.de\/#\/schema\/logo\/image\/","url":"https:\/\/www.elementvape.de\/wp-content\/uploads\/2024\/09\/cropped-1elementvape-3.png","contentUrl":"https:\/\/www.elementvape.de\/wp-content\/uploads\/2024\/09\/cropped-1elementvape-3.png","width":285,"height":228,"caption":"ElementVape.DE"},"image":{"@id":"https:\/\/www.elementvape.de\/#\/schema\/logo\/image\/"}}]}},"_links":{"self":[{"href":"https:\/\/www.elementvape.de\/fi\/wp-json\/wp\/v2\/product\/11238"}],"collection":[{"href":"https:\/\/www.elementvape.de\/fi\/wp-json\/wp\/v2\/product"}],"about":[{"href":"https:\/\/www.elementvape.de\/fi\/wp-json\/wp\/v2\/types\/product"}],"wp:featuredmedia":[{"embeddable":true,"href":"https:\/\/www.elementvape.de\/fi\/wp-json\/wp\/v2\/media\/11239"}],"wp:attachment":[{"href":"https:\/\/www.elementvape.de\/fi\/wp-json\/wp\/v2\/media?parent=11238"}],"wp:term":[{"taxonomy":"product_cat","embeddable":true,"href":"https:\/\/www.elementvape.de\/fi\/wp-json\/wp\/v2\/product_cat?post=11238"},{"taxonomy":"product_tag","embeddable":true,"href":"https:\/\/www.elementvape.de\/fi\/wp-json\/wp\/v2\/product_tag?post=11238"}],"curies":[{"name":"wp","href":"https:\/\/api.w.org\/{rel}","templated":true}]}}