{"id":10994,"date":"2024-05-29T03:30:54","date_gmt":"2024-05-29T03:30:54","guid":{"rendered":"https:\/\/www.elementvape.de\/?post_type=product&#038;p=10994"},"modified":"2024-09-12T10:36:43","modified_gmt":"2024-09-12T10:36:43","slug":"geek-bar-e600-einweg-vape-600-zuege-400mah","status":"publish","type":"product","link":"https:\/\/www.elementvape.de\/fi\/produkt\/geek-bar-e600-einweg-vape-600-zuege-400mah\/","title":{"rendered":"Geek Bar E600 kertak\u00e4ytt\u00f6inen Vape 600 vedon 400mAh"},"content":{"rendered":"<h2>Kuvaus:<\/h2>\n<p>Element Vape on yksi suurimmista tukkukauppiaista ja toimittajista Geek Bar Vape -tuotteissa Suomessa. Toimitamme korkealaatuisimmat Geek Bar Disposable Vape -tuotteet. Tule meille. Osta Geek Bar E600 Disposable Vape -tuotteet parhailla tukkumyyntihinnoilla. Geekbar E600 on klassinen kertak\u00e4ytt\u00f6laite, jossa on kaksikymment\u00e4 vaihtoehtoista makuvaihtoehtoa. Siin\u00e4 on l\u00e4pin\u00e4kyv\u00e4 suukappale ja erottuva ulkon\u00e4k\u00f6. Se on kyn\u00e4n muotoinen, miellytt\u00e4v\u00e4n k\u00e4dess\u00e4 tuntuvan ja pehme\u00e4n kumimateriaalin kanssa, ja sopii hyvin kannettavaksi vaping-laitteeksi. Se toimii sis\u00e4\u00e4nrakennetulla 400-mAh akulla, joten sinun ei tarvitse ladata laitetta viimeiseen henk\u00e4ykseen asti.<\/p>\n<h2>Aromit:<\/h2>\n<p>Persikka Blueberry Karkki<br \/>\nMansikka Kupla J\u00e4\u00e4<br \/>\nVesimeloni<br \/>\nPink Lemonade<br \/>\nMansikka-kiivi<br \/>\ntuore Minttu<br \/>\nCola<br \/>\nOmena Persikka P\u00e4\u00e4ryn\u00e4<br \/>\nFujin meloni<br \/>\nKiwi Passion Guava<br \/>\nYksisarvinen maitoharja<br \/>\nOmena Persikka<br \/>\nSademets\u00e4mehu<br \/>\nMustikka Granaattiomena<br \/>\nValkoinen persikka Vadelma<br \/>\nSekoitettu marjaj\u00e4\u00e4<br \/>\nMustikka Mustikka<br \/>\nVadelma<br \/>\nSininen vadelmalimonadi<br \/>\nViipale<\/p>\n<h2>Parametrit:<\/h2>\n<p>Akku: 400mAh sis\u00e4\u00e4nrakennettu akku<br \/>\nE-s\u00e4ilyke: 2ml esit\u00e4ytetty<br \/>\nJunat: Enint\u00e4\u00e4n 600 junaa Nikotiini: 20mg<br \/>\nAromit: 20<\/p>\n<p>Pakkaukset:<br \/>\n1 x Geek Bar E600 kertak\u00e4ytt\u00f6inen Vape 600 puf<\/p>","protected":false},"excerpt":{"rendered":"<p>Beschreibung: Element Vape ist einer der gr\u00f6\u00dften Gro\u00dfh\u00e4ndler und Lieferanten von Geek Bar Vape-Produkten in China. Wir liefern die hochwertigsten Geek Bar Disposable Vape-Produkte. Kommen Sie zu uns. Kaufen Sie Geek Bar E600 Disposable Vape -Produkte zu den besten Gro\u00dfhandelspreisen. Geekbar E600 ist ein klassisches Einwegger\u00e4t mit zwanzig optionalen Geschmacksrichtungen. Es verf\u00fcgt \u00fcber ein transparentes [&hellip;]<\/p>","protected":false},"featured_media":10995,"template":"","meta":{"inline_featured_image":false},"product_cat":[78,754,745,742,748,744,755,738,751],"product_tag":[679],"tiered_pricing_type":"fixed","tiered_pricing_fixed_rules":[],"tiered_pricing_percentage_rules":[],"tiered_pricing_minimum":1,"_administrator_tiered_pricing_type":"fixed","_administrator_tiered_pricing_fixed_rules":[],"_editor_tiered_pricing_type":"fixed","_editor_tiered_pricing_fixed_rules":[],"_author_tiered_pricing_type":"fixed","_author_tiered_pricing_fixed_rules":[],"_contributor_tiered_pricing_type":"fixed","_contributor_tiered_pricing_fixed_rules":[],"_subscriber_tiered_pricing_type":"fixed","_subscriber_tiered_pricing_fixed_rules":[],"_customer_tiered_pricing_type":"fixed","_customer_tiered_pricing_fixed_rules":[],"_shop_manager_tiered_pricing_type":"fixed","_shop_manager_tiered_pricing_fixed_rules":[],"_wpseo_manager_tiered_pricing_type":"fixed","_wpseo_manager_tiered_pricing_fixed_rules":[],"_wpseo_editor_tiered_pricing_type":"fixed","_wpseo_editor_tiered_pricing_fixed_rules":[],"_wholesale_customer_tiered_pricing_type":"fixed","_wholesale_customer_tiered_pricing_fixed_rules":[],"_marketer_tiered_pricing_type":"fixed","_marketer_tiered_pricing_fixed_rules":[],"_sales_manager_tiered_pricing_type":"fixed","_sales_manager_tiered_pricing_fixed_rules":[],"_sales_rep_tiered_pricing_type":"fixed","_sales_rep_tiered_pricing_fixed_rules":[],"yoast_head":"<!-- This site is optimized with the Yoast SEO plugin v23.3 - https:\/\/yoast.com\/wordpress\/plugins\/seo\/ -->\n<title>Geek Bar E600 Einweg-Vape 600 Z\u00fcge 400mAh | ElementVape.de<\/title>\n<meta name=\"description\" content=\"Wir bieten Geek Bar E600 Einweg-Vape 600 Z\u00fcge 400mAh , Elementvape.de akzeptieren Gro\u00df-und Einzelhandel Bestellungen.\" \/>\n<meta name=\"robots\" content=\"index, follow, max-snippet:-1, max-image-preview:large, max-video-preview:-1\" \/>\n<link rel=\"canonical\" href=\"https:\/\/www.elementvape.de\/fi\/produkt\/geek-bar-e600-einweg-vape-600-zuege-400mah\/\" \/>\n<meta property=\"og:locale\" content=\"fi_FI\" \/>\n<meta property=\"og:type\" content=\"article\" \/>\n<meta property=\"og:title\" content=\"Geek Bar E600 Einweg-Vape 600 Z\u00fcge 400mAh | ElementVape.de\" \/>\n<meta property=\"og:description\" content=\"Wir bieten Geek Bar E600 Einweg-Vape 600 Z\u00fcge 400mAh , Elementvape.de akzeptieren Gro\u00df-und Einzelhandel Bestellungen.\" \/>\n<meta property=\"og:url\" content=\"https:\/\/www.elementvape.de\/fi\/produkt\/geek-bar-e600-einweg-vape-600-zuege-400mah\/\" \/>\n<meta property=\"og:site_name\" content=\"ElementVape.de\" \/>\n<meta property=\"article:modified_time\" content=\"2024-09-12T10:36:43+00:00\" \/>\n<meta property=\"og:image\" content=\"https:\/\/www.elementvape.de\/wp-content\/uploads\/2024\/05\/Geek-Bar-E600-Disposable-Vape-600-Puffs-300214.webp\" \/>\n\t<meta property=\"og:image:width\" content=\"800\" \/>\n\t<meta property=\"og:image:height\" content=\"800\" \/>\n\t<meta property=\"og:image:type\" content=\"image\/webp\" \/>\n<meta name=\"twitter:card\" content=\"summary_large_image\" \/>\n<meta name=\"twitter:label1\" content=\"Est. reading time\" \/>\n\t<meta name=\"twitter:data1\" content=\"2 minuuttia\" \/>\n<script type=\"application\/ld+json\" class=\"yoast-schema-graph\">{\"@context\":\"https:\/\/schema.org\",\"@graph\":[{\"@type\":\"WebPage\",\"@id\":\"https:\/\/www.elementvape.de\/fr\/produkt\/geek-bar-e600-einweg-vape-600-zuege-400mah\/\",\"url\":\"https:\/\/www.elementvape.de\/fr\/produkt\/geek-bar-e600-einweg-vape-600-zuege-400mah\/\",\"name\":\"Geek Bar E600 Einweg-Vape 600 Z\u00fcge 400mAh | ElementVape.de\",\"isPartOf\":{\"@id\":\"https:\/\/www.elementvape.de\/#website\"},\"primaryImageOfPage\":{\"@id\":\"https:\/\/www.elementvape.de\/fr\/produkt\/geek-bar-e600-einweg-vape-600-zuege-400mah\/#primaryimage\"},\"image\":{\"@id\":\"https:\/\/www.elementvape.de\/fr\/produkt\/geek-bar-e600-einweg-vape-600-zuege-400mah\/#primaryimage\"},\"thumbnailUrl\":\"https:\/\/www.elementvape.de\/wp-content\/uploads\/2024\/05\/Geek-Bar-E600-Disposable-Vape-600-Puffs-300214.webp\",\"datePublished\":\"2024-05-29T03:30:54+00:00\",\"dateModified\":\"2024-09-12T10:36:43+00:00\",\"description\":\"Wir bieten Geek Bar E600 Einweg-Vape 600 Z\u00fcge 400mAh , Elementvape.de akzeptieren Gro\u00df-und Einzelhandel Bestellungen.\",\"breadcrumb\":{\"@id\":\"https:\/\/www.elementvape.de\/fr\/produkt\/geek-bar-e600-einweg-vape-600-zuege-400mah\/#breadcrumb\"},\"inLanguage\":\"fi\",\"potentialAction\":[{\"@type\":\"ReadAction\",\"target\":[\"https:\/\/www.elementvape.de\/fr\/produkt\/geek-bar-e600-einweg-vape-600-zuege-400mah\/\"]}]},{\"@type\":\"ImageObject\",\"inLanguage\":\"fi\",\"@id\":\"https:\/\/www.elementvape.de\/fr\/produkt\/geek-bar-e600-einweg-vape-600-zuege-400mah\/#primaryimage\",\"url\":\"https:\/\/www.elementvape.de\/wp-content\/uploads\/2024\/05\/Geek-Bar-E600-Disposable-Vape-600-Puffs-300214.webp\",\"contentUrl\":\"https:\/\/www.elementvape.de\/wp-content\/uploads\/2024\/05\/Geek-Bar-E600-Disposable-Vape-600-Puffs-300214.webp\",\"width\":800,\"height\":800,\"caption\":\"Geek-Bar-E600-Disposable-Vape-600-Puffs-300214\"},{\"@type\":\"BreadcrumbList\",\"@id\":\"https:\/\/www.elementvape.de\/fr\/produkt\/geek-bar-e600-einweg-vape-600-zuege-400mah\/#breadcrumb\",\"itemListElement\":[{\"@type\":\"ListItem\",\"position\":1,\"name\":\"Home\",\"item\":\"https:\/\/www.elementvape.de\/\"},{\"@type\":\"ListItem\",\"position\":2,\"name\":\"Shop\",\"item\":\"https:\/\/www.elementvape.de\/shop\/\"},{\"@type\":\"ListItem\",\"position\":3,\"name\":\"Geek Bar E600 Einweg-Vape 600 Z\u00fcge 400mAh\"}]},{\"@type\":\"WebSite\",\"@id\":\"https:\/\/www.elementvape.de\/#website\",\"url\":\"https:\/\/www.elementvape.de\/\",\"name\":\"ElementVape.de\",\"description\":\"\",\"publisher\":{\"@id\":\"https:\/\/www.elementvape.de\/#organization\"},\"potentialAction\":[{\"@type\":\"SearchAction\",\"target\":{\"@type\":\"EntryPoint\",\"urlTemplate\":\"https:\/\/www.elementvape.de\/?s={search_term_string}\"},\"query-input\":\"required name=search_term_string\"}],\"inLanguage\":\"fi\"},{\"@type\":\"Organization\",\"@id\":\"https:\/\/www.elementvape.de\/#organization\",\"name\":\"ElementVape.DE\",\"url\":\"https:\/\/www.elementvape.de\/\",\"logo\":{\"@type\":\"ImageObject\",\"inLanguage\":\"fi\",\"@id\":\"https:\/\/www.elementvape.de\/#\/schema\/logo\/image\/\",\"url\":\"https:\/\/www.elementvape.de\/wp-content\/uploads\/2024\/09\/cropped-1elementvape-3.png\",\"contentUrl\":\"https:\/\/www.elementvape.de\/wp-content\/uploads\/2024\/09\/cropped-1elementvape-3.png\",\"width\":285,\"height\":228,\"caption\":\"ElementVape.DE\"},\"image\":{\"@id\":\"https:\/\/www.elementvape.de\/#\/schema\/logo\/image\/\"}}]}<\/script>\n<!-- \/ Yoast SEO plugin. -->","yoast_head_json":{"title":"Geek Bar E600 Einweg-Vape 600 Z\u00fcge 400mAh | ElementVape.de","description":"Wir bieten Geek Bar E600 Einweg-Vape 600 Z\u00fcge 400mAh , Elementvape.de akzeptieren Gro\u00df-und Einzelhandel Bestellungen.","robots":{"index":"index","follow":"follow","max-snippet":"max-snippet:-1","max-image-preview":"max-image-preview:large","max-video-preview":"max-video-preview:-1"},"canonical":"https:\/\/www.elementvape.de\/fi\/produkt\/geek-bar-e600-einweg-vape-600-zuege-400mah\/","og_locale":"fi_FI","og_type":"article","og_title":"Geek Bar E600 Einweg-Vape 600 Z\u00fcge 400mAh | ElementVape.de","og_description":"Wir bieten Geek Bar E600 Einweg-Vape 600 Z\u00fcge 400mAh , Elementvape.de akzeptieren Gro\u00df-und Einzelhandel Bestellungen.","og_url":"https:\/\/www.elementvape.de\/fi\/produkt\/geek-bar-e600-einweg-vape-600-zuege-400mah\/","og_site_name":"ElementVape.de","article_modified_time":"2024-09-12T10:36:43+00:00","og_image":[{"width":800,"height":800,"url":"https:\/\/www.elementvape.de\/wp-content\/uploads\/2024\/05\/Geek-Bar-E600-Disposable-Vape-600-Puffs-300214.webp","type":"image\/webp"}],"twitter_card":"summary_large_image","twitter_misc":{"Est. reading time":"2 minuuttia"},"schema":{"@context":"https:\/\/schema.org","@graph":[{"@type":"WebPage","@id":"https:\/\/www.elementvape.de\/fr\/produkt\/geek-bar-e600-einweg-vape-600-zuege-400mah\/","url":"https:\/\/www.elementvape.de\/fr\/produkt\/geek-bar-e600-einweg-vape-600-zuege-400mah\/","name":"Geek Bar E600 Einweg-Vape 600 Z\u00fcge 400mAh | ElementVape.de","isPartOf":{"@id":"https:\/\/www.elementvape.de\/#website"},"primaryImageOfPage":{"@id":"https:\/\/www.elementvape.de\/fr\/produkt\/geek-bar-e600-einweg-vape-600-zuege-400mah\/#primaryimage"},"image":{"@id":"https:\/\/www.elementvape.de\/fr\/produkt\/geek-bar-e600-einweg-vape-600-zuege-400mah\/#primaryimage"},"thumbnailUrl":"https:\/\/www.elementvape.de\/wp-content\/uploads\/2024\/05\/Geek-Bar-E600-Disposable-Vape-600-Puffs-300214.webp","datePublished":"2024-05-29T03:30:54+00:00","dateModified":"2024-09-12T10:36:43+00:00","description":"Wir bieten Geek Bar E600 Einweg-Vape 600 Z\u00fcge 400mAh , Elementvape.de akzeptieren Gro\u00df-und Einzelhandel Bestellungen.","breadcrumb":{"@id":"https:\/\/www.elementvape.de\/fr\/produkt\/geek-bar-e600-einweg-vape-600-zuege-400mah\/#breadcrumb"},"inLanguage":"fi","potentialAction":[{"@type":"ReadAction","target":["https:\/\/www.elementvape.de\/fr\/produkt\/geek-bar-e600-einweg-vape-600-zuege-400mah\/"]}]},{"@type":"ImageObject","inLanguage":"fi","@id":"https:\/\/www.elementvape.de\/fr\/produkt\/geek-bar-e600-einweg-vape-600-zuege-400mah\/#primaryimage","url":"https:\/\/www.elementvape.de\/wp-content\/uploads\/2024\/05\/Geek-Bar-E600-Disposable-Vape-600-Puffs-300214.webp","contentUrl":"https:\/\/www.elementvape.de\/wp-content\/uploads\/2024\/05\/Geek-Bar-E600-Disposable-Vape-600-Puffs-300214.webp","width":800,"height":800,"caption":"Geek-Bar-E600-Disposable-Vape-600-Puffs-300214"},{"@type":"BreadcrumbList","@id":"https:\/\/www.elementvape.de\/fr\/produkt\/geek-bar-e600-einweg-vape-600-zuege-400mah\/#breadcrumb","itemListElement":[{"@type":"ListItem","position":1,"name":"Home","item":"https:\/\/www.elementvape.de\/"},{"@type":"ListItem","position":2,"name":"Shop","item":"https:\/\/www.elementvape.de\/shop\/"},{"@type":"ListItem","position":3,"name":"Geek Bar E600 Einweg-Vape 600 Z\u00fcge 400mAh"}]},{"@type":"WebSite","@id":"https:\/\/www.elementvape.de\/#website","url":"https:\/\/www.elementvape.de\/","name":"ElementVape.de","description":"","publisher":{"@id":"https:\/\/www.elementvape.de\/#organization"},"potentialAction":[{"@type":"SearchAction","target":{"@type":"EntryPoint","urlTemplate":"https:\/\/www.elementvape.de\/?s={search_term_string}"},"query-input":"required name=search_term_string"}],"inLanguage":"fi"},{"@type":"Organization","@id":"https:\/\/www.elementvape.de\/#organization","name":"ElementVape.DE","url":"https:\/\/www.elementvape.de\/","logo":{"@type":"ImageObject","inLanguage":"fi","@id":"https:\/\/www.elementvape.de\/#\/schema\/logo\/image\/","url":"https:\/\/www.elementvape.de\/wp-content\/uploads\/2024\/09\/cropped-1elementvape-3.png","contentUrl":"https:\/\/www.elementvape.de\/wp-content\/uploads\/2024\/09\/cropped-1elementvape-3.png","width":285,"height":228,"caption":"ElementVape.DE"},"image":{"@id":"https:\/\/www.elementvape.de\/#\/schema\/logo\/image\/"}}]}},"_links":{"self":[{"href":"https:\/\/www.elementvape.de\/fi\/wp-json\/wp\/v2\/product\/10994"}],"collection":[{"href":"https:\/\/www.elementvape.de\/fi\/wp-json\/wp\/v2\/product"}],"about":[{"href":"https:\/\/www.elementvape.de\/fi\/wp-json\/wp\/v2\/types\/product"}],"wp:featuredmedia":[{"embeddable":true,"href":"https:\/\/www.elementvape.de\/fi\/wp-json\/wp\/v2\/media\/10995"}],"wp:attachment":[{"href":"https:\/\/www.elementvape.de\/fi\/wp-json\/wp\/v2\/media?parent=10994"}],"wp:term":[{"taxonomy":"product_cat","embeddable":true,"href":"https:\/\/www.elementvape.de\/fi\/wp-json\/wp\/v2\/product_cat?post=10994"},{"taxonomy":"product_tag","embeddable":true,"href":"https:\/\/www.elementvape.de\/fi\/wp-json\/wp\/v2\/product_tag?post=10994"}],"curies":[{"name":"wp","href":"https:\/\/api.w.org\/{rel}","templated":true}]}}