{"id":10975,"date":"2024-05-28T08:52:34","date_gmt":"2024-05-28T08:52:34","guid":{"rendered":"https:\/\/www.elementvape.de\/?post_type=product&#038;p=10975"},"modified":"2024-09-12T10:36:44","modified_gmt":"2024-09-12T10:36:44","slug":"geek-bar-x6000-einweg-vape-6000-zuege-630mah","status":"publish","type":"product","link":"https:\/\/www.elementvape.de\/fi\/produkt\/geek-bar-x6000-einweg-vape-6000-zuege-630mah\/","title":{"rendered":"Geek Bar X6000 Kertak\u00e4ytt\u00f6inen Vape 6000 vetoa 630mAh"},"content":{"rendered":"<div class=\"card__header\">\n<h2 class=\"card__title heading h3\">Kuvaus<\/h2>\n<\/div>\n<div class=\"card__section\">\n<div class=\"rte text--pull\">\n<p class=\"gt-block\">Elementvape Online Vape Shop tarjoaa tukkumyynti\u00e4 Geek Bar\u00a0<strong><a title=\"kertak\u00e4ytt\u00f6inen vape\" href=\"https:\/\/www.elementvape.de\/fi\/c\/einweg-zigarette\/\">kertak\u00e4ytt\u00f6inen vape<\/a><\/strong>\u00a0Toimitukset globaalisti. Seuraa meit\u00e4. Hanki Geek bar X6000 -tuotteita parhailla tukkumyyntihinnoilla. GEEK BAR X 6000 on varustettu 630-mAh-akulla ja tarjoaa jopa 6000 vedon k\u00e4ytt\u00f6aikaa, joka kest\u00e4\u00e4 pidemp\u00e4\u00e4n kuin useimmat kertak\u00e4ytt\u00f6iset tuotteet markkinoilla. Edistynyt kela korkealaatuisesta materiaalista tuottaa rikkaan maun yhdess\u00e4 tihe\u00e4n h\u00f6yryn kanssa. Tarjoaa sinulle jatkuvasti sujuvan h\u00f6yrystyskokemuksen.<\/p>\n<p class=\"gt-block\">Parametrit<br \/>\nKoko: 20.8 x 20.8 x 109mm<br \/>\nAkku: 630mAh akku<br \/>\nE-savu: 14 ml esit\u00e4ytetty<br \/>\nVedot: jopa 6000 vedon k\u00e4ytt\u00f6aikaa<br \/>\nNikotiini: 50 mg<br \/>\nMaku: 10<br \/>\nL\u00e4ht\u00f6: Vakio 3.6 V<\/p>\n<p>Tarjoukset<br \/>\n1 x Geek bar X6000 kertak\u00e4ytt\u00f6inen vape 6000 vedon<\/p>\n<\/div>\n<\/div>","protected":false},"excerpt":{"rendered":"<p>Beschreibung Elementvape Online Vape Shop bietet Gro\u00dfhandel an Geek Bar\u00a0Einweg-Vape\u00a0Lieferungen in der Global. begleiten Sie uns. Besorgen Geek bar X6000-Produkte zu den besten Gro\u00dfhandelspreisen. GEEK BAR X 6000 ist mit einem 630-mAh-Akku ausgestattet und bietet Ihnen bis zu 6000 Z\u00fcge, die l\u00e4nger halten als die meisten Einwegartikel auf dem Markt. Die fortschrittliche Spule mit dem [&hellip;]<\/p>","protected":false},"featured_media":10977,"template":"","meta":{"inline_featured_image":false},"product_cat":[78,754,745,742,748,744,755,738,751],"product_tag":[680],"tiered_pricing_type":"fixed","tiered_pricing_fixed_rules":[],"tiered_pricing_percentage_rules":[],"tiered_pricing_minimum":1,"_administrator_tiered_pricing_type":"fixed","_administrator_tiered_pricing_fixed_rules":[],"_editor_tiered_pricing_type":"fixed","_editor_tiered_pricing_fixed_rules":[],"_author_tiered_pricing_type":"fixed","_author_tiered_pricing_fixed_rules":[],"_contributor_tiered_pricing_type":"fixed","_contributor_tiered_pricing_fixed_rules":[],"_subscriber_tiered_pricing_type":"fixed","_subscriber_tiered_pricing_fixed_rules":[],"_customer_tiered_pricing_type":"fixed","_customer_tiered_pricing_fixed_rules":[],"_shop_manager_tiered_pricing_type":"fixed","_shop_manager_tiered_pricing_fixed_rules":[],"_wpseo_manager_tiered_pricing_type":"fixed","_wpseo_manager_tiered_pricing_fixed_rules":[],"_wpseo_editor_tiered_pricing_type":"fixed","_wpseo_editor_tiered_pricing_fixed_rules":[],"_wholesale_customer_tiered_pricing_type":"fixed","_wholesale_customer_tiered_pricing_fixed_rules":[],"_marketer_tiered_pricing_type":"fixed","_marketer_tiered_pricing_fixed_rules":[],"_sales_manager_tiered_pricing_type":"fixed","_sales_manager_tiered_pricing_fixed_rules":[],"_sales_rep_tiered_pricing_type":"fixed","_sales_rep_tiered_pricing_fixed_rules":[],"yoast_head":"<!-- This site is optimized with the Yoast SEO plugin v23.3 - https:\/\/yoast.com\/wordpress\/plugins\/seo\/ -->\n<title>Geek Bar X6000 Einweg-Vape 6000 Z\u00fcge 630mAh | ElementVape.de<\/title>\n<meta name=\"description\" content=\"Wir bieten Geek Bar X6000 Einweg-Vape 6000 Z\u00fcge 630mAh , Elementvape.de akzeptieren Gro\u00df-und Einzelhandel Bestellungen.\" \/>\n<meta name=\"robots\" content=\"index, follow, max-snippet:-1, max-image-preview:large, max-video-preview:-1\" \/>\n<link rel=\"canonical\" href=\"https:\/\/www.elementvape.de\/fi\/produkt\/geek-bar-x6000-einweg-vape-6000-zuege-630mah\/\" \/>\n<meta property=\"og:locale\" content=\"fi_FI\" \/>\n<meta property=\"og:type\" content=\"article\" \/>\n<meta property=\"og:title\" content=\"Geek Bar X6000 Einweg-Vape 6000 Z\u00fcge 630mAh | ElementVape.de\" \/>\n<meta property=\"og:description\" content=\"Wir bieten Geek Bar X6000 Einweg-Vape 6000 Z\u00fcge 630mAh , Elementvape.de akzeptieren Gro\u00df-und Einzelhandel Bestellungen.\" \/>\n<meta property=\"og:url\" content=\"https:\/\/www.elementvape.de\/fi\/produkt\/geek-bar-x6000-einweg-vape-6000-zuege-630mah\/\" \/>\n<meta property=\"og:site_name\" content=\"ElementVape.de\" \/>\n<meta property=\"article:modified_time\" content=\"2024-09-12T10:36:44+00:00\" \/>\n<meta property=\"og:image\" content=\"https:\/\/www.elementvape.de\/wp-content\/uploads\/2024\/05\/Geek-bar-X6000-Disposable-Vape-6000-Puffs-3-774238.webp\" \/>\n\t<meta property=\"og:image:width\" content=\"800\" \/>\n\t<meta property=\"og:image:height\" content=\"800\" \/>\n\t<meta property=\"og:image:type\" content=\"image\/webp\" \/>\n<meta name=\"twitter:card\" content=\"summary_large_image\" \/>\n<meta name=\"twitter:label1\" content=\"Est. reading time\" \/>\n\t<meta name=\"twitter:data1\" content=\"1 minuutti\" \/>\n<script type=\"application\/ld+json\" class=\"yoast-schema-graph\">{\"@context\":\"https:\/\/schema.org\",\"@graph\":[{\"@type\":\"WebPage\",\"@id\":\"https:\/\/www.elementvape.de\/pt\/produkt\/geek-bar-x6000-einweg-vape-6000-zuege-630mah\/\",\"url\":\"https:\/\/www.elementvape.de\/pt\/produkt\/geek-bar-x6000-einweg-vape-6000-zuege-630mah\/\",\"name\":\"Geek Bar X6000 Einweg-Vape 6000 Z\u00fcge 630mAh | ElementVape.de\",\"isPartOf\":{\"@id\":\"https:\/\/www.elementvape.de\/#website\"},\"primaryImageOfPage\":{\"@id\":\"https:\/\/www.elementvape.de\/pt\/produkt\/geek-bar-x6000-einweg-vape-6000-zuege-630mah\/#primaryimage\"},\"image\":{\"@id\":\"https:\/\/www.elementvape.de\/pt\/produkt\/geek-bar-x6000-einweg-vape-6000-zuege-630mah\/#primaryimage\"},\"thumbnailUrl\":\"https:\/\/www.elementvape.de\/wp-content\/uploads\/2024\/05\/Geek-bar-X6000-Disposable-Vape-6000-Puffs-3-774238.webp\",\"datePublished\":\"2024-05-28T08:52:34+00:00\",\"dateModified\":\"2024-09-12T10:36:44+00:00\",\"description\":\"Wir bieten Geek Bar X6000 Einweg-Vape 6000 Z\u00fcge 630mAh , Elementvape.de akzeptieren Gro\u00df-und Einzelhandel Bestellungen.\",\"breadcrumb\":{\"@id\":\"https:\/\/www.elementvape.de\/pt\/produkt\/geek-bar-x6000-einweg-vape-6000-zuege-630mah\/#breadcrumb\"},\"inLanguage\":\"fi\",\"potentialAction\":[{\"@type\":\"ReadAction\",\"target\":[\"https:\/\/www.elementvape.de\/pt\/produkt\/geek-bar-x6000-einweg-vape-6000-zuege-630mah\/\"]}]},{\"@type\":\"ImageObject\",\"inLanguage\":\"fi\",\"@id\":\"https:\/\/www.elementvape.de\/pt\/produkt\/geek-bar-x6000-einweg-vape-6000-zuege-630mah\/#primaryimage\",\"url\":\"https:\/\/www.elementvape.de\/wp-content\/uploads\/2024\/05\/Geek-bar-X6000-Disposable-Vape-6000-Puffs-3-774238.webp\",\"contentUrl\":\"https:\/\/www.elementvape.de\/wp-content\/uploads\/2024\/05\/Geek-bar-X6000-Disposable-Vape-6000-Puffs-3-774238.webp\",\"width\":800,\"height\":800,\"caption\":\"Geek-bar-X6000-Disposable-Vape-6000-Puffs-3-774238\"},{\"@type\":\"BreadcrumbList\",\"@id\":\"https:\/\/www.elementvape.de\/pt\/produkt\/geek-bar-x6000-einweg-vape-6000-zuege-630mah\/#breadcrumb\",\"itemListElement\":[{\"@type\":\"ListItem\",\"position\":1,\"name\":\"Home\",\"item\":\"https:\/\/www.elementvape.de\/\"},{\"@type\":\"ListItem\",\"position\":2,\"name\":\"Shop\",\"item\":\"https:\/\/www.elementvape.de\/shop\/\"},{\"@type\":\"ListItem\",\"position\":3,\"name\":\"Geek Bar X6000 Einweg-Vape 6000 Z\u00fcge 630mAh\"}]},{\"@type\":\"WebSite\",\"@id\":\"https:\/\/www.elementvape.de\/#website\",\"url\":\"https:\/\/www.elementvape.de\/\",\"name\":\"ElementVape.de\",\"description\":\"\",\"publisher\":{\"@id\":\"https:\/\/www.elementvape.de\/#organization\"},\"potentialAction\":[{\"@type\":\"SearchAction\",\"target\":{\"@type\":\"EntryPoint\",\"urlTemplate\":\"https:\/\/www.elementvape.de\/?s={search_term_string}\"},\"query-input\":\"required name=search_term_string\"}],\"inLanguage\":\"fi\"},{\"@type\":\"Organization\",\"@id\":\"https:\/\/www.elementvape.de\/#organization\",\"name\":\"ElementVape.DE\",\"url\":\"https:\/\/www.elementvape.de\/\",\"logo\":{\"@type\":\"ImageObject\",\"inLanguage\":\"fi\",\"@id\":\"https:\/\/www.elementvape.de\/#\/schema\/logo\/image\/\",\"url\":\"https:\/\/www.elementvape.de\/wp-content\/uploads\/2024\/09\/cropped-1elementvape-3.png\",\"contentUrl\":\"https:\/\/www.elementvape.de\/wp-content\/uploads\/2024\/09\/cropped-1elementvape-3.png\",\"width\":285,\"height\":228,\"caption\":\"ElementVape.DE\"},\"image\":{\"@id\":\"https:\/\/www.elementvape.de\/#\/schema\/logo\/image\/\"}}]}<\/script>\n<!-- \/ Yoast SEO plugin. -->","yoast_head_json":{"title":"Geek Bar X6000 Einweg-Vape 6000 Z\u00fcge 630mAh | ElementVape.de","description":"Wir bieten Geek Bar X6000 Einweg-Vape 6000 Z\u00fcge 630mAh , Elementvape.de akzeptieren Gro\u00df-und Einzelhandel Bestellungen.","robots":{"index":"index","follow":"follow","max-snippet":"max-snippet:-1","max-image-preview":"max-image-preview:large","max-video-preview":"max-video-preview:-1"},"canonical":"https:\/\/www.elementvape.de\/fi\/produkt\/geek-bar-x6000-einweg-vape-6000-zuege-630mah\/","og_locale":"fi_FI","og_type":"article","og_title":"Geek Bar X6000 Einweg-Vape 6000 Z\u00fcge 630mAh | ElementVape.de","og_description":"Wir bieten Geek Bar X6000 Einweg-Vape 6000 Z\u00fcge 630mAh , Elementvape.de akzeptieren Gro\u00df-und Einzelhandel Bestellungen.","og_url":"https:\/\/www.elementvape.de\/fi\/produkt\/geek-bar-x6000-einweg-vape-6000-zuege-630mah\/","og_site_name":"ElementVape.de","article_modified_time":"2024-09-12T10:36:44+00:00","og_image":[{"width":800,"height":800,"url":"https:\/\/www.elementvape.de\/wp-content\/uploads\/2024\/05\/Geek-bar-X6000-Disposable-Vape-6000-Puffs-3-774238.webp","type":"image\/webp"}],"twitter_card":"summary_large_image","twitter_misc":{"Est. reading time":"1 minuutti"},"schema":{"@context":"https:\/\/schema.org","@graph":[{"@type":"WebPage","@id":"https:\/\/www.elementvape.de\/pt\/produkt\/geek-bar-x6000-einweg-vape-6000-zuege-630mah\/","url":"https:\/\/www.elementvape.de\/pt\/produkt\/geek-bar-x6000-einweg-vape-6000-zuege-630mah\/","name":"Geek Bar X6000 Einweg-Vape 6000 Z\u00fcge 630mAh | ElementVape.de","isPartOf":{"@id":"https:\/\/www.elementvape.de\/#website"},"primaryImageOfPage":{"@id":"https:\/\/www.elementvape.de\/pt\/produkt\/geek-bar-x6000-einweg-vape-6000-zuege-630mah\/#primaryimage"},"image":{"@id":"https:\/\/www.elementvape.de\/pt\/produkt\/geek-bar-x6000-einweg-vape-6000-zuege-630mah\/#primaryimage"},"thumbnailUrl":"https:\/\/www.elementvape.de\/wp-content\/uploads\/2024\/05\/Geek-bar-X6000-Disposable-Vape-6000-Puffs-3-774238.webp","datePublished":"2024-05-28T08:52:34+00:00","dateModified":"2024-09-12T10:36:44+00:00","description":"Wir bieten Geek Bar X6000 Einweg-Vape 6000 Z\u00fcge 630mAh , Elementvape.de akzeptieren Gro\u00df-und Einzelhandel Bestellungen.","breadcrumb":{"@id":"https:\/\/www.elementvape.de\/pt\/produkt\/geek-bar-x6000-einweg-vape-6000-zuege-630mah\/#breadcrumb"},"inLanguage":"fi","potentialAction":[{"@type":"ReadAction","target":["https:\/\/www.elementvape.de\/pt\/produkt\/geek-bar-x6000-einweg-vape-6000-zuege-630mah\/"]}]},{"@type":"ImageObject","inLanguage":"fi","@id":"https:\/\/www.elementvape.de\/pt\/produkt\/geek-bar-x6000-einweg-vape-6000-zuege-630mah\/#primaryimage","url":"https:\/\/www.elementvape.de\/wp-content\/uploads\/2024\/05\/Geek-bar-X6000-Disposable-Vape-6000-Puffs-3-774238.webp","contentUrl":"https:\/\/www.elementvape.de\/wp-content\/uploads\/2024\/05\/Geek-bar-X6000-Disposable-Vape-6000-Puffs-3-774238.webp","width":800,"height":800,"caption":"Geek-bar-X6000-Disposable-Vape-6000-Puffs-3-774238"},{"@type":"BreadcrumbList","@id":"https:\/\/www.elementvape.de\/pt\/produkt\/geek-bar-x6000-einweg-vape-6000-zuege-630mah\/#breadcrumb","itemListElement":[{"@type":"ListItem","position":1,"name":"Home","item":"https:\/\/www.elementvape.de\/"},{"@type":"ListItem","position":2,"name":"Shop","item":"https:\/\/www.elementvape.de\/shop\/"},{"@type":"ListItem","position":3,"name":"Geek Bar X6000 Einweg-Vape 6000 Z\u00fcge 630mAh"}]},{"@type":"WebSite","@id":"https:\/\/www.elementvape.de\/#website","url":"https:\/\/www.elementvape.de\/","name":"ElementVape.de","description":"","publisher":{"@id":"https:\/\/www.elementvape.de\/#organization"},"potentialAction":[{"@type":"SearchAction","target":{"@type":"EntryPoint","urlTemplate":"https:\/\/www.elementvape.de\/?s={search_term_string}"},"query-input":"required name=search_term_string"}],"inLanguage":"fi"},{"@type":"Organization","@id":"https:\/\/www.elementvape.de\/#organization","name":"ElementVape.DE","url":"https:\/\/www.elementvape.de\/","logo":{"@type":"ImageObject","inLanguage":"fi","@id":"https:\/\/www.elementvape.de\/#\/schema\/logo\/image\/","url":"https:\/\/www.elementvape.de\/wp-content\/uploads\/2024\/09\/cropped-1elementvape-3.png","contentUrl":"https:\/\/www.elementvape.de\/wp-content\/uploads\/2024\/09\/cropped-1elementvape-3.png","width":285,"height":228,"caption":"ElementVape.DE"},"image":{"@id":"https:\/\/www.elementvape.de\/#\/schema\/logo\/image\/"}}]}},"_links":{"self":[{"href":"https:\/\/www.elementvape.de\/fi\/wp-json\/wp\/v2\/product\/10975"}],"collection":[{"href":"https:\/\/www.elementvape.de\/fi\/wp-json\/wp\/v2\/product"}],"about":[{"href":"https:\/\/www.elementvape.de\/fi\/wp-json\/wp\/v2\/types\/product"}],"wp:featuredmedia":[{"embeddable":true,"href":"https:\/\/www.elementvape.de\/fi\/wp-json\/wp\/v2\/media\/10977"}],"wp:attachment":[{"href":"https:\/\/www.elementvape.de\/fi\/wp-json\/wp\/v2\/media?parent=10975"}],"wp:term":[{"taxonomy":"product_cat","embeddable":true,"href":"https:\/\/www.elementvape.de\/fi\/wp-json\/wp\/v2\/product_cat?post=10975"},{"taxonomy":"product_tag","embeddable":true,"href":"https:\/\/www.elementvape.de\/fi\/wp-json\/wp\/v2\/product_tag?post=10975"}],"curies":[{"name":"wp","href":"https:\/\/api.w.org\/{rel}","templated":true}]}}