{"id":10807,"date":"2024-05-27T06:54:48","date_gmt":"2024-05-27T06:54:48","guid":{"rendered":"https:\/\/www.elementvape.de\/?post_type=product&#038;p=10807"},"modified":"2024-09-12T10:31:37","modified_gmt":"2024-09-12T10:31:37","slug":"elf-bar-airo-max-einweg-vape-5000-zuege","status":"publish","type":"product","link":"https:\/\/www.elementvape.de\/fi\/produkt\/elf-bar-airo-max-einweg-vape-5000-zuege\/","title":{"rendered":"Elf Bar Airo Max kertak\u00e4ytt\u00f6inen Vape 5000 vetoa"},"content":{"rendered":"<div class=\"card__header\">\n<h2 class=\"card__title heading h3\"><span>Kuvaus<\/span><\/h2>\n<\/div>\n<div class=\"card__section\">\n<div class=\"rte text--pull\"><span>Elf Bar Airo Max kertak\u00e4ytt\u00f6inen h\u00f6yrystin tarjoaa 5 % (50 mg) nikotiinisalmi-nikotiinia, joka riitt\u00e4\u00e4 5000 vetoon. Lis\u00e4ksi siin\u00e4 on mesh-kela ja vet\u00e4m\u00e4ll\u00e4 aktivoitu sytytysmekanismi, joka saa virtansa USB-C-latausliit\u00e4nn\u00e4st\u00e4. Nauti pehmeist\u00e4, k\u00e4tev\u00e4st\u00e4 ja kest\u00e4vist\u00e4 kertak\u00e4ytt\u00f6isist\u00e4 h\u00f6yrystimist\u00e4.<\/span><\/p>\n<p><span>Parametrit:<\/span><br \/>\n<span>Vetojen m\u00e4\u00e4r\u00e4: 5000<\/span><br \/>\n<span>Nikotiini: 5 % (50 mg)<\/span><br \/>\n<span>Nikotiinityyppi: Nic-salmi<\/span><br \/>\n<span>Lataus: USB-C<\/span><br \/>\n<span>Kelat resistanssi: Mesh-kela<\/span><\/p>\n<p><span>Aromit:<\/span><br \/>\n\u2022 Banaani Ananas<br \/>\n\u2022 Marjainen R\u00e4j\u00e4hdys<br \/>\n\u2022 Sininen Sitruuna<br \/>\n\u2022 Sininen Razz J\u00e4\u00e4<br \/>\n\u2022 Kirsikka Sitruuna<br \/>\n\u2022 Viile\u00e4 Minttu<br \/>\n\u2022 Karpaloviini Viini<br \/>\nFlorida Crush<br \/>\n\u2022 Viiniryp\u00e4le J\u00e4\u00e4<br \/>\n\u2022 Guava J\u00e4\u00e4<br \/>\n\u2022 Guava Kiwipassion<br \/>\n\u2022 Sitruuna Lime J\u00e4\u00e4<br \/>\n\u2022 Mango Ananas<br \/>\n\u2022 Persikka J\u00e4\u00e4<br \/>\n\u2022 Persikka Mango Vesimeloni<br \/>\n\u2022 Ananas Limonadi<br \/>\nPink Lemon<br \/>\n\u2022 Vadelma Persikka Limonadi<br \/>\n\u2022 Sakura Viiniryp\u00e4le<br \/>\n\u2022 Skit J\u00e4\u00e4<br \/>\n\u2022 Mansikka Kiwij\u00e4\u00e4<br \/>\n\u2022 Vesimeloni J\u00e4\u00e4<br \/>\n\u2022 Vesimeloni Kiwij\u00e4\u00e4<br \/>\n\u2022 Yummy Bear J\u00e4\u00e4<\/p>\n<p><span>Pakkolista:<\/span><br \/>\n<span>1 x Elf Bar Airo Max kertak\u00e4ytt\u00f6inen h\u00f6yrystin, 5000 puffs<\/span><\/div>\n<\/div>","protected":false},"excerpt":{"rendered":"<p>Beschreibung Der Elf Bar Airo Max Disposable Vape bietet mit seinem 5 % (50 mg) Nikotinsalz-Nikotin die Befriedigung von 5000 Z\u00fcgen. Dar\u00fcber hinaus verf\u00fcgt er \u00fcber eine Mesh-Spule und einen durch Ziehen aktivierten Z\u00fcndmechanismus, der \u00fcber einen USB-C-Ladeanschluss mit Strom versorgt wird. Genie\u00dfen Sie sanfte, praktische und langlebige Einweg-Vaporizer. Parameter: Z\u00fcge: 5000 Nikotin: 5 % [&hellip;]<\/p>","protected":false},"featured_media":10808,"template":"","meta":{"inline_featured_image":false},"product_cat":[78,750,737,736,749],"product_tag":[678],"tiered_pricing_type":"fixed","tiered_pricing_fixed_rules":[],"tiered_pricing_percentage_rules":[],"tiered_pricing_minimum":1,"_administrator_tiered_pricing_type":"fixed","_administrator_tiered_pricing_fixed_rules":[],"_editor_tiered_pricing_type":"fixed","_editor_tiered_pricing_fixed_rules":[],"_author_tiered_pricing_type":"fixed","_author_tiered_pricing_fixed_rules":[],"_contributor_tiered_pricing_type":"fixed","_contributor_tiered_pricing_fixed_rules":[],"_subscriber_tiered_pricing_type":"fixed","_subscriber_tiered_pricing_fixed_rules":[],"_customer_tiered_pricing_type":"fixed","_customer_tiered_pricing_fixed_rules":[],"_shop_manager_tiered_pricing_type":"fixed","_shop_manager_tiered_pricing_fixed_rules":[],"_wpseo_manager_tiered_pricing_type":"fixed","_wpseo_manager_tiered_pricing_fixed_rules":[],"_wpseo_editor_tiered_pricing_type":"fixed","_wpseo_editor_tiered_pricing_fixed_rules":[],"_wholesale_customer_tiered_pricing_type":"fixed","_wholesale_customer_tiered_pricing_fixed_rules":[],"_marketer_tiered_pricing_type":"fixed","_marketer_tiered_pricing_fixed_rules":[],"_sales_manager_tiered_pricing_type":"fixed","_sales_manager_tiered_pricing_fixed_rules":[],"_sales_rep_tiered_pricing_type":"fixed","_sales_rep_tiered_pricing_fixed_rules":[],"yoast_head":"<!-- This site is optimized with the Yoast SEO plugin v23.3 - https:\/\/yoast.com\/wordpress\/plugins\/seo\/ -->\n<title>Elf Bar Airo Max Einweg-Vape 5000 Z\u00fcge | ElementVape.de<\/title>\n<meta name=\"description\" content=\"Wir bieten Elf Bar Airo Max Einweg-Vape 5000 Z\u00fcge , Elementvape.de akzeptieren Gro\u00df-und Einzelhandel Bestellungen.\" \/>\n<meta name=\"robots\" content=\"index, follow, max-snippet:-1, max-image-preview:large, max-video-preview:-1\" \/>\n<link rel=\"canonical\" href=\"https:\/\/www.elementvape.de\/fi\/produkt\/elf-bar-airo-max-einweg-vape-5000-zuege\/\" \/>\n<meta property=\"og:locale\" content=\"fi_FI\" \/>\n<meta property=\"og:type\" content=\"article\" \/>\n<meta property=\"og:title\" content=\"Elf Bar Airo Max Einweg-Vape 5000 Z\u00fcge | ElementVape.de\" \/>\n<meta property=\"og:description\" content=\"Wir bieten Elf Bar Airo Max Einweg-Vape 5000 Z\u00fcge , Elementvape.de akzeptieren Gro\u00df-und Einzelhandel Bestellungen.\" \/>\n<meta property=\"og:url\" content=\"https:\/\/www.elementvape.de\/fi\/produkt\/elf-bar-airo-max-einweg-vape-5000-zuege\/\" \/>\n<meta property=\"og:site_name\" content=\"ElementVape.de\" \/>\n<meta property=\"article:modified_time\" content=\"2024-09-12T10:31:37+00:00\" \/>\n<meta property=\"og:image\" content=\"https:\/\/www.elementvape.de\/wp-content\/uploads\/2024\/05\/Elf-Bar-Airo-Max-Disposable-Vape-5000-puffs-9.jpg\" \/>\n\t<meta property=\"og:image:width\" content=\"800\" \/>\n\t<meta property=\"og:image:height\" content=\"800\" \/>\n\t<meta property=\"og:image:type\" content=\"image\/jpeg\" \/>\n<meta name=\"twitter:card\" content=\"summary_large_image\" \/>\n<meta name=\"twitter:label1\" content=\"Est. reading time\" \/>\n\t<meta name=\"twitter:data1\" content=\"2 minuuttia\" \/>\n<script type=\"application\/ld+json\" class=\"yoast-schema-graph\">{\"@context\":\"https:\/\/schema.org\",\"@graph\":[{\"@type\":\"WebPage\",\"@id\":\"https:\/\/www.elementvape.de\/produkt\/elf-bar-airo-max-einweg-vape-5000-zuege\/\",\"url\":\"https:\/\/www.elementvape.de\/produkt\/elf-bar-airo-max-einweg-vape-5000-zuege\/\",\"name\":\"Elf Bar Airo Max Einweg-Vape 5000 Z\u00fcge | ElementVape.de\",\"isPartOf\":{\"@id\":\"https:\/\/www.elementvape.de\/#website\"},\"primaryImageOfPage\":{\"@id\":\"https:\/\/www.elementvape.de\/produkt\/elf-bar-airo-max-einweg-vape-5000-zuege\/#primaryimage\"},\"image\":{\"@id\":\"https:\/\/www.elementvape.de\/produkt\/elf-bar-airo-max-einweg-vape-5000-zuege\/#primaryimage\"},\"thumbnailUrl\":\"https:\/\/www.elementvape.de\/wp-content\/uploads\/2024\/05\/Elf-Bar-Airo-Max-Disposable-Vape-5000-puffs-9.jpg\",\"datePublished\":\"2024-05-27T06:54:48+00:00\",\"dateModified\":\"2024-09-12T10:31:37+00:00\",\"description\":\"Wir bieten Elf Bar Airo Max Einweg-Vape 5000 Z\u00fcge , Elementvape.de akzeptieren Gro\u00df-und Einzelhandel Bestellungen.\",\"breadcrumb\":{\"@id\":\"https:\/\/www.elementvape.de\/produkt\/elf-bar-airo-max-einweg-vape-5000-zuege\/#breadcrumb\"},\"inLanguage\":\"fi\",\"potentialAction\":[{\"@type\":\"ReadAction\",\"target\":[\"https:\/\/www.elementvape.de\/produkt\/elf-bar-airo-max-einweg-vape-5000-zuege\/\"]}]},{\"@type\":\"ImageObject\",\"inLanguage\":\"fi\",\"@id\":\"https:\/\/www.elementvape.de\/produkt\/elf-bar-airo-max-einweg-vape-5000-zuege\/#primaryimage\",\"url\":\"https:\/\/www.elementvape.de\/wp-content\/uploads\/2024\/05\/Elf-Bar-Airo-Max-Disposable-Vape-5000-puffs-9.jpg\",\"contentUrl\":\"https:\/\/www.elementvape.de\/wp-content\/uploads\/2024\/05\/Elf-Bar-Airo-Max-Disposable-Vape-5000-puffs-9.jpg\",\"width\":800,\"height\":800,\"caption\":\"Elf-Bar-Airo-Max-Disposable-Vape-5000-puffs-9\"},{\"@type\":\"BreadcrumbList\",\"@id\":\"https:\/\/www.elementvape.de\/produkt\/elf-bar-airo-max-einweg-vape-5000-zuege\/#breadcrumb\",\"itemListElement\":[{\"@type\":\"ListItem\",\"position\":1,\"name\":\"Home\",\"item\":\"https:\/\/www.elementvape.de\/\"},{\"@type\":\"ListItem\",\"position\":2,\"name\":\"Shop\",\"item\":\"https:\/\/www.elementvape.de\/shop\/\"},{\"@type\":\"ListItem\",\"position\":3,\"name\":\"Elf Bar Airo Max Einweg-Vape 5000 Z\u00fcge\"}]},{\"@type\":\"WebSite\",\"@id\":\"https:\/\/www.elementvape.de\/#website\",\"url\":\"https:\/\/www.elementvape.de\/\",\"name\":\"ElementVape.de\",\"description\":\"\",\"publisher\":{\"@id\":\"https:\/\/www.elementvape.de\/#organization\"},\"potentialAction\":[{\"@type\":\"SearchAction\",\"target\":{\"@type\":\"EntryPoint\",\"urlTemplate\":\"https:\/\/www.elementvape.de\/?s={search_term_string}\"},\"query-input\":\"required name=search_term_string\"}],\"inLanguage\":\"fi\"},{\"@type\":\"Organization\",\"@id\":\"https:\/\/www.elementvape.de\/#organization\",\"name\":\"ElementVape.DE\",\"url\":\"https:\/\/www.elementvape.de\/\",\"logo\":{\"@type\":\"ImageObject\",\"inLanguage\":\"fi\",\"@id\":\"https:\/\/www.elementvape.de\/#\/schema\/logo\/image\/\",\"url\":\"https:\/\/www.elementvape.de\/wp-content\/uploads\/2024\/09\/cropped-1elementvape-3.png\",\"contentUrl\":\"https:\/\/www.elementvape.de\/wp-content\/uploads\/2024\/09\/cropped-1elementvape-3.png\",\"width\":285,\"height\":228,\"caption\":\"ElementVape.DE\"},\"image\":{\"@id\":\"https:\/\/www.elementvape.de\/#\/schema\/logo\/image\/\"}}]}<\/script>\n<!-- \/ Yoast SEO plugin. -->","yoast_head_json":{"title":"Elf Bar Airo Max Einweg-Vape 5000 Z\u00fcge | ElementVape.de","description":"Wir bieten Elf Bar Airo Max Einweg-Vape 5000 Z\u00fcge , Elementvape.de akzeptieren Gro\u00df-und Einzelhandel Bestellungen.","robots":{"index":"index","follow":"follow","max-snippet":"max-snippet:-1","max-image-preview":"max-image-preview:large","max-video-preview":"max-video-preview:-1"},"canonical":"https:\/\/www.elementvape.de\/fi\/produkt\/elf-bar-airo-max-einweg-vape-5000-zuege\/","og_locale":"fi_FI","og_type":"article","og_title":"Elf Bar Airo Max Einweg-Vape 5000 Z\u00fcge | ElementVape.de","og_description":"Wir bieten Elf Bar Airo Max Einweg-Vape 5000 Z\u00fcge , Elementvape.de akzeptieren Gro\u00df-und Einzelhandel Bestellungen.","og_url":"https:\/\/www.elementvape.de\/fi\/produkt\/elf-bar-airo-max-einweg-vape-5000-zuege\/","og_site_name":"ElementVape.de","article_modified_time":"2024-09-12T10:31:37+00:00","og_image":[{"width":800,"height":800,"url":"https:\/\/www.elementvape.de\/wp-content\/uploads\/2024\/05\/Elf-Bar-Airo-Max-Disposable-Vape-5000-puffs-9.jpg","type":"image\/jpeg"}],"twitter_card":"summary_large_image","twitter_misc":{"Est. reading time":"2 minuuttia"},"schema":{"@context":"https:\/\/schema.org","@graph":[{"@type":"WebPage","@id":"https:\/\/www.elementvape.de\/produkt\/elf-bar-airo-max-einweg-vape-5000-zuege\/","url":"https:\/\/www.elementvape.de\/produkt\/elf-bar-airo-max-einweg-vape-5000-zuege\/","name":"Elf Bar Airo Max Einweg-Vape 5000 Z\u00fcge | ElementVape.de","isPartOf":{"@id":"https:\/\/www.elementvape.de\/#website"},"primaryImageOfPage":{"@id":"https:\/\/www.elementvape.de\/produkt\/elf-bar-airo-max-einweg-vape-5000-zuege\/#primaryimage"},"image":{"@id":"https:\/\/www.elementvape.de\/produkt\/elf-bar-airo-max-einweg-vape-5000-zuege\/#primaryimage"},"thumbnailUrl":"https:\/\/www.elementvape.de\/wp-content\/uploads\/2024\/05\/Elf-Bar-Airo-Max-Disposable-Vape-5000-puffs-9.jpg","datePublished":"2024-05-27T06:54:48+00:00","dateModified":"2024-09-12T10:31:37+00:00","description":"Wir bieten Elf Bar Airo Max Einweg-Vape 5000 Z\u00fcge , Elementvape.de akzeptieren Gro\u00df-und Einzelhandel Bestellungen.","breadcrumb":{"@id":"https:\/\/www.elementvape.de\/produkt\/elf-bar-airo-max-einweg-vape-5000-zuege\/#breadcrumb"},"inLanguage":"fi","potentialAction":[{"@type":"ReadAction","target":["https:\/\/www.elementvape.de\/produkt\/elf-bar-airo-max-einweg-vape-5000-zuege\/"]}]},{"@type":"ImageObject","inLanguage":"fi","@id":"https:\/\/www.elementvape.de\/produkt\/elf-bar-airo-max-einweg-vape-5000-zuege\/#primaryimage","url":"https:\/\/www.elementvape.de\/wp-content\/uploads\/2024\/05\/Elf-Bar-Airo-Max-Disposable-Vape-5000-puffs-9.jpg","contentUrl":"https:\/\/www.elementvape.de\/wp-content\/uploads\/2024\/05\/Elf-Bar-Airo-Max-Disposable-Vape-5000-puffs-9.jpg","width":800,"height":800,"caption":"Elf-Bar-Airo-Max-Disposable-Vape-5000-puffs-9"},{"@type":"BreadcrumbList","@id":"https:\/\/www.elementvape.de\/produkt\/elf-bar-airo-max-einweg-vape-5000-zuege\/#breadcrumb","itemListElement":[{"@type":"ListItem","position":1,"name":"Home","item":"https:\/\/www.elementvape.de\/"},{"@type":"ListItem","position":2,"name":"Shop","item":"https:\/\/www.elementvape.de\/shop\/"},{"@type":"ListItem","position":3,"name":"Elf Bar Airo Max Einweg-Vape 5000 Z\u00fcge"}]},{"@type":"WebSite","@id":"https:\/\/www.elementvape.de\/#website","url":"https:\/\/www.elementvape.de\/","name":"ElementVape.de","description":"","publisher":{"@id":"https:\/\/www.elementvape.de\/#organization"},"potentialAction":[{"@type":"SearchAction","target":{"@type":"EntryPoint","urlTemplate":"https:\/\/www.elementvape.de\/?s={search_term_string}"},"query-input":"required name=search_term_string"}],"inLanguage":"fi"},{"@type":"Organization","@id":"https:\/\/www.elementvape.de\/#organization","name":"ElementVape.DE","url":"https:\/\/www.elementvape.de\/","logo":{"@type":"ImageObject","inLanguage":"fi","@id":"https:\/\/www.elementvape.de\/#\/schema\/logo\/image\/","url":"https:\/\/www.elementvape.de\/wp-content\/uploads\/2024\/09\/cropped-1elementvape-3.png","contentUrl":"https:\/\/www.elementvape.de\/wp-content\/uploads\/2024\/09\/cropped-1elementvape-3.png","width":285,"height":228,"caption":"ElementVape.DE"},"image":{"@id":"https:\/\/www.elementvape.de\/#\/schema\/logo\/image\/"}}]}},"_links":{"self":[{"href":"https:\/\/www.elementvape.de\/fi\/wp-json\/wp\/v2\/product\/10807"}],"collection":[{"href":"https:\/\/www.elementvape.de\/fi\/wp-json\/wp\/v2\/product"}],"about":[{"href":"https:\/\/www.elementvape.de\/fi\/wp-json\/wp\/v2\/types\/product"}],"wp:featuredmedia":[{"embeddable":true,"href":"https:\/\/www.elementvape.de\/fi\/wp-json\/wp\/v2\/media\/10808"}],"wp:attachment":[{"href":"https:\/\/www.elementvape.de\/fi\/wp-json\/wp\/v2\/media?parent=10807"}],"wp:term":[{"taxonomy":"product_cat","embeddable":true,"href":"https:\/\/www.elementvape.de\/fi\/wp-json\/wp\/v2\/product_cat?post=10807"},{"taxonomy":"product_tag","embeddable":true,"href":"https:\/\/www.elementvape.de\/fi\/wp-json\/wp\/v2\/product_tag?post=10807"}],"curies":[{"name":"wp","href":"https:\/\/api.w.org\/{rel}","templated":true}]}}