{"id":10632,"date":"2024-05-25T08:44:43","date_gmt":"2024-05-25T08:44:43","guid":{"rendered":"https:\/\/www.elementvape.de\/?post_type=product&#038;p=10632"},"modified":"2024-09-12T10:31:42","modified_gmt":"2024-09-12T10:31:42","slug":"elf-bar-bc5000-einweg-vape-650mah-5000-zuege","status":"publish","type":"product","link":"https:\/\/www.elementvape.de\/fi\/produkt\/elf-bar-bc5000-einweg-vape-650mah-5000-zuege\/","title":{"rendered":"ELF BAR BC5000 kertak\u00e4ytt\u00f6inen vape 650mAh, 5000 hengenvedolla"},"content":{"rendered":"<h2>Johdanto:<\/h2>\n<p>Vaikka sen eritt\u00e4in kompakti koko helpottaa kuljetusta, Elf Bar BC5000:ssa on h\u00e4mm\u00e4stytt\u00e4v\u00e4 13 ml e-voidetta, mik\u00e4 on yli nelinkertainen tavallisen kertak\u00e4ytt\u00f6isen e-veden kapasiteettiin verrattuna. Siin\u00e4 on my\u00f6s vaikuttava 650-mAh akku, joka kest\u00e4\u00e4 jopa 5000 t\u00e4ytt\u00e4 latausta.<\/p>\n<p>BC5000 tarjoaa edistyksellisen kaksoiskammio-l\u00e4mmitysj\u00e4rjestelm\u00e4n ja tiukan MTL-inhalaation, joka j\u00e4ljittelee tupakointikokemusta tarkasti, uskomattoman tasaisen makukokemuksen. Yli 45 herkullista makuvaihtoehtoa nikotiinipitoisuuksilla 5 %, 3 % ja 0 % t\u00e4ytt\u00e4v\u00e4t todellakin kaikki s\u00e4hk\u00f6tupakan mieltymykset, hedelmist\u00e4 j\u00e4lkiruokiin, mentoliin, makeisiin ja muuhun.<\/p>\n<h3>Korostetut ominaisuudet:<\/h3>\n<p>Koko: 79 mm x 41 mm x 19 mm<br \/>\nE-veden kapasiteetti: 13 ml<br \/>\nNikotiinipitoisuus: 50 mg (5 %)<br \/>\nAkkukapasiteetti: 650 mAh<br \/>\nHengitykset: 5000 hengityst\u00e4<\/p>\n<p>Mansikka-Pina-Colada \u2013 ylellinen trooppinen cocktail<br \/>\nT\u00e4m\u00e4 smoothie-tyylinen maku on t\u00e4ydellinen tasapaino makean, kyps\u00e4n mansikkamaun ja silkkisen ananas- ja kookosmakuin v\u00e4lill\u00e4 hengitt\u00e4ess\u00e4 ja uloshengitt\u00e4ess\u00e4. Makea mansikkateema johtaa, kun taas trooppiset ananas- ja kookoshedelm\u00e4t muodostavat herkullisen kermaisen taustan. T\u00e4m\u00e4 tarjoaa hemmottelevaa, hedelm\u00e4ist\u00e4 cocktail-huulihalkoel\u00e4myst\u00e4. Mansikkamaistiainen on raikas ja mehukas, kun taas kookosmaku luo ylellisen tunteen.<\/p>\n<p>Elf Bar BC5000 Mansikka-Pina-Colada<br \/>\nPersikka-Mango \u2013 makea trooppinen maku<br \/>\nT\u00e4m\u00e4 mehumainen sekoitus on t\u00e4ynn\u00e4 mehukkaita persikoita ja eloisia, kypsi\u00e4 mangoja ja on t\u00e4ydellisesti upotettu tuoreisiin, aitoihin trooppisiin makuihin. Persikka ja mango sekoittuvat harmonisesti viimeistellen hedelm\u00e4isen nautinnon. Kohtalainen viileys vahvistaa ja yhten\u00e4ist\u00e4\u00e4 hedelm\u00e4isi\u00e4 makuja ilman, ett\u00e4 ne peittyv\u00e4t. Kaiken kaikkiaan t\u00e4m\u00e4 on uskomattoman mehukas, makea ja virkist\u00e4v\u00e4 p\u00e4ivitt\u00e4inen vape. Mango ja persikka ovat t\u00e4ydellisesti tasapainossa luoden ihanteellisen hedelm\u00e4isen harmonian.<\/p>\n<p>Elf Bar BC5000 Persikka Mango<br \/>\nVesimeloni Cantaloupe Honeydew \u2013 virkist\u00e4v\u00e4 meloni-kompotti<br \/>\nT\u00e4m\u00e4 meloni-kompotti muistuttaa t\u00e4ydellisesti virkist\u00e4v\u00e4\u00e4 mehumaisua, jossa on monikerroksisia melonin makuja. Makeat, karvaat ja hieman hapan hunajameloni-, cantaloupe- ja vesimelonin maut sekoittuvat mielenkiintoiseksi melonin makuprofiiliksi. Minimaalinen viileys antaa jokaisen melonin vivahteen tulla t\u00e4ysin esiin. Mielenkiintoinen ja syv\u00e4sti tyydytt\u00e4v\u00e4 hedelm\u00e4sekoitus. Raikkaan melonin olemus vangitaan jokaisella siemauksella.<\/p>\n<p>Elf Bar BC5000 Vesimeloni Cantaloupe Honeydew<br \/>\nAnanas-Kookos-J\u00e4\u00e4tel\u00f6 \u2013 Trooppinen saari-loma<br \/>\nMakea ananas ja hapan kookos sekoittuvat t\u00e4ydellisesti tuomaan sinulle v\u00e4litt\u00f6m\u00e4sti trooppisen loma-tunteen. Intensiivinen viileys muodostaa t\u00e4ydellisen kontrastin hedelm\u00e4lle ja luo tasapainoisen lopputuloksen. T\u00e4m\u00e4 maku on virkist\u00e4v\u00e4 ja koukuttava. Todellinen trooppinen cocktail h\u00f6yryn muodossa. Kookos t\u00e4ydent\u00e4\u00e4 ananaksen makua t\u00e4ydellisesti.<\/p>\n<p>Elf Bar BC5000 Ananas-Kookos-J\u00e4\u00e4tel\u00f6<br \/>\nMansikkakreemi \u2013 elegantti marjainen j\u00e4lkiruoka<br \/>\nT\u00e4m\u00e4 klassinen makuinen s\u00e4hk\u00f6inen tupakka sekoittaa t\u00e4ydellisesti makeat, kyps\u00e4t ja mehukkaat mansikat rikkaan ja pehme\u00e4n kerman kanssa tarjoten lempe\u00e4n, luonnollisemman mansikka- ja kermakokemuksen. Mansikkamaistiainen on runsas ja kerma pehme\u00e4\u00e4. Uloshengitt\u00e4ess\u00e4 tuntuu hienovarainen viileys, joka vahvistaa mansikan aromia. T\u00e4m\u00e4 on miellytt\u00e4v\u00e4 ja aito marjainen j\u00e4lkiruoka-s\u00e4hk\u00f6tupakka. Molemmat maut ovat eritt\u00e4in luonnollisia ja tasapainossa.<\/p>\n<p>Elf Bar BC5000 Mansikkakreemi<br \/>\nLis\u00e4\u00e4 erityisi\u00e4 makuja<br \/>\nVaikka yll\u00e4 mainitut ovat henkil\u00f6kohtaisia suosikkejani, n\u00e4m\u00e4 lis\u00e4makuvalinnat Elf Bar BC5000:sta osoittautuivat my\u00f6s eritt\u00e4in miellytt\u00e4viksi ja huomionarvoisiksi:<\/p>\n<p>Kiwi-Passion-Guava \u2013 miellytt\u00e4v\u00e4 kolmikko kirpeit\u00e4 trooppisia hedelmi\u00e4, jossa kiwi hengitt\u00e4ess\u00e4 ja guava uloshengitt\u00e4ess\u00e4. Eritt\u00e4in ainutlaatuinen maku.<\/p>\n<p>Persikkaj\u00e4\u00e4tel\u00f6 \u2013 makeat, mehukkaat persikat yhdistettyn\u00e4 raikkaaseen mentholiin virkist\u00e4v\u00e4\u00e4n makuun. Menthol tekee mehukkaasta persikkamausta viel\u00e4 intensiivisemm\u00e4n.<\/p>\n<p>Vesimeloni-j\u00e4\u00e4tel\u00f6 \u2013 makea maku kes\u00e4n vesimelonista ja ripaus viileytt\u00e4. Ikoninen yhdistelm\u00e4 on t\u00e4ydellinen.<\/p>\n<p>Meloni-Ananas-Appelsiini \u2013 Loistava hedelm\u00e4sekoitus, jossa meloni on p\u00e4\u00e4ominaisuus. Meloni tuo makeutta, kun taas ananas ja appelsiini ovat koristeita.<\/p>\n<p>Strawzz \u2013 Pirte\u00e4, karkkimainen mansikkasooda-juoma. Jos pid\u00e4t makeasta mansikkamauusta, t\u00e4m\u00e4 juoma tekee sinut onnelliseksi.<\/p>\n<p>Lopullinen testiarvio<\/p>\n<h3>Edut:<\/h3>\n<p>Erityisen suuri E-liquidi-kapasiteetti pidemp\u00e4\u00e4 k\u00e4ytt\u00f6ik\u00e4\u00e4 varten<br \/>\nUudelleenladattava akku kest\u00e4\u00e4 luotettavasti 5 000 k\u00e4ytt\u00f6kertaa<br \/>\nKehittynyt l\u00e4mmitysteknologia t\u00e4ytel\u00e4iseen ja tasalaatuiseen makukonsentraatioon<br \/>\nHengityksen aktivointi ilman komplikaatioita<br \/>\nYli 45 makuvaihtoehtoa eri nikotiinipitoisuuksilla loputtomiin variaatioihin<br \/>\nTiukat, tarkat, savukkeen kaltaiset vedot<\/p>\n<h3>Haitat:<\/h3>\n<p>1 tunnin latausaika on pidempi kuin ihanteellinen<\/p>\n<p>Yhteenveto: Suuren E-liquidi-kapasiteetin, tyydytt\u00e4v\u00e4n suorituskyvyn ja runsaan makuvalikoiman ansiosta Elf Bar BC5000 ansaitsee ehdottomasti suositukseni nykyisen kertak\u00e4ytt\u00f6isten s\u00e4hk\u00f6tupakoiden huipputeoksena. Se tarjoaa vaivattomimman ja maukkaimman kertak\u00e4ytt\u00f6isen s\u00e4hk\u00f6tupakan kokemuksen, jonka olen koskaan kokenut.<\/p>\n<p>Vaikka henkil\u00f6kohtaiset makumieltymykset vaihtelevat, kokemukseni mukaan BC5000:n maku, joka sis\u00e4lt\u00e4\u00e4 trooppisten hedelmien sekoituksen, on erityisen herkullinen. Sopii h\u00f6yrystimille, jotka arvostavat vaivattomuutta<\/p>","protected":false},"excerpt":{"rendered":"<p>Einf\u00fchrung\uff1a Trotz seiner extrem kompakten Gr\u00f6\u00dfe f\u00fcr einfachen Transport hat der Elf Bar BC5000 eine erstaunliche Kapazit\u00e4t von 13 ml E-Liquid, was mehr als viermal mehr ist als die Kapazit\u00e4t von gew\u00f6hnlichem Einweg-E-Liquid. Er hat au\u00dferdem einen beeindruckenden 650-mAh-Akku, der bis zu 5000 Mal pro voller Ladung h\u00e4lt. Der BC5000 bietet mit seinem fortschrittlichen Doppelspulen-Heizsystem [&hellip;]<\/p>","protected":false},"featured_media":10654,"template":"","meta":{"inline_featured_image":false},"product_cat":[78,750,737,736,749],"product_tag":[678],"tiered_pricing_type":"fixed","tiered_pricing_fixed_rules":[],"tiered_pricing_percentage_rules":[],"tiered_pricing_minimum":1,"_administrator_tiered_pricing_type":"fixed","_administrator_tiered_pricing_fixed_rules":[],"_editor_tiered_pricing_type":"fixed","_editor_tiered_pricing_fixed_rules":[],"_author_tiered_pricing_type":"fixed","_author_tiered_pricing_fixed_rules":[],"_contributor_tiered_pricing_type":"fixed","_contributor_tiered_pricing_fixed_rules":[],"_subscriber_tiered_pricing_type":"fixed","_subscriber_tiered_pricing_fixed_rules":[],"_customer_tiered_pricing_type":"fixed","_customer_tiered_pricing_fixed_rules":[],"_shop_manager_tiered_pricing_type":"fixed","_shop_manager_tiered_pricing_fixed_rules":[],"_wpseo_manager_tiered_pricing_type":"fixed","_wpseo_manager_tiered_pricing_fixed_rules":[],"_wpseo_editor_tiered_pricing_type":"fixed","_wpseo_editor_tiered_pricing_fixed_rules":[],"_wholesale_customer_tiered_pricing_type":"fixed","_wholesale_customer_tiered_pricing_fixed_rules":[],"_marketer_tiered_pricing_type":"fixed","_marketer_tiered_pricing_fixed_rules":[],"_sales_manager_tiered_pricing_type":"fixed","_sales_manager_tiered_pricing_fixed_rules":[],"_sales_rep_tiered_pricing_type":"fixed","_sales_rep_tiered_pricing_fixed_rules":[],"yoast_head":"<!-- This site is optimized with the Yoast SEO plugin v23.3 - https:\/\/yoast.com\/wordpress\/plugins\/seo\/ -->\n<title>ELF BAR BC5000 Einweg Vape 650mAh 5000 Z\u00fcge | ElementVape.de<\/title>\n<meta name=\"description\" content=\"Wir bieten ELF BAR BC5000 Einweg Vape 650mAh 5000 Z\u00fcge , Elementvape.de akzeptieren Gro\u00df-und Einzelhandel Bestellungen.\" \/>\n<meta name=\"robots\" content=\"index, follow, max-snippet:-1, max-image-preview:large, max-video-preview:-1\" \/>\n<link rel=\"canonical\" href=\"https:\/\/www.elementvape.de\/fi\/produkt\/elf-bar-bc5000-einweg-vape-650mah-5000-zuege\/\" \/>\n<meta property=\"og:locale\" content=\"fi_FI\" \/>\n<meta property=\"og:type\" content=\"article\" \/>\n<meta property=\"og:title\" content=\"ELF BAR BC5000 Einweg Vape 650mAh 5000 Z\u00fcge | ElementVape.de\" \/>\n<meta property=\"og:description\" content=\"Wir bieten ELF BAR BC5000 Einweg Vape 650mAh 5000 Z\u00fcge , Elementvape.de akzeptieren Gro\u00df-und Einzelhandel Bestellungen.\" \/>\n<meta property=\"og:url\" content=\"https:\/\/www.elementvape.de\/fi\/produkt\/elf-bar-bc5000-einweg-vape-650mah-5000-zuege\/\" \/>\n<meta property=\"og:site_name\" content=\"ElementVape.de\" \/>\n<meta property=\"article:modified_time\" content=\"2024-09-12T10:31:42+00:00\" \/>\n<meta property=\"og:image\" content=\"https:\/\/www.elementvape.de\/wp-content\/uploads\/2024\/05\/ELF-BAR-BC5000-Disposable-Vape-650mAh-5000-Puffs-863583.webp\" \/>\n\t<meta property=\"og:image:width\" content=\"600\" \/>\n\t<meta property=\"og:image:height\" content=\"600\" \/>\n\t<meta property=\"og:image:type\" content=\"image\/webp\" \/>\n<meta name=\"twitter:card\" content=\"summary_large_image\" \/>\n<meta name=\"twitter:label1\" content=\"Est. reading time\" \/>\n\t<meta name=\"twitter:data1\" content=\"5 minuuttia\" \/>\n<script type=\"application\/ld+json\" class=\"yoast-schema-graph\">{\"@context\":\"https:\/\/schema.org\",\"@graph\":[{\"@type\":\"WebPage\",\"@id\":\"https:\/\/www.elementvape.de\/produkt\/elf-bar-bc5000-einweg-vape-650mah-5000-zuege\/\",\"url\":\"https:\/\/www.elementvape.de\/produkt\/elf-bar-bc5000-einweg-vape-650mah-5000-zuege\/\",\"name\":\"ELF BAR BC5000 Einweg Vape 650mAh 5000 Z\u00fcge | ElementVape.de\",\"isPartOf\":{\"@id\":\"https:\/\/www.elementvape.de\/#website\"},\"primaryImageOfPage\":{\"@id\":\"https:\/\/www.elementvape.de\/produkt\/elf-bar-bc5000-einweg-vape-650mah-5000-zuege\/#primaryimage\"},\"image\":{\"@id\":\"https:\/\/www.elementvape.de\/produkt\/elf-bar-bc5000-einweg-vape-650mah-5000-zuege\/#primaryimage\"},\"thumbnailUrl\":\"https:\/\/www.elementvape.de\/wp-content\/uploads\/2024\/05\/ELF-BAR-BC5000-Disposable-Vape-650mAh-5000-Puffs-863583.webp\",\"datePublished\":\"2024-05-25T08:44:43+00:00\",\"dateModified\":\"2024-09-12T10:31:42+00:00\",\"description\":\"Wir bieten ELF BAR BC5000 Einweg Vape 650mAh 5000 Z\u00fcge , Elementvape.de akzeptieren Gro\u00df-und Einzelhandel Bestellungen.\",\"breadcrumb\":{\"@id\":\"https:\/\/www.elementvape.de\/produkt\/elf-bar-bc5000-einweg-vape-650mah-5000-zuege\/#breadcrumb\"},\"inLanguage\":\"fi\",\"potentialAction\":[{\"@type\":\"ReadAction\",\"target\":[\"https:\/\/www.elementvape.de\/produkt\/elf-bar-bc5000-einweg-vape-650mah-5000-zuege\/\"]}]},{\"@type\":\"ImageObject\",\"inLanguage\":\"fi\",\"@id\":\"https:\/\/www.elementvape.de\/produkt\/elf-bar-bc5000-einweg-vape-650mah-5000-zuege\/#primaryimage\",\"url\":\"https:\/\/www.elementvape.de\/wp-content\/uploads\/2024\/05\/ELF-BAR-BC5000-Disposable-Vape-650mAh-5000-Puffs-863583.webp\",\"contentUrl\":\"https:\/\/www.elementvape.de\/wp-content\/uploads\/2024\/05\/ELF-BAR-BC5000-Disposable-Vape-650mAh-5000-Puffs-863583.webp\",\"width\":600,\"height\":600,\"caption\":\"ELF-BAR-BC5000-Disposable-Vape-650mAh-5000-Puffs-863583\"},{\"@type\":\"BreadcrumbList\",\"@id\":\"https:\/\/www.elementvape.de\/produkt\/elf-bar-bc5000-einweg-vape-650mah-5000-zuege\/#breadcrumb\",\"itemListElement\":[{\"@type\":\"ListItem\",\"position\":1,\"name\":\"Home\",\"item\":\"https:\/\/www.elementvape.de\/\"},{\"@type\":\"ListItem\",\"position\":2,\"name\":\"Shop\",\"item\":\"https:\/\/www.elementvape.de\/shop\/\"},{\"@type\":\"ListItem\",\"position\":3,\"name\":\"ELF BAR BC5000 Einweg Vape 650mAh 5000 Z\u00fcge\"}]},{\"@type\":\"WebSite\",\"@id\":\"https:\/\/www.elementvape.de\/#website\",\"url\":\"https:\/\/www.elementvape.de\/\",\"name\":\"ElementVape.de\",\"description\":\"\",\"publisher\":{\"@id\":\"https:\/\/www.elementvape.de\/#organization\"},\"potentialAction\":[{\"@type\":\"SearchAction\",\"target\":{\"@type\":\"EntryPoint\",\"urlTemplate\":\"https:\/\/www.elementvape.de\/?s={search_term_string}\"},\"query-input\":\"required name=search_term_string\"}],\"inLanguage\":\"fi\"},{\"@type\":\"Organization\",\"@id\":\"https:\/\/www.elementvape.de\/#organization\",\"name\":\"ElementVape.DE\",\"url\":\"https:\/\/www.elementvape.de\/\",\"logo\":{\"@type\":\"ImageObject\",\"inLanguage\":\"fi\",\"@id\":\"https:\/\/www.elementvape.de\/#\/schema\/logo\/image\/\",\"url\":\"https:\/\/www.elementvape.de\/wp-content\/uploads\/2024\/09\/cropped-1elementvape-3.png\",\"contentUrl\":\"https:\/\/www.elementvape.de\/wp-content\/uploads\/2024\/09\/cropped-1elementvape-3.png\",\"width\":285,\"height\":228,\"caption\":\"ElementVape.DE\"},\"image\":{\"@id\":\"https:\/\/www.elementvape.de\/#\/schema\/logo\/image\/\"}}]}<\/script>\n<!-- \/ Yoast SEO plugin. -->","yoast_head_json":{"title":"ELF BAR BC5000 Einweg Vape 650mAh 5000 Z\u00fcge | ElementVape.de","description":"Wir bieten ELF BAR BC5000 Einweg Vape 650mAh 5000 Z\u00fcge , Elementvape.de akzeptieren Gro\u00df-und Einzelhandel Bestellungen.","robots":{"index":"index","follow":"follow","max-snippet":"max-snippet:-1","max-image-preview":"max-image-preview:large","max-video-preview":"max-video-preview:-1"},"canonical":"https:\/\/www.elementvape.de\/fi\/produkt\/elf-bar-bc5000-einweg-vape-650mah-5000-zuege\/","og_locale":"fi_FI","og_type":"article","og_title":"ELF BAR BC5000 Einweg Vape 650mAh 5000 Z\u00fcge | ElementVape.de","og_description":"Wir bieten ELF BAR BC5000 Einweg Vape 650mAh 5000 Z\u00fcge , Elementvape.de akzeptieren Gro\u00df-und Einzelhandel Bestellungen.","og_url":"https:\/\/www.elementvape.de\/fi\/produkt\/elf-bar-bc5000-einweg-vape-650mah-5000-zuege\/","og_site_name":"ElementVape.de","article_modified_time":"2024-09-12T10:31:42+00:00","og_image":[{"width":600,"height":600,"url":"https:\/\/www.elementvape.de\/wp-content\/uploads\/2024\/05\/ELF-BAR-BC5000-Disposable-Vape-650mAh-5000-Puffs-863583.webp","type":"image\/webp"}],"twitter_card":"summary_large_image","twitter_misc":{"Est. reading time":"5 minuuttia"},"schema":{"@context":"https:\/\/schema.org","@graph":[{"@type":"WebPage","@id":"https:\/\/www.elementvape.de\/produkt\/elf-bar-bc5000-einweg-vape-650mah-5000-zuege\/","url":"https:\/\/www.elementvape.de\/produkt\/elf-bar-bc5000-einweg-vape-650mah-5000-zuege\/","name":"ELF BAR BC5000 Einweg Vape 650mAh 5000 Z\u00fcge | ElementVape.de","isPartOf":{"@id":"https:\/\/www.elementvape.de\/#website"},"primaryImageOfPage":{"@id":"https:\/\/www.elementvape.de\/produkt\/elf-bar-bc5000-einweg-vape-650mah-5000-zuege\/#primaryimage"},"image":{"@id":"https:\/\/www.elementvape.de\/produkt\/elf-bar-bc5000-einweg-vape-650mah-5000-zuege\/#primaryimage"},"thumbnailUrl":"https:\/\/www.elementvape.de\/wp-content\/uploads\/2024\/05\/ELF-BAR-BC5000-Disposable-Vape-650mAh-5000-Puffs-863583.webp","datePublished":"2024-05-25T08:44:43+00:00","dateModified":"2024-09-12T10:31:42+00:00","description":"Wir bieten ELF BAR BC5000 Einweg Vape 650mAh 5000 Z\u00fcge , Elementvape.de akzeptieren Gro\u00df-und Einzelhandel Bestellungen.","breadcrumb":{"@id":"https:\/\/www.elementvape.de\/produkt\/elf-bar-bc5000-einweg-vape-650mah-5000-zuege\/#breadcrumb"},"inLanguage":"fi","potentialAction":[{"@type":"ReadAction","target":["https:\/\/www.elementvape.de\/produkt\/elf-bar-bc5000-einweg-vape-650mah-5000-zuege\/"]}]},{"@type":"ImageObject","inLanguage":"fi","@id":"https:\/\/www.elementvape.de\/produkt\/elf-bar-bc5000-einweg-vape-650mah-5000-zuege\/#primaryimage","url":"https:\/\/www.elementvape.de\/wp-content\/uploads\/2024\/05\/ELF-BAR-BC5000-Disposable-Vape-650mAh-5000-Puffs-863583.webp","contentUrl":"https:\/\/www.elementvape.de\/wp-content\/uploads\/2024\/05\/ELF-BAR-BC5000-Disposable-Vape-650mAh-5000-Puffs-863583.webp","width":600,"height":600,"caption":"ELF-BAR-BC5000-Disposable-Vape-650mAh-5000-Puffs-863583"},{"@type":"BreadcrumbList","@id":"https:\/\/www.elementvape.de\/produkt\/elf-bar-bc5000-einweg-vape-650mah-5000-zuege\/#breadcrumb","itemListElement":[{"@type":"ListItem","position":1,"name":"Home","item":"https:\/\/www.elementvape.de\/"},{"@type":"ListItem","position":2,"name":"Shop","item":"https:\/\/www.elementvape.de\/shop\/"},{"@type":"ListItem","position":3,"name":"ELF BAR BC5000 Einweg Vape 650mAh 5000 Z\u00fcge"}]},{"@type":"WebSite","@id":"https:\/\/www.elementvape.de\/#website","url":"https:\/\/www.elementvape.de\/","name":"ElementVape.de","description":"","publisher":{"@id":"https:\/\/www.elementvape.de\/#organization"},"potentialAction":[{"@type":"SearchAction","target":{"@type":"EntryPoint","urlTemplate":"https:\/\/www.elementvape.de\/?s={search_term_string}"},"query-input":"required name=search_term_string"}],"inLanguage":"fi"},{"@type":"Organization","@id":"https:\/\/www.elementvape.de\/#organization","name":"ElementVape.DE","url":"https:\/\/www.elementvape.de\/","logo":{"@type":"ImageObject","inLanguage":"fi","@id":"https:\/\/www.elementvape.de\/#\/schema\/logo\/image\/","url":"https:\/\/www.elementvape.de\/wp-content\/uploads\/2024\/09\/cropped-1elementvape-3.png","contentUrl":"https:\/\/www.elementvape.de\/wp-content\/uploads\/2024\/09\/cropped-1elementvape-3.png","width":285,"height":228,"caption":"ElementVape.DE"},"image":{"@id":"https:\/\/www.elementvape.de\/#\/schema\/logo\/image\/"}}]}},"_links":{"self":[{"href":"https:\/\/www.elementvape.de\/fi\/wp-json\/wp\/v2\/product\/10632"}],"collection":[{"href":"https:\/\/www.elementvape.de\/fi\/wp-json\/wp\/v2\/product"}],"about":[{"href":"https:\/\/www.elementvape.de\/fi\/wp-json\/wp\/v2\/types\/product"}],"wp:featuredmedia":[{"embeddable":true,"href":"https:\/\/www.elementvape.de\/fi\/wp-json\/wp\/v2\/media\/10654"}],"wp:attachment":[{"href":"https:\/\/www.elementvape.de\/fi\/wp-json\/wp\/v2\/media?parent=10632"}],"wp:term":[{"taxonomy":"product_cat","embeddable":true,"href":"https:\/\/www.elementvape.de\/fi\/wp-json\/wp\/v2\/product_cat?post=10632"},{"taxonomy":"product_tag","embeddable":true,"href":"https:\/\/www.elementvape.de\/fi\/wp-json\/wp\/v2\/product_tag?post=10632"}],"curies":[{"name":"wp","href":"https:\/\/api.w.org\/{rel}","templated":true}]}}