{"id":10317,"date":"2024-04-29T09:18:40","date_gmt":"2024-04-29T09:18:40","guid":{"rendered":"https:\/\/www.elementvape.de\/?post_type=product&#038;p=10317"},"modified":"2025-04-02T02:02:45","modified_gmt":"2025-04-02T02:02:45","slug":"randm-tornado-7000-einweg-vape-7000-puffs-eu-lagerraum","status":"publish","type":"product","link":"https:\/\/www.elementvape.de\/fi\/produkt\/randm-tornado-7000-einweg-vape-7000-puffs-eu-lagerraum\/","title":{"rendered":"RandM Tornado 7000 s\u00e4hk\u00f6tupakkaa, 7000 puffs, osta EU-varastosta"},"content":{"rendered":"<p>T\u00e4m\u00e4 varasto p\u00e4ivitet\u00e4\u00e4n 27. joulukuuta. E-savukkeiden minimim\u00e4\u00e4r\u00e4 tilauksessa on 1 pakkaus, joka sis\u00e4lt\u00e4\u00e4 10 E-savuketta. Voit valita suosikkimakusi.<\/p>\n<p>T\u00e4m\u00e4n tuotteen hinta vastaa 10 vape-tuotteen hintaa<\/p>\n<p>Jos haluat tiet\u00e4\u00e4 uusimman varastotilanteen, voit ottaa minuun yhteytt\u00e4 s\u00e4hk\u00f6postitse<br \/>\nS\u00e4hk\u00f6posti: <strong>elementvapede@gmail.com<\/strong><\/p>\n<h1>RandM Tornado 7000: T\u00e4ydellinen h\u00f6yryttelykokemus<\/h1>\n<h2>Esittelemme: RandM Tornado 7000: Vapauta makujen myrsky<\/h2>\n<p>Koe poikkeuksellinen RandM Tornado 7000, h\u00f6yrytin, joka tunnetaan puhtaasta ja pehme\u00e4st\u00e4 mausta. T\u00e4m\u00e4 poikkeuksellinen vape on suunniteltu tarjoamaan sinulle huumaava makumatka jokaisella vedolla. Olitpa kokenut h\u00f6yrytt\u00e4j\u00e4 tai vasta aloittamassa, <strong>RandM Tornado 7000<\/strong> takaa j\u00e4nnitt\u00e4v\u00e4n h\u00f6yryttelykokemuksen, joka saa sinut palaamaan uudelleen ja uudelleen lis\u00e4\u00e4m\u00e4\u00e4n tietoa.<\/p>\n<h2>Ylivertainen akunkesto ja k\u00e4ytt\u00e4j\u00e4yst\u00e4v\u00e4llinen muotoilu<\/h2>\n<p>Vahvalla uudelleenladattavalla 1000-mAh akulla varustettu RandM Tornado 7000 mahdollistaa pidemm\u00e4t h\u00f6yryttelysessiot ilman tarvetta usein lataamiseen. Hyv\u00e4sti hankala etsint\u00e4 virtal\u00e4hteest\u00e4. T\u00e4m\u00e4 h\u00f6yrytin on suunniteltu kest\u00e4m\u00e4\u00e4n ja tarjoaa sinulle jatkuvan h\u00f6yrynautinnon.<\/p>\n<p>ergonominen muotoilu <strong>RandM Tornado 7000<\/strong> on todiste sen ylivoimaisesta k\u00e4sity\u00f6taidosta. Laite istuu k\u00e4teen mukavasti ja on siksi helposti kannettava ja helppok\u00e4ytt\u00f6inen kaikkialla. Sen ohut ja kest\u00e4v\u00e4 rakenne takaa ensiluokkaisen h\u00f6yryttelykokemuksen ilman kolinaa tai ep\u00e4tavallisia \u00e4\u00e4ni\u00e4 k\u00e4yt\u00f6n aikana.<\/p>\n<h4>Parametrit<\/h4>\n<p>2 % nikotiinisuola<br \/>\n14 ml e-juicea<br \/>\n7000 vetoa laitetta kohden<br \/>\nIlmavirran hallinta<br \/>\nType-C-laturi<br \/>\nAkku uudelleenladattava<br \/>\nIntegroitu 850-mAh akku<br \/>\nSaatavilla 5 makuvaihtoehtoa<br \/>\n10 kappaletta n\u00e4yt\u00f6srasioissa<\/p>\n<h3>Vaivaton h\u00f6yryttely esit\u00e4ytetyll\u00e4 mukavuudella<\/h3>\n<p>Ei en\u00e4\u00e4 hankalaa t\u00e4ytt\u00f6\u00e4 tai monimutkaista kelojen vaihtoa. RandM Tornado 7000 on esit\u00e4ytetty 14 ml 70 mg nikotiinisuolalla ja sit\u00e4 voi k\u00e4ytt\u00e4\u00e4 suoraan pakkauksesta. T\u00e4m\u00e4 tarkoittaa, ett\u00e4 voit nauttia h\u00f6yryst\u00e4si heti ilman huolia laitteen k\u00e4ytt\u00f6\u00f6notosta tai huollosta. Hengit\u00e4 vain laitteen suukappaleesta ja nauti jopa 7 000 vedosta ennen kuin sinun t\u00e4ytyy ladata se uudelleen.<\/p>\n<h3>Sukella v\u00e4rikk\u00e4\u00e4seen h\u00f6yrykokemukseen<\/h3>\n<p>Anna itsesi lumoutua RandM Tornado 7000:n loistavista RGB-valoista. Kun saat iskua, laitteen alapuoli syttyy ja n\u00e4ytt\u00e4\u00e4 kiehtovan v\u00e4ripaletin. Iloisesta keltaisesta tuliseen punaiseen, rauhallisesta sinisest\u00e4 rauhoittavaan vihre\u00e4\u00e4n ja lumoavaan lilaiseen, n\u00e4m\u00e4 valot lis\u00e4\u00e4v\u00e4t h\u00f6yryistuntoihisi visuaalista nautintoa. Valot seuraavat vetoasi ja valaisevat noin 7 sekuntia, luoden todella immersiivisen kokemuksen.<\/p>\n<h3>S\u00e4\u00e4dett\u00e4v\u00e4 ilmavirta ja edistynyt mesh-kela<\/h3>\n<p>RandM Tornado 7000 tarjoaa s\u00e4\u00e4dett\u00e4v\u00e4n ilmavirran, joten voit r\u00e4\u00e4t\u00e4l\u00f6id\u00e4 h\u00f6yrykokemuksesi t\u00e4ysin mieltymystesi mukaan. S\u00e4\u00e4d\u00e4 ilmavirta t\u00e4ydellisesti saavuttaaksesi optimaalisen tasapainon maun ja h\u00f6yryn tuotannon v\u00e4lill\u00e4 ja varmistaen tyytyv\u00e4isen h\u00f6yryn joka kerta.<\/p>\n<p>Varustettu korkealaatuisella mesh-kelalla, tarjoaa <strong>RandM Tornado 7000<\/strong> poikkeuksellisen maku- ja h\u00f6yrytuotannon. Mesh-kela-teknologia takaa tasaisen l\u00e4mm\u00f6n jakautumisen, mik\u00e4 johtaa pehmeisiin ja tasaisiin vetoihin. Yll\u00e4t\u00e4 itsesi makujen runsaudella ja syvyydell\u00e4, joita t\u00e4m\u00e4 merkitt\u00e4v\u00e4 h\u00f6yrylaite tarjoaa.<\/p>\n<h3>Hanki monipuolinen makuel\u00e4mys<\/h3>\n<p>Kanssa <strong>RandM Tornado 7000<\/strong> herkuttelee makunystyr\u00f6it\u00e4si laajalla valikoimalla makuja, jotka tyydytt\u00e4v\u00e4t jokaisen makunystyr\u00e4n. Valitse vaikuttavasta valikoimasta jopa 50 makuvaihtoehtoa, mukaan lukien herkullinen sekoitus hedelmi\u00e4, makeita herkkuja, virvoitusjuomia ja raikkaita j\u00e4\u00e4lajitelmia. Olitpa sitten kaipaa mausteista hedelm\u00e4ist\u00e4 makua, nostalgista makeaa nautintoa tai hiilihappoista, virkist\u00e4v\u00e4st\u00e4 juomasta inspiroitua h\u00f6yry\u00e4, RandM Tornado 7000 tarjoaa makuja, jotka viev\u00e4t sinut h\u00f6yryiloon.<\/p>\n<h4>Koe RandM-ero<\/h4>\n<p>Kun kyse on kertak\u00e4ytt\u00f6isist\u00e4 h\u00f6yryttimist\u00e4, RandM Tornado 7000 on todellinen pelin muuttaja. Ladattava akku on korkealaatuisesti valmistettu ja k\u00e4yt\u00e4nn\u00f6llinen<\/p>\n<h4>Tilaa oma RandM Tornado 7000 jo t\u00e4n\u00e4\u00e4n<\/h4>\n<p>Oletko valmis parantamaan h\u00f6yrykokemustasi? \u00c4l\u00e4 missaa RandM Tornado 7000:n tarjoamia uskomattomia ominaisuuksia ja makuja. Tee tilauksesi jo t\u00e4n\u00e4\u00e4n ja sukella aromikkaiden pilvien ja vaivattoman h\u00f6yrytteen maailmaan.<\/p>\n<h4>maistuu:<\/h4>\n<p>1. Mustikka-mansikka<br \/>\n2. Sekamelska marjoja<br \/>\n3. Mansikka-vesimeloni<br \/>\n4. Mustikka j\u00e4\u00e4ll\u00e4<br \/>\n5. Persikka j\u00e4\u00e4ll\u00e4<\/p>\n<p>&nbsp;<\/p>","protected":false},"excerpt":{"rendered":"<p>Dieses Inventar wird am 27. Dezember aktualisiert. Die Mindestbestellmenge f\u00fcr E-Zigaretten betr\u00e4gt 1 Packung, die 10 E-Zigaretten enth\u00e4lt. Sie k\u00f6nnen Ihren Lieblingsgeschmack w\u00e4hlen. Der Preis dieses Produkts entspricht dem Preis von 10 vapes Wenn Sie den neuesten Lagerbestand erfahren m\u00f6chten, k\u00f6nnen Sie mich per\u00a0E-Mail kontaktieren E-Mail: elementvapede@gmail.com RandM Tornado 7000: Das ultimative Dampferlebnis Wir stellen [&hellip;]<\/p>","protected":false},"featured_media":10327,"template":"","meta":{"inline_featured_image":false},"product_cat":[15,78,735,746,741,733,747,740,734,753,754,745,742,748,750,737,736,749,752,756,739,743,744,755,738,751],"product_tag":[710,709,681],"tiered_pricing_type":"fixed","tiered_pricing_fixed_rules":{"50":"7.40","110":"6.99","210":"6.58","510":"6.17","1100":"5.75"},"tiered_pricing_percentage_rules":[],"tiered_pricing_minimum":1,"_administrator_tiered_pricing_type":"fixed","_administrator_tiered_pricing_fixed_rules":[],"_editor_tiered_pricing_type":"fixed","_editor_tiered_pricing_fixed_rules":[],"_author_tiered_pricing_type":"fixed","_author_tiered_pricing_fixed_rules":[],"_contributor_tiered_pricing_type":"fixed","_contributor_tiered_pricing_fixed_rules":[],"_subscriber_tiered_pricing_type":"fixed","_subscriber_tiered_pricing_fixed_rules":[],"_customer_tiered_pricing_type":"fixed","_customer_tiered_pricing_fixed_rules":[],"_shop_manager_tiered_pricing_type":"fixed","_shop_manager_tiered_pricing_fixed_rules":[],"_wpseo_manager_tiered_pricing_type":"fixed","_wpseo_manager_tiered_pricing_fixed_rules":[],"_wpseo_editor_tiered_pricing_type":"fixed","_wpseo_editor_tiered_pricing_fixed_rules":[],"_wholesale_customer_tiered_pricing_type":"fixed","_wholesale_customer_tiered_pricing_fixed_rules":[],"_marketer_tiered_pricing_type":"fixed","_marketer_tiered_pricing_fixed_rules":[],"_sales_manager_tiered_pricing_type":"fixed","_sales_manager_tiered_pricing_fixed_rules":[],"_sales_rep_tiered_pricing_type":"fixed","_sales_rep_tiered_pricing_fixed_rules":[],"yoast_head":"<!-- This site is optimized with the Yoast SEO plugin v23.3 - https:\/\/yoast.com\/wordpress\/plugins\/seo\/ -->\n<title>RandM Tornado 7000 E-Zigaretten 7000 Puffs Kaufen Eu lagerraum | ElementVape.de<\/title>\n<meta name=\"description\" content=\"Wir bieten RandM Tornado 7000 E-Zigaretten 7000 Puffs Kaufen Eu lagerraum , Elementvape.de akzeptieren Gro\u00df-und Einzelhandel Bestellungen.\" \/>\n<meta name=\"robots\" content=\"index, follow, max-snippet:-1, max-image-preview:large, max-video-preview:-1\" \/>\n<link rel=\"canonical\" href=\"https:\/\/www.elementvape.de\/fi\/produkt\/randm-tornado-7000-einweg-vape-7000-puffs-eu-lagerraum\/\" \/>\n<meta property=\"og:locale\" content=\"fi_FI\" \/>\n<meta property=\"og:type\" content=\"article\" \/>\n<meta property=\"og:title\" content=\"RandM Tornado 7000 E-Zigaretten 7000 Puffs Kaufen Eu lagerraum | ElementVape.de\" \/>\n<meta property=\"og:description\" content=\"Wir bieten RandM Tornado 7000 E-Zigaretten 7000 Puffs Kaufen Eu lagerraum , Elementvape.de akzeptieren Gro\u00df-und Einzelhandel Bestellungen.\" \/>\n<meta property=\"og:url\" content=\"https:\/\/www.elementvape.de\/fi\/produkt\/randm-tornado-7000-einweg-vape-7000-puffs-eu-lagerraum\/\" \/>\n<meta property=\"og:site_name\" content=\"ElementVape.de\" \/>\n<meta property=\"article:modified_time\" content=\"2025-04-02T02:02:45+00:00\" \/>\n<meta property=\"og:image\" content=\"https:\/\/www.elementvape.de\/wp-content\/uploads\/2024\/04\/PINK-LEMONADE_1024x1024.webp\" \/>\n\t<meta property=\"og:image:width\" content=\"1024\" \/>\n\t<meta property=\"og:image:height\" content=\"512\" \/>\n\t<meta property=\"og:image:type\" content=\"image\/webp\" \/>\n<meta name=\"twitter:card\" content=\"summary_large_image\" \/>\n<meta name=\"twitter:label1\" content=\"Est. reading time\" \/>\n\t<meta name=\"twitter:data1\" content=\"4 minuuttia\" \/>\n<script type=\"application\/ld+json\" class=\"yoast-schema-graph\">{\"@context\":\"https:\/\/schema.org\",\"@graph\":[{\"@type\":\"WebPage\",\"@id\":\"https:\/\/www.elementvape.de\/produkt\/randm-tornado-7000-einweg-vape-7000-puffs-eu-lagerraum\/\",\"url\":\"https:\/\/www.elementvape.de\/produkt\/randm-tornado-7000-einweg-vape-7000-puffs-eu-lagerraum\/\",\"name\":\"RandM Tornado 7000 E-Zigaretten 7000 Puffs Kaufen Eu lagerraum | ElementVape.de\",\"isPartOf\":{\"@id\":\"https:\/\/www.elementvape.de\/#website\"},\"primaryImageOfPage\":{\"@id\":\"https:\/\/www.elementvape.de\/produkt\/randm-tornado-7000-einweg-vape-7000-puffs-eu-lagerraum\/#primaryimage\"},\"image\":{\"@id\":\"https:\/\/www.elementvape.de\/produkt\/randm-tornado-7000-einweg-vape-7000-puffs-eu-lagerraum\/#primaryimage\"},\"thumbnailUrl\":\"https:\/\/www.elementvape.de\/wp-content\/uploads\/2024\/04\/PINK-LEMONADE_1024x1024.webp\",\"datePublished\":\"2024-04-29T09:18:40+00:00\",\"dateModified\":\"2025-04-02T02:02:45+00:00\",\"description\":\"Wir bieten RandM Tornado 7000 E-Zigaretten 7000 Puffs Kaufen Eu lagerraum , Elementvape.de akzeptieren Gro\u00df-und Einzelhandel Bestellungen.\",\"breadcrumb\":{\"@id\":\"https:\/\/www.elementvape.de\/produkt\/randm-tornado-7000-einweg-vape-7000-puffs-eu-lagerraum\/#breadcrumb\"},\"inLanguage\":\"fi\",\"potentialAction\":[{\"@type\":\"ReadAction\",\"target\":[\"https:\/\/www.elementvape.de\/produkt\/randm-tornado-7000-einweg-vape-7000-puffs-eu-lagerraum\/\"]}]},{\"@type\":\"ImageObject\",\"inLanguage\":\"fi\",\"@id\":\"https:\/\/www.elementvape.de\/produkt\/randm-tornado-7000-einweg-vape-7000-puffs-eu-lagerraum\/#primaryimage\",\"url\":\"https:\/\/www.elementvape.de\/wp-content\/uploads\/2024\/04\/PINK-LEMONADE_1024x1024.webp\",\"contentUrl\":\"https:\/\/www.elementvape.de\/wp-content\/uploads\/2024\/04\/PINK-LEMONADE_1024x1024.webp\",\"width\":1024,\"height\":512,\"caption\":\"PINK-LEMONADE_1024x1024\"},{\"@type\":\"BreadcrumbList\",\"@id\":\"https:\/\/www.elementvape.de\/produkt\/randm-tornado-7000-einweg-vape-7000-puffs-eu-lagerraum\/#breadcrumb\",\"itemListElement\":[{\"@type\":\"ListItem\",\"position\":1,\"name\":\"Home\",\"item\":\"https:\/\/www.elementvape.de\/\"},{\"@type\":\"ListItem\",\"position\":2,\"name\":\"Shop\",\"item\":\"https:\/\/www.elementvape.de\/shop\/\"},{\"@type\":\"ListItem\",\"position\":3,\"name\":\"RandM Tornado 7000 E-Zigaretten 7000 Puffs Kaufen Eu lagerraum\"}]},{\"@type\":\"WebSite\",\"@id\":\"https:\/\/www.elementvape.de\/#website\",\"url\":\"https:\/\/www.elementvape.de\/\",\"name\":\"ElementVape.de\",\"description\":\"\",\"publisher\":{\"@id\":\"https:\/\/www.elementvape.de\/#organization\"},\"potentialAction\":[{\"@type\":\"SearchAction\",\"target\":{\"@type\":\"EntryPoint\",\"urlTemplate\":\"https:\/\/www.elementvape.de\/?s={search_term_string}\"},\"query-input\":\"required name=search_term_string\"}],\"inLanguage\":\"fi\"},{\"@type\":\"Organization\",\"@id\":\"https:\/\/www.elementvape.de\/#organization\",\"name\":\"ElementVape.DE\",\"url\":\"https:\/\/www.elementvape.de\/\",\"logo\":{\"@type\":\"ImageObject\",\"inLanguage\":\"fi\",\"@id\":\"https:\/\/www.elementvape.de\/#\/schema\/logo\/image\/\",\"url\":\"https:\/\/www.elementvape.de\/wp-content\/uploads\/2024\/09\/cropped-1elementvape-3.png\",\"contentUrl\":\"https:\/\/www.elementvape.de\/wp-content\/uploads\/2024\/09\/cropped-1elementvape-3.png\",\"width\":285,\"height\":228,\"caption\":\"ElementVape.DE\"},\"image\":{\"@id\":\"https:\/\/www.elementvape.de\/#\/schema\/logo\/image\/\"}}]}<\/script>\n<!-- \/ Yoast SEO plugin. -->","yoast_head_json":{"title":"RandM Tornado 7000 E-Zigaretten 7000 Puffs Kaufen Eu lagerraum | ElementVape.de","description":"Wir bieten RandM Tornado 7000 E-Zigaretten 7000 Puffs Kaufen Eu lagerraum , Elementvape.de akzeptieren Gro\u00df-und Einzelhandel Bestellungen.","robots":{"index":"index","follow":"follow","max-snippet":"max-snippet:-1","max-image-preview":"max-image-preview:large","max-video-preview":"max-video-preview:-1"},"canonical":"https:\/\/www.elementvape.de\/fi\/produkt\/randm-tornado-7000-einweg-vape-7000-puffs-eu-lagerraum\/","og_locale":"fi_FI","og_type":"article","og_title":"RandM Tornado 7000 E-Zigaretten 7000 Puffs Kaufen Eu lagerraum | ElementVape.de","og_description":"Wir bieten RandM Tornado 7000 E-Zigaretten 7000 Puffs Kaufen Eu lagerraum , Elementvape.de akzeptieren Gro\u00df-und Einzelhandel Bestellungen.","og_url":"https:\/\/www.elementvape.de\/fi\/produkt\/randm-tornado-7000-einweg-vape-7000-puffs-eu-lagerraum\/","og_site_name":"ElementVape.de","article_modified_time":"2025-04-02T02:02:45+00:00","og_image":[{"width":1024,"height":512,"url":"https:\/\/www.elementvape.de\/wp-content\/uploads\/2024\/04\/PINK-LEMONADE_1024x1024.webp","type":"image\/webp"}],"twitter_card":"summary_large_image","twitter_misc":{"Est. reading time":"4 minuuttia"},"schema":{"@context":"https:\/\/schema.org","@graph":[{"@type":"WebPage","@id":"https:\/\/www.elementvape.de\/produkt\/randm-tornado-7000-einweg-vape-7000-puffs-eu-lagerraum\/","url":"https:\/\/www.elementvape.de\/produkt\/randm-tornado-7000-einweg-vape-7000-puffs-eu-lagerraum\/","name":"RandM Tornado 7000 E-Zigaretten 7000 Puffs Kaufen Eu lagerraum | ElementVape.de","isPartOf":{"@id":"https:\/\/www.elementvape.de\/#website"},"primaryImageOfPage":{"@id":"https:\/\/www.elementvape.de\/produkt\/randm-tornado-7000-einweg-vape-7000-puffs-eu-lagerraum\/#primaryimage"},"image":{"@id":"https:\/\/www.elementvape.de\/produkt\/randm-tornado-7000-einweg-vape-7000-puffs-eu-lagerraum\/#primaryimage"},"thumbnailUrl":"https:\/\/www.elementvape.de\/wp-content\/uploads\/2024\/04\/PINK-LEMONADE_1024x1024.webp","datePublished":"2024-04-29T09:18:40+00:00","dateModified":"2025-04-02T02:02:45+00:00","description":"Wir bieten RandM Tornado 7000 E-Zigaretten 7000 Puffs Kaufen Eu lagerraum , Elementvape.de akzeptieren Gro\u00df-und Einzelhandel Bestellungen.","breadcrumb":{"@id":"https:\/\/www.elementvape.de\/produkt\/randm-tornado-7000-einweg-vape-7000-puffs-eu-lagerraum\/#breadcrumb"},"inLanguage":"fi","potentialAction":[{"@type":"ReadAction","target":["https:\/\/www.elementvape.de\/produkt\/randm-tornado-7000-einweg-vape-7000-puffs-eu-lagerraum\/"]}]},{"@type":"ImageObject","inLanguage":"fi","@id":"https:\/\/www.elementvape.de\/produkt\/randm-tornado-7000-einweg-vape-7000-puffs-eu-lagerraum\/#primaryimage","url":"https:\/\/www.elementvape.de\/wp-content\/uploads\/2024\/04\/PINK-LEMONADE_1024x1024.webp","contentUrl":"https:\/\/www.elementvape.de\/wp-content\/uploads\/2024\/04\/PINK-LEMONADE_1024x1024.webp","width":1024,"height":512,"caption":"PINK-LEMONADE_1024x1024"},{"@type":"BreadcrumbList","@id":"https:\/\/www.elementvape.de\/produkt\/randm-tornado-7000-einweg-vape-7000-puffs-eu-lagerraum\/#breadcrumb","itemListElement":[{"@type":"ListItem","position":1,"name":"Home","item":"https:\/\/www.elementvape.de\/"},{"@type":"ListItem","position":2,"name":"Shop","item":"https:\/\/www.elementvape.de\/shop\/"},{"@type":"ListItem","position":3,"name":"RandM Tornado 7000 E-Zigaretten 7000 Puffs Kaufen Eu lagerraum"}]},{"@type":"WebSite","@id":"https:\/\/www.elementvape.de\/#website","url":"https:\/\/www.elementvape.de\/","name":"ElementVape.de","description":"","publisher":{"@id":"https:\/\/www.elementvape.de\/#organization"},"potentialAction":[{"@type":"SearchAction","target":{"@type":"EntryPoint","urlTemplate":"https:\/\/www.elementvape.de\/?s={search_term_string}"},"query-input":"required name=search_term_string"}],"inLanguage":"fi"},{"@type":"Organization","@id":"https:\/\/www.elementvape.de\/#organization","name":"ElementVape.DE","url":"https:\/\/www.elementvape.de\/","logo":{"@type":"ImageObject","inLanguage":"fi","@id":"https:\/\/www.elementvape.de\/#\/schema\/logo\/image\/","url":"https:\/\/www.elementvape.de\/wp-content\/uploads\/2024\/09\/cropped-1elementvape-3.png","contentUrl":"https:\/\/www.elementvape.de\/wp-content\/uploads\/2024\/09\/cropped-1elementvape-3.png","width":285,"height":228,"caption":"ElementVape.DE"},"image":{"@id":"https:\/\/www.elementvape.de\/#\/schema\/logo\/image\/"}}]}},"_links":{"self":[{"href":"https:\/\/www.elementvape.de\/fi\/wp-json\/wp\/v2\/product\/10317"}],"collection":[{"href":"https:\/\/www.elementvape.de\/fi\/wp-json\/wp\/v2\/product"}],"about":[{"href":"https:\/\/www.elementvape.de\/fi\/wp-json\/wp\/v2\/types\/product"}],"wp:featuredmedia":[{"embeddable":true,"href":"https:\/\/www.elementvape.de\/fi\/wp-json\/wp\/v2\/media\/10327"}],"wp:attachment":[{"href":"https:\/\/www.elementvape.de\/fi\/wp-json\/wp\/v2\/media?parent=10317"}],"wp:term":[{"taxonomy":"product_cat","embeddable":true,"href":"https:\/\/www.elementvape.de\/fi\/wp-json\/wp\/v2\/product_cat?post=10317"},{"taxonomy":"product_tag","embeddable":true,"href":"https:\/\/www.elementvape.de\/fi\/wp-json\/wp\/v2\/product_tag?post=10317"}],"curies":[{"name":"wp","href":"https:\/\/api.w.org\/{rel}","templated":true}]}}