{"id":10307,"date":"2024-04-29T08:01:21","date_gmt":"2024-04-29T08:01:21","guid":{"rendered":"https:\/\/www.elementvape.de\/?post_type=product&#038;p=10307"},"modified":"2026-01-05T19:11:18","modified_gmt":"2026-01-05T19:11:18","slug":"randm-tornado-9000-einweg-vape-9000-puffs-eu-lagerraum","status":"publish","type":"product","link":"https:\/\/www.elementvape.de\/fi\/produkt\/randm-tornado-9000-einweg-vape-9000-puffs-eu-lagerraum\/","title":{"rendered":"Randm Tornado 9000 Kertak\u00e4ytt\u00f6inen vape 9000 puffs EU-varastossa"},"content":{"rendered":"<p>Minimim\u00e4\u00e4r\u00e4 E-savukkeille on 1 pakkaus, jossa on 10 E-savuketta. Voit valita suosikkimakusi.<\/p>\n<p>T\u00e4m\u00e4n tuotteen hinta koskee 10 Vappia.<\/p>\n<p>S\u00e4hk\u00f6posti: <a rel=\"noreferrer\">elementvapede@gmail.com<\/a><\/p>\n<hr \/>\n<h2><strong>RandM Tornado 9000: T\u00e4ydellinen h\u00f6yrykokemus<\/strong><\/h2>\n<p><strong>Esittelemme: RandM Tornado 9000 \u2013 Makujen myrsky vapautuu<\/strong><\/p>\n<p>Nauti poikkeuksellisesta kokemuksesta RandM Tornado 9000:n kanssa, h\u00f6yrylaitteella, joka tunnetaan puhtaasta ja pehme\u00e4st\u00e4 maustaan. T\u00e4m\u00e4 poikkeuksellinen E-savuke on suunniteltu tarjoamaan sinulle huumaava makumatka jokaisella vedolla. Olitpa kokenut h\u00f6yrytt\u00e4j\u00e4 tai aloittelija, RandM Tornado 9000 tarjoaa varmasti j\u00e4nnitt\u00e4v\u00e4n h\u00f6yrykokemuksen, joka saa sinut palaamaan uudelleen ja uudelleen lis\u00e4\u00e4m\u00e4\u00e4n kokemusta.<\/p>\n<h3><strong>Uskomaton akun kesto ja k\u00e4ytt\u00e4j\u00e4yst\u00e4v\u00e4llinen muotoilu<\/strong><\/h3>\n<p>RandM Tornado 9000 on varustettu tehokkaalla akulla, joten voit nauttia pidemmist\u00e4 h\u00f6yryajoista ilman usein lataamista. Hyv\u00e4sti vaivalloiselle virtal\u00e4hteen etsimiselle. T\u00e4m\u00e4 h\u00f6yrystin on kest\u00e4v\u00e4 ja tarjoaa sinulle katkeamattoman h\u00f6yrynautinnon.<\/p>\n<p>RandM Tornado 9000:n ergonominen muotoilu on todiste sen ylivoimaisesta k\u00e4sity\u00f6taidosta. Laite istuu hyvin k\u00e4teen, on kannettava ja helppo k\u00e4ytt\u00e4\u00e4 miss\u00e4 tahansa. Sen ohut mutta kest\u00e4v\u00e4 muotoilu takaa ensiluokkaisen h\u00f6yrykokemuksen ilman kolinaa tai ep\u00e4tavallisia \u00e4\u00e4ni\u00e4 k\u00e4yt\u00f6n aikana.<\/p>\n<p><strong>Koko<\/strong><\/p>\n<ul>\n<li>2% Nikotiinisuola<\/li>\n<li>18 ml E-liquidi\u00e4<\/li>\n<li>Mesh-kela<\/li>\n<li>Uudelleenladattava akku<\/li>\n<li>Integroitu 850-mAh akku<\/li>\n<li>20 makuvaihtoehtoa saatavilla<\/li>\n<li>Toimitetaan esittelypakkauksessa, jossa on 10 kappaletta<\/li>\n<li>200 kappaletta laatikossa<\/li>\n<\/ul>\n<h4><strong>Sukella v\u00e4rikk\u00e4isiin E-savukkeisiin<\/strong><\/h4>\n<p>RandM Tornado 9000:n RGB-valaistus on kiehtova. Kun otat vedon, laitteen alaosa syttyy ja n\u00e4ytt\u00e4\u00e4 sarjan kiehtovia v\u00e4rej\u00e4, iloisesta keltaisesta tuliseen punaiseen, rauhoittavasta sinisest\u00e4 rauhoittavaan vihre\u00e4\u00e4n ja kiehtovaan lilaiseen. Valot lis\u00e4\u00e4v\u00e4t h\u00f6yrykokemukseesi visuaalista nautintoa. Valot reagoivat vedoihisi ja vilkkuvat noin seitsem\u00e4n sekunnin ajan katkeamattomasti, tarjoten todella immersiivisen kokemuksen.<\/p>\n<p><strong>S\u00e4\u00e4dett\u00e4v\u00e4 ilmavirta ja edistyneet mesh-kielet<\/strong><\/p>\n<p>RandM Tornado 9000:lla on korkealaatuinen mesh-kielet, joka takaa erinomaisen maun ja h\u00f6yryn tuotannon. Mesh-kieleteknologia jakaa l\u00e4mp\u00f6\u00e4 tasaisesti, mik\u00e4 takaa tasaisen tunteen. Tulet h\u00e4mm\u00e4stym\u00e4\u00e4n makujen runsaudesta ja syvyydest\u00e4.<\/p>\n<h3><strong>Tilaa nyt RandM Tornado 9000<\/strong><\/h3>\n<p>Oletko valmis parantamaan h\u00f6yrykokemustasi? \u00c4l\u00e4 j\u00e4\u00e4 paitsi uskomattomista toiminnoista ja makuvaihtoehdoista, joita RandM Tornado 9000 tarjoaa. Tee tilauksesi nyt ja sukella tuoksuvien pilvien ja vaivattoman polton maailmaan.<\/p>","protected":false},"excerpt":{"rendered":"<p>Die Mindestbestellmenge f\u00fcr E-Zigaretten betr\u00e4gt 1 Packung mit 10 E-Zigaretten. Sie k\u00f6nnen Ihren Lieblingsgeschmack w\u00e4hlen. Der Preis f\u00fcr dieses Produkt gilt f\u00fcr 10 Vapes. E-Mail: elementvapede@gmail.com RandM Tornado 9000: Das ultimative Dampferlebnis Wir stellen vor: RandM Tornado 9000 \u2013 Ein Geschmackssturm entfesselt Genie\u00dfen Sie ein au\u00dfergew\u00f6hnliches Erlebnis mit dem RandM Tornado 9000, einem Dampfger\u00e4t, das [&hellip;]<\/p>","protected":false},"featured_media":10315,"template":"","meta":{"inline_featured_image":false},"product_cat":[15,78,735,746,741,733,747,740,734,753,754,745,742,748,750,737,736,749,752,756,739,743,744,755,738,751],"product_tag":[710,709,684],"tiered_pricing_type":"fixed","tiered_pricing_fixed_rules":{"50":"7.92","110":"7.48","210":"7.04","510":"6.6","1100":"6.16"},"tiered_pricing_percentage_rules":[],"tiered_pricing_minimum":1,"_administrator_tiered_pricing_type":"fixed","_administrator_tiered_pricing_fixed_rules":[],"_editor_tiered_pricing_type":"fixed","_editor_tiered_pricing_fixed_rules":[],"_author_tiered_pricing_type":"fixed","_author_tiered_pricing_fixed_rules":[],"_contributor_tiered_pricing_type":"fixed","_contributor_tiered_pricing_fixed_rules":[],"_subscriber_tiered_pricing_type":"fixed","_subscriber_tiered_pricing_fixed_rules":[],"_customer_tiered_pricing_type":"fixed","_customer_tiered_pricing_fixed_rules":[],"_shop_manager_tiered_pricing_type":"fixed","_shop_manager_tiered_pricing_fixed_rules":[],"_wpseo_manager_tiered_pricing_type":"fixed","_wpseo_manager_tiered_pricing_fixed_rules":[],"_wpseo_editor_tiered_pricing_type":"fixed","_wpseo_editor_tiered_pricing_fixed_rules":[],"_wholesale_customer_tiered_pricing_type":"fixed","_wholesale_customer_tiered_pricing_fixed_rules":[],"_marketer_tiered_pricing_type":"fixed","_marketer_tiered_pricing_fixed_rules":[],"_sales_manager_tiered_pricing_type":"fixed","_sales_manager_tiered_pricing_fixed_rules":[],"_sales_rep_tiered_pricing_type":"fixed","_sales_rep_tiered_pricing_fixed_rules":[],"yoast_head":"<!-- This site is optimized with the Yoast SEO plugin v23.3 - https:\/\/yoast.com\/wordpress\/plugins\/seo\/ -->\n<title>Randm Tornado 9000 Einweg Vape 9000 Puffs Eu lagerraum | ElementVape.de<\/title>\n<meta name=\"description\" content=\"Wir bieten Randm Tornado 9000 Einweg Vape 9000 Puffs Eu lagerraum , Elementvape.de akzeptieren Gro\u00df-und Einzelhandel Bestellungen.\" \/>\n<meta name=\"robots\" content=\"index, follow, max-snippet:-1, max-image-preview:large, max-video-preview:-1\" \/>\n<link rel=\"canonical\" href=\"https:\/\/www.elementvape.de\/fi\/produkt\/randm-tornado-9000-einweg-vape-9000-puffs-eu-lagerraum\/\" \/>\n<meta property=\"og:locale\" content=\"fi_FI\" \/>\n<meta property=\"og:type\" content=\"article\" \/>\n<meta property=\"og:title\" content=\"Randm Tornado 9000 Einweg Vape 9000 Puffs Eu lagerraum | ElementVape.de\" \/>\n<meta property=\"og:description\" content=\"Wir bieten Randm Tornado 9000 Einweg Vape 9000 Puffs Eu lagerraum , Elementvape.de akzeptieren Gro\u00df-und Einzelhandel Bestellungen.\" \/>\n<meta property=\"og:url\" content=\"https:\/\/www.elementvape.de\/fi\/produkt\/randm-tornado-9000-einweg-vape-9000-puffs-eu-lagerraum\/\" \/>\n<meta property=\"og:site_name\" content=\"ElementVape.de\" \/>\n<meta property=\"article:modified_time\" content=\"2026-01-05T19:11:18+00:00\" \/>\n<meta property=\"og:image\" content=\"https:\/\/www.elementvape.de\/wp-content\/uploads\/2024\/04\/RandM-Tornado-9000-Puffs-10.webp\" \/>\n\t<meta property=\"og:image:width\" content=\"800\" \/>\n\t<meta property=\"og:image:height\" content=\"800\" \/>\n\t<meta property=\"og:image:type\" content=\"image\/webp\" \/>\n<meta name=\"twitter:card\" content=\"summary_large_image\" \/>\n<meta name=\"twitter:label1\" content=\"Est. reading time\" \/>\n\t<meta name=\"twitter:data1\" content=\"3 minuuttia\" \/>\n<script type=\"application\/ld+json\" class=\"yoast-schema-graph\">{\"@context\":\"https:\/\/schema.org\",\"@graph\":[{\"@type\":\"WebPage\",\"@id\":\"https:\/\/www.elementvape.de\/produkt\/randm-tornado-9000-einweg-vape-9000-puffs-eu-lagerraum\/\",\"url\":\"https:\/\/www.elementvape.de\/produkt\/randm-tornado-9000-einweg-vape-9000-puffs-eu-lagerraum\/\",\"name\":\"Randm Tornado 9000 Einweg Vape 9000 Puffs Eu lagerraum | ElementVape.de\",\"isPartOf\":{\"@id\":\"https:\/\/www.elementvape.de\/#website\"},\"primaryImageOfPage\":{\"@id\":\"https:\/\/www.elementvape.de\/produkt\/randm-tornado-9000-einweg-vape-9000-puffs-eu-lagerraum\/#primaryimage\"},\"image\":{\"@id\":\"https:\/\/www.elementvape.de\/produkt\/randm-tornado-9000-einweg-vape-9000-puffs-eu-lagerraum\/#primaryimage\"},\"thumbnailUrl\":\"https:\/\/www.elementvape.de\/wp-content\/uploads\/2024\/04\/RandM-Tornado-9000-Puffs-10.webp\",\"datePublished\":\"2024-04-29T08:01:21+00:00\",\"dateModified\":\"2026-01-05T19:11:18+00:00\",\"description\":\"Wir bieten Randm Tornado 9000 Einweg Vape 9000 Puffs Eu lagerraum , Elementvape.de akzeptieren Gro\u00df-und Einzelhandel Bestellungen.\",\"breadcrumb\":{\"@id\":\"https:\/\/www.elementvape.de\/produkt\/randm-tornado-9000-einweg-vape-9000-puffs-eu-lagerraum\/#breadcrumb\"},\"inLanguage\":\"fi\",\"potentialAction\":[{\"@type\":\"ReadAction\",\"target\":[\"https:\/\/www.elementvape.de\/produkt\/randm-tornado-9000-einweg-vape-9000-puffs-eu-lagerraum\/\"]}]},{\"@type\":\"ImageObject\",\"inLanguage\":\"fi\",\"@id\":\"https:\/\/www.elementvape.de\/produkt\/randm-tornado-9000-einweg-vape-9000-puffs-eu-lagerraum\/#primaryimage\",\"url\":\"https:\/\/www.elementvape.de\/wp-content\/uploads\/2024\/04\/RandM-Tornado-9000-Puffs-10.webp\",\"contentUrl\":\"https:\/\/www.elementvape.de\/wp-content\/uploads\/2024\/04\/RandM-Tornado-9000-Puffs-10.webp\",\"width\":800,\"height\":800},{\"@type\":\"BreadcrumbList\",\"@id\":\"https:\/\/www.elementvape.de\/produkt\/randm-tornado-9000-einweg-vape-9000-puffs-eu-lagerraum\/#breadcrumb\",\"itemListElement\":[{\"@type\":\"ListItem\",\"position\":1,\"name\":\"Home\",\"item\":\"https:\/\/www.elementvape.de\/\"},{\"@type\":\"ListItem\",\"position\":2,\"name\":\"Shop\",\"item\":\"https:\/\/www.elementvape.de\/shop\/\"},{\"@type\":\"ListItem\",\"position\":3,\"name\":\"Randm Tornado 9000 Einweg Vape 9000 Puffs Eu lagerraum\"}]},{\"@type\":\"WebSite\",\"@id\":\"https:\/\/www.elementvape.de\/#website\",\"url\":\"https:\/\/www.elementvape.de\/\",\"name\":\"ElementVape.de\",\"description\":\"\",\"publisher\":{\"@id\":\"https:\/\/www.elementvape.de\/#organization\"},\"potentialAction\":[{\"@type\":\"SearchAction\",\"target\":{\"@type\":\"EntryPoint\",\"urlTemplate\":\"https:\/\/www.elementvape.de\/?s={search_term_string}\"},\"query-input\":\"required name=search_term_string\"}],\"inLanguage\":\"fi\"},{\"@type\":\"Organization\",\"@id\":\"https:\/\/www.elementvape.de\/#organization\",\"name\":\"ElementVape.DE\",\"url\":\"https:\/\/www.elementvape.de\/\",\"logo\":{\"@type\":\"ImageObject\",\"inLanguage\":\"fi\",\"@id\":\"https:\/\/www.elementvape.de\/#\/schema\/logo\/image\/\",\"url\":\"https:\/\/www.elementvape.de\/wp-content\/uploads\/2024\/09\/cropped-1elementvape-3.png\",\"contentUrl\":\"https:\/\/www.elementvape.de\/wp-content\/uploads\/2024\/09\/cropped-1elementvape-3.png\",\"width\":285,\"height\":228,\"caption\":\"ElementVape.DE\"},\"image\":{\"@id\":\"https:\/\/www.elementvape.de\/#\/schema\/logo\/image\/\"}}]}<\/script>\n<!-- \/ Yoast SEO plugin. -->","yoast_head_json":{"title":"Randm Tornado 9000 Einweg Vape 9000 Puffs Eu lagerraum | ElementVape.de","description":"Wir bieten Randm Tornado 9000 Einweg Vape 9000 Puffs Eu lagerraum , Elementvape.de akzeptieren Gro\u00df-und Einzelhandel Bestellungen.","robots":{"index":"index","follow":"follow","max-snippet":"max-snippet:-1","max-image-preview":"max-image-preview:large","max-video-preview":"max-video-preview:-1"},"canonical":"https:\/\/www.elementvape.de\/fi\/produkt\/randm-tornado-9000-einweg-vape-9000-puffs-eu-lagerraum\/","og_locale":"fi_FI","og_type":"article","og_title":"Randm Tornado 9000 Einweg Vape 9000 Puffs Eu lagerraum | ElementVape.de","og_description":"Wir bieten Randm Tornado 9000 Einweg Vape 9000 Puffs Eu lagerraum , Elementvape.de akzeptieren Gro\u00df-und Einzelhandel Bestellungen.","og_url":"https:\/\/www.elementvape.de\/fi\/produkt\/randm-tornado-9000-einweg-vape-9000-puffs-eu-lagerraum\/","og_site_name":"ElementVape.de","article_modified_time":"2026-01-05T19:11:18+00:00","og_image":[{"width":800,"height":800,"url":"https:\/\/www.elementvape.de\/wp-content\/uploads\/2024\/04\/RandM-Tornado-9000-Puffs-10.webp","type":"image\/webp"}],"twitter_card":"summary_large_image","twitter_misc":{"Est. reading time":"3 minuuttia"},"schema":{"@context":"https:\/\/schema.org","@graph":[{"@type":"WebPage","@id":"https:\/\/www.elementvape.de\/produkt\/randm-tornado-9000-einweg-vape-9000-puffs-eu-lagerraum\/","url":"https:\/\/www.elementvape.de\/produkt\/randm-tornado-9000-einweg-vape-9000-puffs-eu-lagerraum\/","name":"Randm Tornado 9000 Einweg Vape 9000 Puffs Eu lagerraum | ElementVape.de","isPartOf":{"@id":"https:\/\/www.elementvape.de\/#website"},"primaryImageOfPage":{"@id":"https:\/\/www.elementvape.de\/produkt\/randm-tornado-9000-einweg-vape-9000-puffs-eu-lagerraum\/#primaryimage"},"image":{"@id":"https:\/\/www.elementvape.de\/produkt\/randm-tornado-9000-einweg-vape-9000-puffs-eu-lagerraum\/#primaryimage"},"thumbnailUrl":"https:\/\/www.elementvape.de\/wp-content\/uploads\/2024\/04\/RandM-Tornado-9000-Puffs-10.webp","datePublished":"2024-04-29T08:01:21+00:00","dateModified":"2026-01-05T19:11:18+00:00","description":"Wir bieten Randm Tornado 9000 Einweg Vape 9000 Puffs Eu lagerraum , Elementvape.de akzeptieren Gro\u00df-und Einzelhandel Bestellungen.","breadcrumb":{"@id":"https:\/\/www.elementvape.de\/produkt\/randm-tornado-9000-einweg-vape-9000-puffs-eu-lagerraum\/#breadcrumb"},"inLanguage":"fi","potentialAction":[{"@type":"ReadAction","target":["https:\/\/www.elementvape.de\/produkt\/randm-tornado-9000-einweg-vape-9000-puffs-eu-lagerraum\/"]}]},{"@type":"ImageObject","inLanguage":"fi","@id":"https:\/\/www.elementvape.de\/produkt\/randm-tornado-9000-einweg-vape-9000-puffs-eu-lagerraum\/#primaryimage","url":"https:\/\/www.elementvape.de\/wp-content\/uploads\/2024\/04\/RandM-Tornado-9000-Puffs-10.webp","contentUrl":"https:\/\/www.elementvape.de\/wp-content\/uploads\/2024\/04\/RandM-Tornado-9000-Puffs-10.webp","width":800,"height":800},{"@type":"BreadcrumbList","@id":"https:\/\/www.elementvape.de\/produkt\/randm-tornado-9000-einweg-vape-9000-puffs-eu-lagerraum\/#breadcrumb","itemListElement":[{"@type":"ListItem","position":1,"name":"Home","item":"https:\/\/www.elementvape.de\/"},{"@type":"ListItem","position":2,"name":"Shop","item":"https:\/\/www.elementvape.de\/shop\/"},{"@type":"ListItem","position":3,"name":"Randm Tornado 9000 Einweg Vape 9000 Puffs Eu lagerraum"}]},{"@type":"WebSite","@id":"https:\/\/www.elementvape.de\/#website","url":"https:\/\/www.elementvape.de\/","name":"ElementVape.de","description":"","publisher":{"@id":"https:\/\/www.elementvape.de\/#organization"},"potentialAction":[{"@type":"SearchAction","target":{"@type":"EntryPoint","urlTemplate":"https:\/\/www.elementvape.de\/?s={search_term_string}"},"query-input":"required name=search_term_string"}],"inLanguage":"fi"},{"@type":"Organization","@id":"https:\/\/www.elementvape.de\/#organization","name":"ElementVape.DE","url":"https:\/\/www.elementvape.de\/","logo":{"@type":"ImageObject","inLanguage":"fi","@id":"https:\/\/www.elementvape.de\/#\/schema\/logo\/image\/","url":"https:\/\/www.elementvape.de\/wp-content\/uploads\/2024\/09\/cropped-1elementvape-3.png","contentUrl":"https:\/\/www.elementvape.de\/wp-content\/uploads\/2024\/09\/cropped-1elementvape-3.png","width":285,"height":228,"caption":"ElementVape.DE"},"image":{"@id":"https:\/\/www.elementvape.de\/#\/schema\/logo\/image\/"}}]}},"_links":{"self":[{"href":"https:\/\/www.elementvape.de\/fi\/wp-json\/wp\/v2\/product\/10307"}],"collection":[{"href":"https:\/\/www.elementvape.de\/fi\/wp-json\/wp\/v2\/product"}],"about":[{"href":"https:\/\/www.elementvape.de\/fi\/wp-json\/wp\/v2\/types\/product"}],"wp:featuredmedia":[{"embeddable":true,"href":"https:\/\/www.elementvape.de\/fi\/wp-json\/wp\/v2\/media\/10315"}],"wp:attachment":[{"href":"https:\/\/www.elementvape.de\/fi\/wp-json\/wp\/v2\/media?parent=10307"}],"wp:term":[{"taxonomy":"product_cat","embeddable":true,"href":"https:\/\/www.elementvape.de\/fi\/wp-json\/wp\/v2\/product_cat?post=10307"},{"taxonomy":"product_tag","embeddable":true,"href":"https:\/\/www.elementvape.de\/fi\/wp-json\/wp\/v2\/product_tag?post=10307"}],"curies":[{"name":"wp","href":"https:\/\/api.w.org\/{rel}","templated":true}]}}