{"id":4868,"date":"2020-09-28T09:34:53","date_gmt":"2020-09-28T09:34:53","guid":{"rendered":"https:\/\/demo2wpopal.b-cdn.net\/shopic\/?page_id=4868"},"modified":"2025-12-11T03:34:22","modified_gmt":"2025-12-11T03:34:22","slug":"contact","status":"publish","type":"page","link":"https:\/\/www.elementvape.de\/fi\/contact\/","title":{"rendered":"Ota yhteytt\u00e4"},"content":{"rendered":"<div data-elementor-type=\"wp-page\" data-elementor-id=\"4868\" class=\"elementor elementor-4868\">\n\t\t\t\t\t\t<div class=\"elementor-section elementor-top-section elementor-element elementor-element-4bfd7b7 elementor-section-stretched elementor-section-boxed elementor-section-height-default elementor-section-height-default\" data-id=\"4bfd7b7\" data-element_type=\"section\" data-settings=\"{&quot;stretch_section&quot;:&quot;section-stretched&quot;}\">\n\t\t\t\t\t\t<div class=\"elementor-container elementor-column-gap-no\">\n\t\t\t\t\t<div class=\"elementor-column elementor-col-100 elementor-top-column elementor-element elementor-element-30d9831\" data-id=\"30d9831\" data-element_type=\"column\">\n\t\t\t<div class=\"elementor-widget-wrap elementor-element-populated\">\n\t\t\t\t\t\t<div class=\"elementor-element elementor-element-96f336d elementor-widget elementor-widget-heading\" data-id=\"96f336d\" data-element_type=\"widget\" data-widget_type=\"heading.default\">\n\t\t\t\t<div class=\"elementor-widget-container\">\n\t\t\t<style>\/*! elementor - v3.21.0 - 26-05-2024 *\/\n.elementor-heading-title{padding:0;margin:0;line-height:1}.elementor-widget-heading .elementor-heading-title[class*=elementor-size-]>a{color:inherit;font-size:inherit;line-height:inherit}.elementor-widget-heading .elementor-heading-title.elementor-size-small{font-size:15px}.elementor-widget-heading .elementor-heading-title.elementor-size-medium{font-size:19px}.elementor-widget-heading .elementor-heading-title.elementor-size-large{font-size:29px}.elementor-widget-heading .elementor-heading-title.elementor-size-xl{font-size:39px}.elementor-widget-heading .elementor-heading-title.elementor-size-xxl{font-size:59px}<\/style><h2 class=\"elementor-heading-title elementor-size-default\">Olemme t\u00e4\u00e4ll\u00e4 auttaaksemme<\/h2>\t\t<\/div>\n\t\t\t\t<\/div>\n\t\t\t\t<div class=\"elementor-element elementor-element-1a24295 elementor-widget elementor-widget-text-editor\" data-id=\"1a24295\" data-element_type=\"widget\" data-widget_type=\"text-editor.default\">\n\t\t\t\t<div class=\"elementor-widget-container\">\n\t\t\t<style>\/*! elementor - v3.21.0 - 26-05-2024 *\/\n.elementor-widget-text-editor.elementor-drop-cap-view-stacked .elementor-drop-cap{background-color:#69727d;color:#fff}.elementor-widget-text-editor.elementor-drop-cap-view-framed .elementor-drop-cap{color:#69727d;border:3px solid;background-color:transparent}.elementor-widget-text-editor:not(.elementor-drop-cap-view-default) .elementor-drop-cap{margin-top:8px}.elementor-widget-text-editor:not(.elementor-drop-cap-view-default) .elementor-drop-cap-letter{width:1em;height:1em}.elementor-widget-text-editor .elementor-drop-cap{float:left;text-align:center;line-height:1;font-size:50px}.elementor-widget-text-editor .elementor-drop-cap-letter{display:inline-block}<\/style>\t\t\t\t<p>Lis\u00e4tietoja h\u00f6yryst\u00e4misest\u00e4 saat ottamalla meihin yhteytt\u00e4\u00a0<\/p><p>S\u00e4hk\u00f6posti: elementvapede@gmail.com<\/p>\t\t\t\t\t\t<\/div>\n\t\t\t\t<\/div>\n\t\t\t\t\t<\/div>\n\t\t<\/div>\n\t\t\t\t\t<\/div>\n\t\t<\/div>\n\t\t\t\t<div class=\"elementor-section elementor-top-section elementor-element elementor-element-17cf6dc elementor-section-stretched elementor-section-boxed elementor-section-height-default elementor-section-height-default\" data-id=\"17cf6dc\" data-element_type=\"section\" data-settings=\"{&quot;stretch_section&quot;:&quot;section-stretched&quot;}\">\n\t\t\t\t\t\t<div class=\"elementor-container elementor-column-gap-no\">\n\t\t\t\t\t<div class=\"elementor-column elementor-col-50 elementor-top-column elementor-element elementor-element-af37e9c\" data-id=\"af37e9c\" data-element_type=\"column\">\n\t\t\t<div class=\"elementor-widget-wrap elementor-element-populated\">\n\t\t\t\t\t\t<div class=\"elementor-element elementor-element-9927083 elementor-widget elementor-widget-heading\" data-id=\"9927083\" data-element_type=\"widget\" data-widget_type=\"heading.default\">\n\t\t\t\t<div class=\"elementor-widget-container\">\n\t\t\t<h2 class=\"elementor-heading-title elementor-size-default\">ota yhteytt\u00e4 meihin<\/h2>\t\t<\/div>\n\t\t\t\t<\/div>\n\t\t\t\t<div class=\"elementor-element elementor-element-34fdafb elementor-widget elementor-widget-shopic-contactform\" data-id=\"34fdafb\" data-element_type=\"widget\" data-widget_type=\"shopic-contactform.default\">\n\t\t\t\t<div class=\"elementor-widget-container\">\n\t\t\t\n<div class=\"wpcf7 no-js\" id=\"wpcf7-f6438-o1\" lang=\"en-US\" dir=\"ltr\">\n<div class=\"screen-reader-response\"><p role=\"status\" aria-live=\"polite\" aria-atomic=\"true\"><\/p> <ul><\/ul><\/div>\n<form action=\"\/fi\/wp-json\/wp\/v2\/pages\/4868#wpcf7-f6438-o1\" method=\"post\" class=\"wpcf7-form init\" aria-label=\"Yhteydenottolomake\" novalidate=\"novalidate\" data-status=\"init\" data-trp-original-action=\"\/fi\/wp-json\/wp\/v2\/pages\/4868#wpcf7-f6438-o1\">\n<div style=\"display: none;\">\n<input type=\"hidden\" name=\"_wpcf7\" value=\"6438\" \/>\n<input type=\"hidden\" name=\"_wpcf7_version\" value=\"5.9.8\" \/>\n<input type=\"hidden\" name=\"_wpcf7_locale\" value=\"en_US\" \/>\n<input type=\"hidden\" name=\"_wpcf7_unit_tag\" value=\"wpcf7-f6438-o1\" \/>\n<input type=\"hidden\" name=\"_wpcf7_container_post\" value=\"0\" \/>\n<input type=\"hidden\" name=\"_wpcf7_posted_data_hash\" value=\"\" \/>\n<\/div>\n<form>\n\t<div>\n\t\t<p><span class=\"wpcf7-form-control-wrap\" data-name=\"your-name\"><input size=\"40\" maxlength=\"400\" class=\"wpcf7-form-control wpcf7-text wpcf7-validates-as-required\" aria-required=\"true\" aria-invalid=\"false\" placeholder=\"Nimesi*\" value=\"\" type=\"text\" name=\"your-name\" \/><\/span>\n\t\t<\/p>\n\t<\/div>\n\t<div>\n\t\t<p><span class=\"wpcf7-form-control-wrap\" data-name=\"your-email\"><input size=\"40\" maxlength=\"400\" class=\"wpcf7-form-control wpcf7-email wpcf7-validates-as-required wpcf7-text wpcf7-validates-as-email\" aria-required=\"true\" aria-invalid=\"false\" placeholder=\"S\u00e4hk\u00f6postisi*\" value=\"\" type=\"email\" name=\"your-email\" \/><\/span>\n\t\t<\/p>\n\t<\/div>\n\t<div>\n\t\t<p><span class=\"wpcf7-form-control-wrap\" data-name=\"textarea\"><textarea cols=\"40\" rows=\"10\" maxlength=\"2000\" class=\"wpcf7-form-control wpcf7-textarea\" aria-invalid=\"false\" placeholder=\"Viesti\" name=\"textarea\"><\/textarea><\/span>\n\t\t<\/p>\n\t<\/div>\n\t<div>\n\t\t<p><input class=\"wpcf7-form-control wpcf7-submit has-spinner\" type=\"submit\" value=\"l\u00e4het\u00e4 viesti\" \/>\n\t\t<\/p>\n\t<\/div>\n\t<form>\n\t<\/form>\n<\/form><div class=\"wpcf7-response-output\" aria-hidden=\"true\"><\/div>\n<input type=\"hidden\" name=\"trp-form-language\" value=\"fi\"\/><\/form>\n<\/div>\n\t\t<\/div>\n\t\t\t\t<\/div>\n\t\t\t\t\t<\/div>\n\t\t<\/div>\n\t\t\t\t<div class=\"elementor-column elementor-col-50 elementor-top-column elementor-element elementor-element-f880ff0\" data-id=\"f880ff0\" data-element_type=\"column\">\n\t\t\t<div class=\"elementor-widget-wrap elementor-element-populated\">\n\t\t\t\t\t\t<div class=\"elementor-element elementor-element-551b4a2 elementor-widget elementor-widget-text-editor\" data-id=\"551b4a2\" data-element_type=\"widget\" data-widget_type=\"text-editor.default\">\n\t\t\t\t<div class=\"elementor-widget-container\">\n\t\t\t\t\t\t\t<p>Tervetuloa E-savukkeiden verkkosivustolleni. Jos haluat r\u00e4\u00e4t\u00e4l\u00f6idyn e-savukkeen tai teet tilauksen r\u00e4\u00e4t\u00e4l\u00f6idyst\u00e4 e-savukkeesta, valmistamme sen mielell\u00e4mme sinulle.<\/p><p><br \/>OEM-kokonaispalvelu<br \/>OEM-kokonaispalvelun edut:<br \/>Haluatko markkinoida tuotettasi, mutta et halua sijoittaa koko rahaa konepajan, henkil\u00f6st\u00f6n jne. hankintaan? Haluatko keskitty\u00e4 myyntiin ja markkinointiin?<\/p><p>Voimme valmistaa sinulle 10 ml neste- tai shake-e-savukkeita eri kokoisina (50 in 60 | 100 in 120).<\/p><p>Tarjoamme sinulle t\u00e4ydellisen ratkaisun.<\/p><p>Voit valita suosikkilajikkeesi olemassa olevista tuotteistamme. Tietysti merkitsemme ja valmistamme sen puolestasi.<br \/>Kehit\u00e4mme kanssasi t\u00e4ysin uusia tuotteita ja makuja. T\u00e4yt\u00e4mme n\u00e4m\u00e4 tiedot puolestasi, jotta ne t\u00e4ytt\u00e4v\u00e4t voimassa olevat lait.<br \/>Kaikki, mit\u00e4 tarvitset, on yritys, joka voi sekoittaa erityisi\u00e4 ainesliuoksiasi, ja me voimme tehd\u00e4 sen puolestasi.<br \/>Tai sinulla on makusi valmiina ja haluat vahvan kumppanin, joka ei huolehdi vain pullotuksesta, vaan my\u00f6s ammattimaisesta sekoituksesta ja neuvoo sinua tietenkin parhaalla mahdollisella tavalla oikeudellisesta tilanteesta.<br \/>Meilt\u00e4 saat tarvitsemiasi ja haluamiasi palveluita, ei enemp\u00e4\u00e4.<\/p><p>Jos haluat vain tiet\u00e4\u00e4, miten t\u00e4llainen toteutetaan, \u00e4l\u00e4 ep\u00e4r\u00f6i ottaa yhteytt\u00e4 meihin. Se ei ole todellakaan niin kallista kuin luulet.<\/p><p>Panostamme suuresti palveluun ja asiakastyytyv\u00e4isyyteen. Kun olemme sopineet ensimm\u00e4isest\u00e4 vaiheesta s\u00e4hk\u00f6postitse tai puhelimitse, sovimme tapaamisen paikan p\u00e4\u00e4ll\u00e4 ja huolehdimme lopusta, jotta voimme valmistaa tuotteen optimaalisesti ja joustavasti. Sinulle.<\/p><p>Elementvape.de ODM tukee:<br \/>\u2665 Makuasetukset<\/p><p>\u2665 Ulkon\u00e4\u00f6n muokkaus<\/p><p>\u2665 K\u00e4sity\u00f6muokkaus<\/p><p>\u2665 V\u00e4rihienos\u00e4\u00e4t\u00f6<\/p><p>\u2665 Paketin s\u00e4\u00e4t\u00f6<\/p><p>\u2665 Logon s\u00e4\u00e4t\u00f6<\/p><p>lis\u00e4\u00e4\u2026\u2026.<\/p><p>OEM\/ODM-asiakaspalvelu ja muut OEM\/ODM-yksitt\u00e4iset s\u00e4hk\u00f6tupakat ovat saatavilla verkossa.<\/p><p>Vastaamme s\u00e4hk\u00f6postiviestiisi mahdollisimman pian!<\/p>\t\t\t\t\t\t<\/div>\n\t\t\t\t<\/div>\n\t\t\t\t\t<\/div>\n\t\t<\/div>\n\t\t\t\t\t<\/div>\n\t\t<\/div>\n\t\t\t\t<\/div>","protected":false},"excerpt":{"rendered":"<p>Wir sind hier um zu helfen F\u00fcr weitere Informationen zum Thema Dampfen kontaktieren Sie uns bitte per\u00a0 E-Mail: elementvapede@gmail.com kontaktiere uns Willkommen auf meiner E-Zigaretten-Website. Wenn Sie eine individuelle E-Zigarette w\u00fcnschen oder eine Bestellung f\u00fcr eine individuelle E-Zigarette haben, fertigen wir diese gerne f\u00fcr Sie an. OEM-Full-ServiceVorteile des OEM-Full-Service:Sie m\u00f6chten Ihr Produkt vermarkten, aber nicht [&hellip;]<\/p>","protected":false},"author":1,"featured_media":0,"parent":0,"menu_order":0,"comment_status":"closed","ping_status":"closed","template":"elementor_header_footer","meta":{"inline_featured_image":false,"footnotes":""},"yoast_head":"<!-- This site is optimized with the Yoast SEO plugin v23.3 - https:\/\/yoast.com\/wordpress\/plugins\/seo\/ -->\n<title>Contact-ElementVapede<\/title>\n<meta name=\"description\" content=\"Das ElementVape.de-Team bietet Einblicke in internationale E-Zigarettenpolitik, mehr Vape-Wissen und hilfreiche Tipps. Kanal abonnieren.&quot;\" \/>\n<meta name=\"robots\" content=\"index, follow, max-snippet:-1, max-image-preview:large, max-video-preview:-1\" \/>\n<link rel=\"canonical\" href=\"https:\/\/www.elementvape.de\/fi\/contact\/\" \/>\n<meta property=\"og:locale\" content=\"fi_FI\" \/>\n<meta property=\"og:type\" content=\"article\" \/>\n<meta property=\"og:title\" content=\"Contact-ElementVapede\" \/>\n<meta property=\"og:description\" content=\"Das ElementVape.de-Team bietet Einblicke in internationale E-Zigarettenpolitik, mehr Vape-Wissen und hilfreiche Tipps. Kanal abonnieren.&quot;\" \/>\n<meta property=\"og:url\" content=\"https:\/\/www.elementvape.de\/fi\/contact\/\" \/>\n<meta property=\"og:site_name\" content=\"ElementVape.de\" \/>\n<meta property=\"article:modified_time\" content=\"2025-12-11T03:34:22+00:00\" \/>\n<meta name=\"twitter:card\" content=\"summary_large_image\" \/>\n<meta name=\"twitter:label1\" content=\"Est. reading time\" \/>\n\t<meta name=\"twitter:data1\" content=\"2 minuuttia\" \/>\n<script type=\"application\/ld+json\" class=\"yoast-schema-graph\">{\"@context\":\"https:\/\/schema.org\",\"@graph\":[{\"@type\":\"WebPage\",\"@id\":\"https:\/\/www.elementvape.de\/contact\/\",\"url\":\"https:\/\/www.elementvape.de\/contact\/\",\"name\":\"Contact-ElementVapede\",\"isPartOf\":{\"@id\":\"https:\/\/www.elementvape.de\/#website\"},\"datePublished\":\"2020-09-28T09:34:53+00:00\",\"dateModified\":\"2025-12-11T03:34:22+00:00\",\"description\":\"Das ElementVape.de-Team bietet Einblicke in internationale E-Zigarettenpolitik, mehr Vape-Wissen und hilfreiche Tipps. Kanal abonnieren.\\\"\",\"breadcrumb\":{\"@id\":\"https:\/\/www.elementvape.de\/contact\/#breadcrumb\"},\"inLanguage\":\"fi\",\"potentialAction\":[{\"@type\":\"ReadAction\",\"target\":[\"https:\/\/www.elementvape.de\/contact\/\"]}]},{\"@type\":\"BreadcrumbList\",\"@id\":\"https:\/\/www.elementvape.de\/contact\/#breadcrumb\",\"itemListElement\":[{\"@type\":\"ListItem\",\"position\":1,\"name\":\"Home\",\"item\":\"https:\/\/www.elementvape.de\/\"},{\"@type\":\"ListItem\",\"position\":2,\"name\":\"Contact\"}]},{\"@type\":\"WebSite\",\"@id\":\"https:\/\/www.elementvape.de\/#website\",\"url\":\"https:\/\/www.elementvape.de\/\",\"name\":\"ElementVape.de\",\"description\":\"\",\"publisher\":{\"@id\":\"https:\/\/www.elementvape.de\/#organization\"},\"potentialAction\":[{\"@type\":\"SearchAction\",\"target\":{\"@type\":\"EntryPoint\",\"urlTemplate\":\"https:\/\/www.elementvape.de\/?s={search_term_string}\"},\"query-input\":\"required name=search_term_string\"}],\"inLanguage\":\"fi\"},{\"@type\":\"Organization\",\"@id\":\"https:\/\/www.elementvape.de\/#organization\",\"name\":\"ElementVape.DE\",\"url\":\"https:\/\/www.elementvape.de\/\",\"logo\":{\"@type\":\"ImageObject\",\"inLanguage\":\"fi\",\"@id\":\"https:\/\/www.elementvape.de\/#\/schema\/logo\/image\/\",\"url\":\"https:\/\/www.elementvape.de\/wp-content\/uploads\/2024\/09\/cropped-1elementvape-3.png\",\"contentUrl\":\"https:\/\/www.elementvape.de\/wp-content\/uploads\/2024\/09\/cropped-1elementvape-3.png\",\"width\":285,\"height\":228,\"caption\":\"ElementVape.DE\"},\"image\":{\"@id\":\"https:\/\/www.elementvape.de\/#\/schema\/logo\/image\/\"}}]}<\/script>\n<!-- \/ Yoast SEO plugin. -->","yoast_head_json":{"title":"Contact-ElementVapede","description":"Das ElementVape.de-Team bietet Einblicke in internationale E-Zigarettenpolitik, mehr Vape-Wissen und hilfreiche Tipps. Kanal abonnieren.\"","robots":{"index":"index","follow":"follow","max-snippet":"max-snippet:-1","max-image-preview":"max-image-preview:large","max-video-preview":"max-video-preview:-1"},"canonical":"https:\/\/www.elementvape.de\/fi\/contact\/","og_locale":"fi_FI","og_type":"article","og_title":"Contact-ElementVapede","og_description":"Das ElementVape.de-Team bietet Einblicke in internationale E-Zigarettenpolitik, mehr Vape-Wissen und hilfreiche Tipps. Kanal abonnieren.\"","og_url":"https:\/\/www.elementvape.de\/fi\/contact\/","og_site_name":"ElementVape.de","article_modified_time":"2025-12-11T03:34:22+00:00","twitter_card":"summary_large_image","twitter_misc":{"Est. reading time":"2 minuuttia"},"schema":{"@context":"https:\/\/schema.org","@graph":[{"@type":"WebPage","@id":"https:\/\/www.elementvape.de\/contact\/","url":"https:\/\/www.elementvape.de\/contact\/","name":"Contact-ElementVapede","isPartOf":{"@id":"https:\/\/www.elementvape.de\/#website"},"datePublished":"2020-09-28T09:34:53+00:00","dateModified":"2025-12-11T03:34:22+00:00","description":"Das ElementVape.de-Team bietet Einblicke in internationale E-Zigarettenpolitik, mehr Vape-Wissen und hilfreiche Tipps. Kanal abonnieren.\"","breadcrumb":{"@id":"https:\/\/www.elementvape.de\/contact\/#breadcrumb"},"inLanguage":"fi","potentialAction":[{"@type":"ReadAction","target":["https:\/\/www.elementvape.de\/contact\/"]}]},{"@type":"BreadcrumbList","@id":"https:\/\/www.elementvape.de\/contact\/#breadcrumb","itemListElement":[{"@type":"ListItem","position":1,"name":"Home","item":"https:\/\/www.elementvape.de\/"},{"@type":"ListItem","position":2,"name":"Contact"}]},{"@type":"WebSite","@id":"https:\/\/www.elementvape.de\/#website","url":"https:\/\/www.elementvape.de\/","name":"ElementVape.de","description":"","publisher":{"@id":"https:\/\/www.elementvape.de\/#organization"},"potentialAction":[{"@type":"SearchAction","target":{"@type":"EntryPoint","urlTemplate":"https:\/\/www.elementvape.de\/?s={search_term_string}"},"query-input":"required name=search_term_string"}],"inLanguage":"fi"},{"@type":"Organization","@id":"https:\/\/www.elementvape.de\/#organization","name":"ElementVape.DE","url":"https:\/\/www.elementvape.de\/","logo":{"@type":"ImageObject","inLanguage":"fi","@id":"https:\/\/www.elementvape.de\/#\/schema\/logo\/image\/","url":"https:\/\/www.elementvape.de\/wp-content\/uploads\/2024\/09\/cropped-1elementvape-3.png","contentUrl":"https:\/\/www.elementvape.de\/wp-content\/uploads\/2024\/09\/cropped-1elementvape-3.png","width":285,"height":228,"caption":"ElementVape.DE"},"image":{"@id":"https:\/\/www.elementvape.de\/#\/schema\/logo\/image\/"}}]}},"_links":{"self":[{"href":"https:\/\/www.elementvape.de\/fi\/wp-json\/wp\/v2\/pages\/4868"}],"collection":[{"href":"https:\/\/www.elementvape.de\/fi\/wp-json\/wp\/v2\/pages"}],"about":[{"href":"https:\/\/www.elementvape.de\/fi\/wp-json\/wp\/v2\/types\/page"}],"author":[{"embeddable":true,"href":"https:\/\/www.elementvape.de\/fi\/wp-json\/wp\/v2\/users\/1"}],"replies":[{"embeddable":true,"href":"https:\/\/www.elementvape.de\/fi\/wp-json\/wp\/v2\/comments?post=4868"}],"version-history":[{"count":18,"href":"https:\/\/www.elementvape.de\/fi\/wp-json\/wp\/v2\/pages\/4868\/revisions"}],"predecessor-version":[{"id":16678,"href":"https:\/\/www.elementvape.de\/fi\/wp-json\/wp\/v2\/pages\/4868\/revisions\/16678"}],"wp:attachment":[{"href":"https:\/\/www.elementvape.de\/fi\/wp-json\/wp\/v2\/media?parent=4868"}],"curies":[{"name":"wp","href":"https:\/\/api.w.org\/{rel}","templated":true}]}}