{"id":14259,"date":"2024-09-10T07:29:15","date_gmt":"2024-09-10T07:29:15","guid":{"rendered":"https:\/\/www.elementvape.de\/?page_id=14259"},"modified":"2025-12-11T07:00:30","modified_gmt":"2025-12-11T07:00:30","slug":"terms-conditions","status":"publish","type":"page","link":"https:\/\/www.elementvape.de\/fi\/terms-conditions\/","title":{"rendered":"Myyntiehdot"},"content":{"rendered":"<h2 class=\"wp-block-heading\"><strong>Yleiset ehdot (AGB) ja k\u00e4ytt\u00f6ehdot<\/strong><\/h2>\n\n\n\n<p><strong>OLE HYVIN LUKENEEN N\u00c4M\u00c4N K\u00c4YTT\u00d6EHDOT ENNEN KUIN K\u00c4YT\u00c4T T\u00c4T\u00c4 VERKKOSIVUSTOA.<\/strong> P\u00c4\u00c4STYESS\u00c4SI T\u00c4H\u00c4N VERKKOSIVUSTOON JA K\u00c4YTT\u00c4ESS\u00c4SI SIT\u00c4 V\u00c4LIT\u00c4T, ETT\u00c4 OLET Lukenut JA YMM\u00c4RRETTY N\u00c4M\u00c4T EHDOT JA HYV\u00c4KSYT NE. JOS ET HYV\u00c4KSY N\u00c4IT\u00c4 EHTOJA, ET SAA K\u00c4YTT\u00c4\u00c4 VERKKOSIVUSTOA.<\/p>\n\n\n\n<h3 class=\"wp-block-heading\">1. Suostumus ehtoihin<\/h3>\n\n\n\n<p>K\u00e4ytett\u00e4ess\u00e4 verkkosivustoa <strong>Elementvape<\/strong> (j\u00e4ljemp\u00e4n\u00e4 \u201everkkosivusto\u201c) tai klikkaamalla \u201eHyv\u00e4ksyn\u201c vahvistat k\u00e4ytt\u00e4j\u00e4n\u00e4 suostuvasi n\u00e4ihin yleisiin liiketoimintaehtoihin. Elementvape pid\u00e4tt\u00e4\u00e4 oikeuden est\u00e4\u00e4 tai lopettaa p\u00e4\u00e4sysi verkkosivustolle milloin tahansa ja ilman ennakkoilmoitusta, erityisesti rikkomusten tai voimassa olevien ohjeiden rikkomisen yhteydess\u00e4.<\/p>\n\n\n\n<h3 class=\"wp-block-heading\">2. Ik\u00e4rajoitus (Nuorisosuoja)<\/h3>\n\n\n\n<p><strong>T\u00c4RKE\u00c4 HUOMAUTUS: SINUN T\u00c4YTYY OLLA LAINS\u00c4\u00c4D\u00c4NN\u00d6N MUKAINEN MINIMIK\u00c4\u00c4R\u00c4 TAVOITTEESSA OSTAESSASI TUPAKKA- TAI S\u00c4HK\u00d6TUPAKKAVARUUKSIA.<\/strong><\/p>\n\n\n\n<p>T\u00e4m\u00e4 sopimus ja verkkosivuston k\u00e4ytt\u00f6 on tarkoitettu vain henkil\u00f6ille, jotka ovat saavuttaneet laillisen v\u00e4himm\u00e4is-i\u00e4n (monissa oikeusalueissa 18 tai 21 vuotta). Jos et t\u00e4yt\u00e4 t\u00e4t\u00e4 vaatimusta, poistu v\u00e4litt\u00f6m\u00e4sti sivustolta. Emme salli poikkeuksia t\u00e4h\u00e4n s\u00e4\u00e4nt\u00f6\u00f6n.<\/p>\n\n\n\n<p><em>Huomautus: Elementvape myy tuotteitaan ja palveluitaan vain aikuisille. Jos havaitsemme, ettet t\u00e4yt\u00e4 ik\u00e4vaatimuksia (v\u00e4hint\u00e4\u00e4n 21 vuotta, ellei toisin s\u00e4\u00e4det\u00e4 laissa), Elementvape kielt\u00e4ytyy palvelusta ja sulkee tilisi v\u00e4litt\u00f6m\u00e4sti.<\/em><\/p>\n\n\n\n<h3 class=\"wp-block-heading\">3. Tietosuoja<\/h3>\n\n\n\n<p>Ymm\u00e4rt\u00e4\u00e4ksesi liiketoimintak\u00e4yt\u00e4nt\u00f6mme ja tietojesi k\u00e4sittelyn kokonaisuudessaan, lue meid\u00e4n <strong>[Tietosuojak\u00e4yt\u00e4nt\u00f6]<\/strong> (Linkki tietosuojasivulle), joka koskee my\u00f6s t\u00e4m\u00e4n verkkosivuston k\u00e4ytt\u00f6\u00e4.<\/p>\n\n\n\n<h3 class=\"wp-block-heading\">4. K\u00e4ytt\u00f6licenssi ja verkkosivuston p\u00e4\u00e4sy<\/h3>\n\n\n\n<p>Hyv\u00e4ksym\u00e4ll\u00e4 t\u00e4m\u00e4n sopimuksen Elementvape my\u00f6nt\u00e4\u00e4 sinulle rajoitetun, ei-yksinoikeudellisen ja siirrett\u00e4v\u00e4n lisenssin k\u00e4ytt\u00e4\u00e4 t\u00e4t\u00e4 verkkosivustoa henkil\u00f6kohtaisiin ostotarkoituksiin.<\/p>\n\n\n\n<ul>\n<li>Sitoudut olemaan tekem\u00e4tt\u00e4 v\u00e4\u00e4ri\u00e4 tai petollisia ilmoituksia saadaksesi p\u00e4\u00e4syn t\u00e4h\u00e4n verkkosivustoon.<\/li>\n\n\n\n<li>Hyv\u00e4ksyt, ett\u00e4 kaikki t\u00e4m\u00e4n verkkosivuston sis\u00e4lt\u00f6, suunnittelu ja palvelut ovat Elementvapen immateriaalioikeuksia ja ne on suojattu tekij\u00e4noikeuksilla, tavaramerkeill\u00e4 sek\u00e4 muilla kansainv\u00e4lisill\u00e4 suojaoikeuksilla.<\/li>\n\n\n\n<li>Kaikki oikeudet, joita t\u00e4ss\u00e4 ei nimenomaisesti my\u00f6nnet\u00e4, pid\u00e4tet\u00e4\u00e4n Elementvapen toimesta.<\/li>\n<\/ul>\n\n\n\n<h3 class=\"wp-block-heading\">5. K\u00e4ytt\u00e4j\u00e4tilisi<\/h3>\n\n\n\n<p>Kun luot tilin t\u00e4ll\u00e4 verkkosivustolla, olet vastuussa tilitietojesi ja salasanasi luottamuksellisuuden s\u00e4ilytt\u00e4misest\u00e4 sek\u00e4 p\u00e4\u00e4syn rajoittamisesta tietokoneeseesi. Vakuutat ottavasi vastuun kaikesta toiminnasta, joka tapahtuu tilisi tai salasanasi alla.<\/p>\n\n\n\n<h3 class=\"wp-block-heading\">6. K\u00e4ytt\u00e4j\u00e4osallistuminen ja viestint\u00e4<\/h3>\n\n\n\n<p>Kaikki materiaali, tiedot, ideat tai muu viestint\u00e4, jonka l\u00e4het\u00e4t tai julkaiset t\u00e4ll\u00e4 verkkosivustolla, katsotaan ei-luottamukselliseksi ja tekij\u00e4noikeuksien suojaamattomaksi. Elementvape on oikeutettu k\u00e4ytt\u00e4m\u00e4\u00e4n n\u00e4it\u00e4 sis\u00e4lt\u00f6j\u00e4 rajoituksetta kaupallisiin tai ei-kaupallisiin tarkoituksiin.<\/p>\n\n\n\n<h3 class=\"wp-block-heading\">7. Takuu, toimitus ja palautukset<\/h3>\n\n\n\n<p>Lis\u00e4tietoja takuuehdoistamme, toimitusohjeistamme ja palautusprosesseistamme l\u00f6yd\u00e4t erilliselt\u00e4 sivulta <strong>\u201eTakuu, toimitus ja palautukset\u201c<\/strong>. N\u00e4m\u00e4 ohjeet ovat osa n\u00e4it\u00e4 k\u00e4ytt\u00f6ehtoja.<\/p>\n\n\n\n<h3 class=\"wp-block-heading\">8. Tekij\u00e4noikeus (Copyright)<\/h3>\n\n\n\n<p>Koko t\u00e4m\u00e4n verkkosivuston sis\u00e4lt\u00f6 (mukaan lukien tekstit, grafiikat, logot, kuvat) on Elementvapen omistuksessa. Kukaan materiaali ei saa kopioida, j\u00e4ljent\u00e4\u00e4, uudelleen julkaista, ladata tai levitt\u00e4\u00e4 muulla tavalla ilman Elementvapen nimenomaista kirjallista lupaa.<\/p>\n\n\n\n<h3 class=\"wp-block-heading\">9. Vastuuvapauslauseke<\/h3>\n\n\n\n<p>T\u00e4m\u00e4 verkkosivusto ja kaikki siihen sis\u00e4ltyv\u00e4t tiedot, sis\u00e4ll\u00f6t, materiaalit ja tuotteet toimitetaan Elementvapen toimesta 'sellaisena kuin on' ('as is') ja 'kuten saatavilla' ('as available'). Elementvape ei anna nimenomaisia tai hiljaisia takuita verkkosivuston toimivuudesta tai sis\u00e4lt\u00f6jen oikeellisuudesta, niin pitk\u00e4lle kuin laki sallii.<\/p>\n\n\n\n<h3 class=\"wp-block-heading\">10. Sovellettava laki ja oikeuspaikka<\/h3>\n\n\n\n<p>T\u00e4t\u00e4 verkkosivustoa yll\u00e4pit\u00e4\u00e4 <strong>Suomi<\/strong> ja t\u00e4m\u00e4 k\u00e4ytt\u00f6ehtosopimus sek\u00e4 kaikki siit\u00e4 johtuvat riidat alistetaan Suomen lakien alaisiksi, riippumatta mahdollisista lainvalintas\u00e4\u00e4nn\u00f6ksist\u00e4.<\/p>\n\n\n\n<h3 class=\"wp-block-heading\">11. K\u00e4ytt\u00f6ehtojen muutokset<\/h3>\n\n\n\n<p>Elementvape pid\u00e4tt\u00e4\u00e4 oikeuden p\u00e4ivitt\u00e4\u00e4 tai muuttaa n\u00e4it\u00e4 k\u00e4ytt\u00f6ehtoja milloin tahansa oman harkintansa mukaan. On sinun vastuullasi tarkistaa t\u00e4m\u00e4 sivu s\u00e4\u00e4nn\u00f6llisesti mahdollisten muutosten varalta. Sivuston jatkuva k\u00e4ytt\u00f6 muutosten j\u00e4lkeen katsotaan suostumukseksi n\u00e4ihin muutoksiin.<\/p>\n\n\n\n<h3 class=\"wp-block-heading\">12. Tulkinnoikeuslauseke<\/h3>\n\n\n\n<p>N\u00e4iden ehtojen ja verkkosivuston sis\u00e4lt\u00f6jen lopullinen tulkintaoikeus, niin pitk\u00e4lle kuin laki sallii, on Elementvapella.<\/p>","protected":false},"excerpt":{"rendered":"<p>Allgemeine Gesch\u00e4ftsbedingungen (AGB) &amp; Nutzungsbedingungen BITTE LESEN SIE DIESE NUTZUNGSBEDINGUNGEN SORGF\u00c4LTIG DURCH, BEVOR SIE DIESE WEBSITE NUTZEN. DURCH DEN ZUGRIFF AUF UND DIE NUTZUNG DIESER WEBSITE BEST\u00c4TIGEN SIE, DASS SIE DIESE BEDINGUNGEN GELESEN UND VERSTANDEN HABEN UND DIESEN ZUSTIMMEN. WENN SIE DIESEN BEDINGUNGEN NICHT ZUSTIMMEN, D\u00dcRFEN SIE DIE WEBSITE NICHT NUTZEN. 1. Zustimmung zu den [&hellip;]<\/p>","protected":false},"author":3,"featured_media":0,"parent":0,"menu_order":0,"comment_status":"closed","ping_status":"closed","template":"","meta":{"inline_featured_image":false,"footnotes":""},"yoast_head":"<!-- This site is optimized with the Yoast SEO plugin v23.3 - https:\/\/yoast.com\/wordpress\/plugins\/seo\/ -->\n<title>Gesch\u00e4ftsbedingungen<\/title>\n<meta name=\"description\" content=\"Unsere Nutzungsbedingungen regeln Altersanforderungen, Datenschutz, Rechte und Pflichten f\u00fcr eine sichere und rechtskonforme Nutzung unserer Website.\" \/>\n<meta name=\"robots\" content=\"index, follow, max-snippet:-1, max-image-preview:large, max-video-preview:-1\" \/>\n<link rel=\"canonical\" href=\"https:\/\/www.elementvape.de\/fi\/terms-conditions\/\" \/>\n<meta property=\"og:locale\" content=\"fi_FI\" \/>\n<meta property=\"og:type\" content=\"article\" \/>\n<meta property=\"og:title\" content=\"Gesch\u00e4ftsbedingungen\" \/>\n<meta property=\"og:description\" content=\"Unsere Nutzungsbedingungen regeln Altersanforderungen, Datenschutz, Rechte und Pflichten f\u00fcr eine sichere und rechtskonforme Nutzung unserer Website.\" \/>\n<meta property=\"og:url\" content=\"https:\/\/www.elementvape.de\/fi\/terms-conditions\/\" \/>\n<meta property=\"og:site_name\" content=\"ElementVape.de\" \/>\n<meta property=\"article:modified_time\" content=\"2025-12-11T07:00:30+00:00\" \/>\n<meta name=\"twitter:card\" content=\"summary_large_image\" \/>\n<meta name=\"twitter:label1\" content=\"Est. reading time\" \/>\n\t<meta name=\"twitter:data1\" content=\"4 minuuttia\" \/>\n<script type=\"application\/ld+json\" class=\"yoast-schema-graph\">{\"@context\":\"https:\/\/schema.org\",\"@graph\":[{\"@type\":\"WebPage\",\"@id\":\"https:\/\/www.elementvape.de\/terms-conditions\/\",\"url\":\"https:\/\/www.elementvape.de\/terms-conditions\/\",\"name\":\"Gesch\u00e4ftsbedingungen\",\"isPartOf\":{\"@id\":\"https:\/\/www.elementvape.de\/#website\"},\"datePublished\":\"2024-09-10T07:29:15+00:00\",\"dateModified\":\"2025-12-11T07:00:30+00:00\",\"description\":\"Unsere Nutzungsbedingungen regeln Altersanforderungen, Datenschutz, Rechte und Pflichten f\u00fcr eine sichere und rechtskonforme Nutzung unserer Website.\",\"breadcrumb\":{\"@id\":\"https:\/\/www.elementvape.de\/terms-conditions\/#breadcrumb\"},\"inLanguage\":\"fi\",\"potentialAction\":[{\"@type\":\"ReadAction\",\"target\":[\"https:\/\/www.elementvape.de\/terms-conditions\/\"]}]},{\"@type\":\"BreadcrumbList\",\"@id\":\"https:\/\/www.elementvape.de\/terms-conditions\/#breadcrumb\",\"itemListElement\":[{\"@type\":\"ListItem\",\"position\":1,\"name\":\"Home\",\"item\":\"https:\/\/www.elementvape.de\/\"},{\"@type\":\"ListItem\",\"position\":2,\"name\":\"Gesch\u00e4ftsbedingungen\"}]},{\"@type\":\"WebSite\",\"@id\":\"https:\/\/www.elementvape.de\/#website\",\"url\":\"https:\/\/www.elementvape.de\/\",\"name\":\"ElementVape.de\",\"description\":\"\",\"publisher\":{\"@id\":\"https:\/\/www.elementvape.de\/#organization\"},\"potentialAction\":[{\"@type\":\"SearchAction\",\"target\":{\"@type\":\"EntryPoint\",\"urlTemplate\":\"https:\/\/www.elementvape.de\/?s={search_term_string}\"},\"query-input\":\"required name=search_term_string\"}],\"inLanguage\":\"fi\"},{\"@type\":\"Organization\",\"@id\":\"https:\/\/www.elementvape.de\/#organization\",\"name\":\"ElementVape.DE\",\"url\":\"https:\/\/www.elementvape.de\/\",\"logo\":{\"@type\":\"ImageObject\",\"inLanguage\":\"fi\",\"@id\":\"https:\/\/www.elementvape.de\/#\/schema\/logo\/image\/\",\"url\":\"https:\/\/www.elementvape.de\/wp-content\/uploads\/2024\/09\/cropped-1elementvape-3.png\",\"contentUrl\":\"https:\/\/www.elementvape.de\/wp-content\/uploads\/2024\/09\/cropped-1elementvape-3.png\",\"width\":285,\"height\":228,\"caption\":\"ElementVape.DE\"},\"image\":{\"@id\":\"https:\/\/www.elementvape.de\/#\/schema\/logo\/image\/\"}}]}<\/script>\n<!-- \/ Yoast SEO plugin. -->","yoast_head_json":{"title":"Gesch\u00e4ftsbedingungen","description":"Unsere Nutzungsbedingungen regeln Altersanforderungen, Datenschutz, Rechte und Pflichten f\u00fcr eine sichere und rechtskonforme Nutzung unserer Website.","robots":{"index":"index","follow":"follow","max-snippet":"max-snippet:-1","max-image-preview":"max-image-preview:large","max-video-preview":"max-video-preview:-1"},"canonical":"https:\/\/www.elementvape.de\/fi\/terms-conditions\/","og_locale":"fi_FI","og_type":"article","og_title":"Gesch\u00e4ftsbedingungen","og_description":"Unsere Nutzungsbedingungen regeln Altersanforderungen, Datenschutz, Rechte und Pflichten f\u00fcr eine sichere und rechtskonforme Nutzung unserer Website.","og_url":"https:\/\/www.elementvape.de\/fi\/terms-conditions\/","og_site_name":"ElementVape.de","article_modified_time":"2025-12-11T07:00:30+00:00","twitter_card":"summary_large_image","twitter_misc":{"Est. reading time":"4 minuuttia"},"schema":{"@context":"https:\/\/schema.org","@graph":[{"@type":"WebPage","@id":"https:\/\/www.elementvape.de\/terms-conditions\/","url":"https:\/\/www.elementvape.de\/terms-conditions\/","name":"Gesch\u00e4ftsbedingungen","isPartOf":{"@id":"https:\/\/www.elementvape.de\/#website"},"datePublished":"2024-09-10T07:29:15+00:00","dateModified":"2025-12-11T07:00:30+00:00","description":"Unsere Nutzungsbedingungen regeln Altersanforderungen, Datenschutz, Rechte und Pflichten f\u00fcr eine sichere und rechtskonforme Nutzung unserer Website.","breadcrumb":{"@id":"https:\/\/www.elementvape.de\/terms-conditions\/#breadcrumb"},"inLanguage":"fi","potentialAction":[{"@type":"ReadAction","target":["https:\/\/www.elementvape.de\/terms-conditions\/"]}]},{"@type":"BreadcrumbList","@id":"https:\/\/www.elementvape.de\/terms-conditions\/#breadcrumb","itemListElement":[{"@type":"ListItem","position":1,"name":"Home","item":"https:\/\/www.elementvape.de\/"},{"@type":"ListItem","position":2,"name":"Gesch\u00e4ftsbedingungen"}]},{"@type":"WebSite","@id":"https:\/\/www.elementvape.de\/#website","url":"https:\/\/www.elementvape.de\/","name":"ElementVape.de","description":"","publisher":{"@id":"https:\/\/www.elementvape.de\/#organization"},"potentialAction":[{"@type":"SearchAction","target":{"@type":"EntryPoint","urlTemplate":"https:\/\/www.elementvape.de\/?s={search_term_string}"},"query-input":"required name=search_term_string"}],"inLanguage":"fi"},{"@type":"Organization","@id":"https:\/\/www.elementvape.de\/#organization","name":"ElementVape.DE","url":"https:\/\/www.elementvape.de\/","logo":{"@type":"ImageObject","inLanguage":"fi","@id":"https:\/\/www.elementvape.de\/#\/schema\/logo\/image\/","url":"https:\/\/www.elementvape.de\/wp-content\/uploads\/2024\/09\/cropped-1elementvape-3.png","contentUrl":"https:\/\/www.elementvape.de\/wp-content\/uploads\/2024\/09\/cropped-1elementvape-3.png","width":285,"height":228,"caption":"ElementVape.DE"},"image":{"@id":"https:\/\/www.elementvape.de\/#\/schema\/logo\/image\/"}}]}},"_links":{"self":[{"href":"https:\/\/www.elementvape.de\/fi\/wp-json\/wp\/v2\/pages\/14259"}],"collection":[{"href":"https:\/\/www.elementvape.de\/fi\/wp-json\/wp\/v2\/pages"}],"about":[{"href":"https:\/\/www.elementvape.de\/fi\/wp-json\/wp\/v2\/types\/page"}],"author":[{"embeddable":true,"href":"https:\/\/www.elementvape.de\/fi\/wp-json\/wp\/v2\/users\/3"}],"replies":[{"embeddable":true,"href":"https:\/\/www.elementvape.de\/fi\/wp-json\/wp\/v2\/comments?post=14259"}],"version-history":[{"count":5,"href":"https:\/\/www.elementvape.de\/fi\/wp-json\/wp\/v2\/pages\/14259\/revisions"}],"predecessor-version":[{"id":16683,"href":"https:\/\/www.elementvape.de\/fi\/wp-json\/wp\/v2\/pages\/14259\/revisions\/16683"}],"wp:attachment":[{"href":"https:\/\/www.elementvape.de\/fi\/wp-json\/wp\/v2\/media?parent=14259"}],"curies":[{"name":"wp","href":"https:\/\/api.w.org\/{rel}","templated":true}]}}