{"id":8722,"date":"2024-04-20T06:48:05","date_gmt":"2024-04-20T06:48:05","guid":{"rendered":"https:\/\/www.elementvape.de\/?post_type=product&#038;p=8722"},"modified":"2024-09-12T10:32:28","modified_gmt":"2024-09-12T10:32:28","slug":"infinity-edition-vape-17w-900mah-batterie-3ml","status":"publish","type":"product","link":"https:\/\/www.elementvape.de\/et\/produkt\/infinity-edition-vape-17w-900mah-batterie-3ml\/","title":{"rendered":"Voopoo Vmate Kit Infinity Edition Vape 17W 900mAh aku 3ml V2 Pod 0,7 Ohmi sobiv V. Thru Pro cartridge E-sigarett"},"content":{"rendered":"<p>&nbsp;<\/p>\n<div class=\"product-specs-list-container\">\n<ul class=\"product-specs-list util-clearfix\">\n<li class=\"product-prop line-limit-length\"><span class=\"property-title\">V\u00e4limus:\u00a0<\/span><span class=\"property-desc line-limit-length\">R\u00f5htne kuju<\/span><\/li>\n<li class=\"product-prop line-limit-length\"><span class=\"property-title\">\u00dchilduv aku:\u00a0<\/span><span class=\"property-desc line-limit-length\">Puudub<\/span><\/li>\n<li class=\"product-prop line-limit-length\"><span class=\"property-title\">J\u00e4lgimisfunktsioon Suitsetamise arv:\u00a0<\/span><span class=\"property-desc line-limit-length\">Ei<\/span><\/li>\n<li class=\"product-prop line-limit-length\"><span class=\"property-title\">Silikoonist \u00fcmbris:\u00a0<\/span><span class=\"property-desc line-limit-length\">Ei<\/span><\/li>\n<li class=\"product-prop line-limit-length\"><span class=\"property-title\">Temperatuuri reguleerimine:\u00a0<\/span><span class=\"property-desc line-limit-length\">Ei<\/span><\/li>\n<li class=\"product-prop line-limit-length\"><span class=\"property-title\">Sisseehitatud v\u00f5i v\u00e4line aku:\u00a0<\/span><span class=\"property-desc line-limit-length\">Sisseehitatud<\/span><\/li>\n<li class=\"product-prop line-limit-length\"><span class=\"property-title\">L\u00fchisekaitse funktsioon:\u00a0<\/span><span class=\"property-desc line-limit-length\">Ja<\/span><\/li>\n<li class=\"product-prop line-limit-length\"><span class=\"property-title\">\u00dclekuumenemiskaitse funktsioon:\u00a0<\/span><span class=\"property-desc line-limit-length\">Ja<\/span><\/li>\n<li class=\"product-prop line-limit-length\"><span class=\"property-title\">Madalpinge alarmi funktsioon:\u00a0<\/span><span class=\"property-desc line-limit-length\">Ja<\/span><\/li>\n<li class=\"product-prop line-limit-length\"><span class=\"property-title\">Pihusti tuvastamise funktsioon:\u00a0<\/span><span class=\"property-desc line-limit-length\">Ja<\/span><\/li>\n<li class=\"product-prop line-limit-length\"><span class=\"property-title\">TCR seadistusre\u017eiimid:\u00a0<\/span><span class=\"property-desc line-limit-length\">Ei<\/span><\/li>\n<li class=\"product-prop line-limit-length\"><span class=\"property-title\">Nominaalne mahutavus:\u00a0<\/span><span class=\"property-desc line-limit-length\">900 mAh<\/span><\/li>\n<li class=\"product-prop line-limit-length\"><span class=\"property-title\">Materjal:\u00a0<\/span><span class=\"property-desc line-limit-length\">Metall<\/span><\/li>\n<li class=\"product-prop line-limit-length\"><span class=\"property-title\">\u00dchilduv mudel:\u00a0<\/span><span class=\"property-desc line-limit-length\">Vaporizers Elektriline Sigaret<\/span><\/li>\n<li class=\"product-prop line-limit-length\"><span class=\"property-title\">Mudelinumber:\u00a0<\/span><span class=\"property-desc line-limit-length\">VOOPOO Vmate Infinity Edition Komplekt<\/span><\/li>\n<li class=\"product-prop line-limit-length\"><span class=\"property-title\">USB-laadija:\u00a0<\/span><span class=\"property-desc line-limit-length\">Ja<\/span><\/li>\n<li class=\"product-prop line-limit-length\"><span class=\"property-title\">P\u00fcsivara uuendus:\u00a0<\/span><span class=\"property-desc line-limit-length\">Ja<\/span><\/li>\n<li class=\"product-prop line-limit-length\"><span class=\"property-title\">Ekraan:\u00a0<\/span><span class=\"property-desc line-limit-length\">Ja<\/span><\/li>\n<li class=\"product-prop line-limit-length\"><span class=\"property-title\">T\u00fc\u00fcp:\u00a0<\/span><span class=\"property-desc line-limit-length\">Patareiga<\/span><\/li>\n<li class=\"product-prop line-limit-length\"><span class=\"property-title\">Br\u00e4ndi nimi:\u00a0<\/span><span class=\"property-desc line-limit-length\">VOOPOO<\/span><\/li>\n<li class=\"product-prop line-limit-length\"><span class=\"property-title\">P\u00e4ritolu:\u00a0<\/span><span class=\"property-desc line-limit-length\">CN (P\u00e4ritolu)<\/span><\/li>\n<\/ul>\n<\/div>\n<div class=\"detailmodule_html\">\n<div class=\"detail-desc-decorate-richtext\">\n<div class=\"detailmodule_text\">\n<p id=\"tl_1\" class=\"detail-desc-decorate-title\" style=\"font-family: OpenSans; font-size: 20px; font-weight: 900; line-height: 28px; margin-bottom: 12px;\">Originaal Voopoo Vmate Infinity Edition Komplekt 17W Podsuit Vape 900mAh Aku 3ml V2 Patrone 0,7 Ohm Fit V. l\u00e4bi Pro E Sigareti<\/p>\n<\/div>\n<div class=\"detailmodule_text\">\n<p id=\"tl_2\" class=\"detail-desc-decorate-title\" style=\"font-family: OpenSans; font-size: 20px; font-weight: 900; line-height: 28px; margin-bottom: 12px;\">Spetsifikatsioon:<\/p>\n<p id=\"tl_3\" class=\"detail-desc-decorate-content\" style=\"font-family: OpenSans; font-size: 14px; font-weight: 300; line-height: 20px; margin-bottom: 12px;\">Br\u00e4nd: voopoo<br \/>\nToote nimi: vmate komplekt infinity edition<br \/>\nMaterjal: alumiiniumisulam + pctg &amp; h\u00f5beioon<br \/>\nAku maht: sisseehitatud 900mAh aku<br \/>\nV\u00e4ljundv\u00f5imsus: \u2264 17w<br \/>\nV\u00e4ljundpinge: 3,2-4,2 V<br \/>\nTakistus: 0,7-3 \u03a9<br \/>\nMaht: 3ml<br \/>\nSoovitatav: nikotiin \u2264 50mg<br \/>\nSobib: voopoo vmate v2\/v. thru pro pod cartridge<br \/>\nV\u00e4rv: fantaasia lilla, t\u00f5usva sinine, l\u00e4ikiv roheline, tumehall, kuldpruun<\/p>\n<\/div>\n<div class=\"detailmodule_text\">\n<p id=\"tl_4\" class=\"detail-desc-decorate-title\" style=\"font-family: OpenSans; font-size: 20px; font-weight: 900; line-height: 28px; margin-bottom: 12px;\">Pakett sisaldab:<\/p>\n<p id=\"tl_5\" class=\"detail-desc-decorate-content\" style=\"font-family: OpenSans; font-size: 14px; font-weight: 300; line-height: 20px; margin-bottom: 12px;\">1 * voopoo vmate l\u00f5pmatu seade<br \/>\n1 * Voopoo Vmate Patrone v2 0,7\u03a9 (2ml)<br \/>\n1 * Typ-C kaabel<br \/>\n1 * Kasutaja k\u00e4siraamat<\/p>\n<\/div>\n<div class=\"detailmodule_text-image\"><img decoding=\"async\" loading=\"lazy\" class=\"detail-desc-decorate-image\" src=\"https:\/\/ae01.alicdn.com\/kf\/S8f78b54adb86476cb135db1d9c5f996ay.jpg\" \/><br \/>\n<img decoding=\"async\" loading=\"lazy\" class=\"detail-desc-decorate-image\" src=\"https:\/\/ae01.alicdn.com\/kf\/S1f312b28a8444830b64bb7b35734e69f4.jpg\" \/><br \/>\n<img decoding=\"async\" loading=\"lazy\" class=\"detail-desc-decorate-image\" src=\"https:\/\/ae01.alicdn.com\/kf\/S371da799ea804190a0dadf1a3033c41aR.jpg\" \/><br \/>\n<img decoding=\"async\" loading=\"lazy\" class=\"detail-desc-decorate-image\" src=\"https:\/\/ae01.alicdn.com\/kf\/Sa9789fead47543818b1eaaba807de711k.jpg\" \/><br \/>\n<img decoding=\"async\" loading=\"lazy\" class=\"detail-desc-decorate-image\" src=\"https:\/\/ae01.alicdn.com\/kf\/S81a885c4fc9643a3b49b180e3cf1b40cb.jpg\" \/><br \/>\n<img decoding=\"async\" loading=\"lazy\" class=\"detail-desc-decorate-image\" src=\"https:\/\/ae01.alicdn.com\/kf\/S6915f809ef814074b7e4cb8c6c964353a.jpg\" \/><\/div>\n<p>&nbsp;<\/p>\n<\/div>\n<\/div>","protected":false},"excerpt":{"rendered":"<p>&nbsp; Aussehen:\u00a0Zylindrische Form Kompatibler Akku:\u00a0Kein \u00dcberwachung Funktion Von Rauchen Anzahl:\u00a0Nein Silikon Fall:\u00a0Nein Temperaturregelung:\u00a0Nein Eingebaute Oder Externe Batterie:\u00a0Eingebaute Kurzschlussschutz Funktion:\u00a0Ja \u00dcberhitzungsschutz-funktion:\u00a0Ja Niederspannungsalarmfunktion:\u00a0Ja Zerst\u00e4uber Identifikation Funktion:\u00a0Ja TCR Einstellung Modi:\u00a0Nein Nominale Kapazit\u00e4t:\u00a0900 mAh Material:\u00a0Metall Compatible Model:\u00a0Vaporizer Electronic Cigarette Modellnummer:\u00a0VOOPOO Vmate Infinity Edition Kit Usb-ladeger\u00e4t:\u00a0Ja Firmware-upgrade:\u00a0Ja Display:\u00a0Ja Art:\u00a0Mit Batterie Markenname:\u00a0VOOPOO Ursprung:\u00a0CN (Herkunft) Original Voopoo Vmate Infinity Edition Kit 17W [&hellip;]<\/p>","protected":false},"featured_media":8723,"template":"","meta":{"inline_featured_image":false},"product_cat":[750,737,736,749,76],"product_tag":[],"tiered_pricing_type":"fixed","tiered_pricing_fixed_rules":[],"tiered_pricing_percentage_rules":[],"tiered_pricing_minimum":1,"_administrator_tiered_pricing_type":"fixed","_administrator_tiered_pricing_fixed_rules":[],"_editor_tiered_pricing_type":"fixed","_editor_tiered_pricing_fixed_rules":[],"_author_tiered_pricing_type":"fixed","_author_tiered_pricing_fixed_rules":[],"_contributor_tiered_pricing_type":"fixed","_contributor_tiered_pricing_fixed_rules":[],"_subscriber_tiered_pricing_type":"fixed","_subscriber_tiered_pricing_fixed_rules":[],"_customer_tiered_pricing_type":"fixed","_customer_tiered_pricing_fixed_rules":[],"_shop_manager_tiered_pricing_type":"fixed","_shop_manager_tiered_pricing_fixed_rules":[],"_wpseo_manager_tiered_pricing_type":"fixed","_wpseo_manager_tiered_pricing_fixed_rules":[],"_wpseo_editor_tiered_pricing_type":"fixed","_wpseo_editor_tiered_pricing_fixed_rules":[],"_wholesale_customer_tiered_pricing_type":"fixed","_wholesale_customer_tiered_pricing_fixed_rules":[],"_marketer_tiered_pricing_type":"fixed","_marketer_tiered_pricing_fixed_rules":[],"_sales_manager_tiered_pricing_type":"fixed","_sales_manager_tiered_pricing_fixed_rules":[],"_sales_rep_tiered_pricing_type":"fixed","_sales_rep_tiered_pricing_fixed_rules":[],"yoast_head":"<!-- This site is optimized with the Yoast SEO plugin v23.3 - https:\/\/yoast.com\/wordpress\/plugins\/seo\/ -->\n<title>Voopoo Vmate Kit Infinity Edition Vape 17W 900mAh Batterie 3ml V2 Pod 0,7 Ohm Fit V. Thru Pro Patrone E Zigarette | ElementVape.de<\/title>\n<meta name=\"description\" content=\"Wir bieten Voopoo Vmate Kit Infinity Edition Vape 17W 900mAh Batterie 3ml V2 Pod 0,7 Ohm Fit V. Thru Pro Patrone E Zigarette , Elementvape.de akzeptieren Gro\u00df-und Einzelhandel Bestellungen.\" \/>\n<meta name=\"robots\" content=\"index, follow, max-snippet:-1, max-image-preview:large, max-video-preview:-1\" \/>\n<link rel=\"canonical\" href=\"https:\/\/www.elementvape.de\/et\/produkt\/infinity-edition-vape-17w-900mah-batterie-3ml\/\" \/>\n<meta property=\"og:locale\" content=\"et_EE\" \/>\n<meta property=\"og:type\" content=\"article\" \/>\n<meta property=\"og:title\" content=\"Voopoo Vmate Kit Infinity Edition Vape 17W 900mAh Batterie 3ml V2 Pod 0,7 Ohm Fit V. Thru Pro Patrone E Zigarette | ElementVape.de\" \/>\n<meta property=\"og:description\" content=\"Wir bieten Voopoo Vmate Kit Infinity Edition Vape 17W 900mAh Batterie 3ml V2 Pod 0,7 Ohm Fit V. Thru Pro Patrone E Zigarette , Elementvape.de akzeptieren Gro\u00df-und Einzelhandel Bestellungen.\" \/>\n<meta property=\"og:url\" content=\"https:\/\/www.elementvape.de\/et\/produkt\/infinity-edition-vape-17w-900mah-batterie-3ml\/\" \/>\n<meta property=\"og:site_name\" content=\"ElementVape.de\" \/>\n<meta property=\"article:modified_time\" content=\"2024-09-12T10:32:28+00:00\" \/>\n<meta property=\"og:image\" content=\"https:\/\/ae01.alicdn.com\/kf\/S83177afca9dc4108b52bb18efc334c95G\/Original-Voopoo-Vmate-Kit-Infinity-Edition-Vape-17W-900mAh-Batterie-3ml-V2-Pod-0-7-Ohm.jpg\" \/>\n\t<meta property=\"og:image:width\" content=\"800\" \/>\n\t<meta property=\"og:image:height\" content=\"800\" \/>\n\t<meta property=\"og:image:type\" content=\"image\/jpeg\" \/>\n<meta name=\"twitter:card\" content=\"summary_large_image\" \/>\n<meta name=\"twitter:label1\" content=\"Est. reading time\" \/>\n\t<meta name=\"twitter:data1\" content=\"3 minutit\" \/>\n<script type=\"application\/ld+json\" class=\"yoast-schema-graph\">{\"@context\":\"https:\/\/schema.org\",\"@graph\":[{\"@type\":\"WebPage\",\"@id\":\"https:\/\/www.elementvape.de\/nl\/produkt\/infinity-edition-vape-17w-900mah-batterie-3ml\/\",\"url\":\"https:\/\/www.elementvape.de\/nl\/produkt\/infinity-edition-vape-17w-900mah-batterie-3ml\/\",\"name\":\"Voopoo Vmate Kit Infinity Edition Vape 17W 900mAh Batterie 3ml V2 Pod 0,7 Ohm Fit V. Thru Pro Patrone E Zigarette | ElementVape.de\",\"isPartOf\":{\"@id\":\"https:\/\/www.elementvape.de\/#website\"},\"primaryImageOfPage\":{\"@id\":\"https:\/\/www.elementvape.de\/nl\/produkt\/infinity-edition-vape-17w-900mah-batterie-3ml\/#primaryimage\"},\"image\":{\"@id\":\"https:\/\/www.elementvape.de\/nl\/produkt\/infinity-edition-vape-17w-900mah-batterie-3ml\/#primaryimage\"},\"thumbnailUrl\":\"https:\/\/ae01.alicdn.com\/kf\/S83177afca9dc4108b52bb18efc334c95G\/Original-Voopoo-Vmate-Kit-Infinity-Edition-Vape-17W-900mAh-Batterie-3ml-V2-Pod-0-7-Ohm.jpg\",\"datePublished\":\"2024-04-20T06:48:05+00:00\",\"dateModified\":\"2024-09-12T10:32:28+00:00\",\"description\":\"Wir bieten Voopoo Vmate Kit Infinity Edition Vape 17W 900mAh Batterie 3ml V2 Pod 0,7 Ohm Fit V. Thru Pro Patrone E Zigarette , Elementvape.de akzeptieren Gro\u00df-und Einzelhandel Bestellungen.\",\"breadcrumb\":{\"@id\":\"https:\/\/www.elementvape.de\/nl\/produkt\/infinity-edition-vape-17w-900mah-batterie-3ml\/#breadcrumb\"},\"inLanguage\":\"et\",\"potentialAction\":[{\"@type\":\"ReadAction\",\"target\":[\"https:\/\/www.elementvape.de\/nl\/produkt\/infinity-edition-vape-17w-900mah-batterie-3ml\/\"]}]},{\"@type\":\"ImageObject\",\"inLanguage\":\"et\",\"@id\":\"https:\/\/www.elementvape.de\/nl\/produkt\/infinity-edition-vape-17w-900mah-batterie-3ml\/#primaryimage\",\"url\":\"https:\/\/ae01.alicdn.com\/kf\/S83177afca9dc4108b52bb18efc334c95G\/Original-Voopoo-Vmate-Kit-Infinity-Edition-Vape-17W-900mAh-Batterie-3ml-V2-Pod-0-7-Ohm.jpg\",\"contentUrl\":\"https:\/\/ae01.alicdn.com\/kf\/S83177afca9dc4108b52bb18efc334c95G\/Original-Voopoo-Vmate-Kit-Infinity-Edition-Vape-17W-900mAh-Batterie-3ml-V2-Pod-0-7-Ohm.jpg\",\"width\":800,\"height\":800},{\"@type\":\"BreadcrumbList\",\"@id\":\"https:\/\/www.elementvape.de\/nl\/produkt\/infinity-edition-vape-17w-900mah-batterie-3ml\/#breadcrumb\",\"itemListElement\":[{\"@type\":\"ListItem\",\"position\":1,\"name\":\"Home\",\"item\":\"https:\/\/www.elementvape.de\/\"},{\"@type\":\"ListItem\",\"position\":2,\"name\":\"Shop\",\"item\":\"https:\/\/www.elementvape.de\/shop\/\"},{\"@type\":\"ListItem\",\"position\":3,\"name\":\"Voopoo Vmate Kit Infinity Edition Vape 17W 900mAh Batterie 3ml V2 Pod 0,7 Ohm Fit V. Thru Pro Patrone E Zigarette\"}]},{\"@type\":\"WebSite\",\"@id\":\"https:\/\/www.elementvape.de\/#website\",\"url\":\"https:\/\/www.elementvape.de\/\",\"name\":\"ElementVape.de\",\"description\":\"\",\"publisher\":{\"@id\":\"https:\/\/www.elementvape.de\/#organization\"},\"potentialAction\":[{\"@type\":\"SearchAction\",\"target\":{\"@type\":\"EntryPoint\",\"urlTemplate\":\"https:\/\/www.elementvape.de\/?s={search_term_string}\"},\"query-input\":\"required name=search_term_string\"}],\"inLanguage\":\"et\"},{\"@type\":\"Organization\",\"@id\":\"https:\/\/www.elementvape.de\/#organization\",\"name\":\"ElementVape.DE\",\"url\":\"https:\/\/www.elementvape.de\/\",\"logo\":{\"@type\":\"ImageObject\",\"inLanguage\":\"et\",\"@id\":\"https:\/\/www.elementvape.de\/#\/schema\/logo\/image\/\",\"url\":\"https:\/\/www.elementvape.de\/wp-content\/uploads\/2024\/09\/cropped-1elementvape-3.png\",\"contentUrl\":\"https:\/\/www.elementvape.de\/wp-content\/uploads\/2024\/09\/cropped-1elementvape-3.png\",\"width\":285,\"height\":228,\"caption\":\"ElementVape.DE\"},\"image\":{\"@id\":\"https:\/\/www.elementvape.de\/#\/schema\/logo\/image\/\"}}]}<\/script>\n<!-- \/ Yoast SEO plugin. -->","yoast_head_json":{"title":"Voopoo Vmate Kit Infinity Edition Vape 17W 900mAh Batterie 3ml V2 Pod 0,7 Ohm Fit V. Thru Pro Patrone E Zigarette | ElementVape.de","description":"Wir bieten Voopoo Vmate Kit Infinity Edition Vape 17W 900mAh Batterie 3ml V2 Pod 0,7 Ohm Fit V. Thru Pro Patrone E Zigarette , Elementvape.de akzeptieren Gro\u00df-und Einzelhandel Bestellungen.","robots":{"index":"index","follow":"follow","max-snippet":"max-snippet:-1","max-image-preview":"max-image-preview:large","max-video-preview":"max-video-preview:-1"},"canonical":"https:\/\/www.elementvape.de\/et\/produkt\/infinity-edition-vape-17w-900mah-batterie-3ml\/","og_locale":"et_EE","og_type":"article","og_title":"Voopoo Vmate Kit Infinity Edition Vape 17W 900mAh Batterie 3ml V2 Pod 0,7 Ohm Fit V. Thru Pro Patrone E Zigarette | ElementVape.de","og_description":"Wir bieten Voopoo Vmate Kit Infinity Edition Vape 17W 900mAh Batterie 3ml V2 Pod 0,7 Ohm Fit V. Thru Pro Patrone E Zigarette , Elementvape.de akzeptieren Gro\u00df-und Einzelhandel Bestellungen.","og_url":"https:\/\/www.elementvape.de\/et\/produkt\/infinity-edition-vape-17w-900mah-batterie-3ml\/","og_site_name":"ElementVape.de","article_modified_time":"2024-09-12T10:32:28+00:00","og_image":[{"width":800,"height":800,"url":"https:\/\/ae01.alicdn.com\/kf\/S83177afca9dc4108b52bb18efc334c95G\/Original-Voopoo-Vmate-Kit-Infinity-Edition-Vape-17W-900mAh-Batterie-3ml-V2-Pod-0-7-Ohm.jpg","type":"image\/jpeg"}],"twitter_card":"summary_large_image","twitter_misc":{"Est. reading time":"3 minutit"},"schema":{"@context":"https:\/\/schema.org","@graph":[{"@type":"WebPage","@id":"https:\/\/www.elementvape.de\/nl\/produkt\/infinity-edition-vape-17w-900mah-batterie-3ml\/","url":"https:\/\/www.elementvape.de\/nl\/produkt\/infinity-edition-vape-17w-900mah-batterie-3ml\/","name":"Voopoo Vmate Kit Infinity Edition Vape 17W 900mAh Batterie 3ml V2 Pod 0,7 Ohm Fit V. Thru Pro Patrone E Zigarette | ElementVape.de","isPartOf":{"@id":"https:\/\/www.elementvape.de\/#website"},"primaryImageOfPage":{"@id":"https:\/\/www.elementvape.de\/nl\/produkt\/infinity-edition-vape-17w-900mah-batterie-3ml\/#primaryimage"},"image":{"@id":"https:\/\/www.elementvape.de\/nl\/produkt\/infinity-edition-vape-17w-900mah-batterie-3ml\/#primaryimage"},"thumbnailUrl":"https:\/\/ae01.alicdn.com\/kf\/S83177afca9dc4108b52bb18efc334c95G\/Original-Voopoo-Vmate-Kit-Infinity-Edition-Vape-17W-900mAh-Batterie-3ml-V2-Pod-0-7-Ohm.jpg","datePublished":"2024-04-20T06:48:05+00:00","dateModified":"2024-09-12T10:32:28+00:00","description":"Wir bieten Voopoo Vmate Kit Infinity Edition Vape 17W 900mAh Batterie 3ml V2 Pod 0,7 Ohm Fit V. Thru Pro Patrone E Zigarette , Elementvape.de akzeptieren Gro\u00df-und Einzelhandel Bestellungen.","breadcrumb":{"@id":"https:\/\/www.elementvape.de\/nl\/produkt\/infinity-edition-vape-17w-900mah-batterie-3ml\/#breadcrumb"},"inLanguage":"et","potentialAction":[{"@type":"ReadAction","target":["https:\/\/www.elementvape.de\/nl\/produkt\/infinity-edition-vape-17w-900mah-batterie-3ml\/"]}]},{"@type":"ImageObject","inLanguage":"et","@id":"https:\/\/www.elementvape.de\/nl\/produkt\/infinity-edition-vape-17w-900mah-batterie-3ml\/#primaryimage","url":"https:\/\/ae01.alicdn.com\/kf\/S83177afca9dc4108b52bb18efc334c95G\/Original-Voopoo-Vmate-Kit-Infinity-Edition-Vape-17W-900mAh-Batterie-3ml-V2-Pod-0-7-Ohm.jpg","contentUrl":"https:\/\/ae01.alicdn.com\/kf\/S83177afca9dc4108b52bb18efc334c95G\/Original-Voopoo-Vmate-Kit-Infinity-Edition-Vape-17W-900mAh-Batterie-3ml-V2-Pod-0-7-Ohm.jpg","width":800,"height":800},{"@type":"BreadcrumbList","@id":"https:\/\/www.elementvape.de\/nl\/produkt\/infinity-edition-vape-17w-900mah-batterie-3ml\/#breadcrumb","itemListElement":[{"@type":"ListItem","position":1,"name":"Home","item":"https:\/\/www.elementvape.de\/"},{"@type":"ListItem","position":2,"name":"Shop","item":"https:\/\/www.elementvape.de\/shop\/"},{"@type":"ListItem","position":3,"name":"Voopoo Vmate Kit Infinity Edition Vape 17W 900mAh Batterie 3ml V2 Pod 0,7 Ohm Fit V. Thru Pro Patrone E Zigarette"}]},{"@type":"WebSite","@id":"https:\/\/www.elementvape.de\/#website","url":"https:\/\/www.elementvape.de\/","name":"ElementVape.de","description":"","publisher":{"@id":"https:\/\/www.elementvape.de\/#organization"},"potentialAction":[{"@type":"SearchAction","target":{"@type":"EntryPoint","urlTemplate":"https:\/\/www.elementvape.de\/?s={search_term_string}"},"query-input":"required name=search_term_string"}],"inLanguage":"et"},{"@type":"Organization","@id":"https:\/\/www.elementvape.de\/#organization","name":"ElementVape.DE","url":"https:\/\/www.elementvape.de\/","logo":{"@type":"ImageObject","inLanguage":"et","@id":"https:\/\/www.elementvape.de\/#\/schema\/logo\/image\/","url":"https:\/\/www.elementvape.de\/wp-content\/uploads\/2024\/09\/cropped-1elementvape-3.png","contentUrl":"https:\/\/www.elementvape.de\/wp-content\/uploads\/2024\/09\/cropped-1elementvape-3.png","width":285,"height":228,"caption":"ElementVape.DE"},"image":{"@id":"https:\/\/www.elementvape.de\/#\/schema\/logo\/image\/"}}]}},"_links":{"self":[{"href":"https:\/\/www.elementvape.de\/et\/wp-json\/wp\/v2\/product\/8722"}],"collection":[{"href":"https:\/\/www.elementvape.de\/et\/wp-json\/wp\/v2\/product"}],"about":[{"href":"https:\/\/www.elementvape.de\/et\/wp-json\/wp\/v2\/types\/product"}],"wp:featuredmedia":[{"embeddable":true,"href":"https:\/\/www.elementvape.de\/et\/wp-json\/wp\/v2\/media\/8723"}],"wp:attachment":[{"href":"https:\/\/www.elementvape.de\/et\/wp-json\/wp\/v2\/media?parent=8722"}],"wp:term":[{"taxonomy":"product_cat","embeddable":true,"href":"https:\/\/www.elementvape.de\/et\/wp-json\/wp\/v2\/product_cat?post=8722"},{"taxonomy":"product_tag","embeddable":true,"href":"https:\/\/www.elementvape.de\/et\/wp-json\/wp\/v2\/product_tag?post=8722"}],"curies":[{"name":"wp","href":"https:\/\/api.w.org\/{rel}","templated":true}]}}