{"id":8286,"date":"2024-04-20T08:07:16","date_gmt":"2024-04-20T08:07:16","guid":{"rendered":"https:\/\/www.elementvape.de\/?post_type=product&#038;p=8286"},"modified":"2024-09-12T10:31:56","modified_gmt":"2024-09-12T10:31:56","slug":"box-mod-vape-e-zigarettendampf-unterstuetzt-rda-rda-electroii","status":"publish","type":"product","link":"https:\/\/www.elementvape.de\/et\/produkt\/box-mod-vape-e-zigarettendampf-unterstuetzt-rda-rda-electroii\/","title":{"rendered":"Kastimod Vape E-sigarettide auru toetav RDA RDA Electroii"},"content":{"rendered":"<p>&nbsp;<\/p>\n<div class=\"product-specs-list-container\">\n<ul class=\"product-specs-list util-clearfix\">\n<li class=\"product-prop line-limit-length\"><span class=\"property-title\">J\u00e4lgimisfunktsioon Suitsetamise arv:\u00a0<\/span><span class=\"property-desc line-limit-length\">Ei<\/span><\/li>\n<li class=\"product-prop line-limit-length\"><span class=\"property-title\">Silikoonist \u00fcmbris:\u00a0<\/span><span class=\"property-desc line-limit-length\">Ei<\/span><\/li>\n<li class=\"product-prop line-limit-length\"><span class=\"property-title\">L\u00fchisekaitse funktsioon:\u00a0<\/span><span class=\"property-desc line-limit-length\">Ja<\/span><\/li>\n<li class=\"product-prop line-limit-length\"><span class=\"property-title\">\u00dclekuumenemiskaitse funktsioon:\u00a0<\/span><span class=\"property-desc line-limit-length\">Ja<\/span><\/li>\n<li class=\"product-prop line-limit-length\"><span class=\"property-title\">Madalpinge alarmi funktsioon:\u00a0<\/span><span class=\"property-desc line-limit-length\">Ja<\/span><\/li>\n<li class=\"product-prop line-limit-length\"><span class=\"property-title\">Pihusti tuvastamise funktsioon:\u00a0<\/span><span class=\"property-desc line-limit-length\">Ja<\/span><\/li>\n<li class=\"product-prop line-limit-length\"><span class=\"property-title\">Temperatuuri reguleerimine:\u00a0<\/span><span class=\"property-desc line-limit-length\">Ei<\/span><\/li>\n<li class=\"product-prop line-limit-length\"><span class=\"property-title\">TCR seadistusre\u017eiimid:\u00a0<\/span><span class=\"property-desc line-limit-length\">Ei<\/span><\/li>\n<li class=\"product-prop line-limit-length\"><span class=\"property-title\">Nominaalne mahutavus:\u00a0<\/span><span class=\"property-desc line-limit-length\">Puudub<\/span><\/li>\n<li class=\"product-prop line-limit-length\"><span class=\"property-title\">\u00dchilduv aku:\u00a0<\/span><span class=\"property-desc line-limit-length\">18650<\/span><\/li>\n<li class=\"product-prop line-limit-length\"><span class=\"property-title\">Materjal:\u00a0<\/span><span class=\"property-desc line-limit-length\">Plastik<\/span><\/li>\n<li class=\"product-prop line-limit-length\"><span class=\"property-title\">\u00dchilduv mudel:\u00a0<\/span><span class=\"property-desc line-limit-length\">510<\/span><\/li>\n<li class=\"product-prop line-limit-length\"><span class=\"property-title\">Mudelinumber:\u00a0<\/span><span class=\"property-desc line-limit-length\">ECO RE\u017dIIM<\/span><\/li>\n<li class=\"product-prop line-limit-length\"><span class=\"property-title\">P\u00fcsivara uuendus:\u00a0<\/span><span class=\"property-desc line-limit-length\">Ei<\/span><\/li>\n<li class=\"product-prop line-limit-length\"><span class=\"property-title\">USB-laadija:\u00a0<\/span><span class=\"property-desc line-limit-length\">Ja<\/span><\/li>\n<li class=\"product-prop line-limit-length\"><span class=\"property-title\">Ekraan:\u00a0<\/span><span class=\"property-desc line-limit-length\">Ei<\/span><\/li>\n<li class=\"product-prop line-limit-length\"><span class=\"property-title\">Sisseehitatud v\u00f5i v\u00e4line aku:\u00a0<\/span><span class=\"property-desc line-limit-length\">Ei<\/span><\/li>\n<li class=\"product-prop line-limit-length\"><span class=\"property-title\">T\u00fc\u00fcp:\u00a0<\/span><span class=\"property-desc line-limit-length\">Elektriline mod<\/span><\/li>\n<li class=\"product-prop line-limit-length\"><span class=\"property-title\">Br\u00e4ndi nimi:\u00a0<\/span><span class=\"property-desc line-limit-length\">auru torm<\/span><\/li>\n<li class=\"product-prop line-limit-length\"><span class=\"property-title\">P\u00e4ritolu:\u00a0<\/span><span class=\"property-desc line-limit-length\">CN (P\u00e4ritolu)<\/span><\/li>\n<li class=\"product-prop line-limit-length\"><span class=\"property-title\">\u00dchilduv mudel:\u00a0<\/span><span class=\"property-desc line-limit-length\">elektriline sigaret vape kast mod<\/span><\/li>\n<\/ul>\n<\/div>\n<div class=\"detailmodule_html\">\n<div class=\"detail-desc-decorate-richtext\">\n<p>&nbsp;<\/p>\n<div class=\"detailmodule_text\" style=\", roboto, arial, helvetica, sans-serif, simsun;font-size: 14px; font-weight: 400; letter-spacing: normal; text-align: start; margin: 0px; padding: 0px;\" align=\"start\">\n<p id=\"tl_1\" class=\"detail-desc-decorate-title\" style=\"font-family: OpenSans; font-size: 20px; font-weight: 900; line-height: 28px; margin: 0px 0px 12px 0px; padding: 0px;\">Elektroniline sigaret kast mod vape aurutorn eco max 90w graffiti v\u00e4rv bypass re\u017eiim 510 keermes ilma akuta toetust rda rdta<\/p>\n<\/div>\n<div class=\"detailmodule_text\" style=\", roboto, arial, helvetica, sans-serif, simsun;font-size: 14px; font-weight: 400; letter-spacing: normal; text-align: start; margin: 0px; padding: 0px;\" align=\"start\"><\/div>\n<div class=\"detailmodule_text\" style=\", roboto, arial, helvetica, sans-serif, simsun;font-size: 14px; font-weight: 400; letter-spacing: normal; text-align: start; margin: 0px; padding: 0px;\" align=\"start\">\n<p id=\"tl_2\" class=\"detail-desc-decorate-title\" style=\"font-family: OpenSans; font-size: 20px; font-weight: 900; line-height: 28px; margin: 0px 0px 12px 0px; padding: 0px;\">Eco mod:<\/p>\n<\/div>\n<div class=\"detailmodule_text\" style=\", roboto, arial, helvetica, sans-serif, simsun;font-size: 14px; font-weight: 400; letter-spacing: normal; text-align: start; margin: 0px; padding: 0px;\" align=\"start\">\n<p id=\"tl_3\" class=\"detail-desc-decorate-content\" style=\"font-family: OpenSans; font-size: 14px; font-weight: 300; line-height: 20px; margin: 0px 0px 12px 0px; padding: 0px;\">Suurus: 40mm (pikkus) * 25mm (laius) * 82mm (k\u00f5rgus)<br \/>\nNettokaal: 46g<br \/>\nMaterjal: abs<br \/>\nV\u00f5imsus: 90w (max)<br \/>\nKeere: 510<br \/>\nPingevahemik: 3,3 V-4,2 V<br \/>\nV\u00e4ljundpinge: 0-4,2 V<br \/>\nSpiraalide takistus: &gt;= 0,09 Ohm<br \/>\nPidev vape aeg: 10 sekundit<br \/>\nRahuvool: &lt;5\u03bca<br \/>\nVool laadimiseks: 750ma<\/p>\n<div><\/div>\n<div class=\"detailmodule_text\" style=\", roboto, arial, helvetica, sans-serif, simsun;font-size: 14px; font-weight: 400; letter-spacing: normal; text-align: start; margin: 0px; padding: 0px;\" align=\"start\">\n<p id=\"tl_4\" class=\"detail-desc-decorate-title\" style=\"font-family: OpenSans; font-size: 20px; font-weight: 900; line-height: 28px; margin: 0px 0px 12px 0px; padding: 0px;\">Eco kast mod pakett:<\/p>\n<p id=\"tl_5\" class=\"detail-desc-decorate-content\" style=\"font-family: OpenSans; font-size: 14px; font-weight: 300; line-height: 20px; margin: 0px 0px 12px 0px; padding: 0px;\">Eco kast mod<br \/>\n1 * eco kast mod (ilma akuta)<br \/>\n1 * USB-laadija<br \/>\n1 * Kasutaja k\u00e4siraamat<\/p>\n<\/div>\n<div class=\"detailmodule_text\" style=\", roboto, arial, helvetica, sans-serif, simsun;font-size: 14px; font-weight: 400; letter-spacing: normal; text-align: start; margin: 0px; padding: 0px;\" align=\"start\">\n<p id=\"tl_6\" class=\"detail-desc-decorate-title\" style=\"font-family: OpenSans; font-size: 20px; font-weight: 900; line-height: 28px; margin: 0px 0px 12px 0px; padding: 0px;\">T\u00e4helepanu:<\/p>\n<p id=\"tl_7\" class=\"detail-desc-decorate-content\" style=\"font-family: OpenSans; font-size: 14px; font-weight: 300; line-height: 20px; margin: 0px 0px 12px 0px; padding: 0px;\">1. iga graffiti-disain kast mod on ainulaadne, nii et saate k\u00f5ik erinevad maalingud modid.<br \/>\n2. mod keha ees ja taga on kaks erinevat graffiti v\u00e4rvi.<br \/>\n3. Iga Falkeni paaki kummi suuosa on juhuslik v\u00e4rv.<br \/>\nSee komplekt on aku eemaldatav. Ilma 18650 akuta.<br \/>\nSoovitatav on osta 18650 aku (sonyvtc4\/vtc5, lg he2 jne) teie asukohast.<br \/>\nPalun valige aku, mille otsevool &gt; = 30a.<\/p>\n<\/div>\n<div class=\"detailmodule_text\" style=\", roboto, arial, helvetica, sans-serif, simsun;font-size: 14px; font-weight: 400; letter-spacing: normal; text-align: start; margin: 0px; padding: 0px;\" align=\"start\">\n<p id=\"tl_8\" class=\"detail-desc-decorate-title\" style=\"font-family: OpenSans; font-size: 20px; font-weight: 900; line-height: 28px; margin: 0px 0px 12px 0px; padding: 0px;\">Eco re\u017eiimi n\u00e4ide:<\/p>\n<\/div>\n<div class=\"detailmodule_image\" style=\", roboto, arial, helvetica, sans-serif, simsun;font-size: 14px; font-weight: 400; letter-spacing: normal; text-align: start; margin: 0px; padding: 0px;\" align=\"start\"><img decoding=\"async\" loading=\"lazy\" class=\"detail-desc-decorate-image\" style=\"border: 0px; margin: 0px 0px 10px 0px; padding: 0px; max-width: 100%;\" src=\"https:\/\/ae01.alicdn.com\/kf\/H059c3ebf023744a082bdf78587642e483.jpg\" \/><br \/>\n<img decoding=\"async\" loading=\"lazy\" class=\"detail-desc-decorate-image\" style=\"border: 0px; margin: 0px 0px 10px 0px; padding: 0px; max-width: 100%;\" src=\"https:\/\/ae01.alicdn.com\/kf\/H7a6e993c6b684e38bd4cf52e207e18a5v.jpg\" \/><br \/>\n<img decoding=\"async\" loading=\"lazy\" class=\"detail-desc-decorate-image\" style=\"border: 0px; margin: 0px 0px 10px 0px; padding: 0px; max-width: 100%;\" src=\"https:\/\/ae01.alicdn.com\/kf\/H76cc8e7798de4613aa7d46cdde154a5eT.jpg\" \/><br \/>\n<img decoding=\"async\" loading=\"lazy\" class=\"detail-desc-decorate-image\" style=\"border: 0px; margin: 0px; padding: 0px; max-width: 100%;\" src=\"https:\/\/ae01.alicdn.com\/kf\/HTB17aAFwyOYBuNjSsD4q6zSkFXad.jpg\" \/><br \/>\n<img decoding=\"async\" loading=\"lazy\" class=\"detail-desc-decorate-image\" style=\"border: 0px; margin: 0px 0px 10px 0px; padding: 0px; max-width: 100%;\" src=\"https:\/\/ae01.alicdn.com\/kf\/Hce126b74484648c1b989001aa19620e43.jpg\" \/><\/div>\n<div class=\"detailmodule_image\" style=\", roboto, arial, helvetica, sans-serif, simsun;font-size: 14px; font-weight: 400; letter-spacing: normal; text-align: start; margin: 0px; padding: 0px;\" align=\"start\"><img decoding=\"async\" loading=\"lazy\" class=\"detail-desc-decorate-image\" style=\"border: 0px; margin: 0px; padding: 0px; max-width: 100%;\" src=\"https:\/\/ae01.alicdn.com\/kf\/HTB1ZqBroXzqK1RjSZSgq6ApAVXai.jpg\" \/><\/div>\n<div class=\"detailmodule_text\" style=\", roboto, arial, helvetica, sans-serif, simsun;font-size: 14px; font-weight: 400; letter-spacing: normal; text-align: start; margin: 0px; padding: 0px;\" align=\"start\"><\/div>\n<div><\/div>\n<\/div>\n<p>&nbsp;<\/p>\n<\/div>\n<\/div>","protected":false},"excerpt":{"rendered":"<p>&nbsp; \u00dcberwachung Funktion Von Rauchen Anzahl:\u00a0Nein Silikon Fall:\u00a0Nein Kurzschlussschutz Funktion:\u00a0Ja \u00dcberhitzungsschutz-funktion:\u00a0Ja Niederspannungsalarmfunktion:\u00a0Ja Zerst\u00e4uber Identifikation Funktion:\u00a0Ja Temperaturregelung:\u00a0Nein TCR Einstellung Modi:\u00a0Nein Nominale Kapazit\u00e4t:\u00a0Kein Kompatibler Akku:\u00a018650 Material:\u00a0Plastik Compatible Model:\u00a0510 Modellnummer:\u00a0ECO MOD Firmware-upgrade:\u00a0Nein Usb-ladeger\u00e4t:\u00a0Ja Display:\u00a0Nein Eingebaute Oder Externe Batterie:\u00a0Nein Art:\u00a0Elektrische Mod Markenname:\u00a0vapor storm Ursprung:\u00a0CN (Herkunft) Compatible Model:\u00a0electronic cigarette vape box mod &nbsp; Elektronische zigarette box mod vape dampfs turm [&hellip;]<\/p>","protected":false},"featured_media":8287,"template":"","meta":{"inline_featured_image":false},"product_cat":[15,78,750,737,736,749,77],"product_tag":[],"tiered_pricing_type":"fixed","tiered_pricing_fixed_rules":[],"tiered_pricing_percentage_rules":[],"tiered_pricing_minimum":1,"_administrator_tiered_pricing_type":"fixed","_administrator_tiered_pricing_fixed_rules":[],"_editor_tiered_pricing_type":"fixed","_editor_tiered_pricing_fixed_rules":[],"_author_tiered_pricing_type":"fixed","_author_tiered_pricing_fixed_rules":[],"_contributor_tiered_pricing_type":"fixed","_contributor_tiered_pricing_fixed_rules":[],"_subscriber_tiered_pricing_type":"fixed","_subscriber_tiered_pricing_fixed_rules":[],"_customer_tiered_pricing_type":"fixed","_customer_tiered_pricing_fixed_rules":[],"_shop_manager_tiered_pricing_type":"fixed","_shop_manager_tiered_pricing_fixed_rules":[],"_wpseo_manager_tiered_pricing_type":"fixed","_wpseo_manager_tiered_pricing_fixed_rules":[],"_wpseo_editor_tiered_pricing_type":"fixed","_wpseo_editor_tiered_pricing_fixed_rules":[],"_wholesale_customer_tiered_pricing_type":"fixed","_wholesale_customer_tiered_pricing_fixed_rules":[],"_marketer_tiered_pricing_type":"fixed","_marketer_tiered_pricing_fixed_rules":[],"_sales_manager_tiered_pricing_type":"fixed","_sales_manager_tiered_pricing_fixed_rules":[],"_sales_rep_tiered_pricing_type":"fixed","_sales_rep_tiered_pricing_fixed_rules":[],"yoast_head":"<!-- This site is optimized with the Yoast SEO plugin v23.3 - https:\/\/yoast.com\/wordpress\/plugins\/seo\/ -->\n<title>Box Mod Vape E-Zigarettendampf unterst\u00fctzt RDA RDA Electroii | ElementVape.de<\/title>\n<meta name=\"description\" content=\"Wir bieten Box Mod Vape E-Zigarettendampf unterst\u00fctzt RDA RDA Electroii , Elementvape.de akzeptieren Gro\u00df-und Einzelhandel Bestellungen.\" \/>\n<meta name=\"robots\" content=\"index, follow, max-snippet:-1, max-image-preview:large, max-video-preview:-1\" \/>\n<link rel=\"canonical\" href=\"https:\/\/www.elementvape.de\/et\/produkt\/box-mod-vape-e-zigarettendampf-unterstuetzt-rda-rda-electroii\/\" \/>\n<meta property=\"og:locale\" content=\"et_EE\" \/>\n<meta property=\"og:type\" content=\"article\" \/>\n<meta property=\"og:title\" content=\"Box Mod Vape E-Zigarettendampf unterst\u00fctzt RDA RDA Electroii | ElementVape.de\" \/>\n<meta property=\"og:description\" content=\"Wir bieten Box Mod Vape E-Zigarettendampf unterst\u00fctzt RDA RDA Electroii , Elementvape.de akzeptieren Gro\u00df-und Einzelhandel Bestellungen.\" \/>\n<meta property=\"og:url\" content=\"https:\/\/www.elementvape.de\/et\/produkt\/box-mod-vape-e-zigarettendampf-unterstuetzt-rda-rda-electroii\/\" \/>\n<meta property=\"og:site_name\" content=\"ElementVape.de\" \/>\n<meta property=\"article:modified_time\" content=\"2024-09-12T10:31:56+00:00\" \/>\n<meta property=\"og:image\" content=\"https:\/\/ae01.alicdn.com\/kf\/A361185d3ac0c45fea7359b01509635ffx\/Box-mod-vape-elektronische-Zigarette-Dampfs-turm-eco-max-90w-Graffiti-Farbe-Bypass-Modus-ohne-Batterie.jpg\" \/>\n\t<meta property=\"og:image:width\" content=\"1189\" \/>\n\t<meta property=\"og:image:height\" content=\"1016\" \/>\n\t<meta property=\"og:image:type\" content=\"image\/jpeg\" \/>\n<meta name=\"twitter:card\" content=\"summary_large_image\" \/>\n<meta name=\"twitter:label1\" content=\"Est. reading time\" \/>\n\t<meta name=\"twitter:data1\" content=\"3 minutit\" \/>\n<script type=\"application\/ld+json\" class=\"yoast-schema-graph\">{\"@context\":\"https:\/\/schema.org\",\"@graph\":[{\"@type\":\"WebPage\",\"@id\":\"https:\/\/www.elementvape.de\/produkt\/box-mod-vape-e-zigarettendampf-unterstuetzt-rda-rda-electroii\/\",\"url\":\"https:\/\/www.elementvape.de\/produkt\/box-mod-vape-e-zigarettendampf-unterstuetzt-rda-rda-electroii\/\",\"name\":\"Box Mod Vape E-Zigarettendampf unterst\u00fctzt RDA RDA Electroii | ElementVape.de\",\"isPartOf\":{\"@id\":\"https:\/\/www.elementvape.de\/#website\"},\"primaryImageOfPage\":{\"@id\":\"https:\/\/www.elementvape.de\/produkt\/box-mod-vape-e-zigarettendampf-unterstuetzt-rda-rda-electroii\/#primaryimage\"},\"image\":{\"@id\":\"https:\/\/www.elementvape.de\/produkt\/box-mod-vape-e-zigarettendampf-unterstuetzt-rda-rda-electroii\/#primaryimage\"},\"thumbnailUrl\":\"https:\/\/ae01.alicdn.com\/kf\/A361185d3ac0c45fea7359b01509635ffx\/Box-mod-vape-elektronische-Zigarette-Dampfs-turm-eco-max-90w-Graffiti-Farbe-Bypass-Modus-ohne-Batterie.jpg\",\"datePublished\":\"2024-04-20T08:07:16+00:00\",\"dateModified\":\"2024-09-12T10:31:56+00:00\",\"description\":\"Wir bieten Box Mod Vape E-Zigarettendampf unterst\u00fctzt RDA RDA Electroii , Elementvape.de akzeptieren Gro\u00df-und Einzelhandel Bestellungen.\",\"breadcrumb\":{\"@id\":\"https:\/\/www.elementvape.de\/produkt\/box-mod-vape-e-zigarettendampf-unterstuetzt-rda-rda-electroii\/#breadcrumb\"},\"inLanguage\":\"et\",\"potentialAction\":[{\"@type\":\"ReadAction\",\"target\":[\"https:\/\/www.elementvape.de\/produkt\/box-mod-vape-e-zigarettendampf-unterstuetzt-rda-rda-electroii\/\"]}]},{\"@type\":\"ImageObject\",\"inLanguage\":\"et\",\"@id\":\"https:\/\/www.elementvape.de\/produkt\/box-mod-vape-e-zigarettendampf-unterstuetzt-rda-rda-electroii\/#primaryimage\",\"url\":\"https:\/\/ae01.alicdn.com\/kf\/A361185d3ac0c45fea7359b01509635ffx\/Box-mod-vape-elektronische-Zigarette-Dampfs-turm-eco-max-90w-Graffiti-Farbe-Bypass-Modus-ohne-Batterie.jpg\",\"contentUrl\":\"https:\/\/ae01.alicdn.com\/kf\/A361185d3ac0c45fea7359b01509635ffx\/Box-mod-vape-elektronische-Zigarette-Dampfs-turm-eco-max-90w-Graffiti-Farbe-Bypass-Modus-ohne-Batterie.jpg\",\"width\":1189,\"height\":1016},{\"@type\":\"BreadcrumbList\",\"@id\":\"https:\/\/www.elementvape.de\/produkt\/box-mod-vape-e-zigarettendampf-unterstuetzt-rda-rda-electroii\/#breadcrumb\",\"itemListElement\":[{\"@type\":\"ListItem\",\"position\":1,\"name\":\"Home\",\"item\":\"https:\/\/www.elementvape.de\/\"},{\"@type\":\"ListItem\",\"position\":2,\"name\":\"Shop\",\"item\":\"https:\/\/www.elementvape.de\/shop\/\"},{\"@type\":\"ListItem\",\"position\":3,\"name\":\"Box Mod Vape E-Zigarettendampf unterst\u00fctzt RDA RDA Electroii\"}]},{\"@type\":\"WebSite\",\"@id\":\"https:\/\/www.elementvape.de\/#website\",\"url\":\"https:\/\/www.elementvape.de\/\",\"name\":\"ElementVape.de\",\"description\":\"\",\"publisher\":{\"@id\":\"https:\/\/www.elementvape.de\/#organization\"},\"potentialAction\":[{\"@type\":\"SearchAction\",\"target\":{\"@type\":\"EntryPoint\",\"urlTemplate\":\"https:\/\/www.elementvape.de\/?s={search_term_string}\"},\"query-input\":\"required name=search_term_string\"}],\"inLanguage\":\"et\"},{\"@type\":\"Organization\",\"@id\":\"https:\/\/www.elementvape.de\/#organization\",\"name\":\"ElementVape.DE\",\"url\":\"https:\/\/www.elementvape.de\/\",\"logo\":{\"@type\":\"ImageObject\",\"inLanguage\":\"et\",\"@id\":\"https:\/\/www.elementvape.de\/#\/schema\/logo\/image\/\",\"url\":\"https:\/\/www.elementvape.de\/wp-content\/uploads\/2024\/09\/cropped-1elementvape-3.png\",\"contentUrl\":\"https:\/\/www.elementvape.de\/wp-content\/uploads\/2024\/09\/cropped-1elementvape-3.png\",\"width\":285,\"height\":228,\"caption\":\"ElementVape.DE\"},\"image\":{\"@id\":\"https:\/\/www.elementvape.de\/#\/schema\/logo\/image\/\"}}]}<\/script>\n<!-- \/ Yoast SEO plugin. -->","yoast_head_json":{"title":"Box Mod Vape E-Zigarettendampf unterst\u00fctzt RDA RDA Electroii | ElementVape.de","description":"Wir bieten Box Mod Vape E-Zigarettendampf unterst\u00fctzt RDA RDA Electroii , Elementvape.de akzeptieren Gro\u00df-und Einzelhandel Bestellungen.","robots":{"index":"index","follow":"follow","max-snippet":"max-snippet:-1","max-image-preview":"max-image-preview:large","max-video-preview":"max-video-preview:-1"},"canonical":"https:\/\/www.elementvape.de\/et\/produkt\/box-mod-vape-e-zigarettendampf-unterstuetzt-rda-rda-electroii\/","og_locale":"et_EE","og_type":"article","og_title":"Box Mod Vape E-Zigarettendampf unterst\u00fctzt RDA RDA Electroii | ElementVape.de","og_description":"Wir bieten Box Mod Vape E-Zigarettendampf unterst\u00fctzt RDA RDA Electroii , Elementvape.de akzeptieren Gro\u00df-und Einzelhandel Bestellungen.","og_url":"https:\/\/www.elementvape.de\/et\/produkt\/box-mod-vape-e-zigarettendampf-unterstuetzt-rda-rda-electroii\/","og_site_name":"ElementVape.de","article_modified_time":"2024-09-12T10:31:56+00:00","og_image":[{"width":1189,"height":1016,"url":"https:\/\/ae01.alicdn.com\/kf\/A361185d3ac0c45fea7359b01509635ffx\/Box-mod-vape-elektronische-Zigarette-Dampfs-turm-eco-max-90w-Graffiti-Farbe-Bypass-Modus-ohne-Batterie.jpg","type":"image\/jpeg"}],"twitter_card":"summary_large_image","twitter_misc":{"Est. reading time":"3 minutit"},"schema":{"@context":"https:\/\/schema.org","@graph":[{"@type":"WebPage","@id":"https:\/\/www.elementvape.de\/produkt\/box-mod-vape-e-zigarettendampf-unterstuetzt-rda-rda-electroii\/","url":"https:\/\/www.elementvape.de\/produkt\/box-mod-vape-e-zigarettendampf-unterstuetzt-rda-rda-electroii\/","name":"Box Mod Vape E-Zigarettendampf unterst\u00fctzt RDA RDA Electroii | ElementVape.de","isPartOf":{"@id":"https:\/\/www.elementvape.de\/#website"},"primaryImageOfPage":{"@id":"https:\/\/www.elementvape.de\/produkt\/box-mod-vape-e-zigarettendampf-unterstuetzt-rda-rda-electroii\/#primaryimage"},"image":{"@id":"https:\/\/www.elementvape.de\/produkt\/box-mod-vape-e-zigarettendampf-unterstuetzt-rda-rda-electroii\/#primaryimage"},"thumbnailUrl":"https:\/\/ae01.alicdn.com\/kf\/A361185d3ac0c45fea7359b01509635ffx\/Box-mod-vape-elektronische-Zigarette-Dampfs-turm-eco-max-90w-Graffiti-Farbe-Bypass-Modus-ohne-Batterie.jpg","datePublished":"2024-04-20T08:07:16+00:00","dateModified":"2024-09-12T10:31:56+00:00","description":"Wir bieten Box Mod Vape E-Zigarettendampf unterst\u00fctzt RDA RDA Electroii , Elementvape.de akzeptieren Gro\u00df-und Einzelhandel Bestellungen.","breadcrumb":{"@id":"https:\/\/www.elementvape.de\/produkt\/box-mod-vape-e-zigarettendampf-unterstuetzt-rda-rda-electroii\/#breadcrumb"},"inLanguage":"et","potentialAction":[{"@type":"ReadAction","target":["https:\/\/www.elementvape.de\/produkt\/box-mod-vape-e-zigarettendampf-unterstuetzt-rda-rda-electroii\/"]}]},{"@type":"ImageObject","inLanguage":"et","@id":"https:\/\/www.elementvape.de\/produkt\/box-mod-vape-e-zigarettendampf-unterstuetzt-rda-rda-electroii\/#primaryimage","url":"https:\/\/ae01.alicdn.com\/kf\/A361185d3ac0c45fea7359b01509635ffx\/Box-mod-vape-elektronische-Zigarette-Dampfs-turm-eco-max-90w-Graffiti-Farbe-Bypass-Modus-ohne-Batterie.jpg","contentUrl":"https:\/\/ae01.alicdn.com\/kf\/A361185d3ac0c45fea7359b01509635ffx\/Box-mod-vape-elektronische-Zigarette-Dampfs-turm-eco-max-90w-Graffiti-Farbe-Bypass-Modus-ohne-Batterie.jpg","width":1189,"height":1016},{"@type":"BreadcrumbList","@id":"https:\/\/www.elementvape.de\/produkt\/box-mod-vape-e-zigarettendampf-unterstuetzt-rda-rda-electroii\/#breadcrumb","itemListElement":[{"@type":"ListItem","position":1,"name":"Home","item":"https:\/\/www.elementvape.de\/"},{"@type":"ListItem","position":2,"name":"Shop","item":"https:\/\/www.elementvape.de\/shop\/"},{"@type":"ListItem","position":3,"name":"Box Mod Vape E-Zigarettendampf unterst\u00fctzt RDA RDA Electroii"}]},{"@type":"WebSite","@id":"https:\/\/www.elementvape.de\/#website","url":"https:\/\/www.elementvape.de\/","name":"ElementVape.de","description":"","publisher":{"@id":"https:\/\/www.elementvape.de\/#organization"},"potentialAction":[{"@type":"SearchAction","target":{"@type":"EntryPoint","urlTemplate":"https:\/\/www.elementvape.de\/?s={search_term_string}"},"query-input":"required name=search_term_string"}],"inLanguage":"et"},{"@type":"Organization","@id":"https:\/\/www.elementvape.de\/#organization","name":"ElementVape.DE","url":"https:\/\/www.elementvape.de\/","logo":{"@type":"ImageObject","inLanguage":"et","@id":"https:\/\/www.elementvape.de\/#\/schema\/logo\/image\/","url":"https:\/\/www.elementvape.de\/wp-content\/uploads\/2024\/09\/cropped-1elementvape-3.png","contentUrl":"https:\/\/www.elementvape.de\/wp-content\/uploads\/2024\/09\/cropped-1elementvape-3.png","width":285,"height":228,"caption":"ElementVape.DE"},"image":{"@id":"https:\/\/www.elementvape.de\/#\/schema\/logo\/image\/"}}]}},"_links":{"self":[{"href":"https:\/\/www.elementvape.de\/et\/wp-json\/wp\/v2\/product\/8286"}],"collection":[{"href":"https:\/\/www.elementvape.de\/et\/wp-json\/wp\/v2\/product"}],"about":[{"href":"https:\/\/www.elementvape.de\/et\/wp-json\/wp\/v2\/types\/product"}],"wp:featuredmedia":[{"embeddable":true,"href":"https:\/\/www.elementvape.de\/et\/wp-json\/wp\/v2\/media\/8287"}],"wp:attachment":[{"href":"https:\/\/www.elementvape.de\/et\/wp-json\/wp\/v2\/media?parent=8286"}],"wp:term":[{"taxonomy":"product_cat","embeddable":true,"href":"https:\/\/www.elementvape.de\/et\/wp-json\/wp\/v2\/product_cat?post=8286"},{"taxonomy":"product_tag","embeddable":true,"href":"https:\/\/www.elementvape.de\/et\/wp-json\/wp\/v2\/product_tag?post=8286"}],"curies":[{"name":"wp","href":"https:\/\/api.w.org\/{rel}","templated":true}]}}