{"id":7684,"date":"2024-04-20T07:24:26","date_gmt":"2024-04-20T07:24:26","guid":{"rendered":"https:\/\/www.elementvape.de\/?post_type=product&#038;p=7684"},"modified":"2024-09-12T10:32:17","modified_gmt":"2024-09-12T10:32:17","slug":"vandy-vape-pulse-aio-v2-kit-80w-box-mod","status":"publish","type":"product","link":"https:\/\/www.elementvape.de\/et\/produkt\/vandy-vape-pulse-aio-v2-kit-80w-box-mod\/","title":{"rendered":"Vandy Vape Pulse Aio V2 komplekt 80W kast-mod"},"content":{"rendered":"<p>&nbsp;<\/p>\n<div class=\"product-specs-list-container\">\n<ul class=\"product-specs-list util-clearfix\">\n<li class=\"product-prop line-limit-length\"><span class=\"property-title\">V\u00e4limus:\u00a0<\/span><span class=\"property-desc line-limit-length\">Karpkuju<\/span><\/li>\n<li class=\"product-prop line-limit-length\"><span class=\"property-title\">\u00dchilduv aku:\u00a0<\/span><span class=\"property-desc line-limit-length\">Puudub<\/span><\/li>\n<li class=\"product-prop line-limit-length\"><span class=\"property-title\">J\u00e4lgimisfunktsioon Suitsetamise arv:\u00a0<\/span><span class=\"property-desc line-limit-length\">Ei<\/span><\/li>\n<li class=\"product-prop line-limit-length\"><span class=\"property-title\">Silikoonist \u00fcmbris:\u00a0<\/span><span class=\"property-desc line-limit-length\">Ei<\/span><\/li>\n<li class=\"product-prop line-limit-length\"><span class=\"property-title\">Temperatuuri reguleerimine:\u00a0<\/span><span class=\"property-desc line-limit-length\">Ei<\/span><\/li>\n<li class=\"product-prop line-limit-length\"><span class=\"property-title\">Sisseehitatud v\u00f5i v\u00e4line aku:\u00a0<\/span><span class=\"property-desc line-limit-length\">Sisseehitatud<\/span><\/li>\n<li class=\"product-prop line-limit-length\"><span class=\"property-title\">L\u00fchisekaitse funktsioon:\u00a0<\/span><span class=\"property-desc line-limit-length\">Ja<\/span><\/li>\n<li class=\"product-prop line-limit-length\"><span class=\"property-title\">\u00dclekuumenemiskaitse funktsioon:\u00a0<\/span><span class=\"property-desc line-limit-length\">Ja<\/span><\/li>\n<li class=\"product-prop line-limit-length\"><span class=\"property-title\">Madalpinge alarmi funktsioon:\u00a0<\/span><span class=\"property-desc line-limit-length\">Ja<\/span><\/li>\n<li class=\"product-prop line-limit-length\"><span class=\"property-title\">Pihusti tuvastamise funktsioon:\u00a0<\/span><span class=\"property-desc line-limit-length\">Ja<\/span><\/li>\n<li class=\"product-prop line-limit-length\"><span class=\"property-title\">TCR seadistusre\u017eiimid:\u00a0<\/span><span class=\"property-desc line-limit-length\">Ei<\/span><\/li>\n<li class=\"product-prop line-limit-length\"><span class=\"property-title\">Nominaalne mahutavus:\u00a0<\/span><span class=\"property-desc line-limit-length\">Puudub<\/span><\/li>\n<li class=\"product-prop line-limit-length\"><span class=\"property-title\">Materjal:\u00a0<\/span><span class=\"property-desc line-limit-length\">Metall<\/span><\/li>\n<li class=\"product-prop line-limit-length\"><span class=\"property-title\">\u00dchilduv mudel:\u00a0<\/span><span class=\"property-desc line-limit-length\">Vape Elektroniline Sigaret<\/span><\/li>\n<li class=\"product-prop line-limit-length\"><span class=\"property-title\">Mudelinumber:\u00a0<\/span><span class=\"property-desc line-limit-length\">Vandy Vape Pulse AIO V2 Komplekt<\/span><\/li>\n<li class=\"product-prop line-limit-length\"><span class=\"property-title\">USB-laadija:\u00a0<\/span><span class=\"property-desc line-limit-length\">Ja<\/span><\/li>\n<li class=\"product-prop line-limit-length\"><span class=\"property-title\">P\u00fcsivara uuendus:\u00a0<\/span><span class=\"property-desc line-limit-length\">Ei<\/span><\/li>\n<li class=\"product-prop line-limit-length\"><span class=\"property-title\">Ekraan:\u00a0<\/span><span class=\"property-desc line-limit-length\">Ja<\/span><\/li>\n<li class=\"product-prop line-limit-length\"><span class=\"property-title\">T\u00fc\u00fcp:\u00a0<\/span><span class=\"property-desc line-limit-length\">Patareiga<\/span><\/li>\n<li class=\"product-prop line-limit-length\"><span class=\"property-title\">Br\u00e4ndi nimi:\u00a0<\/span><span class=\"property-desc line-limit-length\">VANDY VAPE<\/span><\/li>\n<li class=\"product-prop line-limit-length\"><span class=\"property-title\">P\u00e4ritolu:\u00a0<\/span><span class=\"property-desc line-limit-length\">CN (P\u00e4ritolu)<\/span><\/li>\n<\/ul>\n<\/div>\n<div class=\"detailmodule_html\">\n<div class=\"detail-desc-decorate-richtext\">\n<div class=\"detailmodule_text\">\n<p id=\"tl_1\" class=\"detail-desc-decorate-title\" style=\"font-family: OpenSans; font-size: 20px; font-weight: 900; line-height: 28px; margin-bottom: 12px;\">Originaal Vandy Vape Puls Aio V2 Komplekt 80W karbikasti modiga 6ml RBA Pod-tankiga IP67 PCBA elektrooniline sigaret, Vaper, Vape<\/p>\n<p id=\"tl_2\" class=\"detail-desc-decorate-content\" style=\"font-family: OpenSans; font-size: 14px; font-weight: 300; line-height: 20px; margin-bottom: 12px;\">Puls aio v2 komplekt on valmistatud alumiiniumisulamist peenest materjalist, mis muudab selle kergeks ja kompaktseks. See toetab \u00fcksik 18650 akut, omab 5-80W reguleeritavat v\u00f5imsust. V\u00f5rkkesta \u00f5huvoolu vastuv\u00f5tuga saab luua sujuva \u00f5huvoolu. IP67 PCBA veekindla disainiga on lihtne \u00f5li plekke ja tolmu eemaldada. Puls aio v2 on lekkekindel ning takistab \u00f5li sattumist tr\u00fckkplaadile ja seadme kahjustamist. Kolm tarvikute joonistust on m\u00f5eldud entusiastidele, et nautida rohkem vape'i r\u00f5\u00f5mu. Vahetatavad tilgutiotsad ja tilgutiotsade \u00f5huvoolu torud on kaasas. Lisaks saate nautida erakordset kogemust 6ml Puls aio v2 RBA tankiga. Neli RBA \u00f5huvoolu toru on samuti kaasas.<\/p>\n<\/div>\n<div class=\"detailmodule_text\">\n<p id=\"tl_3\" class=\"detail-desc-decorate-title\" style=\"font-family: OpenSans; font-size: 20px; font-weight: 900; line-height: 28px; margin-bottom: 12px;\">Parameetrid:<\/p>\n<p id=\"tl_4\" class=\"detail-desc-decorate-content\" style=\"font-family: OpenSans; font-size: 14px; font-weight: 300; line-height: 20px; margin-bottom: 12px;\">Br\u00e4nd: vandy vape<br \/>\nToote nimi: Puls aio v2 Komplekt<br \/>\nSuurus: 51*77,3*23,4mm<br \/>\nV\u00e4ljundi pinge: 0,5-6,0 V<br \/>\nMaksimaalne v\u00e4ljundvool: 32a<br \/>\nMaterjal: alumiiniumisulam + roostevaba teras + PCTG<br \/>\nPatarei t\u00fc\u00fcp: \u00fchilduv 18650 patareiga (ei kuulu komplekti)<br \/>\nRBA mahutavus: 6ml<br \/>\nV\u00f5imsusvahemik: 5-80w<br \/>\nT\u00e4itemeetod: lihtne k\u00fclg t\u00e4itmine<br \/>\nTakistuste vahemik: 0,05-3,0\u03a9(\u00b1 5%)<br \/>\nEkraan: 0,42 tolli OLED-ekraan<br \/>\nPakendi suurus: 95*34*122mm(1tk)<br \/>\nKarpide suurus: 494*257*203mm(50 t\u00fckki)<br \/>\nV\u00e4rv: must, v\u00e4ike sinine, lilla, punane, celeste, sakura roosa<\/p>\n<\/div>\n<div class=\"detailmodule_text\">\n<p id=\"tl_5\" class=\"detail-desc-decorate-title\" style=\"font-family: OpenSans; font-size: 20px; font-weight: 900; line-height: 28px; margin-bottom: 12px;\">Detailid:<\/p>\n<p id=\"tl_6\" class=\"detail-desc-decorate-content\" style=\"font-family: OpenSans; font-size: 14px; font-weight: 300; line-height: 20px; margin-bottom: 12px;\">1. IP67 pcba veekindluse hinnang<br \/>\n2. Aku positiivne l\u00e4bi tr\u00fckkplaat<br \/>\n3. vahetatav v\u00f5tme l\u00fcliti tr\u00fckkplaat<br \/>\n4. uus rba ja tank<br \/>\n5. k\u00f5ige v\u00e4iksem kompaktne suurus<br \/>\n6. alumiiniumisulamist peen nikerdusmaterjal<br \/>\n7. mitmekesised tarvikute joonised entusiastidele<br \/>\n8. koos vahetatavate tilgutusn\u00f5elte ja tilgutusn\u00f5elte \u00f5hukanalitega<br \/>\n9. v\u00f5rk\u00f5huvoolu vastuv\u00f5tt<br \/>\n10. pakub erakordset kogemust puls aio v2 rba-ga<br \/>\n11. 5-80W reguleeritav v\u00f5imsus<\/p>\n<\/div>\n<div class=\"detailmodule_text\">\n<p id=\"tl_7\" class=\"detail-desc-decorate-title\" style=\"font-family: OpenSans; font-size: 20px; font-weight: 900; line-height: 28px; margin-bottom: 12px;\">Pakett sisaldab:<\/p>\n<p id=\"tl_8\" class=\"detail-desc-decorate-content\" style=\"font-family: OpenSans; font-size: 14px; font-weight: 300; line-height: 20px; margin-bottom: 12px;\">1 * Puls aio v2 seade<br \/>\n4 * rba \u00f5hukanali<br \/>\n1 * juhendiraamat<br \/>\n1 * 510 adapter<br \/>\n2 * tilgutusn\u00f5ela<br \/>\n1 * RBA<br \/>\n1 * tarvikutasku<br \/>\n3 * tilgutusn\u00f5ela \u00f5hukanalit<\/p>\n<\/div>\n<div class=\"detailmodule_image\"><img decoding=\"async\" loading=\"lazy\" class=\"detail-desc-decorate-image\" src=\"https:\/\/ae01.alicdn.com\/kf\/S8201add96de94285a267c648ea8a8e426.jpg\" \/><br \/>\n<img decoding=\"async\" loading=\"lazy\" class=\"detail-desc-decorate-image\" src=\"https:\/\/ae01.alicdn.com\/kf\/S81e806a230954e89b622a6926822f61eB.jpg\" \/><br \/>\n<img decoding=\"async\" loading=\"lazy\" class=\"detail-desc-decorate-image\" src=\"https:\/\/ae01.alicdn.com\/kf\/Sda4fb6ff18804b9e90baf24a4a3b448fC.jpg\" \/><br \/>\n<img decoding=\"async\" loading=\"lazy\" class=\"detail-desc-decorate-image\" src=\"https:\/\/ae01.alicdn.com\/kf\/S219674f6ebbf44e2877b6a5a8b9cc98fn.jpg\" \/><br \/>\n<img decoding=\"async\" loading=\"lazy\" class=\"detail-desc-decorate-image\" src=\"https:\/\/ae01.alicdn.com\/kf\/S0ea705d7290244b482d6662dc1acdc95y.jpg\" \/><br \/>\n<img decoding=\"async\" loading=\"lazy\" class=\"detail-desc-decorate-image\" src=\"https:\/\/ae01.alicdn.com\/kf\/S698a6c44c58148509892720c45fec765O.jpg\" \/><br \/>\n<img decoding=\"async\" loading=\"lazy\" class=\"detail-desc-decorate-image\" src=\"https:\/\/ae01.alicdn.com\/kf\/Sd7ecdca72e384c8bb45fd3f7c9fdd37aj.jpg\" \/><br \/>\n<img decoding=\"async\" loading=\"lazy\" class=\"detail-desc-decorate-image\" src=\"https:\/\/ae01.alicdn.com\/kf\/S45897e611ce043ed9ad65efba1844229K.jpg\" \/><br \/>\n<img decoding=\"async\" loading=\"lazy\" class=\"detail-desc-decorate-image\" src=\"https:\/\/ae01.alicdn.com\/kf\/Sfe51af21da1a4baca81a0a4beae56e1ch.jpg\" \/><br \/>\n<img decoding=\"async\" loading=\"lazy\" class=\"detail-desc-decorate-image\" src=\"https:\/\/ae01.alicdn.com\/kf\/Sfddf11c58f1744ef9f2ab821f762f84eg.jpg\" \/><\/div>\n<div class=\"detailmodule_image\"><img decoding=\"async\" loading=\"lazy\" class=\"detail-desc-decorate-image\" src=\"https:\/\/ae01.alicdn.com\/kf\/S4434bf694313490eb1e3efb0b7948fd7t.jpg\" \/><br \/>\n<img decoding=\"async\" loading=\"lazy\" class=\"detail-desc-decorate-image\" src=\"https:\/\/ae01.alicdn.com\/kf\/S20a7f1975b024b8492476c19969ce8c7q.jpg\" \/><br \/>\n<img decoding=\"async\" loading=\"lazy\" class=\"detail-desc-decorate-image\" src=\"https:\/\/ae01.alicdn.com\/kf\/S22bd010e02884c41a744c4f1920fda5ci.jpg\" \/><\/div>\n<p>&nbsp;<\/p>\n<\/div>\n<\/div>","protected":false},"excerpt":{"rendered":"<p>&nbsp; Aussehen:\u00a0Box Form Kompatibler Akku:\u00a0Kein \u00dcberwachung Funktion Von Rauchen Anzahl:\u00a0Nein Silikon Fall:\u00a0Nein Temperaturregelung:\u00a0Nein Eingebaute Oder Externe Batterie:\u00a0Eingebaute Kurzschlussschutz Funktion:\u00a0Ja \u00dcberhitzungsschutz-funktion:\u00a0Ja Niederspannungsalarmfunktion:\u00a0Ja Zerst\u00e4uber Identifikation Funktion:\u00a0Ja TCR Einstellung Modi:\u00a0Nein Nominale Kapazit\u00e4t:\u00a0Kein Material:\u00a0Metall Compatible Model:\u00a0Vape Electronic Cigarette Modellnummer:\u00a0Vandy Vape Pulse AIO V2 Kit Usb-ladeger\u00e4t:\u00a0Ja Firmware-upgrade:\u00a0Nein Display:\u00a0Ja Art:\u00a0Mit Batterie Markenname:\u00a0VANDY VAPE Ursprung:\u00a0CN (Herkunft) Original Vandy Vape Puls Aio V2 [&hellip;]<\/p>","protected":false},"featured_media":7685,"template":"","meta":{"inline_featured_image":false},"product_cat":[78,750,737,736,749,76],"product_tag":[],"tiered_pricing_type":"fixed","tiered_pricing_fixed_rules":[],"tiered_pricing_percentage_rules":[],"tiered_pricing_minimum":1,"_administrator_tiered_pricing_type":"fixed","_administrator_tiered_pricing_fixed_rules":[],"_editor_tiered_pricing_type":"fixed","_editor_tiered_pricing_fixed_rules":[],"_author_tiered_pricing_type":"fixed","_author_tiered_pricing_fixed_rules":[],"_contributor_tiered_pricing_type":"fixed","_contributor_tiered_pricing_fixed_rules":[],"_subscriber_tiered_pricing_type":"fixed","_subscriber_tiered_pricing_fixed_rules":[],"_customer_tiered_pricing_type":"fixed","_customer_tiered_pricing_fixed_rules":[],"_shop_manager_tiered_pricing_type":"fixed","_shop_manager_tiered_pricing_fixed_rules":[],"_wpseo_manager_tiered_pricing_type":"fixed","_wpseo_manager_tiered_pricing_fixed_rules":[],"_wpseo_editor_tiered_pricing_type":"fixed","_wpseo_editor_tiered_pricing_fixed_rules":[],"_wholesale_customer_tiered_pricing_type":"fixed","_wholesale_customer_tiered_pricing_fixed_rules":[],"_marketer_tiered_pricing_type":"fixed","_marketer_tiered_pricing_fixed_rules":[],"_sales_manager_tiered_pricing_type":"fixed","_sales_manager_tiered_pricing_fixed_rules":[],"_sales_rep_tiered_pricing_type":"fixed","_sales_rep_tiered_pricing_fixed_rules":[],"yoast_head":"<!-- This site is optimized with the Yoast SEO plugin v23.3 - https:\/\/yoast.com\/wordpress\/plugins\/seo\/ -->\n<title>Vandy Vape Pulse Aio V2 Kit 80W Box Mod | ElementVape.de<\/title>\n<meta name=\"description\" content=\"Wir bieten Vandy Vape Pulse Aio V2 Kit 80W Box Mod , Elementvape.de akzeptieren Gro\u00df-und Einzelhandel Bestellungen.\" \/>\n<meta name=\"robots\" content=\"index, follow, max-snippet:-1, max-image-preview:large, max-video-preview:-1\" \/>\n<link rel=\"canonical\" href=\"https:\/\/www.elementvape.de\/et\/produkt\/vandy-vape-pulse-aio-v2-kit-80w-box-mod\/\" \/>\n<meta property=\"og:locale\" content=\"et_EE\" \/>\n<meta property=\"og:type\" content=\"article\" \/>\n<meta property=\"og:title\" content=\"Vandy Vape Pulse Aio V2 Kit 80W Box Mod | ElementVape.de\" \/>\n<meta property=\"og:description\" content=\"Wir bieten Vandy Vape Pulse Aio V2 Kit 80W Box Mod , Elementvape.de akzeptieren Gro\u00df-und Einzelhandel Bestellungen.\" \/>\n<meta property=\"og:url\" content=\"https:\/\/www.elementvape.de\/et\/produkt\/vandy-vape-pulse-aio-v2-kit-80w-box-mod\/\" \/>\n<meta property=\"og:site_name\" content=\"ElementVape.de\" \/>\n<meta property=\"article:modified_time\" content=\"2024-09-12T10:32:17+00:00\" \/>\n<meta property=\"og:image\" content=\"https:\/\/ae01.alicdn.com\/kf\/Aee8ed31d774946168f034a13b30fc713X\/Original-Vandy-Vape-Puls-Aio-V2-Kit-80W-Box-Mod-mit-6ml-RBA-Pod-Patrone-IP67.jpg\" \/>\n\t<meta property=\"og:image:width\" content=\"800\" \/>\n\t<meta property=\"og:image:height\" content=\"800\" \/>\n\t<meta property=\"og:image:type\" content=\"image\/jpeg\" \/>\n<meta name=\"twitter:card\" content=\"summary_large_image\" \/>\n<meta name=\"twitter:label1\" content=\"Est. reading time\" \/>\n\t<meta name=\"twitter:data1\" content=\"5 minutit\" \/>\n<script type=\"application\/ld+json\" class=\"yoast-schema-graph\">{\"@context\":\"https:\/\/schema.org\",\"@graph\":[{\"@type\":\"WebPage\",\"@id\":\"https:\/\/www.elementvape.de\/ro\/produkt\/vandy-vape-pulse-aio-v2-kit-80w-box-mod\/\",\"url\":\"https:\/\/www.elementvape.de\/ro\/produkt\/vandy-vape-pulse-aio-v2-kit-80w-box-mod\/\",\"name\":\"Vandy Vape Pulse Aio V2 Kit 80W Box Mod | ElementVape.de\",\"isPartOf\":{\"@id\":\"https:\/\/www.elementvape.de\/#website\"},\"primaryImageOfPage\":{\"@id\":\"https:\/\/www.elementvape.de\/ro\/produkt\/vandy-vape-pulse-aio-v2-kit-80w-box-mod\/#primaryimage\"},\"image\":{\"@id\":\"https:\/\/www.elementvape.de\/ro\/produkt\/vandy-vape-pulse-aio-v2-kit-80w-box-mod\/#primaryimage\"},\"thumbnailUrl\":\"https:\/\/ae01.alicdn.com\/kf\/Aee8ed31d774946168f034a13b30fc713X\/Original-Vandy-Vape-Puls-Aio-V2-Kit-80W-Box-Mod-mit-6ml-RBA-Pod-Patrone-IP67.jpg\",\"datePublished\":\"2024-04-20T07:24:26+00:00\",\"dateModified\":\"2024-09-12T10:32:17+00:00\",\"description\":\"Wir bieten Vandy Vape Pulse Aio V2 Kit 80W Box Mod , Elementvape.de akzeptieren Gro\u00df-und Einzelhandel Bestellungen.\",\"breadcrumb\":{\"@id\":\"https:\/\/www.elementvape.de\/ro\/produkt\/vandy-vape-pulse-aio-v2-kit-80w-box-mod\/#breadcrumb\"},\"inLanguage\":\"et\",\"potentialAction\":[{\"@type\":\"ReadAction\",\"target\":[\"https:\/\/www.elementvape.de\/ro\/produkt\/vandy-vape-pulse-aio-v2-kit-80w-box-mod\/\"]}]},{\"@type\":\"ImageObject\",\"inLanguage\":\"et\",\"@id\":\"https:\/\/www.elementvape.de\/ro\/produkt\/vandy-vape-pulse-aio-v2-kit-80w-box-mod\/#primaryimage\",\"url\":\"https:\/\/ae01.alicdn.com\/kf\/Aee8ed31d774946168f034a13b30fc713X\/Original-Vandy-Vape-Puls-Aio-V2-Kit-80W-Box-Mod-mit-6ml-RBA-Pod-Patrone-IP67.jpg\",\"contentUrl\":\"https:\/\/ae01.alicdn.com\/kf\/Aee8ed31d774946168f034a13b30fc713X\/Original-Vandy-Vape-Puls-Aio-V2-Kit-80W-Box-Mod-mit-6ml-RBA-Pod-Patrone-IP67.jpg\",\"width\":800,\"height\":800},{\"@type\":\"BreadcrumbList\",\"@id\":\"https:\/\/www.elementvape.de\/ro\/produkt\/vandy-vape-pulse-aio-v2-kit-80w-box-mod\/#breadcrumb\",\"itemListElement\":[{\"@type\":\"ListItem\",\"position\":1,\"name\":\"Home\",\"item\":\"https:\/\/www.elementvape.de\/\"},{\"@type\":\"ListItem\",\"position\":2,\"name\":\"Shop\",\"item\":\"https:\/\/www.elementvape.de\/shop\/\"},{\"@type\":\"ListItem\",\"position\":3,\"name\":\"Vandy Vape Pulse Aio V2 Kit 80W Box Mod\"}]},{\"@type\":\"WebSite\",\"@id\":\"https:\/\/www.elementvape.de\/#website\",\"url\":\"https:\/\/www.elementvape.de\/\",\"name\":\"ElementVape.de\",\"description\":\"\",\"publisher\":{\"@id\":\"https:\/\/www.elementvape.de\/#organization\"},\"potentialAction\":[{\"@type\":\"SearchAction\",\"target\":{\"@type\":\"EntryPoint\",\"urlTemplate\":\"https:\/\/www.elementvape.de\/?s={search_term_string}\"},\"query-input\":\"required name=search_term_string\"}],\"inLanguage\":\"et\"},{\"@type\":\"Organization\",\"@id\":\"https:\/\/www.elementvape.de\/#organization\",\"name\":\"ElementVape.DE\",\"url\":\"https:\/\/www.elementvape.de\/\",\"logo\":{\"@type\":\"ImageObject\",\"inLanguage\":\"et\",\"@id\":\"https:\/\/www.elementvape.de\/#\/schema\/logo\/image\/\",\"url\":\"https:\/\/www.elementvape.de\/wp-content\/uploads\/2024\/09\/cropped-1elementvape-3.png\",\"contentUrl\":\"https:\/\/www.elementvape.de\/wp-content\/uploads\/2024\/09\/cropped-1elementvape-3.png\",\"width\":285,\"height\":228,\"caption\":\"ElementVape.DE\"},\"image\":{\"@id\":\"https:\/\/www.elementvape.de\/#\/schema\/logo\/image\/\"}}]}<\/script>\n<!-- \/ Yoast SEO plugin. -->","yoast_head_json":{"title":"Vandy Vape Pulse Aio V2 Kit 80W Box Mod | ElementVape.de","description":"Wir bieten Vandy Vape Pulse Aio V2 Kit 80W Box Mod , Elementvape.de akzeptieren Gro\u00df-und Einzelhandel Bestellungen.","robots":{"index":"index","follow":"follow","max-snippet":"max-snippet:-1","max-image-preview":"max-image-preview:large","max-video-preview":"max-video-preview:-1"},"canonical":"https:\/\/www.elementvape.de\/et\/produkt\/vandy-vape-pulse-aio-v2-kit-80w-box-mod\/","og_locale":"et_EE","og_type":"article","og_title":"Vandy Vape Pulse Aio V2 Kit 80W Box Mod | ElementVape.de","og_description":"Wir bieten Vandy Vape Pulse Aio V2 Kit 80W Box Mod , Elementvape.de akzeptieren Gro\u00df-und Einzelhandel Bestellungen.","og_url":"https:\/\/www.elementvape.de\/et\/produkt\/vandy-vape-pulse-aio-v2-kit-80w-box-mod\/","og_site_name":"ElementVape.de","article_modified_time":"2024-09-12T10:32:17+00:00","og_image":[{"width":800,"height":800,"url":"https:\/\/ae01.alicdn.com\/kf\/Aee8ed31d774946168f034a13b30fc713X\/Original-Vandy-Vape-Puls-Aio-V2-Kit-80W-Box-Mod-mit-6ml-RBA-Pod-Patrone-IP67.jpg","type":"image\/jpeg"}],"twitter_card":"summary_large_image","twitter_misc":{"Est. reading time":"5 minutit"},"schema":{"@context":"https:\/\/schema.org","@graph":[{"@type":"WebPage","@id":"https:\/\/www.elementvape.de\/ro\/produkt\/vandy-vape-pulse-aio-v2-kit-80w-box-mod\/","url":"https:\/\/www.elementvape.de\/ro\/produkt\/vandy-vape-pulse-aio-v2-kit-80w-box-mod\/","name":"Vandy Vape Pulse Aio V2 Kit 80W Box Mod | ElementVape.de","isPartOf":{"@id":"https:\/\/www.elementvape.de\/#website"},"primaryImageOfPage":{"@id":"https:\/\/www.elementvape.de\/ro\/produkt\/vandy-vape-pulse-aio-v2-kit-80w-box-mod\/#primaryimage"},"image":{"@id":"https:\/\/www.elementvape.de\/ro\/produkt\/vandy-vape-pulse-aio-v2-kit-80w-box-mod\/#primaryimage"},"thumbnailUrl":"https:\/\/ae01.alicdn.com\/kf\/Aee8ed31d774946168f034a13b30fc713X\/Original-Vandy-Vape-Puls-Aio-V2-Kit-80W-Box-Mod-mit-6ml-RBA-Pod-Patrone-IP67.jpg","datePublished":"2024-04-20T07:24:26+00:00","dateModified":"2024-09-12T10:32:17+00:00","description":"Wir bieten Vandy Vape Pulse Aio V2 Kit 80W Box Mod , Elementvape.de akzeptieren Gro\u00df-und Einzelhandel Bestellungen.","breadcrumb":{"@id":"https:\/\/www.elementvape.de\/ro\/produkt\/vandy-vape-pulse-aio-v2-kit-80w-box-mod\/#breadcrumb"},"inLanguage":"et","potentialAction":[{"@type":"ReadAction","target":["https:\/\/www.elementvape.de\/ro\/produkt\/vandy-vape-pulse-aio-v2-kit-80w-box-mod\/"]}]},{"@type":"ImageObject","inLanguage":"et","@id":"https:\/\/www.elementvape.de\/ro\/produkt\/vandy-vape-pulse-aio-v2-kit-80w-box-mod\/#primaryimage","url":"https:\/\/ae01.alicdn.com\/kf\/Aee8ed31d774946168f034a13b30fc713X\/Original-Vandy-Vape-Puls-Aio-V2-Kit-80W-Box-Mod-mit-6ml-RBA-Pod-Patrone-IP67.jpg","contentUrl":"https:\/\/ae01.alicdn.com\/kf\/Aee8ed31d774946168f034a13b30fc713X\/Original-Vandy-Vape-Puls-Aio-V2-Kit-80W-Box-Mod-mit-6ml-RBA-Pod-Patrone-IP67.jpg","width":800,"height":800},{"@type":"BreadcrumbList","@id":"https:\/\/www.elementvape.de\/ro\/produkt\/vandy-vape-pulse-aio-v2-kit-80w-box-mod\/#breadcrumb","itemListElement":[{"@type":"ListItem","position":1,"name":"Home","item":"https:\/\/www.elementvape.de\/"},{"@type":"ListItem","position":2,"name":"Shop","item":"https:\/\/www.elementvape.de\/shop\/"},{"@type":"ListItem","position":3,"name":"Vandy Vape Pulse Aio V2 Kit 80W Box Mod"}]},{"@type":"WebSite","@id":"https:\/\/www.elementvape.de\/#website","url":"https:\/\/www.elementvape.de\/","name":"ElementVape.de","description":"","publisher":{"@id":"https:\/\/www.elementvape.de\/#organization"},"potentialAction":[{"@type":"SearchAction","target":{"@type":"EntryPoint","urlTemplate":"https:\/\/www.elementvape.de\/?s={search_term_string}"},"query-input":"required name=search_term_string"}],"inLanguage":"et"},{"@type":"Organization","@id":"https:\/\/www.elementvape.de\/#organization","name":"ElementVape.DE","url":"https:\/\/www.elementvape.de\/","logo":{"@type":"ImageObject","inLanguage":"et","@id":"https:\/\/www.elementvape.de\/#\/schema\/logo\/image\/","url":"https:\/\/www.elementvape.de\/wp-content\/uploads\/2024\/09\/cropped-1elementvape-3.png","contentUrl":"https:\/\/www.elementvape.de\/wp-content\/uploads\/2024\/09\/cropped-1elementvape-3.png","width":285,"height":228,"caption":"ElementVape.DE"},"image":{"@id":"https:\/\/www.elementvape.de\/#\/schema\/logo\/image\/"}}]}},"_links":{"self":[{"href":"https:\/\/www.elementvape.de\/et\/wp-json\/wp\/v2\/product\/7684"}],"collection":[{"href":"https:\/\/www.elementvape.de\/et\/wp-json\/wp\/v2\/product"}],"about":[{"href":"https:\/\/www.elementvape.de\/et\/wp-json\/wp\/v2\/types\/product"}],"wp:featuredmedia":[{"embeddable":true,"href":"https:\/\/www.elementvape.de\/et\/wp-json\/wp\/v2\/media\/7685"}],"wp:attachment":[{"href":"https:\/\/www.elementvape.de\/et\/wp-json\/wp\/v2\/media?parent=7684"}],"wp:term":[{"taxonomy":"product_cat","embeddable":true,"href":"https:\/\/www.elementvape.de\/et\/wp-json\/wp\/v2\/product_cat?post=7684"},{"taxonomy":"product_tag","embeddable":true,"href":"https:\/\/www.elementvape.de\/et\/wp-json\/wp\/v2\/product_tag?post=7684"}],"curies":[{"name":"wp","href":"https:\/\/api.w.org\/{rel}","templated":true}]}}