{"id":7067,"date":"2024-04-20T06:18:58","date_gmt":"2024-04-20T06:18:58","guid":{"rendered":"https:\/\/www.elementvape.de\/?post_type=product&#038;p=7067"},"modified":"2024-12-12T06:37:15","modified_gmt":"2024-12-12T06:37:15","slug":"kingtons-black-widow-trockenen-kraut-verdampfer-blk-2200mah-batterie","status":"publish","type":"product","link":"https:\/\/www.elementvape.de\/et\/produkt\/kingtons-black-widow-trockenen-kraut-verdampfer-blk-2200mah-batterie\/","title":{"rendered":"Kingtons Black Widow Kuiv \u00fcrtide Aurustaja BLK 2200mAh Aku"},"content":{"rendered":"<p>&nbsp;<\/p>\n<div class=\"product-specs-list-container\">\n<ul class=\"product-specs-list util-clearfix\">\n<li class=\"product-prop line-limit-length\"><span class=\"property-title\">V\u00e4limus:\u00a0<\/span><span class=\"property-desc line-limit-length\">Karpkuju<\/span><\/li>\n<li class=\"product-prop line-limit-length\"><span class=\"property-title\">\u00dchilduv aku:\u00a0<\/span><span class=\"property-desc line-limit-length\">Puudub<\/span><\/li>\n<li class=\"product-prop line-limit-length\"><span class=\"property-title\">J\u00e4lgimisfunktsioon Suitsetamise arv:\u00a0<\/span><span class=\"property-desc line-limit-length\">Ei<\/span><\/li>\n<li class=\"product-prop line-limit-length\"><span class=\"property-title\">Silikoonist \u00fcmbris:\u00a0<\/span><span class=\"property-desc line-limit-length\">Ei<\/span><\/li>\n<li class=\"product-prop line-limit-length\"><span class=\"property-title\">Temperatuuri reguleerimine:\u00a0<\/span><span class=\"property-desc line-limit-length\">Ja<\/span><\/li>\n<li class=\"product-prop line-limit-length\"><span class=\"property-title\">Sisseehitatud v\u00f5i v\u00e4line aku:\u00a0<\/span><span class=\"property-desc line-limit-length\">Sisseehitatud<\/span><\/li>\n<li class=\"product-prop line-limit-length\"><span class=\"property-title\">L\u00fchisekaitse funktsioon:\u00a0<\/span><span class=\"property-desc line-limit-length\">Ja<\/span><\/li>\n<li class=\"product-prop line-limit-length\"><span class=\"property-title\">\u00dclekuumenemiskaitse funktsioon:\u00a0<\/span><span class=\"property-desc line-limit-length\">Ja<\/span><\/li>\n<li class=\"product-prop line-limit-length\"><span class=\"property-title\">Madalpinge alarmi funktsioon:\u00a0<\/span><span class=\"property-desc line-limit-length\">Ja<\/span><\/li>\n<li class=\"product-prop line-limit-length\"><span class=\"property-title\">Pihusti tuvastamise funktsioon:\u00a0<\/span><span class=\"property-desc line-limit-length\">Ja<\/span><\/li>\n<li class=\"product-prop line-limit-length\"><span class=\"property-title\">TCR seadistusre\u017eiimid:\u00a0<\/span><span class=\"property-desc line-limit-length\">Ei<\/span><\/li>\n<li class=\"product-prop line-limit-length\"><span class=\"property-title\">Nominaalne mahutavus:\u00a0<\/span><span class=\"property-desc line-limit-length\">Puudub<\/span><\/li>\n<li class=\"product-prop line-limit-length\"><span class=\"property-title\">Materjal:\u00a0<\/span><span class=\"property-desc line-limit-length\">Metall<\/span><\/li>\n<li class=\"product-prop line-limit-length\"><span class=\"property-title\">\u00dchilduv mudel:\u00a0<\/span><span class=\"property-desc line-limit-length\">Kuiv \u00fcrtide aurustaja<\/span><\/li>\n<li class=\"product-prop line-limit-length\"><span class=\"property-title\">Mudelinumber:\u00a0<\/span><span class=\"property-desc line-limit-length\">Kingtons Black Widow<\/span><\/li>\n<li class=\"product-prop line-limit-length\"><span class=\"property-title\">USB-laadija:\u00a0<\/span><span class=\"property-desc line-limit-length\">Ja<\/span><\/li>\n<li class=\"product-prop line-limit-length\"><span class=\"property-title\">P\u00fcsivara uuendus:\u00a0<\/span><span class=\"property-desc line-limit-length\">Ja<\/span><\/li>\n<li class=\"product-prop line-limit-length\"><span class=\"property-title\">Ekraan:\u00a0<\/span><span class=\"property-desc line-limit-length\">Ja<\/span><\/li>\n<li class=\"product-prop line-limit-length\"><span class=\"property-title\">T\u00fc\u00fcp:\u00a0<\/span><span class=\"property-desc line-limit-length\">Patareiga<\/span><\/li>\n<li class=\"product-prop line-limit-length\"><span class=\"property-title\">Br\u00e4ndi nimi:\u00a0<\/span><span class=\"property-desc line-limit-length\">Kingtons<\/span><\/li>\n<li class=\"product-prop line-limit-length\"><span class=\"property-title\">P\u00e4ritolu:\u00a0<\/span><span class=\"property-desc line-limit-length\">CN (P\u00e4ritolu)<\/span><\/li>\n<\/ul>\n<\/div>\n<div class=\"detailmodule_html\">\n<div class=\"detail-desc-decorate-richtext\">\n<div class=\"detailmodule_text\">\n<p class=\"detail-desc-decorate-title\" style=\"font-family: OpenSans; font-size: 20px; font-weight: 900; line-height: 28px; margin-bottom: 12px;\">Originaal Kingtons Black Widow Kuivade Rohtude Aurustaja 2200mAh Aku \u00dche Nupuga Elektroniline Sigaret Maitsetaim Vape Pliiats<\/p>\n<p class=\"detail-desc-decorate-content\" style=\"font-family: OpenSans; font-size: 14px; font-weight: 300; line-height: 20px; margin-bottom: 12px;\">Black Widow Kuivade Rohtude Aurustaja pakub v\u00f5imsat ja energiat\u00f5husat keraamilist soojuselementi, millel on anodeeritud alumiiniumkate v\u00fcrtsika ja puhta auru jaoks. See tagab \u00fchtlase ja pideva juhtimise, mis v\u00e4ldib auru puudust juba esimese sissehingamise ajal. Roostevabast terasest suuosa on lihtne puhastada ja v\u00f5imaldab suuremat maitsestamist ning meeldivat auru. Toidetud 2200mAh liitiumakuga, mis tagab pika vape'i aja. Lisaks supert\u00e4pne temperatuuri kontroll, mitu soojusastet (kokku 5), intelligentne automaatl\u00fclitus ja \u00fche nupuga juhtimiss\u00fcsteem pakuvad suurep\u00e4rast vape'i kogemust. Saadaval must, h\u00f5be, kuld.<\/p>\n<\/div>\n<div class=\"detailmodule_text\">\n<p class=\"detail-desc-decorate-title\" style=\"font-family: OpenSans; font-size: 20px; font-weight: 900; line-height: 28px; margin-bottom: 12px;\">Spetsifikatsioon:<\/p>\n<p class=\"detail-desc-decorate-content\" style=\"font-family: OpenSans; font-size: 14px; font-weight: 300; line-height: 20px; margin-bottom: 12px;\">Suurus: 128*44*26mm<br \/>\nAku maht: 2200mAh Liitium-<br \/>\nKorpuse materjal: Anodeeritud alumiinium + roostevaba teras<br \/>\nKamber: Keraamiline soojus<br \/>\nT\u00f6\u00f6sagedus: 3,3-4,2 V<br \/>\nLaadimis\u00fchendus: 5V, 1A<br \/>\nLaadimisaeg: 3-4 tundi<br \/>\nOlekuaeg: 5 minutit<br \/>\nTemperatuuri vahemik: 356F-428F<\/p>\n<\/div>\n<div class=\"detailmodule_text\">\n<p class=\"detail-desc-decorate-title\" style=\"font-family: OpenSans; font-size: 20px; font-weight: 900; line-height: 28px; margin-bottom: 12px;\">Detailid:<\/p>\n<p class=\"detail-desc-decorate-content\" style=\"font-family: OpenSans; font-size: 14px; font-weight: 300; line-height: 20px; margin-bottom: 12px;\">1. 2200mAh Liitiumaku<br \/>\n2. Kompaktne disain mugava k\u00e4etundega<br \/>\n3. Keraamiline soojuss\u00fcsteem<br \/>\n4. 30 sekundit soojendusaeg<br \/>\n5. Supert\u00e4pne temperatuuri kontroll<br \/>\n6. Mitmed soojendusre\u017eiimid (kokku 5)<br \/>\n7. Nutikas automaatne v\u00e4lja l\u00fclitus<br \/>\n8. Nutikas temperatuuri m\u00e4lu<br \/>\n9. unikaalne auruk\u00fclmutuskanal<br \/>\n10. roostevabast terasest magnetiline suuots<br \/>\n11. \u00dche nupuga juhtimiss\u00fcsteem<br \/>\n12. Saadaval must, h\u00f5be, kuld<\/p>\n<\/div>\n<div class=\"detailmodule_text\">\n<p class=\"detail-desc-decorate-title\" style=\"font-family: OpenSans; font-size: 20px; font-weight: 900; line-height: 28px; margin-bottom: 12px;\">Pakett sisaldab:<\/p>\n<p class=\"detail-desc-decorate-content\" style=\"font-family: OpenSans; font-size: 14px; font-weight: 300; line-height: 20px; margin-bottom: 12px;\">1 x Must leski kuivatatud \u00fcrtide aurustaja pliiats<br \/>\n1 x Harjake<br \/>\n1 x pintsetid<br \/>\n1 x pakendit\u00f6\u00f6riist<br \/>\n1 x vaha kamber<br \/>\n2 x ekraanid<br \/>\n1 x USB-laadija<br \/>\n1 x A\/C adapter<\/p>\n<\/div>\n<div class=\"detailmodule_image\"><img decoding=\"async\" loading=\"lazy\" class=\"detail-desc-decorate-image\" src=\"https:\/\/ae01.alicdn.com\/kf\/H0cf6011753a1444b88ba986abd11faeaC.png\" \/><img decoding=\"async\" loading=\"lazy\" class=\"detail-desc-decorate-image\" src=\"https:\/\/ae01.alicdn.com\/kf\/H4517c5cc572340ea8cbe40a043746b8bi.png\" \/><img decoding=\"async\" loading=\"lazy\" class=\"detail-desc-decorate-image\" src=\"https:\/\/ae01.alicdn.com\/kf\/H87ab71faed7d43cab78a3373977cd374f.png\" \/><img decoding=\"async\" loading=\"lazy\" class=\"detail-desc-decorate-image\" src=\"https:\/\/ae01.alicdn.com\/kf\/H972e8e0b90da4b47a1084396c45489cc6.png\" \/><img decoding=\"async\" loading=\"lazy\" class=\"detail-desc-decorate-image\" src=\"https:\/\/ae01.alicdn.com\/kf\/H69cc697832404b08a3fe93e89aac96f1K.png\" \/><img decoding=\"async\" loading=\"lazy\" class=\"detail-desc-decorate-image\" src=\"https:\/\/ae01.alicdn.com\/kf\/H2cfe5acf105942dc9f3215fa2d961eba9.png\" \/><img decoding=\"async\" loading=\"lazy\" class=\"detail-desc-decorate-image\" src=\"https:\/\/ae01.alicdn.com\/kf\/Hd786b7fb8abf4ef5aee148c9c5ff8fc4H.png\" \/><img decoding=\"async\" loading=\"lazy\" class=\"detail-desc-decorate-image\" src=\"https:\/\/ae01.alicdn.com\/kf\/H8265f38280bc4ffeb91de6e4f83a87a4H.png\" \/><img decoding=\"async\" loading=\"lazy\" class=\"detail-desc-decorate-image\" src=\"https:\/\/ae01.alicdn.com\/kf\/Hc5cfdc1d26324766af4a53c101be1a5ad.png\" \/><img decoding=\"async\" loading=\"lazy\" class=\"detail-desc-decorate-image\" src=\"https:\/\/ae01.alicdn.com\/kf\/H563b7977fb10477d9d0af3ff1ccfe876b.png\" \/><\/div>\n<p>&nbsp;<\/p>\n<\/div>\n<\/div>","protected":false},"excerpt":{"rendered":"<p>&nbsp; Aussehen:\u00a0Box Form Kompatibler Akku:\u00a0Kein \u00dcberwachung Funktion Von Rauchen Anzahl:\u00a0Nein Silikon Fall:\u00a0Nein Temperaturregelung:\u00a0Ja Eingebaute Oder Externe Batterie:\u00a0Eingebaute Kurzschlussschutz Funktion:\u00a0Ja \u00dcberhitzungsschutz-funktion:\u00a0Ja Niederspannungsalarmfunktion:\u00a0Ja Zerst\u00e4uber Identifikation Funktion:\u00a0Ja TCR Einstellung Modi:\u00a0Nein Nominale Kapazit\u00e4t:\u00a0Kein Material:\u00a0Metall Compatible Model:\u00a0Dry Herb Vaporizer Modellnummer:\u00a0Kingtons Black Widow Usb-ladeger\u00e4t:\u00a0Ja Firmware-upgrade:\u00a0Ja Display:\u00a0Ja Art:\u00a0Mit Batterie Markenname:\u00a0Kingtons Ursprung:\u00a0CN (Herkunft) Original Kingtons Black Widow Trockenen Kraut Verdampfer 2200mAh Batterie Eine [&hellip;]<\/p>","protected":false},"featured_media":7069,"template":"","meta":{"inline_featured_image":false},"product_cat":[752,756,739,743,76,79,81],"product_tag":[],"tiered_pricing_type":"fixed","tiered_pricing_fixed_rules":[],"tiered_pricing_percentage_rules":[],"tiered_pricing_minimum":1,"_administrator_tiered_pricing_type":"fixed","_administrator_tiered_pricing_fixed_rules":[],"_editor_tiered_pricing_type":"fixed","_editor_tiered_pricing_fixed_rules":[],"_author_tiered_pricing_type":"fixed","_author_tiered_pricing_fixed_rules":[],"_contributor_tiered_pricing_type":"fixed","_contributor_tiered_pricing_fixed_rules":[],"_subscriber_tiered_pricing_type":"fixed","_subscriber_tiered_pricing_fixed_rules":[],"_customer_tiered_pricing_type":"fixed","_customer_tiered_pricing_fixed_rules":[],"_shop_manager_tiered_pricing_type":"fixed","_shop_manager_tiered_pricing_fixed_rules":[],"_wpseo_manager_tiered_pricing_type":"fixed","_wpseo_manager_tiered_pricing_fixed_rules":[],"_wpseo_editor_tiered_pricing_type":"fixed","_wpseo_editor_tiered_pricing_fixed_rules":[],"_wholesale_customer_tiered_pricing_type":"fixed","_wholesale_customer_tiered_pricing_fixed_rules":[],"_marketer_tiered_pricing_type":"fixed","_marketer_tiered_pricing_fixed_rules":[],"_sales_manager_tiered_pricing_type":"fixed","_sales_manager_tiered_pricing_fixed_rules":[],"_sales_rep_tiered_pricing_type":"fixed","_sales_rep_tiered_pricing_fixed_rules":[],"yoast_head":"<!-- This site is optimized with the Yoast SEO plugin v23.3 - https:\/\/yoast.com\/wordpress\/plugins\/seo\/ -->\n<title>Kingtons Black Widow Trockenen Kraut Verdampfer BLK 2200mAh Batterie | ElementVape.de<\/title>\n<meta name=\"description\" content=\"Wir bieten Kingtons Black Widow Trockenen Kraut Verdampfer BLK 2200mAh Batterie , Elementvape.de akzeptieren Gro\u00df-und Einzelhandel Bestellungen.\" \/>\n<meta name=\"robots\" content=\"index, follow, max-snippet:-1, max-image-preview:large, max-video-preview:-1\" \/>\n<link rel=\"canonical\" href=\"https:\/\/www.elementvape.de\/et\/produkt\/kingtons-black-widow-trockenen-kraut-verdampfer-blk-2200mah-batterie\/\" \/>\n<meta property=\"og:locale\" content=\"et_EE\" \/>\n<meta property=\"og:type\" content=\"article\" \/>\n<meta property=\"og:title\" content=\"Kingtons Black Widow Trockenen Kraut Verdampfer BLK 2200mAh Batterie | ElementVape.de\" \/>\n<meta property=\"og:description\" content=\"Wir bieten Kingtons Black Widow Trockenen Kraut Verdampfer BLK 2200mAh Batterie , Elementvape.de akzeptieren Gro\u00df-und Einzelhandel Bestellungen.\" \/>\n<meta property=\"og:url\" content=\"https:\/\/www.elementvape.de\/et\/produkt\/kingtons-black-widow-trockenen-kraut-verdampfer-blk-2200mah-batterie\/\" \/>\n<meta property=\"og:site_name\" content=\"ElementVape.de\" \/>\n<meta property=\"article:modified_time\" content=\"2024-12-12T06:37:15+00:00\" \/>\n<meta property=\"og:image\" content=\"https:\/\/ae01.alicdn.com\/kf\/He383e5a5dc5343c980b936da985eee43w\/Original-Kingtons-Black-Widow-Trockenen-Kraut-Verdampfer-BLK-2200mAh-Batterie-Eine-Taste-Elektronische-Zigarette-Kr-uter.jpg\" \/>\n\t<meta property=\"og:image:width\" content=\"800\" \/>\n\t<meta property=\"og:image:height\" content=\"800\" \/>\n\t<meta property=\"og:image:type\" content=\"image\/jpeg\" \/>\n<meta name=\"twitter:card\" content=\"summary_large_image\" \/>\n<meta name=\"twitter:label1\" content=\"Est. reading time\" \/>\n\t<meta name=\"twitter:data1\" content=\"4 minutit\" \/>\n<script type=\"application\/ld+json\" class=\"yoast-schema-graph\">{\"@context\":\"https:\/\/schema.org\",\"@graph\":[{\"@type\":\"WebPage\",\"@id\":\"https:\/\/www.elementvape.de\/produkt\/kingtons-black-widow-trockenen-kraut-verdampfer-blk-2200mah-batterie\/\",\"url\":\"https:\/\/www.elementvape.de\/produkt\/kingtons-black-widow-trockenen-kraut-verdampfer-blk-2200mah-batterie\/\",\"name\":\"Kingtons Black Widow Trockenen Kraut Verdampfer BLK 2200mAh Batterie | ElementVape.de\",\"isPartOf\":{\"@id\":\"https:\/\/www.elementvape.de\/#website\"},\"primaryImageOfPage\":{\"@id\":\"https:\/\/www.elementvape.de\/produkt\/kingtons-black-widow-trockenen-kraut-verdampfer-blk-2200mah-batterie\/#primaryimage\"},\"image\":{\"@id\":\"https:\/\/www.elementvape.de\/produkt\/kingtons-black-widow-trockenen-kraut-verdampfer-blk-2200mah-batterie\/#primaryimage\"},\"thumbnailUrl\":\"https:\/\/ae01.alicdn.com\/kf\/He383e5a5dc5343c980b936da985eee43w\/Original-Kingtons-Black-Widow-Trockenen-Kraut-Verdampfer-BLK-2200mAh-Batterie-Eine-Taste-Elektronische-Zigarette-Kr-uter.jpg\",\"datePublished\":\"2024-04-20T06:18:58+00:00\",\"dateModified\":\"2024-12-12T06:37:15+00:00\",\"description\":\"Wir bieten Kingtons Black Widow Trockenen Kraut Verdampfer BLK 2200mAh Batterie , Elementvape.de akzeptieren Gro\u00df-und Einzelhandel Bestellungen.\",\"breadcrumb\":{\"@id\":\"https:\/\/www.elementvape.de\/produkt\/kingtons-black-widow-trockenen-kraut-verdampfer-blk-2200mah-batterie\/#breadcrumb\"},\"inLanguage\":\"et\",\"potentialAction\":[{\"@type\":\"ReadAction\",\"target\":[\"https:\/\/www.elementvape.de\/produkt\/kingtons-black-widow-trockenen-kraut-verdampfer-blk-2200mah-batterie\/\"]}]},{\"@type\":\"ImageObject\",\"inLanguage\":\"et\",\"@id\":\"https:\/\/www.elementvape.de\/produkt\/kingtons-black-widow-trockenen-kraut-verdampfer-blk-2200mah-batterie\/#primaryimage\",\"url\":\"https:\/\/ae01.alicdn.com\/kf\/He383e5a5dc5343c980b936da985eee43w\/Original-Kingtons-Black-Widow-Trockenen-Kraut-Verdampfer-BLK-2200mAh-Batterie-Eine-Taste-Elektronische-Zigarette-Kr-uter.jpg\",\"contentUrl\":\"https:\/\/ae01.alicdn.com\/kf\/He383e5a5dc5343c980b936da985eee43w\/Original-Kingtons-Black-Widow-Trockenen-Kraut-Verdampfer-BLK-2200mAh-Batterie-Eine-Taste-Elektronische-Zigarette-Kr-uter.jpg\",\"width\":800,\"height\":800},{\"@type\":\"BreadcrumbList\",\"@id\":\"https:\/\/www.elementvape.de\/produkt\/kingtons-black-widow-trockenen-kraut-verdampfer-blk-2200mah-batterie\/#breadcrumb\",\"itemListElement\":[{\"@type\":\"ListItem\",\"position\":1,\"name\":\"Home\",\"item\":\"https:\/\/www.elementvape.de\/\"},{\"@type\":\"ListItem\",\"position\":2,\"name\":\"Shop\",\"item\":\"https:\/\/www.elementvape.de\/shop\/\"},{\"@type\":\"ListItem\",\"position\":3,\"name\":\"Kingtons Black Widow Trockenen Kraut Verdampfer BLK 2200mAh Batterie\"}]},{\"@type\":\"WebSite\",\"@id\":\"https:\/\/www.elementvape.de\/#website\",\"url\":\"https:\/\/www.elementvape.de\/\",\"name\":\"ElementVape.de\",\"description\":\"\",\"publisher\":{\"@id\":\"https:\/\/www.elementvape.de\/#organization\"},\"potentialAction\":[{\"@type\":\"SearchAction\",\"target\":{\"@type\":\"EntryPoint\",\"urlTemplate\":\"https:\/\/www.elementvape.de\/?s={search_term_string}\"},\"query-input\":\"required name=search_term_string\"}],\"inLanguage\":\"et\"},{\"@type\":\"Organization\",\"@id\":\"https:\/\/www.elementvape.de\/#organization\",\"name\":\"ElementVape.DE\",\"url\":\"https:\/\/www.elementvape.de\/\",\"logo\":{\"@type\":\"ImageObject\",\"inLanguage\":\"et\",\"@id\":\"https:\/\/www.elementvape.de\/#\/schema\/logo\/image\/\",\"url\":\"https:\/\/www.elementvape.de\/wp-content\/uploads\/2024\/09\/cropped-1elementvape-3.png\",\"contentUrl\":\"https:\/\/www.elementvape.de\/wp-content\/uploads\/2024\/09\/cropped-1elementvape-3.png\",\"width\":285,\"height\":228,\"caption\":\"ElementVape.DE\"},\"image\":{\"@id\":\"https:\/\/www.elementvape.de\/#\/schema\/logo\/image\/\"}}]}<\/script>\n<!-- \/ Yoast SEO plugin. -->","yoast_head_json":{"title":"Kingtons Black Widow Trockenen Kraut Verdampfer BLK 2200mAh Batterie | ElementVape.de","description":"Wir bieten Kingtons Black Widow Trockenen Kraut Verdampfer BLK 2200mAh Batterie , Elementvape.de akzeptieren Gro\u00df-und Einzelhandel Bestellungen.","robots":{"index":"index","follow":"follow","max-snippet":"max-snippet:-1","max-image-preview":"max-image-preview:large","max-video-preview":"max-video-preview:-1"},"canonical":"https:\/\/www.elementvape.de\/et\/produkt\/kingtons-black-widow-trockenen-kraut-verdampfer-blk-2200mah-batterie\/","og_locale":"et_EE","og_type":"article","og_title":"Kingtons Black Widow Trockenen Kraut Verdampfer BLK 2200mAh Batterie | ElementVape.de","og_description":"Wir bieten Kingtons Black Widow Trockenen Kraut Verdampfer BLK 2200mAh Batterie , Elementvape.de akzeptieren Gro\u00df-und Einzelhandel Bestellungen.","og_url":"https:\/\/www.elementvape.de\/et\/produkt\/kingtons-black-widow-trockenen-kraut-verdampfer-blk-2200mah-batterie\/","og_site_name":"ElementVape.de","article_modified_time":"2024-12-12T06:37:15+00:00","og_image":[{"width":800,"height":800,"url":"https:\/\/ae01.alicdn.com\/kf\/He383e5a5dc5343c980b936da985eee43w\/Original-Kingtons-Black-Widow-Trockenen-Kraut-Verdampfer-BLK-2200mAh-Batterie-Eine-Taste-Elektronische-Zigarette-Kr-uter.jpg","type":"image\/jpeg"}],"twitter_card":"summary_large_image","twitter_misc":{"Est. reading time":"4 minutit"},"schema":{"@context":"https:\/\/schema.org","@graph":[{"@type":"WebPage","@id":"https:\/\/www.elementvape.de\/produkt\/kingtons-black-widow-trockenen-kraut-verdampfer-blk-2200mah-batterie\/","url":"https:\/\/www.elementvape.de\/produkt\/kingtons-black-widow-trockenen-kraut-verdampfer-blk-2200mah-batterie\/","name":"Kingtons Black Widow Trockenen Kraut Verdampfer BLK 2200mAh Batterie | ElementVape.de","isPartOf":{"@id":"https:\/\/www.elementvape.de\/#website"},"primaryImageOfPage":{"@id":"https:\/\/www.elementvape.de\/produkt\/kingtons-black-widow-trockenen-kraut-verdampfer-blk-2200mah-batterie\/#primaryimage"},"image":{"@id":"https:\/\/www.elementvape.de\/produkt\/kingtons-black-widow-trockenen-kraut-verdampfer-blk-2200mah-batterie\/#primaryimage"},"thumbnailUrl":"https:\/\/ae01.alicdn.com\/kf\/He383e5a5dc5343c980b936da985eee43w\/Original-Kingtons-Black-Widow-Trockenen-Kraut-Verdampfer-BLK-2200mAh-Batterie-Eine-Taste-Elektronische-Zigarette-Kr-uter.jpg","datePublished":"2024-04-20T06:18:58+00:00","dateModified":"2024-12-12T06:37:15+00:00","description":"Wir bieten Kingtons Black Widow Trockenen Kraut Verdampfer BLK 2200mAh Batterie , Elementvape.de akzeptieren Gro\u00df-und Einzelhandel Bestellungen.","breadcrumb":{"@id":"https:\/\/www.elementvape.de\/produkt\/kingtons-black-widow-trockenen-kraut-verdampfer-blk-2200mah-batterie\/#breadcrumb"},"inLanguage":"et","potentialAction":[{"@type":"ReadAction","target":["https:\/\/www.elementvape.de\/produkt\/kingtons-black-widow-trockenen-kraut-verdampfer-blk-2200mah-batterie\/"]}]},{"@type":"ImageObject","inLanguage":"et","@id":"https:\/\/www.elementvape.de\/produkt\/kingtons-black-widow-trockenen-kraut-verdampfer-blk-2200mah-batterie\/#primaryimage","url":"https:\/\/ae01.alicdn.com\/kf\/He383e5a5dc5343c980b936da985eee43w\/Original-Kingtons-Black-Widow-Trockenen-Kraut-Verdampfer-BLK-2200mAh-Batterie-Eine-Taste-Elektronische-Zigarette-Kr-uter.jpg","contentUrl":"https:\/\/ae01.alicdn.com\/kf\/He383e5a5dc5343c980b936da985eee43w\/Original-Kingtons-Black-Widow-Trockenen-Kraut-Verdampfer-BLK-2200mAh-Batterie-Eine-Taste-Elektronische-Zigarette-Kr-uter.jpg","width":800,"height":800},{"@type":"BreadcrumbList","@id":"https:\/\/www.elementvape.de\/produkt\/kingtons-black-widow-trockenen-kraut-verdampfer-blk-2200mah-batterie\/#breadcrumb","itemListElement":[{"@type":"ListItem","position":1,"name":"Home","item":"https:\/\/www.elementvape.de\/"},{"@type":"ListItem","position":2,"name":"Shop","item":"https:\/\/www.elementvape.de\/shop\/"},{"@type":"ListItem","position":3,"name":"Kingtons Black Widow Trockenen Kraut Verdampfer BLK 2200mAh Batterie"}]},{"@type":"WebSite","@id":"https:\/\/www.elementvape.de\/#website","url":"https:\/\/www.elementvape.de\/","name":"ElementVape.de","description":"","publisher":{"@id":"https:\/\/www.elementvape.de\/#organization"},"potentialAction":[{"@type":"SearchAction","target":{"@type":"EntryPoint","urlTemplate":"https:\/\/www.elementvape.de\/?s={search_term_string}"},"query-input":"required name=search_term_string"}],"inLanguage":"et"},{"@type":"Organization","@id":"https:\/\/www.elementvape.de\/#organization","name":"ElementVape.DE","url":"https:\/\/www.elementvape.de\/","logo":{"@type":"ImageObject","inLanguage":"et","@id":"https:\/\/www.elementvape.de\/#\/schema\/logo\/image\/","url":"https:\/\/www.elementvape.de\/wp-content\/uploads\/2024\/09\/cropped-1elementvape-3.png","contentUrl":"https:\/\/www.elementvape.de\/wp-content\/uploads\/2024\/09\/cropped-1elementvape-3.png","width":285,"height":228,"caption":"ElementVape.DE"},"image":{"@id":"https:\/\/www.elementvape.de\/#\/schema\/logo\/image\/"}}]}},"_links":{"self":[{"href":"https:\/\/www.elementvape.de\/et\/wp-json\/wp\/v2\/product\/7067"}],"collection":[{"href":"https:\/\/www.elementvape.de\/et\/wp-json\/wp\/v2\/product"}],"about":[{"href":"https:\/\/www.elementvape.de\/et\/wp-json\/wp\/v2\/types\/product"}],"wp:featuredmedia":[{"embeddable":true,"href":"https:\/\/www.elementvape.de\/et\/wp-json\/wp\/v2\/media\/7069"}],"wp:attachment":[{"href":"https:\/\/www.elementvape.de\/et\/wp-json\/wp\/v2\/media?parent=7067"}],"wp:term":[{"taxonomy":"product_cat","embeddable":true,"href":"https:\/\/www.elementvape.de\/et\/wp-json\/wp\/v2\/product_cat?post=7067"},{"taxonomy":"product_tag","embeddable":true,"href":"https:\/\/www.elementvape.de\/et\/wp-json\/wp\/v2\/product_tag?post=7067"}],"curies":[{"name":"wp","href":"https:\/\/api.w.org\/{rel}","templated":true}]}}