{"id":6978,"date":"2024-04-20T05:53:37","date_gmt":"2024-04-20T05:53:37","guid":{"rendered":"https:\/\/www.elementvape.de\/?post_type=product&#038;p=6978"},"modified":"2024-12-12T06:37:23","modified_gmt":"2024-12-12T06:37:23","slug":"joyetech-widewick-air-kit-800mah-batterie-2ml-patrone-pod-e-zigarette-mtl-vape","status":"publish","type":"product","link":"https:\/\/www.elementvape.de\/et\/produkt\/joyetech-widewick-air-kit-800mah-batterie-2ml-patrone-pod-e-zigarette-mtl-vape\/","title":{"rendered":"Joyetech Widewick Air komplekt 800mAh aku, 2ml patrone, pod, e-sigarett, mtl vape"},"content":{"rendered":"<p>&nbsp;<\/p>\n<div class=\"product-specs-list-container\">\n<ul class=\"product-specs-list util-clearfix\">\n<li class=\"product-prop line-limit-length\"><span class=\"property-title\">\u00dchilduv aku:\u00a0<\/span><span class=\"property-desc line-limit-length\">Puudub<\/span><\/li>\n<li class=\"product-prop line-limit-length\"><span class=\"property-title\">J\u00e4lgimisfunktsioon Suitsetamise arv:\u00a0<\/span><span class=\"property-desc line-limit-length\">Ei<\/span><\/li>\n<li class=\"product-prop line-limit-length\"><span class=\"property-title\">Silikoonist \u00fcmbris:\u00a0<\/span><span class=\"property-desc line-limit-length\">Ei<\/span><\/li>\n<li class=\"product-prop line-limit-length\"><span class=\"property-title\">Temperatuuri reguleerimine:\u00a0<\/span><span class=\"property-desc line-limit-length\">Ei<\/span><\/li>\n<li class=\"product-prop line-limit-length\"><span class=\"property-title\">Sisseehitatud v\u00f5i v\u00e4line aku:\u00a0<\/span><span class=\"property-desc line-limit-length\">Sisseehitatud<\/span><\/li>\n<li class=\"product-prop line-limit-length\"><span class=\"property-title\">L\u00fchisekaitse funktsioon:\u00a0<\/span><span class=\"property-desc line-limit-length\">Ja<\/span><\/li>\n<li class=\"product-prop line-limit-length\"><span class=\"property-title\">\u00dclekuumenemiskaitse funktsioon:\u00a0<\/span><span class=\"property-desc line-limit-length\">Ja<\/span><\/li>\n<li class=\"product-prop line-limit-length\"><span class=\"property-title\">Madalpinge alarmi funktsioon:\u00a0<\/span><span class=\"property-desc line-limit-length\">Ja<\/span><\/li>\n<li class=\"product-prop line-limit-length\"><span class=\"property-title\">Pihusti tuvastamise funktsioon:\u00a0<\/span><span class=\"property-desc line-limit-length\">Ja<\/span><\/li>\n<li class=\"product-prop line-limit-length\"><span class=\"property-title\">TCR seadistusre\u017eiimid:\u00a0<\/span><span class=\"property-desc line-limit-length\">Ei<\/span><\/li>\n<li class=\"product-prop line-limit-length\"><span class=\"property-title\">Nominaalne mahutavus:\u00a0<\/span><span class=\"property-desc line-limit-length\">800 mAh<\/span><\/li>\n<li class=\"product-prop line-limit-length\"><span class=\"property-title\">Materjal:\u00a0<\/span><span class=\"property-desc line-limit-length\">Metall<\/span><\/li>\n<li class=\"product-prop line-limit-length\"><span class=\"property-title\">\u00dchilduv mudel:\u00a0<\/span><span class=\"property-desc line-limit-length\">Elektroniline sigarett Vape pliiats<\/span><\/li>\n<li class=\"product-prop line-limit-length\"><span class=\"property-title\">Mudelinumber:\u00a0<\/span><span class=\"property-desc line-limit-length\">Joyetech WideWick Air Kit<\/span><\/li>\n<li class=\"product-prop line-limit-length\"><span class=\"property-title\">USB-laadija:\u00a0<\/span><span class=\"property-desc line-limit-length\">Ja<\/span><\/li>\n<li class=\"product-prop line-limit-length\"><span class=\"property-title\">P\u00fcsivara uuendus:\u00a0<\/span><span class=\"property-desc line-limit-length\">Ei<\/span><\/li>\n<li class=\"product-prop line-limit-length\"><span class=\"property-title\">Ekraan:\u00a0<\/span><span class=\"property-desc line-limit-length\">Ei<\/span><\/li>\n<li class=\"product-prop line-limit-length\"><span class=\"property-title\">T\u00fc\u00fcp:\u00a0<\/span><span class=\"property-desc line-limit-length\">Elektriline mod<\/span><\/li>\n<li class=\"product-prop line-limit-length\"><span class=\"property-title\">Br\u00e4ndi nimi:\u00a0<\/span><span class=\"property-desc line-limit-length\">JOYTECH<\/span><\/li>\n<li class=\"product-prop line-limit-length\"><span class=\"property-title\">P\u00e4ritolu:\u00a0<\/span><span class=\"property-desc line-limit-length\">CN (P\u00e4ritolu)<\/span><\/li>\n<\/ul>\n<\/div>\n<div class=\"detailmodule_html\">\n<div class=\"detail-desc-decorate-richtext\">\n<div class=\"detailmodule_dynamic\"><\/div>\n<p><span style=\"font-size: 22px;\"><span id=\"tl_1\" style=\"font-family: arial, helvetica, sans-serif;\">Originaal Joyetech Widewick Air Kit 800mAh aku 2ml Patrone Pod 1,2 Ohm Vaping elektroniline sigarett mtl vape<\/span><\/span><\/p>\n<p><span id=\"tl_2\" style=\"font-size: 18px; font-family: arial, helvetica, sans-serif;\">Kirjeldus:<\/span><\/p>\n<p><span id=\"tl_3\" style=\"font-size: 18px; font-family: arial, helvetica, sans-serif;\">Widewick Air Kit avaldab ilusa ja stiilse v\u00e4limuse, kergema keha ning arenenuma Widewick\u2122 tehnoloogia. See sisaldab suurt Widewick\u2122 puuvillast sisemust, mis imab E-vedeliku p\u00f5hjalikult kogu \u00fcmbrusest, pakkudes tasakaalustatud soojendust ilma pritsimiseta. Suur puuvill hoiab alati piisavalt E-vedelikku, et v\u00e4ltida kuivavaid l\u00f6\u00f6ke, olenemata sellest, kuidas ja millal te suitsu teete. Lisaks imab suur puuvill kiiresti E-vedeliku ja sulgeb selle, v\u00f5imaldades nautida puhtat maitset p\u00e4rast m\u00f5ningaid pidevaid t\u00f5mbeid. Widewick Air Pod Kit on \u00fchendatud 1,2 Ohm v\u00f5rgusilma spulga abil. Kahe \u00f5huvoolu sissev\u00f5tuga m\u00f5lemal k\u00fcljel pakub see suurep\u00e4rast vaping kogemust. Joyetech Widewick Air Kit on varustatud 800mAh sisseehitatud akuga ja USB-C laadimispordiga.<\/span><\/p>\n<p>&nbsp;<\/p>\n<p><span id=\"tl_4\" style=\"font-size: 18px; font-family: arial, helvetica, sans-serif;\">Parameetrid:<\/span><\/p>\n<p><span id=\"tl_5\" style=\"font-size: 18px; font-family: arial, helvetica, sans-serif;\">Br\u00e4nd: joyetech<\/span><\/p>\n<p><span id=\"tl_6\" style=\"font-size: 18px; font-family: arial, helvetica, sans-serif;\">Toote nimi: Widewick Air Kit<\/span><\/p>\n<p><span id=\"tl_7\" style=\"font-size: 18px; font-family: arial, helvetica, sans-serif;\">Suurus: 26,5*16,5*114,5mm<\/span><\/p>\n<p><span id=\"tl_8\" style=\"font-size: 18px; font-family: arial, helvetica, sans-serif;\">Aku maht: 800mah<\/span><\/p>\n<p><span id=\"tl_9\" style=\"font-size: 18px; font-family: arial, helvetica, sans-serif;\">Pod maht: 2ml<\/span><\/p>\n<p><span id=\"tl_10\" style=\"font-size: 18px; font-family: arial, helvetica, sans-serif;\">Spulga takistus: 1,2 Ohm<\/span><\/p>\n<p><span id=\"tl_11\" style=\"font-size: 18px; font-family: arial, helvetica, sans-serif;\">T\u00e4iteava l\u00e4bim\u00f5\u00f5t: 3,2mm<\/span><\/p>\n<p><span id=\"tl_12\" style=\"font-size: 18px; font-family: arial, helvetica, sans-serif;\">V\u00f5imsus: max 12w<\/span><\/p>\n<p><span id=\"tl_13\" style=\"font-size: 18px; font-family: arial, helvetica, sans-serif;\">Laadimisvool: 5v\/0,5 a (USB-C)<\/span><\/p>\n<p><span id=\"tl_14\" style=\"font-size: 18px; font-family: arial, helvetica, sans-serif;\">T\u00e4itemeetod: \u00dcla-\u00fcles t\u00e4itmine<\/span><\/p>\n<p><span id=\"tl_15\" style=\"font-size: 18px; font-family: arial, helvetica, sans-serif;\">V\u00e4rv: tumehall, merevaik sinine, roosa punane, p\u00e4rlvalge<\/span><\/p>\n<p>&nbsp;<\/p>\n<p><span id=\"tl_16\" style=\"font-size: 18px; font-family: arial, helvetica, sans-serif;\">Detailid:<\/span><\/p>\n<p><span id=\"tl_17\" style=\"font-size: 18px; font-family: arial, helvetica, sans-serif;\">1. ilus ja stiilne v\u00e4limus<\/span><\/p>\n<p><span id=\"tl_18\" style=\"font-size: 18px; font-family: arial, helvetica, sans-serif;\">2. ulatuslik E-vedeliku tarbimine<\/span><\/p>\n<p><span id=\"tl_19\" style=\"font-size: 18px; font-family: arial, helvetica, sans-serif;\">3. tasakaalustatud k\u00fcte ilma pritsimiseta<\/span><\/p>\n<p><span id=\"tl_20\" style=\"font-size: 18px; font-family: arial, helvetica, sans-serif;\">4. E-vedeliku lukustusmehhanism<\/span><\/p>\n<p><span id=\"tl_21\" style=\"font-size: 18px; font-family: arial, helvetica, sans-serif;\">5. Topelt-\u0161oti s\u00fcstimisdisain<\/span><\/p>\n<p><span id=\"tl_22\" style=\"font-size: 18px; font-family: arial, helvetica, sans-serif;\">6. kerge ja mugav<\/span><\/p>\n<p><span id=\"tl_23\" style=\"font-size: 18px; font-family: arial, helvetica, sans-serif;\">7. koos 1,2 Ohmi v\u00f5rgusilma spiraaliga<\/span><\/p>\n<p><span id=\"tl_24\" style=\"font-size: 18px; font-family: arial, helvetica, sans-serif;\">8. tipp-t\u00e4itmiss\u00fcsteem<\/span><\/p>\n<p><span id=\"tl_25\" style=\"font-size: 18px; font-family: arial, helvetica, sans-serif;\">9. rafineeritud \u00f5huvoolu sissev\u00f5tt pakub igakuist vape'i<\/span><\/p>\n<p><span id=\"tl_26\" style=\"font-size: 18px; font-family: arial, helvetica, sans-serif;\">10. Joonistage aktiveerimine ilma vape-nuppu vajutamata<\/span><\/p>\n<p><span id=\"tl_27\" style=\"font-size: 18px; font-family: arial, helvetica, sans-serif;\">11. 800mAh sisseehitatud aku<\/span><\/p>\n<p><span id=\"tl_28\" style=\"font-size: 18px; font-family: arial, helvetica, sans-serif;\">12. USB-C laadimine<\/span><\/p>\n<p>&nbsp;<\/p>\n<p><span id=\"tl_29\" style=\"font-size: 18px; font-family: arial, helvetica, sans-serif;\">Joyetech Widewick Air Pod komplekti pakett sisaldab:<\/span><\/p>\n<p><span id=\"tl_30\" style=\"font-size: 18px; font-family: arial, helvetica, sans-serif;\">1 * Widewick \u00f5hu aku<\/span><\/p>\n<p><span id=\"tl_31\" style=\"font-size: 18px; font-family: arial, helvetica, sans-serif;\">1 * Widewick Air Pod (1,2 oomi)<\/span><\/p>\n<p><span id=\"tl_32\" style=\"font-size: 18px; font-family: arial, helvetica, sans-serif;\">1 * Kasutaja k\u00e4siraamat<\/span><\/p>\n<p><span id=\"tl_33\" style=\"font-size: 18px; font-family: arial, helvetica, sans-serif;\">1 * garantiikaart<\/span><\/p>\n<p><span id=\"tl_34\" style=\"font-size: 18px; font-family: arial, helvetica, sans-serif;\">E-vedelik ei kuulu komplekti.<\/span><\/p>\n<div><\/div>\n<p><img decoding=\"async\" loading=\"lazy\" src=\"https:\/\/ae01.alicdn.com\/kf\/S50790ddb65c94ec0aa1502cf9d6e1a71R.jpg\" \/><img decoding=\"async\" loading=\"lazy\" src=\"https:\/\/ae01.alicdn.com\/kf\/Sd478c41ee7f74e16aefc4778568f3ef2q.jpg\" \/><img decoding=\"async\" loading=\"lazy\" src=\"https:\/\/ae01.alicdn.com\/kf\/S67e12195fc7b4b54b3d6e406c3f31030r.jpg\" \/><img decoding=\"async\" loading=\"lazy\" src=\"https:\/\/ae01.alicdn.com\/kf\/S2a09672d30624bf8b59111afba9b98f5p.jpg\" \/><img decoding=\"async\" loading=\"lazy\" src=\"https:\/\/ae01.alicdn.com\/kf\/See990379e82044e6aef347f6634c5f44i.jpg\" \/><img decoding=\"async\" loading=\"lazy\" src=\"https:\/\/ae01.alicdn.com\/kf\/Sfaed8fbd481949c38cde1b6a53429747v.jpg\" \/><img decoding=\"async\" loading=\"lazy\" src=\"https:\/\/ae01.alicdn.com\/kf\/S39236cf165e44d54b5b6213aa7185e08T.jpg\" \/><img decoding=\"async\" loading=\"lazy\" src=\"https:\/\/ae01.alicdn.com\/kf\/S5e84210139c344bf9ecde552c68779c5D.jpg\" \/><img decoding=\"async\" loading=\"lazy\" src=\"https:\/\/ae01.alicdn.com\/kf\/S5c9e9d144bda4552b24cb35852fa8db4F.jpg\" \/><img decoding=\"async\" loading=\"lazy\" src=\"https:\/\/ae01.alicdn.com\/kf\/Sd9937d1b973b412ca9254aa751291fdbp.jpg\" \/><\/p>\n<\/div>\n<\/div>","protected":false},"excerpt":{"rendered":"<p>&nbsp; Kompatibler Akku:\u00a0Kein \u00dcberwachung Funktion Von Rauchen Anzahl:\u00a0Nein Silikon Fall:\u00a0Nein Temperaturregelung:\u00a0Nein Eingebaute Oder Externe Batterie:\u00a0Eingebaute Kurzschlussschutz Funktion:\u00a0Ja \u00dcberhitzungsschutz-funktion:\u00a0Ja Niederspannungsalarmfunktion:\u00a0Ja Zerst\u00e4uber Identifikation Funktion:\u00a0Ja TCR Einstellung Modi:\u00a0Nein Nominale Kapazit\u00e4t:\u00a0800 mAh Material:\u00a0Metall Compatible Model:\u00a0Electronic Cigarette Vape pen Modellnummer:\u00a0Joyetech WideWick Air Kit Usb-ladeger\u00e4t:\u00a0Ja Firmware-upgrade:\u00a0Nein Display:\u00a0Nein Art:\u00a0Elektrische Mod Markenname:\u00a0JOYETECH Ursprung:\u00a0CN (Herkunft) Original Joyetech Widewick Air Kit 800mAh Batterie 2ml Patrone [&hellip;]<\/p>","protected":false},"featured_media":6980,"template":"","meta":{"inline_featured_image":false},"product_cat":[752,756,739,743,76,79,81],"product_tag":[],"tiered_pricing_type":"fixed","tiered_pricing_fixed_rules":[],"tiered_pricing_percentage_rules":[],"tiered_pricing_minimum":1,"_administrator_tiered_pricing_type":"fixed","_administrator_tiered_pricing_fixed_rules":[],"_editor_tiered_pricing_type":"fixed","_editor_tiered_pricing_fixed_rules":[],"_author_tiered_pricing_type":"fixed","_author_tiered_pricing_fixed_rules":[],"_contributor_tiered_pricing_type":"fixed","_contributor_tiered_pricing_fixed_rules":[],"_subscriber_tiered_pricing_type":"fixed","_subscriber_tiered_pricing_fixed_rules":[],"_customer_tiered_pricing_type":"fixed","_customer_tiered_pricing_fixed_rules":[],"_shop_manager_tiered_pricing_type":"fixed","_shop_manager_tiered_pricing_fixed_rules":[],"_wpseo_manager_tiered_pricing_type":"fixed","_wpseo_manager_tiered_pricing_fixed_rules":[],"_wpseo_editor_tiered_pricing_type":"fixed","_wpseo_editor_tiered_pricing_fixed_rules":[],"_wholesale_customer_tiered_pricing_type":"fixed","_wholesale_customer_tiered_pricing_fixed_rules":[],"_marketer_tiered_pricing_type":"fixed","_marketer_tiered_pricing_fixed_rules":[],"_sales_manager_tiered_pricing_type":"fixed","_sales_manager_tiered_pricing_fixed_rules":[],"_sales_rep_tiered_pricing_type":"fixed","_sales_rep_tiered_pricing_fixed_rules":[],"yoast_head":"<!-- This site is optimized with the Yoast SEO plugin v23.3 - https:\/\/yoast.com\/wordpress\/plugins\/seo\/ -->\n<title>Joyetech Widewick Air Kit 800mAh Batterie 2ml Patrone Pod E-Zigarette mtl vape | ElementVape.de<\/title>\n<meta name=\"description\" content=\"Wir bieten Joyetech Widewick Air Kit 800mAh Batterie 2ml Patrone Pod E-Zigarette mtl vape , Elementvape.de akzeptieren Gro\u00df-und Einzelhandel Bestellungen.\" \/>\n<meta name=\"robots\" content=\"index, follow, max-snippet:-1, max-image-preview:large, max-video-preview:-1\" \/>\n<link rel=\"canonical\" href=\"https:\/\/www.elementvape.de\/et\/produkt\/joyetech-widewick-air-kit-800mah-batterie-2ml-patrone-pod-e-zigarette-mtl-vape\/\" \/>\n<meta property=\"og:locale\" content=\"et_EE\" \/>\n<meta property=\"og:type\" content=\"article\" \/>\n<meta property=\"og:title\" content=\"Joyetech Widewick Air Kit 800mAh Batterie 2ml Patrone Pod E-Zigarette mtl vape | ElementVape.de\" \/>\n<meta property=\"og:description\" content=\"Wir bieten Joyetech Widewick Air Kit 800mAh Batterie 2ml Patrone Pod E-Zigarette mtl vape , Elementvape.de akzeptieren Gro\u00df-und Einzelhandel Bestellungen.\" \/>\n<meta property=\"og:url\" content=\"https:\/\/www.elementvape.de\/et\/produkt\/joyetech-widewick-air-kit-800mah-batterie-2ml-patrone-pod-e-zigarette-mtl-vape\/\" \/>\n<meta property=\"og:site_name\" content=\"ElementVape.de\" \/>\n<meta property=\"article:modified_time\" content=\"2024-12-12T06:37:23+00:00\" \/>\n<meta property=\"og:image\" content=\"https:\/\/ae01.alicdn.com\/kf\/S8ee476a92a1748cfb9dacb8ea9bcd541r\/Original-Joyetech-Widewick-Air-Kit-800mAh-Batterie-2ml-Patrone-Pod-1-2-Ohm-Vapor-izer-elektronische.jpg\" \/>\n\t<meta property=\"og:image:width\" content=\"800\" \/>\n\t<meta property=\"og:image:height\" content=\"800\" \/>\n\t<meta property=\"og:image:type\" content=\"image\/jpeg\" \/>\n<meta name=\"twitter:card\" content=\"summary_large_image\" \/>\n<meta name=\"twitter:label1\" content=\"Est. reading time\" \/>\n\t<meta name=\"twitter:data1\" content=\"5 minutit\" \/>\n<script type=\"application\/ld+json\" class=\"yoast-schema-graph\">{\"@context\":\"https:\/\/schema.org\",\"@graph\":[{\"@type\":\"WebPage\",\"@id\":\"https:\/\/www.elementvape.de\/produkt\/joyetech-widewick-air-kit-800mah-batterie-2ml-patrone-pod-e-zigarette-mtl-vape\/\",\"url\":\"https:\/\/www.elementvape.de\/produkt\/joyetech-widewick-air-kit-800mah-batterie-2ml-patrone-pod-e-zigarette-mtl-vape\/\",\"name\":\"Joyetech Widewick Air Kit 800mAh Batterie 2ml Patrone Pod E-Zigarette mtl vape | ElementVape.de\",\"isPartOf\":{\"@id\":\"https:\/\/www.elementvape.de\/#website\"},\"primaryImageOfPage\":{\"@id\":\"https:\/\/www.elementvape.de\/produkt\/joyetech-widewick-air-kit-800mah-batterie-2ml-patrone-pod-e-zigarette-mtl-vape\/#primaryimage\"},\"image\":{\"@id\":\"https:\/\/www.elementvape.de\/produkt\/joyetech-widewick-air-kit-800mah-batterie-2ml-patrone-pod-e-zigarette-mtl-vape\/#primaryimage\"},\"thumbnailUrl\":\"https:\/\/ae01.alicdn.com\/kf\/S8ee476a92a1748cfb9dacb8ea9bcd541r\/Original-Joyetech-Widewick-Air-Kit-800mAh-Batterie-2ml-Patrone-Pod-1-2-Ohm-Vapor-izer-elektronische.jpg\",\"datePublished\":\"2024-04-20T05:53:37+00:00\",\"dateModified\":\"2024-12-12T06:37:23+00:00\",\"description\":\"Wir bieten Joyetech Widewick Air Kit 800mAh Batterie 2ml Patrone Pod E-Zigarette mtl vape , Elementvape.de akzeptieren Gro\u00df-und Einzelhandel Bestellungen.\",\"breadcrumb\":{\"@id\":\"https:\/\/www.elementvape.de\/produkt\/joyetech-widewick-air-kit-800mah-batterie-2ml-patrone-pod-e-zigarette-mtl-vape\/#breadcrumb\"},\"inLanguage\":\"et\",\"potentialAction\":[{\"@type\":\"ReadAction\",\"target\":[\"https:\/\/www.elementvape.de\/produkt\/joyetech-widewick-air-kit-800mah-batterie-2ml-patrone-pod-e-zigarette-mtl-vape\/\"]}]},{\"@type\":\"ImageObject\",\"inLanguage\":\"et\",\"@id\":\"https:\/\/www.elementvape.de\/produkt\/joyetech-widewick-air-kit-800mah-batterie-2ml-patrone-pod-e-zigarette-mtl-vape\/#primaryimage\",\"url\":\"https:\/\/ae01.alicdn.com\/kf\/S8ee476a92a1748cfb9dacb8ea9bcd541r\/Original-Joyetech-Widewick-Air-Kit-800mAh-Batterie-2ml-Patrone-Pod-1-2-Ohm-Vapor-izer-elektronische.jpg\",\"contentUrl\":\"https:\/\/ae01.alicdn.com\/kf\/S8ee476a92a1748cfb9dacb8ea9bcd541r\/Original-Joyetech-Widewick-Air-Kit-800mAh-Batterie-2ml-Patrone-Pod-1-2-Ohm-Vapor-izer-elektronische.jpg\",\"width\":800,\"height\":800},{\"@type\":\"BreadcrumbList\",\"@id\":\"https:\/\/www.elementvape.de\/produkt\/joyetech-widewick-air-kit-800mah-batterie-2ml-patrone-pod-e-zigarette-mtl-vape\/#breadcrumb\",\"itemListElement\":[{\"@type\":\"ListItem\",\"position\":1,\"name\":\"Home\",\"item\":\"https:\/\/www.elementvape.de\/\"},{\"@type\":\"ListItem\",\"position\":2,\"name\":\"Shop\",\"item\":\"https:\/\/www.elementvape.de\/shop\/\"},{\"@type\":\"ListItem\",\"position\":3,\"name\":\"Joyetech Widewick Air Kit 800mAh Batterie 2ml Patrone Pod E-Zigarette mtl vape\"}]},{\"@type\":\"WebSite\",\"@id\":\"https:\/\/www.elementvape.de\/#website\",\"url\":\"https:\/\/www.elementvape.de\/\",\"name\":\"ElementVape.de\",\"description\":\"\",\"publisher\":{\"@id\":\"https:\/\/www.elementvape.de\/#organization\"},\"potentialAction\":[{\"@type\":\"SearchAction\",\"target\":{\"@type\":\"EntryPoint\",\"urlTemplate\":\"https:\/\/www.elementvape.de\/?s={search_term_string}\"},\"query-input\":\"required name=search_term_string\"}],\"inLanguage\":\"et\"},{\"@type\":\"Organization\",\"@id\":\"https:\/\/www.elementvape.de\/#organization\",\"name\":\"ElementVape.DE\",\"url\":\"https:\/\/www.elementvape.de\/\",\"logo\":{\"@type\":\"ImageObject\",\"inLanguage\":\"et\",\"@id\":\"https:\/\/www.elementvape.de\/#\/schema\/logo\/image\/\",\"url\":\"https:\/\/www.elementvape.de\/wp-content\/uploads\/2024\/09\/cropped-1elementvape-3.png\",\"contentUrl\":\"https:\/\/www.elementvape.de\/wp-content\/uploads\/2024\/09\/cropped-1elementvape-3.png\",\"width\":285,\"height\":228,\"caption\":\"ElementVape.DE\"},\"image\":{\"@id\":\"https:\/\/www.elementvape.de\/#\/schema\/logo\/image\/\"}}]}<\/script>\n<!-- \/ Yoast SEO plugin. -->","yoast_head_json":{"title":"Joyetech Widewick Air Kit 800mAh Batterie 2ml Patrone Pod E-Zigarette mtl vape | ElementVape.de","description":"Wir bieten Joyetech Widewick Air Kit 800mAh Batterie 2ml Patrone Pod E-Zigarette mtl vape , Elementvape.de akzeptieren Gro\u00df-und Einzelhandel Bestellungen.","robots":{"index":"index","follow":"follow","max-snippet":"max-snippet:-1","max-image-preview":"max-image-preview:large","max-video-preview":"max-video-preview:-1"},"canonical":"https:\/\/www.elementvape.de\/et\/produkt\/joyetech-widewick-air-kit-800mah-batterie-2ml-patrone-pod-e-zigarette-mtl-vape\/","og_locale":"et_EE","og_type":"article","og_title":"Joyetech Widewick Air Kit 800mAh Batterie 2ml Patrone Pod E-Zigarette mtl vape | ElementVape.de","og_description":"Wir bieten Joyetech Widewick Air Kit 800mAh Batterie 2ml Patrone Pod E-Zigarette mtl vape , Elementvape.de akzeptieren Gro\u00df-und Einzelhandel Bestellungen.","og_url":"https:\/\/www.elementvape.de\/et\/produkt\/joyetech-widewick-air-kit-800mah-batterie-2ml-patrone-pod-e-zigarette-mtl-vape\/","og_site_name":"ElementVape.de","article_modified_time":"2024-12-12T06:37:23+00:00","og_image":[{"width":800,"height":800,"url":"https:\/\/ae01.alicdn.com\/kf\/S8ee476a92a1748cfb9dacb8ea9bcd541r\/Original-Joyetech-Widewick-Air-Kit-800mAh-Batterie-2ml-Patrone-Pod-1-2-Ohm-Vapor-izer-elektronische.jpg","type":"image\/jpeg"}],"twitter_card":"summary_large_image","twitter_misc":{"Est. reading time":"5 minutit"},"schema":{"@context":"https:\/\/schema.org","@graph":[{"@type":"WebPage","@id":"https:\/\/www.elementvape.de\/produkt\/joyetech-widewick-air-kit-800mah-batterie-2ml-patrone-pod-e-zigarette-mtl-vape\/","url":"https:\/\/www.elementvape.de\/produkt\/joyetech-widewick-air-kit-800mah-batterie-2ml-patrone-pod-e-zigarette-mtl-vape\/","name":"Joyetech Widewick Air Kit 800mAh Batterie 2ml Patrone Pod E-Zigarette mtl vape | ElementVape.de","isPartOf":{"@id":"https:\/\/www.elementvape.de\/#website"},"primaryImageOfPage":{"@id":"https:\/\/www.elementvape.de\/produkt\/joyetech-widewick-air-kit-800mah-batterie-2ml-patrone-pod-e-zigarette-mtl-vape\/#primaryimage"},"image":{"@id":"https:\/\/www.elementvape.de\/produkt\/joyetech-widewick-air-kit-800mah-batterie-2ml-patrone-pod-e-zigarette-mtl-vape\/#primaryimage"},"thumbnailUrl":"https:\/\/ae01.alicdn.com\/kf\/S8ee476a92a1748cfb9dacb8ea9bcd541r\/Original-Joyetech-Widewick-Air-Kit-800mAh-Batterie-2ml-Patrone-Pod-1-2-Ohm-Vapor-izer-elektronische.jpg","datePublished":"2024-04-20T05:53:37+00:00","dateModified":"2024-12-12T06:37:23+00:00","description":"Wir bieten Joyetech Widewick Air Kit 800mAh Batterie 2ml Patrone Pod E-Zigarette mtl vape , Elementvape.de akzeptieren Gro\u00df-und Einzelhandel Bestellungen.","breadcrumb":{"@id":"https:\/\/www.elementvape.de\/produkt\/joyetech-widewick-air-kit-800mah-batterie-2ml-patrone-pod-e-zigarette-mtl-vape\/#breadcrumb"},"inLanguage":"et","potentialAction":[{"@type":"ReadAction","target":["https:\/\/www.elementvape.de\/produkt\/joyetech-widewick-air-kit-800mah-batterie-2ml-patrone-pod-e-zigarette-mtl-vape\/"]}]},{"@type":"ImageObject","inLanguage":"et","@id":"https:\/\/www.elementvape.de\/produkt\/joyetech-widewick-air-kit-800mah-batterie-2ml-patrone-pod-e-zigarette-mtl-vape\/#primaryimage","url":"https:\/\/ae01.alicdn.com\/kf\/S8ee476a92a1748cfb9dacb8ea9bcd541r\/Original-Joyetech-Widewick-Air-Kit-800mAh-Batterie-2ml-Patrone-Pod-1-2-Ohm-Vapor-izer-elektronische.jpg","contentUrl":"https:\/\/ae01.alicdn.com\/kf\/S8ee476a92a1748cfb9dacb8ea9bcd541r\/Original-Joyetech-Widewick-Air-Kit-800mAh-Batterie-2ml-Patrone-Pod-1-2-Ohm-Vapor-izer-elektronische.jpg","width":800,"height":800},{"@type":"BreadcrumbList","@id":"https:\/\/www.elementvape.de\/produkt\/joyetech-widewick-air-kit-800mah-batterie-2ml-patrone-pod-e-zigarette-mtl-vape\/#breadcrumb","itemListElement":[{"@type":"ListItem","position":1,"name":"Home","item":"https:\/\/www.elementvape.de\/"},{"@type":"ListItem","position":2,"name":"Shop","item":"https:\/\/www.elementvape.de\/shop\/"},{"@type":"ListItem","position":3,"name":"Joyetech Widewick Air Kit 800mAh Batterie 2ml Patrone Pod E-Zigarette mtl vape"}]},{"@type":"WebSite","@id":"https:\/\/www.elementvape.de\/#website","url":"https:\/\/www.elementvape.de\/","name":"ElementVape.de","description":"","publisher":{"@id":"https:\/\/www.elementvape.de\/#organization"},"potentialAction":[{"@type":"SearchAction","target":{"@type":"EntryPoint","urlTemplate":"https:\/\/www.elementvape.de\/?s={search_term_string}"},"query-input":"required name=search_term_string"}],"inLanguage":"et"},{"@type":"Organization","@id":"https:\/\/www.elementvape.de\/#organization","name":"ElementVape.DE","url":"https:\/\/www.elementvape.de\/","logo":{"@type":"ImageObject","inLanguage":"et","@id":"https:\/\/www.elementvape.de\/#\/schema\/logo\/image\/","url":"https:\/\/www.elementvape.de\/wp-content\/uploads\/2024\/09\/cropped-1elementvape-3.png","contentUrl":"https:\/\/www.elementvape.de\/wp-content\/uploads\/2024\/09\/cropped-1elementvape-3.png","width":285,"height":228,"caption":"ElementVape.DE"},"image":{"@id":"https:\/\/www.elementvape.de\/#\/schema\/logo\/image\/"}}]}},"_links":{"self":[{"href":"https:\/\/www.elementvape.de\/et\/wp-json\/wp\/v2\/product\/6978"}],"collection":[{"href":"https:\/\/www.elementvape.de\/et\/wp-json\/wp\/v2\/product"}],"about":[{"href":"https:\/\/www.elementvape.de\/et\/wp-json\/wp\/v2\/types\/product"}],"wp:featuredmedia":[{"embeddable":true,"href":"https:\/\/www.elementvape.de\/et\/wp-json\/wp\/v2\/media\/6980"}],"wp:attachment":[{"href":"https:\/\/www.elementvape.de\/et\/wp-json\/wp\/v2\/media?parent=6978"}],"wp:term":[{"taxonomy":"product_cat","embeddable":true,"href":"https:\/\/www.elementvape.de\/et\/wp-json\/wp\/v2\/product_cat?post=6978"},{"taxonomy":"product_tag","embeddable":true,"href":"https:\/\/www.elementvape.de\/et\/wp-json\/wp\/v2\/product_tag?post=6978"}],"curies":[{"name":"wp","href":"https:\/\/api.w.org\/{rel}","templated":true}]}}