{"id":6765,"date":"2024-04-20T03:29:36","date_gmt":"2024-04-20T03:29:36","guid":{"rendered":"https:\/\/www.elementvape.de\/?post_type=product&#038;p=6765"},"modified":"2024-12-12T06:37:40","modified_gmt":"2024-12-12T06:37:40","slug":"600mah-batterie-16w-vape-pen-e-zigaretten-schale-system-vapor-izer","status":"publish","type":"product","link":"https:\/\/www.elementvape.de\/et\/produkt\/600mah-batterie-16w-vape-pen-e-zigaretten-schale-system-vapor-izer\/","title":{"rendered":"Geekvape Wenax K1 komplekt 2ml patrone, kest 0,8 Ohm, 1,0 Ohm, 600mAh aku, 16W vape pliiats, e-sigarett, s\u00fcsteem"},"content":{"rendered":"<p>&nbsp;<\/p>\n<div class=\"product-specs-list-container\">\n<ul class=\"product-specs-list util-clearfix\">\n<li class=\"product-prop line-limit-length\"><span class=\"property-title\">V\u00e4limus:\u00a0<\/span><span class=\"property-desc line-limit-length\">Karpkuju<\/span><\/li>\n<li class=\"product-prop line-limit-length\"><span class=\"property-title\">\u00dchilduv aku:\u00a0<\/span><span class=\"property-desc line-limit-length\">Puudub<\/span><\/li>\n<li class=\"product-prop line-limit-length\"><span class=\"property-title\">J\u00e4lgimisfunktsioon Suitsetamise arv:\u00a0<\/span><span class=\"property-desc line-limit-length\">Ei<\/span><\/li>\n<li class=\"product-prop line-limit-length\"><span class=\"property-title\">Silikoonist \u00fcmbris:\u00a0<\/span><span class=\"property-desc line-limit-length\">Ei<\/span><\/li>\n<li class=\"product-prop line-limit-length\"><span class=\"property-title\">Temperatuuri reguleerimine:\u00a0<\/span><span class=\"property-desc line-limit-length\">Ei<\/span><\/li>\n<li class=\"product-prop line-limit-length\"><span class=\"property-title\">Sisseehitatud v\u00f5i v\u00e4line aku:\u00a0<\/span><span class=\"property-desc line-limit-length\">Sisseehitatud<\/span><\/li>\n<li class=\"product-prop line-limit-length\"><span class=\"property-title\">L\u00fchisekaitse funktsioon:\u00a0<\/span><span class=\"property-desc line-limit-length\">Ja<\/span><\/li>\n<li class=\"product-prop line-limit-length\"><span class=\"property-title\">\u00dclekuumenemiskaitse funktsioon:\u00a0<\/span><span class=\"property-desc line-limit-length\">Ja<\/span><\/li>\n<li class=\"product-prop line-limit-length\"><span class=\"property-title\">Madalpinge alarmi funktsioon:\u00a0<\/span><span class=\"property-desc line-limit-length\">Ja<\/span><\/li>\n<li class=\"product-prop line-limit-length\"><span class=\"property-title\">Pihusti tuvastamise funktsioon:\u00a0<\/span><span class=\"property-desc line-limit-length\">Ja<\/span><\/li>\n<li class=\"product-prop line-limit-length\"><span class=\"property-title\">TCR seadistusre\u017eiimid:\u00a0<\/span><span class=\"property-desc line-limit-length\">Ei<\/span><\/li>\n<li class=\"product-prop line-limit-length\"><span class=\"property-title\">Nominaalne mahutavus:\u00a0<\/span><span class=\"property-desc line-limit-length\">&lt;700 mAh<\/span><\/li>\n<li class=\"product-prop line-limit-length\"><span class=\"property-title\">Materjal:\u00a0<\/span><span class=\"property-desc line-limit-length\">Metall<\/span><\/li>\n<li class=\"product-prop line-limit-length\"><span class=\"property-title\">\u00dchilduv mudel:\u00a0<\/span><span class=\"property-desc line-limit-length\">Elektriline sigareti pod RDTA aurusti<\/span><\/li>\n<li class=\"product-prop line-limit-length\"><span class=\"property-title\">Mudelinumber:\u00a0<\/span><span class=\"property-desc line-limit-length\">GeekVape Wenax K1 komplekt<\/span><\/li>\n<li class=\"product-prop line-limit-length\"><span class=\"property-title\">USB-laadija:\u00a0<\/span><span class=\"property-desc line-limit-length\">Ja<\/span><\/li>\n<li class=\"product-prop line-limit-length\"><span class=\"property-title\">P\u00fcsivara uuendus:\u00a0<\/span><span class=\"property-desc line-limit-length\">Ei<\/span><\/li>\n<li class=\"product-prop line-limit-length\"><span class=\"property-title\">Ekraan:\u00a0<\/span><span class=\"property-desc line-limit-length\">Ja<\/span><\/li>\n<li class=\"product-prop line-limit-length\"><span class=\"property-title\">T\u00fc\u00fcp:\u00a0<\/span><span class=\"property-desc line-limit-length\">Patareiga<\/span><\/li>\n<li class=\"product-prop line-limit-length\"><span class=\"property-title\">Br\u00e4ndi nimi:\u00a0<\/span><span class=\"property-desc line-limit-length\">GEEKVAPE<\/span><\/li>\n<li class=\"product-prop line-limit-length\"><span class=\"property-title\">P\u00e4ritolu:\u00a0<\/span><span class=\"property-desc line-limit-length\">CN (P\u00e4ritolu)<\/span><\/li>\n<li class=\"product-prop line-limit-length\"><span class=\"property-title\">Aku:\u00a0<\/span><span class=\"property-desc line-limit-length\">600mAh<\/span><\/li>\n<\/ul>\n<\/div>\n<div class=\"detailmodule_html\">\n<div class=\"detail-desc-decorate-richtext\">\n<div class=\"detailmodule_text\">\n<p id=\"tl_1\" class=\"detail-desc-decorate-title\" style=\"font-family: OpenSans; font-size: 20px; font-weight: 900; line-height: 28px; margin-bottom: 12px;\">Originaal Geekvape Wenax K1 komplekt 2ml t\u00fchi patrone, pod, 600mAh aku, 16W vape pliiats, elektrooniline sigaret, pod-s\u00fcsteem, aurustaja<\/p>\n<\/div>\n<div class=\"detailmodule_text\">\n<p id=\"tl_2\" class=\"detail-desc-decorate-title\" style=\"font-family: OpenSans; font-size: 20px; font-weight: 900; line-height: 28px; margin-bottom: 12px;\">Geekvape Wenax K1 komplekti l\u00fchikirjeldus:<\/p>\n<p id=\"tl_3\" class=\"detail-desc-decorate-content\" style=\"font-family: OpenSans; font-size: 14px; font-weight: 300; line-height: 20px; margin-bottom: 12px;\">Wenax K1 komplekt on pod-s\u00fcsteemi komplekt, millel on stabiilne ja p\u00fcsiv j\u00f5udlus. Toidetud 600mAh sisseehitatud akust, pakub see teile kogu p\u00e4eva vape'imist ning USB-C laadimis\u00fchendus v\u00f5imaldab kiiret laadimist. Sellel on tihe \u00f5hutus, mis tagab t\u00e4ispilvede kogemuse. Lisaks on sellel ka 3-tasemeline, reguleeritav v\u00f5imsus, millega saate maitset h\u00f5lpsasti kohandada. Wenax K1 kasutamiseks on kaks v\u00f5imalust: automaatne t\u00f5mbamine v\u00f5i nuppude abil k\u00e4ivitamine. Wenax K1-l on ka ohutusevastane re\u017eiim ning see l\u00e4heb automaatselt unere\u017eiimi, kui pole tegevust \u00fcle 10 sekundi. Kapsel on 2ml t\u00e4idetav kest, mis v\u00f5imaldab 300 kuni 400 t\u00f5mmet. Hangi see ja naudi suurep\u00e4rast vape'imist!<\/p>\n<\/div>\n<div class=\"detailmodule_text\">\n<p id=\"tl_4\" class=\"detail-desc-decorate-title\" style=\"font-family: OpenSans; font-size: 20px; font-weight: 900; line-height: 28px; margin-bottom: 12px;\">Parameetrid:<\/p>\n<p id=\"tl_5\" class=\"detail-desc-decorate-content\" style=\"font-family: OpenSans; font-size: 14px; font-weight: 300; line-height: 20px; margin-bottom: 12px;\">Toote nimi: Wenax K1 komplekt<br \/>\nV\u00f5imsuse v\u00e4ljund: 9-16W<br \/>\nSpiraali takistuse vahemik: 0,4-3 Ohm<br \/>\nSpiraal: 0,8 Ohm (12-16W), 1,2 Ohm (10-12W)<br \/>\nAku maht: 600mAh<br \/>\nMahutavus: 2ml<br \/>\nLaadimine: USB-C laadimis\u00fchendus 5V<br \/>\nMadala pinge hoiatus: 3,2 V \u00b1 0,1 V<br \/>\nPCBA temperatuuri alarm: 80 \u2103<br \/>\nK\u00f5ige pikem aurutamise aeg: 10s<br \/>\nT\u00f6\u00f6temperatuur: -45 \u2103<br \/>\nootere\u017eiimi vool: \u2264 15ua<br \/>\nV\u00e4rv: must, messing, punane, sinine, taevasinine, Vaikse ookeani sinine, kuld, armee roheline, oran\u017e<\/p>\n<\/div>\n<div class=\"detailmodule_text\">\n<p id=\"tl_6\" class=\"detail-desc-decorate-title\" style=\"font-family: OpenSans; font-size: 20px; font-weight: 900; line-height: 28px; margin-bottom: 12px;\">Detailid:<\/p>\n<p id=\"tl_7\" class=\"detail-desc-decorate-content\" style=\"font-family: OpenSans; font-size: 14px; font-weight: 300; line-height: 20px; margin-bottom: 12px;\">1. anodeeritud alumiiniumkorpus<br \/>\n2. automaatne t\u00f5mbamine ja nuppude vabastamine<br \/>\n3. 3-tasemeline reguleeritav v\u00e4ljundv\u00f5imsus<br \/>\n4. 600mAh aku maht<br \/>\n5. USB-C laadimine, tugev t\u00f5mme<br \/>\n6. Stabiilne ja p\u00fcsiv j\u00f5ud<br \/>\n7. 2ml t\u00e4idetav kate koos 4, 5-4, 0 t\u00f5mbega<br \/>\n8. juhusliku kasutamise v\u00e4ltimine: automaatne unere\u017eiim p\u00e4rast 10 sekundit<\/p>\n<\/div>\n<div class=\"detailmodule_text\">\n<p id=\"tl_8\" class=\"detail-desc-decorate-title\" style=\"font-family: OpenSans; font-size: 20px; font-weight: 900; line-height: 28px; margin-bottom: 12px;\">Pakend:<\/p>\n<p id=\"tl_9\" class=\"detail-desc-decorate-content\" style=\"font-family: OpenSans; font-size: 14px; font-weight: 300; line-height: 20px; margin-bottom: 12px;\">1 * geekvape wenax k1 seade<br \/>\n1 * geekvape wenax k1 0,8 Ohm pod-patroon (eelinstallitud)<br \/>\n1 * geekvape wenax k1 1,2 Ohm pod-patroon (varu)<br \/>\n1 * USB-kaabel (Type-C)<br \/>\n1 * Kasutaja k\u00e4siraamat<\/p>\n<\/div>\n<div class=\"detailmodule_image\"><img decoding=\"async\" loading=\"lazy\" class=\"detail-desc-decorate-image\" src=\"https:\/\/ae01.alicdn.com\/kf\/H4129d8ff725440a2963cc01631a166a5P.jpg\" \/><br \/>\n<img decoding=\"async\" loading=\"lazy\" class=\"detail-desc-decorate-image\" src=\"https:\/\/ae01.alicdn.com\/kf\/H976fd81fdd894e64bc3df1517f2981d2p.jpg\" \/><br \/>\n<img decoding=\"async\" loading=\"lazy\" class=\"detail-desc-decorate-image\" src=\"https:\/\/ae01.alicdn.com\/kf\/H8099c2fbc1fd401caae51218c726656a4.jpg\" \/><\/div>\n<p>&nbsp;<\/p>\n<\/div>\n<\/div>","protected":false},"excerpt":{"rendered":"<p>&nbsp; Aussehen:\u00a0Box Form Kompatibler Akku:\u00a0Kein \u00dcberwachung Funktion Von Rauchen Anzahl:\u00a0Nein Silikon Fall:\u00a0Nein Temperaturregelung:\u00a0Nein Eingebaute Oder Externe Batterie:\u00a0Eingebaute Kurzschlussschutz Funktion:\u00a0Ja \u00dcberhitzungsschutz-funktion:\u00a0Ja Niederspannungsalarmfunktion:\u00a0Ja Zerst\u00e4uber Identifikation Funktion:\u00a0Ja TCR Einstellung Modi:\u00a0Nein Nominale Kapazit\u00e4t:\u00a0&lt;700 mAh Material:\u00a0Metall Compatible Model:\u00a0Electronic Cigarette Pod RDTA Vaporizer Modellnummer:\u00a0GeekVape Wenax K1 Kit Usb-ladeger\u00e4t:\u00a0Ja Firmware-upgrade:\u00a0Nein Display:\u00a0Ja Art:\u00a0Mit Batterie Markenname:\u00a0GEEKVAPE Ursprung:\u00a0CN (Herkunft) Battery:\u00a0600mah Original Geekvape Wenax K1 Kit [&hellip;]<\/p>","protected":false},"featured_media":6766,"template":"","meta":{"inline_featured_image":false},"product_cat":[752,756,739,743,76,79,81],"product_tag":[],"tiered_pricing_type":"fixed","tiered_pricing_fixed_rules":[],"tiered_pricing_percentage_rules":[],"tiered_pricing_minimum":1,"_administrator_tiered_pricing_type":"fixed","_administrator_tiered_pricing_fixed_rules":[],"_editor_tiered_pricing_type":"fixed","_editor_tiered_pricing_fixed_rules":[],"_author_tiered_pricing_type":"fixed","_author_tiered_pricing_fixed_rules":[],"_contributor_tiered_pricing_type":"fixed","_contributor_tiered_pricing_fixed_rules":[],"_subscriber_tiered_pricing_type":"fixed","_subscriber_tiered_pricing_fixed_rules":[],"_customer_tiered_pricing_type":"fixed","_customer_tiered_pricing_fixed_rules":[],"_shop_manager_tiered_pricing_type":"fixed","_shop_manager_tiered_pricing_fixed_rules":[],"_wpseo_manager_tiered_pricing_type":"fixed","_wpseo_manager_tiered_pricing_fixed_rules":[],"_wpseo_editor_tiered_pricing_type":"fixed","_wpseo_editor_tiered_pricing_fixed_rules":[],"_wholesale_customer_tiered_pricing_type":"fixed","_wholesale_customer_tiered_pricing_fixed_rules":[],"_marketer_tiered_pricing_type":"fixed","_marketer_tiered_pricing_fixed_rules":[],"_sales_manager_tiered_pricing_type":"fixed","_sales_manager_tiered_pricing_fixed_rules":[],"_sales_rep_tiered_pricing_type":"fixed","_sales_rep_tiered_pricing_fixed_rules":[],"yoast_head":"<!-- This site is optimized with the Yoast SEO plugin v23.3 - https:\/\/yoast.com\/wordpress\/plugins\/seo\/ -->\n<title>Geekvape Wenax K1 Kit 2ml Patronen h\u00fclse 0,8 Ohm 1,0 Ohm mit 600mAh Batterie 16W Vape Pen E Zigaretten schale System Vapor izer | ElementVape.de<\/title>\n<meta name=\"description\" content=\"Wir bieten Geekvape Wenax K1 Kit 2ml Patronen h\u00fclse 0,8 Ohm 1,0 Ohm mit 600mAh Batterie 16W Vape Pen E Zigaretten schale System Vapor izer , Elementvape.de akzeptieren Gro\u00df-und Einzelhandel Bestellungen.\" \/>\n<meta name=\"robots\" content=\"index, follow, max-snippet:-1, max-image-preview:large, max-video-preview:-1\" \/>\n<link rel=\"canonical\" href=\"https:\/\/www.elementvape.de\/et\/produkt\/600mah-batterie-16w-vape-pen-e-zigaretten-schale-system-vapor-izer\/\" \/>\n<meta property=\"og:locale\" content=\"et_EE\" \/>\n<meta property=\"og:type\" content=\"article\" \/>\n<meta property=\"og:title\" content=\"Geekvape Wenax K1 Kit 2ml Patronen h\u00fclse 0,8 Ohm 1,0 Ohm mit 600mAh Batterie 16W Vape Pen E Zigaretten schale System Vapor izer | ElementVape.de\" \/>\n<meta property=\"og:description\" content=\"Wir bieten Geekvape Wenax K1 Kit 2ml Patronen h\u00fclse 0,8 Ohm 1,0 Ohm mit 600mAh Batterie 16W Vape Pen E Zigaretten schale System Vapor izer , Elementvape.de akzeptieren Gro\u00df-und Einzelhandel Bestellungen.\" \/>\n<meta property=\"og:url\" content=\"https:\/\/www.elementvape.de\/et\/produkt\/600mah-batterie-16w-vape-pen-e-zigaretten-schale-system-vapor-izer\/\" \/>\n<meta property=\"og:site_name\" content=\"ElementVape.de\" \/>\n<meta property=\"article:modified_time\" content=\"2024-12-12T06:37:40+00:00\" \/>\n<meta property=\"og:image\" content=\"https:\/\/ae01.alicdn.com\/kf\/H1106475399e247a2b1e22ebcc1ed121a3\/Original-Geekvape-Wenax-K1-Kit-2ml-Patronen-h-lse-0-8-Ohm-1-0-Ohm-mit.jpg\" \/>\n\t<meta property=\"og:image:width\" content=\"800\" \/>\n\t<meta property=\"og:image:height\" content=\"800\" \/>\n\t<meta property=\"og:image:type\" content=\"image\/jpeg\" \/>\n<meta name=\"twitter:card\" content=\"summary_large_image\" \/>\n<meta name=\"twitter:label1\" content=\"Est. reading time\" \/>\n\t<meta name=\"twitter:data1\" content=\"3 minutit\" \/>\n<script type=\"application\/ld+json\" class=\"yoast-schema-graph\">{\"@context\":\"https:\/\/schema.org\",\"@graph\":[{\"@type\":\"WebPage\",\"@id\":\"https:\/\/www.elementvape.de\/produkt\/600mah-batterie-16w-vape-pen-e-zigaretten-schale-system-vapor-izer\/\",\"url\":\"https:\/\/www.elementvape.de\/produkt\/600mah-batterie-16w-vape-pen-e-zigaretten-schale-system-vapor-izer\/\",\"name\":\"Geekvape Wenax K1 Kit 2ml Patronen h\u00fclse 0,8 Ohm 1,0 Ohm mit 600mAh Batterie 16W Vape Pen E Zigaretten schale System Vapor izer | ElementVape.de\",\"isPartOf\":{\"@id\":\"https:\/\/www.elementvape.de\/#website\"},\"primaryImageOfPage\":{\"@id\":\"https:\/\/www.elementvape.de\/produkt\/600mah-batterie-16w-vape-pen-e-zigaretten-schale-system-vapor-izer\/#primaryimage\"},\"image\":{\"@id\":\"https:\/\/www.elementvape.de\/produkt\/600mah-batterie-16w-vape-pen-e-zigaretten-schale-system-vapor-izer\/#primaryimage\"},\"thumbnailUrl\":\"https:\/\/ae01.alicdn.com\/kf\/H1106475399e247a2b1e22ebcc1ed121a3\/Original-Geekvape-Wenax-K1-Kit-2ml-Patronen-h-lse-0-8-Ohm-1-0-Ohm-mit.jpg\",\"datePublished\":\"2024-04-20T03:29:36+00:00\",\"dateModified\":\"2024-12-12T06:37:40+00:00\",\"description\":\"Wir bieten Geekvape Wenax K1 Kit 2ml Patronen h\u00fclse 0,8 Ohm 1,0 Ohm mit 600mAh Batterie 16W Vape Pen E Zigaretten schale System Vapor izer , Elementvape.de akzeptieren Gro\u00df-und Einzelhandel Bestellungen.\",\"breadcrumb\":{\"@id\":\"https:\/\/www.elementvape.de\/produkt\/600mah-batterie-16w-vape-pen-e-zigaretten-schale-system-vapor-izer\/#breadcrumb\"},\"inLanguage\":\"et\",\"potentialAction\":[{\"@type\":\"ReadAction\",\"target\":[\"https:\/\/www.elementvape.de\/produkt\/600mah-batterie-16w-vape-pen-e-zigaretten-schale-system-vapor-izer\/\"]}]},{\"@type\":\"ImageObject\",\"inLanguage\":\"et\",\"@id\":\"https:\/\/www.elementvape.de\/produkt\/600mah-batterie-16w-vape-pen-e-zigaretten-schale-system-vapor-izer\/#primaryimage\",\"url\":\"https:\/\/ae01.alicdn.com\/kf\/H1106475399e247a2b1e22ebcc1ed121a3\/Original-Geekvape-Wenax-K1-Kit-2ml-Patronen-h-lse-0-8-Ohm-1-0-Ohm-mit.jpg\",\"contentUrl\":\"https:\/\/ae01.alicdn.com\/kf\/H1106475399e247a2b1e22ebcc1ed121a3\/Original-Geekvape-Wenax-K1-Kit-2ml-Patronen-h-lse-0-8-Ohm-1-0-Ohm-mit.jpg\",\"width\":800,\"height\":800},{\"@type\":\"BreadcrumbList\",\"@id\":\"https:\/\/www.elementvape.de\/produkt\/600mah-batterie-16w-vape-pen-e-zigaretten-schale-system-vapor-izer\/#breadcrumb\",\"itemListElement\":[{\"@type\":\"ListItem\",\"position\":1,\"name\":\"Home\",\"item\":\"https:\/\/www.elementvape.de\/\"},{\"@type\":\"ListItem\",\"position\":2,\"name\":\"Shop\",\"item\":\"https:\/\/www.elementvape.de\/shop\/\"},{\"@type\":\"ListItem\",\"position\":3,\"name\":\"Geekvape Wenax K1 Kit 2ml Patronen h\u00fclse 0,8 Ohm 1,0 Ohm mit 600mAh Batterie 16W Vape Pen E Zigaretten schale System Vapor izer\"}]},{\"@type\":\"WebSite\",\"@id\":\"https:\/\/www.elementvape.de\/#website\",\"url\":\"https:\/\/www.elementvape.de\/\",\"name\":\"ElementVape.de\",\"description\":\"\",\"publisher\":{\"@id\":\"https:\/\/www.elementvape.de\/#organization\"},\"potentialAction\":[{\"@type\":\"SearchAction\",\"target\":{\"@type\":\"EntryPoint\",\"urlTemplate\":\"https:\/\/www.elementvape.de\/?s={search_term_string}\"},\"query-input\":\"required name=search_term_string\"}],\"inLanguage\":\"et\"},{\"@type\":\"Organization\",\"@id\":\"https:\/\/www.elementvape.de\/#organization\",\"name\":\"ElementVape.DE\",\"url\":\"https:\/\/www.elementvape.de\/\",\"logo\":{\"@type\":\"ImageObject\",\"inLanguage\":\"et\",\"@id\":\"https:\/\/www.elementvape.de\/#\/schema\/logo\/image\/\",\"url\":\"https:\/\/www.elementvape.de\/wp-content\/uploads\/2024\/09\/cropped-1elementvape-3.png\",\"contentUrl\":\"https:\/\/www.elementvape.de\/wp-content\/uploads\/2024\/09\/cropped-1elementvape-3.png\",\"width\":285,\"height\":228,\"caption\":\"ElementVape.DE\"},\"image\":{\"@id\":\"https:\/\/www.elementvape.de\/#\/schema\/logo\/image\/\"}}]}<\/script>\n<!-- \/ Yoast SEO plugin. -->","yoast_head_json":{"title":"Geekvape Wenax K1 Kit 2ml Patronen h\u00fclse 0,8 Ohm 1,0 Ohm mit 600mAh Batterie 16W Vape Pen E Zigaretten schale System Vapor izer | ElementVape.de","description":"Wir bieten Geekvape Wenax K1 Kit 2ml Patronen h\u00fclse 0,8 Ohm 1,0 Ohm mit 600mAh Batterie 16W Vape Pen E Zigaretten schale System Vapor izer , Elementvape.de akzeptieren Gro\u00df-und Einzelhandel Bestellungen.","robots":{"index":"index","follow":"follow","max-snippet":"max-snippet:-1","max-image-preview":"max-image-preview:large","max-video-preview":"max-video-preview:-1"},"canonical":"https:\/\/www.elementvape.de\/et\/produkt\/600mah-batterie-16w-vape-pen-e-zigaretten-schale-system-vapor-izer\/","og_locale":"et_EE","og_type":"article","og_title":"Geekvape Wenax K1 Kit 2ml Patronen h\u00fclse 0,8 Ohm 1,0 Ohm mit 600mAh Batterie 16W Vape Pen E Zigaretten schale System Vapor izer | ElementVape.de","og_description":"Wir bieten Geekvape Wenax K1 Kit 2ml Patronen h\u00fclse 0,8 Ohm 1,0 Ohm mit 600mAh Batterie 16W Vape Pen E Zigaretten schale System Vapor izer , Elementvape.de akzeptieren Gro\u00df-und Einzelhandel Bestellungen.","og_url":"https:\/\/www.elementvape.de\/et\/produkt\/600mah-batterie-16w-vape-pen-e-zigaretten-schale-system-vapor-izer\/","og_site_name":"ElementVape.de","article_modified_time":"2024-12-12T06:37:40+00:00","og_image":[{"width":800,"height":800,"url":"https:\/\/ae01.alicdn.com\/kf\/H1106475399e247a2b1e22ebcc1ed121a3\/Original-Geekvape-Wenax-K1-Kit-2ml-Patronen-h-lse-0-8-Ohm-1-0-Ohm-mit.jpg","type":"image\/jpeg"}],"twitter_card":"summary_large_image","twitter_misc":{"Est. reading time":"3 minutit"},"schema":{"@context":"https:\/\/schema.org","@graph":[{"@type":"WebPage","@id":"https:\/\/www.elementvape.de\/produkt\/600mah-batterie-16w-vape-pen-e-zigaretten-schale-system-vapor-izer\/","url":"https:\/\/www.elementvape.de\/produkt\/600mah-batterie-16w-vape-pen-e-zigaretten-schale-system-vapor-izer\/","name":"Geekvape Wenax K1 Kit 2ml Patronen h\u00fclse 0,8 Ohm 1,0 Ohm mit 600mAh Batterie 16W Vape Pen E Zigaretten schale System Vapor izer | ElementVape.de","isPartOf":{"@id":"https:\/\/www.elementvape.de\/#website"},"primaryImageOfPage":{"@id":"https:\/\/www.elementvape.de\/produkt\/600mah-batterie-16w-vape-pen-e-zigaretten-schale-system-vapor-izer\/#primaryimage"},"image":{"@id":"https:\/\/www.elementvape.de\/produkt\/600mah-batterie-16w-vape-pen-e-zigaretten-schale-system-vapor-izer\/#primaryimage"},"thumbnailUrl":"https:\/\/ae01.alicdn.com\/kf\/H1106475399e247a2b1e22ebcc1ed121a3\/Original-Geekvape-Wenax-K1-Kit-2ml-Patronen-h-lse-0-8-Ohm-1-0-Ohm-mit.jpg","datePublished":"2024-04-20T03:29:36+00:00","dateModified":"2024-12-12T06:37:40+00:00","description":"Wir bieten Geekvape Wenax K1 Kit 2ml Patronen h\u00fclse 0,8 Ohm 1,0 Ohm mit 600mAh Batterie 16W Vape Pen E Zigaretten schale System Vapor izer , Elementvape.de akzeptieren Gro\u00df-und Einzelhandel Bestellungen.","breadcrumb":{"@id":"https:\/\/www.elementvape.de\/produkt\/600mah-batterie-16w-vape-pen-e-zigaretten-schale-system-vapor-izer\/#breadcrumb"},"inLanguage":"et","potentialAction":[{"@type":"ReadAction","target":["https:\/\/www.elementvape.de\/produkt\/600mah-batterie-16w-vape-pen-e-zigaretten-schale-system-vapor-izer\/"]}]},{"@type":"ImageObject","inLanguage":"et","@id":"https:\/\/www.elementvape.de\/produkt\/600mah-batterie-16w-vape-pen-e-zigaretten-schale-system-vapor-izer\/#primaryimage","url":"https:\/\/ae01.alicdn.com\/kf\/H1106475399e247a2b1e22ebcc1ed121a3\/Original-Geekvape-Wenax-K1-Kit-2ml-Patronen-h-lse-0-8-Ohm-1-0-Ohm-mit.jpg","contentUrl":"https:\/\/ae01.alicdn.com\/kf\/H1106475399e247a2b1e22ebcc1ed121a3\/Original-Geekvape-Wenax-K1-Kit-2ml-Patronen-h-lse-0-8-Ohm-1-0-Ohm-mit.jpg","width":800,"height":800},{"@type":"BreadcrumbList","@id":"https:\/\/www.elementvape.de\/produkt\/600mah-batterie-16w-vape-pen-e-zigaretten-schale-system-vapor-izer\/#breadcrumb","itemListElement":[{"@type":"ListItem","position":1,"name":"Home","item":"https:\/\/www.elementvape.de\/"},{"@type":"ListItem","position":2,"name":"Shop","item":"https:\/\/www.elementvape.de\/shop\/"},{"@type":"ListItem","position":3,"name":"Geekvape Wenax K1 Kit 2ml Patronen h\u00fclse 0,8 Ohm 1,0 Ohm mit 600mAh Batterie 16W Vape Pen E Zigaretten schale System Vapor izer"}]},{"@type":"WebSite","@id":"https:\/\/www.elementvape.de\/#website","url":"https:\/\/www.elementvape.de\/","name":"ElementVape.de","description":"","publisher":{"@id":"https:\/\/www.elementvape.de\/#organization"},"potentialAction":[{"@type":"SearchAction","target":{"@type":"EntryPoint","urlTemplate":"https:\/\/www.elementvape.de\/?s={search_term_string}"},"query-input":"required name=search_term_string"}],"inLanguage":"et"},{"@type":"Organization","@id":"https:\/\/www.elementvape.de\/#organization","name":"ElementVape.DE","url":"https:\/\/www.elementvape.de\/","logo":{"@type":"ImageObject","inLanguage":"et","@id":"https:\/\/www.elementvape.de\/#\/schema\/logo\/image\/","url":"https:\/\/www.elementvape.de\/wp-content\/uploads\/2024\/09\/cropped-1elementvape-3.png","contentUrl":"https:\/\/www.elementvape.de\/wp-content\/uploads\/2024\/09\/cropped-1elementvape-3.png","width":285,"height":228,"caption":"ElementVape.DE"},"image":{"@id":"https:\/\/www.elementvape.de\/#\/schema\/logo\/image\/"}}]}},"_links":{"self":[{"href":"https:\/\/www.elementvape.de\/et\/wp-json\/wp\/v2\/product\/6765"}],"collection":[{"href":"https:\/\/www.elementvape.de\/et\/wp-json\/wp\/v2\/product"}],"about":[{"href":"https:\/\/www.elementvape.de\/et\/wp-json\/wp\/v2\/types\/product"}],"wp:featuredmedia":[{"embeddable":true,"href":"https:\/\/www.elementvape.de\/et\/wp-json\/wp\/v2\/media\/6766"}],"wp:attachment":[{"href":"https:\/\/www.elementvape.de\/et\/wp-json\/wp\/v2\/media?parent=6765"}],"wp:term":[{"taxonomy":"product_cat","embeddable":true,"href":"https:\/\/www.elementvape.de\/et\/wp-json\/wp\/v2\/product_cat?post=6765"},{"taxonomy":"product_tag","embeddable":true,"href":"https:\/\/www.elementvape.de\/et\/wp-json\/wp\/v2\/product_tag?post=6765"}],"curies":[{"name":"wp","href":"https:\/\/api.w.org\/{rel}","templated":true}]}}