{"id":16229,"date":"2025-04-17T03:38:53","date_gmt":"2025-04-17T03:38:53","guid":{"rendered":"https:\/\/www.elementvape.de\/?post_type=product&#038;p=16229"},"modified":"2025-04-17T09:36:09","modified_gmt":"2025-04-17T09:36:09","slug":"bang-50000-zuege-intensiver-genuss-mit-watermelon-und-blueberry-cherry-geschmack","status":"publish","type":"product","link":"https:\/\/www.elementvape.de\/et\/produkt\/bang-50000-zuege-intensiver-genuss-mit-watermelon-und-blueberry-cherry-geschmack\/","title":{"rendered":"Bang 50000 t\u00f5mmet intensiivne nauding arbuusi ja mustikakirsimaitsega"},"content":{"rendered":"<h2 data-start=\"63\" data-end=\"168\">Bang 50000 t\u00f5mmet \u2013 Intensiivne nauding arbuusi ja mustikakirsiga maitsega \u2013 Puuviljane ja magus<\/h2>\n<p class=\"\" data-start=\"170\" data-end=\"536\">Kogege l\u00f5pmatut aurustamise naudingut Bang 50000 t\u00f5mmet \u00fchekordses vape'is, mis pakub v\u00e4rskendavat ja magusat kogemust unikaalse arbuusi ja mustikakirsiga maitsega. See aurustaja on ideaalne valik k\u00f5igile, kes otsivad pikaajalist naudingut, intensiivset maitset ja \u00fcleolevat j\u00f5udlust.<\/p>\n<h3 class=\"\" data-start=\"538\" data-end=\"562\">Tooteomadused:<\/h3>\n<ul data-start=\"564\" data-end=\"878\">\n<li class=\"\" data-start=\"564\" data-end=\"612\">\n<p class=\"\" data-start=\"566\" data-end=\"612\">Maitse: Arbuus, Mustikakirs<\/p>\n<\/li>\n<li class=\"\" data-start=\"613\" data-end=\"636\">\n<p class=\"\" data-start=\"615\" data-end=\"636\">T\u00e4itemaht: 50ml<\/p>\n<\/li>\n<li class=\"\" data-start=\"637\" data-end=\"662\">\n<p class=\"\" data-start=\"639\" data-end=\"662\">T\u00f5mmete arv: 50 000 t\u00f5mmet<\/p>\n<\/li>\n<li class=\"\" data-start=\"663\" data-end=\"687\">\n<p class=\"\" data-start=\"665\" data-end=\"687\">Aku: 850mAh<\/p>\n<\/li>\n<li class=\"\" data-start=\"688\" data-end=\"711\">\n<p class=\"\" data-start=\"690\" data-end=\"711\">K\u00fc\u00fcnal: Mesh Coil<\/p>\n<\/li>\n<li class=\"\" data-start=\"712\" data-end=\"741\">\n<p class=\"\" data-start=\"714\" data-end=\"741\">Laadimiskontakt: Type-C<\/p>\n<\/li>\n<li class=\"\" data-start=\"742\" data-end=\"781\">\n<p class=\"\" data-start=\"744\" data-end=\"781\">Nikotiini valikud: 0%, 2%, 3%, 5%<\/p>\n<\/li>\n<li class=\"\" data-start=\"782\" data-end=\"878\">\n<p class=\"\" data-start=\"784\" data-end=\"878\">Koostisosad: Taimeglyceriin (VG), Prop\u00fcleengl\u00fckool (PG), looduslikud ja kunstlikud maitsed<\/p>\n<\/li>\n<\/ul>\n<h3 class=\"\" data-start=\"880\" data-end=\"920\">Pikaajaline nauding \u2013 50000 t\u00f5mmet<\/h3>\n<p class=\"\" data-start=\"922\" data-end=\"1357\">Bang 50000 pakub uskumatut kestvust 50 000 t\u00f5mmet. See suur t\u00f5mmete arv tagab pideva aurutamise ilma, et peaksite muretsema t\u00e4itmise v\u00f5i seadme vahetamise p\u00e4rast. See pikaajaline kasutus teeb Bang 50000 ideaalseks valikuks regulaarselt aurutavatele kasutajatele ning neile, kes otsivad usaldusv\u00e4\u00e4rset ja pikaajalist j\u00f5udlust.<\/p>\n<h3 class=\"\" data-start=\"1359\" data-end=\"1423\">Suur vedeliku maht \u2013 50ml pidevaks naudingu nautimiseks<\/h3>\n<p class=\"\" data-start=\"1425\" data-end=\"1885\">50ml kvaliteetset e-vedeliku maht v\u00f5imaldab teil pikka aega ja \u00fchtlaselt aurutada, ilma et peaksite pidevalt t\u00e4itma. Arbuusi ja mustikakirsiga maitse muutub iga t\u00f5mbega intensiivsemaks ning pakub puuviljase ja magusa aurutamise kogemuse. Suure vedeliku maht tagab, et maitse ei kao enne t\u00e4htaega ega l\u00f5pe e-vedeliku varud. Naudi t\u00e4iuslikku maitset algusest l\u00f5puni.<\/p>\n<h3 class=\"\" data-start=\"1887\" data-end=\"1944\">Mitmek\u00fclgsed nikotiini valikud \u2013 Iga maitse jaoks<\/h3>\n<p class=\"\" data-start=\"1946\" data-end=\"2339\">Bang 50000 pakub nelja nikotiini valikut: 0%, 2%, 3% ja 5%. Valige vastavalt eelistustele ja vajadustele sobiv nikotiini tugevus. Olenemata sellest, kas otsite intensiivsemat nikotiini kicki v\u00f5i eelistate nikotiinivaba aurutamist, kohandub see vape teie soovidega. See paindlikkus teeb Bang 50000 ideaalseks valikuks algajatele ja kogenud aurutajatele.<\/p>\n<h3 class=\"\" data-start=\"2341\" data-end=\"2411\">Mesh Coil tehnoloogia \u2013 Intensiivne maitse ja tihedad pilved<\/h3>\n<p class=\"\" data-start=\"2413\" data-end=\"2776\">Mesh Coil tehnoloogia abil tagab Bang 50000 \u00fchtlase e-vedeliku aurustamise. See tagab t\u00e4iusliku auru, millel on intensiivsem maitse ja tihedad, \u00fchtlased aurupilved. Mesh Coil parandab \u00f5huvoolu, muutes aurutamise veelgi nauditavamaks ning v\u00f5imaldades teil iga t\u00f5mmet intensiivsemalt kogeda.<\/p>\n<h3 class=\"\" data-start=\"2778\" data-end=\"2831\">Pikk aku kestvus \u2013 Pikk naudingutund<\/h3>\n<p class=\"\" data-start=\"2833\" data-end=\"3242\">Der Bang 50000 on varustatud v\u00f5imsa 850mAh akuga, mis tagab pika t\u00f6\u00f6ea isegi intensiivse kasutamise korral.<\/p>\n<p class=\"\" data-start=\"2833\" data-end=\"3242\">T\u00e4nu Type-C laadimisliidesele saate akut kiiresti uuesti laadida, nii et te ei pea kaua ootama j\u00e4rgmist kasutuskorda. Disain v\u00f5imaldab t\u00f5husat ja kiiret laadimisaega, et te oleksite alati valmis j\u00e4rgmise t\u00f5uke jaoks.<\/p>\n<h3 class=\"\" data-start=\"3244\" data-end=\"3309\">K\u00f5rge kvaliteediga koostisosad \u2013 Turvaline ja meeldiv aurustus<\/h3>\n<p class=\"\" data-start=\"3311\" data-end=\"3817\">Bang 50000 kasutab ainult kvaliteetseid koostisosi, mis tagavad turvalise ja meeldiva aurustamise. E-vedelik koosneb taimset gl\u00fctseriinist (VG), prop\u00fcleengl\u00fckoolist (PG) ning looduslikest ja kunstlikest maitsetest. Need koostisosad tagavad ideaalse auru, mis eristub nii maitse kui ka aurustumise poolest. V\u00f5ite olla kindel, et naudite kvaliteetset aurustamiskogemust, mis on nii maitse kui ka kasutusmugavuse poolest veenev.<\/p>\n<h3 class=\"\" data-start=\"3819\" data-end=\"3866\">Komplektne disain ja lihtne kasutamine<\/h3>\n<p class=\"\" data-start=\"3868\" data-end=\"4315\">Bang 50000 muljetab kompaktse ja kasutajas\u00f5braliku disainiga, mis teeb selle ideaalseks kaasaskandmiseks. Vape on lihtne kasutada \u2013 pole nuppe, pole keerulist k\u00e4sitsemist. Avage lihtsalt pakend, laadige aku ja alustage aurustamist. See kasutajas\u00f5bralik k\u00e4sitsemine muudab Bang 50000 ideaalseks valikuks k\u00f5igile, kes otsivad lihtsat, hooldusvaba aurustamiskogemust.<\/p>\n<h3 class=\"\" data-start=\"4317\" data-end=\"4358\">Tooteinfo (loendina)<\/h3>\n<ul data-start=\"4360\" data-end=\"4671\">\n<li class=\"\" data-start=\"4360\" data-end=\"4407\">\n<p class=\"\" data-start=\"4362\" data-end=\"4407\">Maitse: Vannilja, Mustikakirs<\/p>\n<\/li>\n<li class=\"\" data-start=\"4408\" data-end=\"4429\">\n<p class=\"\" data-start=\"4410\" data-end=\"4429\">T\u00e4itemaht: 50ml<\/p>\n<\/li>\n<li class=\"\" data-start=\"4430\" data-end=\"4453\">\n<p class=\"\" data-start=\"4432\" data-end=\"4453\">T\u00f5mmete arv: 50 000 t\u00f5mmet<\/p>\n<\/li>\n<li class=\"\" data-start=\"4454\" data-end=\"4476\">\n<p class=\"\" data-start=\"4456\" data-end=\"4476\">Aku: 850mAh<\/p>\n<\/li>\n<li class=\"\" data-start=\"4477\" data-end=\"4498\">\n<p class=\"\" data-start=\"4479\" data-end=\"4498\">K\u00fc\u00fcnal: Mesh Coil<\/p>\n<\/li>\n<li class=\"\" data-start=\"4499\" data-end=\"4526\">\n<p class=\"\" data-start=\"4501\" data-end=\"4526\">Laadimiskontakt: Type-C<\/p>\n<\/li>\n<li class=\"\" data-start=\"4527\" data-end=\"4564\">\n<p class=\"\" data-start=\"4529\" data-end=\"4564\">Nikotiini valikud: 0%, 2%, 3%, 5%<\/p>\n<\/li>\n<li class=\"\" data-start=\"4565\" data-end=\"4671\">\n<p class=\"\" data-start=\"4567\" data-end=\"4579\">Koostisosad:<\/p>\n<ul data-start=\"4582\" data-end=\"4671\">\n<li class=\"\" data-start=\"4582\" data-end=\"4610\">\n<p class=\"\" data-start=\"4584\" data-end=\"4610\">Taimne gl\u00fctseriin (VG)<\/p>\n<\/li>\n<li class=\"\" data-start=\"4613\" data-end=\"4634\">\n<p class=\"\" data-start=\"4615\" data-end=\"4634\">Prop\u00fcleengl\u00fckool (PG)<\/p>\n<\/li>\n<li class=\"\" data-start=\"4637\" data-end=\"4671\">\n<p class=\"\" data-start=\"4639\" data-end=\"4671\">Looduslikud ja kunstlikud maitsed<\/p>\n<\/li>\n<\/ul>\n<\/li>\n<\/ul>\n<h3 class=\"\" data-start=\"4673\" data-end=\"4716\">Tooteinfo (tabelina)<\/h3>\n<div class=\"group pointer-events-none relative flex justify-center *:pointer-events-auto\">\n<p>&nbsp;<\/p>\n<div class=\"tableContainer horzScrollShadows relative\">\n<table class=\"min-w-full\" data-start=\"4718\" data-end=\"5288\">\n<thead data-start=\"4718\" data-end=\"4768\">\n<tr data-start=\"4718\" data-end=\"4768\">\n<th data-start=\"4718\" data-end=\"4739\">Parameetrid<\/th>\n<th data-start=\"4739\" data-end=\"4768\">Detailid<\/th>\n<\/tr>\n<\/thead>\n<tbody data-start=\"4820\" data-end=\"5288\">\n<tr data-start=\"4820\" data-end=\"4875\">\n<td class=\"max-w-[calc(var(--thread-content-max-width)*2\/3)]\" data-start=\"4820\" data-end=\"4841\">Maitse<\/td>\n<td class=\"max-w-[calc(var(--thread-content-max-width)*2\/3)]\" data-start=\"4841\" data-end=\"4875\">Vannilja, Mustikakirs<\/td>\n<\/tr>\n<tr data-start=\"4876\" data-end=\"4926\">\n<td class=\"max-w-[calc(var(--thread-content-max-width)*2\/3)]\" data-start=\"4876\" data-end=\"4897\">T\u00e4itev\u00f5imsus<\/td>\n<td class=\"max-w-[calc(var(--thread-content-max-width)*2\/3)]\" data-start=\"4897\" data-end=\"4926\">50ml<\/td>\n<\/tr>\n<tr data-start=\"4927\" data-end=\"4977\">\n<td class=\"max-w-[calc(var(--thread-content-max-width)*2\/3)]\" data-start=\"4927\" data-end=\"4948\">Sissehingamised<\/td>\n<td class=\"max-w-[calc(var(--thread-content-max-width)*2\/3)]\" data-start=\"4948\" data-end=\"4977\">50 000 t\u00f5mmet<\/td>\n<\/tr>\n<tr data-start=\"4978\" data-end=\"5028\">\n<td class=\"max-w-[calc(var(--thread-content-max-width)*2\/3)]\" data-start=\"4978\" data-end=\"4999\">Aku<\/td>\n<td class=\"max-w-[calc(var(--thread-content-max-width)*2\/3)]\" data-start=\"4999\" data-end=\"5028\">850mAh<\/td>\n<\/tr>\n<tr data-start=\"5029\" data-end=\"5079\">\n<td class=\"max-w-[calc(var(--thread-content-max-width)*2\/3)]\" data-start=\"5029\" data-end=\"5050\">K\u00fcttekeha<\/td>\n<td class=\"max-w-[calc(var(--thread-content-max-width)*2\/3)]\" data-start=\"5050\" data-end=\"5079\">Mesh-k\u00fctus<\/td>\n<\/tr>\n<tr data-start=\"5080\" data-end=\"5130\">\n<td class=\"max-w-[calc(var(--thread-content-max-width)*2\/3)]\" data-start=\"5080\" data-end=\"5101\">Laadimiskontakt<\/td>\n<td class=\"max-w-[calc(var(--thread-content-max-width)*2\/3)]\" data-start=\"5101\" data-end=\"5130\">T\u00fc\u00fcp-C<\/td>\n<\/tr>\n<tr data-start=\"5131\" data-end=\"5181\">\n<td class=\"max-w-[calc(var(--thread-content-max-width)*2\/3)]\" data-start=\"5131\" data-end=\"5152\">Nikotiini valikud<\/td>\n<td class=\"max-w-[calc(var(--thread-content-max-width)*2\/3)]\" data-start=\"5152\" data-end=\"5181\">0%, 2%, 3%, 5%<\/td>\n<\/tr>\n<tr data-start=\"5182\" data-end=\"5288\">\n<td class=\"max-w-[calc(var(--thread-content-max-width)*2\/3)]\" data-start=\"5182\" data-end=\"5203\">Koostisosad<\/td>\n<td class=\"max-w-[calc(var(--thread-content-max-width)*2\/3)] min-w-[calc(var(--thread-content-max-width)\/2)]\" data-start=\"5203\" data-end=\"5288\">Taimne gl\u00fctseriin (VG), prop\u00fcleengl\u00fckool (PG), looduslikud ja kunstlikud maitsed<\/td>\n<\/tr>\n<\/tbody>\n<\/table>\n<\/div>\n<\/div>\n<h3 class=\"\" data-start=\"5290\" data-end=\"5324\">Sobib iga aurustaja jaoks<\/h3>\n<p class=\"\" data-start=\"5326\" data-end=\"5628\">Pole vahet, kas olete algaja v\u00f5i kogenud aurustaja, Bang 50000 t\u00f5mmet on ideaalne valik k\u00f5igile, kes otsivad pikaajalist aurustamiskogemust. See \u00fchendab vastupidavuse, intensiivse maitse ja kasutajas\u00f5braliku k\u00e4sitsemise, muutes aurustamise veelgi nauditavamaks.<\/p>\n<p class=\"\" data-start=\"5635\" data-end=\"5946\">Kokkuv\u00f5te: Bang 50000 suitsu pakub vastupidavat naudingut, intensiivset maitset ja kaasaegset tehnoloogiat. See on ideaalne valik suitsupurskadele, kes otsivad usaldusv\u00e4\u00e4rset ja kvaliteetset suitsu. Sukeldu j\u00e4rgmisesse suitsu p\u00f5lvkonda Bang 50000 suitsuga!<\/p>","protected":false},"excerpt":{"rendered":"<p>Bang 50000 Z\u00fcge \u2013 Intensiver Genuss mit Wassermelone und Blaubeer-Kirsch-Geschmack \u2013 Fruchtig und S\u00fc\u00df Erleben Sie den ultimativen Dampfgenuss mit dem Bang 50000 Z\u00fcge Einweg-Vape, der mit dem einzigartigen Geschmack von Wassermelone und Blaubeer-Kirsche f\u00fcr ein erfrischendes und s\u00fc\u00dfes Erlebnis sorgt. Dieser Vaporizer ist die perfekte Wahl f\u00fcr alle, die auf der Suche nach langlebigem [&hellip;]<\/p>","protected":false},"featured_media":16218,"template":"","meta":{"inline_featured_image":false},"product_cat":[776],"product_tag":[778],"tiered_pricing_type":"fixed","tiered_pricing_fixed_rules":[],"tiered_pricing_percentage_rules":[],"tiered_pricing_minimum":1,"_administrator_tiered_pricing_type":"fixed","_administrator_tiered_pricing_fixed_rules":[],"_editor_tiered_pricing_type":"fixed","_editor_tiered_pricing_fixed_rules":[],"_author_tiered_pricing_type":"fixed","_author_tiered_pricing_fixed_rules":[],"_contributor_tiered_pricing_type":"fixed","_contributor_tiered_pricing_fixed_rules":[],"_subscriber_tiered_pricing_type":"fixed","_subscriber_tiered_pricing_fixed_rules":[],"_customer_tiered_pricing_type":"fixed","_customer_tiered_pricing_fixed_rules":[],"_shop_manager_tiered_pricing_type":"fixed","_shop_manager_tiered_pricing_fixed_rules":[],"_wpseo_manager_tiered_pricing_type":"fixed","_wpseo_manager_tiered_pricing_fixed_rules":[],"_wpseo_editor_tiered_pricing_type":"fixed","_wpseo_editor_tiered_pricing_fixed_rules":[],"_wholesale_customer_tiered_pricing_type":"fixed","_wholesale_customer_tiered_pricing_fixed_rules":[],"_marketer_tiered_pricing_type":"fixed","_marketer_tiered_pricing_fixed_rules":[],"_sales_manager_tiered_pricing_type":"fixed","_sales_manager_tiered_pricing_fixed_rules":[],"_sales_rep_tiered_pricing_type":"fixed","_sales_rep_tiered_pricing_fixed_rules":[],"yoast_head":"<!-- This site is optimized with the Yoast SEO plugin v23.3 - https:\/\/yoast.com\/wordpress\/plugins\/seo\/ -->\n<title>Bang 50000 Z\u00fcge Intensiver Genuss mit Watermelon und Blueberry Cherry Geschmack | ElementVape.de<\/title>\n<meta name=\"description\" content=\"Der Bang 50000 Z\u00fcge bietet fruchtigen Wassermelonen- und Blaubeer-Kirschgeschmack, 50ml E-Liquid, Mesh Coil und lange Akkulaufzeit.\" \/>\n<meta name=\"robots\" content=\"index, follow, max-snippet:-1, max-image-preview:large, max-video-preview:-1\" \/>\n<link rel=\"canonical\" href=\"https:\/\/www.elementvape.de\/et\/produkt\/bang-50000-zuege-intensiver-genuss-mit-watermelon-und-blueberry-cherry-geschmack\/\" \/>\n<meta property=\"og:locale\" content=\"et_EE\" \/>\n<meta property=\"og:type\" content=\"article\" \/>\n<meta property=\"og:title\" content=\"Bang 50000 Z\u00fcge Intensiver Genuss mit Watermelon und Blueberry Cherry Geschmack | ElementVape.de\" \/>\n<meta property=\"og:description\" content=\"Der Bang 50000 Z\u00fcge bietet fruchtigen Wassermelonen- und Blaubeer-Kirschgeschmack, 50ml E-Liquid, Mesh Coil und lange Akkulaufzeit.\" \/>\n<meta property=\"og:url\" content=\"https:\/\/www.elementvape.de\/et\/produkt\/bang-50000-zuege-intensiver-genuss-mit-watermelon-und-blueberry-cherry-geschmack\/\" \/>\n<meta property=\"og:site_name\" content=\"ElementVape.de\" \/>\n<meta property=\"article:modified_time\" content=\"2025-04-17T09:36:09+00:00\" \/>\n<meta property=\"og:image\" content=\"https:\/\/www.elementvape.de\/wp-content\/uploads\/2025\/04\/bang50000-Watermelon-Blueberry-Cherry-.jpg\" \/>\n\t<meta property=\"og:image:width\" content=\"800\" \/>\n\t<meta property=\"og:image:height\" content=\"770\" \/>\n\t<meta property=\"og:image:type\" content=\"image\/jpeg\" \/>\n<meta name=\"twitter:card\" content=\"summary_large_image\" \/>\n<meta name=\"twitter:label1\" content=\"Est. reading time\" \/>\n\t<meta name=\"twitter:data1\" content=\"5 minutit\" \/>\n<script type=\"application\/ld+json\" class=\"yoast-schema-graph\">{\"@context\":\"https:\/\/schema.org\",\"@graph\":[{\"@type\":\"WebPage\",\"@id\":\"https:\/\/www.elementvape.de\/da\/produkt\/bang-50000-zuege-intensiver-genuss-mit-watermelon-und-blueberry-cherry-geschmack\/\",\"url\":\"https:\/\/www.elementvape.de\/da\/produkt\/bang-50000-zuege-intensiver-genuss-mit-watermelon-und-blueberry-cherry-geschmack\/\",\"name\":\"Bang 50000 Z\u00fcge Intensiver Genuss mit Watermelon und Blueberry Cherry Geschmack | ElementVape.de\",\"isPartOf\":{\"@id\":\"https:\/\/www.elementvape.de\/#website\"},\"primaryImageOfPage\":{\"@id\":\"https:\/\/www.elementvape.de\/da\/produkt\/bang-50000-zuege-intensiver-genuss-mit-watermelon-und-blueberry-cherry-geschmack\/#primaryimage\"},\"image\":{\"@id\":\"https:\/\/www.elementvape.de\/da\/produkt\/bang-50000-zuege-intensiver-genuss-mit-watermelon-und-blueberry-cherry-geschmack\/#primaryimage\"},\"thumbnailUrl\":\"https:\/\/www.elementvape.de\/wp-content\/uploads\/2025\/04\/bang50000-Watermelon-Blueberry-Cherry-.jpg\",\"datePublished\":\"2025-04-17T03:38:53+00:00\",\"dateModified\":\"2025-04-17T09:36:09+00:00\",\"description\":\"Der Bang 50000 Z\u00fcge bietet fruchtigen Wassermelonen- und Blaubeer-Kirschgeschmack, 50ml E-Liquid, Mesh Coil und lange Akkulaufzeit.\",\"breadcrumb\":{\"@id\":\"https:\/\/www.elementvape.de\/da\/produkt\/bang-50000-zuege-intensiver-genuss-mit-watermelon-und-blueberry-cherry-geschmack\/#breadcrumb\"},\"inLanguage\":\"et\",\"potentialAction\":[{\"@type\":\"ReadAction\",\"target\":[\"https:\/\/www.elementvape.de\/da\/produkt\/bang-50000-zuege-intensiver-genuss-mit-watermelon-und-blueberry-cherry-geschmack\/\"]}]},{\"@type\":\"ImageObject\",\"inLanguage\":\"et\",\"@id\":\"https:\/\/www.elementvape.de\/da\/produkt\/bang-50000-zuege-intensiver-genuss-mit-watermelon-und-blueberry-cherry-geschmack\/#primaryimage\",\"url\":\"https:\/\/www.elementvape.de\/wp-content\/uploads\/2025\/04\/bang50000-Watermelon-Blueberry-Cherry-.jpg\",\"contentUrl\":\"https:\/\/www.elementvape.de\/wp-content\/uploads\/2025\/04\/bang50000-Watermelon-Blueberry-Cherry-.jpg\",\"width\":800,\"height\":770},{\"@type\":\"BreadcrumbList\",\"@id\":\"https:\/\/www.elementvape.de\/da\/produkt\/bang-50000-zuege-intensiver-genuss-mit-watermelon-und-blueberry-cherry-geschmack\/#breadcrumb\",\"itemListElement\":[{\"@type\":\"ListItem\",\"position\":1,\"name\":\"Home\",\"item\":\"https:\/\/www.elementvape.de\/\"},{\"@type\":\"ListItem\",\"position\":2,\"name\":\"Shop\",\"item\":\"https:\/\/www.elementvape.de\/shop\/\"},{\"@type\":\"ListItem\",\"position\":3,\"name\":\"Bang 50000 Z\u00fcge Intensiver Genuss mit Watermelon und Blueberry Cherry Geschmack\"}]},{\"@type\":\"WebSite\",\"@id\":\"https:\/\/www.elementvape.de\/#website\",\"url\":\"https:\/\/www.elementvape.de\/\",\"name\":\"ElementVape.de\",\"description\":\"\",\"publisher\":{\"@id\":\"https:\/\/www.elementvape.de\/#organization\"},\"potentialAction\":[{\"@type\":\"SearchAction\",\"target\":{\"@type\":\"EntryPoint\",\"urlTemplate\":\"https:\/\/www.elementvape.de\/?s={search_term_string}\"},\"query-input\":\"required name=search_term_string\"}],\"inLanguage\":\"et\"},{\"@type\":\"Organization\",\"@id\":\"https:\/\/www.elementvape.de\/#organization\",\"name\":\"ElementVape.DE\",\"url\":\"https:\/\/www.elementvape.de\/\",\"logo\":{\"@type\":\"ImageObject\",\"inLanguage\":\"et\",\"@id\":\"https:\/\/www.elementvape.de\/#\/schema\/logo\/image\/\",\"url\":\"https:\/\/www.elementvape.de\/wp-content\/uploads\/2024\/09\/cropped-1elementvape-3.png\",\"contentUrl\":\"https:\/\/www.elementvape.de\/wp-content\/uploads\/2024\/09\/cropped-1elementvape-3.png\",\"width\":285,\"height\":228,\"caption\":\"ElementVape.DE\"},\"image\":{\"@id\":\"https:\/\/www.elementvape.de\/#\/schema\/logo\/image\/\"}}]}<\/script>\n<!-- \/ Yoast SEO plugin. -->","yoast_head_json":{"title":"Bang 50000 Z\u00fcge Intensiver Genuss mit Watermelon und Blueberry Cherry Geschmack | ElementVape.de","description":"Der Bang 50000 Z\u00fcge bietet fruchtigen Wassermelonen- und Blaubeer-Kirschgeschmack, 50ml E-Liquid, Mesh Coil und lange Akkulaufzeit.","robots":{"index":"index","follow":"follow","max-snippet":"max-snippet:-1","max-image-preview":"max-image-preview:large","max-video-preview":"max-video-preview:-1"},"canonical":"https:\/\/www.elementvape.de\/et\/produkt\/bang-50000-zuege-intensiver-genuss-mit-watermelon-und-blueberry-cherry-geschmack\/","og_locale":"et_EE","og_type":"article","og_title":"Bang 50000 Z\u00fcge Intensiver Genuss mit Watermelon und Blueberry Cherry Geschmack | ElementVape.de","og_description":"Der Bang 50000 Z\u00fcge bietet fruchtigen Wassermelonen- und Blaubeer-Kirschgeschmack, 50ml E-Liquid, Mesh Coil und lange Akkulaufzeit.","og_url":"https:\/\/www.elementvape.de\/et\/produkt\/bang-50000-zuege-intensiver-genuss-mit-watermelon-und-blueberry-cherry-geschmack\/","og_site_name":"ElementVape.de","article_modified_time":"2025-04-17T09:36:09+00:00","og_image":[{"width":800,"height":770,"url":"https:\/\/www.elementvape.de\/wp-content\/uploads\/2025\/04\/bang50000-Watermelon-Blueberry-Cherry-.jpg","type":"image\/jpeg"}],"twitter_card":"summary_large_image","twitter_misc":{"Est. reading time":"5 minutit"},"schema":{"@context":"https:\/\/schema.org","@graph":[{"@type":"WebPage","@id":"https:\/\/www.elementvape.de\/da\/produkt\/bang-50000-zuege-intensiver-genuss-mit-watermelon-und-blueberry-cherry-geschmack\/","url":"https:\/\/www.elementvape.de\/da\/produkt\/bang-50000-zuege-intensiver-genuss-mit-watermelon-und-blueberry-cherry-geschmack\/","name":"Bang 50000 Z\u00fcge Intensiver Genuss mit Watermelon und Blueberry Cherry Geschmack | ElementVape.de","isPartOf":{"@id":"https:\/\/www.elementvape.de\/#website"},"primaryImageOfPage":{"@id":"https:\/\/www.elementvape.de\/da\/produkt\/bang-50000-zuege-intensiver-genuss-mit-watermelon-und-blueberry-cherry-geschmack\/#primaryimage"},"image":{"@id":"https:\/\/www.elementvape.de\/da\/produkt\/bang-50000-zuege-intensiver-genuss-mit-watermelon-und-blueberry-cherry-geschmack\/#primaryimage"},"thumbnailUrl":"https:\/\/www.elementvape.de\/wp-content\/uploads\/2025\/04\/bang50000-Watermelon-Blueberry-Cherry-.jpg","datePublished":"2025-04-17T03:38:53+00:00","dateModified":"2025-04-17T09:36:09+00:00","description":"Der Bang 50000 Z\u00fcge bietet fruchtigen Wassermelonen- und Blaubeer-Kirschgeschmack, 50ml E-Liquid, Mesh Coil und lange Akkulaufzeit.","breadcrumb":{"@id":"https:\/\/www.elementvape.de\/da\/produkt\/bang-50000-zuege-intensiver-genuss-mit-watermelon-und-blueberry-cherry-geschmack\/#breadcrumb"},"inLanguage":"et","potentialAction":[{"@type":"ReadAction","target":["https:\/\/www.elementvape.de\/da\/produkt\/bang-50000-zuege-intensiver-genuss-mit-watermelon-und-blueberry-cherry-geschmack\/"]}]},{"@type":"ImageObject","inLanguage":"et","@id":"https:\/\/www.elementvape.de\/da\/produkt\/bang-50000-zuege-intensiver-genuss-mit-watermelon-und-blueberry-cherry-geschmack\/#primaryimage","url":"https:\/\/www.elementvape.de\/wp-content\/uploads\/2025\/04\/bang50000-Watermelon-Blueberry-Cherry-.jpg","contentUrl":"https:\/\/www.elementvape.de\/wp-content\/uploads\/2025\/04\/bang50000-Watermelon-Blueberry-Cherry-.jpg","width":800,"height":770},{"@type":"BreadcrumbList","@id":"https:\/\/www.elementvape.de\/da\/produkt\/bang-50000-zuege-intensiver-genuss-mit-watermelon-und-blueberry-cherry-geschmack\/#breadcrumb","itemListElement":[{"@type":"ListItem","position":1,"name":"Home","item":"https:\/\/www.elementvape.de\/"},{"@type":"ListItem","position":2,"name":"Shop","item":"https:\/\/www.elementvape.de\/shop\/"},{"@type":"ListItem","position":3,"name":"Bang 50000 Z\u00fcge Intensiver Genuss mit Watermelon und Blueberry Cherry Geschmack"}]},{"@type":"WebSite","@id":"https:\/\/www.elementvape.de\/#website","url":"https:\/\/www.elementvape.de\/","name":"ElementVape.de","description":"","publisher":{"@id":"https:\/\/www.elementvape.de\/#organization"},"potentialAction":[{"@type":"SearchAction","target":{"@type":"EntryPoint","urlTemplate":"https:\/\/www.elementvape.de\/?s={search_term_string}"},"query-input":"required name=search_term_string"}],"inLanguage":"et"},{"@type":"Organization","@id":"https:\/\/www.elementvape.de\/#organization","name":"ElementVape.DE","url":"https:\/\/www.elementvape.de\/","logo":{"@type":"ImageObject","inLanguage":"et","@id":"https:\/\/www.elementvape.de\/#\/schema\/logo\/image\/","url":"https:\/\/www.elementvape.de\/wp-content\/uploads\/2024\/09\/cropped-1elementvape-3.png","contentUrl":"https:\/\/www.elementvape.de\/wp-content\/uploads\/2024\/09\/cropped-1elementvape-3.png","width":285,"height":228,"caption":"ElementVape.DE"},"image":{"@id":"https:\/\/www.elementvape.de\/#\/schema\/logo\/image\/"}}]}},"_links":{"self":[{"href":"https:\/\/www.elementvape.de\/et\/wp-json\/wp\/v2\/product\/16229"}],"collection":[{"href":"https:\/\/www.elementvape.de\/et\/wp-json\/wp\/v2\/product"}],"about":[{"href":"https:\/\/www.elementvape.de\/et\/wp-json\/wp\/v2\/types\/product"}],"wp:featuredmedia":[{"embeddable":true,"href":"https:\/\/www.elementvape.de\/et\/wp-json\/wp\/v2\/media\/16218"}],"wp:attachment":[{"href":"https:\/\/www.elementvape.de\/et\/wp-json\/wp\/v2\/media?parent=16229"}],"wp:term":[{"taxonomy":"product_cat","embeddable":true,"href":"https:\/\/www.elementvape.de\/et\/wp-json\/wp\/v2\/product_cat?post=16229"},{"taxonomy":"product_tag","embeddable":true,"href":"https:\/\/www.elementvape.de\/et\/wp-json\/wp\/v2\/product_tag?post=16229"}],"curies":[{"name":"wp","href":"https:\/\/api.w.org\/{rel}","templated":true}]}}