{"id":14663,"date":"2024-09-25T07:31:54","date_gmt":"2024-09-25T07:31:54","guid":{"rendered":"https:\/\/www.elementvape.de\/?post_type=product&#038;p=14663"},"modified":"2024-10-09T07:03:20","modified_gmt":"2024-10-09T07:03:20","slug":"die-bang-king-digital-15000-puffs-strawberry-banana-liefert-15000-zuege-voller-fruchtiger-suesse-und-tropischer-aromen-in-jedem-zug","status":"publish","type":"product","link":"https:\/\/www.elementvape.de\/et\/produkt\/die-bang-king-digital-15000-puffs-strawberry-banana-liefert-15000-zuege-voller-fruchtiger-suesse-und-tropischer-aromen-in-jedem-zug\/","title":{"rendered":"BANG KING Digitaalne 15000 PUFFS Strawberry Banana pakub 15000 t\u00f5mbet, mis on t\u00e4is puuviljase magususe ja troopiliste maitsete iga t\u00f5mbega"},"content":{"rendered":"<div class=\"flex-shrink-0 flex flex-col relative items-end\">\n<div>\n<div class=\"pt-0\">\n<div class=\"gizmo-bot-avatar flex h-8 w-8 items-center justify-center overflow-hidden rounded-full\">\n<div class=\"relative p-1 rounded-sm flex items-center justify-center bg-token-main-surface-primary text-token-text-primary h-8 w-8\">BANG KING Digital 15000 PUFFS Strawberry Banana on uuenduslik <strong><a href=\"https:\/\/www.elementvape.de\/et\/c\/einweg-zigarette\/\" target=\"_blank\" rel=\"noopener\">\u00dchekordne E-s\u00fc\u00fctaja<\/a><\/strong>, mis vaimustab aurutajaid kogu maailmas. See pakub m\u00e4rkimisv\u00e4\u00e4rset 15 000 mahvi ja on varustatud ainulaadse, maitsva aroomiga, mis \u00fchendab maasikad ja banaanid t\u00e4iuslikus harmoonias. See toode on ideaalne neile, kes ihkavad eksootilist ja puuviljast aurutamiskogemust, hinnates samal ajal \u00fchekordselt kasutatava seadme mugavust.<\/div>\n<div><\/div>\n<\/div>\n<\/div>\n<\/div>\n<\/div>\n<div class=\"group\/conversation-turn relative flex w-full min-w-0 flex-col agent-turn\">\n<div class=\"flex-col gap-1 md:gap-3\">\n<div class=\"flex max-w-full flex-col flex-grow\">\n<div class=\"text-message flex w-full flex-col items-end gap-2 whitespace-normal break-words [.text-message+&amp;]:mt-5\" dir=\"auto\" data-message-author-role=\"assistant\" data-message-id=\"5ff96b7a-bfb0-4f3b-82f5-167f8c38bd96\">\n<div class=\"flex w-full flex-col gap-1 empty:hidden first:pt-[3px]\">\n<div class=\"markdown prose w-full break-words dark:prose-invert light\">\n<h2>\u00dchekordselt kasutatavate e-sigarettide maailm: Sissejuhatus<\/h2>\n<p>Viimastel aastatel on aurutamise maailm palju muutunud ja \u00fchekordselt kasutatavad e-sigaretid on selles arengus m\u00e4nginud keskset rolli. Algselt peeti korduvkasutatavaid e-sigarette peamiseks l\u00e4henemisviisiks <strong><a href=\"https:\/\/www.elementvape.de\/et\/\" target=\"_blank\" rel=\"noopener\">katsetada<\/a><\/strong> kuid \u00fchekordselt kasutatavad tooted on osutunud \u00e4\u00e4rmiselt praktilisteks, kasutajas\u00f5bralikeks ja k\u00e4ttesaadavateks. Need seadmed pakuvad lihtsat viisi aurutamise nautimiseks, ilma et peaks muretsema e-vedelike t\u00e4itmise v\u00f5i k\u00fcttekehade vahetamise p\u00e4rast.<\/p>\n<p>BANG KING Digital 15000 PUFFS Strawberry Banana on \u00fcks parimaid \u00fchekordselt kasutatavaid e-sigarette turul. Oma 15 000 mahvi mahutavusega eristub see enamikest teistest toodetest ja pakub kasutajale kauakestvat aurutamiskogemust. See t\u00e4hendab, et te ei pea muretsema laadimise v\u00f5i vahetamise p\u00e4rast \u2013 see seade on loodud pakkuma teile pika aja jooksul pidevat ja rahuldust pakkuvat aurutamiskogemust.<\/p>\n<h3>Aroomiprofiil: Strawberry Banana \u2013 t\u00e4iuslik tasakaal<\/h3>\n<p>BANG KING Digital 15000 PUFFS Strawberry Banana aroomiprofiil on eriti atraktiivne puuvilja- ja magusas\u00f5pradele. Maasika ja banaani kombinatsioon on t\u00f5eline klassika, mis on populaarne paljudes erinevates toiduainetes ja jookides. See e-sigaret toob need populaarsed aroomid otse teieni, iga mahviga kaasneb maitseelamus, mis v\u00e4rskendab ja vaimustab.<\/p>\n<h4>Maasikas: Puuviljane, magus ja mahlane<\/h4>\n<p>Maasikas on ajatu aroom, mis on tuntud oma intensiivse magususe ja puuviljase maitse poolest. BANG KING Digital 15000 PUFFS Strawberry Banana maasikas tagab magusa komponendi ja annab igale mahvile mahlase v\u00e4rskuse. Aurutajad, kes armastavad puuviljaseid aroome, on selle maasikamaitse intensiivsusest ja loomulikkusest vaimustuses.<\/p>\n<p>Maasikas pole mitte ainult magus, vaid sellel on ka kerge happesus, mis muudab maitse komplekssemaks ja huvitavamaks. Koos banaaniga tagab see, et \u00fcldmulje j\u00e4\u00e4b tasakaalustatuks ja aroom ei muutu \u00fclekaalukaks.<\/p>\n<h4>Banaan: Kreemjas, mahe ja eksootiline<\/h4>\n<p>Banaan on t\u00e4iuslik vastand maasika magususele. See toob maitsele maheda, kreemja tekstuuri, mis \u00fcmardab puuviljase magususe. Banaanide maitse e-vedelikes on eriti populaarne aurutajate seas, kes eelistavad pehmet ja peent maitset.<\/p>\n<p>BANG KING Digital 15000 PUFFS Strawberry Banana banaan pakub troopilist h\u00f5ngu, mis t\u00e4iendab suurep\u00e4raselt maasikat. See kombinatsioon annab aurutamiskogemusele erilise s\u00fcgavuse ja muudab selle eriti huvitavaks k\u00f5igile, kes otsivad midagi muud kui klassikalisi puuviljaaroomid.<\/p>\n<h3>BANG KING Digital 15000 PUFFS tehnilised omadused<\/h3>\n<p>Lisaks muljetavaldavatele aroomidele pakub BANG KING Digital 15000 PUFFS Strawberry Banana mitmeid tehnilisi funktsioone, mis teevad sellest \u00fche parima \u00fchekordselt kasutatava e-sigareti turul. Need funktsioonid on loodud kasutajas\u00f5bralikkuse, vastupidavuse ja esmaklassilise aurutamiskogemuse tagamiseks.<\/p>\n<h4>1. 15 000 mahvi: Kauakestev aurutamine<\/h4>\n<p>\u00dcks silmapaistvamaid eeliseid BANG KING Digital 15000 PUFFS on selle muljetavaldav mahutavus kuni 15 000 mahvi. V\u00f5rreldes paljude teiste \u00fchekordselt kasutatavate e-sigarettidega, mis pakuvad tavaliselt ainult 500\u20135000 mahvi, eristub see mudel selgelt. See t\u00e4hendab, et saate pikema aja jooksul nautida \u00fchtlast aurutamiskogemust, ilma et peaksite muretsema seadme asendamise p\u00e4rast.<\/p>\n<p>See pikaealisus muudab seadme ideaalseks aurutajatele, kes otsivad toodet, mis saadaks neid reisidel v\u00f5i igap\u00e4evaelus, ilma et nad peaksid pidevalt uusi seadmeid ostma.<\/p>\n<h4>2. 25 ml e-vedeliku mahutavus<\/h4>\n<p>Selle suure arvu t\u00f5mmete v\u00f5imaldamiseks on BANG KING Digital 15000 PUFFS-l 25 ml E-vedeliku maht. See on \u00fcks suurimaid E-vedeliku mahte, mis on saadaval \u00fchekordsetes e-sigarettides, ning tagab, et teil on kogu seadme kasutusaja jooksul piisavalt vedelikku.<\/p>\n<p>See t\u00e4hendab ka, et teil ei ole probleemi, et seade t\u00fchjeneb enne, kui aku on t\u00e4ielikult t\u00fchjaks saanud. See hoolikas sobitamine aku ja vedeliku vahel muudab BANG KING Digital 15000 PUFFS-i usaldusv\u00e4\u00e4rseks tooteks.<\/p>\n<h4>3. 650 mAh aku<\/h4>\n<p>BANG KING Digital 15000 PUFFS on varustatud 650 mAh akuga, mis on spetsiaalselt v\u00e4lja t\u00f6\u00f6tatud seadme pikaajalise kasutamise toetamiseks. See aku suurus on t\u00e4iuslikult sobitatud t\u00f5mmete arvuga ning tagab, et saate nautida kogu 15 000 t\u00f5mmet ilma aku liiga vara l\u00f5ppemiseta.<\/p>\n<p>T\u00e4nu kvaliteetsele akule v\u00f5ite olla kindel, et seade pakub kogu kasutusaja jooksul stabiilset j\u00f5udlust.<\/p>\n<h4>4. Nikotiinisisaldus: 2% v\u00f5i 5%<\/h4>\n<p>Veel \u00fcks oluline omadus BANG KING Digital 15000 PUFFS Strawberry Banana on nikotiinisisalduse paindlikkus. V\u00f5ite valida 2% ja 5% nikotiinisoola vahel, s\u00f5ltuvalt sellest, kui intensiivset vape-kogemust soovite.<\/p>\n<p>See paindlikkus muudab toote sobivaks laiale sihtr\u00fchmale \u2013 alates nikotiinivabast vape\u2019ist kuni tugevama nikotiini m\u00f5ju eelistajateni.<\/p>\n<h4>5. Kompaktne disain ja kaal<\/h4>\n<p>Hoolimata oma muljetavaldavast j\u00f5udlusest on BANG KING Digital 15000 PUFFS kompaktne ja kerge. Ainult 90 grammi kaaluv seade on kergesti kaasaskantav ning mahub probleemideta igasse taskusse v\u00f5i k\u00e4ekotti. See teeb selle ideaalseks liikvel olles ja olukordades, kus vajate v\u00f5imsat, kuid kaasaskantavat seadet.<\/p>\n<h3>Kasutajas\u00f5bralikkus: Seade k\u00f5igile<\/h3>\n<p>BANG KING Digital 15000 PUFFS eristub mitte ainult oma tehniliste omaduste ja suurep\u00e4rase maitse poolest, vaid ka kasutajas\u00f5bralikkusest. See \u00fchekordne e-suitsetis on disainitud nii, et seda saab h\u00f5lpsasti kasutada iga\u00fcks, olenemata vape kogemustest.<\/p>\n<p>\u00dchekordsed e-sigaretid on tuntud oma lihtsa k\u00e4sitsemise poolest ning BANG KING Digital 15000 PUFFS ei ole erand. Te ei pea muretsema aku laadimise, E-vedeliku t\u00e4itmise v\u00f5i k\u00fcttekehade vahetamise p\u00e4rast. Seade on kohe kasutusvalmis, kui v\u00f5tate selle pakendist v\u00e4lja, ning pakub muretut vape kogemust.<\/p>\n<p>Veel \u00fcks BANG KING Digital 15000 PUFFS eeliseid on see, et te ei pea seadet laadima. 650 mAh aku kestab kogu seadme kasutusaja ning teil ei ole vaja muretseda laadija v\u00f5i pistiku l\u00e4heduses olemise p\u00e4rast. See muudab toote eriti praktiliseks liikvel olles v\u00f5i olukordades, kus teil pole juurdep\u00e4\u00e4su elektriv\u00f5rgule.<\/p>\n<h3>Miks valida BANG KING Digital 15000 PUFFS Strawberry Banana?<\/h3>\n<p>On palju p\u00f5hjuseid, miks BANG KING Digital 15000 PUFFS Strawberry Banana on suurep\u00e4rane valik vape\u2019ijatele. Siin on m\u00f5ned peamised eelised, mida see toode pakub:<\/p>\n<ol>\n<li>Pikajaline vape kogemus: kuni 15 000 t\u00f5mmet, pakkudes \u00fchtest pikimat kasutusiga turul.<\/li>\n<li>Erakordne maitse: maasika ja banaani kombinatsioon pakub magusat, puuviljast ja eksootilist vape kogemust, mis eristub teistest \u00fchekordsetest e-sigarettidest.<\/li>\n<li>Kasutajas\u00f5bralikkus: seade on lihtne kasutada ning ei vaja hooldust ega laadimist. See on kohe kasutusvalmis ning pakub muretut vape kogemust.<\/li>\n<li>Paindlikkus nikotiinisisalduse osas: erinevad nikotiiniv\u00f5imalused muudavad selle toote sobivaks laiale sihtr\u00fchmale \u2013 alates nikotiinivabast vape\u2019ist kuni tugevama nikotiini kontsentratsiooniga kasutajateni.<\/li>\n<li>Kerge ja kaasaskantav: hoolimata oma j\u00f5udlusest on seade kompaktne ja kerge, muutes selle ideaalseks kasutamiseks teel olles.<\/li>\n<\/ol>\n<p>BANG KING Digital 15000 PUFFS Strawberry Banana on rohkem kui \u00fcks korduvkasutatav e-sigarett. See on kombinatsioon arenenud tehnoloogiast, kasutajas\u00f5bralikkusest ja erakordsest maitseelamusest. Maasika ja banaani kombinatsioon pakub tasakaalustatud segu magusatest ja eksootilistest aroomidest, mis muudavad iga t\u00f5mbe naudinguks.<\/p>\n<p>Selle mahuga <strong><a href=\"https:\/\/www.elementvape.de\/et\/p-tag\/groesser-oder-gleich-15000-zuege\/\" target=\"_blank\" rel=\"noopener\">15000 t\u00f5mmet<\/a><\/strong>, suure 25 ml e-vedeliku mahuga, v\u00f5imsa 650 mAh aku ja erinevate nikotiini valikutega on see seade ideaalne k\u00f5igile, kes otsivad vastupidavat, v\u00f5imsat ja maitsvat aurustamiskogemust.<\/p>\n<p>Kas olete kogenud aurustaja v\u00f5i alles alustate, BANG KING Digital 15000 PUFFS Strawberry Banana pakub teile k\u00f5ike, mida vajate esmaklassilise aurustamiskogemuse jaoks \u2013 ja seda k\u00f5ike kompaktse ja kasutajas\u00f5braliku disainiga.<\/p>\n<\/div>\n<\/div>\n<\/div>\n<\/div>\n<\/div>\n<\/div>","protected":false},"excerpt":{"rendered":"<p>Die BANG KING Digital 15000 PUFFS Strawberry Banana ist eine innovative Einweg-E-Zigarette, die Dampfer auf der ganzen Welt begeistert. Sie bietet eine bemerkenswerte Anzahl von 15.000 Z\u00fcgen und ist mit einem einzigartigen, k\u00f6stlichen Aroma ausgestattet, das Erdbeeren und Bananen in einer perfekten Harmonie kombiniert. Dieses Produkt ist ideal f\u00fcr diejenigen, die sich nach einem exotischen [&hellip;]<\/p>","protected":false},"featured_media":14648,"template":"","meta":{"inline_featured_image":false},"product_cat":[770,739,743,744,755,738,751],"product_tag":[710,674],"tiered_pricing_type":"fixed","tiered_pricing_fixed_rules":{"60":"6.15","110":"5.46","200":"4.78"},"tiered_pricing_percentage_rules":[],"tiered_pricing_minimum":1,"_administrator_tiered_pricing_type":"fixed","_administrator_tiered_pricing_fixed_rules":[],"_editor_tiered_pricing_type":"fixed","_editor_tiered_pricing_fixed_rules":[],"_author_tiered_pricing_type":"fixed","_author_tiered_pricing_fixed_rules":[],"_contributor_tiered_pricing_type":"fixed","_contributor_tiered_pricing_fixed_rules":[],"_subscriber_tiered_pricing_type":"fixed","_subscriber_tiered_pricing_fixed_rules":[],"_customer_tiered_pricing_type":"fixed","_customer_tiered_pricing_fixed_rules":[],"_shop_manager_tiered_pricing_type":"fixed","_shop_manager_tiered_pricing_fixed_rules":[],"_wpseo_manager_tiered_pricing_type":"fixed","_wpseo_manager_tiered_pricing_fixed_rules":[],"_wpseo_editor_tiered_pricing_type":"fixed","_wpseo_editor_tiered_pricing_fixed_rules":[],"_wholesale_customer_tiered_pricing_type":"fixed","_wholesale_customer_tiered_pricing_fixed_rules":[],"_marketer_tiered_pricing_type":"fixed","_marketer_tiered_pricing_fixed_rules":[],"_sales_manager_tiered_pricing_type":"fixed","_sales_manager_tiered_pricing_fixed_rules":[],"_sales_rep_tiered_pricing_type":"fixed","_sales_rep_tiered_pricing_fixed_rules":[],"yoast_head":"<!-- This site is optimized with the Yoast SEO plugin v23.3 - https:\/\/yoast.com\/wordpress\/plugins\/seo\/ -->\n<title>Die BANG KING Digital 15000 PUFFS Strawberry Banana liefert 15000 Z\u00fcge voller fruchtiger S\u00fc\u00dfe und tropischer Aromen in jedem Zug | ElementVape.de<\/title>\n<meta name=\"description\" content=\"Wir bieten Die BANG KING Digital 15000 PUFFS Strawberry Banana liefert 15000 Z\u00fcge voller fruchtiger S\u00fc\u00dfe und tropischer Aromen in jedem Zug , Elementvape.de akzeptieren Gro\u00df-und Einzelhandel Bestellungen.\" \/>\n<meta name=\"robots\" content=\"index, follow, max-snippet:-1, max-image-preview:large, max-video-preview:-1\" \/>\n<link rel=\"canonical\" href=\"https:\/\/www.elementvape.de\/et\/produkt\/die-bang-king-digital-15000-puffs-strawberry-banana-liefert-15000-zuege-voller-fruchtiger-suesse-und-tropischer-aromen-in-jedem-zug\/\" \/>\n<meta property=\"og:locale\" content=\"et_EE\" \/>\n<meta property=\"og:type\" content=\"article\" \/>\n<meta property=\"og:title\" content=\"Die BANG KING Digital 15000 PUFFS Strawberry Banana liefert 15000 Z\u00fcge voller fruchtiger S\u00fc\u00dfe und tropischer Aromen in jedem Zug | ElementVape.de\" \/>\n<meta property=\"og:description\" content=\"Wir bieten Die BANG KING Digital 15000 PUFFS Strawberry Banana liefert 15000 Z\u00fcge voller fruchtiger S\u00fc\u00dfe und tropischer Aromen in jedem Zug , Elementvape.de akzeptieren Gro\u00df-und Einzelhandel Bestellungen.\" \/>\n<meta property=\"og:url\" content=\"https:\/\/www.elementvape.de\/et\/produkt\/die-bang-king-digital-15000-puffs-strawberry-banana-liefert-15000-zuege-voller-fruchtiger-suesse-und-tropischer-aromen-in-jedem-zug\/\" \/>\n<meta property=\"og:site_name\" content=\"ElementVape.de\" \/>\n<meta property=\"article:modified_time\" content=\"2024-10-09T07:03:20+00:00\" \/>\n<meta property=\"og:image\" content=\"https:\/\/www.elementvape.de\/wp-content\/uploads\/2024\/09\/Strawberry-Banana-5.jpg\" \/>\n\t<meta property=\"og:image:width\" content=\"1440\" \/>\n\t<meta property=\"og:image:height\" content=\"980\" \/>\n\t<meta property=\"og:image:type\" content=\"image\/jpeg\" \/>\n<meta name=\"twitter:card\" content=\"summary_large_image\" \/>\n<meta name=\"twitter:label1\" content=\"Est. reading time\" \/>\n\t<meta name=\"twitter:data1\" content=\"8 minutit\" \/>\n<script type=\"application\/ld+json\" class=\"yoast-schema-graph\">{\"@context\":\"https:\/\/schema.org\",\"@graph\":[{\"@type\":\"WebPage\",\"@id\":\"https:\/\/www.elementvape.de\/fi\/produkt\/die-bang-king-digital-15000-puffs-strawberry-banana-liefert-15000-zuege-voller-fruchtiger-suesse-und-tropischer-aromen-in-jedem-zug\/\",\"url\":\"https:\/\/www.elementvape.de\/fi\/produkt\/die-bang-king-digital-15000-puffs-strawberry-banana-liefert-15000-zuege-voller-fruchtiger-suesse-und-tropischer-aromen-in-jedem-zug\/\",\"name\":\"Die BANG KING Digital 15000 PUFFS Strawberry Banana liefert 15000 Z\u00fcge voller fruchtiger S\u00fc\u00dfe und tropischer Aromen in jedem Zug | ElementVape.de\",\"isPartOf\":{\"@id\":\"https:\/\/www.elementvape.de\/#website\"},\"primaryImageOfPage\":{\"@id\":\"https:\/\/www.elementvape.de\/fi\/produkt\/die-bang-king-digital-15000-puffs-strawberry-banana-liefert-15000-zuege-voller-fruchtiger-suesse-und-tropischer-aromen-in-jedem-zug\/#primaryimage\"},\"image\":{\"@id\":\"https:\/\/www.elementvape.de\/fi\/produkt\/die-bang-king-digital-15000-puffs-strawberry-banana-liefert-15000-zuege-voller-fruchtiger-suesse-und-tropischer-aromen-in-jedem-zug\/#primaryimage\"},\"thumbnailUrl\":\"https:\/\/www.elementvape.de\/wp-content\/uploads\/2024\/09\/Strawberry-Banana-5.jpg\",\"datePublished\":\"2024-09-25T07:31:54+00:00\",\"dateModified\":\"2024-10-09T07:03:20+00:00\",\"description\":\"Wir bieten Die BANG KING Digital 15000 PUFFS Strawberry Banana liefert 15000 Z\u00fcge voller fruchtiger S\u00fc\u00dfe und tropischer Aromen in jedem Zug , Elementvape.de akzeptieren Gro\u00df-und Einzelhandel Bestellungen.\",\"breadcrumb\":{\"@id\":\"https:\/\/www.elementvape.de\/fi\/produkt\/die-bang-king-digital-15000-puffs-strawberry-banana-liefert-15000-zuege-voller-fruchtiger-suesse-und-tropischer-aromen-in-jedem-zug\/#breadcrumb\"},\"inLanguage\":\"et\",\"potentialAction\":[{\"@type\":\"ReadAction\",\"target\":[\"https:\/\/www.elementvape.de\/fi\/produkt\/die-bang-king-digital-15000-puffs-strawberry-banana-liefert-15000-zuege-voller-fruchtiger-suesse-und-tropischer-aromen-in-jedem-zug\/\"]}]},{\"@type\":\"ImageObject\",\"inLanguage\":\"et\",\"@id\":\"https:\/\/www.elementvape.de\/fi\/produkt\/die-bang-king-digital-15000-puffs-strawberry-banana-liefert-15000-zuege-voller-fruchtiger-suesse-und-tropischer-aromen-in-jedem-zug\/#primaryimage\",\"url\":\"https:\/\/www.elementvape.de\/wp-content\/uploads\/2024\/09\/Strawberry-Banana-5.jpg\",\"contentUrl\":\"https:\/\/www.elementvape.de\/wp-content\/uploads\/2024\/09\/Strawberry-Banana-5.jpg\",\"width\":1440,\"height\":980,\"caption\":\"Strawberry Banana\"},{\"@type\":\"BreadcrumbList\",\"@id\":\"https:\/\/www.elementvape.de\/fi\/produkt\/die-bang-king-digital-15000-puffs-strawberry-banana-liefert-15000-zuege-voller-fruchtiger-suesse-und-tropischer-aromen-in-jedem-zug\/#breadcrumb\",\"itemListElement\":[{\"@type\":\"ListItem\",\"position\":1,\"name\":\"Home\",\"item\":\"https:\/\/www.elementvape.de\/\"},{\"@type\":\"ListItem\",\"position\":2,\"name\":\"Shop\",\"item\":\"https:\/\/www.elementvape.de\/shop\/\"},{\"@type\":\"ListItem\",\"position\":3,\"name\":\"Die BANG KING Digital 15000 PUFFS Strawberry Banana liefert 15000 Z\u00fcge voller fruchtiger S\u00fc\u00dfe und tropischer Aromen in jedem Zug\"}]},{\"@type\":\"WebSite\",\"@id\":\"https:\/\/www.elementvape.de\/#website\",\"url\":\"https:\/\/www.elementvape.de\/\",\"name\":\"ElementVape.de\",\"description\":\"\",\"publisher\":{\"@id\":\"https:\/\/www.elementvape.de\/#organization\"},\"potentialAction\":[{\"@type\":\"SearchAction\",\"target\":{\"@type\":\"EntryPoint\",\"urlTemplate\":\"https:\/\/www.elementvape.de\/?s={search_term_string}\"},\"query-input\":\"required name=search_term_string\"}],\"inLanguage\":\"et\"},{\"@type\":\"Organization\",\"@id\":\"https:\/\/www.elementvape.de\/#organization\",\"name\":\"ElementVape.DE\",\"url\":\"https:\/\/www.elementvape.de\/\",\"logo\":{\"@type\":\"ImageObject\",\"inLanguage\":\"et\",\"@id\":\"https:\/\/www.elementvape.de\/#\/schema\/logo\/image\/\",\"url\":\"https:\/\/www.elementvape.de\/wp-content\/uploads\/2024\/09\/cropped-1elementvape-3.png\",\"contentUrl\":\"https:\/\/www.elementvape.de\/wp-content\/uploads\/2024\/09\/cropped-1elementvape-3.png\",\"width\":285,\"height\":228,\"caption\":\"ElementVape.DE\"},\"image\":{\"@id\":\"https:\/\/www.elementvape.de\/#\/schema\/logo\/image\/\"}}]}<\/script>\n<!-- \/ Yoast SEO plugin. -->","yoast_head_json":{"title":"Die BANG KING Digital 15000 PUFFS Strawberry Banana liefert 15000 Z\u00fcge voller fruchtiger S\u00fc\u00dfe und tropischer Aromen in jedem Zug | ElementVape.de","description":"Wir bieten Die BANG KING Digital 15000 PUFFS Strawberry Banana liefert 15000 Z\u00fcge voller fruchtiger S\u00fc\u00dfe und tropischer Aromen in jedem Zug , Elementvape.de akzeptieren Gro\u00df-und Einzelhandel Bestellungen.","robots":{"index":"index","follow":"follow","max-snippet":"max-snippet:-1","max-image-preview":"max-image-preview:large","max-video-preview":"max-video-preview:-1"},"canonical":"https:\/\/www.elementvape.de\/et\/produkt\/die-bang-king-digital-15000-puffs-strawberry-banana-liefert-15000-zuege-voller-fruchtiger-suesse-und-tropischer-aromen-in-jedem-zug\/","og_locale":"et_EE","og_type":"article","og_title":"Die BANG KING Digital 15000 PUFFS Strawberry Banana liefert 15000 Z\u00fcge voller fruchtiger S\u00fc\u00dfe und tropischer Aromen in jedem Zug | ElementVape.de","og_description":"Wir bieten Die BANG KING Digital 15000 PUFFS Strawberry Banana liefert 15000 Z\u00fcge voller fruchtiger S\u00fc\u00dfe und tropischer Aromen in jedem Zug , Elementvape.de akzeptieren Gro\u00df-und Einzelhandel Bestellungen.","og_url":"https:\/\/www.elementvape.de\/et\/produkt\/die-bang-king-digital-15000-puffs-strawberry-banana-liefert-15000-zuege-voller-fruchtiger-suesse-und-tropischer-aromen-in-jedem-zug\/","og_site_name":"ElementVape.de","article_modified_time":"2024-10-09T07:03:20+00:00","og_image":[{"width":1440,"height":980,"url":"https:\/\/www.elementvape.de\/wp-content\/uploads\/2024\/09\/Strawberry-Banana-5.jpg","type":"image\/jpeg"}],"twitter_card":"summary_large_image","twitter_misc":{"Est. reading time":"8 minutit"},"schema":{"@context":"https:\/\/schema.org","@graph":[{"@type":"WebPage","@id":"https:\/\/www.elementvape.de\/fi\/produkt\/die-bang-king-digital-15000-puffs-strawberry-banana-liefert-15000-zuege-voller-fruchtiger-suesse-und-tropischer-aromen-in-jedem-zug\/","url":"https:\/\/www.elementvape.de\/fi\/produkt\/die-bang-king-digital-15000-puffs-strawberry-banana-liefert-15000-zuege-voller-fruchtiger-suesse-und-tropischer-aromen-in-jedem-zug\/","name":"Die BANG KING Digital 15000 PUFFS Strawberry Banana liefert 15000 Z\u00fcge voller fruchtiger S\u00fc\u00dfe und tropischer Aromen in jedem Zug | ElementVape.de","isPartOf":{"@id":"https:\/\/www.elementvape.de\/#website"},"primaryImageOfPage":{"@id":"https:\/\/www.elementvape.de\/fi\/produkt\/die-bang-king-digital-15000-puffs-strawberry-banana-liefert-15000-zuege-voller-fruchtiger-suesse-und-tropischer-aromen-in-jedem-zug\/#primaryimage"},"image":{"@id":"https:\/\/www.elementvape.de\/fi\/produkt\/die-bang-king-digital-15000-puffs-strawberry-banana-liefert-15000-zuege-voller-fruchtiger-suesse-und-tropischer-aromen-in-jedem-zug\/#primaryimage"},"thumbnailUrl":"https:\/\/www.elementvape.de\/wp-content\/uploads\/2024\/09\/Strawberry-Banana-5.jpg","datePublished":"2024-09-25T07:31:54+00:00","dateModified":"2024-10-09T07:03:20+00:00","description":"Wir bieten Die BANG KING Digital 15000 PUFFS Strawberry Banana liefert 15000 Z\u00fcge voller fruchtiger S\u00fc\u00dfe und tropischer Aromen in jedem Zug , Elementvape.de akzeptieren Gro\u00df-und Einzelhandel Bestellungen.","breadcrumb":{"@id":"https:\/\/www.elementvape.de\/fi\/produkt\/die-bang-king-digital-15000-puffs-strawberry-banana-liefert-15000-zuege-voller-fruchtiger-suesse-und-tropischer-aromen-in-jedem-zug\/#breadcrumb"},"inLanguage":"et","potentialAction":[{"@type":"ReadAction","target":["https:\/\/www.elementvape.de\/fi\/produkt\/die-bang-king-digital-15000-puffs-strawberry-banana-liefert-15000-zuege-voller-fruchtiger-suesse-und-tropischer-aromen-in-jedem-zug\/"]}]},{"@type":"ImageObject","inLanguage":"et","@id":"https:\/\/www.elementvape.de\/fi\/produkt\/die-bang-king-digital-15000-puffs-strawberry-banana-liefert-15000-zuege-voller-fruchtiger-suesse-und-tropischer-aromen-in-jedem-zug\/#primaryimage","url":"https:\/\/www.elementvape.de\/wp-content\/uploads\/2024\/09\/Strawberry-Banana-5.jpg","contentUrl":"https:\/\/www.elementvape.de\/wp-content\/uploads\/2024\/09\/Strawberry-Banana-5.jpg","width":1440,"height":980,"caption":"Strawberry Banana"},{"@type":"BreadcrumbList","@id":"https:\/\/www.elementvape.de\/fi\/produkt\/die-bang-king-digital-15000-puffs-strawberry-banana-liefert-15000-zuege-voller-fruchtiger-suesse-und-tropischer-aromen-in-jedem-zug\/#breadcrumb","itemListElement":[{"@type":"ListItem","position":1,"name":"Home","item":"https:\/\/www.elementvape.de\/"},{"@type":"ListItem","position":2,"name":"Shop","item":"https:\/\/www.elementvape.de\/shop\/"},{"@type":"ListItem","position":3,"name":"Die BANG KING Digital 15000 PUFFS Strawberry Banana liefert 15000 Z\u00fcge voller fruchtiger S\u00fc\u00dfe und tropischer Aromen in jedem Zug"}]},{"@type":"WebSite","@id":"https:\/\/www.elementvape.de\/#website","url":"https:\/\/www.elementvape.de\/","name":"ElementVape.de","description":"","publisher":{"@id":"https:\/\/www.elementvape.de\/#organization"},"potentialAction":[{"@type":"SearchAction","target":{"@type":"EntryPoint","urlTemplate":"https:\/\/www.elementvape.de\/?s={search_term_string}"},"query-input":"required name=search_term_string"}],"inLanguage":"et"},{"@type":"Organization","@id":"https:\/\/www.elementvape.de\/#organization","name":"ElementVape.DE","url":"https:\/\/www.elementvape.de\/","logo":{"@type":"ImageObject","inLanguage":"et","@id":"https:\/\/www.elementvape.de\/#\/schema\/logo\/image\/","url":"https:\/\/www.elementvape.de\/wp-content\/uploads\/2024\/09\/cropped-1elementvape-3.png","contentUrl":"https:\/\/www.elementvape.de\/wp-content\/uploads\/2024\/09\/cropped-1elementvape-3.png","width":285,"height":228,"caption":"ElementVape.DE"},"image":{"@id":"https:\/\/www.elementvape.de\/#\/schema\/logo\/image\/"}}]}},"_links":{"self":[{"href":"https:\/\/www.elementvape.de\/et\/wp-json\/wp\/v2\/product\/14663"}],"collection":[{"href":"https:\/\/www.elementvape.de\/et\/wp-json\/wp\/v2\/product"}],"about":[{"href":"https:\/\/www.elementvape.de\/et\/wp-json\/wp\/v2\/types\/product"}],"wp:featuredmedia":[{"embeddable":true,"href":"https:\/\/www.elementvape.de\/et\/wp-json\/wp\/v2\/media\/14648"}],"wp:attachment":[{"href":"https:\/\/www.elementvape.de\/et\/wp-json\/wp\/v2\/media?parent=14663"}],"wp:term":[{"taxonomy":"product_cat","embeddable":true,"href":"https:\/\/www.elementvape.de\/et\/wp-json\/wp\/v2\/product_cat?post=14663"},{"taxonomy":"product_tag","embeddable":true,"href":"https:\/\/www.elementvape.de\/et\/wp-json\/wp\/v2\/product_tag?post=14663"}],"curies":[{"name":"wp","href":"https:\/\/api.w.org\/{rel}","templated":true}]}}