{"id":14604,"date":"2024-09-24T07:29:39","date_gmt":"2024-09-24T07:29:39","guid":{"rendered":"https:\/\/www.elementvape.de\/?post_type=product&#038;p=14604"},"modified":"2024-10-09T07:32:52","modified_gmt":"2024-10-09T07:32:52","slug":"geniessen-sie-12000-zuege-intensiven-traubenaromas-kombiniert-mit-eisiger-frische-in-der-grape-ice-bang-tn12000-puffs-einweg-e-zigarette","status":"publish","type":"product","link":"https:\/\/www.elementvape.de\/et\/produkt\/geniessen-sie-12000-zuege-intensiven-traubenaromas-kombiniert-mit-eisiger-frische-in-der-grape-ice-bang-tn12000-puffs-einweg-e-zigarette\/","title":{"rendered":"Naudi 12000 t\u00f5mmet intensiivset viinamarja maitset koos j\u00e4\u00e4k\u00fclgusega GRAPE ICE BANG TN12000 PUFFS \u00dchekordne E-sigarett"},"content":{"rendered":"<h3>1. Ebatavaline aurustamiskogemus GRAPE ICE BANG TN12000 PUFFS-ga<\/h3>\n<p>GRAPE ICE BANG TN12000 PUFFS <strong><a href=\"https:\/\/www.elementvape.de\/et\/c\/einweg-zigarette\/\" target=\"_blank\" rel=\"noopener\">\u00dchekordne E-s\u00fc\u00fctaja<\/a><\/strong> pakub teile <strong><a href=\"https:\/\/www.elementvape.de\/et\/p-tag\/groesser-oder-gleich-12000-zuege\/\" target=\"_blank\" rel=\"noopener\">12000 t\u00f5mmet<\/a><\/strong> t\u00e4is intensiivset viinamarjamaitset, mis on \u00fchendatud v\u00e4rskendava j\u00e4\u00e4k\u00fclma noodiga, mis pakub teile v\u00f5rreldamatut vape-kogemust. See maitsekoostis on meeldib puuviljaste maitsete austajatele ning v\u00e4rskendav jahe tunne tagab pikaajalise, meeldiva j\u00e4relmaitse.<\/p>\n<p>Iga t\u00f5mbega tunnete mahlaste, k\u00fcpsete viinamarjade t\u00e4ielikku maitset, mis on t\u00e4iuslikus harmoonias mentooli jahedusega. Olgu see kuumadel suvep\u00e4evadel v\u00f5i energiat andva jahutava vahepalana \u2013 GRAPE ICE BANG TN12000 PUFFS pakub ideaalse maitset, mis virgutab teie meeli ja pakub maitsvat kogemust.<\/p>\n<table>\n<thead>\n<tr>\n<th>Tehnilised andmed<\/th>\n<th>Detailid<\/th>\n<\/tr>\n<\/thead>\n<tbody>\n<tr>\n<td>Aku<\/td>\n<td>650mAh (18250)<\/td>\n<\/tr>\n<tr>\n<td>E-vedeliku maht<\/td>\n<td>22ml<\/td>\n<\/tr>\n<tr>\n<td>Puffid<\/td>\n<td>12.000<\/td>\n<\/tr>\n<tr>\n<td>K\u00fc\u00fcnlad<\/td>\n<td>1.0 Ohm Mesh-spiraal<\/td>\n<\/tr>\n<tr>\n<td>Laadimiskontakt<\/td>\n<td>T\u00fc\u00fcp-C<\/td>\n<\/tr>\n<tr>\n<td>N-sisaldus<\/td>\n<td>2%, 5%<\/td>\n<\/tr>\n<tr>\n<td>Materjal<\/td>\n<td>PC<\/td>\n<\/tr>\n<tr>\n<td>Pakend\u00fchik<\/td>\n<td>1 karp (10 t\u00fckki)<\/td>\n<\/tr>\n<\/tbody>\n<\/table>\n<p>GRAPE ICE BANG TN12000 PUFFS muljetab mitte ainult oma maitsega, vaid ka tugevate tehniliste spetsifikatsioonidega. 650mAh aku ja 1.0 Ohmi mesh-spiraal tagavad, et elektriline sigaret t\u00f6\u00f6tab t\u00f5husalt, pakkudes \u00fchtlast aurustumist intensiivsete, tihedate aurupilvede jaoks. T\u00e4nu Type-C laadimispordile on seade kiire ja mugav laadida, v\u00f5imaldades teil nautida vape-kogemust ilma pikemate katkestusteta.<\/p>\n<p>Suur 22 ml e-vedeliku mahutavus t\u00e4hendab, et GRAPE ICE BANG TN12000 PUFFS sobib mitmetunniseks pidevaks aurustamiseks. Nikotiini tugevused on paindlikult valitavad, v\u00f5imaldades iga kasutajal valida oma isikliku eelistuse vahel nikotiinivaba variandi ja kuni 5% N-sisaldusega.<\/p>\n<h3>3. Maitse ja kasutajas\u00f5bralikkus<\/h3>\n<p>Intensiivne viinamarjamaitse koos v\u00e4rskendava mentooljahutusega pakub tasakaalustatud maitseelamust, mis rahuldab ka n\u00f5udlikumaid <strong><a href=\"https:\/\/www.elementvape.de\/et\/\" target=\"_blank\" rel=\"noopener\">Aurusti<\/a><\/strong> rahuldab. Magus viinamarjane nood t\u00e4iendab ideaalselt piparm\u00fcndi v\u00e4rskust, muutes iga t\u00f5mbe v\u00e4rskendavaks ja samal ajal rahuldavaks.<\/p>\n<p>GRAPE ICE BANG TN12000 PUFFS on oma \u00fchekordse kasutuse t\u00f5ttu eriti kasutajas\u00f5bralik. Mitte t\u00e4itmist, mitte keerulisi seadeid \u2013 lihtsalt v\u00e4lja pakkida, aurustada ja p\u00e4rast kasutamist \u00e4ra visata. See muudab selle elektrilise sigareti eriti sobivaks kaasaskandmiseks v\u00f5i kasutajatele, kes otsivad lihtsat, kuid kvaliteetset vape-kogemust.<\/p>","protected":false},"excerpt":{"rendered":"<p>1. Unverwechselbares Dampferlebnis mit der GRAPE ICE BANG TN12000 PUFFS Die GRAPE ICE BANG TN12000 PUFFS Einweg-E-Zigarette bietet Ihnen 12000 Z\u00fcge voller intensiven Traubenaromas, kombiniert mit einer erfrischenden eisigen Note, die Ihnen ein unvergleichliches Vaping-Erlebnis beschert. Diese Geschmackskomposition wird Liebhaber fruchtiger Aromen begeistern und die erfrischende K\u00fchle sorgt f\u00fcr einen langanhaltenden, angenehmen Abgang. Mit jedem [&hellip;]<\/p>","protected":false},"featured_media":14584,"template":"","meta":{"inline_featured_image":false},"product_cat":[15,728,739,743,744,755,738,751],"product_tag":[710,673],"tiered_pricing_type":"fixed","tiered_pricing_fixed_rules":{"60":"6.58","110":"5.85","200":"5.12"},"tiered_pricing_percentage_rules":[],"tiered_pricing_minimum":1,"_administrator_tiered_pricing_type":"fixed","_administrator_tiered_pricing_fixed_rules":[],"_editor_tiered_pricing_type":"fixed","_editor_tiered_pricing_fixed_rules":[],"_author_tiered_pricing_type":"fixed","_author_tiered_pricing_fixed_rules":[],"_contributor_tiered_pricing_type":"fixed","_contributor_tiered_pricing_fixed_rules":[],"_subscriber_tiered_pricing_type":"fixed","_subscriber_tiered_pricing_fixed_rules":[],"_customer_tiered_pricing_type":"fixed","_customer_tiered_pricing_fixed_rules":[],"_shop_manager_tiered_pricing_type":"fixed","_shop_manager_tiered_pricing_fixed_rules":[],"_wpseo_manager_tiered_pricing_type":"fixed","_wpseo_manager_tiered_pricing_fixed_rules":[],"_wpseo_editor_tiered_pricing_type":"fixed","_wpseo_editor_tiered_pricing_fixed_rules":[],"_wholesale_customer_tiered_pricing_type":"fixed","_wholesale_customer_tiered_pricing_fixed_rules":[],"_marketer_tiered_pricing_type":"fixed","_marketer_tiered_pricing_fixed_rules":[],"_sales_manager_tiered_pricing_type":"fixed","_sales_manager_tiered_pricing_fixed_rules":[],"_sales_rep_tiered_pricing_type":"fixed","_sales_rep_tiered_pricing_fixed_rules":[],"yoast_head":"<!-- This site is optimized with the Yoast SEO plugin v23.3 - https:\/\/yoast.com\/wordpress\/plugins\/seo\/ -->\n<title>Genie\u00dfen Sie 12000 Z\u00fcge intensiven Traubenaromas kombiniert mit eisiger Frische in der GRAPE ICE BANG TN12000 PUFFS Einweg-E-Zigarette | ElementVape.de<\/title>\n<meta name=\"description\" content=\"Wir bieten Genie\u00dfen Sie 12000 Z\u00fcge intensiven Traubenaromas kombiniert mit eisiger Frische in der GRAPE ICE BANG TN12000 PUFFS Einweg-E-Zigarette , Elementvape.de akzeptieren Gro\u00df-und Einzelhandel Bestellungen.\" \/>\n<meta name=\"robots\" content=\"index, follow, max-snippet:-1, max-image-preview:large, max-video-preview:-1\" \/>\n<link rel=\"canonical\" href=\"https:\/\/www.elementvape.de\/et\/produkt\/geniessen-sie-12000-zuege-intensiven-traubenaromas-kombiniert-mit-eisiger-frische-in-der-grape-ice-bang-tn12000-puffs-einweg-e-zigarette\/\" \/>\n<meta property=\"og:locale\" content=\"et_EE\" \/>\n<meta property=\"og:type\" content=\"article\" \/>\n<meta property=\"og:title\" content=\"Genie\u00dfen Sie 12000 Z\u00fcge intensiven Traubenaromas kombiniert mit eisiger Frische in der GRAPE ICE BANG TN12000 PUFFS Einweg-E-Zigarette | ElementVape.de\" \/>\n<meta property=\"og:description\" content=\"Wir bieten Genie\u00dfen Sie 12000 Z\u00fcge intensiven Traubenaromas kombiniert mit eisiger Frische in der GRAPE ICE BANG TN12000 PUFFS Einweg-E-Zigarette , Elementvape.de akzeptieren Gro\u00df-und Einzelhandel Bestellungen.\" \/>\n<meta property=\"og:url\" content=\"https:\/\/www.elementvape.de\/et\/produkt\/geniessen-sie-12000-zuege-intensiven-traubenaromas-kombiniert-mit-eisiger-frische-in-der-grape-ice-bang-tn12000-puffs-einweg-e-zigarette\/\" \/>\n<meta property=\"og:site_name\" content=\"ElementVape.de\" \/>\n<meta property=\"article:modified_time\" content=\"2024-10-09T07:32:52+00:00\" \/>\n<meta property=\"og:image\" content=\"https:\/\/www.elementvape.de\/wp-content\/uploads\/2024\/09\/Grape-Ice-4-scaled.jpg\" \/>\n\t<meta property=\"og:image:width\" content=\"2560\" \/>\n\t<meta property=\"og:image:height\" content=\"1898\" \/>\n\t<meta property=\"og:image:type\" content=\"image\/jpeg\" \/>\n<meta name=\"twitter:card\" content=\"summary_large_image\" \/>\n<meta name=\"twitter:label1\" content=\"Est. reading time\" \/>\n\t<meta name=\"twitter:data1\" content=\"2 minutit\" \/>\n<script type=\"application\/ld+json\" class=\"yoast-schema-graph\">{\"@context\":\"https:\/\/schema.org\",\"@graph\":[{\"@type\":\"WebPage\",\"@id\":\"https:\/\/www.elementvape.de\/fi\/produkt\/geniessen-sie-12000-zuege-intensiven-traubenaromas-kombiniert-mit-eisiger-frische-in-der-grape-ice-bang-tn12000-puffs-einweg-e-zigarette\/\",\"url\":\"https:\/\/www.elementvape.de\/fi\/produkt\/geniessen-sie-12000-zuege-intensiven-traubenaromas-kombiniert-mit-eisiger-frische-in-der-grape-ice-bang-tn12000-puffs-einweg-e-zigarette\/\",\"name\":\"Genie\u00dfen Sie 12000 Z\u00fcge intensiven Traubenaromas kombiniert mit eisiger Frische in der GRAPE ICE BANG TN12000 PUFFS Einweg-E-Zigarette | ElementVape.de\",\"isPartOf\":{\"@id\":\"https:\/\/www.elementvape.de\/#website\"},\"primaryImageOfPage\":{\"@id\":\"https:\/\/www.elementvape.de\/fi\/produkt\/geniessen-sie-12000-zuege-intensiven-traubenaromas-kombiniert-mit-eisiger-frische-in-der-grape-ice-bang-tn12000-puffs-einweg-e-zigarette\/#primaryimage\"},\"image\":{\"@id\":\"https:\/\/www.elementvape.de\/fi\/produkt\/geniessen-sie-12000-zuege-intensiven-traubenaromas-kombiniert-mit-eisiger-frische-in-der-grape-ice-bang-tn12000-puffs-einweg-e-zigarette\/#primaryimage\"},\"thumbnailUrl\":\"https:\/\/www.elementvape.de\/wp-content\/uploads\/2024\/09\/Grape-Ice-4-scaled.jpg\",\"datePublished\":\"2024-09-24T07:29:39+00:00\",\"dateModified\":\"2024-10-09T07:32:52+00:00\",\"description\":\"Wir bieten Genie\u00dfen Sie 12000 Z\u00fcge intensiven Traubenaromas kombiniert mit eisiger Frische in der GRAPE ICE BANG TN12000 PUFFS Einweg-E-Zigarette , Elementvape.de akzeptieren Gro\u00df-und Einzelhandel Bestellungen.\",\"breadcrumb\":{\"@id\":\"https:\/\/www.elementvape.de\/fi\/produkt\/geniessen-sie-12000-zuege-intensiven-traubenaromas-kombiniert-mit-eisiger-frische-in-der-grape-ice-bang-tn12000-puffs-einweg-e-zigarette\/#breadcrumb\"},\"inLanguage\":\"et\",\"potentialAction\":[{\"@type\":\"ReadAction\",\"target\":[\"https:\/\/www.elementvape.de\/fi\/produkt\/geniessen-sie-12000-zuege-intensiven-traubenaromas-kombiniert-mit-eisiger-frische-in-der-grape-ice-bang-tn12000-puffs-einweg-e-zigarette\/\"]}]},{\"@type\":\"ImageObject\",\"inLanguage\":\"et\",\"@id\":\"https:\/\/www.elementvape.de\/fi\/produkt\/geniessen-sie-12000-zuege-intensiven-traubenaromas-kombiniert-mit-eisiger-frische-in-der-grape-ice-bang-tn12000-puffs-einweg-e-zigarette\/#primaryimage\",\"url\":\"https:\/\/www.elementvape.de\/wp-content\/uploads\/2024\/09\/Grape-Ice-4-scaled.jpg\",\"contentUrl\":\"https:\/\/www.elementvape.de\/wp-content\/uploads\/2024\/09\/Grape-Ice-4-scaled.jpg\",\"width\":2560,\"height\":1898,\"caption\":\"Grape Ice\"},{\"@type\":\"BreadcrumbList\",\"@id\":\"https:\/\/www.elementvape.de\/fi\/produkt\/geniessen-sie-12000-zuege-intensiven-traubenaromas-kombiniert-mit-eisiger-frische-in-der-grape-ice-bang-tn12000-puffs-einweg-e-zigarette\/#breadcrumb\",\"itemListElement\":[{\"@type\":\"ListItem\",\"position\":1,\"name\":\"Home\",\"item\":\"https:\/\/www.elementvape.de\/\"},{\"@type\":\"ListItem\",\"position\":2,\"name\":\"Shop\",\"item\":\"https:\/\/www.elementvape.de\/shop\/\"},{\"@type\":\"ListItem\",\"position\":3,\"name\":\"Genie\u00dfen Sie 12000 Z\u00fcge intensiven Traubenaromas kombiniert mit eisiger Frische in der GRAPE ICE BANG TN12000 PUFFS Einweg-E-Zigarette\"}]},{\"@type\":\"WebSite\",\"@id\":\"https:\/\/www.elementvape.de\/#website\",\"url\":\"https:\/\/www.elementvape.de\/\",\"name\":\"ElementVape.de\",\"description\":\"\",\"publisher\":{\"@id\":\"https:\/\/www.elementvape.de\/#organization\"},\"potentialAction\":[{\"@type\":\"SearchAction\",\"target\":{\"@type\":\"EntryPoint\",\"urlTemplate\":\"https:\/\/www.elementvape.de\/?s={search_term_string}\"},\"query-input\":\"required name=search_term_string\"}],\"inLanguage\":\"et\"},{\"@type\":\"Organization\",\"@id\":\"https:\/\/www.elementvape.de\/#organization\",\"name\":\"ElementVape.DE\",\"url\":\"https:\/\/www.elementvape.de\/\",\"logo\":{\"@type\":\"ImageObject\",\"inLanguage\":\"et\",\"@id\":\"https:\/\/www.elementvape.de\/#\/schema\/logo\/image\/\",\"url\":\"https:\/\/www.elementvape.de\/wp-content\/uploads\/2024\/09\/cropped-1elementvape-3.png\",\"contentUrl\":\"https:\/\/www.elementvape.de\/wp-content\/uploads\/2024\/09\/cropped-1elementvape-3.png\",\"width\":285,\"height\":228,\"caption\":\"ElementVape.DE\"},\"image\":{\"@id\":\"https:\/\/www.elementvape.de\/#\/schema\/logo\/image\/\"}}]}<\/script>\n<!-- \/ Yoast SEO plugin. -->","yoast_head_json":{"title":"Genie\u00dfen Sie 12000 Z\u00fcge intensiven Traubenaromas kombiniert mit eisiger Frische in der GRAPE ICE BANG TN12000 PUFFS Einweg-E-Zigarette | ElementVape.de","description":"Wir bieten Genie\u00dfen Sie 12000 Z\u00fcge intensiven Traubenaromas kombiniert mit eisiger Frische in der GRAPE ICE BANG TN12000 PUFFS Einweg-E-Zigarette , Elementvape.de akzeptieren Gro\u00df-und Einzelhandel Bestellungen.","robots":{"index":"index","follow":"follow","max-snippet":"max-snippet:-1","max-image-preview":"max-image-preview:large","max-video-preview":"max-video-preview:-1"},"canonical":"https:\/\/www.elementvape.de\/et\/produkt\/geniessen-sie-12000-zuege-intensiven-traubenaromas-kombiniert-mit-eisiger-frische-in-der-grape-ice-bang-tn12000-puffs-einweg-e-zigarette\/","og_locale":"et_EE","og_type":"article","og_title":"Genie\u00dfen Sie 12000 Z\u00fcge intensiven Traubenaromas kombiniert mit eisiger Frische in der GRAPE ICE BANG TN12000 PUFFS Einweg-E-Zigarette | ElementVape.de","og_description":"Wir bieten Genie\u00dfen Sie 12000 Z\u00fcge intensiven Traubenaromas kombiniert mit eisiger Frische in der GRAPE ICE BANG TN12000 PUFFS Einweg-E-Zigarette , Elementvape.de akzeptieren Gro\u00df-und Einzelhandel Bestellungen.","og_url":"https:\/\/www.elementvape.de\/et\/produkt\/geniessen-sie-12000-zuege-intensiven-traubenaromas-kombiniert-mit-eisiger-frische-in-der-grape-ice-bang-tn12000-puffs-einweg-e-zigarette\/","og_site_name":"ElementVape.de","article_modified_time":"2024-10-09T07:32:52+00:00","og_image":[{"width":2560,"height":1898,"url":"https:\/\/www.elementvape.de\/wp-content\/uploads\/2024\/09\/Grape-Ice-4-scaled.jpg","type":"image\/jpeg"}],"twitter_card":"summary_large_image","twitter_misc":{"Est. reading time":"2 minutit"},"schema":{"@context":"https:\/\/schema.org","@graph":[{"@type":"WebPage","@id":"https:\/\/www.elementvape.de\/fi\/produkt\/geniessen-sie-12000-zuege-intensiven-traubenaromas-kombiniert-mit-eisiger-frische-in-der-grape-ice-bang-tn12000-puffs-einweg-e-zigarette\/","url":"https:\/\/www.elementvape.de\/fi\/produkt\/geniessen-sie-12000-zuege-intensiven-traubenaromas-kombiniert-mit-eisiger-frische-in-der-grape-ice-bang-tn12000-puffs-einweg-e-zigarette\/","name":"Genie\u00dfen Sie 12000 Z\u00fcge intensiven Traubenaromas kombiniert mit eisiger Frische in der GRAPE ICE BANG TN12000 PUFFS Einweg-E-Zigarette | ElementVape.de","isPartOf":{"@id":"https:\/\/www.elementvape.de\/#website"},"primaryImageOfPage":{"@id":"https:\/\/www.elementvape.de\/fi\/produkt\/geniessen-sie-12000-zuege-intensiven-traubenaromas-kombiniert-mit-eisiger-frische-in-der-grape-ice-bang-tn12000-puffs-einweg-e-zigarette\/#primaryimage"},"image":{"@id":"https:\/\/www.elementvape.de\/fi\/produkt\/geniessen-sie-12000-zuege-intensiven-traubenaromas-kombiniert-mit-eisiger-frische-in-der-grape-ice-bang-tn12000-puffs-einweg-e-zigarette\/#primaryimage"},"thumbnailUrl":"https:\/\/www.elementvape.de\/wp-content\/uploads\/2024\/09\/Grape-Ice-4-scaled.jpg","datePublished":"2024-09-24T07:29:39+00:00","dateModified":"2024-10-09T07:32:52+00:00","description":"Wir bieten Genie\u00dfen Sie 12000 Z\u00fcge intensiven Traubenaromas kombiniert mit eisiger Frische in der GRAPE ICE BANG TN12000 PUFFS Einweg-E-Zigarette , Elementvape.de akzeptieren Gro\u00df-und Einzelhandel Bestellungen.","breadcrumb":{"@id":"https:\/\/www.elementvape.de\/fi\/produkt\/geniessen-sie-12000-zuege-intensiven-traubenaromas-kombiniert-mit-eisiger-frische-in-der-grape-ice-bang-tn12000-puffs-einweg-e-zigarette\/#breadcrumb"},"inLanguage":"et","potentialAction":[{"@type":"ReadAction","target":["https:\/\/www.elementvape.de\/fi\/produkt\/geniessen-sie-12000-zuege-intensiven-traubenaromas-kombiniert-mit-eisiger-frische-in-der-grape-ice-bang-tn12000-puffs-einweg-e-zigarette\/"]}]},{"@type":"ImageObject","inLanguage":"et","@id":"https:\/\/www.elementvape.de\/fi\/produkt\/geniessen-sie-12000-zuege-intensiven-traubenaromas-kombiniert-mit-eisiger-frische-in-der-grape-ice-bang-tn12000-puffs-einweg-e-zigarette\/#primaryimage","url":"https:\/\/www.elementvape.de\/wp-content\/uploads\/2024\/09\/Grape-Ice-4-scaled.jpg","contentUrl":"https:\/\/www.elementvape.de\/wp-content\/uploads\/2024\/09\/Grape-Ice-4-scaled.jpg","width":2560,"height":1898,"caption":"Grape Ice"},{"@type":"BreadcrumbList","@id":"https:\/\/www.elementvape.de\/fi\/produkt\/geniessen-sie-12000-zuege-intensiven-traubenaromas-kombiniert-mit-eisiger-frische-in-der-grape-ice-bang-tn12000-puffs-einweg-e-zigarette\/#breadcrumb","itemListElement":[{"@type":"ListItem","position":1,"name":"Home","item":"https:\/\/www.elementvape.de\/"},{"@type":"ListItem","position":2,"name":"Shop","item":"https:\/\/www.elementvape.de\/shop\/"},{"@type":"ListItem","position":3,"name":"Genie\u00dfen Sie 12000 Z\u00fcge intensiven Traubenaromas kombiniert mit eisiger Frische in der GRAPE ICE BANG TN12000 PUFFS Einweg-E-Zigarette"}]},{"@type":"WebSite","@id":"https:\/\/www.elementvape.de\/#website","url":"https:\/\/www.elementvape.de\/","name":"ElementVape.de","description":"","publisher":{"@id":"https:\/\/www.elementvape.de\/#organization"},"potentialAction":[{"@type":"SearchAction","target":{"@type":"EntryPoint","urlTemplate":"https:\/\/www.elementvape.de\/?s={search_term_string}"},"query-input":"required name=search_term_string"}],"inLanguage":"et"},{"@type":"Organization","@id":"https:\/\/www.elementvape.de\/#organization","name":"ElementVape.DE","url":"https:\/\/www.elementvape.de\/","logo":{"@type":"ImageObject","inLanguage":"et","@id":"https:\/\/www.elementvape.de\/#\/schema\/logo\/image\/","url":"https:\/\/www.elementvape.de\/wp-content\/uploads\/2024\/09\/cropped-1elementvape-3.png","contentUrl":"https:\/\/www.elementvape.de\/wp-content\/uploads\/2024\/09\/cropped-1elementvape-3.png","width":285,"height":228,"caption":"ElementVape.DE"},"image":{"@id":"https:\/\/www.elementvape.de\/#\/schema\/logo\/image\/"}}]}},"_links":{"self":[{"href":"https:\/\/www.elementvape.de\/et\/wp-json\/wp\/v2\/product\/14604"}],"collection":[{"href":"https:\/\/www.elementvape.de\/et\/wp-json\/wp\/v2\/product"}],"about":[{"href":"https:\/\/www.elementvape.de\/et\/wp-json\/wp\/v2\/types\/product"}],"wp:featuredmedia":[{"embeddable":true,"href":"https:\/\/www.elementvape.de\/et\/wp-json\/wp\/v2\/media\/14584"}],"wp:attachment":[{"href":"https:\/\/www.elementvape.de\/et\/wp-json\/wp\/v2\/media?parent=14604"}],"wp:term":[{"taxonomy":"product_cat","embeddable":true,"href":"https:\/\/www.elementvape.de\/et\/wp-json\/wp\/v2\/product_cat?post=14604"},{"taxonomy":"product_tag","embeddable":true,"href":"https:\/\/www.elementvape.de\/et\/wp-json\/wp\/v2\/product_tag?post=14604"}],"curies":[{"name":"wp","href":"https:\/\/api.w.org\/{rel}","templated":true}]}}