{"id":14521,"date":"2024-09-23T02:51:43","date_gmt":"2024-09-23T02:51:43","guid":{"rendered":"https:\/\/www.elementvape.de\/?post_type=product&#038;p=14521"},"modified":"2024-10-10T02:57:01","modified_gmt":"2024-10-10T02:57:01","slug":"geniessen-sie-20000-zuege-voller-erfrischung-und-energie-mit-der-bang-tick-tock-energy-drink-fuer-ein-unvergleichliches-dampferlebnis-das-begeistert","status":"publish","type":"product","link":"https:\/\/www.elementvape.de\/et\/produkt\/geniessen-sie-20000-zuege-voller-erfrischung-und-energie-mit-der-bang-tick-tock-energy-drink-fuer-ein-unvergleichliches-dampferlebnis-das-begeistert\/","title":{"rendered":"Naudi 20000 suitsu v\u00e4rskendava ja energiat andva BANG Tick Tock Energy Drinkiga, pakkudes unustamatut vape-kogemust"},"content":{"rendered":"<h2>BANG Tick Tock 20000 mahvi energiajook: v\u00e4rskendus ja energia \u00fcheskoos<\/h2>\n<p>T\u00e4nap\u00e4eva kiires maailmas on olulisem kui kunagi varem nautida energiat ja v\u00e4rskendust mugaval ja meeldival viisil. BANG Tick Tock 20000 mahvi energiajook toob just selle turule. Selle uuendusliku vape-lahendusega saate nautida klassikalise energiajoogi kihisevat v\u00e4rskust, ilma et peaksite loobuma aurustamise eelistest. Selles artiklis sukeldume selle toote \u00fcksikasjadesse, alates selle ainulaadsest maitsest kuni tehniliste spetsifikatsioonide, eeliste ja kasutajakogemuseni.<\/p>\n<h2>Energia maitse: maitsete plahvatus<\/h2>\n<p>Maitseprofiil<\/p>\n<p>BANG Tick Tock energiajook pakub eristuvat maitseprofiili, mis meenutab populaarset energiajooki. Iga kord, kui te teete mahvi, v\u00f5tab teid vastu kihisev, magus noot, millele j\u00e4rgneb meeldiv, v\u00e4rskendav l\u00f5pp. See kombinatsioon tagab, et maitse pole mitte ainult ahvatlev, vaid ka elavdav \u2013 ideaalne k\u00f5igile, kes vajavad t\u00e4iendavat energias\u00fcsti.<\/p>\n<p>V\u00e4rskendav magusus<\/p>\n<p>Energiajoogi magusad aroomid annavad teile v\u00e4rskuse ja elavuse tunde. See magusus ei ole \u00fcle j\u00f5u k\u00e4iv, vaid tasakaalustatud, nii et saate iga mahviga nautida selget ja meeldivat maitset.<\/p>\n<p>Kergelt hapukad noodid<\/p>\n<p>Lisaks magususele toovad energiajoogi kergelt hapukad noodid maitsele huvitava m\u00f5\u00f5tme. See kompleksus tagab, et aurustamine ei muutu kunagi igavaks ja pakub alati uusi maitseelamusi.<\/p>\n<p>Maitseelamus<\/p>\n<p>BANG Tick Tock energiajoogi aurustamine on midagi enamat kui lihtsalt nauding \u2013 see on elamus. Iga mahviga reisite l\u00e4bi maitseelamuse, mis on nii v\u00e4rskendav kui ka rahuldust pakkuv. Ideaalne pausideks kontoris, \u00f5ppimisel v\u00f5i lihtsalt kodus l\u00f5\u00f5gastumiseks.<\/p>\n<h2>Tehniline peenus: BANG Tick Tocki eelised<\/h2>\n<p>K\u00f5rge puffide maht<\/p>\n<p>Muljetavaldava 20 000 mahvi mahutavusega on BANG Tick Tock \u00fcks kauem kestvaid aurustamistooteid turul. See suur mahvide arv t\u00e4hendab, et te ei pea pidevalt uute seadmete v\u00f5i t\u00e4itepakendite j\u00e4rele vaatama. Olenemata sellest, kas olete palju liikvel v\u00f5i soovite lihtsalt kodus l\u00f5\u00f5gastavat aurustamiskogemust nautida, BANG Tick Tock tagab, et olete alati h\u00e4sti varustatud.<\/p>\n<p>Kauakestev nauding<\/p>\n<p>Suur mahvide mahutavus tagab, et iga kasutaja saab seda toodet pikka aega nautida. V\u00f5ite olla kindel, et te ei pea oma aurustamissessiooni keskel uut padrunit otsima.<\/p>\n<h3>Paindlikkus N-sisalduse osas<\/h3>\n<p>Teine BANG Tick Tocki silmapaistev omadus on v\u00f5imalus valida erineva N-sisalduse vahel. Teil on valida 2% ja 5% N-sisalduse vahel. See paindlikkus on eriti oluline, kuna erinevatel kasutajatel on erinevad eelistused. Olenemata sellest, kas te alles alustate <strong><a href=\"https:\/\/www.elementvape.de\/et\/\" target=\"_blank\" rel=\"noopener\">katsetada<\/a><\/strong> v\u00f5i olete kogenud aurustaja, v\u00f5imaldab nikotiinisisalduse valik teil oma aurustamiskogemust optimaalselt kohandada.<\/p>\n<h3>Kasutajas\u00f5bralik disain<\/h3>\n<p>BANG Tick Tocki disain pole mitte ainult atraktiivne, vaid ka \u00e4\u00e4rmiselt funktsionaalne. V\u00f5imsa 650mAh akuga olete pikkadeks aurustamissessioonideks h\u00e4sti varustatud. C-t\u00fc\u00fcpi laadimisport tagab, et laadimine on kiire ja lihtne. Vaid m\u00f5ne minutiga on teie seade taas t\u00f6\u00f6valmis.<\/p>\n<h4>Kompaktne ja kaasaskantav<\/h4>\n<p>BANG Tick Tocki kompaktne formaat teeb selle ideaalseks igap\u00e4evaseks kasutamiseks. See mahub probleemideta igasse taskusse v\u00f5i seljakotti, nii et saate seda igal pool kaasa v\u00f5tta \u2013 olgu see spordiks, kontorisse v\u00f5i reisile. See kaasaskantavus on suur eelis k\u00f5igile, kes palju liikvel on.<\/p>\n<h2>J\u00e4tkusuutlikkus ja t\u00f5husus<\/h2>\n<p>Resursside s\u00e4\u00e4stmine<\/p>\n<p>T\u00e4nap\u00e4eval on j\u00e4tkusuutlikkus olulisem kui kunagi varem. BANG Tick Tock Energy Drink aitab v\u00e4hendada pr\u00fcgi, kuna t\u00e4nu suurele puff-kapatsiteedile vajate v\u00e4hem sageli uusi seadmeid v\u00f5i t\u00e4iteaineid. See v\u00e4hendab \u00fcldist tarbimist ning avaldab positiivset m\u00f5ju keskkonnale.<\/p>\n<p>T\u00f5hus kasutamine<\/p>\n<p>Nikotinsoola ja arenenud aurustitehnoloogia kasutamisega tagab BANG Tick Tock, et iga t\u00f5mme on optimaalne. V\u00f5ite olla kindel, et naudite kogu maitset ja nikotiinisisaldust, ilma et see kiiresti kuluks.<\/p>\n<h2>Tollivaba ja otsevedu Euroopa Liitu<\/h2>\n<p>Veel \u00fcks eelis BANG Tick Tocki ostmisel <strong><a href=\"https:\/\/www.elementvape.de\/et\/p-tag\/groesser-oder-gleich-20000-zuege\/\" target=\"_blank\" rel=\"noopener\">20000 puffi<\/a><\/strong> Energy Drinki puhul on tollivaba saatmine enamikku Euroopa Liidu riikidesse. See t\u00e4hendab, et te ei pea muretsema lisakulude v\u00f5i keeruliste tollieeskirjade p\u00e4rast. Teie tellimus toimetatakse otse teie aadressile ilma viivitusteta.<\/p>\n<h3>Kiire ja lihtne kohaletoimetamine<\/h3>\n<p>Otsevedu v\u00e4ldib sageli aegan\u00f5udva protsessi kolmandate riikide vahehoidlates. Teie BANG Tick Tock Energy Drink j\u00f5uab kiiresti ja usaldusv\u00e4\u00e4rselt teie k\u00e4tte, v\u00f5imaldades teil kiiresti nautida v\u00e4rskendavat maitset.<\/p>\n<h2>T\u00e4iuslik igaks s\u00fcndmuseks<\/h2>\n<p>BANG Tick Tock 20000 Puffs Energy Drink on ideaalne valik igaks olukorraks. Olgu see t\u00f6\u00f6, \u00f5ppimine v\u00f5i l\u00f5\u00f5gastus \u2013 see vape pakub t\u00e4iuslikku v\u00e4rskendust. See ei ole mitte ainult suurep\u00e4rane valik suveks, vaid sobib kogu aastaringselt.<\/p>\n<p>Ideaalne kaaslane teel olles<\/p>\n<p>Kompaktne suurus ja k\u00f5rge puff-kapatsiteet teevad BANG Tick Tockist ideaalseks kaaslaseks k\u00f5igile, kes palju liikvel on. Olgu see t\u00f6\u00f6le s\u00f5it v\u00f5i v\u00e4ljas\u00f5it \u2013 see toode mahub probleemideta teie taskusse ja on alati k\u00e4ep\u00e4rast, kui vajate v\u00e4rskendust.<\/p>\n<p>Aurustamine elustiilina<\/p>\n<p>Aurustamine on viimastel aastatel muutunud elustiiliks. BANG Tick Tock 20000 Puffs Energy Drink sobib ideaalselt sellesse ellusuhtesse. See ei ole ainult toode, vaid ka kogemus, mis pakub naudingut ja elur\u00f5\u00f5mu.<\/p>\n<p>Sotsiaalsed aspektid aurustamisel<\/p>\n<p>Aurustamine on sageli sotsiaalne tegevus. Olgu see s\u00f5pradega kohtumine v\u00f5i \u00fcritus \u2013 BANG Tick Tock tagab, et olete alati varustatud, kui olete sarnaste huvidega inimestega koos. V\u00e4rskendav maitse sobib suurep\u00e4raselt seltskondlikeks \u00f5htuteks ning pakub vestlusteemadele inspiratsiooni, samal ajal nautides aurustamist.<\/p>\n<h2>Iga aurustaja jaoks vajalik<\/h2>\n<p>Kokkuv\u00f5ttes v\u00f5ib \u00f6elda, et BANG Tick Tock 20000 Puffs Energy Drink on silmapaistev toode, mida ei tohiks puududa \u00fcheski aurustamiskogemuses. Oma unikaalse maitse, suure puff-kapatsiteedi, erinevate nikotiinisisaldustega ja kasutajas\u00f5braliku disainiga on see ideaalne kaaslane k\u00f5igile, kes otsivad v\u00e4rskendavat aurustamiskogemust.<\/p>\n<p>Naudi iga sammu ja lase end v\u00f5luda BANG Tick Tock kvaliteedist ja maitsest. Valmistu sukelduma v\u00e4rskendava ja energiat t\u00e4is maailma ning koge, kuidas aurustamine saab ainulaadseks naudinguks.<\/p>\n<p>Proovi BANG Tick Tock 20000 puffs energiajooki ja lase end v\u00f5luda selle v\u00e4rskendavast maitsest!<\/p>","protected":false},"excerpt":{"rendered":"<p>BANG Tick Tock 20000 Puffs Energy Drink: Erfrischung und Energie in einem In der heutigen schnelllebigen Welt ist es wichtiger denn je, Energie und Erfrischung auf bequeme und angenehme Weise zu genie\u00dfen. Die BANG Tick Tock 20000 Puffs Energy Drink bringt genau das auf den Markt. Mit dieser innovativen Vape-L\u00f6sung k\u00f6nnen Sie die spritzige Frische [&hellip;]<\/p>","protected":false},"featured_media":14508,"template":"","meta":{"inline_featured_image":false},"product_cat":[15,762,739,743,744,755,738,751],"product_tag":[710,725],"tiered_pricing_type":"fixed","tiered_pricing_fixed_rules":{"60":"9.4","110":"8.35","200":"7.31"},"tiered_pricing_percentage_rules":[],"tiered_pricing_minimum":1,"_administrator_tiered_pricing_type":"fixed","_administrator_tiered_pricing_fixed_rules":[],"_editor_tiered_pricing_type":"fixed","_editor_tiered_pricing_fixed_rules":[],"_author_tiered_pricing_type":"fixed","_author_tiered_pricing_fixed_rules":[],"_contributor_tiered_pricing_type":"fixed","_contributor_tiered_pricing_fixed_rules":[],"_subscriber_tiered_pricing_type":"fixed","_subscriber_tiered_pricing_fixed_rules":[],"_customer_tiered_pricing_type":"fixed","_customer_tiered_pricing_fixed_rules":[],"_shop_manager_tiered_pricing_type":"fixed","_shop_manager_tiered_pricing_fixed_rules":[],"_wpseo_manager_tiered_pricing_type":"fixed","_wpseo_manager_tiered_pricing_fixed_rules":[],"_wpseo_editor_tiered_pricing_type":"fixed","_wpseo_editor_tiered_pricing_fixed_rules":[],"_wholesale_customer_tiered_pricing_type":"fixed","_wholesale_customer_tiered_pricing_fixed_rules":[],"_marketer_tiered_pricing_type":"fixed","_marketer_tiered_pricing_fixed_rules":[],"_sales_manager_tiered_pricing_type":"fixed","_sales_manager_tiered_pricing_fixed_rules":[],"_sales_rep_tiered_pricing_type":"fixed","_sales_rep_tiered_pricing_fixed_rules":[],"yoast_head":"<!-- This site is optimized with the Yoast SEO plugin v23.3 - https:\/\/yoast.com\/wordpress\/plugins\/seo\/ -->\n<title>Genie\u00dfen Sie 20000 Z\u00fcge voller Erfrischung und Energie mit der BANG Tick Tock Energy Drink f\u00fcr ein unvergleichliches Dampferlebnis das begeistert | ElementVape.de<\/title>\n<meta name=\"description\" content=\"Wir bieten Genie\u00dfen Sie 20000 Z\u00fcge voller Erfrischung und Energie mit der BANG Tick Tock Energy Drink f\u00fcr ein unvergleichliches Dampferlebnis das begeistert , Elementvape.de akzeptieren Gro\u00df-und Einzelhandel Bestellungen.\" \/>\n<meta name=\"robots\" content=\"index, follow, max-snippet:-1, max-image-preview:large, max-video-preview:-1\" \/>\n<link rel=\"canonical\" href=\"https:\/\/www.elementvape.de\/et\/produkt\/geniessen-sie-20000-zuege-voller-erfrischung-und-energie-mit-der-bang-tick-tock-energy-drink-fuer-ein-unvergleichliches-dampferlebnis-das-begeistert\/\" \/>\n<meta property=\"og:locale\" content=\"et_EE\" \/>\n<meta property=\"og:type\" content=\"article\" \/>\n<meta property=\"og:title\" content=\"Genie\u00dfen Sie 20000 Z\u00fcge voller Erfrischung und Energie mit der BANG Tick Tock Energy Drink f\u00fcr ein unvergleichliches Dampferlebnis das begeistert | ElementVape.de\" \/>\n<meta property=\"og:description\" content=\"Wir bieten Genie\u00dfen Sie 20000 Z\u00fcge voller Erfrischung und Energie mit der BANG Tick Tock Energy Drink f\u00fcr ein unvergleichliches Dampferlebnis das begeistert , Elementvape.de akzeptieren Gro\u00df-und Einzelhandel Bestellungen.\" \/>\n<meta property=\"og:url\" content=\"https:\/\/www.elementvape.de\/et\/produkt\/geniessen-sie-20000-zuege-voller-erfrischung-und-energie-mit-der-bang-tick-tock-energy-drink-fuer-ein-unvergleichliches-dampferlebnis-das-begeistert\/\" \/>\n<meta property=\"og:site_name\" content=\"ElementVape.de\" \/>\n<meta property=\"article:modified_time\" content=\"2024-10-10T02:57:01+00:00\" \/>\n<meta property=\"og:image\" content=\"https:\/\/www.elementvape.de\/wp-content\/uploads\/2024\/09\/Energy-Drink-1-scaled.jpg\" \/>\n\t<meta property=\"og:image:width\" content=\"2560\" \/>\n\t<meta property=\"og:image:height\" content=\"1536\" \/>\n\t<meta property=\"og:image:type\" content=\"image\/jpeg\" \/>\n<meta name=\"twitter:card\" content=\"summary_large_image\" \/>\n<meta name=\"twitter:label1\" content=\"Est. reading time\" \/>\n\t<meta name=\"twitter:data1\" content=\"7 minutit\" \/>\n<script type=\"application\/ld+json\" class=\"yoast-schema-graph\">{\"@context\":\"https:\/\/schema.org\",\"@graph\":[{\"@type\":\"WebPage\",\"@id\":\"https:\/\/www.elementvape.de\/fi\/produkt\/geniessen-sie-20000-zuege-voller-erfrischung-und-energie-mit-der-bang-tick-tock-energy-drink-fuer-ein-unvergleichliches-dampferlebnis-das-begeistert\/\",\"url\":\"https:\/\/www.elementvape.de\/fi\/produkt\/geniessen-sie-20000-zuege-voller-erfrischung-und-energie-mit-der-bang-tick-tock-energy-drink-fuer-ein-unvergleichliches-dampferlebnis-das-begeistert\/\",\"name\":\"Genie\u00dfen Sie 20000 Z\u00fcge voller Erfrischung und Energie mit der BANG Tick Tock Energy Drink f\u00fcr ein unvergleichliches Dampferlebnis das begeistert | ElementVape.de\",\"isPartOf\":{\"@id\":\"https:\/\/www.elementvape.de\/#website\"},\"primaryImageOfPage\":{\"@id\":\"https:\/\/www.elementvape.de\/fi\/produkt\/geniessen-sie-20000-zuege-voller-erfrischung-und-energie-mit-der-bang-tick-tock-energy-drink-fuer-ein-unvergleichliches-dampferlebnis-das-begeistert\/#primaryimage\"},\"image\":{\"@id\":\"https:\/\/www.elementvape.de\/fi\/produkt\/geniessen-sie-20000-zuege-voller-erfrischung-und-energie-mit-der-bang-tick-tock-energy-drink-fuer-ein-unvergleichliches-dampferlebnis-das-begeistert\/#primaryimage\"},\"thumbnailUrl\":\"https:\/\/www.elementvape.de\/wp-content\/uploads\/2024\/09\/Energy-Drink-1-scaled.jpg\",\"datePublished\":\"2024-09-23T02:51:43+00:00\",\"dateModified\":\"2024-10-10T02:57:01+00:00\",\"description\":\"Wir bieten Genie\u00dfen Sie 20000 Z\u00fcge voller Erfrischung und Energie mit der BANG Tick Tock Energy Drink f\u00fcr ein unvergleichliches Dampferlebnis das begeistert , Elementvape.de akzeptieren Gro\u00df-und Einzelhandel Bestellungen.\",\"breadcrumb\":{\"@id\":\"https:\/\/www.elementvape.de\/fi\/produkt\/geniessen-sie-20000-zuege-voller-erfrischung-und-energie-mit-der-bang-tick-tock-energy-drink-fuer-ein-unvergleichliches-dampferlebnis-das-begeistert\/#breadcrumb\"},\"inLanguage\":\"et\",\"potentialAction\":[{\"@type\":\"ReadAction\",\"target\":[\"https:\/\/www.elementvape.de\/fi\/produkt\/geniessen-sie-20000-zuege-voller-erfrischung-und-energie-mit-der-bang-tick-tock-energy-drink-fuer-ein-unvergleichliches-dampferlebnis-das-begeistert\/\"]}]},{\"@type\":\"ImageObject\",\"inLanguage\":\"et\",\"@id\":\"https:\/\/www.elementvape.de\/fi\/produkt\/geniessen-sie-20000-zuege-voller-erfrischung-und-energie-mit-der-bang-tick-tock-energy-drink-fuer-ein-unvergleichliches-dampferlebnis-das-begeistert\/#primaryimage\",\"url\":\"https:\/\/www.elementvape.de\/wp-content\/uploads\/2024\/09\/Energy-Drink-1-scaled.jpg\",\"contentUrl\":\"https:\/\/www.elementvape.de\/wp-content\/uploads\/2024\/09\/Energy-Drink-1-scaled.jpg\",\"width\":2560,\"height\":1536,\"caption\":\"Energy Drink\"},{\"@type\":\"BreadcrumbList\",\"@id\":\"https:\/\/www.elementvape.de\/fi\/produkt\/geniessen-sie-20000-zuege-voller-erfrischung-und-energie-mit-der-bang-tick-tock-energy-drink-fuer-ein-unvergleichliches-dampferlebnis-das-begeistert\/#breadcrumb\",\"itemListElement\":[{\"@type\":\"ListItem\",\"position\":1,\"name\":\"Home\",\"item\":\"https:\/\/www.elementvape.de\/\"},{\"@type\":\"ListItem\",\"position\":2,\"name\":\"Shop\",\"item\":\"https:\/\/www.elementvape.de\/shop\/\"},{\"@type\":\"ListItem\",\"position\":3,\"name\":\"Genie\u00dfen Sie 20000 Z\u00fcge voller Erfrischung und Energie mit der BANG Tick Tock Energy Drink f\u00fcr ein unvergleichliches Dampferlebnis das begeistert\"}]},{\"@type\":\"WebSite\",\"@id\":\"https:\/\/www.elementvape.de\/#website\",\"url\":\"https:\/\/www.elementvape.de\/\",\"name\":\"ElementVape.de\",\"description\":\"\",\"publisher\":{\"@id\":\"https:\/\/www.elementvape.de\/#organization\"},\"potentialAction\":[{\"@type\":\"SearchAction\",\"target\":{\"@type\":\"EntryPoint\",\"urlTemplate\":\"https:\/\/www.elementvape.de\/?s={search_term_string}\"},\"query-input\":\"required name=search_term_string\"}],\"inLanguage\":\"et\"},{\"@type\":\"Organization\",\"@id\":\"https:\/\/www.elementvape.de\/#organization\",\"name\":\"ElementVape.DE\",\"url\":\"https:\/\/www.elementvape.de\/\",\"logo\":{\"@type\":\"ImageObject\",\"inLanguage\":\"et\",\"@id\":\"https:\/\/www.elementvape.de\/#\/schema\/logo\/image\/\",\"url\":\"https:\/\/www.elementvape.de\/wp-content\/uploads\/2024\/09\/cropped-1elementvape-3.png\",\"contentUrl\":\"https:\/\/www.elementvape.de\/wp-content\/uploads\/2024\/09\/cropped-1elementvape-3.png\",\"width\":285,\"height\":228,\"caption\":\"ElementVape.DE\"},\"image\":{\"@id\":\"https:\/\/www.elementvape.de\/#\/schema\/logo\/image\/\"}}]}<\/script>\n<!-- \/ Yoast SEO plugin. -->","yoast_head_json":{"title":"Genie\u00dfen Sie 20000 Z\u00fcge voller Erfrischung und Energie mit der BANG Tick Tock Energy Drink f\u00fcr ein unvergleichliches Dampferlebnis das begeistert | ElementVape.de","description":"Wir bieten Genie\u00dfen Sie 20000 Z\u00fcge voller Erfrischung und Energie mit der BANG Tick Tock Energy Drink f\u00fcr ein unvergleichliches Dampferlebnis das begeistert , Elementvape.de akzeptieren Gro\u00df-und Einzelhandel Bestellungen.","robots":{"index":"index","follow":"follow","max-snippet":"max-snippet:-1","max-image-preview":"max-image-preview:large","max-video-preview":"max-video-preview:-1"},"canonical":"https:\/\/www.elementvape.de\/et\/produkt\/geniessen-sie-20000-zuege-voller-erfrischung-und-energie-mit-der-bang-tick-tock-energy-drink-fuer-ein-unvergleichliches-dampferlebnis-das-begeistert\/","og_locale":"et_EE","og_type":"article","og_title":"Genie\u00dfen Sie 20000 Z\u00fcge voller Erfrischung und Energie mit der BANG Tick Tock Energy Drink f\u00fcr ein unvergleichliches Dampferlebnis das begeistert | ElementVape.de","og_description":"Wir bieten Genie\u00dfen Sie 20000 Z\u00fcge voller Erfrischung und Energie mit der BANG Tick Tock Energy Drink f\u00fcr ein unvergleichliches Dampferlebnis das begeistert , Elementvape.de akzeptieren Gro\u00df-und Einzelhandel Bestellungen.","og_url":"https:\/\/www.elementvape.de\/et\/produkt\/geniessen-sie-20000-zuege-voller-erfrischung-und-energie-mit-der-bang-tick-tock-energy-drink-fuer-ein-unvergleichliches-dampferlebnis-das-begeistert\/","og_site_name":"ElementVape.de","article_modified_time":"2024-10-10T02:57:01+00:00","og_image":[{"width":2560,"height":1536,"url":"https:\/\/www.elementvape.de\/wp-content\/uploads\/2024\/09\/Energy-Drink-1-scaled.jpg","type":"image\/jpeg"}],"twitter_card":"summary_large_image","twitter_misc":{"Est. reading time":"7 minutit"},"schema":{"@context":"https:\/\/schema.org","@graph":[{"@type":"WebPage","@id":"https:\/\/www.elementvape.de\/fi\/produkt\/geniessen-sie-20000-zuege-voller-erfrischung-und-energie-mit-der-bang-tick-tock-energy-drink-fuer-ein-unvergleichliches-dampferlebnis-das-begeistert\/","url":"https:\/\/www.elementvape.de\/fi\/produkt\/geniessen-sie-20000-zuege-voller-erfrischung-und-energie-mit-der-bang-tick-tock-energy-drink-fuer-ein-unvergleichliches-dampferlebnis-das-begeistert\/","name":"Genie\u00dfen Sie 20000 Z\u00fcge voller Erfrischung und Energie mit der BANG Tick Tock Energy Drink f\u00fcr ein unvergleichliches Dampferlebnis das begeistert | ElementVape.de","isPartOf":{"@id":"https:\/\/www.elementvape.de\/#website"},"primaryImageOfPage":{"@id":"https:\/\/www.elementvape.de\/fi\/produkt\/geniessen-sie-20000-zuege-voller-erfrischung-und-energie-mit-der-bang-tick-tock-energy-drink-fuer-ein-unvergleichliches-dampferlebnis-das-begeistert\/#primaryimage"},"image":{"@id":"https:\/\/www.elementvape.de\/fi\/produkt\/geniessen-sie-20000-zuege-voller-erfrischung-und-energie-mit-der-bang-tick-tock-energy-drink-fuer-ein-unvergleichliches-dampferlebnis-das-begeistert\/#primaryimage"},"thumbnailUrl":"https:\/\/www.elementvape.de\/wp-content\/uploads\/2024\/09\/Energy-Drink-1-scaled.jpg","datePublished":"2024-09-23T02:51:43+00:00","dateModified":"2024-10-10T02:57:01+00:00","description":"Wir bieten Genie\u00dfen Sie 20000 Z\u00fcge voller Erfrischung und Energie mit der BANG Tick Tock Energy Drink f\u00fcr ein unvergleichliches Dampferlebnis das begeistert , Elementvape.de akzeptieren Gro\u00df-und Einzelhandel Bestellungen.","breadcrumb":{"@id":"https:\/\/www.elementvape.de\/fi\/produkt\/geniessen-sie-20000-zuege-voller-erfrischung-und-energie-mit-der-bang-tick-tock-energy-drink-fuer-ein-unvergleichliches-dampferlebnis-das-begeistert\/#breadcrumb"},"inLanguage":"et","potentialAction":[{"@type":"ReadAction","target":["https:\/\/www.elementvape.de\/fi\/produkt\/geniessen-sie-20000-zuege-voller-erfrischung-und-energie-mit-der-bang-tick-tock-energy-drink-fuer-ein-unvergleichliches-dampferlebnis-das-begeistert\/"]}]},{"@type":"ImageObject","inLanguage":"et","@id":"https:\/\/www.elementvape.de\/fi\/produkt\/geniessen-sie-20000-zuege-voller-erfrischung-und-energie-mit-der-bang-tick-tock-energy-drink-fuer-ein-unvergleichliches-dampferlebnis-das-begeistert\/#primaryimage","url":"https:\/\/www.elementvape.de\/wp-content\/uploads\/2024\/09\/Energy-Drink-1-scaled.jpg","contentUrl":"https:\/\/www.elementvape.de\/wp-content\/uploads\/2024\/09\/Energy-Drink-1-scaled.jpg","width":2560,"height":1536,"caption":"Energy Drink"},{"@type":"BreadcrumbList","@id":"https:\/\/www.elementvape.de\/fi\/produkt\/geniessen-sie-20000-zuege-voller-erfrischung-und-energie-mit-der-bang-tick-tock-energy-drink-fuer-ein-unvergleichliches-dampferlebnis-das-begeistert\/#breadcrumb","itemListElement":[{"@type":"ListItem","position":1,"name":"Home","item":"https:\/\/www.elementvape.de\/"},{"@type":"ListItem","position":2,"name":"Shop","item":"https:\/\/www.elementvape.de\/shop\/"},{"@type":"ListItem","position":3,"name":"Genie\u00dfen Sie 20000 Z\u00fcge voller Erfrischung und Energie mit der BANG Tick Tock Energy Drink f\u00fcr ein unvergleichliches Dampferlebnis das begeistert"}]},{"@type":"WebSite","@id":"https:\/\/www.elementvape.de\/#website","url":"https:\/\/www.elementvape.de\/","name":"ElementVape.de","description":"","publisher":{"@id":"https:\/\/www.elementvape.de\/#organization"},"potentialAction":[{"@type":"SearchAction","target":{"@type":"EntryPoint","urlTemplate":"https:\/\/www.elementvape.de\/?s={search_term_string}"},"query-input":"required name=search_term_string"}],"inLanguage":"et"},{"@type":"Organization","@id":"https:\/\/www.elementvape.de\/#organization","name":"ElementVape.DE","url":"https:\/\/www.elementvape.de\/","logo":{"@type":"ImageObject","inLanguage":"et","@id":"https:\/\/www.elementvape.de\/#\/schema\/logo\/image\/","url":"https:\/\/www.elementvape.de\/wp-content\/uploads\/2024\/09\/cropped-1elementvape-3.png","contentUrl":"https:\/\/www.elementvape.de\/wp-content\/uploads\/2024\/09\/cropped-1elementvape-3.png","width":285,"height":228,"caption":"ElementVape.DE"},"image":{"@id":"https:\/\/www.elementvape.de\/#\/schema\/logo\/image\/"}}]}},"_links":{"self":[{"href":"https:\/\/www.elementvape.de\/et\/wp-json\/wp\/v2\/product\/14521"}],"collection":[{"href":"https:\/\/www.elementvape.de\/et\/wp-json\/wp\/v2\/product"}],"about":[{"href":"https:\/\/www.elementvape.de\/et\/wp-json\/wp\/v2\/types\/product"}],"wp:featuredmedia":[{"embeddable":true,"href":"https:\/\/www.elementvape.de\/et\/wp-json\/wp\/v2\/media\/14508"}],"wp:attachment":[{"href":"https:\/\/www.elementvape.de\/et\/wp-json\/wp\/v2\/media?parent=14521"}],"wp:term":[{"taxonomy":"product_cat","embeddable":true,"href":"https:\/\/www.elementvape.de\/et\/wp-json\/wp\/v2\/product_cat?post=14521"},{"taxonomy":"product_tag","embeddable":true,"href":"https:\/\/www.elementvape.de\/et\/wp-json\/wp\/v2\/product_tag?post=14521"}],"curies":[{"name":"wp","href":"https:\/\/api.w.org\/{rel}","templated":true}]}}